{"id":15433,"date":"2025-01-23T20:49:04","date_gmt":"2025-01-23T19:49:04","guid":{"rendered":"https:\/\/www.amstelprinting.nl\/winkel\/sin%20categor\u00eda\/canvas-met-baklijst\/"},"modified":"2026-02-18T12:48:40","modified_gmt":"2026-02-18T11:48:40","slug":"lienzo-con-marco-flotante","status":"publish","type":"product","link":"https:\/\/www.amstelprinting.nl\/es\/tienda\/interior\/productos-fotograficos\/lienzo-con-marco-flotante\/","title":{"rendered":"Lienzo con marco flotante"},"content":{"rendered":"<h3>Ventajas<\/h3>\n<ul>\n<li>Marco flotante de madera negra con veta de madera visible<\/li>\n<li>Elecci\u00f3n entre varios formatos y materiales<\/li>\n<li>Se entrega completamente montado<\/li>\n<li>El borde ancho del marco proporciona una apariencia lujosa<\/li>\n<\/ul>\n<p>&nbsp;<\/p>\n<h3>Formatos y material<\/h3>\n<p>El marco flotante viene en un elegante color negro con una veta de madera visible y ofrece una selecci\u00f3n de varios formatos:<\/p>\n<ul>\n<li>40 x 60 cm<\/li>\n<li>50 x 70 cm<\/li>\n<li>60 x 90 cm<\/li>\n<li>100 x 75 cm y;<\/li>\n<li>100 x 150 cm.<\/li>\n<\/ul>\n<p>&nbsp;<\/p>\n<h3>Impresi\u00f3n sobre lienzo<\/h3>\n<p>El lienzo se imprime en una tela de lienzo resistente de 300 gr\/m\u00b2, conocida por su estructura fina y alta durabilidad. Fabricado en algod\u00f3n 100%, este material ofrece un aspecto natural y lujoso, perfecto para resaltar sus obras de arte. La excelente calidad garantiza que sus im\u00e1genes se mantengan vibrantes y n\u00edtidas, con colores intensos que permanecen bellos por mucho tiempo.<\/p>\n<h3>C\u00f3mo colgar un lienzo con marco flotante<\/h3>\n<p>Fijar el bastidor del lienzo a la pared no requiere esfuerzo, especialmente con la ayuda del claro manual de montaje disponible en las descargas. Cada marco flotante est\u00e1 cuidadosamente fabricado para resaltar sus obras de arte con un aspecto refinado. Elija hoy mismo entre nuestros diversos formatos y disfrute de impresiones de alta calidad que durar\u00e1n a\u00f1os.<\/p>\n","protected":false},"excerpt":{"rendered":"<p>A\u00f1ada un toque de sofisticaci\u00f3n a cualquier espacio con nuestro lienzo con marco flotante. La combinaci\u00f3n de materiales de alta calidad y artesan\u00eda garantiza una presentaci\u00f3n visualmente atractiva que hace justicia a sus obras de arte. Nuestro lienzo con marco flotante se imprime con esmero y se tensa a m\u00e1quina, por lo que est\u00e1 listo para colgar de inmediato.<\/p>\n","protected":false},"featured_media":15434,"template":"","meta":{"_et_pb_use_builder":"","_et_pb_old_content":"","_et_gb_content_width":""},"product_brand":[],"product_cat":[545,561],"product_tag":[],"class_list":{"0":"post-15433","1":"product","2":"type-product","3":"status-publish","4":"has-post-thumbnail","6":"product_cat-interior","7":"product_cat-productos-fotograficos","9":"first","10":"instock","11":"taxable","12":"shipping-taxable","13":"purchasable","14":"product-type-simple"},"yoast_head":"<!-- This site is optimized with the Yoast SEO plugin v27.3 - https:\/\/yoast.com\/product\/yoast-seo-wordpress\/ -->\n<title>Lienzo con marco flotante | Amstel Printing<\/title>\n<meta name=\"robots\" content=\"index, follow, max-snippet:-1, max-image-preview:large, max-video-preview:-1\" \/>\n<link rel=\"canonical\" href=\"https:\/\/www.amstelprinting.nl\/es\/tienda\/interior\/productos-fotograficos\/lienzo-con-marco-flotante\/\" \/>\n<meta property=\"og:locale\" content=\"es_ES\" \/>\n<meta property=\"og:type\" content=\"article\" \/>\n<meta property=\"og:title\" content=\"Lienzo con marco flotante | Amstel Printing\" \/>\n<meta property=\"og:description\" content=\"A\u00f1ada un toque de sofisticaci\u00f3n a cualquier espacio con nuestro lienzo con marco flotante. La combinaci\u00f3n de materiales de alta calidad y artesan\u00eda garantiza una presentaci\u00f3n visualmente atractiva que hace justicia a sus obras de arte. Nuestro lienzo con marco flotante se imprime con esmero y se tensa a m\u00e1quina, por lo que est\u00e1 listo para colgar de inmediato.\" \/>\n<meta property=\"og:url\" content=\"https:\/\/www.amstelprinting.nl\/es\/tienda\/interior\/productos-fotograficos\/lienzo-con-marco-flotante\/\" \/>\n<meta property=\"og:site_name\" content=\"Amstel Printing\" \/>\n<meta property=\"article:modified_time\" content=\"2026-02-18T11:48:40+00:00\" \/>\n<meta property=\"og:image\" content=\"https:\/\/www.amstelprinting.nl\/wp-content\/uploads\/Canvas-met-baklijst.jpg\" \/>\n\t<meta property=\"og:image:width\" content=\"700\" \/>\n\t<meta property=\"og:image:height\" content=\"700\" \/>\n\t<meta property=\"og:image:type\" content=\"image\/jpeg\" \/>\n<meta name=\"twitter:card\" content=\"summary_large_image\" \/>\n<meta name=\"twitter:label1\" content=\"Tiempo de lectura\" \/>\n\t<meta name=\"twitter:data1\" content=\"1 minuto\" \/>\n<script type=\"application\/ld+json\" class=\"yoast-schema-graph\">{\"@context\":\"https:\\\/\\\/schema.org\",\"@graph\":[{\"@type\":\"WebPage\",\"@id\":\"https:\\\/\\\/www.amstelprinting.nl\\\/es\\\/tienda\\\/interior\\\/productos-fotograficos\\\/lienzo-con-marco-flotante\\\/\",\"url\":\"https:\\\/\\\/www.amstelprinting.nl\\\/es\\\/tienda\\\/interior\\\/productos-fotograficos\\\/lienzo-con-marco-flotante\\\/\",\"name\":\"Lienzo con marco flotante | Amstel Printing\",\"isPartOf\":{\"@id\":\"https:\\\/\\\/www.amstelprinting.nl\\\/es\\\/#website\"},\"primaryImageOfPage\":{\"@id\":\"https:\\\/\\\/www.amstelprinting.nl\\\/es\\\/tienda\\\/interior\\\/productos-fotograficos\\\/lienzo-con-marco-flotante\\\/#primaryimage\"},\"image\":{\"@id\":\"https:\\\/\\\/www.amstelprinting.nl\\\/es\\\/tienda\\\/interior\\\/productos-fotograficos\\\/lienzo-con-marco-flotante\\\/#primaryimage\"},\"thumbnailUrl\":\"https:\\\/\\\/www.amstelprinting.nl\\\/wp-content\\\/uploads\\\/Canvas-met-baklijst.jpg\",\"datePublished\":\"2025-01-23T19:49:04+00:00\",\"dateModified\":\"2026-02-18T11:48:40+00:00\",\"breadcrumb\":{\"@id\":\"https:\\\/\\\/www.amstelprinting.nl\\\/es\\\/tienda\\\/interior\\\/productos-fotograficos\\\/lienzo-con-marco-flotante\\\/#breadcrumb\"},\"inLanguage\":\"es\",\"potentialAction\":[{\"@type\":\"ReadAction\",\"target\":[\"https:\\\/\\\/www.amstelprinting.nl\\\/es\\\/tienda\\\/interior\\\/productos-fotograficos\\\/lienzo-con-marco-flotante\\\/\"]}]},{\"@type\":\"ImageObject\",\"inLanguage\":\"es\",\"@id\":\"https:\\\/\\\/www.amstelprinting.nl\\\/es\\\/tienda\\\/interior\\\/productos-fotograficos\\\/lienzo-con-marco-flotante\\\/#primaryimage\",\"url\":\"https:\\\/\\\/www.amstelprinting.nl\\\/wp-content\\\/uploads\\\/Canvas-met-baklijst.jpg\",\"contentUrl\":\"https:\\\/\\\/www.amstelprinting.nl\\\/wp-content\\\/uploads\\\/Canvas-met-baklijst.jpg\",\"width\":700,\"height\":700},{\"@type\":\"BreadcrumbList\",\"@id\":\"https:\\\/\\\/www.amstelprinting.nl\\\/es\\\/tienda\\\/interior\\\/productos-fotograficos\\\/lienzo-con-marco-flotante\\\/#breadcrumb\",\"itemListElement\":[{\"@type\":\"ListItem\",\"position\":1,\"name\":\"\",\"item\":\"https:\\\/\\\/www.amstelprinting.nl\\\/es\\\/\"},{\"@type\":\"ListItem\",\"position\":2,\"name\":\"Amstel Printing\",\"item\":\"https:\\\/\\\/www.amstelprinting.nl\\\/es\\\/comercio\\\/\"},{\"@type\":\"ListItem\",\"position\":3,\"name\":\"Interior\",\"item\":\"https:\\\/\\\/www.amstelprinting.nl\\\/es\\\/categor\u00eda\\\/interior\\\/\"},{\"@type\":\"ListItem\",\"position\":4,\"name\":\"Productos fotogr\u00e1ficos\",\"item\":\"https:\\\/\\\/www.amstelprinting.nl\\\/es\\\/categor\u00eda\\\/interior\\\/productos-fotograficos\\\/\"},{\"@type\":\"ListItem\",\"position\":5,\"name\":\"Lienzo con marco flotante\"}]},{\"@type\":\"WebSite\",\"@id\":\"https:\\\/\\\/www.amstelprinting.nl\\\/es\\\/#website\",\"url\":\"https:\\\/\\\/www.amstelprinting.nl\\\/es\\\/\",\"name\":\"Amstel Printing\",\"description\":\"Creating Exposure\",\"publisher\":{\"@id\":\"https:\\\/\\\/www.amstelprinting.nl\\\/es\\\/#organization\"},\"potentialAction\":[{\"@type\":\"SearchAction\",\"target\":{\"@type\":\"EntryPoint\",\"urlTemplate\":\"https:\\\/\\\/www.amstelprinting.nl\\\/es\\\/?s={search_term_string}\"},\"query-input\":{\"@type\":\"PropertyValueSpecification\",\"valueRequired\":true,\"valueName\":\"search_term_string\"}}],\"inLanguage\":\"es\"},{\"@type\":\"Organization\",\"@id\":\"https:\\\/\\\/www.amstelprinting.nl\\\/es\\\/#organization\",\"name\":\"Amstel Printing\",\"url\":\"https:\\\/\\\/www.amstelprinting.nl\\\/es\\\/\",\"logo\":{\"@type\":\"ImageObject\",\"inLanguage\":\"es\",\"@id\":\"https:\\\/\\\/www.amstelprinting.nl\\\/es\\\/#\\\/schema\\\/logo\\\/image\\\/\",\"url\":\"https:\\\/\\\/www.amstelprinting.nl\\\/wp-content\\\/uploads\\\/amstel_printing_logo_clean.png\",\"contentUrl\":\"https:\\\/\\\/www.amstelprinting.nl\\\/wp-content\\\/uploads\\\/amstel_printing_logo_clean.png\",\"width\":324,\"height\":73,\"caption\":\"Amstel Printing\"},\"image\":{\"@id\":\"https:\\\/\\\/www.amstelprinting.nl\\\/es\\\/#\\\/schema\\\/logo\\\/image\\\/\"}}]}<\/script>\n<!-- \/ Yoast SEO plugin. -->","yoast_head_json":{"title":"Lienzo con marco flotante | Amstel Printing","robots":{"index":"index","follow":"follow","max-snippet":"max-snippet:-1","max-image-preview":"max-image-preview:large","max-video-preview":"max-video-preview:-1"},"canonical":"https:\/\/www.amstelprinting.nl\/es\/tienda\/interior\/productos-fotograficos\/lienzo-con-marco-flotante\/","og_locale":"es_ES","og_type":"article","og_title":"Lienzo con marco flotante | Amstel Printing","og_description":"A\u00f1ada un toque de sofisticaci\u00f3n a cualquier espacio con nuestro lienzo con marco flotante. La combinaci\u00f3n de materiales de alta calidad y artesan\u00eda garantiza una presentaci\u00f3n visualmente atractiva que hace justicia a sus obras de arte. Nuestro lienzo con marco flotante se imprime con esmero y se tensa a m\u00e1quina, por lo que est\u00e1 listo para colgar de inmediato.","og_url":"https:\/\/www.amstelprinting.nl\/es\/tienda\/interior\/productos-fotograficos\/lienzo-con-marco-flotante\/","og_site_name":"Amstel Printing","article_modified_time":"2026-02-18T11:48:40+00:00","og_image":[{"width":700,"height":700,"url":"https:\/\/www.amstelprinting.nl\/wp-content\/uploads\/Canvas-met-baklijst.jpg","type":"image\/jpeg"}],"twitter_card":"summary_large_image","twitter_misc":{"Tiempo de lectura":"1 minuto"},"schema":{"@context":"https:\/\/schema.org","@graph":[{"@type":"WebPage","@id":"https:\/\/www.amstelprinting.nl\/es\/tienda\/interior\/productos-fotograficos\/lienzo-con-marco-flotante\/","url":"https:\/\/www.amstelprinting.nl\/es\/tienda\/interior\/productos-fotograficos\/lienzo-con-marco-flotante\/","name":"Lienzo con marco flotante | Amstel Printing","isPartOf":{"@id":"https:\/\/www.amstelprinting.nl\/es\/#website"},"primaryImageOfPage":{"@id":"https:\/\/www.amstelprinting.nl\/es\/tienda\/interior\/productos-fotograficos\/lienzo-con-marco-flotante\/#primaryimage"},"image":{"@id":"https:\/\/www.amstelprinting.nl\/es\/tienda\/interior\/productos-fotograficos\/lienzo-con-marco-flotante\/#primaryimage"},"thumbnailUrl":"https:\/\/www.amstelprinting.nl\/wp-content\/uploads\/Canvas-met-baklijst.jpg","datePublished":"2025-01-23T19:49:04+00:00","dateModified":"2026-02-18T11:48:40+00:00","breadcrumb":{"@id":"https:\/\/www.amstelprinting.nl\/es\/tienda\/interior\/productos-fotograficos\/lienzo-con-marco-flotante\/#breadcrumb"},"inLanguage":"es","potentialAction":[{"@type":"ReadAction","target":["https:\/\/www.amstelprinting.nl\/es\/tienda\/interior\/productos-fotograficos\/lienzo-con-marco-flotante\/"]}]},{"@type":"ImageObject","inLanguage":"es","@id":"https:\/\/www.amstelprinting.nl\/es\/tienda\/interior\/productos-fotograficos\/lienzo-con-marco-flotante\/#primaryimage","url":"https:\/\/www.amstelprinting.nl\/wp-content\/uploads\/Canvas-met-baklijst.jpg","contentUrl":"https:\/\/www.amstelprinting.nl\/wp-content\/uploads\/Canvas-met-baklijst.jpg","width":700,"height":700},{"@type":"BreadcrumbList","@id":"https:\/\/www.amstelprinting.nl\/es\/tienda\/interior\/productos-fotograficos\/lienzo-con-marco-flotante\/#breadcrumb","itemListElement":[{"@type":"ListItem","position":1,"name":"","item":"https:\/\/www.amstelprinting.nl\/es\/"},{"@type":"ListItem","position":2,"name":"Amstel Printing","item":"https:\/\/www.amstelprinting.nl\/es\/comercio\/"},{"@type":"ListItem","position":3,"name":"Interior","item":"https:\/\/www.amstelprinting.nl\/es\/categor\u00eda\/interior\/"},{"@type":"ListItem","position":4,"name":"Productos fotogr\u00e1ficos","item":"https:\/\/www.amstelprinting.nl\/es\/categor\u00eda\/interior\/productos-fotograficos\/"},{"@type":"ListItem","position":5,"name":"Lienzo con marco flotante"}]},{"@type":"WebSite","@id":"https:\/\/www.amstelprinting.nl\/es\/#website","url":"https:\/\/www.amstelprinting.nl\/es\/","name":"Amstel Printing","description":"Creating Exposure","publisher":{"@id":"https:\/\/www.amstelprinting.nl\/es\/#organization"},"potentialAction":[{"@type":"SearchAction","target":{"@type":"EntryPoint","urlTemplate":"https:\/\/www.amstelprinting.nl\/es\/?s={search_term_string}"},"query-input":{"@type":"PropertyValueSpecification","valueRequired":true,"valueName":"search_term_string"}}],"inLanguage":"es"},{"@type":"Organization","@id":"https:\/\/www.amstelprinting.nl\/es\/#organization","name":"Amstel Printing","url":"https:\/\/www.amstelprinting.nl\/es\/","logo":{"@type":"ImageObject","inLanguage":"es","@id":"https:\/\/www.amstelprinting.nl\/es\/#\/schema\/logo\/image\/","url":"https:\/\/www.amstelprinting.nl\/wp-content\/uploads\/amstel_printing_logo_clean.png","contentUrl":"https:\/\/www.amstelprinting.nl\/wp-content\/uploads\/amstel_printing_logo_clean.png","width":324,"height":73,"caption":"Amstel Printing"},"image":{"@id":"https:\/\/www.amstelprinting.nl\/es\/#\/schema\/logo\/image\/"}}]}},"_links":{"self":[{"href":"https:\/\/www.amstelprinting.nl\/es\/wp-json\/wp\/v2\/product\/15433","targetHints":{"allow":["GET"]}}],"collection":[{"href":"https:\/\/www.amstelprinting.nl\/es\/wp-json\/wp\/v2\/product"}],"about":[{"href":"https:\/\/www.amstelprinting.nl\/es\/wp-json\/wp\/v2\/types\/product"}],"wp:featuredmedia":[{"embeddable":true,"href":"https:\/\/www.amstelprinting.nl\/es\/wp-json\/wp\/v2\/media\/15434"}],"wp:attachment":[{"href":"https:\/\/www.amstelprinting.nl\/es\/wp-json\/wp\/v2\/media?parent=15433"}],"wp:term":[{"taxonomy":"product_brand","embeddable":true,"href":"https:\/\/www.amstelprinting.nl\/es\/wp-json\/wp\/v2\/product_brand?post=15433"},{"taxonomy":"product_cat","embeddable":true,"href":"https:\/\/www.amstelprinting.nl\/es\/wp-json\/wp\/v2\/product_cat?post=15433"},{"taxonomy":"product_tag","embeddable":true,"href":"https:\/\/www.amstelprinting.nl\/es\/wp-json\/wp\/v2\/product_tag?post=15433"}],"curies":[{"name":"wp","href":"https:\/\/api.w.org\/{rel}","templated":true}]}}