{"id":15447,"date":"2025-01-23T20:48:57","date_gmt":"2025-01-23T19:48:57","guid":{"rendered":"https:\/\/www.amstelprinting.nl\/winkel\/sin%20categor\u00eda\/foto-op-canvas\/"},"modified":"2026-02-18T12:48:41","modified_gmt":"2026-02-18T11:48:41","slug":"foto-en-lienzo","status":"publish","type":"product","link":"https:\/\/www.amstelprinting.nl\/es\/tienda\/interior\/productos-fotograficos\/foto-en-lienzo\/","title":{"rendered":"Foto en lienzo"},"content":{"rendered":"<h3>Pedir foto en lienzo<\/h3>\n<p>Transforme sus fotos favoritas en hermosas obras de arte con nuestra foto en lienzo econ\u00f3mica y de alta calidad. Ya sea un recuerdo especial, un paisaje impresionante o una cita inspiradora, nuestras impresiones en lienzo ofrecen la forma perfecta de dar a sus mejores momentos un lugar duradero. Configure su foto en lienzo en unos pocos pasos a continuaci\u00f3n.<\/p>\n<h3>\u00bfPor qu\u00e9 imprimir una foto en lienzo?<\/h3>\n<ul>\n<li>Hecho de 100% algod\u00f3n para una apariencia natural y lujosa<\/li>\n<li>Extra econ\u00f3mico gracias a 17 tama\u00f1os est\u00e1ndar<\/li>\n<li>F\u00e1cil de tensar con cu\u00f1as de madera<\/li>\n<li>Se entrega con sistema de suspensi\u00f3n incluido<\/li>\n<li>Madera procedente de bosques gestionados de forma sostenible (certificaci\u00f3n PEFC y FSC)<\/li>\n<li>Disponible en 17 tama\u00f1os<\/li>\n<li>Se entrega completamente montado<\/li>\n<\/ul>\n<p>&nbsp;<\/p>\n<h3>Formatos y material<\/h3>\n<p>Ofrecemos este producto en 17 tama\u00f1os fijos. Desde 20 x 20 cm hasta 150 x 100 cm. Puede elegir entre orientaciones cuadradas, verticales u horizontales. Una foto en lienzo se imprime en tela de lienzo de 300 gr\/m\u00b2. Esta tela se distingue por su estructura fina y alta durabilidad. El lienzo est\u00e1 hecho de 100% algod\u00f3n, lo que garantiza un aspecto natural y lujoso, adem\u00e1s de una excelente reproducci\u00f3n del color. La calidad del lienzo tambi\u00e9n asegura que sus im\u00e1genes se mantengan vibrantes y n\u00edtidas. Colores intensos que resistir\u00e1n el paso del tiempo.<\/p>\n<h3>Acabados<\/h3>\n<p>Cada foto en lienzo se entrega completamente montada. Incluimos un sistema de suspensi\u00f3n de serie, lo que hace que colgar su lienzo sea sencillo y sin complicaciones. Tensamos la tela mec\u00e1nicamente sobre un robusto bastidor de madera de 18 mm de grosor, lo que proporciona una apariencia elegante y esbelta. Este bastidor no solo aporta estabilidad, sino que tambi\u00e9n facilita colgar el lienzo en la pared. Tenga en cuenta que el bastidor requiere un margen de 3 cm. Esto garantiza que su imagen siempre aparezca bien centrada en el lienzo.<\/p>\n<p>D\u00e9 vida a sus recuerdos e im\u00e1genes favoritas con nuestra foto en lienzo y a\u00f1ada un toque art\u00edstico a cualquier espacio interior. Pida hoy mismo su foto en lienzo y convierta sus recuerdos en arte atemporal para sus paredes.<\/p>\n<h3>Preguntas frecuentes<\/h3>\n<p><strong>\u00bfC\u00f3mo se utilizan las cu\u00f1as de madera?<\/strong><br \/>\nCon las cu\u00f1as de madera puede tensar bien la tela para que no aparezcan arrugas ni pliegues. Esto asegura una presentaci\u00f3n perfecta de su imagen.<\/p>\n<p><strong>\u00bfCu\u00e1nto espacio adicional debe dejar?<\/strong><br \/>\nPara un bastidor de 18 mm, debe tener en cuenta un margen de 3 cm. Para un bastidor de 38 mm, el margen es de 4,5 cm. Esto asegura que su imagen permanezca perfectamente centrada en el lienzo.<\/p>\n<p><strong>\u00bfQu\u00e9 t\u00e9cnica de producci\u00f3n utilizamos para este material?<\/strong><br \/>\nUtilizamos la t\u00e9cnica de impresi\u00f3n UV. En este proceso, la tinta se cura mediante una l\u00e1mpara UV, lo que la hace resistente a los ara\u00f1azos y ofrece un resultado magn\u00edfico. Adem\u00e1s, la tinta es resistente a los rayos UV, lo que significa que su impresi\u00f3n tambi\u00e9n es apta para aplicaciones en exteriores. Tenga en cuenta que la impresi\u00f3n no es inodora; el olor desaparecer\u00e1 con el tiempo.<\/p>\n","protected":false},"excerpt":{"rendered":"<h3>Una foto en lienzo le da a su foto un aspecto pict\u00f3rico.<\/h3>\n<p>El producto se entrega listo para usar (la foto ya viene totalmente montada sobre un bastidor de madera). Y gracias a las certificaciones PEFC y FSC, el bastidor de madera es tambi\u00e9n un producto sostenible. Cuelgue la foto en lienzo de forma r\u00e1pida y sencilla con el sistema de suspensi\u00f3n incluido. Podemos ofrecer fotos en lienzo a un precio muy econ\u00f3mico gracias a los tama\u00f1os est\u00e1ndar fijos (17 dimensiones diferentes).<\/p>\n","protected":false},"featured_media":15449,"template":"","meta":{"_et_pb_use_builder":"","_et_pb_old_content":"","_et_gb_content_width":""},"product_brand":[],"product_cat":[545,561],"product_tag":[],"class_list":{"0":"post-15447","1":"product","2":"type-product","3":"status-publish","4":"has-post-thumbnail","6":"product_cat-interior","7":"product_cat-productos-fotograficos","9":"first","10":"instock","11":"taxable","12":"shipping-taxable","13":"purchasable","14":"product-type-simple"},"yoast_head":"<!-- This site is optimized with the Yoast SEO plugin v27.3 - https:\/\/yoast.com\/product\/yoast-seo-wordpress\/ -->\n<title>Foto en lienzo | Amstel Printing<\/title>\n<meta name=\"robots\" content=\"index, follow, max-snippet:-1, max-image-preview:large, max-video-preview:-1\" \/>\n<link rel=\"canonical\" href=\"https:\/\/www.amstelprinting.nl\/es\/tienda\/interior\/productos-fotograficos\/foto-en-lienzo\/\" \/>\n<meta property=\"og:locale\" content=\"es_ES\" \/>\n<meta property=\"og:type\" content=\"article\" \/>\n<meta property=\"og:title\" content=\"Foto en lienzo | Amstel Printing\" \/>\n<meta property=\"og:description\" content=\"Una foto en lienzo le da a su foto un aspecto pict\u00f3rico. El producto se entrega listo para usar (la foto ya viene totalmente montada sobre un bastidor de madera). Y gracias a las certificaciones PEFC y FSC, el bastidor de madera es tambi\u00e9n un producto sostenible. Cuelgue la foto en lienzo de forma r\u00e1pida y sencilla con el sistema de suspensi\u00f3n incluido. Podemos ofrecer fotos en lienzo a un precio muy econ\u00f3mico gracias a los tama\u00f1os est\u00e1ndar fijos (17 dimensiones diferentes).\" \/>\n<meta property=\"og:url\" content=\"https:\/\/www.amstelprinting.nl\/es\/tienda\/interior\/productos-fotograficos\/foto-en-lienzo\/\" \/>\n<meta property=\"og:site_name\" content=\"Amstel Printing\" \/>\n<meta property=\"article:modified_time\" content=\"2026-02-18T11:48:41+00:00\" \/>\n<meta property=\"og:image\" content=\"https:\/\/www.amstelprinting.nl\/wp-content\/uploads\/Foto-op-canvas-1.jpg\" \/>\n\t<meta property=\"og:image:width\" content=\"700\" \/>\n\t<meta property=\"og:image:height\" content=\"700\" \/>\n\t<meta property=\"og:image:type\" content=\"image\/jpeg\" \/>\n<meta name=\"twitter:card\" content=\"summary_large_image\" \/>\n<meta name=\"twitter:label1\" content=\"Tiempo de lectura\" \/>\n\t<meta name=\"twitter:data1\" content=\"3 minutos\" \/>\n<script type=\"application\/ld+json\" class=\"yoast-schema-graph\">{\"@context\":\"https:\\\/\\\/schema.org\",\"@graph\":[{\"@type\":\"WebPage\",\"@id\":\"https:\\\/\\\/www.amstelprinting.nl\\\/es\\\/tienda\\\/interior\\\/productos-fotograficos\\\/foto-en-lienzo\\\/\",\"url\":\"https:\\\/\\\/www.amstelprinting.nl\\\/es\\\/tienda\\\/interior\\\/productos-fotograficos\\\/foto-en-lienzo\\\/\",\"name\":\"Foto en lienzo | Amstel Printing\",\"isPartOf\":{\"@id\":\"https:\\\/\\\/www.amstelprinting.nl\\\/es\\\/#website\"},\"primaryImageOfPage\":{\"@id\":\"https:\\\/\\\/www.amstelprinting.nl\\\/es\\\/tienda\\\/interior\\\/productos-fotograficos\\\/foto-en-lienzo\\\/#primaryimage\"},\"image\":{\"@id\":\"https:\\\/\\\/www.amstelprinting.nl\\\/es\\\/tienda\\\/interior\\\/productos-fotograficos\\\/foto-en-lienzo\\\/#primaryimage\"},\"thumbnailUrl\":\"https:\\\/\\\/www.amstelprinting.nl\\\/wp-content\\\/uploads\\\/Foto-op-canvas-1.jpg\",\"datePublished\":\"2025-01-23T19:48:57+00:00\",\"dateModified\":\"2026-02-18T11:48:41+00:00\",\"breadcrumb\":{\"@id\":\"https:\\\/\\\/www.amstelprinting.nl\\\/es\\\/tienda\\\/interior\\\/productos-fotograficos\\\/foto-en-lienzo\\\/#breadcrumb\"},\"inLanguage\":\"es\",\"potentialAction\":[{\"@type\":\"ReadAction\",\"target\":[\"https:\\\/\\\/www.amstelprinting.nl\\\/es\\\/tienda\\\/interior\\\/productos-fotograficos\\\/foto-en-lienzo\\\/\"]}]},{\"@type\":\"ImageObject\",\"inLanguage\":\"es\",\"@id\":\"https:\\\/\\\/www.amstelprinting.nl\\\/es\\\/tienda\\\/interior\\\/productos-fotograficos\\\/foto-en-lienzo\\\/#primaryimage\",\"url\":\"https:\\\/\\\/www.amstelprinting.nl\\\/wp-content\\\/uploads\\\/Foto-op-canvas-1.jpg\",\"contentUrl\":\"https:\\\/\\\/www.amstelprinting.nl\\\/wp-content\\\/uploads\\\/Foto-op-canvas-1.jpg\",\"width\":700,\"height\":700},{\"@type\":\"BreadcrumbList\",\"@id\":\"https:\\\/\\\/www.amstelprinting.nl\\\/es\\\/tienda\\\/interior\\\/productos-fotograficos\\\/foto-en-lienzo\\\/#breadcrumb\",\"itemListElement\":[{\"@type\":\"ListItem\",\"position\":1,\"name\":\"\",\"item\":\"https:\\\/\\\/www.amstelprinting.nl\\\/es\\\/\"},{\"@type\":\"ListItem\",\"position\":2,\"name\":\"Amstel Printing\",\"item\":\"https:\\\/\\\/www.amstelprinting.nl\\\/es\\\/comercio\\\/\"},{\"@type\":\"ListItem\",\"position\":3,\"name\":\"Interior\",\"item\":\"https:\\\/\\\/www.amstelprinting.nl\\\/es\\\/categor\u00eda\\\/interior\\\/\"},{\"@type\":\"ListItem\",\"position\":4,\"name\":\"Productos fotogr\u00e1ficos\",\"item\":\"https:\\\/\\\/www.amstelprinting.nl\\\/es\\\/categor\u00eda\\\/interior\\\/productos-fotograficos\\\/\"},{\"@type\":\"ListItem\",\"position\":5,\"name\":\"Foto en lienzo\"}]},{\"@type\":\"WebSite\",\"@id\":\"https:\\\/\\\/www.amstelprinting.nl\\\/es\\\/#website\",\"url\":\"https:\\\/\\\/www.amstelprinting.nl\\\/es\\\/\",\"name\":\"Amstel Printing\",\"description\":\"Creating Exposure\",\"publisher\":{\"@id\":\"https:\\\/\\\/www.amstelprinting.nl\\\/es\\\/#organization\"},\"potentialAction\":[{\"@type\":\"SearchAction\",\"target\":{\"@type\":\"EntryPoint\",\"urlTemplate\":\"https:\\\/\\\/www.amstelprinting.nl\\\/es\\\/?s={search_term_string}\"},\"query-input\":{\"@type\":\"PropertyValueSpecification\",\"valueRequired\":true,\"valueName\":\"search_term_string\"}}],\"inLanguage\":\"es\"},{\"@type\":\"Organization\",\"@id\":\"https:\\\/\\\/www.amstelprinting.nl\\\/es\\\/#organization\",\"name\":\"Amstel Printing\",\"url\":\"https:\\\/\\\/www.amstelprinting.nl\\\/es\\\/\",\"logo\":{\"@type\":\"ImageObject\",\"inLanguage\":\"es\",\"@id\":\"https:\\\/\\\/www.amstelprinting.nl\\\/es\\\/#\\\/schema\\\/logo\\\/image\\\/\",\"url\":\"https:\\\/\\\/www.amstelprinting.nl\\\/wp-content\\\/uploads\\\/amstel_printing_logo_clean.png\",\"contentUrl\":\"https:\\\/\\\/www.amstelprinting.nl\\\/wp-content\\\/uploads\\\/amstel_printing_logo_clean.png\",\"width\":324,\"height\":73,\"caption\":\"Amstel Printing\"},\"image\":{\"@id\":\"https:\\\/\\\/www.amstelprinting.nl\\\/es\\\/#\\\/schema\\\/logo\\\/image\\\/\"}}]}<\/script>\n<!-- \/ Yoast SEO plugin. -->","yoast_head_json":{"title":"Foto en lienzo | Amstel Printing","robots":{"index":"index","follow":"follow","max-snippet":"max-snippet:-1","max-image-preview":"max-image-preview:large","max-video-preview":"max-video-preview:-1"},"canonical":"https:\/\/www.amstelprinting.nl\/es\/tienda\/interior\/productos-fotograficos\/foto-en-lienzo\/","og_locale":"es_ES","og_type":"article","og_title":"Foto en lienzo | Amstel Printing","og_description":"Una foto en lienzo le da a su foto un aspecto pict\u00f3rico. El producto se entrega listo para usar (la foto ya viene totalmente montada sobre un bastidor de madera). Y gracias a las certificaciones PEFC y FSC, el bastidor de madera es tambi\u00e9n un producto sostenible. Cuelgue la foto en lienzo de forma r\u00e1pida y sencilla con el sistema de suspensi\u00f3n incluido. Podemos ofrecer fotos en lienzo a un precio muy econ\u00f3mico gracias a los tama\u00f1os est\u00e1ndar fijos (17 dimensiones diferentes).","og_url":"https:\/\/www.amstelprinting.nl\/es\/tienda\/interior\/productos-fotograficos\/foto-en-lienzo\/","og_site_name":"Amstel Printing","article_modified_time":"2026-02-18T11:48:41+00:00","og_image":[{"width":700,"height":700,"url":"https:\/\/www.amstelprinting.nl\/wp-content\/uploads\/Foto-op-canvas-1.jpg","type":"image\/jpeg"}],"twitter_card":"summary_large_image","twitter_misc":{"Tiempo de lectura":"3 minutos"},"schema":{"@context":"https:\/\/schema.org","@graph":[{"@type":"WebPage","@id":"https:\/\/www.amstelprinting.nl\/es\/tienda\/interior\/productos-fotograficos\/foto-en-lienzo\/","url":"https:\/\/www.amstelprinting.nl\/es\/tienda\/interior\/productos-fotograficos\/foto-en-lienzo\/","name":"Foto en lienzo | Amstel Printing","isPartOf":{"@id":"https:\/\/www.amstelprinting.nl\/es\/#website"},"primaryImageOfPage":{"@id":"https:\/\/www.amstelprinting.nl\/es\/tienda\/interior\/productos-fotograficos\/foto-en-lienzo\/#primaryimage"},"image":{"@id":"https:\/\/www.amstelprinting.nl\/es\/tienda\/interior\/productos-fotograficos\/foto-en-lienzo\/#primaryimage"},"thumbnailUrl":"https:\/\/www.amstelprinting.nl\/wp-content\/uploads\/Foto-op-canvas-1.jpg","datePublished":"2025-01-23T19:48:57+00:00","dateModified":"2026-02-18T11:48:41+00:00","breadcrumb":{"@id":"https:\/\/www.amstelprinting.nl\/es\/tienda\/interior\/productos-fotograficos\/foto-en-lienzo\/#breadcrumb"},"inLanguage":"es","potentialAction":[{"@type":"ReadAction","target":["https:\/\/www.amstelprinting.nl\/es\/tienda\/interior\/productos-fotograficos\/foto-en-lienzo\/"]}]},{"@type":"ImageObject","inLanguage":"es","@id":"https:\/\/www.amstelprinting.nl\/es\/tienda\/interior\/productos-fotograficos\/foto-en-lienzo\/#primaryimage","url":"https:\/\/www.amstelprinting.nl\/wp-content\/uploads\/Foto-op-canvas-1.jpg","contentUrl":"https:\/\/www.amstelprinting.nl\/wp-content\/uploads\/Foto-op-canvas-1.jpg","width":700,"height":700},{"@type":"BreadcrumbList","@id":"https:\/\/www.amstelprinting.nl\/es\/tienda\/interior\/productos-fotograficos\/foto-en-lienzo\/#breadcrumb","itemListElement":[{"@type":"ListItem","position":1,"name":"","item":"https:\/\/www.amstelprinting.nl\/es\/"},{"@type":"ListItem","position":2,"name":"Amstel Printing","item":"https:\/\/www.amstelprinting.nl\/es\/comercio\/"},{"@type":"ListItem","position":3,"name":"Interior","item":"https:\/\/www.amstelprinting.nl\/es\/categor\u00eda\/interior\/"},{"@type":"ListItem","position":4,"name":"Productos fotogr\u00e1ficos","item":"https:\/\/www.amstelprinting.nl\/es\/categor\u00eda\/interior\/productos-fotograficos\/"},{"@type":"ListItem","position":5,"name":"Foto en lienzo"}]},{"@type":"WebSite","@id":"https:\/\/www.amstelprinting.nl\/es\/#website","url":"https:\/\/www.amstelprinting.nl\/es\/","name":"Amstel Printing","description":"Creating Exposure","publisher":{"@id":"https:\/\/www.amstelprinting.nl\/es\/#organization"},"potentialAction":[{"@type":"SearchAction","target":{"@type":"EntryPoint","urlTemplate":"https:\/\/www.amstelprinting.nl\/es\/?s={search_term_string}"},"query-input":{"@type":"PropertyValueSpecification","valueRequired":true,"valueName":"search_term_string"}}],"inLanguage":"es"},{"@type":"Organization","@id":"https:\/\/www.amstelprinting.nl\/es\/#organization","name":"Amstel Printing","url":"https:\/\/www.amstelprinting.nl\/es\/","logo":{"@type":"ImageObject","inLanguage":"es","@id":"https:\/\/www.amstelprinting.nl\/es\/#\/schema\/logo\/image\/","url":"https:\/\/www.amstelprinting.nl\/wp-content\/uploads\/amstel_printing_logo_clean.png","contentUrl":"https:\/\/www.amstelprinting.nl\/wp-content\/uploads\/amstel_printing_logo_clean.png","width":324,"height":73,"caption":"Amstel Printing"},"image":{"@id":"https:\/\/www.amstelprinting.nl\/es\/#\/schema\/logo\/image\/"}}]}},"_links":{"self":[{"href":"https:\/\/www.amstelprinting.nl\/es\/wp-json\/wp\/v2\/product\/15447","targetHints":{"allow":["GET"]}}],"collection":[{"href":"https:\/\/www.amstelprinting.nl\/es\/wp-json\/wp\/v2\/product"}],"about":[{"href":"https:\/\/www.amstelprinting.nl\/es\/wp-json\/wp\/v2\/types\/product"}],"wp:featuredmedia":[{"embeddable":true,"href":"https:\/\/www.amstelprinting.nl\/es\/wp-json\/wp\/v2\/media\/15449"}],"wp:attachment":[{"href":"https:\/\/www.amstelprinting.nl\/es\/wp-json\/wp\/v2\/media?parent=15447"}],"wp:term":[{"taxonomy":"product_brand","embeddable":true,"href":"https:\/\/www.amstelprinting.nl\/es\/wp-json\/wp\/v2\/product_brand?post=15447"},{"taxonomy":"product_cat","embeddable":true,"href":"https:\/\/www.amstelprinting.nl\/es\/wp-json\/wp\/v2\/product_cat?post=15447"},{"taxonomy":"product_tag","embeddable":true,"href":"https:\/\/www.amstelprinting.nl\/es\/wp-json\/wp\/v2\/product_tag?post=15447"}],"curies":[{"name":"wp","href":"https:\/\/api.w.org\/{rel}","templated":true}]}}