{"id":15458,"date":"2025-01-23T20:48:47","date_gmt":"2025-01-23T19:48:47","guid":{"rendered":"https:\/\/www.amstelprinting.nl\/winkel\/sin%20categor\u00eda\/outdoor-vloermat\/"},"modified":"2026-02-18T12:48:41","modified_gmt":"2026-02-18T11:48:41","slug":"felpudo-de-exterior","status":"publish","type":"product","link":"https:\/\/www.amstelprinting.nl\/es\/tienda\/interior\/exterior\/felpudo-de-exterior\/","title":{"rendered":"Felpudo de exterior"},"content":{"rendered":"<h3>Impresi\u00f3n de felpudos de exterior<\/h3>\n<p>Nuestros felpudos resistentes a la intemperie garantizan una c\u00e1lida bienvenida. El felpudo de exterior retiene la humedad y la suciedad y puede personalizarse totalmente seg\u00fan sus deseos. \u00a1Una funci\u00f3n pr\u00e1ctica y promocional en uno!<\/p>\n<h3>Ventajas<\/h3>\n<ul>\n<li>Especialmente dise\u00f1ado para uso en exteriores<\/li>\n<li>Mantiene la suciedad y la humedad fuera y los suelos interiores limpios<\/li>\n<li>Excelentes propiedades antideslizantes<\/li>\n<li>Fabricado con material 100% reciclable y resistente al desgaste<\/li>\n<li>Totalmente a medida: elija su propio formato, forma e impresi\u00f3n<\/li>\n<\/ul>\n<p>&nbsp;<\/p>\n<h3>Felpudos de exterior: material de alta calidad<\/h3>\n<p>Elija usted mismo el <strong>tama\u00f1o, la forma y la impresi\u00f3n<\/strong> de estos magn\u00edficos felpudos de exterior. Las alfombras son <strong>100% reciclables<\/strong> y, por tanto, muy sostenibles. Estos felpudos de exterior mantienen la humedad y la suciedad fuera, manteniendo limpios los suelos de los espacios interiores.<\/p>\n<h3>Acabado de los felpudos de exterior<\/h3>\n<p>Los felpudos de exterior est\u00e1n fabricados con un material denominado <strong>resistente al corte<\/strong>, por lo que no es necesario un remate de los bordes. Ideal para uso en exteriores y perfecto como felpudo duradero y personalizado.<\/p>\n<h3>Consejos de dise\u00f1o: asegure el contraste en el dise\u00f1o<\/h3>\n<p>Debido a la estructura rugosa del felpudo de exterior, los dise\u00f1os detallados se aprecian con menos fuerza. Por lo tanto, aseg\u00farese de utilizar colores que contrasten fuertemente en el dise\u00f1o. No recomendamos las letras peque\u00f1as y, para mejorar la legibilidad, aconsejamos un grosor de letra m\u00ednimo de 1 cm.<\/p>\n","protected":false},"excerpt":{"rendered":"<h3>Felpudos de exterior: duraderos, elegantes y a medida<\/h3>\n<p>Nuestros <strong>felpudos de exterior<\/strong> son una adici\u00f3n valiosa (promocional y extremadamente funcional) para cualquier espacio al aire libre. Nuestros felpudos de exterior est\u00e1n fabricados con material de alta calidad resistente al desgaste. Esto garantiza una larga vida \u00fatil, incluso con un uso intensivo. Gracias al alto valor <strong>antideslizante<\/strong>, se mantienen seguros en su lugar, independientemente de las condiciones meteorol\u00f3gicas. Pida el felpudo de exterior con <strong>su propia impresi\u00f3n<\/strong> en el formato o forma que prefiera.<\/p>\n","protected":false},"featured_media":15459,"template":"","meta":{"_et_pb_use_builder":"","_et_pb_old_content":"","_et_gb_content_width":""},"product_brand":[],"product_cat":[556,545],"product_tag":[],"class_list":{"0":"post-15458","1":"product","2":"type-product","3":"status-publish","4":"has-post-thumbnail","6":"product_cat-exterior","7":"product_cat-interior","9":"first","10":"instock","11":"taxable","12":"shipping-taxable","13":"purchasable","14":"product-type-simple"},"yoast_head":"<!-- This site is optimized with the Yoast SEO plugin v27.3 - https:\/\/yoast.com\/product\/yoast-seo-wordpress\/ -->\n<title>Felpudo de exterior | Amstel Printing<\/title>\n<meta name=\"robots\" content=\"index, follow, max-snippet:-1, max-image-preview:large, max-video-preview:-1\" \/>\n<link rel=\"canonical\" href=\"https:\/\/www.amstelprinting.nl\/es\/tienda\/interior\/exterior\/felpudo-de-exterior\/\" \/>\n<meta property=\"og:locale\" content=\"es_ES\" \/>\n<meta property=\"og:type\" content=\"article\" \/>\n<meta property=\"og:title\" content=\"Felpudo de exterior | Amstel Printing\" \/>\n<meta property=\"og:description\" content=\"Felpudos de exterior: duraderos, elegantes y a medida Nuestros felpudos de exterior son una adici\u00f3n valiosa (promocional y extremadamente funcional) para cualquier espacio al aire libre. Nuestros felpudos de exterior est\u00e1n fabricados con material de alta calidad resistente al desgaste. Esto garantiza una larga vida \u00fatil, incluso con un uso intensivo. Gracias al alto valor antideslizante, se mantienen seguros en su lugar, independientemente de las condiciones meteorol\u00f3gicas. Pida el felpudo de exterior con su propia impresi\u00f3n en el formato o forma que prefiera.\" \/>\n<meta property=\"og:url\" content=\"https:\/\/www.amstelprinting.nl\/es\/tienda\/interior\/exterior\/felpudo-de-exterior\/\" \/>\n<meta property=\"og:site_name\" content=\"Amstel Printing\" \/>\n<meta property=\"article:modified_time\" content=\"2026-02-18T11:48:41+00:00\" \/>\n<meta property=\"og:image\" content=\"https:\/\/www.amstelprinting.nl\/wp-content\/uploads\/Outdoor-vloermat-1.jpg\" \/>\n\t<meta property=\"og:image:width\" content=\"700\" \/>\n\t<meta property=\"og:image:height\" content=\"700\" \/>\n\t<meta property=\"og:image:type\" content=\"image\/jpeg\" \/>\n<meta name=\"twitter:card\" content=\"summary_large_image\" \/>\n<meta name=\"twitter:label1\" content=\"Tiempo de lectura\" \/>\n\t<meta name=\"twitter:data1\" content=\"1 minuto\" \/>\n<script type=\"application\/ld+json\" class=\"yoast-schema-graph\">{\"@context\":\"https:\\\/\\\/schema.org\",\"@graph\":[{\"@type\":\"WebPage\",\"@id\":\"https:\\\/\\\/www.amstelprinting.nl\\\/es\\\/tienda\\\/interior\\\/exterior\\\/felpudo-de-exterior\\\/\",\"url\":\"https:\\\/\\\/www.amstelprinting.nl\\\/es\\\/tienda\\\/interior\\\/exterior\\\/felpudo-de-exterior\\\/\",\"name\":\"Felpudo de exterior | Amstel Printing\",\"isPartOf\":{\"@id\":\"https:\\\/\\\/www.amstelprinting.nl\\\/es\\\/#website\"},\"primaryImageOfPage\":{\"@id\":\"https:\\\/\\\/www.amstelprinting.nl\\\/es\\\/tienda\\\/interior\\\/exterior\\\/felpudo-de-exterior\\\/#primaryimage\"},\"image\":{\"@id\":\"https:\\\/\\\/www.amstelprinting.nl\\\/es\\\/tienda\\\/interior\\\/exterior\\\/felpudo-de-exterior\\\/#primaryimage\"},\"thumbnailUrl\":\"https:\\\/\\\/www.amstelprinting.nl\\\/wp-content\\\/uploads\\\/Outdoor-vloermat-1.jpg\",\"datePublished\":\"2025-01-23T19:48:47+00:00\",\"dateModified\":\"2026-02-18T11:48:41+00:00\",\"breadcrumb\":{\"@id\":\"https:\\\/\\\/www.amstelprinting.nl\\\/es\\\/tienda\\\/interior\\\/exterior\\\/felpudo-de-exterior\\\/#breadcrumb\"},\"inLanguage\":\"es\",\"potentialAction\":[{\"@type\":\"ReadAction\",\"target\":[\"https:\\\/\\\/www.amstelprinting.nl\\\/es\\\/tienda\\\/interior\\\/exterior\\\/felpudo-de-exterior\\\/\"]}]},{\"@type\":\"ImageObject\",\"inLanguage\":\"es\",\"@id\":\"https:\\\/\\\/www.amstelprinting.nl\\\/es\\\/tienda\\\/interior\\\/exterior\\\/felpudo-de-exterior\\\/#primaryimage\",\"url\":\"https:\\\/\\\/www.amstelprinting.nl\\\/wp-content\\\/uploads\\\/Outdoor-vloermat-1.jpg\",\"contentUrl\":\"https:\\\/\\\/www.amstelprinting.nl\\\/wp-content\\\/uploads\\\/Outdoor-vloermat-1.jpg\",\"width\":700,\"height\":700},{\"@type\":\"BreadcrumbList\",\"@id\":\"https:\\\/\\\/www.amstelprinting.nl\\\/es\\\/tienda\\\/interior\\\/exterior\\\/felpudo-de-exterior\\\/#breadcrumb\",\"itemListElement\":[{\"@type\":\"ListItem\",\"position\":1,\"name\":\"\",\"item\":\"https:\\\/\\\/www.amstelprinting.nl\\\/es\\\/\"},{\"@type\":\"ListItem\",\"position\":2,\"name\":\"Amstel Printing\",\"item\":\"https:\\\/\\\/www.amstelprinting.nl\\\/es\\\/comercio\\\/\"},{\"@type\":\"ListItem\",\"position\":3,\"name\":\"Interior\",\"item\":\"https:\\\/\\\/www.amstelprinting.nl\\\/es\\\/categor\u00eda\\\/interior\\\/\"},{\"@type\":\"ListItem\",\"position\":4,\"name\":\"Exterior\",\"item\":\"https:\\\/\\\/www.amstelprinting.nl\\\/es\\\/categor\u00eda\\\/interior\\\/exterior\\\/\"},{\"@type\":\"ListItem\",\"position\":5,\"name\":\"Felpudo de exterior\"}]},{\"@type\":\"WebSite\",\"@id\":\"https:\\\/\\\/www.amstelprinting.nl\\\/es\\\/#website\",\"url\":\"https:\\\/\\\/www.amstelprinting.nl\\\/es\\\/\",\"name\":\"Amstel Printing\",\"description\":\"Creating Exposure\",\"publisher\":{\"@id\":\"https:\\\/\\\/www.amstelprinting.nl\\\/es\\\/#organization\"},\"potentialAction\":[{\"@type\":\"SearchAction\",\"target\":{\"@type\":\"EntryPoint\",\"urlTemplate\":\"https:\\\/\\\/www.amstelprinting.nl\\\/es\\\/?s={search_term_string}\"},\"query-input\":{\"@type\":\"PropertyValueSpecification\",\"valueRequired\":true,\"valueName\":\"search_term_string\"}}],\"inLanguage\":\"es\"},{\"@type\":\"Organization\",\"@id\":\"https:\\\/\\\/www.amstelprinting.nl\\\/es\\\/#organization\",\"name\":\"Amstel Printing\",\"url\":\"https:\\\/\\\/www.amstelprinting.nl\\\/es\\\/\",\"logo\":{\"@type\":\"ImageObject\",\"inLanguage\":\"es\",\"@id\":\"https:\\\/\\\/www.amstelprinting.nl\\\/es\\\/#\\\/schema\\\/logo\\\/image\\\/\",\"url\":\"https:\\\/\\\/www.amstelprinting.nl\\\/wp-content\\\/uploads\\\/amstel_printing_logo_clean.png\",\"contentUrl\":\"https:\\\/\\\/www.amstelprinting.nl\\\/wp-content\\\/uploads\\\/amstel_printing_logo_clean.png\",\"width\":324,\"height\":73,\"caption\":\"Amstel Printing\"},\"image\":{\"@id\":\"https:\\\/\\\/www.amstelprinting.nl\\\/es\\\/#\\\/schema\\\/logo\\\/image\\\/\"}}]}<\/script>\n<!-- \/ Yoast SEO plugin. -->","yoast_head_json":{"title":"Felpudo de exterior | Amstel Printing","robots":{"index":"index","follow":"follow","max-snippet":"max-snippet:-1","max-image-preview":"max-image-preview:large","max-video-preview":"max-video-preview:-1"},"canonical":"https:\/\/www.amstelprinting.nl\/es\/tienda\/interior\/exterior\/felpudo-de-exterior\/","og_locale":"es_ES","og_type":"article","og_title":"Felpudo de exterior | Amstel Printing","og_description":"Felpudos de exterior: duraderos, elegantes y a medida Nuestros felpudos de exterior son una adici\u00f3n valiosa (promocional y extremadamente funcional) para cualquier espacio al aire libre. Nuestros felpudos de exterior est\u00e1n fabricados con material de alta calidad resistente al desgaste. Esto garantiza una larga vida \u00fatil, incluso con un uso intensivo. Gracias al alto valor antideslizante, se mantienen seguros en su lugar, independientemente de las condiciones meteorol\u00f3gicas. Pida el felpudo de exterior con su propia impresi\u00f3n en el formato o forma que prefiera.","og_url":"https:\/\/www.amstelprinting.nl\/es\/tienda\/interior\/exterior\/felpudo-de-exterior\/","og_site_name":"Amstel Printing","article_modified_time":"2026-02-18T11:48:41+00:00","og_image":[{"width":700,"height":700,"url":"https:\/\/www.amstelprinting.nl\/wp-content\/uploads\/Outdoor-vloermat-1.jpg","type":"image\/jpeg"}],"twitter_card":"summary_large_image","twitter_misc":{"Tiempo de lectura":"1 minuto"},"schema":{"@context":"https:\/\/schema.org","@graph":[{"@type":"WebPage","@id":"https:\/\/www.amstelprinting.nl\/es\/tienda\/interior\/exterior\/felpudo-de-exterior\/","url":"https:\/\/www.amstelprinting.nl\/es\/tienda\/interior\/exterior\/felpudo-de-exterior\/","name":"Felpudo de exterior | Amstel Printing","isPartOf":{"@id":"https:\/\/www.amstelprinting.nl\/es\/#website"},"primaryImageOfPage":{"@id":"https:\/\/www.amstelprinting.nl\/es\/tienda\/interior\/exterior\/felpudo-de-exterior\/#primaryimage"},"image":{"@id":"https:\/\/www.amstelprinting.nl\/es\/tienda\/interior\/exterior\/felpudo-de-exterior\/#primaryimage"},"thumbnailUrl":"https:\/\/www.amstelprinting.nl\/wp-content\/uploads\/Outdoor-vloermat-1.jpg","datePublished":"2025-01-23T19:48:47+00:00","dateModified":"2026-02-18T11:48:41+00:00","breadcrumb":{"@id":"https:\/\/www.amstelprinting.nl\/es\/tienda\/interior\/exterior\/felpudo-de-exterior\/#breadcrumb"},"inLanguage":"es","potentialAction":[{"@type":"ReadAction","target":["https:\/\/www.amstelprinting.nl\/es\/tienda\/interior\/exterior\/felpudo-de-exterior\/"]}]},{"@type":"ImageObject","inLanguage":"es","@id":"https:\/\/www.amstelprinting.nl\/es\/tienda\/interior\/exterior\/felpudo-de-exterior\/#primaryimage","url":"https:\/\/www.amstelprinting.nl\/wp-content\/uploads\/Outdoor-vloermat-1.jpg","contentUrl":"https:\/\/www.amstelprinting.nl\/wp-content\/uploads\/Outdoor-vloermat-1.jpg","width":700,"height":700},{"@type":"BreadcrumbList","@id":"https:\/\/www.amstelprinting.nl\/es\/tienda\/interior\/exterior\/felpudo-de-exterior\/#breadcrumb","itemListElement":[{"@type":"ListItem","position":1,"name":"","item":"https:\/\/www.amstelprinting.nl\/es\/"},{"@type":"ListItem","position":2,"name":"Amstel Printing","item":"https:\/\/www.amstelprinting.nl\/es\/comercio\/"},{"@type":"ListItem","position":3,"name":"Interior","item":"https:\/\/www.amstelprinting.nl\/es\/categor\u00eda\/interior\/"},{"@type":"ListItem","position":4,"name":"Exterior","item":"https:\/\/www.amstelprinting.nl\/es\/categor\u00eda\/interior\/exterior\/"},{"@type":"ListItem","position":5,"name":"Felpudo de exterior"}]},{"@type":"WebSite","@id":"https:\/\/www.amstelprinting.nl\/es\/#website","url":"https:\/\/www.amstelprinting.nl\/es\/","name":"Amstel Printing","description":"Creating Exposure","publisher":{"@id":"https:\/\/www.amstelprinting.nl\/es\/#organization"},"potentialAction":[{"@type":"SearchAction","target":{"@type":"EntryPoint","urlTemplate":"https:\/\/www.amstelprinting.nl\/es\/?s={search_term_string}"},"query-input":{"@type":"PropertyValueSpecification","valueRequired":true,"valueName":"search_term_string"}}],"inLanguage":"es"},{"@type":"Organization","@id":"https:\/\/www.amstelprinting.nl\/es\/#organization","name":"Amstel Printing","url":"https:\/\/www.amstelprinting.nl\/es\/","logo":{"@type":"ImageObject","inLanguage":"es","@id":"https:\/\/www.amstelprinting.nl\/es\/#\/schema\/logo\/image\/","url":"https:\/\/www.amstelprinting.nl\/wp-content\/uploads\/amstel_printing_logo_clean.png","contentUrl":"https:\/\/www.amstelprinting.nl\/wp-content\/uploads\/amstel_printing_logo_clean.png","width":324,"height":73,"caption":"Amstel Printing"},"image":{"@id":"https:\/\/www.amstelprinting.nl\/es\/#\/schema\/logo\/image\/"}}]}},"_links":{"self":[{"href":"https:\/\/www.amstelprinting.nl\/es\/wp-json\/wp\/v2\/product\/15458","targetHints":{"allow":["GET"]}}],"collection":[{"href":"https:\/\/www.amstelprinting.nl\/es\/wp-json\/wp\/v2\/product"}],"about":[{"href":"https:\/\/www.amstelprinting.nl\/es\/wp-json\/wp\/v2\/types\/product"}],"wp:featuredmedia":[{"embeddable":true,"href":"https:\/\/www.amstelprinting.nl\/es\/wp-json\/wp\/v2\/media\/15459"}],"wp:attachment":[{"href":"https:\/\/www.amstelprinting.nl\/es\/wp-json\/wp\/v2\/media?parent=15458"}],"wp:term":[{"taxonomy":"product_brand","embeddable":true,"href":"https:\/\/www.amstelprinting.nl\/es\/wp-json\/wp\/v2\/product_brand?post=15458"},{"taxonomy":"product_cat","embeddable":true,"href":"https:\/\/www.amstelprinting.nl\/es\/wp-json\/wp\/v2\/product_cat?post=15458"},{"taxonomy":"product_tag","embeddable":true,"href":"https:\/\/www.amstelprinting.nl\/es\/wp-json\/wp\/v2\/product_tag?post=15458"}],"curies":[{"name":"wp","href":"https:\/\/api.w.org\/{rel}","templated":true}]}}