{"id":15468,"date":"2025-01-23T20:48:34","date_gmt":"2025-01-23T19:48:34","guid":{"rendered":"https:\/\/www.amstelprinting.nl\/winkel\/sin%20categor\u00eda\/vloerzeil\/"},"modified":"2026-02-18T12:48:42","modified_gmt":"2026-02-18T11:48:42","slug":"suelo-de-vinilo","status":"publish","type":"product","link":"https:\/\/www.amstelprinting.nl\/es\/tienda\/interior\/decoracion-del-suelo\/suelo-de-vinilo\/","title":{"rendered":"Suelo de vinilo"},"content":{"rendered":"<h3>Impresi\u00f3n de suelo de vinilo<\/h3>\n<p>D\u00e9 vida a sus espacios interiores con nuestro vers\u00e1til suelo de vinilo impreso. Perfecto para eventos, tiendas y oficinas, este suelo de vinilo impreso ofrece una combinaci\u00f3n de seguridad, comodidad y estilo. Con un ancho m\u00e1ximo de 199 cm y la posibilidad de cortarlo a medida, se adapta sin esfuerzo a cualquier entorno. Totalmente impreso seg\u00fan sus deseos.<\/p>\n<h3>Ventajas<\/h3>\n<ul>\n<li>Parte delantera y trasera provistas de material antideslizante<\/li>\n<li>Elija su propio dise\u00f1o o un patr\u00f3n existente<\/li>\n<li>F\u00e1cil de reutilizar y mover<\/li>\n<li>Ign\u00edfugo, por lo que es adecuado para espacios p\u00fablicos<\/li>\n<li>Protege el subsuelo<\/li>\n<li>Propiedades repelentes al agua (f\u00e1cil de limpiar)<\/li>\n<li>Gracias a la estructura plana, los detalles de la impresi\u00f3n son claramente visibles<\/li>\n<\/ul>\n<p>&nbsp;<\/p>\n<h3>Material<\/h3>\n<p>Nuestros suelos de vinilo est\u00e1n equipados con una parte delantera antideslizante estructurada, que garantiza un agarre \u00f3ptimo. La parte trasera antideslizante de espuma tambi\u00e9n ofrece una estabilidad adicional, lo que hace que sea seguro caminar sobre ella.<\/p>\n<h3>Acabado<\/h3>\n<p>Puede imprimir el suelo de vinilo en cualquier tama\u00f1o deseado. Para longitudes a partir de 700 cm (tama\u00f1o m\u00e1ximo: 1,99 x 7 metros), la impresi\u00f3n se divide elegantemente para que siempre encaje perfectamente en su espacio. Elija su propio dise\u00f1o o seleccione un patr\u00f3n existente que se adapte a sus deseos. El suelo de vinilo impreso se puede cortar f\u00e1cilmente en cualquier formato deseado, pero tambi\u00e9n se puede cortar siguiendo los contornos de su dise\u00f1o (opci\u00f3n: corte de contorno).<\/p>\n<h3>Accesorios<\/h3>\n<p>Para una fijaci\u00f3n r\u00e1pida y firme, hay disponible cinta de doble cara, para que pueda instalar el suelo de vinilo sin esfuerzo.<\/p>\n<h3>Uso y calidad<\/h3>\n<p>El suelo de vinilo impreso tiene una impresi\u00f3n resistente al desgaste. Sin embargo, la durabilidad depende de la cantidad de tr\u00e1fico diario sobre la superficie. Por ello, recomendamos su uso para aplicaciones temporales, como en stands y showrooms. El suelo de vinilo es ideal para transmitir una promoci\u00f3n de forma llamativa.<\/p>\n<h3>Preguntas frecuentes sobre la impresi\u00f3n de suelos de vinilo<\/h3>\n<p><strong>\u00bfQu\u00e9 tan r\u00e1pido se desgasta este producto?<\/strong><br \/>\nEste producto est\u00e1 dise\u00f1ado para uso promocional y el desgaste depende en gran medida de la intensidad de uso. Es dif\u00edcil estimar de antemano exactamente cu\u00e1nto tiempo durar\u00e1 el producto.<\/p>\n","protected":false},"excerpt":{"rendered":"<h3>Suelo de vinilo resistente al desgaste con capa superior antideslizante<\/h3>\n<p>Vinilo para suelos (lona) provisto de una capa antideslizante y una impresi\u00f3n total personalizada. Este suelo de vinilo es repelente al agua y protege el subsuelo. Se puede pedir en cualquier tama\u00f1o deseado. Configure su suelo de vinilo con impresi\u00f3n en unos pocos pasos a continuaci\u00f3n.<\/p>\n","protected":false},"featured_media":15469,"template":"","meta":{"_et_pb_use_builder":"","_et_pb_old_content":"","_et_gb_content_width":""},"product_brand":[],"product_cat":[423,571,431,545,421],"product_tag":[],"class_list":{"0":"post-15468","1":"product","2":"type-product","3":"status-publish","4":"has-post-thumbnail","6":"product_cat-decoracion","7":"product_cat-decoracion-del-suelo","8":"product_cat-feria-y-evento","9":"product_cat-interior","10":"product_cat-pisos-de-negociacion","12":"first","13":"instock","14":"taxable","15":"shipping-taxable","16":"purchasable","17":"product-type-simple"},"yoast_head":"<!-- This site is optimized with the Yoast SEO plugin v27.3 - https:\/\/yoast.com\/product\/yoast-seo-wordpress\/ -->\n<title>Suelo de vinilo | Amstel Printing<\/title>\n<meta name=\"robots\" content=\"index, follow, max-snippet:-1, max-image-preview:large, max-video-preview:-1\" \/>\n<link rel=\"canonical\" href=\"https:\/\/www.amstelprinting.nl\/es\/tienda\/interior\/decoracion-del-suelo\/suelo-de-vinilo\/\" \/>\n<meta property=\"og:locale\" content=\"es_ES\" \/>\n<meta property=\"og:type\" content=\"article\" \/>\n<meta property=\"og:title\" content=\"Suelo de vinilo | Amstel Printing\" \/>\n<meta property=\"og:description\" content=\"Suelo de vinilo resistente al desgaste con capa superior antideslizante Vinilo para suelos (lona) provisto de una capa antideslizante y una impresi\u00f3n total personalizada. Este suelo de vinilo es repelente al agua y protege el subsuelo. Se puede pedir en cualquier tama\u00f1o deseado. Configure su suelo de vinilo con impresi\u00f3n en unos pocos pasos a continuaci\u00f3n.\" \/>\n<meta property=\"og:url\" content=\"https:\/\/www.amstelprinting.nl\/es\/tienda\/interior\/decoracion-del-suelo\/suelo-de-vinilo\/\" \/>\n<meta property=\"og:site_name\" content=\"Amstel Printing\" \/>\n<meta property=\"article:modified_time\" content=\"2026-02-18T11:48:42+00:00\" \/>\n<meta property=\"og:image\" content=\"https:\/\/www.amstelprinting.nl\/wp-content\/uploads\/vloervinyl-bedrukken.png\" \/>\n\t<meta property=\"og:image:width\" content=\"900\" \/>\n\t<meta property=\"og:image:height\" content=\"900\" \/>\n\t<meta property=\"og:image:type\" content=\"image\/png\" \/>\n<meta name=\"twitter:card\" content=\"summary_large_image\" \/>\n<meta name=\"twitter:label1\" content=\"Tiempo de lectura\" \/>\n\t<meta name=\"twitter:data1\" content=\"2 minutos\" \/>\n<script type=\"application\/ld+json\" class=\"yoast-schema-graph\">{\"@context\":\"https:\\\/\\\/schema.org\",\"@graph\":[{\"@type\":\"WebPage\",\"@id\":\"https:\\\/\\\/www.amstelprinting.nl\\\/es\\\/tienda\\\/interior\\\/decoracion-del-suelo\\\/suelo-de-vinilo\\\/\",\"url\":\"https:\\\/\\\/www.amstelprinting.nl\\\/es\\\/tienda\\\/interior\\\/decoracion-del-suelo\\\/suelo-de-vinilo\\\/\",\"name\":\"Suelo de vinilo | Amstel Printing\",\"isPartOf\":{\"@id\":\"https:\\\/\\\/www.amstelprinting.nl\\\/es\\\/#website\"},\"primaryImageOfPage\":{\"@id\":\"https:\\\/\\\/www.amstelprinting.nl\\\/es\\\/tienda\\\/interior\\\/decoracion-del-suelo\\\/suelo-de-vinilo\\\/#primaryimage\"},\"image\":{\"@id\":\"https:\\\/\\\/www.amstelprinting.nl\\\/es\\\/tienda\\\/interior\\\/decoracion-del-suelo\\\/suelo-de-vinilo\\\/#primaryimage\"},\"thumbnailUrl\":\"https:\\\/\\\/www.amstelprinting.nl\\\/wp-content\\\/uploads\\\/vloervinyl-bedrukken.png\",\"datePublished\":\"2025-01-23T19:48:34+00:00\",\"dateModified\":\"2026-02-18T11:48:42+00:00\",\"breadcrumb\":{\"@id\":\"https:\\\/\\\/www.amstelprinting.nl\\\/es\\\/tienda\\\/interior\\\/decoracion-del-suelo\\\/suelo-de-vinilo\\\/#breadcrumb\"},\"inLanguage\":\"es\",\"potentialAction\":[{\"@type\":\"ReadAction\",\"target\":[\"https:\\\/\\\/www.amstelprinting.nl\\\/es\\\/tienda\\\/interior\\\/decoracion-del-suelo\\\/suelo-de-vinilo\\\/\"]}]},{\"@type\":\"ImageObject\",\"inLanguage\":\"es\",\"@id\":\"https:\\\/\\\/www.amstelprinting.nl\\\/es\\\/tienda\\\/interior\\\/decoracion-del-suelo\\\/suelo-de-vinilo\\\/#primaryimage\",\"url\":\"https:\\\/\\\/www.amstelprinting.nl\\\/wp-content\\\/uploads\\\/vloervinyl-bedrukken.png\",\"contentUrl\":\"https:\\\/\\\/www.amstelprinting.nl\\\/wp-content\\\/uploads\\\/vloervinyl-bedrukken.png\",\"width\":900,\"height\":900},{\"@type\":\"BreadcrumbList\",\"@id\":\"https:\\\/\\\/www.amstelprinting.nl\\\/es\\\/tienda\\\/interior\\\/decoracion-del-suelo\\\/suelo-de-vinilo\\\/#breadcrumb\",\"itemListElement\":[{\"@type\":\"ListItem\",\"position\":1,\"name\":\"\",\"item\":\"https:\\\/\\\/www.amstelprinting.nl\\\/es\\\/\"},{\"@type\":\"ListItem\",\"position\":2,\"name\":\"Amstel Printing\",\"item\":\"https:\\\/\\\/www.amstelprinting.nl\\\/es\\\/comercio\\\/\"},{\"@type\":\"ListItem\",\"position\":3,\"name\":\"Feria y evento\",\"item\":\"https:\\\/\\\/www.amstelprinting.nl\\\/es\\\/categor\u00eda\\\/feria-y-evento\\\/\"},{\"@type\":\"ListItem\",\"position\":4,\"name\":\"Decoraci\u00f3n\",\"item\":\"https:\\\/\\\/www.amstelprinting.nl\\\/es\\\/categor\u00eda\\\/feria-y-evento\\\/decoracion\\\/\"},{\"@type\":\"ListItem\",\"position\":5,\"name\":\"Suelo de vinilo\"}]},{\"@type\":\"WebSite\",\"@id\":\"https:\\\/\\\/www.amstelprinting.nl\\\/es\\\/#website\",\"url\":\"https:\\\/\\\/www.amstelprinting.nl\\\/es\\\/\",\"name\":\"Amstel Printing\",\"description\":\"Creating Exposure\",\"publisher\":{\"@id\":\"https:\\\/\\\/www.amstelprinting.nl\\\/es\\\/#organization\"},\"potentialAction\":[{\"@type\":\"SearchAction\",\"target\":{\"@type\":\"EntryPoint\",\"urlTemplate\":\"https:\\\/\\\/www.amstelprinting.nl\\\/es\\\/?s={search_term_string}\"},\"query-input\":{\"@type\":\"PropertyValueSpecification\",\"valueRequired\":true,\"valueName\":\"search_term_string\"}}],\"inLanguage\":\"es\"},{\"@type\":\"Organization\",\"@id\":\"https:\\\/\\\/www.amstelprinting.nl\\\/es\\\/#organization\",\"name\":\"Amstel Printing\",\"url\":\"https:\\\/\\\/www.amstelprinting.nl\\\/es\\\/\",\"logo\":{\"@type\":\"ImageObject\",\"inLanguage\":\"es\",\"@id\":\"https:\\\/\\\/www.amstelprinting.nl\\\/es\\\/#\\\/schema\\\/logo\\\/image\\\/\",\"url\":\"https:\\\/\\\/www.amstelprinting.nl\\\/wp-content\\\/uploads\\\/amstel_printing_logo_clean.png\",\"contentUrl\":\"https:\\\/\\\/www.amstelprinting.nl\\\/wp-content\\\/uploads\\\/amstel_printing_logo_clean.png\",\"width\":324,\"height\":73,\"caption\":\"Amstel Printing\"},\"image\":{\"@id\":\"https:\\\/\\\/www.amstelprinting.nl\\\/es\\\/#\\\/schema\\\/logo\\\/image\\\/\"}}]}<\/script>\n<!-- \/ Yoast SEO plugin. -->","yoast_head_json":{"title":"Suelo de vinilo | Amstel Printing","robots":{"index":"index","follow":"follow","max-snippet":"max-snippet:-1","max-image-preview":"max-image-preview:large","max-video-preview":"max-video-preview:-1"},"canonical":"https:\/\/www.amstelprinting.nl\/es\/tienda\/interior\/decoracion-del-suelo\/suelo-de-vinilo\/","og_locale":"es_ES","og_type":"article","og_title":"Suelo de vinilo | Amstel Printing","og_description":"Suelo de vinilo resistente al desgaste con capa superior antideslizante Vinilo para suelos (lona) provisto de una capa antideslizante y una impresi\u00f3n total personalizada. Este suelo de vinilo es repelente al agua y protege el subsuelo. Se puede pedir en cualquier tama\u00f1o deseado. Configure su suelo de vinilo con impresi\u00f3n en unos pocos pasos a continuaci\u00f3n.","og_url":"https:\/\/www.amstelprinting.nl\/es\/tienda\/interior\/decoracion-del-suelo\/suelo-de-vinilo\/","og_site_name":"Amstel Printing","article_modified_time":"2026-02-18T11:48:42+00:00","og_image":[{"width":900,"height":900,"url":"https:\/\/www.amstelprinting.nl\/wp-content\/uploads\/vloervinyl-bedrukken.png","type":"image\/png"}],"twitter_card":"summary_large_image","twitter_misc":{"Tiempo de lectura":"2 minutos"},"schema":{"@context":"https:\/\/schema.org","@graph":[{"@type":"WebPage","@id":"https:\/\/www.amstelprinting.nl\/es\/tienda\/interior\/decoracion-del-suelo\/suelo-de-vinilo\/","url":"https:\/\/www.amstelprinting.nl\/es\/tienda\/interior\/decoracion-del-suelo\/suelo-de-vinilo\/","name":"Suelo de vinilo | Amstel Printing","isPartOf":{"@id":"https:\/\/www.amstelprinting.nl\/es\/#website"},"primaryImageOfPage":{"@id":"https:\/\/www.amstelprinting.nl\/es\/tienda\/interior\/decoracion-del-suelo\/suelo-de-vinilo\/#primaryimage"},"image":{"@id":"https:\/\/www.amstelprinting.nl\/es\/tienda\/interior\/decoracion-del-suelo\/suelo-de-vinilo\/#primaryimage"},"thumbnailUrl":"https:\/\/www.amstelprinting.nl\/wp-content\/uploads\/vloervinyl-bedrukken.png","datePublished":"2025-01-23T19:48:34+00:00","dateModified":"2026-02-18T11:48:42+00:00","breadcrumb":{"@id":"https:\/\/www.amstelprinting.nl\/es\/tienda\/interior\/decoracion-del-suelo\/suelo-de-vinilo\/#breadcrumb"},"inLanguage":"es","potentialAction":[{"@type":"ReadAction","target":["https:\/\/www.amstelprinting.nl\/es\/tienda\/interior\/decoracion-del-suelo\/suelo-de-vinilo\/"]}]},{"@type":"ImageObject","inLanguage":"es","@id":"https:\/\/www.amstelprinting.nl\/es\/tienda\/interior\/decoracion-del-suelo\/suelo-de-vinilo\/#primaryimage","url":"https:\/\/www.amstelprinting.nl\/wp-content\/uploads\/vloervinyl-bedrukken.png","contentUrl":"https:\/\/www.amstelprinting.nl\/wp-content\/uploads\/vloervinyl-bedrukken.png","width":900,"height":900},{"@type":"BreadcrumbList","@id":"https:\/\/www.amstelprinting.nl\/es\/tienda\/interior\/decoracion-del-suelo\/suelo-de-vinilo\/#breadcrumb","itemListElement":[{"@type":"ListItem","position":1,"name":"","item":"https:\/\/www.amstelprinting.nl\/es\/"},{"@type":"ListItem","position":2,"name":"Amstel Printing","item":"https:\/\/www.amstelprinting.nl\/es\/comercio\/"},{"@type":"ListItem","position":3,"name":"Feria y evento","item":"https:\/\/www.amstelprinting.nl\/es\/categor\u00eda\/feria-y-evento\/"},{"@type":"ListItem","position":4,"name":"Decoraci\u00f3n","item":"https:\/\/www.amstelprinting.nl\/es\/categor\u00eda\/feria-y-evento\/decoracion\/"},{"@type":"ListItem","position":5,"name":"Suelo de vinilo"}]},{"@type":"WebSite","@id":"https:\/\/www.amstelprinting.nl\/es\/#website","url":"https:\/\/www.amstelprinting.nl\/es\/","name":"Amstel Printing","description":"Creating Exposure","publisher":{"@id":"https:\/\/www.amstelprinting.nl\/es\/#organization"},"potentialAction":[{"@type":"SearchAction","target":{"@type":"EntryPoint","urlTemplate":"https:\/\/www.amstelprinting.nl\/es\/?s={search_term_string}"},"query-input":{"@type":"PropertyValueSpecification","valueRequired":true,"valueName":"search_term_string"}}],"inLanguage":"es"},{"@type":"Organization","@id":"https:\/\/www.amstelprinting.nl\/es\/#organization","name":"Amstel Printing","url":"https:\/\/www.amstelprinting.nl\/es\/","logo":{"@type":"ImageObject","inLanguage":"es","@id":"https:\/\/www.amstelprinting.nl\/es\/#\/schema\/logo\/image\/","url":"https:\/\/www.amstelprinting.nl\/wp-content\/uploads\/amstel_printing_logo_clean.png","contentUrl":"https:\/\/www.amstelprinting.nl\/wp-content\/uploads\/amstel_printing_logo_clean.png","width":324,"height":73,"caption":"Amstel Printing"},"image":{"@id":"https:\/\/www.amstelprinting.nl\/es\/#\/schema\/logo\/image\/"}}]}},"_links":{"self":[{"href":"https:\/\/www.amstelprinting.nl\/es\/wp-json\/wp\/v2\/product\/15468","targetHints":{"allow":["GET"]}}],"collection":[{"href":"https:\/\/www.amstelprinting.nl\/es\/wp-json\/wp\/v2\/product"}],"about":[{"href":"https:\/\/www.amstelprinting.nl\/es\/wp-json\/wp\/v2\/types\/product"}],"wp:featuredmedia":[{"embeddable":true,"href":"https:\/\/www.amstelprinting.nl\/es\/wp-json\/wp\/v2\/media\/15469"}],"wp:attachment":[{"href":"https:\/\/www.amstelprinting.nl\/es\/wp-json\/wp\/v2\/media?parent=15468"}],"wp:term":[{"taxonomy":"product_brand","embeddable":true,"href":"https:\/\/www.amstelprinting.nl\/es\/wp-json\/wp\/v2\/product_brand?post=15468"},{"taxonomy":"product_cat","embeddable":true,"href":"https:\/\/www.amstelprinting.nl\/es\/wp-json\/wp\/v2\/product_cat?post=15468"},{"taxonomy":"product_tag","embeddable":true,"href":"https:\/\/www.amstelprinting.nl\/es\/wp-json\/wp\/v2\/product_tag?post=15468"}],"curies":[{"name":"wp","href":"https:\/\/api.w.org\/{rel}","templated":true}]}}