{"id":15478,"date":"2025-01-23T20:48:13","date_gmt":"2025-01-23T19:48:13","guid":{"rendered":"https:\/\/www.amstelprinting.nl\/winkel\/sin%20categor\u00eda\/whiteboard\/"},"modified":"2026-02-18T12:48:42","modified_gmt":"2026-02-18T11:48:42","slug":"pizarra-blanca","status":"publish","type":"product","link":"https:\/\/www.amstelprinting.nl\/es\/tienda\/interior\/pizarra\/pizarra-blanca\/","title":{"rendered":"Pizarra blanca"},"content":{"rendered":"<h3>Pizarras blancas: impresi\u00f3n de pizarras magn\u00e9ticas grabables con logotipo<\/h3>\n<p>Las pizarras blancas son una herramienta indispensable para el entorno de trabajo organizado y creativo. Una pizarra blanca constituye la base para ejecutar ideas exitosas. Personal\u00edcelas o ad\u00e1ptelas a la identidad corporativa de su empresa pidi\u00e9ndolas con una impresi\u00f3n integral en el dise\u00f1o que prefiera. Gracias a los 4 tama\u00f1os est\u00e1ndar diferentes (los m\u00e1s solicitados), nuestras pizarras blancas son especialmente econ\u00f3micas.<\/p>\n<h3>Formatos y material<\/h3>\n<p>Nuestras pizarras blancas est\u00e1n disponibles en cuatro formatos diferentes: desde 60 x 100 cm hasta 120 x 200 cm, con un grosor uniforme de 3 mm. Se fabrican con el robusto LentaSteel\u00ae, un panel s\u00e1ndwich con capas superiores de acero. Este dise\u00f1o garantiza que los imanes se mantengan firmemente en su sitio. La superficie del tablero cuenta con una l\u00e1mina blanca con su impresi\u00f3n y un laminado especial para pizarras blancas, lo que facilita la escritura y el borrado.<\/p>\n<h3>\u00bfPor qu\u00e9 imprimir pizarras blancas?<\/h3>\n<ul>\n<li>Mantenga sus ideas, planes y notas organizados en un solo lugar<\/li>\n<li>Elecci\u00f3n entre cuatro formatos<\/li>\n<li>Fabricadas con el robusto LentaSteel\u00ae<\/li>\n<li>Pida f\u00e1cilmente accesorios adicionales (kit de inicio y material de montaje)<\/li>\n<\/ul>\n<p>&nbsp;<\/p>\n<h3>Accesorios<\/h3>\n<p>A\u00f1ada nuestro kit de inicio para pizarras blancas a su pedido y dispondr\u00e1 de inmediato de todos los accesorios esenciales. Tambi\u00e9n puede optar por un soporte para pizarras blancas a juego en diferentes tama\u00f1os o soportes de sujeci\u00f3n lateral para un montaje seguro.<\/p>\n<p>Nuestras pizarras blancas ofrecen mucho m\u00e1s que funcionalidad; son una parte esencial de un entorno organizado y creativo. Elija nuestras pizarras blancas y mejore su espacio de trabajo hoy mismo. \u00bfBusca imanes para personalizar su pizarra? Entonces eche tambi\u00e9n un vistazo a nuestros imanes.<\/p>\n","protected":false},"excerpt":{"rendered":"<h3>Pizarra magn\u00e9tica y escribible. Con impresi\u00f3n propia.<\/h3>\n<p>Cree orden con su pizarra blanca personalizada. Descubra c\u00f3mo nuestras pizarras blancas de alta calidad pueden ayudarle a organizar sus ideas, planes y notas, tanto en entornos profesionales como para uso privado.<\/p>\n","protected":false},"featured_media":15479,"template":"","meta":{"_et_pb_use_builder":"","_et_pb_old_content":"","_et_gb_content_width":""},"product_brand":[],"product_cat":[545,630,619],"product_tag":[],"class_list":{"0":"post-15478","1":"product","2":"type-product","3":"status-publish","4":"has-post-thumbnail","6":"product_cat-interior","7":"product_cat-oficina","8":"product_cat-pizarra","10":"first","11":"instock","12":"taxable","13":"shipping-taxable","14":"purchasable","15":"product-type-simple"},"yoast_head":"<!-- This site is optimized with the Yoast SEO plugin v27.3 - https:\/\/yoast.com\/product\/yoast-seo-wordpress\/ -->\n<title>Pizarra blanca | Amstel Printing<\/title>\n<meta name=\"robots\" content=\"index, follow, max-snippet:-1, max-image-preview:large, max-video-preview:-1\" \/>\n<link rel=\"canonical\" href=\"https:\/\/www.amstelprinting.nl\/es\/tienda\/interior\/pizarra\/pizarra-blanca\/\" \/>\n<meta property=\"og:locale\" content=\"es_ES\" \/>\n<meta property=\"og:type\" content=\"article\" \/>\n<meta property=\"og:title\" content=\"Pizarra blanca | Amstel Printing\" \/>\n<meta property=\"og:description\" content=\"Pizarra magn\u00e9tica y escribible. Con impresi\u00f3n propia. Cree orden con su pizarra blanca personalizada. Descubra c\u00f3mo nuestras pizarras blancas de alta calidad pueden ayudarle a organizar sus ideas, planes y notas, tanto en entornos profesionales como para uso privado.\" \/>\n<meta property=\"og:url\" content=\"https:\/\/www.amstelprinting.nl\/es\/tienda\/interior\/pizarra\/pizarra-blanca\/\" \/>\n<meta property=\"og:site_name\" content=\"Amstel Printing\" \/>\n<meta property=\"article:modified_time\" content=\"2026-02-18T11:48:42+00:00\" \/>\n<meta property=\"og:image\" content=\"https:\/\/www.amstelprinting.nl\/wp-content\/uploads\/Whiteboard.jpg\" \/>\n\t<meta property=\"og:image:width\" content=\"700\" \/>\n\t<meta property=\"og:image:height\" content=\"700\" \/>\n\t<meta property=\"og:image:type\" content=\"image\/jpeg\" \/>\n<meta name=\"twitter:card\" content=\"summary_large_image\" \/>\n<meta name=\"twitter:label1\" content=\"Tiempo de lectura\" \/>\n\t<meta name=\"twitter:data1\" content=\"1 minuto\" \/>\n<script type=\"application\/ld+json\" class=\"yoast-schema-graph\">{\"@context\":\"https:\\\/\\\/schema.org\",\"@graph\":[{\"@type\":\"WebPage\",\"@id\":\"https:\\\/\\\/www.amstelprinting.nl\\\/es\\\/tienda\\\/interior\\\/pizarra\\\/pizarra-blanca\\\/\",\"url\":\"https:\\\/\\\/www.amstelprinting.nl\\\/es\\\/tienda\\\/interior\\\/pizarra\\\/pizarra-blanca\\\/\",\"name\":\"Pizarra blanca | Amstel Printing\",\"isPartOf\":{\"@id\":\"https:\\\/\\\/www.amstelprinting.nl\\\/es\\\/#website\"},\"primaryImageOfPage\":{\"@id\":\"https:\\\/\\\/www.amstelprinting.nl\\\/es\\\/tienda\\\/interior\\\/pizarra\\\/pizarra-blanca\\\/#primaryimage\"},\"image\":{\"@id\":\"https:\\\/\\\/www.amstelprinting.nl\\\/es\\\/tienda\\\/interior\\\/pizarra\\\/pizarra-blanca\\\/#primaryimage\"},\"thumbnailUrl\":\"https:\\\/\\\/www.amstelprinting.nl\\\/wp-content\\\/uploads\\\/Whiteboard.jpg\",\"datePublished\":\"2025-01-23T19:48:13+00:00\",\"dateModified\":\"2026-02-18T11:48:42+00:00\",\"breadcrumb\":{\"@id\":\"https:\\\/\\\/www.amstelprinting.nl\\\/es\\\/tienda\\\/interior\\\/pizarra\\\/pizarra-blanca\\\/#breadcrumb\"},\"inLanguage\":\"es\",\"potentialAction\":[{\"@type\":\"ReadAction\",\"target\":[\"https:\\\/\\\/www.amstelprinting.nl\\\/es\\\/tienda\\\/interior\\\/pizarra\\\/pizarra-blanca\\\/\"]}]},{\"@type\":\"ImageObject\",\"inLanguage\":\"es\",\"@id\":\"https:\\\/\\\/www.amstelprinting.nl\\\/es\\\/tienda\\\/interior\\\/pizarra\\\/pizarra-blanca\\\/#primaryimage\",\"url\":\"https:\\\/\\\/www.amstelprinting.nl\\\/wp-content\\\/uploads\\\/Whiteboard.jpg\",\"contentUrl\":\"https:\\\/\\\/www.amstelprinting.nl\\\/wp-content\\\/uploads\\\/Whiteboard.jpg\",\"width\":700,\"height\":700},{\"@type\":\"BreadcrumbList\",\"@id\":\"https:\\\/\\\/www.amstelprinting.nl\\\/es\\\/tienda\\\/interior\\\/pizarra\\\/pizarra-blanca\\\/#breadcrumb\",\"itemListElement\":[{\"@type\":\"ListItem\",\"position\":1,\"name\":\"\",\"item\":\"https:\\\/\\\/www.amstelprinting.nl\\\/es\\\/\"},{\"@type\":\"ListItem\",\"position\":2,\"name\":\"Amstel Printing\",\"item\":\"https:\\\/\\\/www.amstelprinting.nl\\\/es\\\/comercio\\\/\"},{\"@type\":\"ListItem\",\"position\":3,\"name\":\"Interior\",\"item\":\"https:\\\/\\\/www.amstelprinting.nl\\\/es\\\/categor\u00eda\\\/interior\\\/\"},{\"@type\":\"ListItem\",\"position\":4,\"name\":\"Oficina\",\"item\":\"https:\\\/\\\/www.amstelprinting.nl\\\/es\\\/categor\u00eda\\\/interior\\\/oficina\\\/\"},{\"@type\":\"ListItem\",\"position\":5,\"name\":\"Pizarra blanca\"}]},{\"@type\":\"WebSite\",\"@id\":\"https:\\\/\\\/www.amstelprinting.nl\\\/es\\\/#website\",\"url\":\"https:\\\/\\\/www.amstelprinting.nl\\\/es\\\/\",\"name\":\"Amstel Printing\",\"description\":\"Creating Exposure\",\"publisher\":{\"@id\":\"https:\\\/\\\/www.amstelprinting.nl\\\/es\\\/#organization\"},\"potentialAction\":[{\"@type\":\"SearchAction\",\"target\":{\"@type\":\"EntryPoint\",\"urlTemplate\":\"https:\\\/\\\/www.amstelprinting.nl\\\/es\\\/?s={search_term_string}\"},\"query-input\":{\"@type\":\"PropertyValueSpecification\",\"valueRequired\":true,\"valueName\":\"search_term_string\"}}],\"inLanguage\":\"es\"},{\"@type\":\"Organization\",\"@id\":\"https:\\\/\\\/www.amstelprinting.nl\\\/es\\\/#organization\",\"name\":\"Amstel Printing\",\"url\":\"https:\\\/\\\/www.amstelprinting.nl\\\/es\\\/\",\"logo\":{\"@type\":\"ImageObject\",\"inLanguage\":\"es\",\"@id\":\"https:\\\/\\\/www.amstelprinting.nl\\\/es\\\/#\\\/schema\\\/logo\\\/image\\\/\",\"url\":\"https:\\\/\\\/www.amstelprinting.nl\\\/wp-content\\\/uploads\\\/amstel_printing_logo_clean.png\",\"contentUrl\":\"https:\\\/\\\/www.amstelprinting.nl\\\/wp-content\\\/uploads\\\/amstel_printing_logo_clean.png\",\"width\":324,\"height\":73,\"caption\":\"Amstel Printing\"},\"image\":{\"@id\":\"https:\\\/\\\/www.amstelprinting.nl\\\/es\\\/#\\\/schema\\\/logo\\\/image\\\/\"}}]}<\/script>\n<!-- \/ Yoast SEO plugin. -->","yoast_head_json":{"title":"Pizarra blanca | Amstel Printing","robots":{"index":"index","follow":"follow","max-snippet":"max-snippet:-1","max-image-preview":"max-image-preview:large","max-video-preview":"max-video-preview:-1"},"canonical":"https:\/\/www.amstelprinting.nl\/es\/tienda\/interior\/pizarra\/pizarra-blanca\/","og_locale":"es_ES","og_type":"article","og_title":"Pizarra blanca | Amstel Printing","og_description":"Pizarra magn\u00e9tica y escribible. Con impresi\u00f3n propia. Cree orden con su pizarra blanca personalizada. Descubra c\u00f3mo nuestras pizarras blancas de alta calidad pueden ayudarle a organizar sus ideas, planes y notas, tanto en entornos profesionales como para uso privado.","og_url":"https:\/\/www.amstelprinting.nl\/es\/tienda\/interior\/pizarra\/pizarra-blanca\/","og_site_name":"Amstel Printing","article_modified_time":"2026-02-18T11:48:42+00:00","og_image":[{"width":700,"height":700,"url":"https:\/\/www.amstelprinting.nl\/wp-content\/uploads\/Whiteboard.jpg","type":"image\/jpeg"}],"twitter_card":"summary_large_image","twitter_misc":{"Tiempo de lectura":"1 minuto"},"schema":{"@context":"https:\/\/schema.org","@graph":[{"@type":"WebPage","@id":"https:\/\/www.amstelprinting.nl\/es\/tienda\/interior\/pizarra\/pizarra-blanca\/","url":"https:\/\/www.amstelprinting.nl\/es\/tienda\/interior\/pizarra\/pizarra-blanca\/","name":"Pizarra blanca | Amstel Printing","isPartOf":{"@id":"https:\/\/www.amstelprinting.nl\/es\/#website"},"primaryImageOfPage":{"@id":"https:\/\/www.amstelprinting.nl\/es\/tienda\/interior\/pizarra\/pizarra-blanca\/#primaryimage"},"image":{"@id":"https:\/\/www.amstelprinting.nl\/es\/tienda\/interior\/pizarra\/pizarra-blanca\/#primaryimage"},"thumbnailUrl":"https:\/\/www.amstelprinting.nl\/wp-content\/uploads\/Whiteboard.jpg","datePublished":"2025-01-23T19:48:13+00:00","dateModified":"2026-02-18T11:48:42+00:00","breadcrumb":{"@id":"https:\/\/www.amstelprinting.nl\/es\/tienda\/interior\/pizarra\/pizarra-blanca\/#breadcrumb"},"inLanguage":"es","potentialAction":[{"@type":"ReadAction","target":["https:\/\/www.amstelprinting.nl\/es\/tienda\/interior\/pizarra\/pizarra-blanca\/"]}]},{"@type":"ImageObject","inLanguage":"es","@id":"https:\/\/www.amstelprinting.nl\/es\/tienda\/interior\/pizarra\/pizarra-blanca\/#primaryimage","url":"https:\/\/www.amstelprinting.nl\/wp-content\/uploads\/Whiteboard.jpg","contentUrl":"https:\/\/www.amstelprinting.nl\/wp-content\/uploads\/Whiteboard.jpg","width":700,"height":700},{"@type":"BreadcrumbList","@id":"https:\/\/www.amstelprinting.nl\/es\/tienda\/interior\/pizarra\/pizarra-blanca\/#breadcrumb","itemListElement":[{"@type":"ListItem","position":1,"name":"","item":"https:\/\/www.amstelprinting.nl\/es\/"},{"@type":"ListItem","position":2,"name":"Amstel Printing","item":"https:\/\/www.amstelprinting.nl\/es\/comercio\/"},{"@type":"ListItem","position":3,"name":"Interior","item":"https:\/\/www.amstelprinting.nl\/es\/categor\u00eda\/interior\/"},{"@type":"ListItem","position":4,"name":"Oficina","item":"https:\/\/www.amstelprinting.nl\/es\/categor\u00eda\/interior\/oficina\/"},{"@type":"ListItem","position":5,"name":"Pizarra blanca"}]},{"@type":"WebSite","@id":"https:\/\/www.amstelprinting.nl\/es\/#website","url":"https:\/\/www.amstelprinting.nl\/es\/","name":"Amstel Printing","description":"Creating Exposure","publisher":{"@id":"https:\/\/www.amstelprinting.nl\/es\/#organization"},"potentialAction":[{"@type":"SearchAction","target":{"@type":"EntryPoint","urlTemplate":"https:\/\/www.amstelprinting.nl\/es\/?s={search_term_string}"},"query-input":{"@type":"PropertyValueSpecification","valueRequired":true,"valueName":"search_term_string"}}],"inLanguage":"es"},{"@type":"Organization","@id":"https:\/\/www.amstelprinting.nl\/es\/#organization","name":"Amstel Printing","url":"https:\/\/www.amstelprinting.nl\/es\/","logo":{"@type":"ImageObject","inLanguage":"es","@id":"https:\/\/www.amstelprinting.nl\/es\/#\/schema\/logo\/image\/","url":"https:\/\/www.amstelprinting.nl\/wp-content\/uploads\/amstel_printing_logo_clean.png","contentUrl":"https:\/\/www.amstelprinting.nl\/wp-content\/uploads\/amstel_printing_logo_clean.png","width":324,"height":73,"caption":"Amstel Printing"},"image":{"@id":"https:\/\/www.amstelprinting.nl\/es\/#\/schema\/logo\/image\/"}}]}},"_links":{"self":[{"href":"https:\/\/www.amstelprinting.nl\/es\/wp-json\/wp\/v2\/product\/15478","targetHints":{"allow":["GET"]}}],"collection":[{"href":"https:\/\/www.amstelprinting.nl\/es\/wp-json\/wp\/v2\/product"}],"about":[{"href":"https:\/\/www.amstelprinting.nl\/es\/wp-json\/wp\/v2\/types\/product"}],"wp:featuredmedia":[{"embeddable":true,"href":"https:\/\/www.amstelprinting.nl\/es\/wp-json\/wp\/v2\/media\/15479"}],"wp:attachment":[{"href":"https:\/\/www.amstelprinting.nl\/es\/wp-json\/wp\/v2\/media?parent=15478"}],"wp:term":[{"taxonomy":"product_brand","embeddable":true,"href":"https:\/\/www.amstelprinting.nl\/es\/wp-json\/wp\/v2\/product_brand?post=15478"},{"taxonomy":"product_cat","embeddable":true,"href":"https:\/\/www.amstelprinting.nl\/es\/wp-json\/wp\/v2\/product_cat?post=15478"},{"taxonomy":"product_tag","embeddable":true,"href":"https:\/\/www.amstelprinting.nl\/es\/wp-json\/wp\/v2\/product_tag?post=15478"}],"curies":[{"name":"wp","href":"https:\/\/api.w.org\/{rel}","templated":true}]}}