{"id":15488,"date":"2025-01-23T20:47:59","date_gmt":"2025-01-23T19:47:59","guid":{"rendered":"https:\/\/www.amstelprinting.nl\/winkel\/sin%20categor\u00eda\/magneet\/"},"modified":"2026-02-18T12:48:43","modified_gmt":"2026-02-18T11:48:43","slug":"iman","status":"publish","type":"product","link":"https:\/\/www.amstelprinting.nl\/es\/tienda\/interior\/pizarra\/iman\/","title":{"rendered":"Im\u00e1n"},"content":{"rendered":"<h3>Impresi\u00f3n de imanes para pizarras blancas<\/h3>\n<p>Personalice su im\u00e1n a su gusto y disfrute de un entorno de trabajo organizado y eficiente, en casa o en la oficina. Mant\u00e9ngase organizado y creativo con nuestros imanes de alta calidad.<\/p>\n<h3>Ventajas<\/h3>\n<ul>\n<li>Elija un im\u00e1n escribible o un im\u00e1n extra fuerte<\/li>\n<li>Personalice con su propio dise\u00f1o<\/li>\n<li>Elija el tama\u00f1o o la forma que desee<\/li>\n<\/ul>\n<p>&nbsp;<\/p>\n<h3>Materiales<\/h3>\n<p>Puede elegir entre un im\u00e1n escribible o un im\u00e1n fuerte. Nuestro im\u00e1n escribible es m\u00e1s fino y, por lo tanto, ofrece m\u00e1s flexibilidad de tama\u00f1o. Este im\u00e1n combina la fuerza de un im\u00e1n con la comodidad de una superficie escribible, lo que lo hace perfecto para la planificaci\u00f3n, proyectos creativos y fines educativos. Nuestro im\u00e1n extra fuerte est\u00e1 fabricado con una l\u00e1mina magn\u00e9tica de 0,85 mm de grosor y ofrece un agarre potente ideal para sujetar documentos en formato A4 est\u00e1ndar. Robusto y fiable, este im\u00e1n es perfecto para situaciones en las que se requiere firmeza. Aunque no es posible fabricar tama\u00f1os inferiores a 5 x 5 cm debido al grosor, este im\u00e1n es ideal para su uso en pizarras blancas y superficies met\u00e1licas donde la fuerza es esencial.<\/p>\n<h3>Accesorios<\/h3>\n<p>A\u00f1ada nuestro kit de inicio para pizarras blancas a su pedido y tendr\u00e1 todos los accesorios esenciales a mano de inmediato.<\/p>\n","protected":false},"excerpt":{"rendered":"<h3>Con su propia impresi\u00f3n. Para pizarras blancas o tablones de notas.<\/h3>\n<p>\u00bfImprimir imanes para pizarras blancas o tablones de notas? Tanto si busca un im\u00e1n fuerte que pueda sostener sin esfuerzo una hoja de papel A4, como un im\u00e1n escribible que ofrezca flexibilidad en formatos peque\u00f1os, tenemos la soluci\u00f3n perfecta para sus necesidades.<\/p>\n","protected":false},"featured_media":15489,"template":"","meta":{"_et_pb_use_builder":"","_et_pb_old_content":"","_et_gb_content_width":""},"product_brand":[],"product_cat":[545,619],"product_tag":[],"class_list":{"0":"post-15488","1":"product","2":"type-product","3":"status-publish","4":"has-post-thumbnail","6":"product_cat-interior","7":"product_cat-pizarra","9":"first","10":"instock","11":"taxable","12":"shipping-taxable","13":"purchasable","14":"product-type-simple"},"yoast_head":"<!-- This site is optimized with the Yoast SEO plugin v27.3 - https:\/\/yoast.com\/product\/yoast-seo-wordpress\/ -->\n<title>\u00bfPedir imanes? - Fuertes y escribibles para su organizaci\u00f3n<\/title>\n<meta name=\"description\" content=\"Pida imanes personalizados de alta calidad. Disponibles a medida directamente para uso profesional. Entrega en toda Europa\" \/>\n<meta name=\"robots\" content=\"index, follow, max-snippet:-1, max-image-preview:large, max-video-preview:-1\" \/>\n<link rel=\"canonical\" href=\"https:\/\/www.amstelprinting.nl\/es\/tienda\/interior\/pizarra\/iman\/\" \/>\n<meta property=\"og:locale\" content=\"es_ES\" \/>\n<meta property=\"og:type\" content=\"article\" \/>\n<meta property=\"og:title\" content=\"\u00bfPedir imanes? - Fuertes y escribibles para su organizaci\u00f3n\" \/>\n<meta property=\"og:description\" content=\"Pida imanes personalizados de alta calidad. Disponibles a medida directamente para uso profesional. Entrega en toda Europa\" \/>\n<meta property=\"og:url\" content=\"https:\/\/www.amstelprinting.nl\/es\/tienda\/interior\/pizarra\/iman\/\" \/>\n<meta property=\"og:site_name\" content=\"Amstel Printing\" \/>\n<meta property=\"article:modified_time\" content=\"2026-02-18T11:48:43+00:00\" \/>\n<meta property=\"og:image\" content=\"https:\/\/www.amstelprinting.nl\/wp-content\/uploads\/Whiteboard-magneten.jpg\" \/>\n\t<meta property=\"og:image:width\" content=\"700\" \/>\n\t<meta property=\"og:image:height\" content=\"700\" \/>\n\t<meta property=\"og:image:type\" content=\"image\/jpeg\" \/>\n<meta name=\"twitter:card\" content=\"summary_large_image\" \/>\n<meta name=\"twitter:label1\" content=\"Tiempo de lectura\" \/>\n\t<meta name=\"twitter:data1\" content=\"1 minuto\" \/>\n<script type=\"application\/ld+json\" class=\"yoast-schema-graph\">{\"@context\":\"https:\\\/\\\/schema.org\",\"@graph\":[{\"@type\":\"WebPage\",\"@id\":\"https:\\\/\\\/www.amstelprinting.nl\\\/es\\\/tienda\\\/interior\\\/pizarra\\\/iman\\\/\",\"url\":\"https:\\\/\\\/www.amstelprinting.nl\\\/es\\\/tienda\\\/interior\\\/pizarra\\\/iman\\\/\",\"name\":\"\u00bfPedir imanes? - Fuertes y escribibles para su organizaci\u00f3n\",\"isPartOf\":{\"@id\":\"https:\\\/\\\/www.amstelprinting.nl\\\/es\\\/#website\"},\"primaryImageOfPage\":{\"@id\":\"https:\\\/\\\/www.amstelprinting.nl\\\/es\\\/tienda\\\/interior\\\/pizarra\\\/iman\\\/#primaryimage\"},\"image\":{\"@id\":\"https:\\\/\\\/www.amstelprinting.nl\\\/es\\\/tienda\\\/interior\\\/pizarra\\\/iman\\\/#primaryimage\"},\"thumbnailUrl\":\"https:\\\/\\\/www.amstelprinting.nl\\\/wp-content\\\/uploads\\\/Whiteboard-magneten.jpg\",\"datePublished\":\"2025-01-23T19:47:59+00:00\",\"dateModified\":\"2026-02-18T11:48:43+00:00\",\"description\":\"Pida imanes personalizados de alta calidad. Disponibles a medida directamente para uso profesional. Entrega en toda Europa\",\"breadcrumb\":{\"@id\":\"https:\\\/\\\/www.amstelprinting.nl\\\/es\\\/tienda\\\/interior\\\/pizarra\\\/iman\\\/#breadcrumb\"},\"inLanguage\":\"es\",\"potentialAction\":[{\"@type\":\"ReadAction\",\"target\":[\"https:\\\/\\\/www.amstelprinting.nl\\\/es\\\/tienda\\\/interior\\\/pizarra\\\/iman\\\/\"]}]},{\"@type\":\"ImageObject\",\"inLanguage\":\"es\",\"@id\":\"https:\\\/\\\/www.amstelprinting.nl\\\/es\\\/tienda\\\/interior\\\/pizarra\\\/iman\\\/#primaryimage\",\"url\":\"https:\\\/\\\/www.amstelprinting.nl\\\/wp-content\\\/uploads\\\/Whiteboard-magneten.jpg\",\"contentUrl\":\"https:\\\/\\\/www.amstelprinting.nl\\\/wp-content\\\/uploads\\\/Whiteboard-magneten.jpg\",\"width\":700,\"height\":700},{\"@type\":\"BreadcrumbList\",\"@id\":\"https:\\\/\\\/www.amstelprinting.nl\\\/es\\\/tienda\\\/interior\\\/pizarra\\\/iman\\\/#breadcrumb\",\"itemListElement\":[{\"@type\":\"ListItem\",\"position\":1,\"name\":\"\",\"item\":\"https:\\\/\\\/www.amstelprinting.nl\\\/es\\\/\"},{\"@type\":\"ListItem\",\"position\":2,\"name\":\"Amstel Printing\",\"item\":\"https:\\\/\\\/www.amstelprinting.nl\\\/es\\\/comercio\\\/\"},{\"@type\":\"ListItem\",\"position\":3,\"name\":\"Interior\",\"item\":\"https:\\\/\\\/www.amstelprinting.nl\\\/es\\\/categor\u00eda\\\/interior\\\/\"},{\"@type\":\"ListItem\",\"position\":4,\"name\":\"Pizarra\",\"item\":\"https:\\\/\\\/www.amstelprinting.nl\\\/es\\\/categor\u00eda\\\/interior\\\/pizarra\\\/\"},{\"@type\":\"ListItem\",\"position\":5,\"name\":\"Im\u00e1n\"}]},{\"@type\":\"WebSite\",\"@id\":\"https:\\\/\\\/www.amstelprinting.nl\\\/es\\\/#website\",\"url\":\"https:\\\/\\\/www.amstelprinting.nl\\\/es\\\/\",\"name\":\"Amstel Printing\",\"description\":\"Creating Exposure\",\"publisher\":{\"@id\":\"https:\\\/\\\/www.amstelprinting.nl\\\/es\\\/#organization\"},\"potentialAction\":[{\"@type\":\"SearchAction\",\"target\":{\"@type\":\"EntryPoint\",\"urlTemplate\":\"https:\\\/\\\/www.amstelprinting.nl\\\/es\\\/?s={search_term_string}\"},\"query-input\":{\"@type\":\"PropertyValueSpecification\",\"valueRequired\":true,\"valueName\":\"search_term_string\"}}],\"inLanguage\":\"es\"},{\"@type\":\"Organization\",\"@id\":\"https:\\\/\\\/www.amstelprinting.nl\\\/es\\\/#organization\",\"name\":\"Amstel Printing\",\"url\":\"https:\\\/\\\/www.amstelprinting.nl\\\/es\\\/\",\"logo\":{\"@type\":\"ImageObject\",\"inLanguage\":\"es\",\"@id\":\"https:\\\/\\\/www.amstelprinting.nl\\\/es\\\/#\\\/schema\\\/logo\\\/image\\\/\",\"url\":\"https:\\\/\\\/www.amstelprinting.nl\\\/wp-content\\\/uploads\\\/amstel_printing_logo_clean.png\",\"contentUrl\":\"https:\\\/\\\/www.amstelprinting.nl\\\/wp-content\\\/uploads\\\/amstel_printing_logo_clean.png\",\"width\":324,\"height\":73,\"caption\":\"Amstel Printing\"},\"image\":{\"@id\":\"https:\\\/\\\/www.amstelprinting.nl\\\/es\\\/#\\\/schema\\\/logo\\\/image\\\/\"}}]}<\/script>\n<!-- \/ Yoast SEO plugin. -->","yoast_head_json":{"title":"\u00bfPedir imanes? - Fuertes y escribibles para su organizaci\u00f3n","description":"Pida imanes personalizados de alta calidad. Disponibles a medida directamente para uso profesional. Entrega en toda Europa","robots":{"index":"index","follow":"follow","max-snippet":"max-snippet:-1","max-image-preview":"max-image-preview:large","max-video-preview":"max-video-preview:-1"},"canonical":"https:\/\/www.amstelprinting.nl\/es\/tienda\/interior\/pizarra\/iman\/","og_locale":"es_ES","og_type":"article","og_title":"\u00bfPedir imanes? - Fuertes y escribibles para su organizaci\u00f3n","og_description":"Pida imanes personalizados de alta calidad. Disponibles a medida directamente para uso profesional. Entrega en toda Europa","og_url":"https:\/\/www.amstelprinting.nl\/es\/tienda\/interior\/pizarra\/iman\/","og_site_name":"Amstel Printing","article_modified_time":"2026-02-18T11:48:43+00:00","og_image":[{"width":700,"height":700,"url":"https:\/\/www.amstelprinting.nl\/wp-content\/uploads\/Whiteboard-magneten.jpg","type":"image\/jpeg"}],"twitter_card":"summary_large_image","twitter_misc":{"Tiempo de lectura":"1 minuto"},"schema":{"@context":"https:\/\/schema.org","@graph":[{"@type":"WebPage","@id":"https:\/\/www.amstelprinting.nl\/es\/tienda\/interior\/pizarra\/iman\/","url":"https:\/\/www.amstelprinting.nl\/es\/tienda\/interior\/pizarra\/iman\/","name":"\u00bfPedir imanes? - Fuertes y escribibles para su organizaci\u00f3n","isPartOf":{"@id":"https:\/\/www.amstelprinting.nl\/es\/#website"},"primaryImageOfPage":{"@id":"https:\/\/www.amstelprinting.nl\/es\/tienda\/interior\/pizarra\/iman\/#primaryimage"},"image":{"@id":"https:\/\/www.amstelprinting.nl\/es\/tienda\/interior\/pizarra\/iman\/#primaryimage"},"thumbnailUrl":"https:\/\/www.amstelprinting.nl\/wp-content\/uploads\/Whiteboard-magneten.jpg","datePublished":"2025-01-23T19:47:59+00:00","dateModified":"2026-02-18T11:48:43+00:00","description":"Pida imanes personalizados de alta calidad. Disponibles a medida directamente para uso profesional. Entrega en toda Europa","breadcrumb":{"@id":"https:\/\/www.amstelprinting.nl\/es\/tienda\/interior\/pizarra\/iman\/#breadcrumb"},"inLanguage":"es","potentialAction":[{"@type":"ReadAction","target":["https:\/\/www.amstelprinting.nl\/es\/tienda\/interior\/pizarra\/iman\/"]}]},{"@type":"ImageObject","inLanguage":"es","@id":"https:\/\/www.amstelprinting.nl\/es\/tienda\/interior\/pizarra\/iman\/#primaryimage","url":"https:\/\/www.amstelprinting.nl\/wp-content\/uploads\/Whiteboard-magneten.jpg","contentUrl":"https:\/\/www.amstelprinting.nl\/wp-content\/uploads\/Whiteboard-magneten.jpg","width":700,"height":700},{"@type":"BreadcrumbList","@id":"https:\/\/www.amstelprinting.nl\/es\/tienda\/interior\/pizarra\/iman\/#breadcrumb","itemListElement":[{"@type":"ListItem","position":1,"name":"","item":"https:\/\/www.amstelprinting.nl\/es\/"},{"@type":"ListItem","position":2,"name":"Amstel Printing","item":"https:\/\/www.amstelprinting.nl\/es\/comercio\/"},{"@type":"ListItem","position":3,"name":"Interior","item":"https:\/\/www.amstelprinting.nl\/es\/categor\u00eda\/interior\/"},{"@type":"ListItem","position":4,"name":"Pizarra","item":"https:\/\/www.amstelprinting.nl\/es\/categor\u00eda\/interior\/pizarra\/"},{"@type":"ListItem","position":5,"name":"Im\u00e1n"}]},{"@type":"WebSite","@id":"https:\/\/www.amstelprinting.nl\/es\/#website","url":"https:\/\/www.amstelprinting.nl\/es\/","name":"Amstel Printing","description":"Creating Exposure","publisher":{"@id":"https:\/\/www.amstelprinting.nl\/es\/#organization"},"potentialAction":[{"@type":"SearchAction","target":{"@type":"EntryPoint","urlTemplate":"https:\/\/www.amstelprinting.nl\/es\/?s={search_term_string}"},"query-input":{"@type":"PropertyValueSpecification","valueRequired":true,"valueName":"search_term_string"}}],"inLanguage":"es"},{"@type":"Organization","@id":"https:\/\/www.amstelprinting.nl\/es\/#organization","name":"Amstel Printing","url":"https:\/\/www.amstelprinting.nl\/es\/","logo":{"@type":"ImageObject","inLanguage":"es","@id":"https:\/\/www.amstelprinting.nl\/es\/#\/schema\/logo\/image\/","url":"https:\/\/www.amstelprinting.nl\/wp-content\/uploads\/amstel_printing_logo_clean.png","contentUrl":"https:\/\/www.amstelprinting.nl\/wp-content\/uploads\/amstel_printing_logo_clean.png","width":324,"height":73,"caption":"Amstel Printing"},"image":{"@id":"https:\/\/www.amstelprinting.nl\/es\/#\/schema\/logo\/image\/"}}]}},"_links":{"self":[{"href":"https:\/\/www.amstelprinting.nl\/es\/wp-json\/wp\/v2\/product\/15488","targetHints":{"allow":["GET"]}}],"collection":[{"href":"https:\/\/www.amstelprinting.nl\/es\/wp-json\/wp\/v2\/product"}],"about":[{"href":"https:\/\/www.amstelprinting.nl\/es\/wp-json\/wp\/v2\/types\/product"}],"wp:featuredmedia":[{"embeddable":true,"href":"https:\/\/www.amstelprinting.nl\/es\/wp-json\/wp\/v2\/media\/15489"}],"wp:attachment":[{"href":"https:\/\/www.amstelprinting.nl\/es\/wp-json\/wp\/v2\/media?parent=15488"}],"wp:term":[{"taxonomy":"product_brand","embeddable":true,"href":"https:\/\/www.amstelprinting.nl\/es\/wp-json\/wp\/v2\/product_brand?post=15488"},{"taxonomy":"product_cat","embeddable":true,"href":"https:\/\/www.amstelprinting.nl\/es\/wp-json\/wp\/v2\/product_cat?post=15488"},{"taxonomy":"product_tag","embeddable":true,"href":"https:\/\/www.amstelprinting.nl\/es\/wp-json\/wp\/v2\/product_tag?post=15488"}],"curies":[{"name":"wp","href":"https:\/\/api.w.org\/{rel}","templated":true}]}}