{"id":15498,"date":"2025-01-23T20:47:50","date_gmt":"2025-01-23T19:47:50","guid":{"rendered":"https:\/\/www.amstelprinting.nl\/winkel\/sin%20categor\u00eda\/whiteboard-sticker\/"},"modified":"2026-02-18T12:48:44","modified_gmt":"2026-02-18T11:48:44","slug":"pegatina-de-pizarra-blanca","status":"publish","type":"product","link":"https:\/\/www.amstelprinting.nl\/es\/tienda\/interior\/pizarra\/pegatina-de-pizarra-blanca\/","title":{"rendered":"Pegatina de pizarra blanca"},"content":{"rendered":"<h3>Pegatinas de pizarra blanca: r\u00e1pidas y econ\u00f3micas de aplicar<\/h3>\n<p>\\nTransforme cualquier superficie lisa en una pizarra blanca interactiva y funcional con nuestras pegatinas de pizarra blanca de alta calidad. Perfectas para oficinas, escuelas o entornos dom\u00e9sticos. Esta soluci\u00f3n de pizarra blanca autoadhesiva ofrece una forma flexible de compartir ideas (brainstorming), planificar tareas y estimular la creatividad.\\n<\/p>\n<h3>Ventajas<\/h3>\n<p>\\n<\/p>\n<ul>\\n  <\/p>\n<li>Transforma cualquier superficie lisa en una pizarra blanca interactiva<\/li>\n<p>\\n  <\/p>\n<li>Vinilo duradero con laminado de pizarra blanca para una vida \u00fatil de m\u00e1s de tres a\u00f1os<\/li>\n<p>\\n  <\/p>\n<li>Elecci\u00f3n de diversos accesorios<\/li>\n<p>\\n<\/ul>\n<p>\\n&nbsp;\\n<\/p>\n<h3>Material<\/h3>\n<p>\\nEsta pegatina autoadhesiva est\u00e1 fabricada en vinilo duradero, provista de un laminado especial de pizarra blanca que garantiza una vida \u00fatil de m\u00e1s de tres a\u00f1os. La pegatina de pizarra blanca puede cortarse al tama\u00f1o deseado o siguiendo el contorno de su dise\u00f1o.\\n<\/p>\n<h3>Accesorios<\/h3>\n<p>\\nAdem\u00e1s, ofrecemos una gama de accesorios que facilitan a\u00fan m\u00e1s la instalaci\u00f3n. Elija entre varios accesorios de fijaci\u00f3n que se adapten a su aplicaci\u00f3n espec\u00edfica. As\u00ed, podr\u00e1 crear en un abrir y cerrar de ojos un espacio de trabajo funcional donde las ideas cobran vida y los planes se organizan.<\/p>\n","protected":false},"excerpt":{"rendered":"<h3>Se puede escribir con rotuladores borrables. Provista de impresi\u00f3n propia.<\/h3>\n<p>\\nTransforme cualquier superficie lisa en una pizarra blanca interactiva y funcional con nuestras pegatinas de pizarra blanca de alta calidad. Ya sea para oficinas, escuelas o entornos dom\u00e9sticos, esta soluci\u00f3n autoadhesiva ofrece una forma flexible de compartir ideas, planificar tareas y estimular la creatividad. Con vinilo duradero y un laminado especial de pizarra blanca, nuestra pegatina garantiza una larga vida \u00fatil y facilidad de uso, por lo que es perfecta para el uso diario.<\/p>\n","protected":false},"featured_media":15499,"template":"","meta":{"_et_pb_use_builder":"","_et_pb_old_content":"","_et_gb_content_width":""},"product_brand":[],"product_cat":[545,315,576,619],"product_tag":[],"class_list":{"0":"post-15498","1":"product","2":"type-product","3":"status-publish","4":"has-post-thumbnail","6":"product_cat-interior","7":"product_cat-pegatinas-e-impresion","8":"product_cat-pegatinas-grandes","9":"product_cat-pizarra","11":"first","12":"instock","13":"taxable","14":"shipping-taxable","15":"purchasable","16":"product-type-simple"},"yoast_head":"<!-- This site is optimized with the Yoast SEO plugin v27.3 - https:\/\/yoast.com\/product\/yoast-seo-wordpress\/ -->\n<title>Pegatina de pizarra blanca - personalizable, duradera y entrega r\u00e1pida<\/title>\n<meta name=\"description\" content=\"Pida nuestras pegatinas de pizarra blanca duraderas. Listas para usar, totalmente a medida e incluyen accesorios para un inicio impecable.\" \/>\n<meta name=\"robots\" content=\"index, follow, max-snippet:-1, max-image-preview:large, max-video-preview:-1\" \/>\n<link rel=\"canonical\" href=\"https:\/\/www.amstelprinting.nl\/es\/tienda\/interior\/pizarra\/pegatina-de-pizarra-blanca\/\" \/>\n<meta property=\"og:locale\" content=\"es_ES\" \/>\n<meta property=\"og:type\" content=\"article\" \/>\n<meta property=\"og:title\" content=\"Pegatina de pizarra blanca - personalizable, duradera y entrega r\u00e1pida\" \/>\n<meta property=\"og:description\" content=\"Pida nuestras pegatinas de pizarra blanca duraderas. Listas para usar, totalmente a medida e incluyen accesorios para un inicio impecable.\" \/>\n<meta property=\"og:url\" content=\"https:\/\/www.amstelprinting.nl\/es\/tienda\/interior\/pizarra\/pegatina-de-pizarra-blanca\/\" \/>\n<meta property=\"og:site_name\" content=\"Amstel Printing\" \/>\n<meta property=\"article:modified_time\" content=\"2026-02-18T11:48:44+00:00\" \/>\n<meta property=\"og:image\" content=\"https:\/\/www.amstelprinting.nl\/wp-content\/uploads\/Whiteboard-sticker.jpg\" \/>\n\t<meta property=\"og:image:width\" content=\"700\" \/>\n\t<meta property=\"og:image:height\" content=\"700\" \/>\n\t<meta property=\"og:image:type\" content=\"image\/jpeg\" \/>\n<meta name=\"twitter:card\" content=\"summary_large_image\" \/>\n<meta name=\"twitter:label1\" content=\"Tiempo de lectura\" \/>\n\t<meta name=\"twitter:data1\" content=\"1 minuto\" \/>\n<script type=\"application\/ld+json\" class=\"yoast-schema-graph\">{\"@context\":\"https:\\\/\\\/schema.org\",\"@graph\":[{\"@type\":\"WebPage\",\"@id\":\"https:\\\/\\\/www.amstelprinting.nl\\\/es\\\/tienda\\\/interior\\\/pizarra\\\/pegatina-de-pizarra-blanca\\\/\",\"url\":\"https:\\\/\\\/www.amstelprinting.nl\\\/es\\\/tienda\\\/interior\\\/pizarra\\\/pegatina-de-pizarra-blanca\\\/\",\"name\":\"Pegatina de pizarra blanca - personalizable, duradera y entrega r\u00e1pida\",\"isPartOf\":{\"@id\":\"https:\\\/\\\/www.amstelprinting.nl\\\/es\\\/#website\"},\"primaryImageOfPage\":{\"@id\":\"https:\\\/\\\/www.amstelprinting.nl\\\/es\\\/tienda\\\/interior\\\/pizarra\\\/pegatina-de-pizarra-blanca\\\/#primaryimage\"},\"image\":{\"@id\":\"https:\\\/\\\/www.amstelprinting.nl\\\/es\\\/tienda\\\/interior\\\/pizarra\\\/pegatina-de-pizarra-blanca\\\/#primaryimage\"},\"thumbnailUrl\":\"https:\\\/\\\/www.amstelprinting.nl\\\/wp-content\\\/uploads\\\/Whiteboard-sticker.jpg\",\"datePublished\":\"2025-01-23T19:47:50+00:00\",\"dateModified\":\"2026-02-18T11:48:44+00:00\",\"description\":\"Pida nuestras pegatinas de pizarra blanca duraderas. Listas para usar, totalmente a medida e incluyen accesorios para un inicio impecable.\",\"breadcrumb\":{\"@id\":\"https:\\\/\\\/www.amstelprinting.nl\\\/es\\\/tienda\\\/interior\\\/pizarra\\\/pegatina-de-pizarra-blanca\\\/#breadcrumb\"},\"inLanguage\":\"es\",\"potentialAction\":[{\"@type\":\"ReadAction\",\"target\":[\"https:\\\/\\\/www.amstelprinting.nl\\\/es\\\/tienda\\\/interior\\\/pizarra\\\/pegatina-de-pizarra-blanca\\\/\"]}]},{\"@type\":\"ImageObject\",\"inLanguage\":\"es\",\"@id\":\"https:\\\/\\\/www.amstelprinting.nl\\\/es\\\/tienda\\\/interior\\\/pizarra\\\/pegatina-de-pizarra-blanca\\\/#primaryimage\",\"url\":\"https:\\\/\\\/www.amstelprinting.nl\\\/wp-content\\\/uploads\\\/Whiteboard-sticker.jpg\",\"contentUrl\":\"https:\\\/\\\/www.amstelprinting.nl\\\/wp-content\\\/uploads\\\/Whiteboard-sticker.jpg\",\"width\":700,\"height\":700},{\"@type\":\"BreadcrumbList\",\"@id\":\"https:\\\/\\\/www.amstelprinting.nl\\\/es\\\/tienda\\\/interior\\\/pizarra\\\/pegatina-de-pizarra-blanca\\\/#breadcrumb\",\"itemListElement\":[{\"@type\":\"ListItem\",\"position\":1,\"name\":\"\",\"item\":\"https:\\\/\\\/www.amstelprinting.nl\\\/es\\\/\"},{\"@type\":\"ListItem\",\"position\":2,\"name\":\"Amstel Printing\",\"item\":\"https:\\\/\\\/www.amstelprinting.nl\\\/es\\\/comercio\\\/\"},{\"@type\":\"ListItem\",\"position\":3,\"name\":\"Interior\",\"item\":\"https:\\\/\\\/www.amstelprinting.nl\\\/es\\\/categor\u00eda\\\/interior\\\/\"},{\"@type\":\"ListItem\",\"position\":4,\"name\":\"Pizarra\",\"item\":\"https:\\\/\\\/www.amstelprinting.nl\\\/es\\\/categor\u00eda\\\/interior\\\/pizarra\\\/\"},{\"@type\":\"ListItem\",\"position\":5,\"name\":\"Pegatina de pizarra blanca\"}]},{\"@type\":\"WebSite\",\"@id\":\"https:\\\/\\\/www.amstelprinting.nl\\\/es\\\/#website\",\"url\":\"https:\\\/\\\/www.amstelprinting.nl\\\/es\\\/\",\"name\":\"Amstel Printing\",\"description\":\"Creating Exposure\",\"publisher\":{\"@id\":\"https:\\\/\\\/www.amstelprinting.nl\\\/es\\\/#organization\"},\"potentialAction\":[{\"@type\":\"SearchAction\",\"target\":{\"@type\":\"EntryPoint\",\"urlTemplate\":\"https:\\\/\\\/www.amstelprinting.nl\\\/es\\\/?s={search_term_string}\"},\"query-input\":{\"@type\":\"PropertyValueSpecification\",\"valueRequired\":true,\"valueName\":\"search_term_string\"}}],\"inLanguage\":\"es\"},{\"@type\":\"Organization\",\"@id\":\"https:\\\/\\\/www.amstelprinting.nl\\\/es\\\/#organization\",\"name\":\"Amstel Printing\",\"url\":\"https:\\\/\\\/www.amstelprinting.nl\\\/es\\\/\",\"logo\":{\"@type\":\"ImageObject\",\"inLanguage\":\"es\",\"@id\":\"https:\\\/\\\/www.amstelprinting.nl\\\/es\\\/#\\\/schema\\\/logo\\\/image\\\/\",\"url\":\"https:\\\/\\\/www.amstelprinting.nl\\\/wp-content\\\/uploads\\\/amstel_printing_logo_clean.png\",\"contentUrl\":\"https:\\\/\\\/www.amstelprinting.nl\\\/wp-content\\\/uploads\\\/amstel_printing_logo_clean.png\",\"width\":324,\"height\":73,\"caption\":\"Amstel Printing\"},\"image\":{\"@id\":\"https:\\\/\\\/www.amstelprinting.nl\\\/es\\\/#\\\/schema\\\/logo\\\/image\\\/\"}}]}<\/script>\n<!-- \/ Yoast SEO plugin. -->","yoast_head_json":{"title":"Pegatina de pizarra blanca - personalizable, duradera y entrega r\u00e1pida","description":"Pida nuestras pegatinas de pizarra blanca duraderas. Listas para usar, totalmente a medida e incluyen accesorios para un inicio impecable.","robots":{"index":"index","follow":"follow","max-snippet":"max-snippet:-1","max-image-preview":"max-image-preview:large","max-video-preview":"max-video-preview:-1"},"canonical":"https:\/\/www.amstelprinting.nl\/es\/tienda\/interior\/pizarra\/pegatina-de-pizarra-blanca\/","og_locale":"es_ES","og_type":"article","og_title":"Pegatina de pizarra blanca - personalizable, duradera y entrega r\u00e1pida","og_description":"Pida nuestras pegatinas de pizarra blanca duraderas. Listas para usar, totalmente a medida e incluyen accesorios para un inicio impecable.","og_url":"https:\/\/www.amstelprinting.nl\/es\/tienda\/interior\/pizarra\/pegatina-de-pizarra-blanca\/","og_site_name":"Amstel Printing","article_modified_time":"2026-02-18T11:48:44+00:00","og_image":[{"width":700,"height":700,"url":"https:\/\/www.amstelprinting.nl\/wp-content\/uploads\/Whiteboard-sticker.jpg","type":"image\/jpeg"}],"twitter_card":"summary_large_image","twitter_misc":{"Tiempo de lectura":"1 minuto"},"schema":{"@context":"https:\/\/schema.org","@graph":[{"@type":"WebPage","@id":"https:\/\/www.amstelprinting.nl\/es\/tienda\/interior\/pizarra\/pegatina-de-pizarra-blanca\/","url":"https:\/\/www.amstelprinting.nl\/es\/tienda\/interior\/pizarra\/pegatina-de-pizarra-blanca\/","name":"Pegatina de pizarra blanca - personalizable, duradera y entrega r\u00e1pida","isPartOf":{"@id":"https:\/\/www.amstelprinting.nl\/es\/#website"},"primaryImageOfPage":{"@id":"https:\/\/www.amstelprinting.nl\/es\/tienda\/interior\/pizarra\/pegatina-de-pizarra-blanca\/#primaryimage"},"image":{"@id":"https:\/\/www.amstelprinting.nl\/es\/tienda\/interior\/pizarra\/pegatina-de-pizarra-blanca\/#primaryimage"},"thumbnailUrl":"https:\/\/www.amstelprinting.nl\/wp-content\/uploads\/Whiteboard-sticker.jpg","datePublished":"2025-01-23T19:47:50+00:00","dateModified":"2026-02-18T11:48:44+00:00","description":"Pida nuestras pegatinas de pizarra blanca duraderas. Listas para usar, totalmente a medida e incluyen accesorios para un inicio impecable.","breadcrumb":{"@id":"https:\/\/www.amstelprinting.nl\/es\/tienda\/interior\/pizarra\/pegatina-de-pizarra-blanca\/#breadcrumb"},"inLanguage":"es","potentialAction":[{"@type":"ReadAction","target":["https:\/\/www.amstelprinting.nl\/es\/tienda\/interior\/pizarra\/pegatina-de-pizarra-blanca\/"]}]},{"@type":"ImageObject","inLanguage":"es","@id":"https:\/\/www.amstelprinting.nl\/es\/tienda\/interior\/pizarra\/pegatina-de-pizarra-blanca\/#primaryimage","url":"https:\/\/www.amstelprinting.nl\/wp-content\/uploads\/Whiteboard-sticker.jpg","contentUrl":"https:\/\/www.amstelprinting.nl\/wp-content\/uploads\/Whiteboard-sticker.jpg","width":700,"height":700},{"@type":"BreadcrumbList","@id":"https:\/\/www.amstelprinting.nl\/es\/tienda\/interior\/pizarra\/pegatina-de-pizarra-blanca\/#breadcrumb","itemListElement":[{"@type":"ListItem","position":1,"name":"","item":"https:\/\/www.amstelprinting.nl\/es\/"},{"@type":"ListItem","position":2,"name":"Amstel Printing","item":"https:\/\/www.amstelprinting.nl\/es\/comercio\/"},{"@type":"ListItem","position":3,"name":"Interior","item":"https:\/\/www.amstelprinting.nl\/es\/categor\u00eda\/interior\/"},{"@type":"ListItem","position":4,"name":"Pizarra","item":"https:\/\/www.amstelprinting.nl\/es\/categor\u00eda\/interior\/pizarra\/"},{"@type":"ListItem","position":5,"name":"Pegatina de pizarra blanca"}]},{"@type":"WebSite","@id":"https:\/\/www.amstelprinting.nl\/es\/#website","url":"https:\/\/www.amstelprinting.nl\/es\/","name":"Amstel Printing","description":"Creating Exposure","publisher":{"@id":"https:\/\/www.amstelprinting.nl\/es\/#organization"},"potentialAction":[{"@type":"SearchAction","target":{"@type":"EntryPoint","urlTemplate":"https:\/\/www.amstelprinting.nl\/es\/?s={search_term_string}"},"query-input":{"@type":"PropertyValueSpecification","valueRequired":true,"valueName":"search_term_string"}}],"inLanguage":"es"},{"@type":"Organization","@id":"https:\/\/www.amstelprinting.nl\/es\/#organization","name":"Amstel Printing","url":"https:\/\/www.amstelprinting.nl\/es\/","logo":{"@type":"ImageObject","inLanguage":"es","@id":"https:\/\/www.amstelprinting.nl\/es\/#\/schema\/logo\/image\/","url":"https:\/\/www.amstelprinting.nl\/wp-content\/uploads\/amstel_printing_logo_clean.png","contentUrl":"https:\/\/www.amstelprinting.nl\/wp-content\/uploads\/amstel_printing_logo_clean.png","width":324,"height":73,"caption":"Amstel Printing"},"image":{"@id":"https:\/\/www.amstelprinting.nl\/es\/#\/schema\/logo\/image\/"}}]}},"_links":{"self":[{"href":"https:\/\/www.amstelprinting.nl\/es\/wp-json\/wp\/v2\/product\/15498","targetHints":{"allow":["GET"]}}],"collection":[{"href":"https:\/\/www.amstelprinting.nl\/es\/wp-json\/wp\/v2\/product"}],"about":[{"href":"https:\/\/www.amstelprinting.nl\/es\/wp-json\/wp\/v2\/types\/product"}],"wp:featuredmedia":[{"embeddable":true,"href":"https:\/\/www.amstelprinting.nl\/es\/wp-json\/wp\/v2\/media\/15499"}],"wp:attachment":[{"href":"https:\/\/www.amstelprinting.nl\/es\/wp-json\/wp\/v2\/media?parent=15498"}],"wp:term":[{"taxonomy":"product_brand","embeddable":true,"href":"https:\/\/www.amstelprinting.nl\/es\/wp-json\/wp\/v2\/product_brand?post=15498"},{"taxonomy":"product_cat","embeddable":true,"href":"https:\/\/www.amstelprinting.nl\/es\/wp-json\/wp\/v2\/product_cat?post=15498"},{"taxonomy":"product_tag","embeddable":true,"href":"https:\/\/www.amstelprinting.nl\/es\/wp-json\/wp\/v2\/product_tag?post=15498"}],"curies":[{"name":"wp","href":"https:\/\/api.w.org\/{rel}","templated":true}]}}