{"id":15512,"date":"2025-01-23T20:47:39","date_gmt":"2025-01-23T19:47:39","guid":{"rendered":"https:\/\/www.amstelprinting.nl\/winkel\/sin%20categor\u00eda\/dekbedovertrek\/"},"modified":"2026-02-18T12:48:45","modified_gmt":"2026-02-18T11:48:45","slug":"funda-nordica","status":"publish","type":"product","link":"https:\/\/www.amstelprinting.nl\/es\/tienda\/interior\/casa-y-amp-industria-de-la-restauracion\/funda-nordica\/","title":{"rendered":"Funda n\u00f3rdica"},"content":{"rendered":"<h3>Imprimir funda n\u00f3rdica<\/h3>\n<p>Haga una declaraci\u00f3n de intenciones en su interior con ropa de cama que no solo es funcional, sino tambi\u00e9n elegante. Dise\u00f1e f\u00e1cilmente su propia funda n\u00f3rdica con ayuda de nuestras pr\u00e1cticas plantillas. Elija hoy mismo la calidad y el confort de nuestras fundas n\u00f3rdicas y experimente usted mismo la diferencia que puede marcar una funda n\u00f3rdica perfectamente hecha a medida.<\/p>\n<h3>Ventajas<\/h3>\n<ul>\n<li>Su impresi\u00f3n estampada por ambas caras<\/li>\n<li>Disponible en dos materiales de alta calidad<\/li>\n<li>Amplia gama de formatos<\/li>\n<li>Elija su propio dise\u00f1o o un patr\u00f3n existente<\/li>\n<\/ul>\n<p>&nbsp;<\/p>\n<h3>Fabricado en poli\u00e9ster suave y duradero<\/h3>\n<p>Las fundas n\u00f3rdicas est\u00e1n fabricadas en poli\u00e9ster de alta calidad que se siente suave, es resistente al desgaste y se mantiene bonito durante mucho tiempo. Gracias a una t\u00e9cnica de impresi\u00f3n innovadora con tinta sostenible a base de agua, su dise\u00f1o se aplica de forma n\u00edtida y con colores s\u00f3lidos sobre la funda n\u00f3rdica. Adem\u00e1s, el poli\u00e9ster es f\u00e1cil de mantener, de secado r\u00e1pido y pr\u00e1cticamente no se arruga.<\/p>\n<h3>Formatos<\/h3>\n<p>Nuestras fundas n\u00f3rdicas est\u00e1n disponibles en tama\u00f1os junior, individual, doble y lits-jumeaux, en una amplia gama de dimensiones. Elija entre una solapa recta para un acabado cl\u00e1sico o una solapa de cuello de botella para un aspecto moderno y mayor facilidad al hacer la cama. Para un look completo, puede optar por cojines a juego, que est\u00e1n disponibles en cuatro tama\u00f1os diferentes. Nota: las fundas n\u00f3rdicas se suministran sin cojines, que pueden pedirse por separado.<\/p>\n<h3>Acabado y dise\u00f1o<\/h3>\n<p>Nuestras fundas n\u00f3rdicas est\u00e1n acabadas con hilos blancos o negros a su elecci\u00f3n, para que pueda adaptar el acabado a su interior. Para un toque verdaderamente personal, puede encargar su funda n\u00f3rdica con un dise\u00f1o propio o elegir entre uno de nuestros patrones existentes. Un consejo creativo: considere tambi\u00e9n dar a cada lado de la funda n\u00f3rdica un dise\u00f1o diferente para un aspecto extra alegre y \u00fanico. Crear su funda n\u00f3rdica ideal es sencillo utilizando nuestras pr\u00e1cticas plantillas, que puede descargar para facilitar su dise\u00f1o.<\/p>\n","protected":false},"excerpt":{"rendered":"<h3>Provisto de impresi\u00f3n propia<\/h3>\n<p>Ya sea un hotelero que busca la ropa de cama definitiva para una experiencia de lujo del cliente o desee dise\u00f1ar su propia funda n\u00f3rdica, nuestras fundas n\u00f3rdicas de alta calidad ofrecen la soluci\u00f3n perfecta. Con una selecci\u00f3n de dos materiales premium y numerosas opciones a medida, puede encontrar una funda n\u00f3rdica que no solo embellezca su interior sino que tambi\u00e9n eleve su confort al dormir a un nivel superior.<\/p>\n","protected":false},"featured_media":15514,"template":"","meta":{"_et_pb_use_builder":"","_et_pb_old_content":"","_et_gb_content_width":""},"product_brand":[],"product_cat":[565,545],"product_tag":[],"class_list":{"0":"post-15512","1":"product","2":"type-product","3":"status-publish","4":"has-post-thumbnail","6":"product_cat-casa-y-amp-industria-de-la-restauracion","7":"product_cat-interior","9":"first","10":"instock","11":"taxable","12":"shipping-taxable","13":"purchasable","14":"product-type-simple"},"yoast_head":"<!-- This site is optimized with the Yoast SEO plugin v27.3 - https:\/\/yoast.com\/product\/yoast-seo-wordpress\/ -->\n<title>Funda n\u00f3rdica | Amstel Printing<\/title>\n<meta name=\"robots\" content=\"index, follow, max-snippet:-1, max-image-preview:large, max-video-preview:-1\" \/>\n<link rel=\"canonical\" href=\"https:\/\/www.amstelprinting.nl\/es\/tienda\/interior\/casa-y-amp-industria-de-la-restauracion\/funda-nordica\/\" \/>\n<meta property=\"og:locale\" content=\"es_ES\" \/>\n<meta property=\"og:type\" content=\"article\" \/>\n<meta property=\"og:title\" content=\"Funda n\u00f3rdica | Amstel Printing\" \/>\n<meta property=\"og:description\" content=\"Provisto de impresi\u00f3n propia Ya sea un hotelero que busca la ropa de cama definitiva para una experiencia de lujo del cliente o desee dise\u00f1ar su propia funda n\u00f3rdica, nuestras fundas n\u00f3rdicas de alta calidad ofrecen la soluci\u00f3n perfecta. Con una selecci\u00f3n de dos materiales premium y numerosas opciones a medida, puede encontrar una funda n\u00f3rdica que no solo embellezca su interior sino que tambi\u00e9n eleve su confort al dormir a un nivel superior.\" \/>\n<meta property=\"og:url\" content=\"https:\/\/www.amstelprinting.nl\/es\/tienda\/interior\/casa-y-amp-industria-de-la-restauracion\/funda-nordica\/\" \/>\n<meta property=\"og:site_name\" content=\"Amstel Printing\" \/>\n<meta property=\"article:modified_time\" content=\"2026-02-18T11:48:45+00:00\" \/>\n<meta property=\"og:image\" content=\"https:\/\/www.amstelprinting.nl\/wp-content\/uploads\/Dekbedovertrek.jpg\" \/>\n\t<meta property=\"og:image:width\" content=\"700\" \/>\n\t<meta property=\"og:image:height\" content=\"700\" \/>\n\t<meta property=\"og:image:type\" content=\"image\/jpeg\" \/>\n<meta name=\"twitter:card\" content=\"summary_large_image\" \/>\n<meta name=\"twitter:label1\" content=\"Tiempo de lectura\" \/>\n\t<meta name=\"twitter:data1\" content=\"2 minutos\" \/>\n<script type=\"application\/ld+json\" class=\"yoast-schema-graph\">{\"@context\":\"https:\\\/\\\/schema.org\",\"@graph\":[{\"@type\":\"WebPage\",\"@id\":\"https:\\\/\\\/www.amstelprinting.nl\\\/es\\\/tienda\\\/interior\\\/casa-y-amp-industria-de-la-restauracion\\\/funda-nordica\\\/\",\"url\":\"https:\\\/\\\/www.amstelprinting.nl\\\/es\\\/tienda\\\/interior\\\/casa-y-amp-industria-de-la-restauracion\\\/funda-nordica\\\/\",\"name\":\"Funda n\u00f3rdica | Amstel Printing\",\"isPartOf\":{\"@id\":\"https:\\\/\\\/www.amstelprinting.nl\\\/es\\\/#website\"},\"primaryImageOfPage\":{\"@id\":\"https:\\\/\\\/www.amstelprinting.nl\\\/es\\\/tienda\\\/interior\\\/casa-y-amp-industria-de-la-restauracion\\\/funda-nordica\\\/#primaryimage\"},\"image\":{\"@id\":\"https:\\\/\\\/www.amstelprinting.nl\\\/es\\\/tienda\\\/interior\\\/casa-y-amp-industria-de-la-restauracion\\\/funda-nordica\\\/#primaryimage\"},\"thumbnailUrl\":\"https:\\\/\\\/www.amstelprinting.nl\\\/wp-content\\\/uploads\\\/Dekbedovertrek.jpg\",\"datePublished\":\"2025-01-23T19:47:39+00:00\",\"dateModified\":\"2026-02-18T11:48:45+00:00\",\"breadcrumb\":{\"@id\":\"https:\\\/\\\/www.amstelprinting.nl\\\/es\\\/tienda\\\/interior\\\/casa-y-amp-industria-de-la-restauracion\\\/funda-nordica\\\/#breadcrumb\"},\"inLanguage\":\"es\",\"potentialAction\":[{\"@type\":\"ReadAction\",\"target\":[\"https:\\\/\\\/www.amstelprinting.nl\\\/es\\\/tienda\\\/interior\\\/casa-y-amp-industria-de-la-restauracion\\\/funda-nordica\\\/\"]}]},{\"@type\":\"ImageObject\",\"inLanguage\":\"es\",\"@id\":\"https:\\\/\\\/www.amstelprinting.nl\\\/es\\\/tienda\\\/interior\\\/casa-y-amp-industria-de-la-restauracion\\\/funda-nordica\\\/#primaryimage\",\"url\":\"https:\\\/\\\/www.amstelprinting.nl\\\/wp-content\\\/uploads\\\/Dekbedovertrek.jpg\",\"contentUrl\":\"https:\\\/\\\/www.amstelprinting.nl\\\/wp-content\\\/uploads\\\/Dekbedovertrek.jpg\",\"width\":700,\"height\":700},{\"@type\":\"BreadcrumbList\",\"@id\":\"https:\\\/\\\/www.amstelprinting.nl\\\/es\\\/tienda\\\/interior\\\/casa-y-amp-industria-de-la-restauracion\\\/funda-nordica\\\/#breadcrumb\",\"itemListElement\":[{\"@type\":\"ListItem\",\"position\":1,\"name\":\"\",\"item\":\"https:\\\/\\\/www.amstelprinting.nl\\\/es\\\/\"},{\"@type\":\"ListItem\",\"position\":2,\"name\":\"Amstel Printing\",\"item\":\"https:\\\/\\\/www.amstelprinting.nl\\\/es\\\/comercio\\\/\"},{\"@type\":\"ListItem\",\"position\":3,\"name\":\"Interior\",\"item\":\"https:\\\/\\\/www.amstelprinting.nl\\\/es\\\/categor\u00eda\\\/interior\\\/\"},{\"@type\":\"ListItem\",\"position\":4,\"name\":\"Casa y amp; industria de la restauraci\u00f3n\",\"item\":\"https:\\\/\\\/www.amstelprinting.nl\\\/es\\\/categor\u00eda\\\/interior\\\/casa-y-amp-industria-de-la-restauracion\\\/\"},{\"@type\":\"ListItem\",\"position\":5,\"name\":\"Funda n\u00f3rdica\"}]},{\"@type\":\"WebSite\",\"@id\":\"https:\\\/\\\/www.amstelprinting.nl\\\/es\\\/#website\",\"url\":\"https:\\\/\\\/www.amstelprinting.nl\\\/es\\\/\",\"name\":\"Amstel Printing\",\"description\":\"Creating Exposure\",\"publisher\":{\"@id\":\"https:\\\/\\\/www.amstelprinting.nl\\\/es\\\/#organization\"},\"potentialAction\":[{\"@type\":\"SearchAction\",\"target\":{\"@type\":\"EntryPoint\",\"urlTemplate\":\"https:\\\/\\\/www.amstelprinting.nl\\\/es\\\/?s={search_term_string}\"},\"query-input\":{\"@type\":\"PropertyValueSpecification\",\"valueRequired\":true,\"valueName\":\"search_term_string\"}}],\"inLanguage\":\"es\"},{\"@type\":\"Organization\",\"@id\":\"https:\\\/\\\/www.amstelprinting.nl\\\/es\\\/#organization\",\"name\":\"Amstel Printing\",\"url\":\"https:\\\/\\\/www.amstelprinting.nl\\\/es\\\/\",\"logo\":{\"@type\":\"ImageObject\",\"inLanguage\":\"es\",\"@id\":\"https:\\\/\\\/www.amstelprinting.nl\\\/es\\\/#\\\/schema\\\/logo\\\/image\\\/\",\"url\":\"https:\\\/\\\/www.amstelprinting.nl\\\/wp-content\\\/uploads\\\/amstel_printing_logo_clean.png\",\"contentUrl\":\"https:\\\/\\\/www.amstelprinting.nl\\\/wp-content\\\/uploads\\\/amstel_printing_logo_clean.png\",\"width\":324,\"height\":73,\"caption\":\"Amstel Printing\"},\"image\":{\"@id\":\"https:\\\/\\\/www.amstelprinting.nl\\\/es\\\/#\\\/schema\\\/logo\\\/image\\\/\"}}]}<\/script>\n<!-- \/ Yoast SEO plugin. -->","yoast_head_json":{"title":"Funda n\u00f3rdica | Amstel Printing","robots":{"index":"index","follow":"follow","max-snippet":"max-snippet:-1","max-image-preview":"max-image-preview:large","max-video-preview":"max-video-preview:-1"},"canonical":"https:\/\/www.amstelprinting.nl\/es\/tienda\/interior\/casa-y-amp-industria-de-la-restauracion\/funda-nordica\/","og_locale":"es_ES","og_type":"article","og_title":"Funda n\u00f3rdica | Amstel Printing","og_description":"Provisto de impresi\u00f3n propia Ya sea un hotelero que busca la ropa de cama definitiva para una experiencia de lujo del cliente o desee dise\u00f1ar su propia funda n\u00f3rdica, nuestras fundas n\u00f3rdicas de alta calidad ofrecen la soluci\u00f3n perfecta. Con una selecci\u00f3n de dos materiales premium y numerosas opciones a medida, puede encontrar una funda n\u00f3rdica que no solo embellezca su interior sino que tambi\u00e9n eleve su confort al dormir a un nivel superior.","og_url":"https:\/\/www.amstelprinting.nl\/es\/tienda\/interior\/casa-y-amp-industria-de-la-restauracion\/funda-nordica\/","og_site_name":"Amstel Printing","article_modified_time":"2026-02-18T11:48:45+00:00","og_image":[{"width":700,"height":700,"url":"https:\/\/www.amstelprinting.nl\/wp-content\/uploads\/Dekbedovertrek.jpg","type":"image\/jpeg"}],"twitter_card":"summary_large_image","twitter_misc":{"Tiempo de lectura":"2 minutos"},"schema":{"@context":"https:\/\/schema.org","@graph":[{"@type":"WebPage","@id":"https:\/\/www.amstelprinting.nl\/es\/tienda\/interior\/casa-y-amp-industria-de-la-restauracion\/funda-nordica\/","url":"https:\/\/www.amstelprinting.nl\/es\/tienda\/interior\/casa-y-amp-industria-de-la-restauracion\/funda-nordica\/","name":"Funda n\u00f3rdica | Amstel Printing","isPartOf":{"@id":"https:\/\/www.amstelprinting.nl\/es\/#website"},"primaryImageOfPage":{"@id":"https:\/\/www.amstelprinting.nl\/es\/tienda\/interior\/casa-y-amp-industria-de-la-restauracion\/funda-nordica\/#primaryimage"},"image":{"@id":"https:\/\/www.amstelprinting.nl\/es\/tienda\/interior\/casa-y-amp-industria-de-la-restauracion\/funda-nordica\/#primaryimage"},"thumbnailUrl":"https:\/\/www.amstelprinting.nl\/wp-content\/uploads\/Dekbedovertrek.jpg","datePublished":"2025-01-23T19:47:39+00:00","dateModified":"2026-02-18T11:48:45+00:00","breadcrumb":{"@id":"https:\/\/www.amstelprinting.nl\/es\/tienda\/interior\/casa-y-amp-industria-de-la-restauracion\/funda-nordica\/#breadcrumb"},"inLanguage":"es","potentialAction":[{"@type":"ReadAction","target":["https:\/\/www.amstelprinting.nl\/es\/tienda\/interior\/casa-y-amp-industria-de-la-restauracion\/funda-nordica\/"]}]},{"@type":"ImageObject","inLanguage":"es","@id":"https:\/\/www.amstelprinting.nl\/es\/tienda\/interior\/casa-y-amp-industria-de-la-restauracion\/funda-nordica\/#primaryimage","url":"https:\/\/www.amstelprinting.nl\/wp-content\/uploads\/Dekbedovertrek.jpg","contentUrl":"https:\/\/www.amstelprinting.nl\/wp-content\/uploads\/Dekbedovertrek.jpg","width":700,"height":700},{"@type":"BreadcrumbList","@id":"https:\/\/www.amstelprinting.nl\/es\/tienda\/interior\/casa-y-amp-industria-de-la-restauracion\/funda-nordica\/#breadcrumb","itemListElement":[{"@type":"ListItem","position":1,"name":"","item":"https:\/\/www.amstelprinting.nl\/es\/"},{"@type":"ListItem","position":2,"name":"Amstel Printing","item":"https:\/\/www.amstelprinting.nl\/es\/comercio\/"},{"@type":"ListItem","position":3,"name":"Interior","item":"https:\/\/www.amstelprinting.nl\/es\/categor\u00eda\/interior\/"},{"@type":"ListItem","position":4,"name":"Casa y amp; industria de la restauraci\u00f3n","item":"https:\/\/www.amstelprinting.nl\/es\/categor\u00eda\/interior\/casa-y-amp-industria-de-la-restauracion\/"},{"@type":"ListItem","position":5,"name":"Funda n\u00f3rdica"}]},{"@type":"WebSite","@id":"https:\/\/www.amstelprinting.nl\/es\/#website","url":"https:\/\/www.amstelprinting.nl\/es\/","name":"Amstel Printing","description":"Creating Exposure","publisher":{"@id":"https:\/\/www.amstelprinting.nl\/es\/#organization"},"potentialAction":[{"@type":"SearchAction","target":{"@type":"EntryPoint","urlTemplate":"https:\/\/www.amstelprinting.nl\/es\/?s={search_term_string}"},"query-input":{"@type":"PropertyValueSpecification","valueRequired":true,"valueName":"search_term_string"}}],"inLanguage":"es"},{"@type":"Organization","@id":"https:\/\/www.amstelprinting.nl\/es\/#organization","name":"Amstel Printing","url":"https:\/\/www.amstelprinting.nl\/es\/","logo":{"@type":"ImageObject","inLanguage":"es","@id":"https:\/\/www.amstelprinting.nl\/es\/#\/schema\/logo\/image\/","url":"https:\/\/www.amstelprinting.nl\/wp-content\/uploads\/amstel_printing_logo_clean.png","contentUrl":"https:\/\/www.amstelprinting.nl\/wp-content\/uploads\/amstel_printing_logo_clean.png","width":324,"height":73,"caption":"Amstel Printing"},"image":{"@id":"https:\/\/www.amstelprinting.nl\/es\/#\/schema\/logo\/image\/"}}]}},"_links":{"self":[{"href":"https:\/\/www.amstelprinting.nl\/es\/wp-json\/wp\/v2\/product\/15512","targetHints":{"allow":["GET"]}}],"collection":[{"href":"https:\/\/www.amstelprinting.nl\/es\/wp-json\/wp\/v2\/product"}],"about":[{"href":"https:\/\/www.amstelprinting.nl\/es\/wp-json\/wp\/v2\/types\/product"}],"wp:featuredmedia":[{"embeddable":true,"href":"https:\/\/www.amstelprinting.nl\/es\/wp-json\/wp\/v2\/media\/15514"}],"wp:attachment":[{"href":"https:\/\/www.amstelprinting.nl\/es\/wp-json\/wp\/v2\/media?parent=15512"}],"wp:term":[{"taxonomy":"product_brand","embeddable":true,"href":"https:\/\/www.amstelprinting.nl\/es\/wp-json\/wp\/v2\/product_brand?post=15512"},{"taxonomy":"product_cat","embeddable":true,"href":"https:\/\/www.amstelprinting.nl\/es\/wp-json\/wp\/v2\/product_cat?post=15512"},{"taxonomy":"product_tag","embeddable":true,"href":"https:\/\/www.amstelprinting.nl\/es\/wp-json\/wp\/v2\/product_tag?post=15512"}],"curies":[{"name":"wp","href":"https:\/\/api.w.org\/{rel}","templated":true}]}}