{"id":15533,"date":"2025-01-23T20:47:26","date_gmt":"2025-01-23T19:47:26","guid":{"rendered":"https:\/\/www.amstelprinting.nl\/winkel\/sin%20categor\u00eda\/muismat\/"},"modified":"2026-02-18T12:48:45","modified_gmt":"2026-02-18T11:48:45","slug":"alfombrilla-de-raton","status":"publish","type":"product","link":"https:\/\/www.amstelprinting.nl\/es\/tienda\/interior\/casa-y-amp-industria-de-la-restauracion\/alfombrilla-de-raton\/","title":{"rendered":"Alfombrilla de rat\u00f3n"},"content":{"rendered":"<h3>Ventajas de imprimir alfombrillas de rat\u00f3n<\/h3>\n<ul>\n<li>Fabricada en vinilo para suelos duradero<\/li>\n<li>Ofrece comodidad y soporte durante el uso prolongado<\/li>\n<li>Equipada con certificado B1<\/li>\n<li>Elija su propio dise\u00f1o o uno de los patrones existentes<\/li>\n<\/ul>\n<p>&nbsp;<\/p>\n<h3>Material<\/h3>\n<p>Nuestras alfombrillas de rat\u00f3n est\u00e1n fabricadas con vinilo para suelos duradero, con una parte frontal texturizada y una parte posterior de espuma. Nuestras alfombrillas de rat\u00f3n impresas ofrecen una experiencia de trabajo agradable para el uso diario. La parte frontal es hidr\u00f3fuga y f\u00e1cil de limpiar. Esto las hace ideales tanto para el hogar como para la oficina. La alfombrilla de rat\u00f3n impresa cuenta con el certificado B1 de seguridad contra incendios. Haga imprimir su alfombrilla de rat\u00f3n en el formato que desee. O pida que las corten con la forma que prefiera.<\/p>\n<h3>Accesorios<\/h3>\n<p>Nuestras alfombrillas de rat\u00f3n no disponen de una capa antideslizante. Si desea evitar que su alfombrilla de rat\u00f3n se deslice, le recomendamos a\u00f1adir cinta adhesiva de doble cara a su pedido.<\/p>\n","protected":false},"excerpt":{"rendered":"<h3>Imprimir alfombrilla de rat\u00f3n con su propia imagen o dise\u00f1o.<\/h3>\n<p>A\u00f1ada un toque personal a su espacio de trabajo con nuestras econ\u00f3micas alfombrillas de rat\u00f3n. Para el gamer profesional, un profesional creativo. O, por supuesto, simplemente si busca una soluci\u00f3n ergon\u00f3mica para sus tareas inform\u00e1ticas diarias.<\/p>\n","protected":false},"featured_media":15534,"template":"","meta":{"_et_pb_use_builder":"","_et_pb_old_content":"","_et_gb_content_width":""},"product_brand":[],"product_cat":[565,545],"product_tag":[],"class_list":{"0":"post-15533","1":"product","2":"type-product","3":"status-publish","4":"has-post-thumbnail","6":"product_cat-casa-y-amp-industria-de-la-restauracion","7":"product_cat-interior","9":"first","10":"instock","11":"taxable","12":"shipping-taxable","13":"purchasable","14":"product-type-simple"},"yoast_head":"<!-- This site is optimized with the Yoast SEO plugin v27.3 - https:\/\/yoast.com\/product\/yoast-seo-wordpress\/ -->\n<title>Alfombrilla de rat\u00f3n | Amstel Printing<\/title>\n<meta name=\"robots\" content=\"index, follow, max-snippet:-1, max-image-preview:large, max-video-preview:-1\" \/>\n<link rel=\"canonical\" href=\"https:\/\/www.amstelprinting.nl\/es\/tienda\/interior\/casa-y-amp-industria-de-la-restauracion\/alfombrilla-de-raton\/\" \/>\n<meta property=\"og:locale\" content=\"es_ES\" \/>\n<meta property=\"og:type\" content=\"article\" \/>\n<meta property=\"og:title\" content=\"Alfombrilla de rat\u00f3n | Amstel Printing\" \/>\n<meta property=\"og:description\" content=\"Imprimir alfombrilla de rat\u00f3n con su propia imagen o dise\u00f1o. A\u00f1ada un toque personal a su espacio de trabajo con nuestras econ\u00f3micas alfombrillas de rat\u00f3n. Para el gamer profesional, un profesional creativo. O, por supuesto, simplemente si busca una soluci\u00f3n ergon\u00f3mica para sus tareas inform\u00e1ticas diarias.\" \/>\n<meta property=\"og:url\" content=\"https:\/\/www.amstelprinting.nl\/es\/tienda\/interior\/casa-y-amp-industria-de-la-restauracion\/alfombrilla-de-raton\/\" \/>\n<meta property=\"og:site_name\" content=\"Amstel Printing\" \/>\n<meta property=\"article:modified_time\" content=\"2026-02-18T11:48:45+00:00\" \/>\n<meta property=\"og:image\" content=\"https:\/\/www.amstelprinting.nl\/wp-content\/uploads\/Muismat.jpg\" \/>\n\t<meta property=\"og:image:width\" content=\"700\" \/>\n\t<meta property=\"og:image:height\" content=\"700\" \/>\n\t<meta property=\"og:image:type\" content=\"image\/jpeg\" \/>\n<meta name=\"twitter:card\" content=\"summary_large_image\" \/>\n<meta name=\"twitter:label1\" content=\"Tiempo de lectura\" \/>\n\t<meta name=\"twitter:data1\" content=\"1 minuto\" \/>\n<script type=\"application\/ld+json\" class=\"yoast-schema-graph\">{\"@context\":\"https:\\\/\\\/schema.org\",\"@graph\":[{\"@type\":\"WebPage\",\"@id\":\"https:\\\/\\\/www.amstelprinting.nl\\\/es\\\/tienda\\\/interior\\\/casa-y-amp-industria-de-la-restauracion\\\/alfombrilla-de-raton\\\/\",\"url\":\"https:\\\/\\\/www.amstelprinting.nl\\\/es\\\/tienda\\\/interior\\\/casa-y-amp-industria-de-la-restauracion\\\/alfombrilla-de-raton\\\/\",\"name\":\"Alfombrilla de rat\u00f3n | Amstel Printing\",\"isPartOf\":{\"@id\":\"https:\\\/\\\/www.amstelprinting.nl\\\/es\\\/#website\"},\"primaryImageOfPage\":{\"@id\":\"https:\\\/\\\/www.amstelprinting.nl\\\/es\\\/tienda\\\/interior\\\/casa-y-amp-industria-de-la-restauracion\\\/alfombrilla-de-raton\\\/#primaryimage\"},\"image\":{\"@id\":\"https:\\\/\\\/www.amstelprinting.nl\\\/es\\\/tienda\\\/interior\\\/casa-y-amp-industria-de-la-restauracion\\\/alfombrilla-de-raton\\\/#primaryimage\"},\"thumbnailUrl\":\"https:\\\/\\\/www.amstelprinting.nl\\\/wp-content\\\/uploads\\\/Muismat.jpg\",\"datePublished\":\"2025-01-23T19:47:26+00:00\",\"dateModified\":\"2026-02-18T11:48:45+00:00\",\"breadcrumb\":{\"@id\":\"https:\\\/\\\/www.amstelprinting.nl\\\/es\\\/tienda\\\/interior\\\/casa-y-amp-industria-de-la-restauracion\\\/alfombrilla-de-raton\\\/#breadcrumb\"},\"inLanguage\":\"es\",\"potentialAction\":[{\"@type\":\"ReadAction\",\"target\":[\"https:\\\/\\\/www.amstelprinting.nl\\\/es\\\/tienda\\\/interior\\\/casa-y-amp-industria-de-la-restauracion\\\/alfombrilla-de-raton\\\/\"]}]},{\"@type\":\"ImageObject\",\"inLanguage\":\"es\",\"@id\":\"https:\\\/\\\/www.amstelprinting.nl\\\/es\\\/tienda\\\/interior\\\/casa-y-amp-industria-de-la-restauracion\\\/alfombrilla-de-raton\\\/#primaryimage\",\"url\":\"https:\\\/\\\/www.amstelprinting.nl\\\/wp-content\\\/uploads\\\/Muismat.jpg\",\"contentUrl\":\"https:\\\/\\\/www.amstelprinting.nl\\\/wp-content\\\/uploads\\\/Muismat.jpg\",\"width\":700,\"height\":700},{\"@type\":\"BreadcrumbList\",\"@id\":\"https:\\\/\\\/www.amstelprinting.nl\\\/es\\\/tienda\\\/interior\\\/casa-y-amp-industria-de-la-restauracion\\\/alfombrilla-de-raton\\\/#breadcrumb\",\"itemListElement\":[{\"@type\":\"ListItem\",\"position\":1,\"name\":\"\",\"item\":\"https:\\\/\\\/www.amstelprinting.nl\\\/es\\\/\"},{\"@type\":\"ListItem\",\"position\":2,\"name\":\"Amstel Printing\",\"item\":\"https:\\\/\\\/www.amstelprinting.nl\\\/es\\\/comercio\\\/\"},{\"@type\":\"ListItem\",\"position\":3,\"name\":\"Interior\",\"item\":\"https:\\\/\\\/www.amstelprinting.nl\\\/es\\\/categor\u00eda\\\/interior\\\/\"},{\"@type\":\"ListItem\",\"position\":4,\"name\":\"Casa y amp; industria de la restauraci\u00f3n\",\"item\":\"https:\\\/\\\/www.amstelprinting.nl\\\/es\\\/categor\u00eda\\\/interior\\\/casa-y-amp-industria-de-la-restauracion\\\/\"},{\"@type\":\"ListItem\",\"position\":5,\"name\":\"Alfombrilla de rat\u00f3n\"}]},{\"@type\":\"WebSite\",\"@id\":\"https:\\\/\\\/www.amstelprinting.nl\\\/es\\\/#website\",\"url\":\"https:\\\/\\\/www.amstelprinting.nl\\\/es\\\/\",\"name\":\"Amstel Printing\",\"description\":\"Creating Exposure\",\"publisher\":{\"@id\":\"https:\\\/\\\/www.amstelprinting.nl\\\/es\\\/#organization\"},\"potentialAction\":[{\"@type\":\"SearchAction\",\"target\":{\"@type\":\"EntryPoint\",\"urlTemplate\":\"https:\\\/\\\/www.amstelprinting.nl\\\/es\\\/?s={search_term_string}\"},\"query-input\":{\"@type\":\"PropertyValueSpecification\",\"valueRequired\":true,\"valueName\":\"search_term_string\"}}],\"inLanguage\":\"es\"},{\"@type\":\"Organization\",\"@id\":\"https:\\\/\\\/www.amstelprinting.nl\\\/es\\\/#organization\",\"name\":\"Amstel Printing\",\"url\":\"https:\\\/\\\/www.amstelprinting.nl\\\/es\\\/\",\"logo\":{\"@type\":\"ImageObject\",\"inLanguage\":\"es\",\"@id\":\"https:\\\/\\\/www.amstelprinting.nl\\\/es\\\/#\\\/schema\\\/logo\\\/image\\\/\",\"url\":\"https:\\\/\\\/www.amstelprinting.nl\\\/wp-content\\\/uploads\\\/amstel_printing_logo_clean.png\",\"contentUrl\":\"https:\\\/\\\/www.amstelprinting.nl\\\/wp-content\\\/uploads\\\/amstel_printing_logo_clean.png\",\"width\":324,\"height\":73,\"caption\":\"Amstel Printing\"},\"image\":{\"@id\":\"https:\\\/\\\/www.amstelprinting.nl\\\/es\\\/#\\\/schema\\\/logo\\\/image\\\/\"}}]}<\/script>\n<!-- \/ Yoast SEO plugin. -->","yoast_head_json":{"title":"Alfombrilla de rat\u00f3n | Amstel Printing","robots":{"index":"index","follow":"follow","max-snippet":"max-snippet:-1","max-image-preview":"max-image-preview:large","max-video-preview":"max-video-preview:-1"},"canonical":"https:\/\/www.amstelprinting.nl\/es\/tienda\/interior\/casa-y-amp-industria-de-la-restauracion\/alfombrilla-de-raton\/","og_locale":"es_ES","og_type":"article","og_title":"Alfombrilla de rat\u00f3n | Amstel Printing","og_description":"Imprimir alfombrilla de rat\u00f3n con su propia imagen o dise\u00f1o. A\u00f1ada un toque personal a su espacio de trabajo con nuestras econ\u00f3micas alfombrillas de rat\u00f3n. Para el gamer profesional, un profesional creativo. O, por supuesto, simplemente si busca una soluci\u00f3n ergon\u00f3mica para sus tareas inform\u00e1ticas diarias.","og_url":"https:\/\/www.amstelprinting.nl\/es\/tienda\/interior\/casa-y-amp-industria-de-la-restauracion\/alfombrilla-de-raton\/","og_site_name":"Amstel Printing","article_modified_time":"2026-02-18T11:48:45+00:00","og_image":[{"width":700,"height":700,"url":"https:\/\/www.amstelprinting.nl\/wp-content\/uploads\/Muismat.jpg","type":"image\/jpeg"}],"twitter_card":"summary_large_image","twitter_misc":{"Tiempo de lectura":"1 minuto"},"schema":{"@context":"https:\/\/schema.org","@graph":[{"@type":"WebPage","@id":"https:\/\/www.amstelprinting.nl\/es\/tienda\/interior\/casa-y-amp-industria-de-la-restauracion\/alfombrilla-de-raton\/","url":"https:\/\/www.amstelprinting.nl\/es\/tienda\/interior\/casa-y-amp-industria-de-la-restauracion\/alfombrilla-de-raton\/","name":"Alfombrilla de rat\u00f3n | Amstel Printing","isPartOf":{"@id":"https:\/\/www.amstelprinting.nl\/es\/#website"},"primaryImageOfPage":{"@id":"https:\/\/www.amstelprinting.nl\/es\/tienda\/interior\/casa-y-amp-industria-de-la-restauracion\/alfombrilla-de-raton\/#primaryimage"},"image":{"@id":"https:\/\/www.amstelprinting.nl\/es\/tienda\/interior\/casa-y-amp-industria-de-la-restauracion\/alfombrilla-de-raton\/#primaryimage"},"thumbnailUrl":"https:\/\/www.amstelprinting.nl\/wp-content\/uploads\/Muismat.jpg","datePublished":"2025-01-23T19:47:26+00:00","dateModified":"2026-02-18T11:48:45+00:00","breadcrumb":{"@id":"https:\/\/www.amstelprinting.nl\/es\/tienda\/interior\/casa-y-amp-industria-de-la-restauracion\/alfombrilla-de-raton\/#breadcrumb"},"inLanguage":"es","potentialAction":[{"@type":"ReadAction","target":["https:\/\/www.amstelprinting.nl\/es\/tienda\/interior\/casa-y-amp-industria-de-la-restauracion\/alfombrilla-de-raton\/"]}]},{"@type":"ImageObject","inLanguage":"es","@id":"https:\/\/www.amstelprinting.nl\/es\/tienda\/interior\/casa-y-amp-industria-de-la-restauracion\/alfombrilla-de-raton\/#primaryimage","url":"https:\/\/www.amstelprinting.nl\/wp-content\/uploads\/Muismat.jpg","contentUrl":"https:\/\/www.amstelprinting.nl\/wp-content\/uploads\/Muismat.jpg","width":700,"height":700},{"@type":"BreadcrumbList","@id":"https:\/\/www.amstelprinting.nl\/es\/tienda\/interior\/casa-y-amp-industria-de-la-restauracion\/alfombrilla-de-raton\/#breadcrumb","itemListElement":[{"@type":"ListItem","position":1,"name":"","item":"https:\/\/www.amstelprinting.nl\/es\/"},{"@type":"ListItem","position":2,"name":"Amstel Printing","item":"https:\/\/www.amstelprinting.nl\/es\/comercio\/"},{"@type":"ListItem","position":3,"name":"Interior","item":"https:\/\/www.amstelprinting.nl\/es\/categor\u00eda\/interior\/"},{"@type":"ListItem","position":4,"name":"Casa y amp; industria de la restauraci\u00f3n","item":"https:\/\/www.amstelprinting.nl\/es\/categor\u00eda\/interior\/casa-y-amp-industria-de-la-restauracion\/"},{"@type":"ListItem","position":5,"name":"Alfombrilla de rat\u00f3n"}]},{"@type":"WebSite","@id":"https:\/\/www.amstelprinting.nl\/es\/#website","url":"https:\/\/www.amstelprinting.nl\/es\/","name":"Amstel Printing","description":"Creating Exposure","publisher":{"@id":"https:\/\/www.amstelprinting.nl\/es\/#organization"},"potentialAction":[{"@type":"SearchAction","target":{"@type":"EntryPoint","urlTemplate":"https:\/\/www.amstelprinting.nl\/es\/?s={search_term_string}"},"query-input":{"@type":"PropertyValueSpecification","valueRequired":true,"valueName":"search_term_string"}}],"inLanguage":"es"},{"@type":"Organization","@id":"https:\/\/www.amstelprinting.nl\/es\/#organization","name":"Amstel Printing","url":"https:\/\/www.amstelprinting.nl\/es\/","logo":{"@type":"ImageObject","inLanguage":"es","@id":"https:\/\/www.amstelprinting.nl\/es\/#\/schema\/logo\/image\/","url":"https:\/\/www.amstelprinting.nl\/wp-content\/uploads\/amstel_printing_logo_clean.png","contentUrl":"https:\/\/www.amstelprinting.nl\/wp-content\/uploads\/amstel_printing_logo_clean.png","width":324,"height":73,"caption":"Amstel Printing"},"image":{"@id":"https:\/\/www.amstelprinting.nl\/es\/#\/schema\/logo\/image\/"}}]}},"_links":{"self":[{"href":"https:\/\/www.amstelprinting.nl\/es\/wp-json\/wp\/v2\/product\/15533","targetHints":{"allow":["GET"]}}],"collection":[{"href":"https:\/\/www.amstelprinting.nl\/es\/wp-json\/wp\/v2\/product"}],"about":[{"href":"https:\/\/www.amstelprinting.nl\/es\/wp-json\/wp\/v2\/types\/product"}],"wp:featuredmedia":[{"embeddable":true,"href":"https:\/\/www.amstelprinting.nl\/es\/wp-json\/wp\/v2\/media\/15534"}],"wp:attachment":[{"href":"https:\/\/www.amstelprinting.nl\/es\/wp-json\/wp\/v2\/media?parent=15533"}],"wp:term":[{"taxonomy":"product_brand","embeddable":true,"href":"https:\/\/www.amstelprinting.nl\/es\/wp-json\/wp\/v2\/product_brand?post=15533"},{"taxonomy":"product_cat","embeddable":true,"href":"https:\/\/www.amstelprinting.nl\/es\/wp-json\/wp\/v2\/product_cat?post=15533"},{"taxonomy":"product_tag","embeddable":true,"href":"https:\/\/www.amstelprinting.nl\/es\/wp-json\/wp\/v2\/product_tag?post=15533"}],"curies":[{"name":"wp","href":"https:\/\/api.w.org\/{rel}","templated":true}]}}