{"id":15543,"date":"2025-01-23T20:47:14","date_gmt":"2025-01-23T19:47:14","guid":{"rendered":"https:\/\/www.amstelprinting.nl\/winkel\/sin%20categor\u00eda\/flyers\/"},"modified":"2026-02-10T13:06:57","modified_gmt":"2026-02-10T12:06:57","slug":"flyers","status":"publish","type":"product","link":"https:\/\/www.amstelprinting.nl\/es\/tienda\/pegatinas-e-impresion\/impresion\/flyers\/","title":{"rendered":"Flyers"},"content":{"rendered":"<h3>\u00bfPor qu\u00e9 imprimir flyers?<\/h3>\n<ul>\n<li>Elija entre 12 formatos est\u00e1ndar<\/li>\n<li>Disponible en 8 tipos de papel y gramajes diferentes<\/li>\n<li>Se puede pedir desde solo 1 unidad (sin costes de puesta en marcha)<\/li>\n<li>Impresi\u00f3n a una o dos caras<\/li>\n<li>Resoluci\u00f3n extra alta gracias a HP Indigo 12000<\/li>\n<li>Elija un laminado mate o brillante (para una protecci\u00f3n adicional)<\/li>\n<\/ul>\n<p>&nbsp;<\/p>\n<h3>Pedir flyers<\/h3>\n<p>Puede elegir la impresi\u00f3n en el anverso o en ambas caras, y pedir los flyers en cualquier cantidad deseada. Para mayor comodidad, tambi\u00e9n ofrecemos opciones de paquetes de 100, 250 o 500 unidades.<\/p>\n<p>Haga que su mensaje brille con flyers que destaquen. Con nuestros diversos materiales, formatos y opciones de impresi\u00f3n, siempre hay una combinaci\u00f3n perfecta para sus necesidades. Ya sea que realice un pedido peque\u00f1o o grande, nos aseguramos de que sus flyers sean profesionales e impresionantes.<\/p>\n<h3>Materiales<\/h3>\n<p>Nuestros flyers impresos se pueden pedir en ocho materiales de alta calidad diferentes. A continuaci\u00f3n explicamos brevemente las propiedades de cada tipo de material, para que pueda pedir r\u00e1pidamente el flyer adecuado.<\/p>\n<ul>\n<li><strong>HV Couch\u00e9 Brillante (Brillo)<\/strong>: Este material estucado sin madera tiene una capa de acabado brillante, disponible en 135, 170, 250, 300 y 400 gr.\/m\u00b2.<\/li>\n<li><strong>HV Couch\u00e9 Semimate (Silk)<\/strong>: Con una capa de acabado mate, este material sin madera est\u00e1 disponible en 135, 170, 250, 300 y 400 gr.\/m\u00b2.<\/li>\n<li><strong>Cartulina natural<\/strong>: Cartulina natural sin madera con una estructura lisa, apta para escribir y sellar, disponible en 300 y 350 gr.\/m\u00b2.<\/li>\n<li><strong>HVO Blanco<\/strong>: Papel offset blanco sin madera, apto para escribir y sellar, disponible en 90 y 170 gr.\/m\u00b2.<\/li>\n<li><strong>Biotop Natural<\/strong>: Papel color crema sin estucar, apto para escribir y sellar, disponible en 250 gr.\/m\u00b2.<\/li>\n<li><strong>Cartulina sulfatada<\/strong>: Anverso estucado con brillo satinado, reverso sin estucar, disponible en 260 y 300 gr.\/m\u00b2.<\/li>\n<li><strong>Synaps<\/strong>: Material sint\u00e9tico, irrompible y resistente al agua, disponible en 300 gr.\/m\u00b2.<\/li>\n<li><strong>YupoBlue<\/strong>: Material sint\u00e9tico de color blanco brillante con una superficie mate uniforme, disponible en 319 gr.\/m\u00b2.<\/li>\n<\/ul>\n<p>&nbsp;<\/p>\n<h3>Preguntas frecuentes<\/h3>\n<p><strong>\u00bfSe puede pedir el flyer tambi\u00e9n en un formato diferente?<\/strong><br \/>\nNo, los flyers se entregan en formatos fijos. \u00bfBusca otro formato diferente? Entonces realice su pedido a trav\u00e9s de papel de p\u00f3ster de 150 gr.\/m\u00b2.<\/p>\n<p><strong>\u00bfSe puede escribir bien en todos los materiales?<\/strong><br \/>\nNo, solo se puede escribir en tipos de papel sin estucar. Estos incluyen cartulina sulfatada (reverso), HVO blanco, Biotop Natural y cartulina natural.<\/p>\n<p><strong>\u00bfPor qu\u00e9 no puedo elegir un laminado con HVO blanco, Biotop Natural y cartulina natural?<\/strong><br \/>\nDebido a la estructura de estos materiales, no es posible laminar. Adem\u00e1s, el laminado har\u00eda que ya no se pudiera escribir sobre el papel.<\/p>\n<p><strong>Mi material impreso se ha curvado, \u00bfa qu\u00e9 se debe?<\/strong><br \/>\nEsto puede ocurrir si ha elegido un laminado a una sola cara. El laminado se comporta de forma distinta al papel, lo que puede provocar que se curve. Por ello, recomendamos siempre laminar a doble cara.<\/p>\n<p><strong>\u00bfQu\u00e9 tipos de papel son adecuados tambi\u00e9n para su uso en exteriores?<\/strong><br \/>\nNuestros tipos de papel sint\u00e9tico Synaps y YupoBlue son adecuados para su uso en exteriores. Gracias al material sint\u00e9tico, el papel se mantiene en buen estado incluso si se moja. Perfecto para, por ejemplo, una carta de men\u00fa. Adem\u00e1s, tambi\u00e9n puede utilizar material impreso con laminado a doble cara en exteriores (de forma temporal).<\/p>\n","protected":false},"excerpt":{"rendered":"<h3>Impresi\u00f3n de flyers r\u00e1pida y econ\u00f3mica. Desde solo 1 unidad.<\/h3>\n<p>Ya sea para lanzar un producto, promocionar un evento o simplemente presentar su empresa, nuestros flyers ofrecen la forma perfecta de transmitir su mensaje. Con doce formatos diferentes, una amplia selecci\u00f3n de materiales de alta calidad y opciones flexibles de impresi\u00f3n y tirada, nos aseguramos de que sus flyers siempre causen una buena impresi\u00f3n.<\/p>\n","protected":false},"featured_media":15544,"template":"","meta":{"_et_pb_use_builder":"","_et_pb_old_content":"","_et_gb_content_width":""},"product_brand":[],"product_cat":[580,315],"product_tag":[],"class_list":{"0":"post-15543","1":"product","2":"type-product","3":"status-publish","4":"has-post-thumbnail","6":"product_cat-impresion","7":"product_cat-pegatinas-e-impresion","9":"first","10":"instock","11":"taxable","12":"shipping-taxable","13":"purchasable","14":"product-type-simple"},"yoast_head":"<!-- This site is optimized with the Yoast SEO plugin v27.3 - https:\/\/yoast.com\/product\/yoast-seo-wordpress\/ -->\n<title>Pedir flyers profesionales desde 1 unidad - Entrega r\u00e1pida<\/title>\n<meta name=\"description\" content=\"Pida flyers de alta calidad en 12 formatos y 8 tipos de papel desde 1 unidad. Impresi\u00f3n a una o dos caras | Ideal para una promoci\u00f3n eficaz.\" \/>\n<meta name=\"robots\" content=\"index, follow, max-snippet:-1, max-image-preview:large, max-video-preview:-1\" \/>\n<link rel=\"canonical\" href=\"https:\/\/www.amstelprinting.nl\/es\/tienda\/pegatinas-e-impresion\/impresion\/flyers\/\" \/>\n<meta property=\"og:locale\" content=\"es_ES\" \/>\n<meta property=\"og:type\" content=\"article\" \/>\n<meta property=\"og:title\" content=\"Pedir flyers profesionales desde 1 unidad - Entrega r\u00e1pida\" \/>\n<meta property=\"og:description\" content=\"Pida flyers de alta calidad en 12 formatos y 8 tipos de papel desde 1 unidad. Impresi\u00f3n a una o dos caras | Ideal para una promoci\u00f3n eficaz.\" \/>\n<meta property=\"og:url\" content=\"https:\/\/www.amstelprinting.nl\/es\/tienda\/pegatinas-e-impresion\/impresion\/flyers\/\" \/>\n<meta property=\"og:site_name\" content=\"Amstel Printing\" \/>\n<meta property=\"article:modified_time\" content=\"2026-02-10T12:06:57+00:00\" \/>\n<meta property=\"og:image\" content=\"https:\/\/www.amstelprinting.nl\/wp-content\/uploads\/Flyers.jpg\" \/>\n\t<meta property=\"og:image:width\" content=\"700\" \/>\n\t<meta property=\"og:image:height\" content=\"700\" \/>\n\t<meta property=\"og:image:type\" content=\"image\/jpeg\" \/>\n<meta name=\"twitter:card\" content=\"summary_large_image\" \/>\n<meta name=\"twitter:label1\" content=\"Tiempo de lectura\" \/>\n\t<meta name=\"twitter:data1\" content=\"3 minutos\" \/>\n<script type=\"application\/ld+json\" class=\"yoast-schema-graph\">{\"@context\":\"https:\\\/\\\/schema.org\",\"@graph\":[{\"@type\":\"WebPage\",\"@id\":\"https:\\\/\\\/www.amstelprinting.nl\\\/es\\\/tienda\\\/pegatinas-e-impresion\\\/impresion\\\/flyers\\\/\",\"url\":\"https:\\\/\\\/www.amstelprinting.nl\\\/es\\\/tienda\\\/pegatinas-e-impresion\\\/impresion\\\/flyers\\\/\",\"name\":\"Pedir flyers profesionales desde 1 unidad - Entrega r\u00e1pida\",\"isPartOf\":{\"@id\":\"https:\\\/\\\/www.amstelprinting.nl\\\/es\\\/#website\"},\"primaryImageOfPage\":{\"@id\":\"https:\\\/\\\/www.amstelprinting.nl\\\/es\\\/tienda\\\/pegatinas-e-impresion\\\/impresion\\\/flyers\\\/#primaryimage\"},\"image\":{\"@id\":\"https:\\\/\\\/www.amstelprinting.nl\\\/es\\\/tienda\\\/pegatinas-e-impresion\\\/impresion\\\/flyers\\\/#primaryimage\"},\"thumbnailUrl\":\"https:\\\/\\\/www.amstelprinting.nl\\\/wp-content\\\/uploads\\\/Flyers.jpg\",\"datePublished\":\"2025-01-23T19:47:14+00:00\",\"dateModified\":\"2026-02-10T12:06:57+00:00\",\"description\":\"Pida flyers de alta calidad en 12 formatos y 8 tipos de papel desde 1 unidad. Impresi\u00f3n a una o dos caras | Ideal para una promoci\u00f3n eficaz.\",\"breadcrumb\":{\"@id\":\"https:\\\/\\\/www.amstelprinting.nl\\\/es\\\/tienda\\\/pegatinas-e-impresion\\\/impresion\\\/flyers\\\/#breadcrumb\"},\"inLanguage\":\"es\",\"potentialAction\":[{\"@type\":\"ReadAction\",\"target\":[\"https:\\\/\\\/www.amstelprinting.nl\\\/es\\\/tienda\\\/pegatinas-e-impresion\\\/impresion\\\/flyers\\\/\"]}]},{\"@type\":\"ImageObject\",\"inLanguage\":\"es\",\"@id\":\"https:\\\/\\\/www.amstelprinting.nl\\\/es\\\/tienda\\\/pegatinas-e-impresion\\\/impresion\\\/flyers\\\/#primaryimage\",\"url\":\"https:\\\/\\\/www.amstelprinting.nl\\\/wp-content\\\/uploads\\\/Flyers.jpg\",\"contentUrl\":\"https:\\\/\\\/www.amstelprinting.nl\\\/wp-content\\\/uploads\\\/Flyers.jpg\",\"width\":700,\"height\":700},{\"@type\":\"BreadcrumbList\",\"@id\":\"https:\\\/\\\/www.amstelprinting.nl\\\/es\\\/tienda\\\/pegatinas-e-impresion\\\/impresion\\\/flyers\\\/#breadcrumb\",\"itemListElement\":[{\"@type\":\"ListItem\",\"position\":1,\"name\":\"\",\"item\":\"https:\\\/\\\/www.amstelprinting.nl\\\/es\\\/\"},{\"@type\":\"ListItem\",\"position\":2,\"name\":\"Amstel Printing\",\"item\":\"https:\\\/\\\/www.amstelprinting.nl\\\/es\\\/comercio\\\/\"},{\"@type\":\"ListItem\",\"position\":3,\"name\":\"Pegatinas e impresi\u00f3n\",\"item\":\"https:\\\/\\\/www.amstelprinting.nl\\\/es\\\/categor\u00eda\\\/pegatinas-e-impresion\\\/\"},{\"@type\":\"ListItem\",\"position\":4,\"name\":\"Impresi\u00f3n\",\"item\":\"https:\\\/\\\/www.amstelprinting.nl\\\/es\\\/categor\u00eda\\\/pegatinas-e-impresion\\\/impresion\\\/\"},{\"@type\":\"ListItem\",\"position\":5,\"name\":\"Flyers\"}]},{\"@type\":\"WebSite\",\"@id\":\"https:\\\/\\\/www.amstelprinting.nl\\\/es\\\/#website\",\"url\":\"https:\\\/\\\/www.amstelprinting.nl\\\/es\\\/\",\"name\":\"Amstel Printing\",\"description\":\"Creating Exposure\",\"publisher\":{\"@id\":\"https:\\\/\\\/www.amstelprinting.nl\\\/es\\\/#organization\"},\"potentialAction\":[{\"@type\":\"SearchAction\",\"target\":{\"@type\":\"EntryPoint\",\"urlTemplate\":\"https:\\\/\\\/www.amstelprinting.nl\\\/es\\\/?s={search_term_string}\"},\"query-input\":{\"@type\":\"PropertyValueSpecification\",\"valueRequired\":true,\"valueName\":\"search_term_string\"}}],\"inLanguage\":\"es\"},{\"@type\":\"Organization\",\"@id\":\"https:\\\/\\\/www.amstelprinting.nl\\\/es\\\/#organization\",\"name\":\"Amstel Printing\",\"url\":\"https:\\\/\\\/www.amstelprinting.nl\\\/es\\\/\",\"logo\":{\"@type\":\"ImageObject\",\"inLanguage\":\"es\",\"@id\":\"https:\\\/\\\/www.amstelprinting.nl\\\/es\\\/#\\\/schema\\\/logo\\\/image\\\/\",\"url\":\"https:\\\/\\\/www.amstelprinting.nl\\\/wp-content\\\/uploads\\\/amstel_printing_logo_clean.png\",\"contentUrl\":\"https:\\\/\\\/www.amstelprinting.nl\\\/wp-content\\\/uploads\\\/amstel_printing_logo_clean.png\",\"width\":324,\"height\":73,\"caption\":\"Amstel Printing\"},\"image\":{\"@id\":\"https:\\\/\\\/www.amstelprinting.nl\\\/es\\\/#\\\/schema\\\/logo\\\/image\\\/\"}}]}<\/script>\n<!-- \/ Yoast SEO plugin. -->","yoast_head_json":{"title":"Pedir flyers profesionales desde 1 unidad - Entrega r\u00e1pida","description":"Pida flyers de alta calidad en 12 formatos y 8 tipos de papel desde 1 unidad. Impresi\u00f3n a una o dos caras | Ideal para una promoci\u00f3n eficaz.","robots":{"index":"index","follow":"follow","max-snippet":"max-snippet:-1","max-image-preview":"max-image-preview:large","max-video-preview":"max-video-preview:-1"},"canonical":"https:\/\/www.amstelprinting.nl\/es\/tienda\/pegatinas-e-impresion\/impresion\/flyers\/","og_locale":"es_ES","og_type":"article","og_title":"Pedir flyers profesionales desde 1 unidad - Entrega r\u00e1pida","og_description":"Pida flyers de alta calidad en 12 formatos y 8 tipos de papel desde 1 unidad. Impresi\u00f3n a una o dos caras | Ideal para una promoci\u00f3n eficaz.","og_url":"https:\/\/www.amstelprinting.nl\/es\/tienda\/pegatinas-e-impresion\/impresion\/flyers\/","og_site_name":"Amstel Printing","article_modified_time":"2026-02-10T12:06:57+00:00","og_image":[{"width":700,"height":700,"url":"https:\/\/www.amstelprinting.nl\/wp-content\/uploads\/Flyers.jpg","type":"image\/jpeg"}],"twitter_card":"summary_large_image","twitter_misc":{"Tiempo de lectura":"3 minutos"},"schema":{"@context":"https:\/\/schema.org","@graph":[{"@type":"WebPage","@id":"https:\/\/www.amstelprinting.nl\/es\/tienda\/pegatinas-e-impresion\/impresion\/flyers\/","url":"https:\/\/www.amstelprinting.nl\/es\/tienda\/pegatinas-e-impresion\/impresion\/flyers\/","name":"Pedir flyers profesionales desde 1 unidad - Entrega r\u00e1pida","isPartOf":{"@id":"https:\/\/www.amstelprinting.nl\/es\/#website"},"primaryImageOfPage":{"@id":"https:\/\/www.amstelprinting.nl\/es\/tienda\/pegatinas-e-impresion\/impresion\/flyers\/#primaryimage"},"image":{"@id":"https:\/\/www.amstelprinting.nl\/es\/tienda\/pegatinas-e-impresion\/impresion\/flyers\/#primaryimage"},"thumbnailUrl":"https:\/\/www.amstelprinting.nl\/wp-content\/uploads\/Flyers.jpg","datePublished":"2025-01-23T19:47:14+00:00","dateModified":"2026-02-10T12:06:57+00:00","description":"Pida flyers de alta calidad en 12 formatos y 8 tipos de papel desde 1 unidad. Impresi\u00f3n a una o dos caras | Ideal para una promoci\u00f3n eficaz.","breadcrumb":{"@id":"https:\/\/www.amstelprinting.nl\/es\/tienda\/pegatinas-e-impresion\/impresion\/flyers\/#breadcrumb"},"inLanguage":"es","potentialAction":[{"@type":"ReadAction","target":["https:\/\/www.amstelprinting.nl\/es\/tienda\/pegatinas-e-impresion\/impresion\/flyers\/"]}]},{"@type":"ImageObject","inLanguage":"es","@id":"https:\/\/www.amstelprinting.nl\/es\/tienda\/pegatinas-e-impresion\/impresion\/flyers\/#primaryimage","url":"https:\/\/www.amstelprinting.nl\/wp-content\/uploads\/Flyers.jpg","contentUrl":"https:\/\/www.amstelprinting.nl\/wp-content\/uploads\/Flyers.jpg","width":700,"height":700},{"@type":"BreadcrumbList","@id":"https:\/\/www.amstelprinting.nl\/es\/tienda\/pegatinas-e-impresion\/impresion\/flyers\/#breadcrumb","itemListElement":[{"@type":"ListItem","position":1,"name":"","item":"https:\/\/www.amstelprinting.nl\/es\/"},{"@type":"ListItem","position":2,"name":"Amstel Printing","item":"https:\/\/www.amstelprinting.nl\/es\/comercio\/"},{"@type":"ListItem","position":3,"name":"Pegatinas e impresi\u00f3n","item":"https:\/\/www.amstelprinting.nl\/es\/categor\u00eda\/pegatinas-e-impresion\/"},{"@type":"ListItem","position":4,"name":"Impresi\u00f3n","item":"https:\/\/www.amstelprinting.nl\/es\/categor\u00eda\/pegatinas-e-impresion\/impresion\/"},{"@type":"ListItem","position":5,"name":"Flyers"}]},{"@type":"WebSite","@id":"https:\/\/www.amstelprinting.nl\/es\/#website","url":"https:\/\/www.amstelprinting.nl\/es\/","name":"Amstel Printing","description":"Creating Exposure","publisher":{"@id":"https:\/\/www.amstelprinting.nl\/es\/#organization"},"potentialAction":[{"@type":"SearchAction","target":{"@type":"EntryPoint","urlTemplate":"https:\/\/www.amstelprinting.nl\/es\/?s={search_term_string}"},"query-input":{"@type":"PropertyValueSpecification","valueRequired":true,"valueName":"search_term_string"}}],"inLanguage":"es"},{"@type":"Organization","@id":"https:\/\/www.amstelprinting.nl\/es\/#organization","name":"Amstel Printing","url":"https:\/\/www.amstelprinting.nl\/es\/","logo":{"@type":"ImageObject","inLanguage":"es","@id":"https:\/\/www.amstelprinting.nl\/es\/#\/schema\/logo\/image\/","url":"https:\/\/www.amstelprinting.nl\/wp-content\/uploads\/amstel_printing_logo_clean.png","contentUrl":"https:\/\/www.amstelprinting.nl\/wp-content\/uploads\/amstel_printing_logo_clean.png","width":324,"height":73,"caption":"Amstel Printing"},"image":{"@id":"https:\/\/www.amstelprinting.nl\/es\/#\/schema\/logo\/image\/"}}]}},"_links":{"self":[{"href":"https:\/\/www.amstelprinting.nl\/es\/wp-json\/wp\/v2\/product\/15543","targetHints":{"allow":["GET"]}}],"collection":[{"href":"https:\/\/www.amstelprinting.nl\/es\/wp-json\/wp\/v2\/product"}],"about":[{"href":"https:\/\/www.amstelprinting.nl\/es\/wp-json\/wp\/v2\/types\/product"}],"wp:featuredmedia":[{"embeddable":true,"href":"https:\/\/www.amstelprinting.nl\/es\/wp-json\/wp\/v2\/media\/15544"}],"wp:attachment":[{"href":"https:\/\/www.amstelprinting.nl\/es\/wp-json\/wp\/v2\/media?parent=15543"}],"wp:term":[{"taxonomy":"product_brand","embeddable":true,"href":"https:\/\/www.amstelprinting.nl\/es\/wp-json\/wp\/v2\/product_brand?post=15543"},{"taxonomy":"product_cat","embeddable":true,"href":"https:\/\/www.amstelprinting.nl\/es\/wp-json\/wp\/v2\/product_cat?post=15543"},{"taxonomy":"product_tag","embeddable":true,"href":"https:\/\/www.amstelprinting.nl\/es\/wp-json\/wp\/v2\/product_tag?post=15543"}],"curies":[{"name":"wp","href":"https:\/\/api.w.org\/{rel}","templated":true}]}}