{"id":15557,"date":"2025-01-23T20:47:10","date_gmt":"2025-01-23T19:47:10","guid":{"rendered":"https:\/\/www.amstelprinting.nl\/winkel\/sin%20categor\u00eda\/visitekaartjes\/"},"modified":"2026-02-18T12:48:46","modified_gmt":"2026-02-18T11:48:46","slug":"tarjetas-de-visita","status":"publish","type":"product","link":"https:\/\/www.amstelprinting.nl\/es\/tienda\/pegatinas-e-impresion\/impresion\/tarjetas-de-visita\/","title":{"rendered":"Tarjetas de visita"},"content":{"rendered":"<h3>\u00bfPor qu\u00e9 imprimir tarjetas de visita?<\/h3>\n<ul>\n<li>Causa una primera impresi\u00f3n duradera<\/li>\n<li>Formato est\u00e1ndar de 8,5 x 5,5 cm<\/li>\n<li>Disponibles desde 25 unidades (sin costes de puesta en marcha)<\/li>\n<li>Resoluci\u00f3n extra alta gracias a HP Indigo 12000<\/li>\n<li>Disponible en cuatro tipos de papel<\/li>\n<li>Posibilidad de laminar sus tarjetas de visita<\/li>\n<\/ul>\n<p>&nbsp;<\/p>\n<h3>Materiales<\/h3>\n<p>Puede imprimir sus tarjetas de visita en diferentes tipos de papel y cart\u00f3n. Puede elegir entre los siguientes cuatro tipos de materiales.<\/p>\n<ul>\n<li><strong>MC Estucado Brillante (Brillo)<\/strong>: Este material estucado sin madera tiene una capa de acabado brillante, disponible en 300 y 400 g\/m\u00b2.<\/li>\n<li><strong>MC Semimate (Seda)<\/strong>: Con una capa de acabado mate, este material sin madera est\u00e1 disponible en 300 y 400 g\/m\u00b2.<\/li>\n<li><strong>Cartulina natural<\/strong>: Cartulina natural sin madera con una estructura suave, f\u00e1cil de escribir y sellar, disponible en 300 y 350 g\/m\u00b2.<\/li>\n<li><strong>Cartulina de sulfato<\/strong>: Cara frontal estucada con brillo satinado, cara posterior sin estucar, disponible en 300 g\/m\u00b2.<\/li>\n<\/ul>\n<p>&nbsp;<\/p>\n<h3>Acabado de las tarjetas de visita<\/h3>\n<p>Adem\u00e1s, tambi\u00e9n tiene la opci\u00f3n de laminar sus tarjetas de visita. Ofrecemos esta opci\u00f3n en tres variantes: laminado brillante, laminado mate y laminado mate soft touch. El laminado brillante le da a sus tarjetas un acabado deslumbrante y las protege contra da\u00f1os. El laminado mate proporciona un acabado elegante, sin brillos, y una protecci\u00f3n adicional. El laminado mate soft touch ofrece un tacto suave y lujoso que confiere a sus tarjetas una sensaci\u00f3n premium.<\/p>\n<p>Puede elegir la impresi\u00f3n por una cara o por ambas caras, y pedir las tarjetas de visita en la cantidad que desee. Para mayor comodidad, tambi\u00e9n hay opciones de paquetes de 100, 250 o 500 unidades.<\/p>\n<p>Con nuestras tarjetas de visita siempre causar\u00e1 una impresi\u00f3n inolvidable. Elija entre una amplia gama de materiales y acabados de alta calidad para personalizar sus tarjetas exactamente a su gusto. \u00a1Pida ahora y experimente la diferencia de unas tarjetas de visita profesionales a medida!<\/p>\n<h3>Preguntas frecuentes<\/h3>\n<p><strong>\u00bfCu\u00e1l es el tama\u00f1o m\u00ednimo de letra?<\/strong><br \/>\nRecomendamos una altura m\u00ednima de 1 mm. Aseg\u00farese de que su archivo lo tenga en cuenta.<\/p>\n<p><strong>\u00bfSe puede escribir bien en todos los materiales?<\/strong><br \/>\nNo, solo se puede escribir sobre tipos de papel sin estucar. Esto incluye la cartulina de sulfato (reverso) y la cartulina natural.<\/p>\n<p><strong>\u00bfPor qu\u00e9 no es posible el laminado en la cartulina natural?<\/strong><br \/>\nDebido a la estructura de la cartulina natural, el laminado no es aplicable y, adem\u00e1s, reducir\u00eda la posibilidad de escribir sobre el papel.<\/p>\n<p><strong>Mis impresos se han arqueado, \u00bfpor qu\u00e9 ocurre esto?<\/strong><br \/>\nEsto puede ser consecuencia de elegir un laminado por una sola cara. El laminado act\u00faa de forma diferente al papel, lo que puede provocar que se arquee. Recomendamos laminar siempre por ambas caras para evitarlo.<\/p>\n","protected":false},"excerpt":{"rendered":"<h3>Tarjetas de presentaci\u00f3n en diversos tipos de papel<\/h3>\n<p>Causa una impresi\u00f3n duradera con nuestras tarjetas de visita de alta calidad, con el formato est\u00e1ndar pr\u00e1ctico de 8,5 cm x 5,5 cm. Elija entre cuatro materiales cuidadosamente seleccionados, cada uno con sus caracter\u00edsticas \u00fanicas para que sus tarjetas resulten profesionales y atractivas.<\/p>\n","protected":false},"featured_media":15559,"template":"","meta":{"_et_pb_use_builder":"","_et_pb_old_content":"","_et_gb_content_width":""},"product_brand":[],"product_cat":[580,315],"product_tag":[],"class_list":{"0":"post-15557","1":"product","2":"type-product","3":"status-publish","4":"has-post-thumbnail","6":"product_cat-impresion","7":"product_cat-pegatinas-e-impresion","9":"first","10":"instock","11":"taxable","12":"shipping-taxable","13":"purchasable","14":"product-type-simple"},"yoast_head":"<!-- This site is optimized with the Yoast SEO plugin v27.3 - https:\/\/yoast.com\/product\/yoast-seo-wordpress\/ -->\n<title>Pedir tarjetas de visita - Entrega en 24 horas<\/title>\n<meta name=\"description\" content=\"\u00a1Pida sus tarjetas de visita f\u00e1cilmente online y rec\u00edbalas ma\u00f1ana mismo! Desde solo 25 unidades, a precios competitivos y listas para usar de inmediato.\" \/>\n<meta name=\"robots\" content=\"index, follow, max-snippet:-1, max-image-preview:large, max-video-preview:-1\" \/>\n<link rel=\"canonical\" href=\"https:\/\/www.amstelprinting.nl\/es\/tienda\/pegatinas-e-impresion\/impresion\/tarjetas-de-visita\/\" \/>\n<meta property=\"og:locale\" content=\"es_ES\" \/>\n<meta property=\"og:type\" content=\"article\" \/>\n<meta property=\"og:title\" content=\"Pedir tarjetas de visita - Entrega en 24 horas\" \/>\n<meta property=\"og:description\" content=\"\u00a1Pida sus tarjetas de visita f\u00e1cilmente online y rec\u00edbalas ma\u00f1ana mismo! Desde solo 25 unidades, a precios competitivos y listas para usar de inmediato.\" \/>\n<meta property=\"og:url\" content=\"https:\/\/www.amstelprinting.nl\/es\/tienda\/pegatinas-e-impresion\/impresion\/tarjetas-de-visita\/\" \/>\n<meta property=\"og:site_name\" content=\"Amstel Printing\" \/>\n<meta property=\"article:modified_time\" content=\"2026-02-18T11:48:46+00:00\" \/>\n<meta property=\"og:image\" content=\"https:\/\/www.amstelprinting.nl\/wp-content\/uploads\/Visitekaartjes.jpg\" \/>\n\t<meta property=\"og:image:width\" content=\"700\" \/>\n\t<meta property=\"og:image:height\" content=\"700\" \/>\n\t<meta property=\"og:image:type\" content=\"image\/jpeg\" \/>\n<meta name=\"twitter:card\" content=\"summary_large_image\" \/>\n<meta name=\"twitter:label1\" content=\"Tiempo de lectura\" \/>\n\t<meta name=\"twitter:data1\" content=\"2 minutos\" \/>\n<script type=\"application\/ld+json\" class=\"yoast-schema-graph\">{\"@context\":\"https:\\\/\\\/schema.org\",\"@graph\":[{\"@type\":\"WebPage\",\"@id\":\"https:\\\/\\\/www.amstelprinting.nl\\\/es\\\/tienda\\\/pegatinas-e-impresion\\\/impresion\\\/tarjetas-de-visita\\\/\",\"url\":\"https:\\\/\\\/www.amstelprinting.nl\\\/es\\\/tienda\\\/pegatinas-e-impresion\\\/impresion\\\/tarjetas-de-visita\\\/\",\"name\":\"Pedir tarjetas de visita - Entrega en 24 horas\",\"isPartOf\":{\"@id\":\"https:\\\/\\\/www.amstelprinting.nl\\\/es\\\/#website\"},\"primaryImageOfPage\":{\"@id\":\"https:\\\/\\\/www.amstelprinting.nl\\\/es\\\/tienda\\\/pegatinas-e-impresion\\\/impresion\\\/tarjetas-de-visita\\\/#primaryimage\"},\"image\":{\"@id\":\"https:\\\/\\\/www.amstelprinting.nl\\\/es\\\/tienda\\\/pegatinas-e-impresion\\\/impresion\\\/tarjetas-de-visita\\\/#primaryimage\"},\"thumbnailUrl\":\"https:\\\/\\\/www.amstelprinting.nl\\\/wp-content\\\/uploads\\\/Visitekaartjes.jpg\",\"datePublished\":\"2025-01-23T19:47:10+00:00\",\"dateModified\":\"2026-02-18T11:48:46+00:00\",\"description\":\"\u00a1Pida sus tarjetas de visita f\u00e1cilmente online y rec\u00edbalas ma\u00f1ana mismo! Desde solo 25 unidades, a precios competitivos y listas para usar de inmediato.\",\"breadcrumb\":{\"@id\":\"https:\\\/\\\/www.amstelprinting.nl\\\/es\\\/tienda\\\/pegatinas-e-impresion\\\/impresion\\\/tarjetas-de-visita\\\/#breadcrumb\"},\"inLanguage\":\"es\",\"potentialAction\":[{\"@type\":\"ReadAction\",\"target\":[\"https:\\\/\\\/www.amstelprinting.nl\\\/es\\\/tienda\\\/pegatinas-e-impresion\\\/impresion\\\/tarjetas-de-visita\\\/\"]}]},{\"@type\":\"ImageObject\",\"inLanguage\":\"es\",\"@id\":\"https:\\\/\\\/www.amstelprinting.nl\\\/es\\\/tienda\\\/pegatinas-e-impresion\\\/impresion\\\/tarjetas-de-visita\\\/#primaryimage\",\"url\":\"https:\\\/\\\/www.amstelprinting.nl\\\/wp-content\\\/uploads\\\/Visitekaartjes.jpg\",\"contentUrl\":\"https:\\\/\\\/www.amstelprinting.nl\\\/wp-content\\\/uploads\\\/Visitekaartjes.jpg\",\"width\":700,\"height\":700},{\"@type\":\"BreadcrumbList\",\"@id\":\"https:\\\/\\\/www.amstelprinting.nl\\\/es\\\/tienda\\\/pegatinas-e-impresion\\\/impresion\\\/tarjetas-de-visita\\\/#breadcrumb\",\"itemListElement\":[{\"@type\":\"ListItem\",\"position\":1,\"name\":\"\",\"item\":\"https:\\\/\\\/www.amstelprinting.nl\\\/es\\\/\"},{\"@type\":\"ListItem\",\"position\":2,\"name\":\"Amstel Printing\",\"item\":\"https:\\\/\\\/www.amstelprinting.nl\\\/es\\\/comercio\\\/\"},{\"@type\":\"ListItem\",\"position\":3,\"name\":\"Pegatinas e impresi\u00f3n\",\"item\":\"https:\\\/\\\/www.amstelprinting.nl\\\/es\\\/categor\u00eda\\\/pegatinas-e-impresion\\\/\"},{\"@type\":\"ListItem\",\"position\":4,\"name\":\"Impresi\u00f3n\",\"item\":\"https:\\\/\\\/www.amstelprinting.nl\\\/es\\\/categor\u00eda\\\/pegatinas-e-impresion\\\/impresion\\\/\"},{\"@type\":\"ListItem\",\"position\":5,\"name\":\"Tarjetas de visita\"}]},{\"@type\":\"WebSite\",\"@id\":\"https:\\\/\\\/www.amstelprinting.nl\\\/es\\\/#website\",\"url\":\"https:\\\/\\\/www.amstelprinting.nl\\\/es\\\/\",\"name\":\"Amstel Printing\",\"description\":\"Creating Exposure\",\"publisher\":{\"@id\":\"https:\\\/\\\/www.amstelprinting.nl\\\/es\\\/#organization\"},\"potentialAction\":[{\"@type\":\"SearchAction\",\"target\":{\"@type\":\"EntryPoint\",\"urlTemplate\":\"https:\\\/\\\/www.amstelprinting.nl\\\/es\\\/?s={search_term_string}\"},\"query-input\":{\"@type\":\"PropertyValueSpecification\",\"valueRequired\":true,\"valueName\":\"search_term_string\"}}],\"inLanguage\":\"es\"},{\"@type\":\"Organization\",\"@id\":\"https:\\\/\\\/www.amstelprinting.nl\\\/es\\\/#organization\",\"name\":\"Amstel Printing\",\"url\":\"https:\\\/\\\/www.amstelprinting.nl\\\/es\\\/\",\"logo\":{\"@type\":\"ImageObject\",\"inLanguage\":\"es\",\"@id\":\"https:\\\/\\\/www.amstelprinting.nl\\\/es\\\/#\\\/schema\\\/logo\\\/image\\\/\",\"url\":\"https:\\\/\\\/www.amstelprinting.nl\\\/wp-content\\\/uploads\\\/amstel_printing_logo_clean.png\",\"contentUrl\":\"https:\\\/\\\/www.amstelprinting.nl\\\/wp-content\\\/uploads\\\/amstel_printing_logo_clean.png\",\"width\":324,\"height\":73,\"caption\":\"Amstel Printing\"},\"image\":{\"@id\":\"https:\\\/\\\/www.amstelprinting.nl\\\/es\\\/#\\\/schema\\\/logo\\\/image\\\/\"}}]}<\/script>\n<!-- \/ Yoast SEO plugin. -->","yoast_head_json":{"title":"Pedir tarjetas de visita - Entrega en 24 horas","description":"\u00a1Pida sus tarjetas de visita f\u00e1cilmente online y rec\u00edbalas ma\u00f1ana mismo! Desde solo 25 unidades, a precios competitivos y listas para usar de inmediato.","robots":{"index":"index","follow":"follow","max-snippet":"max-snippet:-1","max-image-preview":"max-image-preview:large","max-video-preview":"max-video-preview:-1"},"canonical":"https:\/\/www.amstelprinting.nl\/es\/tienda\/pegatinas-e-impresion\/impresion\/tarjetas-de-visita\/","og_locale":"es_ES","og_type":"article","og_title":"Pedir tarjetas de visita - Entrega en 24 horas","og_description":"\u00a1Pida sus tarjetas de visita f\u00e1cilmente online y rec\u00edbalas ma\u00f1ana mismo! Desde solo 25 unidades, a precios competitivos y listas para usar de inmediato.","og_url":"https:\/\/www.amstelprinting.nl\/es\/tienda\/pegatinas-e-impresion\/impresion\/tarjetas-de-visita\/","og_site_name":"Amstel Printing","article_modified_time":"2026-02-18T11:48:46+00:00","og_image":[{"width":700,"height":700,"url":"https:\/\/www.amstelprinting.nl\/wp-content\/uploads\/Visitekaartjes.jpg","type":"image\/jpeg"}],"twitter_card":"summary_large_image","twitter_misc":{"Tiempo de lectura":"2 minutos"},"schema":{"@context":"https:\/\/schema.org","@graph":[{"@type":"WebPage","@id":"https:\/\/www.amstelprinting.nl\/es\/tienda\/pegatinas-e-impresion\/impresion\/tarjetas-de-visita\/","url":"https:\/\/www.amstelprinting.nl\/es\/tienda\/pegatinas-e-impresion\/impresion\/tarjetas-de-visita\/","name":"Pedir tarjetas de visita - Entrega en 24 horas","isPartOf":{"@id":"https:\/\/www.amstelprinting.nl\/es\/#website"},"primaryImageOfPage":{"@id":"https:\/\/www.amstelprinting.nl\/es\/tienda\/pegatinas-e-impresion\/impresion\/tarjetas-de-visita\/#primaryimage"},"image":{"@id":"https:\/\/www.amstelprinting.nl\/es\/tienda\/pegatinas-e-impresion\/impresion\/tarjetas-de-visita\/#primaryimage"},"thumbnailUrl":"https:\/\/www.amstelprinting.nl\/wp-content\/uploads\/Visitekaartjes.jpg","datePublished":"2025-01-23T19:47:10+00:00","dateModified":"2026-02-18T11:48:46+00:00","description":"\u00a1Pida sus tarjetas de visita f\u00e1cilmente online y rec\u00edbalas ma\u00f1ana mismo! Desde solo 25 unidades, a precios competitivos y listas para usar de inmediato.","breadcrumb":{"@id":"https:\/\/www.amstelprinting.nl\/es\/tienda\/pegatinas-e-impresion\/impresion\/tarjetas-de-visita\/#breadcrumb"},"inLanguage":"es","potentialAction":[{"@type":"ReadAction","target":["https:\/\/www.amstelprinting.nl\/es\/tienda\/pegatinas-e-impresion\/impresion\/tarjetas-de-visita\/"]}]},{"@type":"ImageObject","inLanguage":"es","@id":"https:\/\/www.amstelprinting.nl\/es\/tienda\/pegatinas-e-impresion\/impresion\/tarjetas-de-visita\/#primaryimage","url":"https:\/\/www.amstelprinting.nl\/wp-content\/uploads\/Visitekaartjes.jpg","contentUrl":"https:\/\/www.amstelprinting.nl\/wp-content\/uploads\/Visitekaartjes.jpg","width":700,"height":700},{"@type":"BreadcrumbList","@id":"https:\/\/www.amstelprinting.nl\/es\/tienda\/pegatinas-e-impresion\/impresion\/tarjetas-de-visita\/#breadcrumb","itemListElement":[{"@type":"ListItem","position":1,"name":"","item":"https:\/\/www.amstelprinting.nl\/es\/"},{"@type":"ListItem","position":2,"name":"Amstel Printing","item":"https:\/\/www.amstelprinting.nl\/es\/comercio\/"},{"@type":"ListItem","position":3,"name":"Pegatinas e impresi\u00f3n","item":"https:\/\/www.amstelprinting.nl\/es\/categor\u00eda\/pegatinas-e-impresion\/"},{"@type":"ListItem","position":4,"name":"Impresi\u00f3n","item":"https:\/\/www.amstelprinting.nl\/es\/categor\u00eda\/pegatinas-e-impresion\/impresion\/"},{"@type":"ListItem","position":5,"name":"Tarjetas de visita"}]},{"@type":"WebSite","@id":"https:\/\/www.amstelprinting.nl\/es\/#website","url":"https:\/\/www.amstelprinting.nl\/es\/","name":"Amstel Printing","description":"Creating Exposure","publisher":{"@id":"https:\/\/www.amstelprinting.nl\/es\/#organization"},"potentialAction":[{"@type":"SearchAction","target":{"@type":"EntryPoint","urlTemplate":"https:\/\/www.amstelprinting.nl\/es\/?s={search_term_string}"},"query-input":{"@type":"PropertyValueSpecification","valueRequired":true,"valueName":"search_term_string"}}],"inLanguage":"es"},{"@type":"Organization","@id":"https:\/\/www.amstelprinting.nl\/es\/#organization","name":"Amstel Printing","url":"https:\/\/www.amstelprinting.nl\/es\/","logo":{"@type":"ImageObject","inLanguage":"es","@id":"https:\/\/www.amstelprinting.nl\/es\/#\/schema\/logo\/image\/","url":"https:\/\/www.amstelprinting.nl\/wp-content\/uploads\/amstel_printing_logo_clean.png","contentUrl":"https:\/\/www.amstelprinting.nl\/wp-content\/uploads\/amstel_printing_logo_clean.png","width":324,"height":73,"caption":"Amstel Printing"},"image":{"@id":"https:\/\/www.amstelprinting.nl\/es\/#\/schema\/logo\/image\/"}}]}},"_links":{"self":[{"href":"https:\/\/www.amstelprinting.nl\/es\/wp-json\/wp\/v2\/product\/15557","targetHints":{"allow":["GET"]}}],"collection":[{"href":"https:\/\/www.amstelprinting.nl\/es\/wp-json\/wp\/v2\/product"}],"about":[{"href":"https:\/\/www.amstelprinting.nl\/es\/wp-json\/wp\/v2\/types\/product"}],"wp:featuredmedia":[{"embeddable":true,"href":"https:\/\/www.amstelprinting.nl\/es\/wp-json\/wp\/v2\/media\/15559"}],"wp:attachment":[{"href":"https:\/\/www.amstelprinting.nl\/es\/wp-json\/wp\/v2\/media?parent=15557"}],"wp:term":[{"taxonomy":"product_brand","embeddable":true,"href":"https:\/\/www.amstelprinting.nl\/es\/wp-json\/wp\/v2\/product_brand?post=15557"},{"taxonomy":"product_cat","embeddable":true,"href":"https:\/\/www.amstelprinting.nl\/es\/wp-json\/wp\/v2\/product_cat?post=15557"},{"taxonomy":"product_tag","embeddable":true,"href":"https:\/\/www.amstelprinting.nl\/es\/wp-json\/wp\/v2\/product_tag?post=15557"}],"curies":[{"name":"wp","href":"https:\/\/api.w.org\/{rel}","templated":true}]}}