{"id":15572,"date":"2025-01-23T20:47:06","date_gmt":"2025-01-23T19:47:06","guid":{"rendered":"https:\/\/www.amstelprinting.nl\/winkel\/sin%20categor\u00eda\/ansichtkaarten\/"},"modified":"2026-02-18T12:48:46","modified_gmt":"2026-02-18T11:48:46","slug":"postales","status":"publish","type":"product","link":"https:\/\/www.amstelprinting.nl\/es\/tienda\/pegatinas-e-impresion\/impresion\/postales\/","title":{"rendered":"Postales"},"content":{"rendered":"<h3>Ventajas<\/h3>\n<ul>\n<li>Haga que su mensaje sea memorable<\/li>\n<li>Disponible en diferentes formatos y tipos de papel<\/li>\n<li>Posibilidad de laminar su postal<\/li>\n<li>Elija entre una tarjeta sencilla o plegada<\/li>\n<\/ul>\n<p>&nbsp;<\/p>\n<h3>Materiales<\/h3>\n<p>Ofrecemos una selecci\u00f3n de siete materiales de alta calidad:<\/p>\n<ul>\n<li><strong>MC satinado sin madera (Brillo)<\/strong>: Este material satinado sin madera tiene una capa estucada brillante, disponible en 250, 300 y 400 g\/m\u00b2.<\/li>\n<li><strong>MC semimate sin madera (Seda)<\/strong>: Con una capa estucada mate, este material sin madera est\u00e1 disponible en 250, 300 y 400 g\/m\u00b2.<\/li>\n<li><strong>Cartulina natural<\/strong>: Cartulina natural sin madera con una estructura lisa, apta para escribir y sellar, disponible en 300 y 350 g\/m\u00b2.<\/li>\n<li><strong>Biotop Naturel<\/strong>: Papel no estucado de color crema, apto para escribir y sellar, disponible en 250 g\/m\u00b2.<\/li>\n<li><strong>Cartulina de sulfato<\/strong>: Cara frontal estucada con brillo de seda, cara posterior no estucada, disponible en 260 y 300 g\/m\u00b2.<\/li>\n<li><strong>Synaps<\/strong>: Material sint\u00e9tico, irrompible y resistente al agua, disponible en 300 g\/m\u00b2.<\/li>\n<li><strong>YupoBlue<\/strong>: Material sint\u00e9tico de color blanco brillante con una superficie mate uniforme, disponible en 319 g\/m\u00b2.<\/li>\n<\/ul>\n<p>&nbsp;<\/p>\n<h3>Acabado laminado<\/h3>\n<p>Adem\u00e1s, tiene la posibilidad de laminar sus postales para obtener una protecci\u00f3n adicional y un acabado refinado. Ofrecemos tres opciones de laminado: laminado brillante, que da a sus tarjetas un acabado resplandeciente y las protege contra da\u00f1os; laminado mate, que proporciona un aspecto elegante y sin brillos con protecci\u00f3n extra; y laminado mate soft touch, que a\u00f1ade un toque lujoso y suave, proporcionando a sus tarjetas una sensaci\u00f3n de calidad superior.<\/p>\n<h3>Tarjeta sencilla o plegada<\/h3>\n<p>Elija entre una tarjeta sencilla o una variante plegada, y entre impresi\u00f3n en la cara frontal o en ambas caras. Haga su pedido en la cantidad que necesite, con opciones de paquetes de 100, 250 o 500 unidades para mayor comodidad. Si lo desea, a\u00f1ada sobres blancos para una presentaci\u00f3n completa y profesional.<\/p>\n<p>Con nuestras postales dejar\u00e1 una impresi\u00f3n duradera. Haga que su mensaje destaque con un acabado y una presentaci\u00f3n que se ajusten exactamente a su estilo. Nosotros nos encargamos de la calidad y la apariencia que su comunicaci\u00f3n merece.<\/p>\n<h3>Preguntas frecuentes<\/h3>\n<p><strong>\u00bfCu\u00e1l debe ser el tama\u00f1o m\u00ednimo de las letras?<\/strong><br \/>\nRecomendamos una altura m\u00ednima de letra de 1 mm. Aseg\u00farese de que su archivo lo tenga en cuenta.<\/p>\n<p><strong>\u00bfSe puede escribir bien en todos los materiales?<\/strong><br \/>\nNo, solo es posible escribir en tipos de papel no estucados. Esto incluye la cartulina de sulfato (cara posterior) y la cartulina natural.<\/p>\n<p><strong>\u00bfPor qu\u00e9 no es posible el laminado en la cartulina natural?<\/strong><br \/>\nDebido a la estructura de la cartulina natural, el laminado no es aplicable y, adem\u00e1s, reducir\u00eda la posibilidad de escribir sobre el papel.<\/p>\n<p><strong>Mi impresi\u00f3n se ha arqueado, \u00bfa qu\u00e9 se debe?<\/strong><br \/>\nEsto puede deberse a la elecci\u00f3n de un laminado por una sola cara. El laminado reacciona de forma diferente al papel, lo que puede provocar que se arquee. Recomendamos laminar siempre por ambas caras para evitarlo.<\/p>\n","protected":false},"excerpt":{"rendered":"<p>Ya sea para celebrar una ocasi\u00f3n especial, enviar un mensaje personal o promocionar su empresa, nuestras econ\u00f3micas postales ofrecen la soluci\u00f3n perfecta. Disponibles en nueve formatos vers\u00e1tiles, nuestras postales est\u00e1n dise\u00f1adas para transmitir su mensaje de forma elegante y profesional.<\/p>\n","protected":false},"featured_media":15574,"template":"","meta":{"_et_pb_use_builder":"","_et_pb_old_content":"","_et_gb_content_width":""},"product_brand":[],"product_cat":[580,315],"product_tag":[],"class_list":{"0":"post-15572","1":"product","2":"type-product","3":"status-publish","4":"has-post-thumbnail","6":"product_cat-impresion","7":"product_cat-pegatinas-e-impresion","9":"first","10":"instock","11":"taxable","12":"shipping-taxable","13":"purchasable","14":"product-type-simple"},"yoast_head":"<!-- This site is optimized with the Yoast SEO plugin v27.3 - https:\/\/yoast.com\/product\/yoast-seo-wordpress\/ -->\n<title>Postales con entrega r\u00e1pida - Impresi\u00f3n profesional y elegante<\/title>\n<meta name=\"description\" content=\"Pida postales en diversos formatos y tipos de papel de lujo. Elija entre laminado brillante, mate o soft touch para un aspecto premium.\" \/>\n<meta name=\"robots\" content=\"index, follow, max-snippet:-1, max-image-preview:large, max-video-preview:-1\" \/>\n<link rel=\"canonical\" href=\"https:\/\/www.amstelprinting.nl\/es\/tienda\/pegatinas-e-impresion\/impresion\/postales\/\" \/>\n<meta property=\"og:locale\" content=\"es_ES\" \/>\n<meta property=\"og:type\" content=\"article\" \/>\n<meta property=\"og:title\" content=\"Postales con entrega r\u00e1pida - Impresi\u00f3n profesional y elegante\" \/>\n<meta property=\"og:description\" content=\"Pida postales en diversos formatos y tipos de papel de lujo. Elija entre laminado brillante, mate o soft touch para un aspecto premium.\" \/>\n<meta property=\"og:url\" content=\"https:\/\/www.amstelprinting.nl\/es\/tienda\/pegatinas-e-impresion\/impresion\/postales\/\" \/>\n<meta property=\"og:site_name\" content=\"Amstel Printing\" \/>\n<meta property=\"article:modified_time\" content=\"2026-02-18T11:48:46+00:00\" \/>\n<meta property=\"og:image\" content=\"https:\/\/www.amstelprinting.nl\/wp-content\/uploads\/Ansichtkaarten.jpg\" \/>\n\t<meta property=\"og:image:width\" content=\"700\" \/>\n\t<meta property=\"og:image:height\" content=\"700\" \/>\n\t<meta property=\"og:image:type\" content=\"image\/jpeg\" \/>\n<meta name=\"twitter:card\" content=\"summary_large_image\" \/>\n<meta name=\"twitter:label1\" content=\"Tiempo de lectura\" \/>\n\t<meta name=\"twitter:data1\" content=\"2 minutos\" \/>\n<script type=\"application\/ld+json\" class=\"yoast-schema-graph\">{\"@context\":\"https:\\\/\\\/schema.org\",\"@graph\":[{\"@type\":\"WebPage\",\"@id\":\"https:\\\/\\\/www.amstelprinting.nl\\\/es\\\/tienda\\\/pegatinas-e-impresion\\\/impresion\\\/postales\\\/\",\"url\":\"https:\\\/\\\/www.amstelprinting.nl\\\/es\\\/tienda\\\/pegatinas-e-impresion\\\/impresion\\\/postales\\\/\",\"name\":\"Postales con entrega r\u00e1pida - Impresi\u00f3n profesional y elegante\",\"isPartOf\":{\"@id\":\"https:\\\/\\\/www.amstelprinting.nl\\\/es\\\/#website\"},\"primaryImageOfPage\":{\"@id\":\"https:\\\/\\\/www.amstelprinting.nl\\\/es\\\/tienda\\\/pegatinas-e-impresion\\\/impresion\\\/postales\\\/#primaryimage\"},\"image\":{\"@id\":\"https:\\\/\\\/www.amstelprinting.nl\\\/es\\\/tienda\\\/pegatinas-e-impresion\\\/impresion\\\/postales\\\/#primaryimage\"},\"thumbnailUrl\":\"https:\\\/\\\/www.amstelprinting.nl\\\/wp-content\\\/uploads\\\/Ansichtkaarten.jpg\",\"datePublished\":\"2025-01-23T19:47:06+00:00\",\"dateModified\":\"2026-02-18T11:48:46+00:00\",\"description\":\"Pida postales en diversos formatos y tipos de papel de lujo. Elija entre laminado brillante, mate o soft touch para un aspecto premium.\",\"breadcrumb\":{\"@id\":\"https:\\\/\\\/www.amstelprinting.nl\\\/es\\\/tienda\\\/pegatinas-e-impresion\\\/impresion\\\/postales\\\/#breadcrumb\"},\"inLanguage\":\"es\",\"potentialAction\":[{\"@type\":\"ReadAction\",\"target\":[\"https:\\\/\\\/www.amstelprinting.nl\\\/es\\\/tienda\\\/pegatinas-e-impresion\\\/impresion\\\/postales\\\/\"]}]},{\"@type\":\"ImageObject\",\"inLanguage\":\"es\",\"@id\":\"https:\\\/\\\/www.amstelprinting.nl\\\/es\\\/tienda\\\/pegatinas-e-impresion\\\/impresion\\\/postales\\\/#primaryimage\",\"url\":\"https:\\\/\\\/www.amstelprinting.nl\\\/wp-content\\\/uploads\\\/Ansichtkaarten.jpg\",\"contentUrl\":\"https:\\\/\\\/www.amstelprinting.nl\\\/wp-content\\\/uploads\\\/Ansichtkaarten.jpg\",\"width\":700,\"height\":700},{\"@type\":\"BreadcrumbList\",\"@id\":\"https:\\\/\\\/www.amstelprinting.nl\\\/es\\\/tienda\\\/pegatinas-e-impresion\\\/impresion\\\/postales\\\/#breadcrumb\",\"itemListElement\":[{\"@type\":\"ListItem\",\"position\":1,\"name\":\"\",\"item\":\"https:\\\/\\\/www.amstelprinting.nl\\\/es\\\/\"},{\"@type\":\"ListItem\",\"position\":2,\"name\":\"Amstel Printing\",\"item\":\"https:\\\/\\\/www.amstelprinting.nl\\\/es\\\/comercio\\\/\"},{\"@type\":\"ListItem\",\"position\":3,\"name\":\"Pegatinas e impresi\u00f3n\",\"item\":\"https:\\\/\\\/www.amstelprinting.nl\\\/es\\\/categor\u00eda\\\/pegatinas-e-impresion\\\/\"},{\"@type\":\"ListItem\",\"position\":4,\"name\":\"Impresi\u00f3n\",\"item\":\"https:\\\/\\\/www.amstelprinting.nl\\\/es\\\/categor\u00eda\\\/pegatinas-e-impresion\\\/impresion\\\/\"},{\"@type\":\"ListItem\",\"position\":5,\"name\":\"Postales\"}]},{\"@type\":\"WebSite\",\"@id\":\"https:\\\/\\\/www.amstelprinting.nl\\\/es\\\/#website\",\"url\":\"https:\\\/\\\/www.amstelprinting.nl\\\/es\\\/\",\"name\":\"Amstel Printing\",\"description\":\"Creating Exposure\",\"publisher\":{\"@id\":\"https:\\\/\\\/www.amstelprinting.nl\\\/es\\\/#organization\"},\"potentialAction\":[{\"@type\":\"SearchAction\",\"target\":{\"@type\":\"EntryPoint\",\"urlTemplate\":\"https:\\\/\\\/www.amstelprinting.nl\\\/es\\\/?s={search_term_string}\"},\"query-input\":{\"@type\":\"PropertyValueSpecification\",\"valueRequired\":true,\"valueName\":\"search_term_string\"}}],\"inLanguage\":\"es\"},{\"@type\":\"Organization\",\"@id\":\"https:\\\/\\\/www.amstelprinting.nl\\\/es\\\/#organization\",\"name\":\"Amstel Printing\",\"url\":\"https:\\\/\\\/www.amstelprinting.nl\\\/es\\\/\",\"logo\":{\"@type\":\"ImageObject\",\"inLanguage\":\"es\",\"@id\":\"https:\\\/\\\/www.amstelprinting.nl\\\/es\\\/#\\\/schema\\\/logo\\\/image\\\/\",\"url\":\"https:\\\/\\\/www.amstelprinting.nl\\\/wp-content\\\/uploads\\\/amstel_printing_logo_clean.png\",\"contentUrl\":\"https:\\\/\\\/www.amstelprinting.nl\\\/wp-content\\\/uploads\\\/amstel_printing_logo_clean.png\",\"width\":324,\"height\":73,\"caption\":\"Amstel Printing\"},\"image\":{\"@id\":\"https:\\\/\\\/www.amstelprinting.nl\\\/es\\\/#\\\/schema\\\/logo\\\/image\\\/\"}}]}<\/script>\n<!-- \/ Yoast SEO plugin. -->","yoast_head_json":{"title":"Postales con entrega r\u00e1pida - Impresi\u00f3n profesional y elegante","description":"Pida postales en diversos formatos y tipos de papel de lujo. Elija entre laminado brillante, mate o soft touch para un aspecto premium.","robots":{"index":"index","follow":"follow","max-snippet":"max-snippet:-1","max-image-preview":"max-image-preview:large","max-video-preview":"max-video-preview:-1"},"canonical":"https:\/\/www.amstelprinting.nl\/es\/tienda\/pegatinas-e-impresion\/impresion\/postales\/","og_locale":"es_ES","og_type":"article","og_title":"Postales con entrega r\u00e1pida - Impresi\u00f3n profesional y elegante","og_description":"Pida postales en diversos formatos y tipos de papel de lujo. Elija entre laminado brillante, mate o soft touch para un aspecto premium.","og_url":"https:\/\/www.amstelprinting.nl\/es\/tienda\/pegatinas-e-impresion\/impresion\/postales\/","og_site_name":"Amstel Printing","article_modified_time":"2026-02-18T11:48:46+00:00","og_image":[{"width":700,"height":700,"url":"https:\/\/www.amstelprinting.nl\/wp-content\/uploads\/Ansichtkaarten.jpg","type":"image\/jpeg"}],"twitter_card":"summary_large_image","twitter_misc":{"Tiempo de lectura":"2 minutos"},"schema":{"@context":"https:\/\/schema.org","@graph":[{"@type":"WebPage","@id":"https:\/\/www.amstelprinting.nl\/es\/tienda\/pegatinas-e-impresion\/impresion\/postales\/","url":"https:\/\/www.amstelprinting.nl\/es\/tienda\/pegatinas-e-impresion\/impresion\/postales\/","name":"Postales con entrega r\u00e1pida - Impresi\u00f3n profesional y elegante","isPartOf":{"@id":"https:\/\/www.amstelprinting.nl\/es\/#website"},"primaryImageOfPage":{"@id":"https:\/\/www.amstelprinting.nl\/es\/tienda\/pegatinas-e-impresion\/impresion\/postales\/#primaryimage"},"image":{"@id":"https:\/\/www.amstelprinting.nl\/es\/tienda\/pegatinas-e-impresion\/impresion\/postales\/#primaryimage"},"thumbnailUrl":"https:\/\/www.amstelprinting.nl\/wp-content\/uploads\/Ansichtkaarten.jpg","datePublished":"2025-01-23T19:47:06+00:00","dateModified":"2026-02-18T11:48:46+00:00","description":"Pida postales en diversos formatos y tipos de papel de lujo. Elija entre laminado brillante, mate o soft touch para un aspecto premium.","breadcrumb":{"@id":"https:\/\/www.amstelprinting.nl\/es\/tienda\/pegatinas-e-impresion\/impresion\/postales\/#breadcrumb"},"inLanguage":"es","potentialAction":[{"@type":"ReadAction","target":["https:\/\/www.amstelprinting.nl\/es\/tienda\/pegatinas-e-impresion\/impresion\/postales\/"]}]},{"@type":"ImageObject","inLanguage":"es","@id":"https:\/\/www.amstelprinting.nl\/es\/tienda\/pegatinas-e-impresion\/impresion\/postales\/#primaryimage","url":"https:\/\/www.amstelprinting.nl\/wp-content\/uploads\/Ansichtkaarten.jpg","contentUrl":"https:\/\/www.amstelprinting.nl\/wp-content\/uploads\/Ansichtkaarten.jpg","width":700,"height":700},{"@type":"BreadcrumbList","@id":"https:\/\/www.amstelprinting.nl\/es\/tienda\/pegatinas-e-impresion\/impresion\/postales\/#breadcrumb","itemListElement":[{"@type":"ListItem","position":1,"name":"","item":"https:\/\/www.amstelprinting.nl\/es\/"},{"@type":"ListItem","position":2,"name":"Amstel Printing","item":"https:\/\/www.amstelprinting.nl\/es\/comercio\/"},{"@type":"ListItem","position":3,"name":"Pegatinas e impresi\u00f3n","item":"https:\/\/www.amstelprinting.nl\/es\/categor\u00eda\/pegatinas-e-impresion\/"},{"@type":"ListItem","position":4,"name":"Impresi\u00f3n","item":"https:\/\/www.amstelprinting.nl\/es\/categor\u00eda\/pegatinas-e-impresion\/impresion\/"},{"@type":"ListItem","position":5,"name":"Postales"}]},{"@type":"WebSite","@id":"https:\/\/www.amstelprinting.nl\/es\/#website","url":"https:\/\/www.amstelprinting.nl\/es\/","name":"Amstel Printing","description":"Creating Exposure","publisher":{"@id":"https:\/\/www.amstelprinting.nl\/es\/#organization"},"potentialAction":[{"@type":"SearchAction","target":{"@type":"EntryPoint","urlTemplate":"https:\/\/www.amstelprinting.nl\/es\/?s={search_term_string}"},"query-input":{"@type":"PropertyValueSpecification","valueRequired":true,"valueName":"search_term_string"}}],"inLanguage":"es"},{"@type":"Organization","@id":"https:\/\/www.amstelprinting.nl\/es\/#organization","name":"Amstel Printing","url":"https:\/\/www.amstelprinting.nl\/es\/","logo":{"@type":"ImageObject","inLanguage":"es","@id":"https:\/\/www.amstelprinting.nl\/es\/#\/schema\/logo\/image\/","url":"https:\/\/www.amstelprinting.nl\/wp-content\/uploads\/amstel_printing_logo_clean.png","contentUrl":"https:\/\/www.amstelprinting.nl\/wp-content\/uploads\/amstel_printing_logo_clean.png","width":324,"height":73,"caption":"Amstel Printing"},"image":{"@id":"https:\/\/www.amstelprinting.nl\/es\/#\/schema\/logo\/image\/"}}]}},"_links":{"self":[{"href":"https:\/\/www.amstelprinting.nl\/es\/wp-json\/wp\/v2\/product\/15572","targetHints":{"allow":["GET"]}}],"collection":[{"href":"https:\/\/www.amstelprinting.nl\/es\/wp-json\/wp\/v2\/product"}],"about":[{"href":"https:\/\/www.amstelprinting.nl\/es\/wp-json\/wp\/v2\/types\/product"}],"wp:featuredmedia":[{"embeddable":true,"href":"https:\/\/www.amstelprinting.nl\/es\/wp-json\/wp\/v2\/media\/15574"}],"wp:attachment":[{"href":"https:\/\/www.amstelprinting.nl\/es\/wp-json\/wp\/v2\/media?parent=15572"}],"wp:term":[{"taxonomy":"product_brand","embeddable":true,"href":"https:\/\/www.amstelprinting.nl\/es\/wp-json\/wp\/v2\/product_brand?post=15572"},{"taxonomy":"product_cat","embeddable":true,"href":"https:\/\/www.amstelprinting.nl\/es\/wp-json\/wp\/v2\/product_cat?post=15572"},{"taxonomy":"product_tag","embeddable":true,"href":"https:\/\/www.amstelprinting.nl\/es\/wp-json\/wp\/v2\/product_tag?post=15572"}],"curies":[{"name":"wp","href":"https:\/\/api.w.org\/{rel}","templated":true}]}}