{"id":15583,"date":"2025-01-23T20:46:43","date_gmt":"2025-01-23T19:46:43","guid":{"rendered":"https:\/\/www.amstelprinting.nl\/winkel\/sin%20categor\u00eda\/plano-drukvellen\/"},"modified":"2026-02-18T12:48:47","modified_gmt":"2026-02-18T11:48:47","slug":"pliegos-de-impresion-plano","status":"publish","type":"product","link":"https:\/\/www.amstelprinting.nl\/es\/tienda\/pegatinas-e-impresion\/impresion\/pliegos-de-impresion-plano\/","title":{"rendered":"Pliegos de impresi\u00f3n plano"},"content":{"rendered":"<h3>Pedir pliegos de impresi\u00f3n plano<\/h3>\n<p>Con nuestros pliegos de impresi\u00f3n plano, obtendr\u00e1 la flexibilidad y el control necesarios para finalizar sus trabajos de impresi\u00f3n exactamente como desee. Puede pedir sus pliegos de impresi\u00f3n plano en la cantidad que necesite. Esto le da la flexibilidad de pedir exactamente el n\u00famero que requiere su proyecto.<\/p>\n<h3>Ventajas<\/h3>\n<ul>\n<li>Libertad para procesar su propio pliego de impresi\u00f3n<\/li>\n<li>Pliego de impresi\u00f3n plano sin acabado o opci\u00f3n acabada de medio formato<\/li>\n<li>Disponible en nueve tipos de papel<\/li>\n<li>Impreso con una capa de tinta a todo color<\/li>\n<\/ul>\n<p>&nbsp;<\/p>\n<h3>Materiales<\/h3>\n<p>Nuestros pliegos de impresi\u00f3n plano est\u00e1n disponibles en una selecci\u00f3n de nueve materiales de alta calidad, cada uno con propiedades \u00fanicas:<\/p>\n<ul>\n<li><strong>MC estucado brillante sin madera (Brillo)<\/strong>: Este material satinado sin madera ofrece un acabado brillante que hace que sus dise\u00f1os destaquen. Disponible en gramajes de 135, 170, 250, 300 y 400 gr.\/m\u00b2.<\/li>\n<li><strong>MC semimate sin madera (Silk)<\/strong>: Para un aspecto mate sutil, este material sin madera es la elecci\u00f3n perfecta. Disponible en 135, 170, 250, 300 y 400 gr.\/m\u00b2.<\/li>\n<li><strong>Cart\u00f3n natural<\/strong>: Este cart\u00f3n liso sin madera es ideal para escribir y sellar, con un gramaje de 300 y 350 gr.\/m\u00b2.<\/li>\n<li><strong>Offset blanco sin madera<\/strong>: Este papel offset sin madera es excelente para escribir y sellar y est\u00e1 disponible en 90 y 170 gr.\/m\u00b2.<\/li>\n<li><strong>Biotop Naturel<\/strong>: No estucado y de color crema, este papel ofrece un aspecto elegante y permite escribir y sellar f\u00e1cilmente sobre \u00e9l, con un gramaje de 250 gr.\/m\u00b2.<\/li>\n<li><strong>Cartulina sulfatada<\/strong>: Con una cara frontal estucada para un bonito brillo sedoso y una parte posterior no estucada para escribir y sellar. Disponible en 260 y 300 gr.\/m\u00b2.<\/li>\n<li><strong>Synaps<\/strong>: Este material sint\u00e9tico es irrompible y resistente al agua, ideal para la durabilidad. Disponible en 300 gr.\/m\u00b2.<\/li>\n<li><strong>YupoBlue<\/strong>: Un material sint\u00e9tico de color blanco brillante con una superficie mate uniforme para una reproducci\u00f3n de colores brillante. Disponible en 319 gr.\/m\u00b2.<\/li>\n<li><strong>Blanco sin madera apto para l\u00e1ser<\/strong>: Papel offset sin madera adecuado para impresi\u00f3n l\u00e1ser, con un gramaje de 90 y 100 gr.\/m\u00b2.<\/li>\n<\/ul>\n<p>&nbsp;<\/p>\n<h3>Acabados<\/h3>\n<p>Nuestros pliegos de impresi\u00f3n plano est\u00e1n disponibles en dos opciones de acabado. Puede elegir un pliego plano sin acabado, que es un pliego de 75 x 53 cm. Alternativamente, puede elegir la opci\u00f3n acabada en la que el pliego plano se corta a un tama\u00f1o de 37,5 x 53 cm, ideal para aplicaciones espec\u00edficas y m\u00e1s f\u00e1cil de usar. Los pliegos se imprimen con una capa de tinta a todo color (nota: sin blanco). Puede elegir la impresi\u00f3n en el anverso o tanto en el anverso como en el reverso del pliego.<\/p>\n<h3>Preguntas frecuentes<\/h3>\n<p><strong>\u00bfCu\u00e1l debe ser el tama\u00f1o m\u00ednimo de las letras?<\/strong><br \/>\nRecomendamos una altura m\u00ednima de asta de 1 mm. Aseg\u00farese de que su archivo cumpla con este requisito.<\/p>\n<p><strong>\u00bfSe puede escribir en todos los materiales?<\/strong><br \/>\nSolo es posible escribir en tipos de papel no estucados, como la cartulina sulfatada (reverso) y el cart\u00f3n natural.<\/p>\n<p><strong>\u00bfPor qu\u00e9 no es posible laminar el cart\u00f3n natural?<\/strong><br \/>\nDebido a la estructura del cart\u00f3n natural, no se puede aplicar laminado. Adem\u00e1s, el laminado reducir\u00eda la capacidad de escribir sobre el papel.<\/p>\n<p><strong>Mi trabajo de impresi\u00f3n se ha curvado, \u00bfa qu\u00e9 se debe?<\/strong><br \/>\nEste problema puede surgir por el uso de laminado por una sola cara. Dado que el laminado y el papel tienen propiedades diferentes, esto puede provocar curvaturas. Recomendamos laminar siempre por ambas caras para evitar este efecto.<\/p>\n","protected":false},"excerpt":{"rendered":"<p>\u00bfBusca el m\u00e1ximo control sobre el acabado de sus impresiones? Nuestros pliegos de impresi\u00f3n plano le ofrecen la libertad de combinar varios dise\u00f1os en un solo pliego y procesarlos usted mismo. Perfecto si desea dar el toque final usted mismo o para optimizar sus propios proyectos de impresi\u00f3n.<\/p>\n","protected":false},"featured_media":15584,"template":"","meta":{"_et_pb_use_builder":"","_et_pb_old_content":"","_et_gb_content_width":""},"product_brand":[],"product_cat":[580,315],"product_tag":[],"class_list":{"0":"post-15583","1":"product","2":"type-product","3":"status-publish","4":"has-post-thumbnail","6":"product_cat-impresion","7":"product_cat-pegatinas-e-impresion","9":"first","10":"instock","11":"taxable","12":"shipping-taxable","13":"purchasable","14":"product-type-simple"},"yoast_head":"<!-- This site is optimized with the Yoast SEO plugin v27.3 - https:\/\/yoast.com\/product\/yoast-seo-wordpress\/ -->\n<title>Pedir pliegos de impresi\u00f3n plano: entrega r\u00e1pida y personalizaci\u00f3n flexible<\/title>\n<meta name=\"description\" content=\"Pida sus pliegos de impresi\u00f3n plano de forma f\u00e1cil y r\u00e1pida con acabados flexibles y una selecci\u00f3n de 9 tipos de papel. Entrega r\u00e1pida, listos para usar.\" \/>\n<meta name=\"robots\" content=\"index, follow, max-snippet:-1, max-image-preview:large, max-video-preview:-1\" \/>\n<link rel=\"canonical\" href=\"https:\/\/www.amstelprinting.nl\/es\/tienda\/pegatinas-e-impresion\/impresion\/pliegos-de-impresion-plano\/\" \/>\n<meta property=\"og:locale\" content=\"es_ES\" \/>\n<meta property=\"og:type\" content=\"article\" \/>\n<meta property=\"og:title\" content=\"Pedir pliegos de impresi\u00f3n plano: entrega r\u00e1pida y personalizaci\u00f3n flexible\" \/>\n<meta property=\"og:description\" content=\"Pida sus pliegos de impresi\u00f3n plano de forma f\u00e1cil y r\u00e1pida con acabados flexibles y una selecci\u00f3n de 9 tipos de papel. Entrega r\u00e1pida, listos para usar.\" \/>\n<meta property=\"og:url\" content=\"https:\/\/www.amstelprinting.nl\/es\/tienda\/pegatinas-e-impresion\/impresion\/pliegos-de-impresion-plano\/\" \/>\n<meta property=\"og:site_name\" content=\"Amstel Printing\" \/>\n<meta property=\"article:modified_time\" content=\"2026-02-18T11:48:47+00:00\" \/>\n<meta property=\"og:image\" content=\"https:\/\/www.amstelprinting.nl\/wp-content\/uploads\/Plano-drukvellen.jpg\" \/>\n\t<meta property=\"og:image:width\" content=\"700\" \/>\n\t<meta property=\"og:image:height\" content=\"700\" \/>\n\t<meta property=\"og:image:type\" content=\"image\/jpeg\" \/>\n<meta name=\"twitter:card\" content=\"summary_large_image\" \/>\n<meta name=\"twitter:label1\" content=\"Tiempo de lectura\" \/>\n\t<meta name=\"twitter:data1\" content=\"3 minutos\" \/>\n<script type=\"application\/ld+json\" class=\"yoast-schema-graph\">{\"@context\":\"https:\\\/\\\/schema.org\",\"@graph\":[{\"@type\":\"WebPage\",\"@id\":\"https:\\\/\\\/www.amstelprinting.nl\\\/es\\\/tienda\\\/pegatinas-e-impresion\\\/impresion\\\/pliegos-de-impresion-plano\\\/\",\"url\":\"https:\\\/\\\/www.amstelprinting.nl\\\/es\\\/tienda\\\/pegatinas-e-impresion\\\/impresion\\\/pliegos-de-impresion-plano\\\/\",\"name\":\"Pedir pliegos de impresi\u00f3n plano: entrega r\u00e1pida y personalizaci\u00f3n flexible\",\"isPartOf\":{\"@id\":\"https:\\\/\\\/www.amstelprinting.nl\\\/es\\\/#website\"},\"primaryImageOfPage\":{\"@id\":\"https:\\\/\\\/www.amstelprinting.nl\\\/es\\\/tienda\\\/pegatinas-e-impresion\\\/impresion\\\/pliegos-de-impresion-plano\\\/#primaryimage\"},\"image\":{\"@id\":\"https:\\\/\\\/www.amstelprinting.nl\\\/es\\\/tienda\\\/pegatinas-e-impresion\\\/impresion\\\/pliegos-de-impresion-plano\\\/#primaryimage\"},\"thumbnailUrl\":\"https:\\\/\\\/www.amstelprinting.nl\\\/wp-content\\\/uploads\\\/Plano-drukvellen.jpg\",\"datePublished\":\"2025-01-23T19:46:43+00:00\",\"dateModified\":\"2026-02-18T11:48:47+00:00\",\"description\":\"Pida sus pliegos de impresi\u00f3n plano de forma f\u00e1cil y r\u00e1pida con acabados flexibles y una selecci\u00f3n de 9 tipos de papel. Entrega r\u00e1pida, listos para usar.\",\"breadcrumb\":{\"@id\":\"https:\\\/\\\/www.amstelprinting.nl\\\/es\\\/tienda\\\/pegatinas-e-impresion\\\/impresion\\\/pliegos-de-impresion-plano\\\/#breadcrumb\"},\"inLanguage\":\"es\",\"potentialAction\":[{\"@type\":\"ReadAction\",\"target\":[\"https:\\\/\\\/www.amstelprinting.nl\\\/es\\\/tienda\\\/pegatinas-e-impresion\\\/impresion\\\/pliegos-de-impresion-plano\\\/\"]}]},{\"@type\":\"ImageObject\",\"inLanguage\":\"es\",\"@id\":\"https:\\\/\\\/www.amstelprinting.nl\\\/es\\\/tienda\\\/pegatinas-e-impresion\\\/impresion\\\/pliegos-de-impresion-plano\\\/#primaryimage\",\"url\":\"https:\\\/\\\/www.amstelprinting.nl\\\/wp-content\\\/uploads\\\/Plano-drukvellen.jpg\",\"contentUrl\":\"https:\\\/\\\/www.amstelprinting.nl\\\/wp-content\\\/uploads\\\/Plano-drukvellen.jpg\",\"width\":700,\"height\":700},{\"@type\":\"BreadcrumbList\",\"@id\":\"https:\\\/\\\/www.amstelprinting.nl\\\/es\\\/tienda\\\/pegatinas-e-impresion\\\/impresion\\\/pliegos-de-impresion-plano\\\/#breadcrumb\",\"itemListElement\":[{\"@type\":\"ListItem\",\"position\":1,\"name\":\"\",\"item\":\"https:\\\/\\\/www.amstelprinting.nl\\\/es\\\/\"},{\"@type\":\"ListItem\",\"position\":2,\"name\":\"Amstel Printing\",\"item\":\"https:\\\/\\\/www.amstelprinting.nl\\\/es\\\/comercio\\\/\"},{\"@type\":\"ListItem\",\"position\":3,\"name\":\"Pegatinas e impresi\u00f3n\",\"item\":\"https:\\\/\\\/www.amstelprinting.nl\\\/es\\\/categor\u00eda\\\/pegatinas-e-impresion\\\/\"},{\"@type\":\"ListItem\",\"position\":4,\"name\":\"Impresi\u00f3n\",\"item\":\"https:\\\/\\\/www.amstelprinting.nl\\\/es\\\/categor\u00eda\\\/pegatinas-e-impresion\\\/impresion\\\/\"},{\"@type\":\"ListItem\",\"position\":5,\"name\":\"Pliegos de impresi\u00f3n plano\"}]},{\"@type\":\"WebSite\",\"@id\":\"https:\\\/\\\/www.amstelprinting.nl\\\/es\\\/#website\",\"url\":\"https:\\\/\\\/www.amstelprinting.nl\\\/es\\\/\",\"name\":\"Amstel Printing\",\"description\":\"Creating Exposure\",\"publisher\":{\"@id\":\"https:\\\/\\\/www.amstelprinting.nl\\\/es\\\/#organization\"},\"potentialAction\":[{\"@type\":\"SearchAction\",\"target\":{\"@type\":\"EntryPoint\",\"urlTemplate\":\"https:\\\/\\\/www.amstelprinting.nl\\\/es\\\/?s={search_term_string}\"},\"query-input\":{\"@type\":\"PropertyValueSpecification\",\"valueRequired\":true,\"valueName\":\"search_term_string\"}}],\"inLanguage\":\"es\"},{\"@type\":\"Organization\",\"@id\":\"https:\\\/\\\/www.amstelprinting.nl\\\/es\\\/#organization\",\"name\":\"Amstel Printing\",\"url\":\"https:\\\/\\\/www.amstelprinting.nl\\\/es\\\/\",\"logo\":{\"@type\":\"ImageObject\",\"inLanguage\":\"es\",\"@id\":\"https:\\\/\\\/www.amstelprinting.nl\\\/es\\\/#\\\/schema\\\/logo\\\/image\\\/\",\"url\":\"https:\\\/\\\/www.amstelprinting.nl\\\/wp-content\\\/uploads\\\/amstel_printing_logo_clean.png\",\"contentUrl\":\"https:\\\/\\\/www.amstelprinting.nl\\\/wp-content\\\/uploads\\\/amstel_printing_logo_clean.png\",\"width\":324,\"height\":73,\"caption\":\"Amstel Printing\"},\"image\":{\"@id\":\"https:\\\/\\\/www.amstelprinting.nl\\\/es\\\/#\\\/schema\\\/logo\\\/image\\\/\"}}]}<\/script>\n<!-- \/ Yoast SEO plugin. -->","yoast_head_json":{"title":"Pedir pliegos de impresi\u00f3n plano: entrega r\u00e1pida y personalizaci\u00f3n flexible","description":"Pida sus pliegos de impresi\u00f3n plano de forma f\u00e1cil y r\u00e1pida con acabados flexibles y una selecci\u00f3n de 9 tipos de papel. Entrega r\u00e1pida, listos para usar.","robots":{"index":"index","follow":"follow","max-snippet":"max-snippet:-1","max-image-preview":"max-image-preview:large","max-video-preview":"max-video-preview:-1"},"canonical":"https:\/\/www.amstelprinting.nl\/es\/tienda\/pegatinas-e-impresion\/impresion\/pliegos-de-impresion-plano\/","og_locale":"es_ES","og_type":"article","og_title":"Pedir pliegos de impresi\u00f3n plano: entrega r\u00e1pida y personalizaci\u00f3n flexible","og_description":"Pida sus pliegos de impresi\u00f3n plano de forma f\u00e1cil y r\u00e1pida con acabados flexibles y una selecci\u00f3n de 9 tipos de papel. Entrega r\u00e1pida, listos para usar.","og_url":"https:\/\/www.amstelprinting.nl\/es\/tienda\/pegatinas-e-impresion\/impresion\/pliegos-de-impresion-plano\/","og_site_name":"Amstel Printing","article_modified_time":"2026-02-18T11:48:47+00:00","og_image":[{"width":700,"height":700,"url":"https:\/\/www.amstelprinting.nl\/wp-content\/uploads\/Plano-drukvellen.jpg","type":"image\/jpeg"}],"twitter_card":"summary_large_image","twitter_misc":{"Tiempo de lectura":"3 minutos"},"schema":{"@context":"https:\/\/schema.org","@graph":[{"@type":"WebPage","@id":"https:\/\/www.amstelprinting.nl\/es\/tienda\/pegatinas-e-impresion\/impresion\/pliegos-de-impresion-plano\/","url":"https:\/\/www.amstelprinting.nl\/es\/tienda\/pegatinas-e-impresion\/impresion\/pliegos-de-impresion-plano\/","name":"Pedir pliegos de impresi\u00f3n plano: entrega r\u00e1pida y personalizaci\u00f3n flexible","isPartOf":{"@id":"https:\/\/www.amstelprinting.nl\/es\/#website"},"primaryImageOfPage":{"@id":"https:\/\/www.amstelprinting.nl\/es\/tienda\/pegatinas-e-impresion\/impresion\/pliegos-de-impresion-plano\/#primaryimage"},"image":{"@id":"https:\/\/www.amstelprinting.nl\/es\/tienda\/pegatinas-e-impresion\/impresion\/pliegos-de-impresion-plano\/#primaryimage"},"thumbnailUrl":"https:\/\/www.amstelprinting.nl\/wp-content\/uploads\/Plano-drukvellen.jpg","datePublished":"2025-01-23T19:46:43+00:00","dateModified":"2026-02-18T11:48:47+00:00","description":"Pida sus pliegos de impresi\u00f3n plano de forma f\u00e1cil y r\u00e1pida con acabados flexibles y una selecci\u00f3n de 9 tipos de papel. Entrega r\u00e1pida, listos para usar.","breadcrumb":{"@id":"https:\/\/www.amstelprinting.nl\/es\/tienda\/pegatinas-e-impresion\/impresion\/pliegos-de-impresion-plano\/#breadcrumb"},"inLanguage":"es","potentialAction":[{"@type":"ReadAction","target":["https:\/\/www.amstelprinting.nl\/es\/tienda\/pegatinas-e-impresion\/impresion\/pliegos-de-impresion-plano\/"]}]},{"@type":"ImageObject","inLanguage":"es","@id":"https:\/\/www.amstelprinting.nl\/es\/tienda\/pegatinas-e-impresion\/impresion\/pliegos-de-impresion-plano\/#primaryimage","url":"https:\/\/www.amstelprinting.nl\/wp-content\/uploads\/Plano-drukvellen.jpg","contentUrl":"https:\/\/www.amstelprinting.nl\/wp-content\/uploads\/Plano-drukvellen.jpg","width":700,"height":700},{"@type":"BreadcrumbList","@id":"https:\/\/www.amstelprinting.nl\/es\/tienda\/pegatinas-e-impresion\/impresion\/pliegos-de-impresion-plano\/#breadcrumb","itemListElement":[{"@type":"ListItem","position":1,"name":"","item":"https:\/\/www.amstelprinting.nl\/es\/"},{"@type":"ListItem","position":2,"name":"Amstel Printing","item":"https:\/\/www.amstelprinting.nl\/es\/comercio\/"},{"@type":"ListItem","position":3,"name":"Pegatinas e impresi\u00f3n","item":"https:\/\/www.amstelprinting.nl\/es\/categor\u00eda\/pegatinas-e-impresion\/"},{"@type":"ListItem","position":4,"name":"Impresi\u00f3n","item":"https:\/\/www.amstelprinting.nl\/es\/categor\u00eda\/pegatinas-e-impresion\/impresion\/"},{"@type":"ListItem","position":5,"name":"Pliegos de impresi\u00f3n plano"}]},{"@type":"WebSite","@id":"https:\/\/www.amstelprinting.nl\/es\/#website","url":"https:\/\/www.amstelprinting.nl\/es\/","name":"Amstel Printing","description":"Creating Exposure","publisher":{"@id":"https:\/\/www.amstelprinting.nl\/es\/#organization"},"potentialAction":[{"@type":"SearchAction","target":{"@type":"EntryPoint","urlTemplate":"https:\/\/www.amstelprinting.nl\/es\/?s={search_term_string}"},"query-input":{"@type":"PropertyValueSpecification","valueRequired":true,"valueName":"search_term_string"}}],"inLanguage":"es"},{"@type":"Organization","@id":"https:\/\/www.amstelprinting.nl\/es\/#organization","name":"Amstel Printing","url":"https:\/\/www.amstelprinting.nl\/es\/","logo":{"@type":"ImageObject","inLanguage":"es","@id":"https:\/\/www.amstelprinting.nl\/es\/#\/schema\/logo\/image\/","url":"https:\/\/www.amstelprinting.nl\/wp-content\/uploads\/amstel_printing_logo_clean.png","contentUrl":"https:\/\/www.amstelprinting.nl\/wp-content\/uploads\/amstel_printing_logo_clean.png","width":324,"height":73,"caption":"Amstel Printing"},"image":{"@id":"https:\/\/www.amstelprinting.nl\/es\/#\/schema\/logo\/image\/"}}]}},"_links":{"self":[{"href":"https:\/\/www.amstelprinting.nl\/es\/wp-json\/wp\/v2\/product\/15583","targetHints":{"allow":["GET"]}}],"collection":[{"href":"https:\/\/www.amstelprinting.nl\/es\/wp-json\/wp\/v2\/product"}],"about":[{"href":"https:\/\/www.amstelprinting.nl\/es\/wp-json\/wp\/v2\/types\/product"}],"wp:featuredmedia":[{"embeddable":true,"href":"https:\/\/www.amstelprinting.nl\/es\/wp-json\/wp\/v2\/media\/15584"}],"wp:attachment":[{"href":"https:\/\/www.amstelprinting.nl\/es\/wp-json\/wp\/v2\/media?parent=15583"}],"wp:term":[{"taxonomy":"product_brand","embeddable":true,"href":"https:\/\/www.amstelprinting.nl\/es\/wp-json\/wp\/v2\/product_brand?post=15583"},{"taxonomy":"product_cat","embeddable":true,"href":"https:\/\/www.amstelprinting.nl\/es\/wp-json\/wp\/v2\/product_cat?post=15583"},{"taxonomy":"product_tag","embeddable":true,"href":"https:\/\/www.amstelprinting.nl\/es\/wp-json\/wp\/v2\/product_tag?post=15583"}],"curies":[{"name":"wp","href":"https:\/\/api.w.org\/{rel}","templated":true}]}}