{"id":15597,"date":"2025-01-23T20:46:10","date_gmt":"2025-01-23T19:46:10","guid":{"rendered":"https:\/\/www.amstelprinting.nl\/winkel\/sin%20categor\u00eda\/brochures\/"},"modified":"2026-02-18T12:48:47","modified_gmt":"2026-02-18T11:48:47","slug":"folletos","status":"publish","type":"product","link":"https:\/\/www.amstelprinting.nl\/es\/tienda\/pegatinas-e-impresion\/impresion\/folletos\/","title":{"rendered":"Folletos"},"content":{"rendered":"<h3>Pida folletos de forma econ\u00f3mica y r\u00e1pida<\/h3>\n<p>Nuestros folletos pueden pedirse en diferentes tiradas, de modo que puede elegir exactamente la cantidad que necesita. Transforme su comunicaci\u00f3n con nuestros folletos a medida. Con una gama de formatos, materiales y tiradas, ofrecemos la soluci\u00f3n ideal para sus necesidades de impresi\u00f3n. Su pr\u00f3xima presentaci\u00f3n de \u00e9xito empieza aqu\u00ed.<\/p>\n<h3>\u00bfPor qu\u00e9 imprimir folletos?<\/h3>\n<ul>\n<li>Elija entre 6 formatos est\u00e1ndar<\/li>\n<li>Disponible de 8 a 64 p\u00e1ginas<\/li>\n<li>Encuadernado con dos grapas en el lomo<\/li>\n<li>Opci\u00f3n de 2 tipos de papel y 3 gramajes<\/li>\n<li>Calidad de impresi\u00f3n de alta resoluci\u00f3n con HP Indigo 12000<\/li>\n<li>Pida desde 1 unidad, sin costes de puesta en marcha gracias a la impresi\u00f3n digital<\/li>\n<\/ul>\n<p>&nbsp;<\/p>\n<h3>Formatos y materiales<\/h3>\n<p>Nuestros folletos est\u00e1n disponibles en seis formatos diferentes, lo que le da la libertad de elegir el formato que mejor se adapte a su contenido y presentaci\u00f3n. Puede elegir entre folletos de 8, 12, 16, 20, 24 o 28 p\u00e1ginas, incluyendo la portada. Ofrecemos tres tipos de papel premium para sus folletos:<\/p>\n<ul>\n<li><strong>HV Semimate MC (Silk)<\/strong>: Este papel estucado semimate libre de madera tiene un elegante acabado mate que proporciona un aspecto refinado. Est\u00e1 disponible en pesos de 135 gr.\/m\u00b2, 170 gr.\/m\u00b2 y 250 gr.\/m\u00b2. Este papel es ideal para impresiones donde se desea un aspecto sutil y profesional, pero es menos adecuado para escribir y sellar.<\/li>\n<li><strong>HV Satinado MC (Brillo)<\/strong>: Para un acabado llamativo y brillante, elija nuestro papel estucado satinado libre de madera. Este material tiene una capa de estuco brillante y est\u00e1 disponible en 135 gr.\/m\u00b2, 170 gr.\/m\u00b2 y 250 gr.\/m\u00b2. Perfecto para crear folletos vibrantes y llamativos, aunque tambi\u00e9n es menos adecuado para escribir y sellar.<\/li>\n<li><strong>HVO Blanco<\/strong>: Este papel offset libre de madera ofrece un acabado no estucado, lo que lo hace excelente para escribir y sellar. Disponible en 170 gr.\/m\u00b2, este papel es ideal para folletos en los que se desea la posibilidad de hacer anotaciones o sellos, manteniendo un aspecto profesional.<\/li>\n<\/ul>\n<p>&nbsp;<\/p>\n<h3>Preguntas frecuentes<\/h3>\n<p><strong>\u00bfTambi\u00e9n es posible pedir formatos diferentes?<\/strong><br \/>\nLamentablemente, los folletos solo est\u00e1n disponibles en formatos fijos. Si necesita otro formato diferente, puede optar por pliegos de impresi\u00f3n planos. Tenga en cuenta que estos pliegos deben acabarse m\u00e1s a fondo tras su recepci\u00f3n.<\/p>\n","protected":false},"excerpt":{"rendered":"<h3>Imprimir folletos (revistas). Exactamente como usted desee.<\/h3>\n<p>Ya sea que necesite una presentaci\u00f3n de empresa, un cat\u00e1logo de productos o una gu\u00eda informativa, nuestros folletos ofrecen la soluci\u00f3n perfecta para comunicar su mensaje de forma atractiva y profesional. Con una variedad de formatos y materiales, puede crear folletos que se ajusten exactamente a sus deseos y necesidades.<\/p>\n","protected":false},"featured_media":15599,"template":"","meta":{"_et_pb_use_builder":"","_et_pb_old_content":"","_et_gb_content_width":""},"product_brand":[],"product_cat":[580,315],"product_tag":[],"class_list":{"0":"post-15597","1":"product","2":"type-product","3":"status-publish","4":"has-post-thumbnail","6":"product_cat-impresion","7":"product_cat-pegatinas-e-impresion","9":"first","10":"instock","11":"taxable","12":"shipping-taxable","13":"purchasable","14":"product-type-simple"},"yoast_head":"<!-- This site is optimized with the Yoast SEO plugin v27.3 - https:\/\/yoast.com\/product\/yoast-seo-wordpress\/ -->\n<title>Folletos a medida - Calidad n\u00edtida y entrega r\u00e1pida<\/title>\n<meta name=\"description\" content=\"Dise\u00f1e sus folletos perfectos con diversos formatos, tipos de papel premium y alta calidad de impresi\u00f3n. Cause un impacto directo con su comunicaci\u00f3n.\" \/>\n<meta name=\"robots\" content=\"index, follow, max-snippet:-1, max-image-preview:large, max-video-preview:-1\" \/>\n<link rel=\"canonical\" href=\"https:\/\/www.amstelprinting.nl\/es\/tienda\/pegatinas-e-impresion\/impresion\/folletos\/\" \/>\n<meta property=\"og:locale\" content=\"es_ES\" \/>\n<meta property=\"og:type\" content=\"article\" \/>\n<meta property=\"og:title\" content=\"Folletos a medida - Calidad n\u00edtida y entrega r\u00e1pida\" \/>\n<meta property=\"og:description\" content=\"Dise\u00f1e sus folletos perfectos con diversos formatos, tipos de papel premium y alta calidad de impresi\u00f3n. Cause un impacto directo con su comunicaci\u00f3n.\" \/>\n<meta property=\"og:url\" content=\"https:\/\/www.amstelprinting.nl\/es\/tienda\/pegatinas-e-impresion\/impresion\/folletos\/\" \/>\n<meta property=\"og:site_name\" content=\"Amstel Printing\" \/>\n<meta property=\"article:modified_time\" content=\"2026-02-18T11:48:47+00:00\" \/>\n<meta property=\"og:image\" content=\"https:\/\/www.amstelprinting.nl\/wp-content\/uploads\/Brochures.jpg\" \/>\n\t<meta property=\"og:image:width\" content=\"700\" \/>\n\t<meta property=\"og:image:height\" content=\"700\" \/>\n\t<meta property=\"og:image:type\" content=\"image\/jpeg\" \/>\n<meta name=\"twitter:card\" content=\"summary_large_image\" \/>\n<meta name=\"twitter:label1\" content=\"Tiempo de lectura\" \/>\n\t<meta name=\"twitter:data1\" content=\"2 minutos\" \/>\n<script type=\"application\/ld+json\" class=\"yoast-schema-graph\">{\"@context\":\"https:\\\/\\\/schema.org\",\"@graph\":[{\"@type\":\"WebPage\",\"@id\":\"https:\\\/\\\/www.amstelprinting.nl\\\/es\\\/tienda\\\/pegatinas-e-impresion\\\/impresion\\\/folletos\\\/\",\"url\":\"https:\\\/\\\/www.amstelprinting.nl\\\/es\\\/tienda\\\/pegatinas-e-impresion\\\/impresion\\\/folletos\\\/\",\"name\":\"Folletos a medida - Calidad n\u00edtida y entrega r\u00e1pida\",\"isPartOf\":{\"@id\":\"https:\\\/\\\/www.amstelprinting.nl\\\/es\\\/#website\"},\"primaryImageOfPage\":{\"@id\":\"https:\\\/\\\/www.amstelprinting.nl\\\/es\\\/tienda\\\/pegatinas-e-impresion\\\/impresion\\\/folletos\\\/#primaryimage\"},\"image\":{\"@id\":\"https:\\\/\\\/www.amstelprinting.nl\\\/es\\\/tienda\\\/pegatinas-e-impresion\\\/impresion\\\/folletos\\\/#primaryimage\"},\"thumbnailUrl\":\"https:\\\/\\\/www.amstelprinting.nl\\\/wp-content\\\/uploads\\\/Brochures.jpg\",\"datePublished\":\"2025-01-23T19:46:10+00:00\",\"dateModified\":\"2026-02-18T11:48:47+00:00\",\"description\":\"Dise\u00f1e sus folletos perfectos con diversos formatos, tipos de papel premium y alta calidad de impresi\u00f3n. Cause un impacto directo con su comunicaci\u00f3n.\",\"breadcrumb\":{\"@id\":\"https:\\\/\\\/www.amstelprinting.nl\\\/es\\\/tienda\\\/pegatinas-e-impresion\\\/impresion\\\/folletos\\\/#breadcrumb\"},\"inLanguage\":\"es\",\"potentialAction\":[{\"@type\":\"ReadAction\",\"target\":[\"https:\\\/\\\/www.amstelprinting.nl\\\/es\\\/tienda\\\/pegatinas-e-impresion\\\/impresion\\\/folletos\\\/\"]}]},{\"@type\":\"ImageObject\",\"inLanguage\":\"es\",\"@id\":\"https:\\\/\\\/www.amstelprinting.nl\\\/es\\\/tienda\\\/pegatinas-e-impresion\\\/impresion\\\/folletos\\\/#primaryimage\",\"url\":\"https:\\\/\\\/www.amstelprinting.nl\\\/wp-content\\\/uploads\\\/Brochures.jpg\",\"contentUrl\":\"https:\\\/\\\/www.amstelprinting.nl\\\/wp-content\\\/uploads\\\/Brochures.jpg\",\"width\":700,\"height\":700},{\"@type\":\"BreadcrumbList\",\"@id\":\"https:\\\/\\\/www.amstelprinting.nl\\\/es\\\/tienda\\\/pegatinas-e-impresion\\\/impresion\\\/folletos\\\/#breadcrumb\",\"itemListElement\":[{\"@type\":\"ListItem\",\"position\":1,\"name\":\"\",\"item\":\"https:\\\/\\\/www.amstelprinting.nl\\\/es\\\/\"},{\"@type\":\"ListItem\",\"position\":2,\"name\":\"Amstel Printing\",\"item\":\"https:\\\/\\\/www.amstelprinting.nl\\\/es\\\/comercio\\\/\"},{\"@type\":\"ListItem\",\"position\":3,\"name\":\"Pegatinas e impresi\u00f3n\",\"item\":\"https:\\\/\\\/www.amstelprinting.nl\\\/es\\\/categor\u00eda\\\/pegatinas-e-impresion\\\/\"},{\"@type\":\"ListItem\",\"position\":4,\"name\":\"Impresi\u00f3n\",\"item\":\"https:\\\/\\\/www.amstelprinting.nl\\\/es\\\/categor\u00eda\\\/pegatinas-e-impresion\\\/impresion\\\/\"},{\"@type\":\"ListItem\",\"position\":5,\"name\":\"Folletos\"}]},{\"@type\":\"WebSite\",\"@id\":\"https:\\\/\\\/www.amstelprinting.nl\\\/es\\\/#website\",\"url\":\"https:\\\/\\\/www.amstelprinting.nl\\\/es\\\/\",\"name\":\"Amstel Printing\",\"description\":\"Creating Exposure\",\"publisher\":{\"@id\":\"https:\\\/\\\/www.amstelprinting.nl\\\/es\\\/#organization\"},\"potentialAction\":[{\"@type\":\"SearchAction\",\"target\":{\"@type\":\"EntryPoint\",\"urlTemplate\":\"https:\\\/\\\/www.amstelprinting.nl\\\/es\\\/?s={search_term_string}\"},\"query-input\":{\"@type\":\"PropertyValueSpecification\",\"valueRequired\":true,\"valueName\":\"search_term_string\"}}],\"inLanguage\":\"es\"},{\"@type\":\"Organization\",\"@id\":\"https:\\\/\\\/www.amstelprinting.nl\\\/es\\\/#organization\",\"name\":\"Amstel Printing\",\"url\":\"https:\\\/\\\/www.amstelprinting.nl\\\/es\\\/\",\"logo\":{\"@type\":\"ImageObject\",\"inLanguage\":\"es\",\"@id\":\"https:\\\/\\\/www.amstelprinting.nl\\\/es\\\/#\\\/schema\\\/logo\\\/image\\\/\",\"url\":\"https:\\\/\\\/www.amstelprinting.nl\\\/wp-content\\\/uploads\\\/amstel_printing_logo_clean.png\",\"contentUrl\":\"https:\\\/\\\/www.amstelprinting.nl\\\/wp-content\\\/uploads\\\/amstel_printing_logo_clean.png\",\"width\":324,\"height\":73,\"caption\":\"Amstel Printing\"},\"image\":{\"@id\":\"https:\\\/\\\/www.amstelprinting.nl\\\/es\\\/#\\\/schema\\\/logo\\\/image\\\/\"}}]}<\/script>\n<!-- \/ Yoast SEO plugin. -->","yoast_head_json":{"title":"Folletos a medida - Calidad n\u00edtida y entrega r\u00e1pida","description":"Dise\u00f1e sus folletos perfectos con diversos formatos, tipos de papel premium y alta calidad de impresi\u00f3n. Cause un impacto directo con su comunicaci\u00f3n.","robots":{"index":"index","follow":"follow","max-snippet":"max-snippet:-1","max-image-preview":"max-image-preview:large","max-video-preview":"max-video-preview:-1"},"canonical":"https:\/\/www.amstelprinting.nl\/es\/tienda\/pegatinas-e-impresion\/impresion\/folletos\/","og_locale":"es_ES","og_type":"article","og_title":"Folletos a medida - Calidad n\u00edtida y entrega r\u00e1pida","og_description":"Dise\u00f1e sus folletos perfectos con diversos formatos, tipos de papel premium y alta calidad de impresi\u00f3n. Cause un impacto directo con su comunicaci\u00f3n.","og_url":"https:\/\/www.amstelprinting.nl\/es\/tienda\/pegatinas-e-impresion\/impresion\/folletos\/","og_site_name":"Amstel Printing","article_modified_time":"2026-02-18T11:48:47+00:00","og_image":[{"width":700,"height":700,"url":"https:\/\/www.amstelprinting.nl\/wp-content\/uploads\/Brochures.jpg","type":"image\/jpeg"}],"twitter_card":"summary_large_image","twitter_misc":{"Tiempo de lectura":"2 minutos"},"schema":{"@context":"https:\/\/schema.org","@graph":[{"@type":"WebPage","@id":"https:\/\/www.amstelprinting.nl\/es\/tienda\/pegatinas-e-impresion\/impresion\/folletos\/","url":"https:\/\/www.amstelprinting.nl\/es\/tienda\/pegatinas-e-impresion\/impresion\/folletos\/","name":"Folletos a medida - Calidad n\u00edtida y entrega r\u00e1pida","isPartOf":{"@id":"https:\/\/www.amstelprinting.nl\/es\/#website"},"primaryImageOfPage":{"@id":"https:\/\/www.amstelprinting.nl\/es\/tienda\/pegatinas-e-impresion\/impresion\/folletos\/#primaryimage"},"image":{"@id":"https:\/\/www.amstelprinting.nl\/es\/tienda\/pegatinas-e-impresion\/impresion\/folletos\/#primaryimage"},"thumbnailUrl":"https:\/\/www.amstelprinting.nl\/wp-content\/uploads\/Brochures.jpg","datePublished":"2025-01-23T19:46:10+00:00","dateModified":"2026-02-18T11:48:47+00:00","description":"Dise\u00f1e sus folletos perfectos con diversos formatos, tipos de papel premium y alta calidad de impresi\u00f3n. Cause un impacto directo con su comunicaci\u00f3n.","breadcrumb":{"@id":"https:\/\/www.amstelprinting.nl\/es\/tienda\/pegatinas-e-impresion\/impresion\/folletos\/#breadcrumb"},"inLanguage":"es","potentialAction":[{"@type":"ReadAction","target":["https:\/\/www.amstelprinting.nl\/es\/tienda\/pegatinas-e-impresion\/impresion\/folletos\/"]}]},{"@type":"ImageObject","inLanguage":"es","@id":"https:\/\/www.amstelprinting.nl\/es\/tienda\/pegatinas-e-impresion\/impresion\/folletos\/#primaryimage","url":"https:\/\/www.amstelprinting.nl\/wp-content\/uploads\/Brochures.jpg","contentUrl":"https:\/\/www.amstelprinting.nl\/wp-content\/uploads\/Brochures.jpg","width":700,"height":700},{"@type":"BreadcrumbList","@id":"https:\/\/www.amstelprinting.nl\/es\/tienda\/pegatinas-e-impresion\/impresion\/folletos\/#breadcrumb","itemListElement":[{"@type":"ListItem","position":1,"name":"","item":"https:\/\/www.amstelprinting.nl\/es\/"},{"@type":"ListItem","position":2,"name":"Amstel Printing","item":"https:\/\/www.amstelprinting.nl\/es\/comercio\/"},{"@type":"ListItem","position":3,"name":"Pegatinas e impresi\u00f3n","item":"https:\/\/www.amstelprinting.nl\/es\/categor\u00eda\/pegatinas-e-impresion\/"},{"@type":"ListItem","position":4,"name":"Impresi\u00f3n","item":"https:\/\/www.amstelprinting.nl\/es\/categor\u00eda\/pegatinas-e-impresion\/impresion\/"},{"@type":"ListItem","position":5,"name":"Folletos"}]},{"@type":"WebSite","@id":"https:\/\/www.amstelprinting.nl\/es\/#website","url":"https:\/\/www.amstelprinting.nl\/es\/","name":"Amstel Printing","description":"Creating Exposure","publisher":{"@id":"https:\/\/www.amstelprinting.nl\/es\/#organization"},"potentialAction":[{"@type":"SearchAction","target":{"@type":"EntryPoint","urlTemplate":"https:\/\/www.amstelprinting.nl\/es\/?s={search_term_string}"},"query-input":{"@type":"PropertyValueSpecification","valueRequired":true,"valueName":"search_term_string"}}],"inLanguage":"es"},{"@type":"Organization","@id":"https:\/\/www.amstelprinting.nl\/es\/#organization","name":"Amstel Printing","url":"https:\/\/www.amstelprinting.nl\/es\/","logo":{"@type":"ImageObject","inLanguage":"es","@id":"https:\/\/www.amstelprinting.nl\/es\/#\/schema\/logo\/image\/","url":"https:\/\/www.amstelprinting.nl\/wp-content\/uploads\/amstel_printing_logo_clean.png","contentUrl":"https:\/\/www.amstelprinting.nl\/wp-content\/uploads\/amstel_printing_logo_clean.png","width":324,"height":73,"caption":"Amstel Printing"},"image":{"@id":"https:\/\/www.amstelprinting.nl\/es\/#\/schema\/logo\/image\/"}}]}},"_links":{"self":[{"href":"https:\/\/www.amstelprinting.nl\/es\/wp-json\/wp\/v2\/product\/15597","targetHints":{"allow":["GET"]}}],"collection":[{"href":"https:\/\/www.amstelprinting.nl\/es\/wp-json\/wp\/v2\/product"}],"about":[{"href":"https:\/\/www.amstelprinting.nl\/es\/wp-json\/wp\/v2\/types\/product"}],"wp:featuredmedia":[{"embeddable":true,"href":"https:\/\/www.amstelprinting.nl\/es\/wp-json\/wp\/v2\/media\/15599"}],"wp:attachment":[{"href":"https:\/\/www.amstelprinting.nl\/es\/wp-json\/wp\/v2\/media?parent=15597"}],"wp:term":[{"taxonomy":"product_brand","embeddable":true,"href":"https:\/\/www.amstelprinting.nl\/es\/wp-json\/wp\/v2\/product_brand?post=15597"},{"taxonomy":"product_cat","embeddable":true,"href":"https:\/\/www.amstelprinting.nl\/es\/wp-json\/wp\/v2\/product_cat?post=15597"},{"taxonomy":"product_tag","embeddable":true,"href":"https:\/\/www.amstelprinting.nl\/es\/wp-json\/wp\/v2\/product_tag?post=15597"}],"curies":[{"name":"wp","href":"https:\/\/api.w.org\/{rel}","templated":true}]}}