{"id":15612,"date":"2025-01-23T20:45:52","date_gmt":"2025-01-23T19:45:52","guid":{"rendered":"https:\/\/www.amstelprinting.nl\/winkel\/sin%20categor\u00eda\/folders\/"},"modified":"2026-02-18T12:48:48","modified_gmt":"2026-02-18T11:48:48","slug":"folletos-2","status":"publish","type":"product","link":"https:\/\/www.amstelprinting.nl\/es\/tienda\/pegatinas-e-impresion\/impresion\/folletos-2\/","title":{"rendered":"Folletos"},"content":{"rendered":"<h3>Pedir folletos con impresi\u00f3n propia<\/h3>\n<p>Haga que sus folletos se impriman profesionalmente con la m\u00e1xima calidad. Elija entre 11 formatos est\u00e1ndar, 3 tipos de papel y 4 gramajes. Decida usted mismo el tipo de plegado entre una selecci\u00f3n de 7 opciones diferentes. Tanto si necesita 10 unidades como m\u00e1s: gracias a la t\u00e9cnica de impresi\u00f3n digital, el pedido m\u00ednimo es de solo 10 unidades. Adem\u00e1s, no se cobran costes de puesta en marcha. \u00a1La impresi\u00f3n es, adem\u00e1s, de una calidad n\u00edtida!<\/p>\n<h3>Materiales<\/h3>\n<p>Ofrecemos una selecci\u00f3n de 6 materiales de alta calidad:<\/p>\n<ul>\n<li><strong>MC Estucado Brillante (Brillo)<\/strong>: Este material estucado sin madera ofrece un acabado brillante que hace que sus dise\u00f1os resplandezcan. Disponible en gramajes de 175, 250, 300 y 400 gr.\/m\u00b2.<\/li>\n<li><strong>MC Semimate (Silk)<\/strong>: Para una apariencia mate sutil, este material sin madera es la elecci\u00f3n perfecta. Disponible en 135, 170, 250, 300 y 400 gr.\/m\u00b2.<\/li>\n<li><strong>Cartulina natural<\/strong>: Esta cartulina lisa sin madera es ideal para escribir y sellar, con un gramaje de 300 y 350 gr.\/m\u00b2.<br \/>\n<strong>Biotop Naturel<\/strong>: No estucado y de color crema, este papel ofrece una apariencia elegante y es apto para escribir y sellar, con un gramaje de 250 gr.\/m\u00b2.<\/li>\n<li><strong>Synaps<\/strong>: Este material sint\u00e9tico es irrompible y resistente al agua, ideal para una m\u00e1xima durabilidad. Disponible en 300 gr.\/m\u00b2.<\/li>\n<li><strong>YupoBlue<\/strong>: Un material sint\u00e9tico blanco brillante con una superficie mate uniforme para una reproducci\u00f3n de colores brillante. Disponible en 319 gr.\/m\u00b2.<\/li>\n<\/ul>\n<p>&nbsp;<\/p>\n<h3>Acabado<\/h3>\n<p>Adem\u00e1s, tiene la posibilidad de laminar sus folletos para una protecci\u00f3n adicional y un acabado refinado. Ofrecemos tres opciones de laminado: laminado brillante, que otorga a sus folletos un acabado resplandeciente y los protege contra da\u00f1os; laminado mate, que proporciona una apariencia elegante y sin brillos con protecci\u00f3n extra; y laminado mate soft touch, que a\u00f1ade un tacto suave y lujoso y da a sus folletos una sensaci\u00f3n premium.<\/p>\n<h3>Impresi\u00f3n a doble cara<\/h3>\n<p>Nuestros folletos se pueden imprimir a doble cara y puede elegir la cantidad de unidades a partir de 10. Esto le ofrece la flexibilidad de pedir exactamente el n\u00famero de folletos que necesita, ya sea una tirada peque\u00f1a para una campa\u00f1a exclusiva o una tirada mayor para un p\u00fablico amplio.<\/p>\n<h3>Preguntas frecuentes<\/h3>\n<p><strong>\u00bfSe puede escribir en todos los materiales?<\/strong><br \/>\nNo, solo es posible escribir en tipos de papel no estucados. Los tipos de papel no estucados adecuados son la cartulina de sulfato (reverso), offset blanco, Biotop Naturel y cartulina natural.<\/p>\n<p><strong>\u00bfPor qu\u00e9 no es posible el laminado en offset blanco, Biotop Naturel y cartulina natural?<\/strong><br \/>\nDebido a la estructura de estos materiales, el laminado no es aplicable. Adem\u00e1s, el laminado reducir\u00eda la capacidad de escribir sobre el papel.<\/p>\n<p><strong>\u00bfPor qu\u00e9 se ha curvado mi material impreso?<\/strong><br \/>\nEsto puede ser el resultado de elegir un laminado por una sola cara. El laminado se comporta de forma distinta al papel, lo que puede causar curvaturas. Recomendamos laminar siempre por ambas caras para evitar este problema.<\/p>\n<p><strong>\u00bfQu\u00e9 tipos de papel son adecuados para su uso en exteriores?<\/strong><br \/>\nNuestros tipos de papel sint\u00e9tico, como Synaps y YupoBlue, son especialmente adecuados para el uso en exteriores. Estos materiales son resistentes al agua y mantienen su calidad incluso expuestos a la humedad. Son ideales para aplicaciones como men\u00fas. Adem\u00e1s, el material impreso con un laminado de doble cara tambi\u00e9n puede utilizarse temporalmente en exteriores.<\/p>\n","protected":false},"excerpt":{"rendered":"<h3>Imprimir folletos barato y r\u00e1pido<\/h3>\n<p>Imprima sus folletos profesionalmente con la m\u00e1xima calidad. Elija entre 11 formatos est\u00e1ndar, 3 tipos de papel y 4 gramajes. Decida usted mismo el tipo de plegado entre una selecci\u00f3n de 7 opciones diferentes. Tanto si necesita 10 unidades como m\u00e1s: gracias a la t\u00e9cnica de impresi\u00f3n digital, el pedido m\u00ednimo es de solo 10 unidades.<\/p>\n","protected":false},"featured_media":15614,"template":"","meta":{"_et_pb_use_builder":"","_et_pb_old_content":"","_et_gb_content_width":""},"product_brand":[],"product_cat":[580,315],"product_tag":[],"class_list":{"0":"post-15612","1":"product","2":"type-product","3":"status-publish","4":"has-post-thumbnail","6":"product_cat-impresion","7":"product_cat-pegatinas-e-impresion","9":"first","10":"instock","11":"taxable","12":"shipping-taxable","13":"purchasable","14":"product-type-simple"},"yoast_head":"<!-- This site is optimized with the Yoast SEO plugin v27.3 - https:\/\/yoast.com\/product\/yoast-seo-wordpress\/ -->\n<title>Pedir folletos profesionales | Entrega r\u00e1pida y alta calidad<\/title>\n<meta name=\"description\" content=\"Dise\u00f1e y pida sus folletos a medida con una calidad de impresi\u00f3n n\u00edtida a partir de 10 unidades sin costes de puesta en marcha. Diversos formatos, tipos de papel y laminados de lujo.\" \/>\n<meta name=\"robots\" content=\"index, follow, max-snippet:-1, max-image-preview:large, max-video-preview:-1\" \/>\n<link rel=\"canonical\" href=\"https:\/\/www.amstelprinting.nl\/es\/tienda\/pegatinas-e-impresion\/impresion\/folletos-2\/\" \/>\n<meta property=\"og:locale\" content=\"es_ES\" \/>\n<meta property=\"og:type\" content=\"article\" \/>\n<meta property=\"og:title\" content=\"Pedir folletos profesionales | Entrega r\u00e1pida y alta calidad\" \/>\n<meta property=\"og:description\" content=\"Dise\u00f1e y pida sus folletos a medida con una calidad de impresi\u00f3n n\u00edtida a partir de 10 unidades sin costes de puesta en marcha. Diversos formatos, tipos de papel y laminados de lujo.\" \/>\n<meta property=\"og:url\" content=\"https:\/\/www.amstelprinting.nl\/es\/tienda\/pegatinas-e-impresion\/impresion\/folletos-2\/\" \/>\n<meta property=\"og:site_name\" content=\"Amstel Printing\" \/>\n<meta property=\"article:modified_time\" content=\"2026-02-18T11:48:48+00:00\" \/>\n<meta property=\"og:image\" content=\"https:\/\/www.amstelprinting.nl\/wp-content\/uploads\/Folders.jpg\" \/>\n\t<meta property=\"og:image:width\" content=\"700\" \/>\n\t<meta property=\"og:image:height\" content=\"700\" \/>\n\t<meta property=\"og:image:type\" content=\"image\/jpeg\" \/>\n<meta name=\"twitter:card\" content=\"summary_large_image\" \/>\n<meta name=\"twitter:label1\" content=\"Tiempo de lectura\" \/>\n\t<meta name=\"twitter:data1\" content=\"3 minutos\" \/>\n<script type=\"application\/ld+json\" class=\"yoast-schema-graph\">{\"@context\":\"https:\\\/\\\/schema.org\",\"@graph\":[{\"@type\":\"WebPage\",\"@id\":\"https:\\\/\\\/www.amstelprinting.nl\\\/es\\\/tienda\\\/pegatinas-e-impresion\\\/impresion\\\/folletos-2\\\/\",\"url\":\"https:\\\/\\\/www.amstelprinting.nl\\\/es\\\/tienda\\\/pegatinas-e-impresion\\\/impresion\\\/folletos-2\\\/\",\"name\":\"Pedir folletos profesionales | Entrega r\u00e1pida y alta calidad\",\"isPartOf\":{\"@id\":\"https:\\\/\\\/www.amstelprinting.nl\\\/es\\\/#website\"},\"primaryImageOfPage\":{\"@id\":\"https:\\\/\\\/www.amstelprinting.nl\\\/es\\\/tienda\\\/pegatinas-e-impresion\\\/impresion\\\/folletos-2\\\/#primaryimage\"},\"image\":{\"@id\":\"https:\\\/\\\/www.amstelprinting.nl\\\/es\\\/tienda\\\/pegatinas-e-impresion\\\/impresion\\\/folletos-2\\\/#primaryimage\"},\"thumbnailUrl\":\"https:\\\/\\\/www.amstelprinting.nl\\\/wp-content\\\/uploads\\\/Folders.jpg\",\"datePublished\":\"2025-01-23T19:45:52+00:00\",\"dateModified\":\"2026-02-18T11:48:48+00:00\",\"description\":\"Dise\u00f1e y pida sus folletos a medida con una calidad de impresi\u00f3n n\u00edtida a partir de 10 unidades sin costes de puesta en marcha. Diversos formatos, tipos de papel y laminados de lujo.\",\"breadcrumb\":{\"@id\":\"https:\\\/\\\/www.amstelprinting.nl\\\/es\\\/tienda\\\/pegatinas-e-impresion\\\/impresion\\\/folletos-2\\\/#breadcrumb\"},\"inLanguage\":\"es\",\"potentialAction\":[{\"@type\":\"ReadAction\",\"target\":[\"https:\\\/\\\/www.amstelprinting.nl\\\/es\\\/tienda\\\/pegatinas-e-impresion\\\/impresion\\\/folletos-2\\\/\"]}]},{\"@type\":\"ImageObject\",\"inLanguage\":\"es\",\"@id\":\"https:\\\/\\\/www.amstelprinting.nl\\\/es\\\/tienda\\\/pegatinas-e-impresion\\\/impresion\\\/folletos-2\\\/#primaryimage\",\"url\":\"https:\\\/\\\/www.amstelprinting.nl\\\/wp-content\\\/uploads\\\/Folders.jpg\",\"contentUrl\":\"https:\\\/\\\/www.amstelprinting.nl\\\/wp-content\\\/uploads\\\/Folders.jpg\",\"width\":700,\"height\":700},{\"@type\":\"BreadcrumbList\",\"@id\":\"https:\\\/\\\/www.amstelprinting.nl\\\/es\\\/tienda\\\/pegatinas-e-impresion\\\/impresion\\\/folletos-2\\\/#breadcrumb\",\"itemListElement\":[{\"@type\":\"ListItem\",\"position\":1,\"name\":\"\",\"item\":\"https:\\\/\\\/www.amstelprinting.nl\\\/es\\\/\"},{\"@type\":\"ListItem\",\"position\":2,\"name\":\"Amstel Printing\",\"item\":\"https:\\\/\\\/www.amstelprinting.nl\\\/es\\\/comercio\\\/\"},{\"@type\":\"ListItem\",\"position\":3,\"name\":\"Pegatinas e impresi\u00f3n\",\"item\":\"https:\\\/\\\/www.amstelprinting.nl\\\/es\\\/categor\u00eda\\\/pegatinas-e-impresion\\\/\"},{\"@type\":\"ListItem\",\"position\":4,\"name\":\"Impresi\u00f3n\",\"item\":\"https:\\\/\\\/www.amstelprinting.nl\\\/es\\\/categor\u00eda\\\/pegatinas-e-impresion\\\/impresion\\\/\"},{\"@type\":\"ListItem\",\"position\":5,\"name\":\"Folletos\"}]},{\"@type\":\"WebSite\",\"@id\":\"https:\\\/\\\/www.amstelprinting.nl\\\/es\\\/#website\",\"url\":\"https:\\\/\\\/www.amstelprinting.nl\\\/es\\\/\",\"name\":\"Amstel Printing\",\"description\":\"Creating Exposure\",\"publisher\":{\"@id\":\"https:\\\/\\\/www.amstelprinting.nl\\\/es\\\/#organization\"},\"potentialAction\":[{\"@type\":\"SearchAction\",\"target\":{\"@type\":\"EntryPoint\",\"urlTemplate\":\"https:\\\/\\\/www.amstelprinting.nl\\\/es\\\/?s={search_term_string}\"},\"query-input\":{\"@type\":\"PropertyValueSpecification\",\"valueRequired\":true,\"valueName\":\"search_term_string\"}}],\"inLanguage\":\"es\"},{\"@type\":\"Organization\",\"@id\":\"https:\\\/\\\/www.amstelprinting.nl\\\/es\\\/#organization\",\"name\":\"Amstel Printing\",\"url\":\"https:\\\/\\\/www.amstelprinting.nl\\\/es\\\/\",\"logo\":{\"@type\":\"ImageObject\",\"inLanguage\":\"es\",\"@id\":\"https:\\\/\\\/www.amstelprinting.nl\\\/es\\\/#\\\/schema\\\/logo\\\/image\\\/\",\"url\":\"https:\\\/\\\/www.amstelprinting.nl\\\/wp-content\\\/uploads\\\/amstel_printing_logo_clean.png\",\"contentUrl\":\"https:\\\/\\\/www.amstelprinting.nl\\\/wp-content\\\/uploads\\\/amstel_printing_logo_clean.png\",\"width\":324,\"height\":73,\"caption\":\"Amstel Printing\"},\"image\":{\"@id\":\"https:\\\/\\\/www.amstelprinting.nl\\\/es\\\/#\\\/schema\\\/logo\\\/image\\\/\"}}]}<\/script>\n<!-- \/ Yoast SEO plugin. -->","yoast_head_json":{"title":"Pedir folletos profesionales | Entrega r\u00e1pida y alta calidad","description":"Dise\u00f1e y pida sus folletos a medida con una calidad de impresi\u00f3n n\u00edtida a partir de 10 unidades sin costes de puesta en marcha. Diversos formatos, tipos de papel y laminados de lujo.","robots":{"index":"index","follow":"follow","max-snippet":"max-snippet:-1","max-image-preview":"max-image-preview:large","max-video-preview":"max-video-preview:-1"},"canonical":"https:\/\/www.amstelprinting.nl\/es\/tienda\/pegatinas-e-impresion\/impresion\/folletos-2\/","og_locale":"es_ES","og_type":"article","og_title":"Pedir folletos profesionales | Entrega r\u00e1pida y alta calidad","og_description":"Dise\u00f1e y pida sus folletos a medida con una calidad de impresi\u00f3n n\u00edtida a partir de 10 unidades sin costes de puesta en marcha. Diversos formatos, tipos de papel y laminados de lujo.","og_url":"https:\/\/www.amstelprinting.nl\/es\/tienda\/pegatinas-e-impresion\/impresion\/folletos-2\/","og_site_name":"Amstel Printing","article_modified_time":"2026-02-18T11:48:48+00:00","og_image":[{"width":700,"height":700,"url":"https:\/\/www.amstelprinting.nl\/wp-content\/uploads\/Folders.jpg","type":"image\/jpeg"}],"twitter_card":"summary_large_image","twitter_misc":{"Tiempo de lectura":"3 minutos"},"schema":{"@context":"https:\/\/schema.org","@graph":[{"@type":"WebPage","@id":"https:\/\/www.amstelprinting.nl\/es\/tienda\/pegatinas-e-impresion\/impresion\/folletos-2\/","url":"https:\/\/www.amstelprinting.nl\/es\/tienda\/pegatinas-e-impresion\/impresion\/folletos-2\/","name":"Pedir folletos profesionales | Entrega r\u00e1pida y alta calidad","isPartOf":{"@id":"https:\/\/www.amstelprinting.nl\/es\/#website"},"primaryImageOfPage":{"@id":"https:\/\/www.amstelprinting.nl\/es\/tienda\/pegatinas-e-impresion\/impresion\/folletos-2\/#primaryimage"},"image":{"@id":"https:\/\/www.amstelprinting.nl\/es\/tienda\/pegatinas-e-impresion\/impresion\/folletos-2\/#primaryimage"},"thumbnailUrl":"https:\/\/www.amstelprinting.nl\/wp-content\/uploads\/Folders.jpg","datePublished":"2025-01-23T19:45:52+00:00","dateModified":"2026-02-18T11:48:48+00:00","description":"Dise\u00f1e y pida sus folletos a medida con una calidad de impresi\u00f3n n\u00edtida a partir de 10 unidades sin costes de puesta en marcha. Diversos formatos, tipos de papel y laminados de lujo.","breadcrumb":{"@id":"https:\/\/www.amstelprinting.nl\/es\/tienda\/pegatinas-e-impresion\/impresion\/folletos-2\/#breadcrumb"},"inLanguage":"es","potentialAction":[{"@type":"ReadAction","target":["https:\/\/www.amstelprinting.nl\/es\/tienda\/pegatinas-e-impresion\/impresion\/folletos-2\/"]}]},{"@type":"ImageObject","inLanguage":"es","@id":"https:\/\/www.amstelprinting.nl\/es\/tienda\/pegatinas-e-impresion\/impresion\/folletos-2\/#primaryimage","url":"https:\/\/www.amstelprinting.nl\/wp-content\/uploads\/Folders.jpg","contentUrl":"https:\/\/www.amstelprinting.nl\/wp-content\/uploads\/Folders.jpg","width":700,"height":700},{"@type":"BreadcrumbList","@id":"https:\/\/www.amstelprinting.nl\/es\/tienda\/pegatinas-e-impresion\/impresion\/folletos-2\/#breadcrumb","itemListElement":[{"@type":"ListItem","position":1,"name":"","item":"https:\/\/www.amstelprinting.nl\/es\/"},{"@type":"ListItem","position":2,"name":"Amstel Printing","item":"https:\/\/www.amstelprinting.nl\/es\/comercio\/"},{"@type":"ListItem","position":3,"name":"Pegatinas e impresi\u00f3n","item":"https:\/\/www.amstelprinting.nl\/es\/categor\u00eda\/pegatinas-e-impresion\/"},{"@type":"ListItem","position":4,"name":"Impresi\u00f3n","item":"https:\/\/www.amstelprinting.nl\/es\/categor\u00eda\/pegatinas-e-impresion\/impresion\/"},{"@type":"ListItem","position":5,"name":"Folletos"}]},{"@type":"WebSite","@id":"https:\/\/www.amstelprinting.nl\/es\/#website","url":"https:\/\/www.amstelprinting.nl\/es\/","name":"Amstel Printing","description":"Creating Exposure","publisher":{"@id":"https:\/\/www.amstelprinting.nl\/es\/#organization"},"potentialAction":[{"@type":"SearchAction","target":{"@type":"EntryPoint","urlTemplate":"https:\/\/www.amstelprinting.nl\/es\/?s={search_term_string}"},"query-input":{"@type":"PropertyValueSpecification","valueRequired":true,"valueName":"search_term_string"}}],"inLanguage":"es"},{"@type":"Organization","@id":"https:\/\/www.amstelprinting.nl\/es\/#organization","name":"Amstel Printing","url":"https:\/\/www.amstelprinting.nl\/es\/","logo":{"@type":"ImageObject","inLanguage":"es","@id":"https:\/\/www.amstelprinting.nl\/es\/#\/schema\/logo\/image\/","url":"https:\/\/www.amstelprinting.nl\/wp-content\/uploads\/amstel_printing_logo_clean.png","contentUrl":"https:\/\/www.amstelprinting.nl\/wp-content\/uploads\/amstel_printing_logo_clean.png","width":324,"height":73,"caption":"Amstel Printing"},"image":{"@id":"https:\/\/www.amstelprinting.nl\/es\/#\/schema\/logo\/image\/"}}]}},"_links":{"self":[{"href":"https:\/\/www.amstelprinting.nl\/es\/wp-json\/wp\/v2\/product\/15612","targetHints":{"allow":["GET"]}}],"collection":[{"href":"https:\/\/www.amstelprinting.nl\/es\/wp-json\/wp\/v2\/product"}],"about":[{"href":"https:\/\/www.amstelprinting.nl\/es\/wp-json\/wp\/v2\/types\/product"}],"wp:featuredmedia":[{"embeddable":true,"href":"https:\/\/www.amstelprinting.nl\/es\/wp-json\/wp\/v2\/media\/15614"}],"wp:attachment":[{"href":"https:\/\/www.amstelprinting.nl\/es\/wp-json\/wp\/v2\/media?parent=15612"}],"wp:term":[{"taxonomy":"product_brand","embeddable":true,"href":"https:\/\/www.amstelprinting.nl\/es\/wp-json\/wp\/v2\/product_brand?post=15612"},{"taxonomy":"product_cat","embeddable":true,"href":"https:\/\/www.amstelprinting.nl\/es\/wp-json\/wp\/v2\/product_cat?post=15612"},{"taxonomy":"product_tag","embeddable":true,"href":"https:\/\/www.amstelprinting.nl\/es\/wp-json\/wp\/v2\/product_tag?post=15612"}],"curies":[{"name":"wp","href":"https:\/\/api.w.org\/{rel}","templated":true}]}}