{"id":15627,"date":"2025-01-23T20:45:41","date_gmt":"2025-01-23T19:45:41","guid":{"rendered":"https:\/\/www.amstelprinting.nl\/winkel\/sin%20categor\u00eda\/menukaarten\/"},"modified":"2026-02-18T12:48:49","modified_gmt":"2026-02-18T11:48:49","slug":"menus","status":"publish","type":"product","link":"https:\/\/www.amstelprinting.nl\/es\/tienda\/pegatinas-e-impresion\/impresion\/menus\/","title":{"rendered":"Men\u00fas"},"content":{"rendered":"<h2>Impresi\u00f3n de Men\u00fas<\/h2>\n<p>Para llevar, cenar o un resumen de las bebidas y aperitivos disponibles. Las cartas de men\u00fa son el medio eficaz para seducir a clientes hambrientos (o sedientos). Ya sea para atraer a los transe\u00fantes en una calle concurrida, o si desea destacar entre los men\u00fas para llevar en la mesa de la cocina, nuestros men\u00fas impresos consiguen abrir el apetito de los clientes.<\/p>\n<h3>Formatos y materiales<\/h3>\n<p>Ofrecemos cartas de men\u00fa en siete formatos y puede elegir entre una tarjeta plegada de un solo pliegue o sin plegar. Tiene la opci\u00f3n de elegir entre una selecci\u00f3n de seis materiales de alta calidad:<\/p>\n<ul>\n<li><strong>MC Estucado Brillante (Brillo)<\/strong>: Este material estucado sin madera ofrece un acabado brillante que hace que sus dise\u00f1os resplandezcan. Disponible en gramajes de 250, 300 y 400 g\/m\u00b2.<\/li>\n<li><strong>MC Semimate (Seda)<\/strong>: Para un aspecto mate sutil, este material sin madera es la elecci\u00f3n perfecta. Disponible en 250, 300 y 400 g\/m\u00b2.<\/li>\n<li><strong>Cartulina natural<\/strong>: Esta cartulina lisa sin madera es ideal para escribir y sellar, con un gramaje de 300 y 350 g\/m\u00b2.<\/li>\n<li><strong>Biotop Naturel<\/strong>: Sin estucar y de color crema, este papel ofrece un aspecto elegante y es f\u00e1cil de escribir y sellar, con un gramaje de 250 g\/m\u00b2.<\/li>\n<li><strong>Synaps<\/strong>: Este material sint\u00e9tico es irrompible y resistente al agua, ideal para la durabilidad. Disponible en 300 g\/m\u00b2.<\/li>\n<li><strong>YupoBlue<\/strong>: Un material sint\u00e9tico blanco brillante con una superficie mate uniforme para una reproducci\u00f3n de color brillante. Disponible en 319 g\/m\u00b2.<\/li>\n<\/ul>\n<p>&nbsp;<\/p>\n<h3>Laminado: para mayor protecci\u00f3n<\/h3>\n<p>Adem\u00e1s, tiene la posibilidad de laminar sus men\u00fas, lo que proporciona una protecci\u00f3n adicional y un acabado refinado. Ofrecemos tres opciones de laminado: El laminado brillo da a sus cartas de men\u00fa un acabado deslumbrante y las protege contra da\u00f1os. El laminado mate proporciona un aspecto elegante y sin brillos y ofrece protecci\u00f3n adicional contra el desgaste. El laminado mate soft-touch a\u00f1ade una textura suave y lujosa y da a sus men\u00fas una sensaci\u00f3n premium, manteni\u00e9ndolos bien protegidos contra el uso diario.<\/p>\n<h3>Impresi\u00f3n a doble cara<\/h3>\n<p>Nuestros men\u00fas se imprimen a doble cara para que pueda aprovechar al m\u00e1ximo el espacio. Puede elegir el n\u00famero de tiradas a partir de 10 unidades, lo que le da la flexibilidad de pedir exactamente la cantidad que necesita, ya sea una cantidad peque\u00f1a para una ocasi\u00f3n especial o una tirada mayor para el uso diario.<br \/>\nTransforme la presentaci\u00f3n de su men\u00fa con nuestras cartas personalizadas. Estaremos encantados de ayudarle a crear un men\u00fa que impresione y ofrezca a sus invitados una experiencia inolvidable.<\/p>\n<h3>Preguntas frecuentes<\/h3>\n<p><strong>\u00bfSe puede escribir en todos los materiales?<\/strong><br \/>\nNo, solo es posible escribir en tipos de papel sin estucar. Los tipos de papel sin estucar adecuados son Biotop Naturel y Cartulina natural.<\/p>\n<p><strong>\u00bfPor qu\u00e9 no es posible el laminado en Biotop Naturel y Cartulina natural?<\/strong><br \/>\nDebido a la estructura de estos materiales, el laminado no es aplicable. Adem\u00e1s, el laminado reducir\u00eda la propiedad de escribir sobre el papel.<\/p>\n<p><strong>\u00bfPor qu\u00e9 se ha curvado mi impresi\u00f3n?<\/strong><br \/>\nEsto puede deberse a la elecci\u00f3n del laminado por una sola cara. El laminado reacciona de forma diferente al papel, lo que puede provocar que se curve. Recomendamos laminar siempre por las dos caras para evitar este problema.<\/p>\n<p><strong>\u00bfQu\u00e9 tipos de papel son adecuados para uso en exteriores?<\/strong><br \/>\nNuestros tipos de papel sint\u00e9tico, como Synaps y YupoBlue, son especialmente adecuados para su uso en exteriores. Estos materiales son resistentes al agua y mantienen su calidad incluso expuestos a la humedad. Son ideales para aplicaciones como cartas de men\u00fa. Adem\u00e1s, las impresiones con laminado a doble cara tambi\u00e9n pueden utilizarse en exteriores de forma temporal.<\/p>\n","protected":false},"excerpt":{"rendered":"<h3>Impresi\u00f3n de men\u00fas. Su dise\u00f1o impreso con nitidez total.<\/h3>\n<p>La forma perfecta de presentar su men\u00fa. Tanto si dirige un restaurante, una cafeter\u00eda o una empresa de catering: la impresi\u00f3n de men\u00fas econ\u00f3micos se hace en Amstel Printing. Totalmente en formato propio. Disponible desde solo 10 unidades. Configure sus cartas de men\u00fa a continuaci\u00f3n en unos pocos pasos.<\/p>\n","protected":false},"featured_media":15629,"template":"","meta":{"_et_pb_use_builder":"","_et_pb_old_content":"","_et_gb_content_width":""},"product_brand":[],"product_cat":[580,315],"product_tag":[],"class_list":{"0":"post-15627","1":"product","2":"type-product","3":"status-publish","4":"has-post-thumbnail","6":"product_cat-impresion","7":"product_cat-pegatinas-e-impresion","9":"first","10":"instock","11":"taxable","12":"shipping-taxable","13":"purchasable","14":"product-type-simple"},"yoast_head":"<!-- This site is optimized with the Yoast SEO plugin v27.3 - https:\/\/yoast.com\/product\/yoast-seo-wordpress\/ -->\n<title>Men\u00fas a medida \u2013 Entrega r\u00e1pida y calidad premium<\/title>\n<meta name=\"description\" content=\"Cartas de men\u00fa personalizadas desde 10 unidades. Elija entre diversos materiales de alta calidad y entrega r\u00e1pida. Perfecto para hosteler\u00eda, eventos y catering.\" \/>\n<meta name=\"robots\" content=\"index, follow, max-snippet:-1, max-image-preview:large, max-video-preview:-1\" \/>\n<link rel=\"canonical\" href=\"https:\/\/www.amstelprinting.nl\/es\/tienda\/pegatinas-e-impresion\/impresion\/menus\/\" \/>\n<meta property=\"og:locale\" content=\"es_ES\" \/>\n<meta property=\"og:type\" content=\"article\" \/>\n<meta property=\"og:title\" content=\"Men\u00fas a medida \u2013 Entrega r\u00e1pida y calidad premium\" \/>\n<meta property=\"og:description\" content=\"Cartas de men\u00fa personalizadas desde 10 unidades. Elija entre diversos materiales de alta calidad y entrega r\u00e1pida. Perfecto para hosteler\u00eda, eventos y catering.\" \/>\n<meta property=\"og:url\" content=\"https:\/\/www.amstelprinting.nl\/es\/tienda\/pegatinas-e-impresion\/impresion\/menus\/\" \/>\n<meta property=\"og:site_name\" content=\"Amstel Printing\" \/>\n<meta property=\"article:modified_time\" content=\"2026-02-18T11:48:49+00:00\" \/>\n<meta property=\"og:image\" content=\"https:\/\/www.amstelprinting.nl\/wp-content\/uploads\/menukaarten-bedrukken4.jpg\" \/>\n\t<meta property=\"og:image:width\" content=\"1000\" \/>\n\t<meta property=\"og:image:height\" content=\"759\" \/>\n\t<meta property=\"og:image:type\" content=\"image\/jpeg\" \/>\n<meta name=\"twitter:card\" content=\"summary_large_image\" \/>\n<meta name=\"twitter:label1\" content=\"Tiempo de lectura\" \/>\n\t<meta name=\"twitter:data1\" content=\"3 minutos\" \/>\n<script type=\"application\/ld+json\" class=\"yoast-schema-graph\">{\"@context\":\"https:\\\/\\\/schema.org\",\"@graph\":[{\"@type\":\"WebPage\",\"@id\":\"https:\\\/\\\/www.amstelprinting.nl\\\/es\\\/tienda\\\/pegatinas-e-impresion\\\/impresion\\\/menus\\\/\",\"url\":\"https:\\\/\\\/www.amstelprinting.nl\\\/es\\\/tienda\\\/pegatinas-e-impresion\\\/impresion\\\/menus\\\/\",\"name\":\"Men\u00fas a medida \u2013 Entrega r\u00e1pida y calidad premium\",\"isPartOf\":{\"@id\":\"https:\\\/\\\/www.amstelprinting.nl\\\/es\\\/#website\"},\"primaryImageOfPage\":{\"@id\":\"https:\\\/\\\/www.amstelprinting.nl\\\/es\\\/tienda\\\/pegatinas-e-impresion\\\/impresion\\\/menus\\\/#primaryimage\"},\"image\":{\"@id\":\"https:\\\/\\\/www.amstelprinting.nl\\\/es\\\/tienda\\\/pegatinas-e-impresion\\\/impresion\\\/menus\\\/#primaryimage\"},\"thumbnailUrl\":\"https:\\\/\\\/www.amstelprinting.nl\\\/wp-content\\\/uploads\\\/menukaarten-bedrukken4.jpg\",\"datePublished\":\"2025-01-23T19:45:41+00:00\",\"dateModified\":\"2026-02-18T11:48:49+00:00\",\"description\":\"Cartas de men\u00fa personalizadas desde 10 unidades. Elija entre diversos materiales de alta calidad y entrega r\u00e1pida. Perfecto para hosteler\u00eda, eventos y catering.\",\"breadcrumb\":{\"@id\":\"https:\\\/\\\/www.amstelprinting.nl\\\/es\\\/tienda\\\/pegatinas-e-impresion\\\/impresion\\\/menus\\\/#breadcrumb\"},\"inLanguage\":\"es\",\"potentialAction\":[{\"@type\":\"ReadAction\",\"target\":[\"https:\\\/\\\/www.amstelprinting.nl\\\/es\\\/tienda\\\/pegatinas-e-impresion\\\/impresion\\\/menus\\\/\"]}]},{\"@type\":\"ImageObject\",\"inLanguage\":\"es\",\"@id\":\"https:\\\/\\\/www.amstelprinting.nl\\\/es\\\/tienda\\\/pegatinas-e-impresion\\\/impresion\\\/menus\\\/#primaryimage\",\"url\":\"https:\\\/\\\/www.amstelprinting.nl\\\/wp-content\\\/uploads\\\/menukaarten-bedrukken4.jpg\",\"contentUrl\":\"https:\\\/\\\/www.amstelprinting.nl\\\/wp-content\\\/uploads\\\/menukaarten-bedrukken4.jpg\",\"width\":1000,\"height\":759},{\"@type\":\"BreadcrumbList\",\"@id\":\"https:\\\/\\\/www.amstelprinting.nl\\\/es\\\/tienda\\\/pegatinas-e-impresion\\\/impresion\\\/menus\\\/#breadcrumb\",\"itemListElement\":[{\"@type\":\"ListItem\",\"position\":1,\"name\":\"\",\"item\":\"https:\\\/\\\/www.amstelprinting.nl\\\/es\\\/\"},{\"@type\":\"ListItem\",\"position\":2,\"name\":\"Amstel Printing\",\"item\":\"https:\\\/\\\/www.amstelprinting.nl\\\/es\\\/comercio\\\/\"},{\"@type\":\"ListItem\",\"position\":3,\"name\":\"Pegatinas e impresi\u00f3n\",\"item\":\"https:\\\/\\\/www.amstelprinting.nl\\\/es\\\/categor\u00eda\\\/pegatinas-e-impresion\\\/\"},{\"@type\":\"ListItem\",\"position\":4,\"name\":\"Impresi\u00f3n\",\"item\":\"https:\\\/\\\/www.amstelprinting.nl\\\/es\\\/categor\u00eda\\\/pegatinas-e-impresion\\\/impresion\\\/\"},{\"@type\":\"ListItem\",\"position\":5,\"name\":\"Men\u00fas\"}]},{\"@type\":\"WebSite\",\"@id\":\"https:\\\/\\\/www.amstelprinting.nl\\\/es\\\/#website\",\"url\":\"https:\\\/\\\/www.amstelprinting.nl\\\/es\\\/\",\"name\":\"Amstel Printing\",\"description\":\"Creating Exposure\",\"publisher\":{\"@id\":\"https:\\\/\\\/www.amstelprinting.nl\\\/es\\\/#organization\"},\"potentialAction\":[{\"@type\":\"SearchAction\",\"target\":{\"@type\":\"EntryPoint\",\"urlTemplate\":\"https:\\\/\\\/www.amstelprinting.nl\\\/es\\\/?s={search_term_string}\"},\"query-input\":{\"@type\":\"PropertyValueSpecification\",\"valueRequired\":true,\"valueName\":\"search_term_string\"}}],\"inLanguage\":\"es\"},{\"@type\":\"Organization\",\"@id\":\"https:\\\/\\\/www.amstelprinting.nl\\\/es\\\/#organization\",\"name\":\"Amstel Printing\",\"url\":\"https:\\\/\\\/www.amstelprinting.nl\\\/es\\\/\",\"logo\":{\"@type\":\"ImageObject\",\"inLanguage\":\"es\",\"@id\":\"https:\\\/\\\/www.amstelprinting.nl\\\/es\\\/#\\\/schema\\\/logo\\\/image\\\/\",\"url\":\"https:\\\/\\\/www.amstelprinting.nl\\\/wp-content\\\/uploads\\\/amstel_printing_logo_clean.png\",\"contentUrl\":\"https:\\\/\\\/www.amstelprinting.nl\\\/wp-content\\\/uploads\\\/amstel_printing_logo_clean.png\",\"width\":324,\"height\":73,\"caption\":\"Amstel Printing\"},\"image\":{\"@id\":\"https:\\\/\\\/www.amstelprinting.nl\\\/es\\\/#\\\/schema\\\/logo\\\/image\\\/\"}}]}<\/script>\n<!-- \/ Yoast SEO plugin. -->","yoast_head_json":{"title":"Men\u00fas a medida \u2013 Entrega r\u00e1pida y calidad premium","description":"Cartas de men\u00fa personalizadas desde 10 unidades. Elija entre diversos materiales de alta calidad y entrega r\u00e1pida. Perfecto para hosteler\u00eda, eventos y catering.","robots":{"index":"index","follow":"follow","max-snippet":"max-snippet:-1","max-image-preview":"max-image-preview:large","max-video-preview":"max-video-preview:-1"},"canonical":"https:\/\/www.amstelprinting.nl\/es\/tienda\/pegatinas-e-impresion\/impresion\/menus\/","og_locale":"es_ES","og_type":"article","og_title":"Men\u00fas a medida \u2013 Entrega r\u00e1pida y calidad premium","og_description":"Cartas de men\u00fa personalizadas desde 10 unidades. Elija entre diversos materiales de alta calidad y entrega r\u00e1pida. Perfecto para hosteler\u00eda, eventos y catering.","og_url":"https:\/\/www.amstelprinting.nl\/es\/tienda\/pegatinas-e-impresion\/impresion\/menus\/","og_site_name":"Amstel Printing","article_modified_time":"2026-02-18T11:48:49+00:00","og_image":[{"width":1000,"height":759,"url":"https:\/\/www.amstelprinting.nl\/wp-content\/uploads\/menukaarten-bedrukken4.jpg","type":"image\/jpeg"}],"twitter_card":"summary_large_image","twitter_misc":{"Tiempo de lectura":"3 minutos"},"schema":{"@context":"https:\/\/schema.org","@graph":[{"@type":"WebPage","@id":"https:\/\/www.amstelprinting.nl\/es\/tienda\/pegatinas-e-impresion\/impresion\/menus\/","url":"https:\/\/www.amstelprinting.nl\/es\/tienda\/pegatinas-e-impresion\/impresion\/menus\/","name":"Men\u00fas a medida \u2013 Entrega r\u00e1pida y calidad premium","isPartOf":{"@id":"https:\/\/www.amstelprinting.nl\/es\/#website"},"primaryImageOfPage":{"@id":"https:\/\/www.amstelprinting.nl\/es\/tienda\/pegatinas-e-impresion\/impresion\/menus\/#primaryimage"},"image":{"@id":"https:\/\/www.amstelprinting.nl\/es\/tienda\/pegatinas-e-impresion\/impresion\/menus\/#primaryimage"},"thumbnailUrl":"https:\/\/www.amstelprinting.nl\/wp-content\/uploads\/menukaarten-bedrukken4.jpg","datePublished":"2025-01-23T19:45:41+00:00","dateModified":"2026-02-18T11:48:49+00:00","description":"Cartas de men\u00fa personalizadas desde 10 unidades. Elija entre diversos materiales de alta calidad y entrega r\u00e1pida. Perfecto para hosteler\u00eda, eventos y catering.","breadcrumb":{"@id":"https:\/\/www.amstelprinting.nl\/es\/tienda\/pegatinas-e-impresion\/impresion\/menus\/#breadcrumb"},"inLanguage":"es","potentialAction":[{"@type":"ReadAction","target":["https:\/\/www.amstelprinting.nl\/es\/tienda\/pegatinas-e-impresion\/impresion\/menus\/"]}]},{"@type":"ImageObject","inLanguage":"es","@id":"https:\/\/www.amstelprinting.nl\/es\/tienda\/pegatinas-e-impresion\/impresion\/menus\/#primaryimage","url":"https:\/\/www.amstelprinting.nl\/wp-content\/uploads\/menukaarten-bedrukken4.jpg","contentUrl":"https:\/\/www.amstelprinting.nl\/wp-content\/uploads\/menukaarten-bedrukken4.jpg","width":1000,"height":759},{"@type":"BreadcrumbList","@id":"https:\/\/www.amstelprinting.nl\/es\/tienda\/pegatinas-e-impresion\/impresion\/menus\/#breadcrumb","itemListElement":[{"@type":"ListItem","position":1,"name":"","item":"https:\/\/www.amstelprinting.nl\/es\/"},{"@type":"ListItem","position":2,"name":"Amstel Printing","item":"https:\/\/www.amstelprinting.nl\/es\/comercio\/"},{"@type":"ListItem","position":3,"name":"Pegatinas e impresi\u00f3n","item":"https:\/\/www.amstelprinting.nl\/es\/categor\u00eda\/pegatinas-e-impresion\/"},{"@type":"ListItem","position":4,"name":"Impresi\u00f3n","item":"https:\/\/www.amstelprinting.nl\/es\/categor\u00eda\/pegatinas-e-impresion\/impresion\/"},{"@type":"ListItem","position":5,"name":"Men\u00fas"}]},{"@type":"WebSite","@id":"https:\/\/www.amstelprinting.nl\/es\/#website","url":"https:\/\/www.amstelprinting.nl\/es\/","name":"Amstel Printing","description":"Creating Exposure","publisher":{"@id":"https:\/\/www.amstelprinting.nl\/es\/#organization"},"potentialAction":[{"@type":"SearchAction","target":{"@type":"EntryPoint","urlTemplate":"https:\/\/www.amstelprinting.nl\/es\/?s={search_term_string}"},"query-input":{"@type":"PropertyValueSpecification","valueRequired":true,"valueName":"search_term_string"}}],"inLanguage":"es"},{"@type":"Organization","@id":"https:\/\/www.amstelprinting.nl\/es\/#organization","name":"Amstel Printing","url":"https:\/\/www.amstelprinting.nl\/es\/","logo":{"@type":"ImageObject","inLanguage":"es","@id":"https:\/\/www.amstelprinting.nl\/es\/#\/schema\/logo\/image\/","url":"https:\/\/www.amstelprinting.nl\/wp-content\/uploads\/amstel_printing_logo_clean.png","contentUrl":"https:\/\/www.amstelprinting.nl\/wp-content\/uploads\/amstel_printing_logo_clean.png","width":324,"height":73,"caption":"Amstel Printing"},"image":{"@id":"https:\/\/www.amstelprinting.nl\/es\/#\/schema\/logo\/image\/"}}]}},"_links":{"self":[{"href":"https:\/\/www.amstelprinting.nl\/es\/wp-json\/wp\/v2\/product\/15627","targetHints":{"allow":["GET"]}}],"collection":[{"href":"https:\/\/www.amstelprinting.nl\/es\/wp-json\/wp\/v2\/product"}],"about":[{"href":"https:\/\/www.amstelprinting.nl\/es\/wp-json\/wp\/v2\/types\/product"}],"wp:featuredmedia":[{"embeddable":true,"href":"https:\/\/www.amstelprinting.nl\/es\/wp-json\/wp\/v2\/media\/15629"}],"wp:attachment":[{"href":"https:\/\/www.amstelprinting.nl\/es\/wp-json\/wp\/v2\/media?parent=15627"}],"wp:term":[{"taxonomy":"product_brand","embeddable":true,"href":"https:\/\/www.amstelprinting.nl\/es\/wp-json\/wp\/v2\/product_brand?post=15627"},{"taxonomy":"product_cat","embeddable":true,"href":"https:\/\/www.amstelprinting.nl\/es\/wp-json\/wp\/v2\/product_cat?post=15627"},{"taxonomy":"product_tag","embeddable":true,"href":"https:\/\/www.amstelprinting.nl\/es\/wp-json\/wp\/v2\/product_tag?post=15627"}],"curies":[{"name":"wp","href":"https:\/\/api.w.org\/{rel}","templated":true}]}}