{"id":15638,"date":"2025-01-23T20:45:25","date_gmt":"2025-01-23T19:45:25","guid":{"rendered":"https:\/\/www.amstelprinting.nl\/winkel\/sin%20categor\u00eda\/kerstkaarten-2\/"},"modified":"2026-02-18T12:48:49","modified_gmt":"2026-02-18T11:48:49","slug":"tarjetas-de-navidad","status":"publish","type":"product","link":"https:\/\/www.amstelprinting.nl\/es\/tienda\/pegatinas-e-impresion\/impresion\/tarjetas-de-navidad\/","title":{"rendered":"Tarjetas de Navidad"},"content":{"rendered":"<h3>Impresi\u00f3n de tarjetas de Navidad<\/h3>\n<p>Haga que sus deseos navide\u00f1os sean m\u00e1s especiales con nuestras tarjetas de Navidad personalizadas. Disponibles en no menos de nueve formatos y tanto en versi\u00f3n plegada simple como en opci\u00f3n sin plegar, ofrecemos una amplia gama para satisfacer todos sus deseos.<\/p>\n<h3>Ventajas<\/h3>\n<ul>\n<li>Impresi\u00f3n a una o dos caras<\/li>\n<li>Disponible en varios formatos y tipos de papel<\/li>\n<li>Opci\u00f3n de laminado para mayor protecci\u00f3n<\/li>\n<\/ul>\n<p>&nbsp;<\/p>\n<h3>Materiales<\/h3>\n<p>Nuestras tarjetas de Navidad est\u00e1n disponibles en siete materiales:<\/p>\n<ul>\n<li><strong>HV Couch\u00e9 Satinado (Brillo)<\/strong>: Este material satinado sin madera ofrece un acabado brillante que hace resaltar sus dise\u00f1os. Disponible en gramajes de 250, 300 y 400 gr\/m\u00b2.<\/li>\n<li><strong>HV Couch\u00e9 Semimate (Silk)<\/strong>: Para un aspecto mate sutil, este material sin madera es la elecci\u00f3n perfecta. Disponible en 250, 300 y 400 gr\/m\u00b2.<\/li>\n<li><strong>Cartulina natural<\/strong>: Esta cartulina lisa sin madera es ideal para escribir y estampar, con un gramaje de 300 y 350 gr\/m\u00b2.<\/li>\n<li><strong>Biotop Naturel<\/strong>: No estucado y de color crema, este papel ofrece un aspecto elegante y es f\u00e1cil de escribir y estampar, con un gramaje de 250 gr\/m\u00b2.<\/li>\n<li><strong>Cartulina de sulfato<\/strong>: Con una cara estucada para un bonito brillo sedoso y una cara posterior no estucada para escribir y estampar. Disponible en 260 y 300 gr\/m\u00b2.<\/li>\n<li><strong>Synaps<\/strong>: Este material sint\u00e9tico es irrompible y resistente al agua, ideal para la durabilidad. Disponible en 300 gr\/m\u00b2.<\/li>\n<li><strong>YupoBlue<\/strong>: Un material sint\u00e9tico de color blanco brillante con una superficie mate uniforme para una reproducci\u00f3n crom\u00e1tica brillante. Disponible en 319 gr\/m\u00b2.<\/li>\n<\/ul>\n<p>Puede elegir la impresi\u00f3n en la cara frontal o tanto en la frontal como en la posterior de sus tarjetas de Navidad, lo que le ofrece todo el espacio necesario para transmitir su mensaje a la perfecci\u00f3n.<\/p>\n<h3>Acabado (laminado)<\/h3>\n<p>Adem\u00e1s, tiene la posibilidad de laminar sus tarjetas de Navidad, lo que proporciona una protecci\u00f3n adicional y un acabado refinado. Ofrecemos tres opciones de laminado: El laminado brillante otorga a sus tarjetas de Navidad un acabado espl\u00e9ndido y las protege contra da\u00f1os. El laminado mate proporciona un aspecto elegante y sin brillos, ofreciendo protecci\u00f3n adicional contra el desgaste. El laminado mate soft touch a\u00f1ade una textura suave y lujosa, dando a sus tarjetas de Navidad una sensaci\u00f3n de calidad superior, manteni\u00e9ndolas bien protegidas del uso diario.<\/p>\n<h3>Opciones disponibles<\/h3>\n<p>Haga su pedido en la cantidad que necesite, con opciones de paquetes de 100, 250 o 500 unidades para mayor comodidad. Tambi\u00e9n puede a\u00f1adir sobres opcionalmente, disponibles en diez colores diferentes, para una presentaci\u00f3n completa y profesional de sus tarjetas de Navidad.<\/p>\n<p>\u00a1Convierta sus deseos de Navidad en una experiencia especial con nuestras tarjetas de Navidad de alta calidad!<\/p>\n<h3>Preguntas frecuentes<\/h3>\n<p><strong>\u00bfSe puede escribir en todos los materiales?<\/strong><br \/>\nNo, solo se puede escribir en tipos de papel no estucado. Los tipos de papel no estucado adecuados son Biotop Naturel y Cartulina natural.<\/p>\n<p><strong>\u00bfPor qu\u00e9 no es posible el laminado en Biotop Naturel y Cartulina natural?<\/strong><br \/>\nDebido a la estructura de estos materiales, no es posible aplicar laminado. Adem\u00e1s, el laminado reducir\u00eda la capacidad de escribir sobre el papel.<\/p>\n<p><strong>\u00bfPor qu\u00e9 se ha arqueado mi material impreso?<\/strong><br \/>\nEsto puede deberse a la elecci\u00f3n de un laminado por una sola cara. El laminado reacciona de forma diferente al papel, lo que puede provocar arqueamientos. Recomendamos laminar siempre por ambas caras para evitar este problema.<\/p>\n<p><strong>\u00bfQu\u00e9 tipos de papel son adecuados para uso en exteriores?<\/strong><br \/>\nNuestros tipos de papel sint\u00e9tico, como Synaps y YupoBlue, son especialmente adecuados para el uso en exteriores. Estos materiales son resistentes al agua y mantienen su calidad incluso ante la exposici\u00f3n a la humedad. Son ideales para aplicaciones como men\u00fas. Adem\u00e1s, tambi\u00e9n puede utilizar temporalmente en el exterior material impreso con laminado por ambas caras.<\/p>\n","protected":false},"excerpt":{"rendered":"<p>Haga que sus deseos navide\u00f1os sean m\u00e1s especiales con nuestras tarjetas de Navidad personalizadas. Disponibles en no menos de nueve formatos y tanto en versi\u00f3n plegada simple como en opci\u00f3n sin plegar, ofrecemos una amplia gama para satisfacer sus deseos navide\u00f1os.<\/p>\n","protected":false},"featured_media":15639,"template":"","meta":{"_et_pb_use_builder":"","_et_pb_old_content":"","_et_gb_content_width":""},"product_brand":[],"product_cat":[580,315],"product_tag":[],"class_list":{"0":"post-15638","1":"product","2":"type-product","3":"status-publish","4":"has-post-thumbnail","6":"product_cat-impresion","7":"product_cat-pegatinas-e-impresion","9":"first","10":"instock","11":"taxable","12":"shipping-taxable","13":"purchasable","14":"product-type-simple"},"yoast_head":"<!-- This site is optimized with the Yoast SEO plugin v27.3 - https:\/\/yoast.com\/product\/yoast-seo-wordpress\/ -->\n<title>Pedir tarjetas de Navidad con un toque personal - Entrega r\u00e1pida<\/title>\n<meta name=\"description\" content=\"Pida hoy mismo sus tarjetas de Navidad de empresa totalmente personalizadas con una selecci\u00f3n de 9 formatos, diversos tipos de papel y laminado de lujo.\" \/>\n<meta name=\"robots\" content=\"index, follow, max-snippet:-1, max-image-preview:large, max-video-preview:-1\" \/>\n<link rel=\"canonical\" href=\"https:\/\/www.amstelprinting.nl\/es\/tienda\/pegatinas-e-impresion\/impresion\/tarjetas-de-navidad\/\" \/>\n<meta property=\"og:locale\" content=\"es_ES\" \/>\n<meta property=\"og:type\" content=\"article\" \/>\n<meta property=\"og:title\" content=\"Pedir tarjetas de Navidad con un toque personal - Entrega r\u00e1pida\" \/>\n<meta property=\"og:description\" content=\"Pida hoy mismo sus tarjetas de Navidad de empresa totalmente personalizadas con una selecci\u00f3n de 9 formatos, diversos tipos de papel y laminado de lujo.\" \/>\n<meta property=\"og:url\" content=\"https:\/\/www.amstelprinting.nl\/es\/tienda\/pegatinas-e-impresion\/impresion\/tarjetas-de-navidad\/\" \/>\n<meta property=\"og:site_name\" content=\"Amstel Printing\" \/>\n<meta property=\"article:modified_time\" content=\"2026-02-18T11:48:49+00:00\" \/>\n<meta property=\"og:image\" content=\"https:\/\/www.amstelprinting.nl\/wp-content\/uploads\/Kerstkaarten4.jpg\" \/>\n\t<meta property=\"og:image:width\" content=\"700\" \/>\n\t<meta property=\"og:image:height\" content=\"700\" \/>\n\t<meta property=\"og:image:type\" content=\"image\/jpeg\" \/>\n<meta name=\"twitter:card\" content=\"summary_large_image\" \/>\n<meta name=\"twitter:label1\" content=\"Tiempo de lectura\" \/>\n\t<meta name=\"twitter:data1\" content=\"3 minutos\" \/>\n<script type=\"application\/ld+json\" class=\"yoast-schema-graph\">{\"@context\":\"https:\\\/\\\/schema.org\",\"@graph\":[{\"@type\":\"WebPage\",\"@id\":\"https:\\\/\\\/www.amstelprinting.nl\\\/es\\\/tienda\\\/pegatinas-e-impresion\\\/impresion\\\/tarjetas-de-navidad\\\/\",\"url\":\"https:\\\/\\\/www.amstelprinting.nl\\\/es\\\/tienda\\\/pegatinas-e-impresion\\\/impresion\\\/tarjetas-de-navidad\\\/\",\"name\":\"Pedir tarjetas de Navidad con un toque personal - Entrega r\u00e1pida\",\"isPartOf\":{\"@id\":\"https:\\\/\\\/www.amstelprinting.nl\\\/es\\\/#website\"},\"primaryImageOfPage\":{\"@id\":\"https:\\\/\\\/www.amstelprinting.nl\\\/es\\\/tienda\\\/pegatinas-e-impresion\\\/impresion\\\/tarjetas-de-navidad\\\/#primaryimage\"},\"image\":{\"@id\":\"https:\\\/\\\/www.amstelprinting.nl\\\/es\\\/tienda\\\/pegatinas-e-impresion\\\/impresion\\\/tarjetas-de-navidad\\\/#primaryimage\"},\"thumbnailUrl\":\"https:\\\/\\\/www.amstelprinting.nl\\\/wp-content\\\/uploads\\\/Kerstkaarten4.jpg\",\"datePublished\":\"2025-01-23T19:45:25+00:00\",\"dateModified\":\"2026-02-18T11:48:49+00:00\",\"description\":\"Pida hoy mismo sus tarjetas de Navidad de empresa totalmente personalizadas con una selecci\u00f3n de 9 formatos, diversos tipos de papel y laminado de lujo.\",\"breadcrumb\":{\"@id\":\"https:\\\/\\\/www.amstelprinting.nl\\\/es\\\/tienda\\\/pegatinas-e-impresion\\\/impresion\\\/tarjetas-de-navidad\\\/#breadcrumb\"},\"inLanguage\":\"es\",\"potentialAction\":[{\"@type\":\"ReadAction\",\"target\":[\"https:\\\/\\\/www.amstelprinting.nl\\\/es\\\/tienda\\\/pegatinas-e-impresion\\\/impresion\\\/tarjetas-de-navidad\\\/\"]}]},{\"@type\":\"ImageObject\",\"inLanguage\":\"es\",\"@id\":\"https:\\\/\\\/www.amstelprinting.nl\\\/es\\\/tienda\\\/pegatinas-e-impresion\\\/impresion\\\/tarjetas-de-navidad\\\/#primaryimage\",\"url\":\"https:\\\/\\\/www.amstelprinting.nl\\\/wp-content\\\/uploads\\\/Kerstkaarten4.jpg\",\"contentUrl\":\"https:\\\/\\\/www.amstelprinting.nl\\\/wp-content\\\/uploads\\\/Kerstkaarten4.jpg\",\"width\":700,\"height\":700},{\"@type\":\"BreadcrumbList\",\"@id\":\"https:\\\/\\\/www.amstelprinting.nl\\\/es\\\/tienda\\\/pegatinas-e-impresion\\\/impresion\\\/tarjetas-de-navidad\\\/#breadcrumb\",\"itemListElement\":[{\"@type\":\"ListItem\",\"position\":1,\"name\":\"\",\"item\":\"https:\\\/\\\/www.amstelprinting.nl\\\/es\\\/\"},{\"@type\":\"ListItem\",\"position\":2,\"name\":\"Amstel Printing\",\"item\":\"https:\\\/\\\/www.amstelprinting.nl\\\/es\\\/comercio\\\/\"},{\"@type\":\"ListItem\",\"position\":3,\"name\":\"Pegatinas e impresi\u00f3n\",\"item\":\"https:\\\/\\\/www.amstelprinting.nl\\\/es\\\/categor\u00eda\\\/pegatinas-e-impresion\\\/\"},{\"@type\":\"ListItem\",\"position\":4,\"name\":\"Impresi\u00f3n\",\"item\":\"https:\\\/\\\/www.amstelprinting.nl\\\/es\\\/categor\u00eda\\\/pegatinas-e-impresion\\\/impresion\\\/\"},{\"@type\":\"ListItem\",\"position\":5,\"name\":\"Tarjetas de Navidad\"}]},{\"@type\":\"WebSite\",\"@id\":\"https:\\\/\\\/www.amstelprinting.nl\\\/es\\\/#website\",\"url\":\"https:\\\/\\\/www.amstelprinting.nl\\\/es\\\/\",\"name\":\"Amstel Printing\",\"description\":\"Creating Exposure\",\"publisher\":{\"@id\":\"https:\\\/\\\/www.amstelprinting.nl\\\/es\\\/#organization\"},\"potentialAction\":[{\"@type\":\"SearchAction\",\"target\":{\"@type\":\"EntryPoint\",\"urlTemplate\":\"https:\\\/\\\/www.amstelprinting.nl\\\/es\\\/?s={search_term_string}\"},\"query-input\":{\"@type\":\"PropertyValueSpecification\",\"valueRequired\":true,\"valueName\":\"search_term_string\"}}],\"inLanguage\":\"es\"},{\"@type\":\"Organization\",\"@id\":\"https:\\\/\\\/www.amstelprinting.nl\\\/es\\\/#organization\",\"name\":\"Amstel Printing\",\"url\":\"https:\\\/\\\/www.amstelprinting.nl\\\/es\\\/\",\"logo\":{\"@type\":\"ImageObject\",\"inLanguage\":\"es\",\"@id\":\"https:\\\/\\\/www.amstelprinting.nl\\\/es\\\/#\\\/schema\\\/logo\\\/image\\\/\",\"url\":\"https:\\\/\\\/www.amstelprinting.nl\\\/wp-content\\\/uploads\\\/amstel_printing_logo_clean.png\",\"contentUrl\":\"https:\\\/\\\/www.amstelprinting.nl\\\/wp-content\\\/uploads\\\/amstel_printing_logo_clean.png\",\"width\":324,\"height\":73,\"caption\":\"Amstel Printing\"},\"image\":{\"@id\":\"https:\\\/\\\/www.amstelprinting.nl\\\/es\\\/#\\\/schema\\\/logo\\\/image\\\/\"}}]}<\/script>\n<!-- \/ Yoast SEO plugin. -->","yoast_head_json":{"title":"Pedir tarjetas de Navidad con un toque personal - Entrega r\u00e1pida","description":"Pida hoy mismo sus tarjetas de Navidad de empresa totalmente personalizadas con una selecci\u00f3n de 9 formatos, diversos tipos de papel y laminado de lujo.","robots":{"index":"index","follow":"follow","max-snippet":"max-snippet:-1","max-image-preview":"max-image-preview:large","max-video-preview":"max-video-preview:-1"},"canonical":"https:\/\/www.amstelprinting.nl\/es\/tienda\/pegatinas-e-impresion\/impresion\/tarjetas-de-navidad\/","og_locale":"es_ES","og_type":"article","og_title":"Pedir tarjetas de Navidad con un toque personal - Entrega r\u00e1pida","og_description":"Pida hoy mismo sus tarjetas de Navidad de empresa totalmente personalizadas con una selecci\u00f3n de 9 formatos, diversos tipos de papel y laminado de lujo.","og_url":"https:\/\/www.amstelprinting.nl\/es\/tienda\/pegatinas-e-impresion\/impresion\/tarjetas-de-navidad\/","og_site_name":"Amstel Printing","article_modified_time":"2026-02-18T11:48:49+00:00","og_image":[{"width":700,"height":700,"url":"https:\/\/www.amstelprinting.nl\/wp-content\/uploads\/Kerstkaarten4.jpg","type":"image\/jpeg"}],"twitter_card":"summary_large_image","twitter_misc":{"Tiempo de lectura":"3 minutos"},"schema":{"@context":"https:\/\/schema.org","@graph":[{"@type":"WebPage","@id":"https:\/\/www.amstelprinting.nl\/es\/tienda\/pegatinas-e-impresion\/impresion\/tarjetas-de-navidad\/","url":"https:\/\/www.amstelprinting.nl\/es\/tienda\/pegatinas-e-impresion\/impresion\/tarjetas-de-navidad\/","name":"Pedir tarjetas de Navidad con un toque personal - Entrega r\u00e1pida","isPartOf":{"@id":"https:\/\/www.amstelprinting.nl\/es\/#website"},"primaryImageOfPage":{"@id":"https:\/\/www.amstelprinting.nl\/es\/tienda\/pegatinas-e-impresion\/impresion\/tarjetas-de-navidad\/#primaryimage"},"image":{"@id":"https:\/\/www.amstelprinting.nl\/es\/tienda\/pegatinas-e-impresion\/impresion\/tarjetas-de-navidad\/#primaryimage"},"thumbnailUrl":"https:\/\/www.amstelprinting.nl\/wp-content\/uploads\/Kerstkaarten4.jpg","datePublished":"2025-01-23T19:45:25+00:00","dateModified":"2026-02-18T11:48:49+00:00","description":"Pida hoy mismo sus tarjetas de Navidad de empresa totalmente personalizadas con una selecci\u00f3n de 9 formatos, diversos tipos de papel y laminado de lujo.","breadcrumb":{"@id":"https:\/\/www.amstelprinting.nl\/es\/tienda\/pegatinas-e-impresion\/impresion\/tarjetas-de-navidad\/#breadcrumb"},"inLanguage":"es","potentialAction":[{"@type":"ReadAction","target":["https:\/\/www.amstelprinting.nl\/es\/tienda\/pegatinas-e-impresion\/impresion\/tarjetas-de-navidad\/"]}]},{"@type":"ImageObject","inLanguage":"es","@id":"https:\/\/www.amstelprinting.nl\/es\/tienda\/pegatinas-e-impresion\/impresion\/tarjetas-de-navidad\/#primaryimage","url":"https:\/\/www.amstelprinting.nl\/wp-content\/uploads\/Kerstkaarten4.jpg","contentUrl":"https:\/\/www.amstelprinting.nl\/wp-content\/uploads\/Kerstkaarten4.jpg","width":700,"height":700},{"@type":"BreadcrumbList","@id":"https:\/\/www.amstelprinting.nl\/es\/tienda\/pegatinas-e-impresion\/impresion\/tarjetas-de-navidad\/#breadcrumb","itemListElement":[{"@type":"ListItem","position":1,"name":"","item":"https:\/\/www.amstelprinting.nl\/es\/"},{"@type":"ListItem","position":2,"name":"Amstel Printing","item":"https:\/\/www.amstelprinting.nl\/es\/comercio\/"},{"@type":"ListItem","position":3,"name":"Pegatinas e impresi\u00f3n","item":"https:\/\/www.amstelprinting.nl\/es\/categor\u00eda\/pegatinas-e-impresion\/"},{"@type":"ListItem","position":4,"name":"Impresi\u00f3n","item":"https:\/\/www.amstelprinting.nl\/es\/categor\u00eda\/pegatinas-e-impresion\/impresion\/"},{"@type":"ListItem","position":5,"name":"Tarjetas de Navidad"}]},{"@type":"WebSite","@id":"https:\/\/www.amstelprinting.nl\/es\/#website","url":"https:\/\/www.amstelprinting.nl\/es\/","name":"Amstel Printing","description":"Creating Exposure","publisher":{"@id":"https:\/\/www.amstelprinting.nl\/es\/#organization"},"potentialAction":[{"@type":"SearchAction","target":{"@type":"EntryPoint","urlTemplate":"https:\/\/www.amstelprinting.nl\/es\/?s={search_term_string}"},"query-input":{"@type":"PropertyValueSpecification","valueRequired":true,"valueName":"search_term_string"}}],"inLanguage":"es"},{"@type":"Organization","@id":"https:\/\/www.amstelprinting.nl\/es\/#organization","name":"Amstel Printing","url":"https:\/\/www.amstelprinting.nl\/es\/","logo":{"@type":"ImageObject","inLanguage":"es","@id":"https:\/\/www.amstelprinting.nl\/es\/#\/schema\/logo\/image\/","url":"https:\/\/www.amstelprinting.nl\/wp-content\/uploads\/amstel_printing_logo_clean.png","contentUrl":"https:\/\/www.amstelprinting.nl\/wp-content\/uploads\/amstel_printing_logo_clean.png","width":324,"height":73,"caption":"Amstel Printing"},"image":{"@id":"https:\/\/www.amstelprinting.nl\/es\/#\/schema\/logo\/image\/"}}]}},"_links":{"self":[{"href":"https:\/\/www.amstelprinting.nl\/es\/wp-json\/wp\/v2\/product\/15638","targetHints":{"allow":["GET"]}}],"collection":[{"href":"https:\/\/www.amstelprinting.nl\/es\/wp-json\/wp\/v2\/product"}],"about":[{"href":"https:\/\/www.amstelprinting.nl\/es\/wp-json\/wp\/v2\/types\/product"}],"wp:featuredmedia":[{"embeddable":true,"href":"https:\/\/www.amstelprinting.nl\/es\/wp-json\/wp\/v2\/media\/15639"}],"wp:attachment":[{"href":"https:\/\/www.amstelprinting.nl\/es\/wp-json\/wp\/v2\/media?parent=15638"}],"wp:term":[{"taxonomy":"product_brand","embeddable":true,"href":"https:\/\/www.amstelprinting.nl\/es\/wp-json\/wp\/v2\/product_brand?post=15638"},{"taxonomy":"product_cat","embeddable":true,"href":"https:\/\/www.amstelprinting.nl\/es\/wp-json\/wp\/v2\/product_cat?post=15638"},{"taxonomy":"product_tag","embeddable":true,"href":"https:\/\/www.amstelprinting.nl\/es\/wp-json\/wp\/v2\/product_tag?post=15638"}],"curies":[{"name":"wp","href":"https:\/\/api.w.org\/{rel}","templated":true}]}}