{"id":15652,"date":"2025-01-23T20:45:01","date_gmt":"2025-01-23T19:45:01","guid":{"rendered":"https:\/\/www.amstelprinting.nl\/winkel\/sin%20categor\u00eda\/briefpapier\/"},"modified":"2026-02-18T12:48:50","modified_gmt":"2026-02-18T11:48:50","slug":"papel-de-carta","status":"publish","type":"product","link":"https:\/\/www.amstelprinting.nl\/es\/tienda\/pegatinas-e-impresion\/impresion\/papel-de-carta\/","title":{"rendered":"Papel de carta"},"content":{"rendered":"<h3>\u00bfPor qu\u00e9 imprimir papel de carta?<\/h3>\n<p>Ya sea que busque un dise\u00f1o cl\u00e1sico o un aspecto moderno, nuestro papel de carta ofrece la base perfecta para toda su comunicaci\u00f3n empresarial. Las ventajas de nuestro papel de carta:<\/p>\n<ul>\n<li>Elecci\u00f3n entre formato A4 o A5<\/li>\n<li>Cree su propia identidad corporativa \u00fanica y profesional<\/li>\n<li>Papel de carta blanco HVO<\/li>\n<li>Disponible desde solo 25 unidades<\/li>\n<li>Plantilla pr\u00e1ctica para un proceso de dise\u00f1o sencillo<\/li>\n<\/ul>\n<p>&nbsp;<\/p>\n<h3>Papel de carta blanco HVO<\/h3>\n<p>El papel offset, tambi\u00e9n llamado blanco HVO, es la elecci\u00f3n est\u00e1ndar para papel de carta profesional. Este papel no estucado es de un blanco brillante, lo que garantiza un aspecto limpio y refinado. El papel es excelente para la impresi\u00f3n l\u00e1ser y la escritura, y est\u00e1 disponible en dos gramajes: 90 g\/m\u00b2 para una estructura ligera pero s\u00f3lida, y 170 g\/m\u00b2 para una mayor durabilidad y un aspecto y tacto lujosos. Elija la impresi\u00f3n en el anverso o en el anverso y reverso.<\/p>\n<h3>Disponible desde solo 25 unidades<\/h3>\n<p>Puede pedir el papel de carta en la cantidad que necesite, con un pedido m\u00ednimo de tan solo 25 unidades. Para mayor comodidad, ofrecemos opciones de paquetes de 100, 250 o 500 unidades.<\/p>\n<h3>Dise\u00f1ar papel de carta<\/h3>\n<p>Dise\u00f1ar su papel de carta es f\u00e1cil y r\u00e1pido. Utilice nuestras pr\u00e1cticas plantillas, disponibles en la secci\u00f3n de descargas, y cree en un abrir y cerrar de ojos un dise\u00f1o que refleje perfectamente su marca.<\/p>\n<h3>\nPreguntas frecuentes<\/h3>\n<p><strong>\u00bfEs posible el papel de carta en formatos diferentes?<\/strong><br \/>\nNo, el papel de carta solo est\u00e1 disponible en formatos fijos. \u00bfNecesita otro formato diferente? Realice su pedido a trav\u00e9s de hoja de impresi\u00f3n en plano. Tenga en cuenta que esto a\u00fan debe terminarse.<\/p>\n","protected":false},"excerpt":{"rendered":"<h3>Tambi\u00e9n apto como papel para facturas<\/h3>\n<p>Cause impresi\u00f3n con papel de carta profesional que tambi\u00e9n es excelente para usar como papel para facturas. Disponible tanto en formato A4 como A5. El papel de carta con la impresi\u00f3n de su logotipo o dise\u00f1o garantiza una apariencia profesional.<\/p>\n","protected":false},"featured_media":15654,"template":"","meta":{"_et_pb_use_builder":"","_et_pb_old_content":"","_et_gb_content_width":""},"product_brand":[],"product_cat":[580,315],"product_tag":[],"class_list":{"0":"post-15652","1":"product","2":"type-product","3":"status-publish","4":"has-post-thumbnail","6":"product_cat-impresion","7":"product_cat-pegatinas-e-impresion","9":"first","10":"instock","11":"taxable","12":"shipping-taxable","13":"purchasable","14":"product-type-simple"},"yoast_head":"<!-- This site is optimized with the Yoast SEO plugin v27.3 - https:\/\/yoast.com\/product\/yoast-seo-wordpress\/ -->\n<title>Pedir papel de carta - Entrega r\u00e1pida y alta calidad<\/title>\n<meta name=\"description\" content=\"Papel de carta en A4 o A5, impreso en papel blanco HVO de alta calidad. Tiradas flexibles desde 25 unidades, producci\u00f3n r\u00e1pida en 1 d\u00eda laborable.\" \/>\n<meta name=\"robots\" content=\"index, follow, max-snippet:-1, max-image-preview:large, max-video-preview:-1\" \/>\n<link rel=\"canonical\" href=\"https:\/\/www.amstelprinting.nl\/es\/tienda\/pegatinas-e-impresion\/impresion\/papel-de-carta\/\" \/>\n<meta property=\"og:locale\" content=\"es_ES\" \/>\n<meta property=\"og:type\" content=\"article\" \/>\n<meta property=\"og:title\" content=\"Pedir papel de carta - Entrega r\u00e1pida y alta calidad\" \/>\n<meta property=\"og:description\" content=\"Papel de carta en A4 o A5, impreso en papel blanco HVO de alta calidad. Tiradas flexibles desde 25 unidades, producci\u00f3n r\u00e1pida en 1 d\u00eda laborable.\" \/>\n<meta property=\"og:url\" content=\"https:\/\/www.amstelprinting.nl\/es\/tienda\/pegatinas-e-impresion\/impresion\/papel-de-carta\/\" \/>\n<meta property=\"og:site_name\" content=\"Amstel Printing\" \/>\n<meta property=\"article:modified_time\" content=\"2026-02-18T11:48:50+00:00\" \/>\n<meta property=\"og:image\" content=\"https:\/\/www.amstelprinting.nl\/wp-content\/uploads\/Briefpapier.jpg\" \/>\n\t<meta property=\"og:image:width\" content=\"700\" \/>\n\t<meta property=\"og:image:height\" content=\"700\" \/>\n\t<meta property=\"og:image:type\" content=\"image\/jpeg\" \/>\n<meta name=\"twitter:card\" content=\"summary_large_image\" \/>\n<meta name=\"twitter:label1\" content=\"Tiempo de lectura\" \/>\n\t<meta name=\"twitter:data1\" content=\"1 minuto\" \/>\n<script type=\"application\/ld+json\" class=\"yoast-schema-graph\">{\"@context\":\"https:\\\/\\\/schema.org\",\"@graph\":[{\"@type\":\"WebPage\",\"@id\":\"https:\\\/\\\/www.amstelprinting.nl\\\/es\\\/tienda\\\/pegatinas-e-impresion\\\/impresion\\\/papel-de-carta\\\/\",\"url\":\"https:\\\/\\\/www.amstelprinting.nl\\\/es\\\/tienda\\\/pegatinas-e-impresion\\\/impresion\\\/papel-de-carta\\\/\",\"name\":\"Pedir papel de carta - Entrega r\u00e1pida y alta calidad\",\"isPartOf\":{\"@id\":\"https:\\\/\\\/www.amstelprinting.nl\\\/es\\\/#website\"},\"primaryImageOfPage\":{\"@id\":\"https:\\\/\\\/www.amstelprinting.nl\\\/es\\\/tienda\\\/pegatinas-e-impresion\\\/impresion\\\/papel-de-carta\\\/#primaryimage\"},\"image\":{\"@id\":\"https:\\\/\\\/www.amstelprinting.nl\\\/es\\\/tienda\\\/pegatinas-e-impresion\\\/impresion\\\/papel-de-carta\\\/#primaryimage\"},\"thumbnailUrl\":\"https:\\\/\\\/www.amstelprinting.nl\\\/wp-content\\\/uploads\\\/Briefpapier.jpg\",\"datePublished\":\"2025-01-23T19:45:01+00:00\",\"dateModified\":\"2026-02-18T11:48:50+00:00\",\"description\":\"Papel de carta en A4 o A5, impreso en papel blanco HVO de alta calidad. Tiradas flexibles desde 25 unidades, producci\u00f3n r\u00e1pida en 1 d\u00eda laborable.\",\"breadcrumb\":{\"@id\":\"https:\\\/\\\/www.amstelprinting.nl\\\/es\\\/tienda\\\/pegatinas-e-impresion\\\/impresion\\\/papel-de-carta\\\/#breadcrumb\"},\"inLanguage\":\"es\",\"potentialAction\":[{\"@type\":\"ReadAction\",\"target\":[\"https:\\\/\\\/www.amstelprinting.nl\\\/es\\\/tienda\\\/pegatinas-e-impresion\\\/impresion\\\/papel-de-carta\\\/\"]}]},{\"@type\":\"ImageObject\",\"inLanguage\":\"es\",\"@id\":\"https:\\\/\\\/www.amstelprinting.nl\\\/es\\\/tienda\\\/pegatinas-e-impresion\\\/impresion\\\/papel-de-carta\\\/#primaryimage\",\"url\":\"https:\\\/\\\/www.amstelprinting.nl\\\/wp-content\\\/uploads\\\/Briefpapier.jpg\",\"contentUrl\":\"https:\\\/\\\/www.amstelprinting.nl\\\/wp-content\\\/uploads\\\/Briefpapier.jpg\",\"width\":700,\"height\":700},{\"@type\":\"BreadcrumbList\",\"@id\":\"https:\\\/\\\/www.amstelprinting.nl\\\/es\\\/tienda\\\/pegatinas-e-impresion\\\/impresion\\\/papel-de-carta\\\/#breadcrumb\",\"itemListElement\":[{\"@type\":\"ListItem\",\"position\":1,\"name\":\"\",\"item\":\"https:\\\/\\\/www.amstelprinting.nl\\\/es\\\/\"},{\"@type\":\"ListItem\",\"position\":2,\"name\":\"Amstel Printing\",\"item\":\"https:\\\/\\\/www.amstelprinting.nl\\\/es\\\/comercio\\\/\"},{\"@type\":\"ListItem\",\"position\":3,\"name\":\"Pegatinas e impresi\u00f3n\",\"item\":\"https:\\\/\\\/www.amstelprinting.nl\\\/es\\\/categor\u00eda\\\/pegatinas-e-impresion\\\/\"},{\"@type\":\"ListItem\",\"position\":4,\"name\":\"Impresi\u00f3n\",\"item\":\"https:\\\/\\\/www.amstelprinting.nl\\\/es\\\/categor\u00eda\\\/pegatinas-e-impresion\\\/impresion\\\/\"},{\"@type\":\"ListItem\",\"position\":5,\"name\":\"Papel de carta\"}]},{\"@type\":\"WebSite\",\"@id\":\"https:\\\/\\\/www.amstelprinting.nl\\\/es\\\/#website\",\"url\":\"https:\\\/\\\/www.amstelprinting.nl\\\/es\\\/\",\"name\":\"Amstel Printing\",\"description\":\"Creating Exposure\",\"publisher\":{\"@id\":\"https:\\\/\\\/www.amstelprinting.nl\\\/es\\\/#organization\"},\"potentialAction\":[{\"@type\":\"SearchAction\",\"target\":{\"@type\":\"EntryPoint\",\"urlTemplate\":\"https:\\\/\\\/www.amstelprinting.nl\\\/es\\\/?s={search_term_string}\"},\"query-input\":{\"@type\":\"PropertyValueSpecification\",\"valueRequired\":true,\"valueName\":\"search_term_string\"}}],\"inLanguage\":\"es\"},{\"@type\":\"Organization\",\"@id\":\"https:\\\/\\\/www.amstelprinting.nl\\\/es\\\/#organization\",\"name\":\"Amstel Printing\",\"url\":\"https:\\\/\\\/www.amstelprinting.nl\\\/es\\\/\",\"logo\":{\"@type\":\"ImageObject\",\"inLanguage\":\"es\",\"@id\":\"https:\\\/\\\/www.amstelprinting.nl\\\/es\\\/#\\\/schema\\\/logo\\\/image\\\/\",\"url\":\"https:\\\/\\\/www.amstelprinting.nl\\\/wp-content\\\/uploads\\\/amstel_printing_logo_clean.png\",\"contentUrl\":\"https:\\\/\\\/www.amstelprinting.nl\\\/wp-content\\\/uploads\\\/amstel_printing_logo_clean.png\",\"width\":324,\"height\":73,\"caption\":\"Amstel Printing\"},\"image\":{\"@id\":\"https:\\\/\\\/www.amstelprinting.nl\\\/es\\\/#\\\/schema\\\/logo\\\/image\\\/\"}}]}<\/script>\n<!-- \/ Yoast SEO plugin. -->","yoast_head_json":{"title":"Pedir papel de carta - Entrega r\u00e1pida y alta calidad","description":"Papel de carta en A4 o A5, impreso en papel blanco HVO de alta calidad. Tiradas flexibles desde 25 unidades, producci\u00f3n r\u00e1pida en 1 d\u00eda laborable.","robots":{"index":"index","follow":"follow","max-snippet":"max-snippet:-1","max-image-preview":"max-image-preview:large","max-video-preview":"max-video-preview:-1"},"canonical":"https:\/\/www.amstelprinting.nl\/es\/tienda\/pegatinas-e-impresion\/impresion\/papel-de-carta\/","og_locale":"es_ES","og_type":"article","og_title":"Pedir papel de carta - Entrega r\u00e1pida y alta calidad","og_description":"Papel de carta en A4 o A5, impreso en papel blanco HVO de alta calidad. Tiradas flexibles desde 25 unidades, producci\u00f3n r\u00e1pida en 1 d\u00eda laborable.","og_url":"https:\/\/www.amstelprinting.nl\/es\/tienda\/pegatinas-e-impresion\/impresion\/papel-de-carta\/","og_site_name":"Amstel Printing","article_modified_time":"2026-02-18T11:48:50+00:00","og_image":[{"width":700,"height":700,"url":"https:\/\/www.amstelprinting.nl\/wp-content\/uploads\/Briefpapier.jpg","type":"image\/jpeg"}],"twitter_card":"summary_large_image","twitter_misc":{"Tiempo de lectura":"1 minuto"},"schema":{"@context":"https:\/\/schema.org","@graph":[{"@type":"WebPage","@id":"https:\/\/www.amstelprinting.nl\/es\/tienda\/pegatinas-e-impresion\/impresion\/papel-de-carta\/","url":"https:\/\/www.amstelprinting.nl\/es\/tienda\/pegatinas-e-impresion\/impresion\/papel-de-carta\/","name":"Pedir papel de carta - Entrega r\u00e1pida y alta calidad","isPartOf":{"@id":"https:\/\/www.amstelprinting.nl\/es\/#website"},"primaryImageOfPage":{"@id":"https:\/\/www.amstelprinting.nl\/es\/tienda\/pegatinas-e-impresion\/impresion\/papel-de-carta\/#primaryimage"},"image":{"@id":"https:\/\/www.amstelprinting.nl\/es\/tienda\/pegatinas-e-impresion\/impresion\/papel-de-carta\/#primaryimage"},"thumbnailUrl":"https:\/\/www.amstelprinting.nl\/wp-content\/uploads\/Briefpapier.jpg","datePublished":"2025-01-23T19:45:01+00:00","dateModified":"2026-02-18T11:48:50+00:00","description":"Papel de carta en A4 o A5, impreso en papel blanco HVO de alta calidad. Tiradas flexibles desde 25 unidades, producci\u00f3n r\u00e1pida en 1 d\u00eda laborable.","breadcrumb":{"@id":"https:\/\/www.amstelprinting.nl\/es\/tienda\/pegatinas-e-impresion\/impresion\/papel-de-carta\/#breadcrumb"},"inLanguage":"es","potentialAction":[{"@type":"ReadAction","target":["https:\/\/www.amstelprinting.nl\/es\/tienda\/pegatinas-e-impresion\/impresion\/papel-de-carta\/"]}]},{"@type":"ImageObject","inLanguage":"es","@id":"https:\/\/www.amstelprinting.nl\/es\/tienda\/pegatinas-e-impresion\/impresion\/papel-de-carta\/#primaryimage","url":"https:\/\/www.amstelprinting.nl\/wp-content\/uploads\/Briefpapier.jpg","contentUrl":"https:\/\/www.amstelprinting.nl\/wp-content\/uploads\/Briefpapier.jpg","width":700,"height":700},{"@type":"BreadcrumbList","@id":"https:\/\/www.amstelprinting.nl\/es\/tienda\/pegatinas-e-impresion\/impresion\/papel-de-carta\/#breadcrumb","itemListElement":[{"@type":"ListItem","position":1,"name":"","item":"https:\/\/www.amstelprinting.nl\/es\/"},{"@type":"ListItem","position":2,"name":"Amstel Printing","item":"https:\/\/www.amstelprinting.nl\/es\/comercio\/"},{"@type":"ListItem","position":3,"name":"Pegatinas e impresi\u00f3n","item":"https:\/\/www.amstelprinting.nl\/es\/categor\u00eda\/pegatinas-e-impresion\/"},{"@type":"ListItem","position":4,"name":"Impresi\u00f3n","item":"https:\/\/www.amstelprinting.nl\/es\/categor\u00eda\/pegatinas-e-impresion\/impresion\/"},{"@type":"ListItem","position":5,"name":"Papel de carta"}]},{"@type":"WebSite","@id":"https:\/\/www.amstelprinting.nl\/es\/#website","url":"https:\/\/www.amstelprinting.nl\/es\/","name":"Amstel Printing","description":"Creating Exposure","publisher":{"@id":"https:\/\/www.amstelprinting.nl\/es\/#organization"},"potentialAction":[{"@type":"SearchAction","target":{"@type":"EntryPoint","urlTemplate":"https:\/\/www.amstelprinting.nl\/es\/?s={search_term_string}"},"query-input":{"@type":"PropertyValueSpecification","valueRequired":true,"valueName":"search_term_string"}}],"inLanguage":"es"},{"@type":"Organization","@id":"https:\/\/www.amstelprinting.nl\/es\/#organization","name":"Amstel Printing","url":"https:\/\/www.amstelprinting.nl\/es\/","logo":{"@type":"ImageObject","inLanguage":"es","@id":"https:\/\/www.amstelprinting.nl\/es\/#\/schema\/logo\/image\/","url":"https:\/\/www.amstelprinting.nl\/wp-content\/uploads\/amstel_printing_logo_clean.png","contentUrl":"https:\/\/www.amstelprinting.nl\/wp-content\/uploads\/amstel_printing_logo_clean.png","width":324,"height":73,"caption":"Amstel Printing"},"image":{"@id":"https:\/\/www.amstelprinting.nl\/es\/#\/schema\/logo\/image\/"}}]}},"_links":{"self":[{"href":"https:\/\/www.amstelprinting.nl\/es\/wp-json\/wp\/v2\/product\/15652","targetHints":{"allow":["GET"]}}],"collection":[{"href":"https:\/\/www.amstelprinting.nl\/es\/wp-json\/wp\/v2\/product"}],"about":[{"href":"https:\/\/www.amstelprinting.nl\/es\/wp-json\/wp\/v2\/types\/product"}],"wp:featuredmedia":[{"embeddable":true,"href":"https:\/\/www.amstelprinting.nl\/es\/wp-json\/wp\/v2\/media\/15654"}],"wp:attachment":[{"href":"https:\/\/www.amstelprinting.nl\/es\/wp-json\/wp\/v2\/media?parent=15652"}],"wp:term":[{"taxonomy":"product_brand","embeddable":true,"href":"https:\/\/www.amstelprinting.nl\/es\/wp-json\/wp\/v2\/product_brand?post=15652"},{"taxonomy":"product_cat","embeddable":true,"href":"https:\/\/www.amstelprinting.nl\/es\/wp-json\/wp\/v2\/product_cat?post=15652"},{"taxonomy":"product_tag","embeddable":true,"href":"https:\/\/www.amstelprinting.nl\/es\/wp-json\/wp\/v2\/product_tag?post=15652"}],"curies":[{"name":"wp","href":"https:\/\/api.w.org\/{rel}","templated":true}]}}