{"id":15663,"date":"2025-01-23T20:44:54","date_gmt":"2025-01-23T19:44:54","guid":{"rendered":"https:\/\/www.amstelprinting.nl\/winkel\/sin%20categor\u00eda\/watervaste-poster\/"},"modified":"2026-02-18T12:48:50","modified_gmt":"2026-02-18T11:48:50","slug":"poster-resistente-al-agua","status":"publish","type":"product","link":"https:\/\/www.amstelprinting.nl\/es\/tienda\/publicidad-exterior\/senales-de-acera\/poster-resistente-al-agua\/","title":{"rendered":"P\u00f3ster resistente al agua"},"content":{"rendered":"<h3>Pedir p\u00f3steres resistentes al agua<\/h3>\n<p>Nuestros p\u00f3steres resistentes al agua (repelentes al agua) pueden soportar un poco de lluvia, tal como sugiere su nombre. Nuestros p\u00f3steres resistentes al agua est\u00e1n fabricados con el material Synaps. Synaps est\u00e1 hecho de poli\u00e9ster y, por lo tanto, no solo es resistente al agua, sino tambi\u00e9n muy resistente. Atenci\u00f3n: este p\u00f3ster resistente al agua es muy r\u00edgido y, por lo tanto, dif\u00edcil de doblar y de hendir. Tras el plegado, este material tiende a quedar abierto.<\/p>\n<h3>P\u00f3steres impermeables: uso duradero e higi\u00e9nico<\/h3>\n<p>Gracias a sus propiedades repelentes al agua, el p\u00f3ster resistente al agua dura mucho m\u00e1s que los p\u00f3steres impresos est\u00e1ndar. Adem\u00e1s, el p\u00f3ster resistente al agua es m\u00e1s higi\u00e9nico de usar. Puede limpiar f\u00e1cilmente la suciedad o las manchas.<\/p>\n<h3>Formatos<\/h3>\n<p>Nuestros p\u00f3steres resistentes al agua est\u00e1n disponibles en cualquier formato. Por lo tanto, no est\u00e1 limitado a los tama\u00f1os de p\u00f3ster est\u00e1ndar. En el configurador de productos puede elegir el tama\u00f1o que desee.<\/p>\n<h3>Formatos est\u00e1ndar de p\u00f3steres impermeables<\/h3>\n<ul>\n<li>Abri (1185 x 1750 mm)<\/li>\n<li>A0 (840 x 1189 mm)<\/li>\n<li>A1 (594 x 840 mm)<\/li>\n<li>A2 (420 x 594 mm)<\/li>\n<li>A3 (297 x 420 mm)<\/li>\n<li>A4 (210 x 297 mm)<\/li>\n<li>B0 (1000 x 1400 mm)<\/li>\n<li>B1 (700 x 1000 mm)<\/li>\n<li>B2 (500 x 700 mm)<\/li>\n<\/ul>\n<p>&nbsp;<\/p>\n<h3>La versatilidad de la impresi\u00f3n resistente al agua<\/h3>\n<p>El material Synaps es, por tanto, perfecto para su uso en ambientes h\u00famedos. As\u00ed, este material tambi\u00e9n es ideal para la impresi\u00f3n en hosteler\u00eda (men\u00fas y folletos).<\/p>\n","protected":false},"excerpt":{"rendered":"<h3>P\u00f3steres resistentes al agua para uso en interiores y exteriores.<\/h3>\n","protected":false},"featured_media":15664,"template":"","meta":{"_et_pb_use_builder":"","_et_pb_old_content":"","_et_gb_content_width":""},"product_brand":[],"product_cat":[640,315,450,531],"product_tag":[],"class_list":{"0":"post-15663","1":"product","2":"type-product","3":"status-publish","4":"has-post-thumbnail","6":"product_cat-posters","7":"product_cat-pegatinas-e-impresion","8":"product_cat-publicidad-exterior","9":"product_cat-senales-de-acera","11":"first","12":"instock","13":"taxable","14":"shipping-taxable","15":"purchasable","16":"product-type-simple"},"yoast_head":"<!-- This site is optimized with the Yoast SEO plugin v27.3 - https:\/\/yoast.com\/product\/yoast-seo-wordpress\/ -->\n<title>P\u00f3ster resistente al agua | Amstel Printing<\/title>\n<meta name=\"robots\" content=\"index, follow, max-snippet:-1, max-image-preview:large, max-video-preview:-1\" \/>\n<link rel=\"canonical\" href=\"https:\/\/www.amstelprinting.nl\/es\/tienda\/publicidad-exterior\/senales-de-acera\/poster-resistente-al-agua\/\" \/>\n<meta property=\"og:locale\" content=\"es_ES\" \/>\n<meta property=\"og:type\" content=\"article\" \/>\n<meta property=\"og:title\" content=\"P\u00f3ster resistente al agua | Amstel Printing\" \/>\n<meta property=\"og:description\" content=\"P\u00f3steres resistentes al agua para uso en interiores y exteriores.\" \/>\n<meta property=\"og:url\" content=\"https:\/\/www.amstelprinting.nl\/es\/tienda\/publicidad-exterior\/senales-de-acera\/poster-resistente-al-agua\/\" \/>\n<meta property=\"og:site_name\" content=\"Amstel Printing\" \/>\n<meta property=\"article:modified_time\" content=\"2026-02-18T11:48:50+00:00\" \/>\n<meta property=\"og:image\" content=\"https:\/\/www.amstelprinting.nl\/wp-content\/uploads\/watervaste-poster-2.jpg\" \/>\n\t<meta property=\"og:image:width\" content=\"700\" \/>\n\t<meta property=\"og:image:height\" content=\"700\" \/>\n\t<meta property=\"og:image:type\" content=\"image\/jpeg\" \/>\n<meta name=\"twitter:card\" content=\"summary_large_image\" \/>\n<meta name=\"twitter:label1\" content=\"Tiempo de lectura\" \/>\n\t<meta name=\"twitter:data1\" content=\"1 minuto\" \/>\n<script type=\"application\/ld+json\" class=\"yoast-schema-graph\">{\"@context\":\"https:\\\/\\\/schema.org\",\"@graph\":[{\"@type\":\"WebPage\",\"@id\":\"https:\\\/\\\/www.amstelprinting.nl\\\/es\\\/tienda\\\/publicidad-exterior\\\/senales-de-acera\\\/poster-resistente-al-agua\\\/\",\"url\":\"https:\\\/\\\/www.amstelprinting.nl\\\/es\\\/tienda\\\/publicidad-exterior\\\/senales-de-acera\\\/poster-resistente-al-agua\\\/\",\"name\":\"P\u00f3ster resistente al agua | Amstel Printing\",\"isPartOf\":{\"@id\":\"https:\\\/\\\/www.amstelprinting.nl\\\/es\\\/#website\"},\"primaryImageOfPage\":{\"@id\":\"https:\\\/\\\/www.amstelprinting.nl\\\/es\\\/tienda\\\/publicidad-exterior\\\/senales-de-acera\\\/poster-resistente-al-agua\\\/#primaryimage\"},\"image\":{\"@id\":\"https:\\\/\\\/www.amstelprinting.nl\\\/es\\\/tienda\\\/publicidad-exterior\\\/senales-de-acera\\\/poster-resistente-al-agua\\\/#primaryimage\"},\"thumbnailUrl\":\"https:\\\/\\\/www.amstelprinting.nl\\\/wp-content\\\/uploads\\\/watervaste-poster-2.jpg\",\"datePublished\":\"2025-01-23T19:44:54+00:00\",\"dateModified\":\"2026-02-18T11:48:50+00:00\",\"breadcrumb\":{\"@id\":\"https:\\\/\\\/www.amstelprinting.nl\\\/es\\\/tienda\\\/publicidad-exterior\\\/senales-de-acera\\\/poster-resistente-al-agua\\\/#breadcrumb\"},\"inLanguage\":\"es\",\"potentialAction\":[{\"@type\":\"ReadAction\",\"target\":[\"https:\\\/\\\/www.amstelprinting.nl\\\/es\\\/tienda\\\/publicidad-exterior\\\/senales-de-acera\\\/poster-resistente-al-agua\\\/\"]}]},{\"@type\":\"ImageObject\",\"inLanguage\":\"es\",\"@id\":\"https:\\\/\\\/www.amstelprinting.nl\\\/es\\\/tienda\\\/publicidad-exterior\\\/senales-de-acera\\\/poster-resistente-al-agua\\\/#primaryimage\",\"url\":\"https:\\\/\\\/www.amstelprinting.nl\\\/wp-content\\\/uploads\\\/watervaste-poster-2.jpg\",\"contentUrl\":\"https:\\\/\\\/www.amstelprinting.nl\\\/wp-content\\\/uploads\\\/watervaste-poster-2.jpg\",\"width\":700,\"height\":700},{\"@type\":\"BreadcrumbList\",\"@id\":\"https:\\\/\\\/www.amstelprinting.nl\\\/es\\\/tienda\\\/publicidad-exterior\\\/senales-de-acera\\\/poster-resistente-al-agua\\\/#breadcrumb\",\"itemListElement\":[{\"@type\":\"ListItem\",\"position\":1,\"name\":\"\",\"item\":\"https:\\\/\\\/www.amstelprinting.nl\\\/es\\\/\"},{\"@type\":\"ListItem\",\"position\":2,\"name\":\"Amstel Printing\",\"item\":\"https:\\\/\\\/www.amstelprinting.nl\\\/es\\\/comercio\\\/\"},{\"@type\":\"ListItem\",\"position\":3,\"name\":\"Publicidad exterior\",\"item\":\"https:\\\/\\\/www.amstelprinting.nl\\\/es\\\/categor\u00eda\\\/publicidad-exterior\\\/\"},{\"@type\":\"ListItem\",\"position\":4,\"name\":\"Se\u00f1ales de acera\",\"item\":\"https:\\\/\\\/www.amstelprinting.nl\\\/es\\\/categor\u00eda\\\/publicidad-exterior\\\/senales-de-acera\\\/\"},{\"@type\":\"ListItem\",\"position\":5,\"name\":\"P\u00f3ster resistente al agua\"}]},{\"@type\":\"WebSite\",\"@id\":\"https:\\\/\\\/www.amstelprinting.nl\\\/es\\\/#website\",\"url\":\"https:\\\/\\\/www.amstelprinting.nl\\\/es\\\/\",\"name\":\"Amstel Printing\",\"description\":\"Creating Exposure\",\"publisher\":{\"@id\":\"https:\\\/\\\/www.amstelprinting.nl\\\/es\\\/#organization\"},\"potentialAction\":[{\"@type\":\"SearchAction\",\"target\":{\"@type\":\"EntryPoint\",\"urlTemplate\":\"https:\\\/\\\/www.amstelprinting.nl\\\/es\\\/?s={search_term_string}\"},\"query-input\":{\"@type\":\"PropertyValueSpecification\",\"valueRequired\":true,\"valueName\":\"search_term_string\"}}],\"inLanguage\":\"es\"},{\"@type\":\"Organization\",\"@id\":\"https:\\\/\\\/www.amstelprinting.nl\\\/es\\\/#organization\",\"name\":\"Amstel Printing\",\"url\":\"https:\\\/\\\/www.amstelprinting.nl\\\/es\\\/\",\"logo\":{\"@type\":\"ImageObject\",\"inLanguage\":\"es\",\"@id\":\"https:\\\/\\\/www.amstelprinting.nl\\\/es\\\/#\\\/schema\\\/logo\\\/image\\\/\",\"url\":\"https:\\\/\\\/www.amstelprinting.nl\\\/wp-content\\\/uploads\\\/amstel_printing_logo_clean.png\",\"contentUrl\":\"https:\\\/\\\/www.amstelprinting.nl\\\/wp-content\\\/uploads\\\/amstel_printing_logo_clean.png\",\"width\":324,\"height\":73,\"caption\":\"Amstel Printing\"},\"image\":{\"@id\":\"https:\\\/\\\/www.amstelprinting.nl\\\/es\\\/#\\\/schema\\\/logo\\\/image\\\/\"}}]}<\/script>\n<!-- \/ Yoast SEO plugin. -->","yoast_head_json":{"title":"P\u00f3ster resistente al agua | Amstel Printing","robots":{"index":"index","follow":"follow","max-snippet":"max-snippet:-1","max-image-preview":"max-image-preview:large","max-video-preview":"max-video-preview:-1"},"canonical":"https:\/\/www.amstelprinting.nl\/es\/tienda\/publicidad-exterior\/senales-de-acera\/poster-resistente-al-agua\/","og_locale":"es_ES","og_type":"article","og_title":"P\u00f3ster resistente al agua | Amstel Printing","og_description":"P\u00f3steres resistentes al agua para uso en interiores y exteriores.","og_url":"https:\/\/www.amstelprinting.nl\/es\/tienda\/publicidad-exterior\/senales-de-acera\/poster-resistente-al-agua\/","og_site_name":"Amstel Printing","article_modified_time":"2026-02-18T11:48:50+00:00","og_image":[{"width":700,"height":700,"url":"https:\/\/www.amstelprinting.nl\/wp-content\/uploads\/watervaste-poster-2.jpg","type":"image\/jpeg"}],"twitter_card":"summary_large_image","twitter_misc":{"Tiempo de lectura":"1 minuto"},"schema":{"@context":"https:\/\/schema.org","@graph":[{"@type":"WebPage","@id":"https:\/\/www.amstelprinting.nl\/es\/tienda\/publicidad-exterior\/senales-de-acera\/poster-resistente-al-agua\/","url":"https:\/\/www.amstelprinting.nl\/es\/tienda\/publicidad-exterior\/senales-de-acera\/poster-resistente-al-agua\/","name":"P\u00f3ster resistente al agua | Amstel Printing","isPartOf":{"@id":"https:\/\/www.amstelprinting.nl\/es\/#website"},"primaryImageOfPage":{"@id":"https:\/\/www.amstelprinting.nl\/es\/tienda\/publicidad-exterior\/senales-de-acera\/poster-resistente-al-agua\/#primaryimage"},"image":{"@id":"https:\/\/www.amstelprinting.nl\/es\/tienda\/publicidad-exterior\/senales-de-acera\/poster-resistente-al-agua\/#primaryimage"},"thumbnailUrl":"https:\/\/www.amstelprinting.nl\/wp-content\/uploads\/watervaste-poster-2.jpg","datePublished":"2025-01-23T19:44:54+00:00","dateModified":"2026-02-18T11:48:50+00:00","breadcrumb":{"@id":"https:\/\/www.amstelprinting.nl\/es\/tienda\/publicidad-exterior\/senales-de-acera\/poster-resistente-al-agua\/#breadcrumb"},"inLanguage":"es","potentialAction":[{"@type":"ReadAction","target":["https:\/\/www.amstelprinting.nl\/es\/tienda\/publicidad-exterior\/senales-de-acera\/poster-resistente-al-agua\/"]}]},{"@type":"ImageObject","inLanguage":"es","@id":"https:\/\/www.amstelprinting.nl\/es\/tienda\/publicidad-exterior\/senales-de-acera\/poster-resistente-al-agua\/#primaryimage","url":"https:\/\/www.amstelprinting.nl\/wp-content\/uploads\/watervaste-poster-2.jpg","contentUrl":"https:\/\/www.amstelprinting.nl\/wp-content\/uploads\/watervaste-poster-2.jpg","width":700,"height":700},{"@type":"BreadcrumbList","@id":"https:\/\/www.amstelprinting.nl\/es\/tienda\/publicidad-exterior\/senales-de-acera\/poster-resistente-al-agua\/#breadcrumb","itemListElement":[{"@type":"ListItem","position":1,"name":"","item":"https:\/\/www.amstelprinting.nl\/es\/"},{"@type":"ListItem","position":2,"name":"Amstel Printing","item":"https:\/\/www.amstelprinting.nl\/es\/comercio\/"},{"@type":"ListItem","position":3,"name":"Publicidad exterior","item":"https:\/\/www.amstelprinting.nl\/es\/categor\u00eda\/publicidad-exterior\/"},{"@type":"ListItem","position":4,"name":"Se\u00f1ales de acera","item":"https:\/\/www.amstelprinting.nl\/es\/categor\u00eda\/publicidad-exterior\/senales-de-acera\/"},{"@type":"ListItem","position":5,"name":"P\u00f3ster resistente al agua"}]},{"@type":"WebSite","@id":"https:\/\/www.amstelprinting.nl\/es\/#website","url":"https:\/\/www.amstelprinting.nl\/es\/","name":"Amstel Printing","description":"Creating Exposure","publisher":{"@id":"https:\/\/www.amstelprinting.nl\/es\/#organization"},"potentialAction":[{"@type":"SearchAction","target":{"@type":"EntryPoint","urlTemplate":"https:\/\/www.amstelprinting.nl\/es\/?s={search_term_string}"},"query-input":{"@type":"PropertyValueSpecification","valueRequired":true,"valueName":"search_term_string"}}],"inLanguage":"es"},{"@type":"Organization","@id":"https:\/\/www.amstelprinting.nl\/es\/#organization","name":"Amstel Printing","url":"https:\/\/www.amstelprinting.nl\/es\/","logo":{"@type":"ImageObject","inLanguage":"es","@id":"https:\/\/www.amstelprinting.nl\/es\/#\/schema\/logo\/image\/","url":"https:\/\/www.amstelprinting.nl\/wp-content\/uploads\/amstel_printing_logo_clean.png","contentUrl":"https:\/\/www.amstelprinting.nl\/wp-content\/uploads\/amstel_printing_logo_clean.png","width":324,"height":73,"caption":"Amstel Printing"},"image":{"@id":"https:\/\/www.amstelprinting.nl\/es\/#\/schema\/logo\/image\/"}}]}},"_links":{"self":[{"href":"https:\/\/www.amstelprinting.nl\/es\/wp-json\/wp\/v2\/product\/15663","targetHints":{"allow":["GET"]}}],"collection":[{"href":"https:\/\/www.amstelprinting.nl\/es\/wp-json\/wp\/v2\/product"}],"about":[{"href":"https:\/\/www.amstelprinting.nl\/es\/wp-json\/wp\/v2\/types\/product"}],"wp:featuredmedia":[{"embeddable":true,"href":"https:\/\/www.amstelprinting.nl\/es\/wp-json\/wp\/v2\/media\/15664"}],"wp:attachment":[{"href":"https:\/\/www.amstelprinting.nl\/es\/wp-json\/wp\/v2\/media?parent=15663"}],"wp:term":[{"taxonomy":"product_brand","embeddable":true,"href":"https:\/\/www.amstelprinting.nl\/es\/wp-json\/wp\/v2\/product_brand?post=15663"},{"taxonomy":"product_cat","embeddable":true,"href":"https:\/\/www.amstelprinting.nl\/es\/wp-json\/wp\/v2\/product_cat?post=15663"},{"taxonomy":"product_tag","embeddable":true,"href":"https:\/\/www.amstelprinting.nl\/es\/wp-json\/wp\/v2\/product_tag?post=15663"}],"curies":[{"name":"wp","href":"https:\/\/api.w.org\/{rel}","templated":true}]}}