{"id":15687,"date":"2025-01-23T20:44:39","date_gmt":"2025-01-23T19:44:39","guid":{"rendered":"https:\/\/www.amstelprinting.nl\/winkel\/sin%20categor\u00eda\/slagvaste-sticker\/"},"modified":"2026-02-18T12:48:52","modified_gmt":"2026-02-18T11:48:52","slug":"adhesivo-resistente-a-impactos","status":"publish","type":"product","link":"https:\/\/www.amstelprinting.nl\/es\/tienda\/pegatinas-e-impresion\/pegatinas-grandes\/adhesivo-resistente-a-impactos\/","title":{"rendered":"Adhesivo resistente a impactos"},"content":{"rendered":"<h3>Por qu\u00e9 pedir adhesivos resistentes a impactos<\/h3>\n<ul>\n<li>Fuerza de adhesi\u00f3n permanente<\/li>\n<li>Apto para pr\u00e1cticamente todas las superficies<\/li>\n<li>Impresi\u00f3n a todo color de alta nitidez<\/li>\n<li>Disponible en cualquier tama\u00f1o o forma deseada (corte de contorno)<\/li>\n<li>L\u00e1mina de PVC de alta calidad<\/li>\n<li>Equipado con certificado B1 de seguridad contra incendios<\/li>\n<\/ul>\n<p>&nbsp;<\/p>\n<h3>Desventajas<\/h3>\n<ul>\n<li>Debido a la fuerte capa de pegamento Ultra High Tack, es m\u00e1s dif\u00edcil de retirar.<\/li>\n<li>Fabricado en PVC, por lo que es menos sostenible (respetuoso con el medio ambiente).<\/li>\n<\/ul>\n<p>&nbsp;<\/p>\n<h3>Laminado brillante<\/h3>\n<p>Con una capa de adhesivo permanente high-tack, el adhesivo resistente a impactos ofrece una adherencia inicial excepcionalmente fuerte. En cuanto se aplica la l\u00e1mina, se adhiere inmediatamente, incluso en superficies de dif\u00edcil adhesi\u00f3n como el pl\u00e1stico. Esta adhesi\u00f3n ultrafuerte hace que el adhesivo resistente a impactos sea perfecto para su uso en superficies extremadamente rugosas. El adhesivo resistente a impactos ha sido desarrollado tanto para uso en interiores como en exteriores. Adem\u00e1s, esta l\u00e1mina cuenta con un certificado de incendio, lo que la hace apta para su aplicaci\u00f3n en espacios p\u00fablicos donde la seguridad contra incendios es un requisito.<\/p>\n<h3>Acabado y calidad<\/h3>\n<p>Nuestros adhesivos resistentes a impactos est\u00e1n fabricados con PVC de alta calidad. El laminado brillante ofrece una protecci\u00f3n \u00f3ptima y, por lo tanto, es muy resistente a ara\u00f1azos, da\u00f1os y lluvia.<\/p>\n<p>Elija la opci\u00f3n \u201ccorte de contorno\u201d y cortaremos su adhesivo resistente a impactos siguiendo los contornos de su dise\u00f1o. Esta l\u00e1mina tiene un ancho m\u00e1ximo de impresi\u00f3n de 148 cm en una sola pieza, lo que le permite lograr resultados impecables y profesionales.<\/p>\n<p>Refuerce su comunicaci\u00f3n y dise\u00f1o con nuestros adhesivos resistentes a impactos y experimente el poder de un adhesivo que puede con cualquier desaf\u00edo. Perfectos para aplicaciones exigentes y cualquier entorno, estos adhesivos ofrecen una soluci\u00f3n fiable.<\/p>\n<h3>Preguntas frecuentes<\/h3>\n<p><strong>\u00bfCu\u00e1l es la vida \u00fatil esperada de esta l\u00e1mina?<\/strong><br \/>\nPuede contar con una vida \u00fatil de aproximadamente 5 a\u00f1os, tanto para aplicaciones en interiores como en exteriores. Sin embargo, esta vida \u00fatil puede verse influenciada por diversos factores, como la exposici\u00f3n a la luz UV, las condiciones clim\u00e1ticas y el tipo de superficie sobre la que se aplica la l\u00e1mina.<\/p>\n<p><strong>\u00bfQu\u00e9 t\u00e9cnica de producci\u00f3n se utiliza para este material?<\/strong><br \/>\nUtilizamos la t\u00e9cnica de impresi\u00f3n l\u00e1tex, que ofrece diversas ventajas. Esta t\u00e9cnica utiliza tintas a base de agua, que son inodoras y algo m\u00e1s respetuosas con el medio ambiente. Las tintas penetran profundamente en el material, lo que resulta en una alta resistencia a los ara\u00f1azos y un rendimiento duradero.<\/p>\n","protected":false},"excerpt":{"rendered":"<h3>L\u00e1mina blanca con fuerza adhesiva extremadamente alta para superficies de dif\u00edcil adherencia<\/h3>\n<p>Descubra nuestros adhesivos resistentes a impactos, dise\u00f1ados para resistir cualquier desaf\u00edo. Los adhesivos resistentes a impactos son la soluci\u00f3n para superficies dif\u00edciles. Con una vida \u00fatil de 5 a\u00f1os, son ideales para un uso prolongado en exteriores. Se pueden pedir en cualquier tama\u00f1o y forma deseados. La adhesi\u00f3n extremadamente fuerte y el laminado brillante protegen su impresi\u00f3n al m\u00e1ximo contra ara\u00f1azos y agua.<\/p>\n","protected":false},"featured_media":15689,"template":"","meta":{"_et_pb_use_builder":"","_et_pb_old_content":"","_et_gb_content_width":""},"product_brand":[],"product_cat":[315,576],"product_tag":[],"class_list":{"0":"post-15687","1":"product","2":"type-product","3":"status-publish","4":"has-post-thumbnail","6":"product_cat-pegatinas-e-impresion","7":"product_cat-pegatinas-grandes","9":"first","10":"instock","11":"taxable","12":"shipping-taxable","13":"purchasable","14":"product-type-simple"},"yoast_head":"<!-- This site is optimized with the Yoast SEO plugin v27.3 - https:\/\/yoast.com\/product\/yoast-seo-wordpress\/ -->\n<title>Adhesivo resistente a impactos con adhesi\u00f3n ultrafuerte | Pida hoy<\/title>\n<meta name=\"description\" content=\"Pida adhesivos resistentes a impactos con capa de pegamento permanente de alta adherencia (high-tack) para una m\u00e1xima fijaci\u00f3n en cualquier superficie. Protegido con laminado brillante y vida \u00fatil de 5 a\u00f1os.\" \/>\n<meta name=\"robots\" content=\"index, follow, max-snippet:-1, max-image-preview:large, max-video-preview:-1\" \/>\n<link rel=\"canonical\" href=\"https:\/\/www.amstelprinting.nl\/es\/tienda\/pegatinas-e-impresion\/pegatinas-grandes\/adhesivo-resistente-a-impactos\/\" \/>\n<meta property=\"og:locale\" content=\"es_ES\" \/>\n<meta property=\"og:type\" content=\"article\" \/>\n<meta property=\"og:title\" content=\"Adhesivo resistente a impactos con adhesi\u00f3n ultrafuerte | Pida hoy\" \/>\n<meta property=\"og:description\" content=\"Pida adhesivos resistentes a impactos con capa de pegamento permanente de alta adherencia (high-tack) para una m\u00e1xima fijaci\u00f3n en cualquier superficie. Protegido con laminado brillante y vida \u00fatil de 5 a\u00f1os.\" \/>\n<meta property=\"og:url\" content=\"https:\/\/www.amstelprinting.nl\/es\/tienda\/pegatinas-e-impresion\/pegatinas-grandes\/adhesivo-resistente-a-impactos\/\" \/>\n<meta property=\"og:site_name\" content=\"Amstel Printing\" \/>\n<meta property=\"article:modified_time\" content=\"2026-02-18T11:48:52+00:00\" \/>\n<meta property=\"og:image\" content=\"https:\/\/www.amstelprinting.nl\/wp-content\/uploads\/Slagvaste-sticker.jpg\" \/>\n\t<meta property=\"og:image:width\" content=\"700\" \/>\n\t<meta property=\"og:image:height\" content=\"700\" \/>\n\t<meta property=\"og:image:type\" content=\"image\/jpeg\" \/>\n<meta name=\"twitter:card\" content=\"summary_large_image\" \/>\n<meta name=\"twitter:label1\" content=\"Tiempo de lectura\" \/>\n\t<meta name=\"twitter:data1\" content=\"2 minutos\" \/>\n<script type=\"application\/ld+json\" class=\"yoast-schema-graph\">{\"@context\":\"https:\\\/\\\/schema.org\",\"@graph\":[{\"@type\":\"WebPage\",\"@id\":\"https:\\\/\\\/www.amstelprinting.nl\\\/es\\\/tienda\\\/pegatinas-e-impresion\\\/pegatinas-grandes\\\/adhesivo-resistente-a-impactos\\\/\",\"url\":\"https:\\\/\\\/www.amstelprinting.nl\\\/es\\\/tienda\\\/pegatinas-e-impresion\\\/pegatinas-grandes\\\/adhesivo-resistente-a-impactos\\\/\",\"name\":\"Adhesivo resistente a impactos con adhesi\u00f3n ultrafuerte | Pida hoy\",\"isPartOf\":{\"@id\":\"https:\\\/\\\/www.amstelprinting.nl\\\/es\\\/#website\"},\"primaryImageOfPage\":{\"@id\":\"https:\\\/\\\/www.amstelprinting.nl\\\/es\\\/tienda\\\/pegatinas-e-impresion\\\/pegatinas-grandes\\\/adhesivo-resistente-a-impactos\\\/#primaryimage\"},\"image\":{\"@id\":\"https:\\\/\\\/www.amstelprinting.nl\\\/es\\\/tienda\\\/pegatinas-e-impresion\\\/pegatinas-grandes\\\/adhesivo-resistente-a-impactos\\\/#primaryimage\"},\"thumbnailUrl\":\"https:\\\/\\\/www.amstelprinting.nl\\\/wp-content\\\/uploads\\\/Slagvaste-sticker.jpg\",\"datePublished\":\"2025-01-23T19:44:39+00:00\",\"dateModified\":\"2026-02-18T11:48:52+00:00\",\"description\":\"Pida adhesivos resistentes a impactos con capa de pegamento permanente de alta adherencia (high-tack) para una m\u00e1xima fijaci\u00f3n en cualquier superficie. Protegido con laminado brillante y vida \u00fatil de 5 a\u00f1os.\",\"breadcrumb\":{\"@id\":\"https:\\\/\\\/www.amstelprinting.nl\\\/es\\\/tienda\\\/pegatinas-e-impresion\\\/pegatinas-grandes\\\/adhesivo-resistente-a-impactos\\\/#breadcrumb\"},\"inLanguage\":\"es\",\"potentialAction\":[{\"@type\":\"ReadAction\",\"target\":[\"https:\\\/\\\/www.amstelprinting.nl\\\/es\\\/tienda\\\/pegatinas-e-impresion\\\/pegatinas-grandes\\\/adhesivo-resistente-a-impactos\\\/\"]}]},{\"@type\":\"ImageObject\",\"inLanguage\":\"es\",\"@id\":\"https:\\\/\\\/www.amstelprinting.nl\\\/es\\\/tienda\\\/pegatinas-e-impresion\\\/pegatinas-grandes\\\/adhesivo-resistente-a-impactos\\\/#primaryimage\",\"url\":\"https:\\\/\\\/www.amstelprinting.nl\\\/wp-content\\\/uploads\\\/Slagvaste-sticker.jpg\",\"contentUrl\":\"https:\\\/\\\/www.amstelprinting.nl\\\/wp-content\\\/uploads\\\/Slagvaste-sticker.jpg\",\"width\":700,\"height\":700},{\"@type\":\"BreadcrumbList\",\"@id\":\"https:\\\/\\\/www.amstelprinting.nl\\\/es\\\/tienda\\\/pegatinas-e-impresion\\\/pegatinas-grandes\\\/adhesivo-resistente-a-impactos\\\/#breadcrumb\",\"itemListElement\":[{\"@type\":\"ListItem\",\"position\":1,\"name\":\"\",\"item\":\"https:\\\/\\\/www.amstelprinting.nl\\\/es\\\/\"},{\"@type\":\"ListItem\",\"position\":2,\"name\":\"Amstel Printing\",\"item\":\"https:\\\/\\\/www.amstelprinting.nl\\\/es\\\/comercio\\\/\"},{\"@type\":\"ListItem\",\"position\":3,\"name\":\"Pegatinas e impresi\u00f3n\",\"item\":\"https:\\\/\\\/www.amstelprinting.nl\\\/es\\\/categor\u00eda\\\/pegatinas-e-impresion\\\/\"},{\"@type\":\"ListItem\",\"position\":4,\"name\":\"pegatinas grandes\",\"item\":\"https:\\\/\\\/www.amstelprinting.nl\\\/es\\\/categor\u00eda\\\/pegatinas-e-impresion\\\/pegatinas-grandes\\\/\"},{\"@type\":\"ListItem\",\"position\":5,\"name\":\"Adhesivo resistente a impactos\"}]},{\"@type\":\"WebSite\",\"@id\":\"https:\\\/\\\/www.amstelprinting.nl\\\/es\\\/#website\",\"url\":\"https:\\\/\\\/www.amstelprinting.nl\\\/es\\\/\",\"name\":\"Amstel Printing\",\"description\":\"Creating Exposure\",\"publisher\":{\"@id\":\"https:\\\/\\\/www.amstelprinting.nl\\\/es\\\/#organization\"},\"potentialAction\":[{\"@type\":\"SearchAction\",\"target\":{\"@type\":\"EntryPoint\",\"urlTemplate\":\"https:\\\/\\\/www.amstelprinting.nl\\\/es\\\/?s={search_term_string}\"},\"query-input\":{\"@type\":\"PropertyValueSpecification\",\"valueRequired\":true,\"valueName\":\"search_term_string\"}}],\"inLanguage\":\"es\"},{\"@type\":\"Organization\",\"@id\":\"https:\\\/\\\/www.amstelprinting.nl\\\/es\\\/#organization\",\"name\":\"Amstel Printing\",\"url\":\"https:\\\/\\\/www.amstelprinting.nl\\\/es\\\/\",\"logo\":{\"@type\":\"ImageObject\",\"inLanguage\":\"es\",\"@id\":\"https:\\\/\\\/www.amstelprinting.nl\\\/es\\\/#\\\/schema\\\/logo\\\/image\\\/\",\"url\":\"https:\\\/\\\/www.amstelprinting.nl\\\/wp-content\\\/uploads\\\/amstel_printing_logo_clean.png\",\"contentUrl\":\"https:\\\/\\\/www.amstelprinting.nl\\\/wp-content\\\/uploads\\\/amstel_printing_logo_clean.png\",\"width\":324,\"height\":73,\"caption\":\"Amstel Printing\"},\"image\":{\"@id\":\"https:\\\/\\\/www.amstelprinting.nl\\\/es\\\/#\\\/schema\\\/logo\\\/image\\\/\"}}]}<\/script>\n<!-- \/ Yoast SEO plugin. -->","yoast_head_json":{"title":"Adhesivo resistente a impactos con adhesi\u00f3n ultrafuerte | Pida hoy","description":"Pida adhesivos resistentes a impactos con capa de pegamento permanente de alta adherencia (high-tack) para una m\u00e1xima fijaci\u00f3n en cualquier superficie. Protegido con laminado brillante y vida \u00fatil de 5 a\u00f1os.","robots":{"index":"index","follow":"follow","max-snippet":"max-snippet:-1","max-image-preview":"max-image-preview:large","max-video-preview":"max-video-preview:-1"},"canonical":"https:\/\/www.amstelprinting.nl\/es\/tienda\/pegatinas-e-impresion\/pegatinas-grandes\/adhesivo-resistente-a-impactos\/","og_locale":"es_ES","og_type":"article","og_title":"Adhesivo resistente a impactos con adhesi\u00f3n ultrafuerte | Pida hoy","og_description":"Pida adhesivos resistentes a impactos con capa de pegamento permanente de alta adherencia (high-tack) para una m\u00e1xima fijaci\u00f3n en cualquier superficie. Protegido con laminado brillante y vida \u00fatil de 5 a\u00f1os.","og_url":"https:\/\/www.amstelprinting.nl\/es\/tienda\/pegatinas-e-impresion\/pegatinas-grandes\/adhesivo-resistente-a-impactos\/","og_site_name":"Amstel Printing","article_modified_time":"2026-02-18T11:48:52+00:00","og_image":[{"width":700,"height":700,"url":"https:\/\/www.amstelprinting.nl\/wp-content\/uploads\/Slagvaste-sticker.jpg","type":"image\/jpeg"}],"twitter_card":"summary_large_image","twitter_misc":{"Tiempo de lectura":"2 minutos"},"schema":{"@context":"https:\/\/schema.org","@graph":[{"@type":"WebPage","@id":"https:\/\/www.amstelprinting.nl\/es\/tienda\/pegatinas-e-impresion\/pegatinas-grandes\/adhesivo-resistente-a-impactos\/","url":"https:\/\/www.amstelprinting.nl\/es\/tienda\/pegatinas-e-impresion\/pegatinas-grandes\/adhesivo-resistente-a-impactos\/","name":"Adhesivo resistente a impactos con adhesi\u00f3n ultrafuerte | Pida hoy","isPartOf":{"@id":"https:\/\/www.amstelprinting.nl\/es\/#website"},"primaryImageOfPage":{"@id":"https:\/\/www.amstelprinting.nl\/es\/tienda\/pegatinas-e-impresion\/pegatinas-grandes\/adhesivo-resistente-a-impactos\/#primaryimage"},"image":{"@id":"https:\/\/www.amstelprinting.nl\/es\/tienda\/pegatinas-e-impresion\/pegatinas-grandes\/adhesivo-resistente-a-impactos\/#primaryimage"},"thumbnailUrl":"https:\/\/www.amstelprinting.nl\/wp-content\/uploads\/Slagvaste-sticker.jpg","datePublished":"2025-01-23T19:44:39+00:00","dateModified":"2026-02-18T11:48:52+00:00","description":"Pida adhesivos resistentes a impactos con capa de pegamento permanente de alta adherencia (high-tack) para una m\u00e1xima fijaci\u00f3n en cualquier superficie. Protegido con laminado brillante y vida \u00fatil de 5 a\u00f1os.","breadcrumb":{"@id":"https:\/\/www.amstelprinting.nl\/es\/tienda\/pegatinas-e-impresion\/pegatinas-grandes\/adhesivo-resistente-a-impactos\/#breadcrumb"},"inLanguage":"es","potentialAction":[{"@type":"ReadAction","target":["https:\/\/www.amstelprinting.nl\/es\/tienda\/pegatinas-e-impresion\/pegatinas-grandes\/adhesivo-resistente-a-impactos\/"]}]},{"@type":"ImageObject","inLanguage":"es","@id":"https:\/\/www.amstelprinting.nl\/es\/tienda\/pegatinas-e-impresion\/pegatinas-grandes\/adhesivo-resistente-a-impactos\/#primaryimage","url":"https:\/\/www.amstelprinting.nl\/wp-content\/uploads\/Slagvaste-sticker.jpg","contentUrl":"https:\/\/www.amstelprinting.nl\/wp-content\/uploads\/Slagvaste-sticker.jpg","width":700,"height":700},{"@type":"BreadcrumbList","@id":"https:\/\/www.amstelprinting.nl\/es\/tienda\/pegatinas-e-impresion\/pegatinas-grandes\/adhesivo-resistente-a-impactos\/#breadcrumb","itemListElement":[{"@type":"ListItem","position":1,"name":"","item":"https:\/\/www.amstelprinting.nl\/es\/"},{"@type":"ListItem","position":2,"name":"Amstel Printing","item":"https:\/\/www.amstelprinting.nl\/es\/comercio\/"},{"@type":"ListItem","position":3,"name":"Pegatinas e impresi\u00f3n","item":"https:\/\/www.amstelprinting.nl\/es\/categor\u00eda\/pegatinas-e-impresion\/"},{"@type":"ListItem","position":4,"name":"pegatinas grandes","item":"https:\/\/www.amstelprinting.nl\/es\/categor\u00eda\/pegatinas-e-impresion\/pegatinas-grandes\/"},{"@type":"ListItem","position":5,"name":"Adhesivo resistente a impactos"}]},{"@type":"WebSite","@id":"https:\/\/www.amstelprinting.nl\/es\/#website","url":"https:\/\/www.amstelprinting.nl\/es\/","name":"Amstel Printing","description":"Creating Exposure","publisher":{"@id":"https:\/\/www.amstelprinting.nl\/es\/#organization"},"potentialAction":[{"@type":"SearchAction","target":{"@type":"EntryPoint","urlTemplate":"https:\/\/www.amstelprinting.nl\/es\/?s={search_term_string}"},"query-input":{"@type":"PropertyValueSpecification","valueRequired":true,"valueName":"search_term_string"}}],"inLanguage":"es"},{"@type":"Organization","@id":"https:\/\/www.amstelprinting.nl\/es\/#organization","name":"Amstel Printing","url":"https:\/\/www.amstelprinting.nl\/es\/","logo":{"@type":"ImageObject","inLanguage":"es","@id":"https:\/\/www.amstelprinting.nl\/es\/#\/schema\/logo\/image\/","url":"https:\/\/www.amstelprinting.nl\/wp-content\/uploads\/amstel_printing_logo_clean.png","contentUrl":"https:\/\/www.amstelprinting.nl\/wp-content\/uploads\/amstel_printing_logo_clean.png","width":324,"height":73,"caption":"Amstel Printing"},"image":{"@id":"https:\/\/www.amstelprinting.nl\/es\/#\/schema\/logo\/image\/"}}]}},"_links":{"self":[{"href":"https:\/\/www.amstelprinting.nl\/es\/wp-json\/wp\/v2\/product\/15687","targetHints":{"allow":["GET"]}}],"collection":[{"href":"https:\/\/www.amstelprinting.nl\/es\/wp-json\/wp\/v2\/product"}],"about":[{"href":"https:\/\/www.amstelprinting.nl\/es\/wp-json\/wp\/v2\/types\/product"}],"wp:featuredmedia":[{"embeddable":true,"href":"https:\/\/www.amstelprinting.nl\/es\/wp-json\/wp\/v2\/media\/15689"}],"wp:attachment":[{"href":"https:\/\/www.amstelprinting.nl\/es\/wp-json\/wp\/v2\/media?parent=15687"}],"wp:term":[{"taxonomy":"product_brand","embeddable":true,"href":"https:\/\/www.amstelprinting.nl\/es\/wp-json\/wp\/v2\/product_brand?post=15687"},{"taxonomy":"product_cat","embeddable":true,"href":"https:\/\/www.amstelprinting.nl\/es\/wp-json\/wp\/v2\/product_cat?post=15687"},{"taxonomy":"product_tag","embeddable":true,"href":"https:\/\/www.amstelprinting.nl\/es\/wp-json\/wp\/v2\/product_tag?post=15687"}],"curies":[{"name":"wp","href":"https:\/\/api.w.org\/{rel}","templated":true}]}}