{"id":15727,"date":"2025-01-23T20:44:19","date_gmt":"2025-01-23T19:44:19","guid":{"rendered":"https:\/\/www.amstelprinting.nl\/winkel\/sin%20categor\u00eda\/asfaltsticker\/"},"modified":"2026-02-18T12:48:52","modified_gmt":"2026-02-18T11:48:52","slug":"adhesivo-para-asfalto","status":"publish","type":"product","link":"https:\/\/www.amstelprinting.nl\/es\/tienda\/pegatinas-e-impresion\/pegatinas-grandes\/adhesivo-para-asfalto\/","title":{"rendered":"Adhesivo para asfalto"},"content":{"rendered":"<h3>Impresi\u00f3n de adhesivos para asfalto<\/h3>\n<p>Nuestro adhesivo para asfalto de exterior ofrece la soluci\u00f3n perfecta para aplicaciones temporales en exteriores sobre superficies planas. Con el valor antideslizante m\u00e1s alto, garantiza la seguridad incluso en climas lluviosos. El adhesivo para asfalto tiene una vida \u00fatil prevista de al menos 3 meses (dependiendo de las condiciones clim\u00e1ticas y la intensidad del tr\u00e1fico). El adhesivo para asfalto se puede retirar f\u00e1cilmente despu\u00e9s de su uso sin dejar residuos de pegamento. La parte posterior de aluminio garantiza una excelente cobertura, incluso sobre superficies coloreadas. La aplicaci\u00f3n (moldeado a la superficie) se realiza sin esfuerzo y puede aplicarse sin herramientas ni aplicaci\u00f3n de calor (secador). Adem\u00e1s, el adhesivo para suelos no contiene PVC, por lo que es una opci\u00f3n respetuosa con el medio ambiente.<\/p>\n<h3>Material<\/h3>\n<p>Nuestros adhesivos para asfalto est\u00e1n fabricados con una l\u00e1mina de impresi\u00f3n blanca con una parte posterior de aluminio, lo que proporciona una excelente cobertura en superficies coloreadas. Gracias a sus propiedades antideslizantes y resistentes a los ara\u00f1azos, estos adhesivos son especialmente adecuados para diversas superficies. Para garantizar un rendimiento antideslizante \u00f3ptimo, la l\u00e1mina no se lamina. Con un valor R de 12, este adhesivo cumple con los est\u00e1ndares antideslizantes m\u00e1s altos, lo cual es crucial para la seguridad y la eficacia en eventos al aire libre y otras aplicaciones intensivas.<\/p>\n<h3>Acabado<\/h3>\n<p>Nuestros adhesivos para asfalto se pueden cortar a medida en el tama\u00f1o indicado o seg\u00fan el contorno de su dise\u00f1o. Esto le ofrece la flexibilidad de crear un adhesivo que se ajuste exactamente a la superficie que desea cubrir.<\/p>\n<h3>Accesorios<\/h3>\n<p>Para que la instalaci\u00f3n de su adhesivo para asfalto sea lo m\u00e1s sencilla posible, ofrecemos una amplia gama de accesorios. Estas herramientas ayudan a una aplicaci\u00f3n fluida y profesional, para que obtenga el mejor resultado sin problemas. Dise\u00f1ados para un rendimiento excelente en una variedad de superficies rugosas, nuestros adhesivos para asfalto ofrecen la combinaci\u00f3n perfecta de durabilidad y visibilidad para cualquier entorno.<\/p>\n","protected":false},"excerpt":{"rendered":"<h3>Vinilo para suelo exterior resistente al desgaste.<\/h3>\n<p>Transforme calles, caminos y plazas de aparcamiento con nuestros adhesivos para asfalto de alta calidad. Dise\u00f1ados para un rendimiento \u00f3ptimo y una visibilidad duradera. Nuestros adhesivos para asfalto (adhesivos para calles) est\u00e1n especialmente dise\u00f1ados para funcionar bien en superficies rugosas, como adoquines, asfalto, hormig\u00f3n liso y hormig\u00f3n rugoso. Usted determina el tama\u00f1o y la forma.<\/h3>\n","protected":false},"featured_media":15729,"template":"","meta":{"_et_pb_use_builder":"","_et_pb_old_content":"","_et_gb_content_width":""},"product_brand":[],"product_cat":[315,576],"product_tag":[],"class_list":{"0":"post-15727","1":"product","2":"type-product","3":"status-publish","4":"has-post-thumbnail","6":"product_cat-pegatinas-e-impresion","7":"product_cat-pegatinas-grandes","9":"first","10":"instock","11":"taxable","12":"shipping-taxable","13":"purchasable","14":"product-type-simple"},"yoast_head":"<!-- This site is optimized with the Yoast SEO plugin v27.3 - https:\/\/yoast.com\/product\/yoast-seo-wordpress\/ -->\n<title>Adhesivos para asfalto antideslizantes | Duraderos y seguros para exterior<\/title>\n<meta name=\"description\" content=\"Pida adhesivos para asfalto resistentes al desgaste con la m\u00e1xima garant\u00eda antideslizante R12. F\u00e1ciles de aplicar y retirar, perfectos para campa\u00f1as exteriores de larga duraci\u00f3n.\" \/>\n<meta name=\"robots\" content=\"index, follow, max-snippet:-1, max-image-preview:large, max-video-preview:-1\" \/>\n<link rel=\"canonical\" href=\"https:\/\/www.amstelprinting.nl\/es\/tienda\/pegatinas-e-impresion\/pegatinas-grandes\/adhesivo-para-asfalto\/\" \/>\n<meta property=\"og:locale\" content=\"es_ES\" \/>\n<meta property=\"og:type\" content=\"article\" \/>\n<meta property=\"og:title\" content=\"Adhesivos para asfalto antideslizantes | Duraderos y seguros para exterior\" \/>\n<meta property=\"og:description\" content=\"Pida adhesivos para asfalto resistentes al desgaste con la m\u00e1xima garant\u00eda antideslizante R12. F\u00e1ciles de aplicar y retirar, perfectos para campa\u00f1as exteriores de larga duraci\u00f3n.\" \/>\n<meta property=\"og:url\" content=\"https:\/\/www.amstelprinting.nl\/es\/tienda\/pegatinas-e-impresion\/pegatinas-grandes\/adhesivo-para-asfalto\/\" \/>\n<meta property=\"og:site_name\" content=\"Amstel Printing\" \/>\n<meta property=\"article:modified_time\" content=\"2026-02-18T11:48:52+00:00\" \/>\n<meta property=\"og:image\" content=\"https:\/\/www.amstelprinting.nl\/wp-content\/uploads\/asfalt-sticker-bedrukken5.png\" \/>\n\t<meta property=\"og:image:width\" content=\"900\" \/>\n\t<meta property=\"og:image:height\" content=\"900\" \/>\n\t<meta property=\"og:image:type\" content=\"image\/png\" \/>\n<meta name=\"twitter:card\" content=\"summary_large_image\" \/>\n<meta name=\"twitter:label1\" content=\"Tiempo de lectura\" \/>\n\t<meta name=\"twitter:data1\" content=\"2 minutos\" \/>\n<script type=\"application\/ld+json\" class=\"yoast-schema-graph\">{\"@context\":\"https:\\\/\\\/schema.org\",\"@graph\":[{\"@type\":\"WebPage\",\"@id\":\"https:\\\/\\\/www.amstelprinting.nl\\\/es\\\/tienda\\\/pegatinas-e-impresion\\\/pegatinas-grandes\\\/adhesivo-para-asfalto\\\/\",\"url\":\"https:\\\/\\\/www.amstelprinting.nl\\\/es\\\/tienda\\\/pegatinas-e-impresion\\\/pegatinas-grandes\\\/adhesivo-para-asfalto\\\/\",\"name\":\"Adhesivos para asfalto antideslizantes | Duraderos y seguros para exterior\",\"isPartOf\":{\"@id\":\"https:\\\/\\\/www.amstelprinting.nl\\\/es\\\/#website\"},\"primaryImageOfPage\":{\"@id\":\"https:\\\/\\\/www.amstelprinting.nl\\\/es\\\/tienda\\\/pegatinas-e-impresion\\\/pegatinas-grandes\\\/adhesivo-para-asfalto\\\/#primaryimage\"},\"image\":{\"@id\":\"https:\\\/\\\/www.amstelprinting.nl\\\/es\\\/tienda\\\/pegatinas-e-impresion\\\/pegatinas-grandes\\\/adhesivo-para-asfalto\\\/#primaryimage\"},\"thumbnailUrl\":\"https:\\\/\\\/www.amstelprinting.nl\\\/wp-content\\\/uploads\\\/asfalt-sticker-bedrukken5.png\",\"datePublished\":\"2025-01-23T19:44:19+00:00\",\"dateModified\":\"2026-02-18T11:48:52+00:00\",\"description\":\"Pida adhesivos para asfalto resistentes al desgaste con la m\u00e1xima garant\u00eda antideslizante R12. F\u00e1ciles de aplicar y retirar, perfectos para campa\u00f1as exteriores de larga duraci\u00f3n.\",\"breadcrumb\":{\"@id\":\"https:\\\/\\\/www.amstelprinting.nl\\\/es\\\/tienda\\\/pegatinas-e-impresion\\\/pegatinas-grandes\\\/adhesivo-para-asfalto\\\/#breadcrumb\"},\"inLanguage\":\"es\",\"potentialAction\":[{\"@type\":\"ReadAction\",\"target\":[\"https:\\\/\\\/www.amstelprinting.nl\\\/es\\\/tienda\\\/pegatinas-e-impresion\\\/pegatinas-grandes\\\/adhesivo-para-asfalto\\\/\"]}]},{\"@type\":\"ImageObject\",\"inLanguage\":\"es\",\"@id\":\"https:\\\/\\\/www.amstelprinting.nl\\\/es\\\/tienda\\\/pegatinas-e-impresion\\\/pegatinas-grandes\\\/adhesivo-para-asfalto\\\/#primaryimage\",\"url\":\"https:\\\/\\\/www.amstelprinting.nl\\\/wp-content\\\/uploads\\\/asfalt-sticker-bedrukken5.png\",\"contentUrl\":\"https:\\\/\\\/www.amstelprinting.nl\\\/wp-content\\\/uploads\\\/asfalt-sticker-bedrukken5.png\",\"width\":900,\"height\":900},{\"@type\":\"BreadcrumbList\",\"@id\":\"https:\\\/\\\/www.amstelprinting.nl\\\/es\\\/tienda\\\/pegatinas-e-impresion\\\/pegatinas-grandes\\\/adhesivo-para-asfalto\\\/#breadcrumb\",\"itemListElement\":[{\"@type\":\"ListItem\",\"position\":1,\"name\":\"\",\"item\":\"https:\\\/\\\/www.amstelprinting.nl\\\/es\\\/\"},{\"@type\":\"ListItem\",\"position\":2,\"name\":\"Amstel Printing\",\"item\":\"https:\\\/\\\/www.amstelprinting.nl\\\/es\\\/comercio\\\/\"},{\"@type\":\"ListItem\",\"position\":3,\"name\":\"Pegatinas e impresi\u00f3n\",\"item\":\"https:\\\/\\\/www.amstelprinting.nl\\\/es\\\/categor\u00eda\\\/pegatinas-e-impresion\\\/\"},{\"@type\":\"ListItem\",\"position\":4,\"name\":\"pegatinas grandes\",\"item\":\"https:\\\/\\\/www.amstelprinting.nl\\\/es\\\/categor\u00eda\\\/pegatinas-e-impresion\\\/pegatinas-grandes\\\/\"},{\"@type\":\"ListItem\",\"position\":5,\"name\":\"Adhesivo para asfalto\"}]},{\"@type\":\"WebSite\",\"@id\":\"https:\\\/\\\/www.amstelprinting.nl\\\/es\\\/#website\",\"url\":\"https:\\\/\\\/www.amstelprinting.nl\\\/es\\\/\",\"name\":\"Amstel Printing\",\"description\":\"Creating Exposure\",\"publisher\":{\"@id\":\"https:\\\/\\\/www.amstelprinting.nl\\\/es\\\/#organization\"},\"potentialAction\":[{\"@type\":\"SearchAction\",\"target\":{\"@type\":\"EntryPoint\",\"urlTemplate\":\"https:\\\/\\\/www.amstelprinting.nl\\\/es\\\/?s={search_term_string}\"},\"query-input\":{\"@type\":\"PropertyValueSpecification\",\"valueRequired\":true,\"valueName\":\"search_term_string\"}}],\"inLanguage\":\"es\"},{\"@type\":\"Organization\",\"@id\":\"https:\\\/\\\/www.amstelprinting.nl\\\/es\\\/#organization\",\"name\":\"Amstel Printing\",\"url\":\"https:\\\/\\\/www.amstelprinting.nl\\\/es\\\/\",\"logo\":{\"@type\":\"ImageObject\",\"inLanguage\":\"es\",\"@id\":\"https:\\\/\\\/www.amstelprinting.nl\\\/es\\\/#\\\/schema\\\/logo\\\/image\\\/\",\"url\":\"https:\\\/\\\/www.amstelprinting.nl\\\/wp-content\\\/uploads\\\/amstel_printing_logo_clean.png\",\"contentUrl\":\"https:\\\/\\\/www.amstelprinting.nl\\\/wp-content\\\/uploads\\\/amstel_printing_logo_clean.png\",\"width\":324,\"height\":73,\"caption\":\"Amstel Printing\"},\"image\":{\"@id\":\"https:\\\/\\\/www.amstelprinting.nl\\\/es\\\/#\\\/schema\\\/logo\\\/image\\\/\"}}]}<\/script>\n<!-- \/ Yoast SEO plugin. -->","yoast_head_json":{"title":"Adhesivos para asfalto antideslizantes | Duraderos y seguros para exterior","description":"Pida adhesivos para asfalto resistentes al desgaste con la m\u00e1xima garant\u00eda antideslizante R12. F\u00e1ciles de aplicar y retirar, perfectos para campa\u00f1as exteriores de larga duraci\u00f3n.","robots":{"index":"index","follow":"follow","max-snippet":"max-snippet:-1","max-image-preview":"max-image-preview:large","max-video-preview":"max-video-preview:-1"},"canonical":"https:\/\/www.amstelprinting.nl\/es\/tienda\/pegatinas-e-impresion\/pegatinas-grandes\/adhesivo-para-asfalto\/","og_locale":"es_ES","og_type":"article","og_title":"Adhesivos para asfalto antideslizantes | Duraderos y seguros para exterior","og_description":"Pida adhesivos para asfalto resistentes al desgaste con la m\u00e1xima garant\u00eda antideslizante R12. F\u00e1ciles de aplicar y retirar, perfectos para campa\u00f1as exteriores de larga duraci\u00f3n.","og_url":"https:\/\/www.amstelprinting.nl\/es\/tienda\/pegatinas-e-impresion\/pegatinas-grandes\/adhesivo-para-asfalto\/","og_site_name":"Amstel Printing","article_modified_time":"2026-02-18T11:48:52+00:00","og_image":[{"width":900,"height":900,"url":"https:\/\/www.amstelprinting.nl\/wp-content\/uploads\/asfalt-sticker-bedrukken5.png","type":"image\/png"}],"twitter_card":"summary_large_image","twitter_misc":{"Tiempo de lectura":"2 minutos"},"schema":{"@context":"https:\/\/schema.org","@graph":[{"@type":"WebPage","@id":"https:\/\/www.amstelprinting.nl\/es\/tienda\/pegatinas-e-impresion\/pegatinas-grandes\/adhesivo-para-asfalto\/","url":"https:\/\/www.amstelprinting.nl\/es\/tienda\/pegatinas-e-impresion\/pegatinas-grandes\/adhesivo-para-asfalto\/","name":"Adhesivos para asfalto antideslizantes | Duraderos y seguros para exterior","isPartOf":{"@id":"https:\/\/www.amstelprinting.nl\/es\/#website"},"primaryImageOfPage":{"@id":"https:\/\/www.amstelprinting.nl\/es\/tienda\/pegatinas-e-impresion\/pegatinas-grandes\/adhesivo-para-asfalto\/#primaryimage"},"image":{"@id":"https:\/\/www.amstelprinting.nl\/es\/tienda\/pegatinas-e-impresion\/pegatinas-grandes\/adhesivo-para-asfalto\/#primaryimage"},"thumbnailUrl":"https:\/\/www.amstelprinting.nl\/wp-content\/uploads\/asfalt-sticker-bedrukken5.png","datePublished":"2025-01-23T19:44:19+00:00","dateModified":"2026-02-18T11:48:52+00:00","description":"Pida adhesivos para asfalto resistentes al desgaste con la m\u00e1xima garant\u00eda antideslizante R12. F\u00e1ciles de aplicar y retirar, perfectos para campa\u00f1as exteriores de larga duraci\u00f3n.","breadcrumb":{"@id":"https:\/\/www.amstelprinting.nl\/es\/tienda\/pegatinas-e-impresion\/pegatinas-grandes\/adhesivo-para-asfalto\/#breadcrumb"},"inLanguage":"es","potentialAction":[{"@type":"ReadAction","target":["https:\/\/www.amstelprinting.nl\/es\/tienda\/pegatinas-e-impresion\/pegatinas-grandes\/adhesivo-para-asfalto\/"]}]},{"@type":"ImageObject","inLanguage":"es","@id":"https:\/\/www.amstelprinting.nl\/es\/tienda\/pegatinas-e-impresion\/pegatinas-grandes\/adhesivo-para-asfalto\/#primaryimage","url":"https:\/\/www.amstelprinting.nl\/wp-content\/uploads\/asfalt-sticker-bedrukken5.png","contentUrl":"https:\/\/www.amstelprinting.nl\/wp-content\/uploads\/asfalt-sticker-bedrukken5.png","width":900,"height":900},{"@type":"BreadcrumbList","@id":"https:\/\/www.amstelprinting.nl\/es\/tienda\/pegatinas-e-impresion\/pegatinas-grandes\/adhesivo-para-asfalto\/#breadcrumb","itemListElement":[{"@type":"ListItem","position":1,"name":"","item":"https:\/\/www.amstelprinting.nl\/es\/"},{"@type":"ListItem","position":2,"name":"Amstel Printing","item":"https:\/\/www.amstelprinting.nl\/es\/comercio\/"},{"@type":"ListItem","position":3,"name":"Pegatinas e impresi\u00f3n","item":"https:\/\/www.amstelprinting.nl\/es\/categor\u00eda\/pegatinas-e-impresion\/"},{"@type":"ListItem","position":4,"name":"pegatinas grandes","item":"https:\/\/www.amstelprinting.nl\/es\/categor\u00eda\/pegatinas-e-impresion\/pegatinas-grandes\/"},{"@type":"ListItem","position":5,"name":"Adhesivo para asfalto"}]},{"@type":"WebSite","@id":"https:\/\/www.amstelprinting.nl\/es\/#website","url":"https:\/\/www.amstelprinting.nl\/es\/","name":"Amstel Printing","description":"Creating Exposure","publisher":{"@id":"https:\/\/www.amstelprinting.nl\/es\/#organization"},"potentialAction":[{"@type":"SearchAction","target":{"@type":"EntryPoint","urlTemplate":"https:\/\/www.amstelprinting.nl\/es\/?s={search_term_string}"},"query-input":{"@type":"PropertyValueSpecification","valueRequired":true,"valueName":"search_term_string"}}],"inLanguage":"es"},{"@type":"Organization","@id":"https:\/\/www.amstelprinting.nl\/es\/#organization","name":"Amstel Printing","url":"https:\/\/www.amstelprinting.nl\/es\/","logo":{"@type":"ImageObject","inLanguage":"es","@id":"https:\/\/www.amstelprinting.nl\/es\/#\/schema\/logo\/image\/","url":"https:\/\/www.amstelprinting.nl\/wp-content\/uploads\/amstel_printing_logo_clean.png","contentUrl":"https:\/\/www.amstelprinting.nl\/wp-content\/uploads\/amstel_printing_logo_clean.png","width":324,"height":73,"caption":"Amstel Printing"},"image":{"@id":"https:\/\/www.amstelprinting.nl\/es\/#\/schema\/logo\/image\/"}}]}},"_links":{"self":[{"href":"https:\/\/www.amstelprinting.nl\/es\/wp-json\/wp\/v2\/product\/15727","targetHints":{"allow":["GET"]}}],"collection":[{"href":"https:\/\/www.amstelprinting.nl\/es\/wp-json\/wp\/v2\/product"}],"about":[{"href":"https:\/\/www.amstelprinting.nl\/es\/wp-json\/wp\/v2\/types\/product"}],"wp:featuredmedia":[{"embeddable":true,"href":"https:\/\/www.amstelprinting.nl\/es\/wp-json\/wp\/v2\/media\/15729"}],"wp:attachment":[{"href":"https:\/\/www.amstelprinting.nl\/es\/wp-json\/wp\/v2\/media?parent=15727"}],"wp:term":[{"taxonomy":"product_brand","embeddable":true,"href":"https:\/\/www.amstelprinting.nl\/es\/wp-json\/wp\/v2\/product_brand?post=15727"},{"taxonomy":"product_cat","embeddable":true,"href":"https:\/\/www.amstelprinting.nl\/es\/wp-json\/wp\/v2\/product_cat?post=15727"},{"taxonomy":"product_tag","embeddable":true,"href":"https:\/\/www.amstelprinting.nl\/es\/wp-json\/wp\/v2\/product_tag?post=15727"}],"curies":[{"name":"wp","href":"https:\/\/api.w.org\/{rel}","templated":true}]}}