{"id":15742,"date":"2025-01-23T20:44:01","date_gmt":"2025-01-23T19:44:01","guid":{"rendered":"https:\/\/www.amstelprinting.nl\/winkel\/sin%20categor\u00eda\/stickers-op-rol\/"},"modified":"2026-02-18T12:48:53","modified_gmt":"2026-02-18T11:48:53","slug":"pegatinas-en-rollo","status":"publish","type":"product","link":"https:\/\/www.amstelprinting.nl\/es\/tienda\/pegatinas-e-impresion\/pequenas-pegatinas\/pegatinas-en-rollo\/","title":{"rendered":"Pegatinas en rollo"},"content":{"rendered":"<h3>Pedir pegatinas en rollo<\/h3>\n<p>Nuestras pegatinas en rollo ofrecen un ancho de impresi\u00f3n m\u00e1ximo de 30 cm y una altura de impresi\u00f3n m\u00e1xima de 47 cm. Esto le da espacio para ser creativo con sus dise\u00f1os, ya sea que elija pegatinas peque\u00f1as y detalladas o declaraciones visuales m\u00e1s grandes. Ajuste el sentido de bobinado seg\u00fan su preferencia con opciones de rotaci\u00f3n de 0, 90, 180 o 270 grados.<\/p>\n<h3>\u00bfPor qu\u00e9 imprimir pegatinas en rollo?<\/h3>\n<ul>\n<li>Sin costes de puesta en marcha<\/li>\n<li>Pida desde solo 1 rol (5 metros)<\/li>\n<li>Disponibles en formatos grandes de hasta 47 x 30 cm<\/li>\n<li>Elecci\u00f3n entre 6 materiales populares y 3 laminados (protecci\u00f3n adicional)<\/li>\n<li>Tintas UV: para una mayor vida \u00fatil y mejor protecci\u00f3n<\/li>\n<li>Resoluci\u00f3n n\u00edtida gracias a la impresora Durst Tau 330<\/li>\n<li>Disponibles en cualquier forma deseada (corte por l\u00e1ser)<\/li>\n<li>Complete su pedido con un pr\u00e1ctico dispensador de etiquetas<\/li>\n<\/ul>\n<p>&nbsp;<\/p>\n<h3>Materiales<\/h3>\n<ul>\n<li><strong>L\u00e1mina blanca (PP) &#8211; Promocional<\/strong>: Esta l\u00e1mina blanca, sin PVC, es ideal para aplicaciones temporales, tanto en interiores como en exteriores. Perfecta para pegatinas promocionales que duran poco tiempo pero que deben tener un aspecto profesional.<\/li>\n<li><strong>L\u00e1mina blanca (PP) &#8211; Permanente<\/strong>: Para una soluci\u00f3n m\u00e1s duradera, esta l\u00e1mina blanca sin PVC es adecuada tanto para aplicaciones interiores como exteriores. La capa adhesiva permanente garantiza una adherencia duradera.<\/li>\n<li><strong>L\u00e1mina blanca (PP) &#8211; Adhesi\u00f3n fuerte<\/strong>: Esta l\u00e1mina blanca tiene una capa adhesiva extra fuerte y es ideal para situaciones donde se requiere la m\u00e1xima adherencia. Adecuada para condiciones exigentes, tanto en interiores como en exteriores.<\/li>\n<li><strong>Papel<\/strong>: Disponible en mate o brillo con una capa adhesiva permanente. Este papel autoadhesivo con certificaci\u00f3n FSC ofrece un aspecto elegante y es ideal para pegatinas que requieren una adherencia duradera.<\/li>\n<li><strong>L\u00e1mina transparente<\/strong> &#8211; Permanente: Esta l\u00e1mina transparente, sin PVC, ofrece una opci\u00f3n discreta para aplicaciones en interiores y exteriores. Perfecta para pegatinas que deben mostrarse de manera sutil.<\/li>\n<li><strong>L\u00e1mina plata (PP)<\/strong> &#8211; Permanente: Esta l\u00e1mina plateada sin PVC ofrece un aspecto met\u00e1lico con una capa adhesiva permanente. Ideal para un acabado lujoso y adecuada tanto para aplicaciones en interiores como exteriores.<\/li>\n<li><strong>L\u00e1mina transparente sostenible<\/strong>: Fabricada a partir de pl\u00e1stico reciclado, esta l\u00e1mina ofrece una opci\u00f3n respetuosa con el medio ambiente con una capa adhesiva permanente. El material es f\u00e1cilmente reciclable y una excelente opci\u00f3n para pegatinas sostenibles.<\/li>\n<\/ul>\n<p>&nbsp;<\/p>\n<h3>Acabado<\/h3>\n<p>En el caso de la l\u00e1mina transparente, puede elegir si desea mostrar la imagen de forma normal o en espejo. Adem\u00e1s, tanto para este material como para la l\u00e1mina de plata, puede elegir entre una capa de full color o una capa de full color con una capa de blanco. Opcionalmente, puede elegir laminado para todos los materiales, en brillo, con protecci\u00f3n UV o mate.<\/p>\n<p>Elija entre espaciado uniforme, 3 cm, 4 cm o 5 cm para determinar la distancia correcta entre las pegatinas en el rollo. Las pegatinas en rollo est\u00e1n disponibles en formas cuadradas\/rectangulares o formas libres para satisfacer sus necesidades espec\u00edficas de dise\u00f1o.<\/p>\n<h3>Preguntas frecuentes<\/h3>\n<p><strong>\u00bfPuedo subir varios archivos con diferentes im\u00e1genes?<\/strong><br \/>\nLamentablemente, en este momento no es posible subir varios archivos. Actualmente solo puede proporcionar un archivo por rollo.<\/p>\n<p><strong>\u00bfTambi\u00e9n hay pegatinas doradas disponibles?<\/strong><br \/>\nEn nuestro surtido solo ofrecemos l\u00e1mina de color plata. Al utilizar la combinaci\u00f3n de colores C 20 &#8211; M 25 &#8211; Y 60 &#8211; K 25 al imprimir, su pegatina obtendr\u00e1 una apariencia dorada con el brillo de la l\u00e1mina de plata.<\/p>\n<p><strong>\u00bfCu\u00e1l es el tama\u00f1o m\u00ednimo de fuente para mi dise\u00f1o?<\/strong><br \/>\nPara una legibilidad \u00f3ptima, recomendamos una altura de asta de al menos 2 mm. Tenga esto en cuenta al crear su archivo.<\/p>\n<p><strong>\u00bfC\u00f3mo puedo quitar mi pegatina?<\/strong><br \/>\nNuestras pegatinas promocionales tienen una capa de adhesivo removible, por lo que suelen ser f\u00e1ciles de quitar sin dejar residuos de pegamento. Si quedan restos, puede eliminarlos f\u00e1cilmente con un limpiador multiusos o detergente. Las pegatinas con adhesi\u00f3n permanente tienen una fuerza adhesiva m\u00e1s potente y pueden ser m\u00e1s dif\u00edciles de quitar. En este caso, puede utilizar un eliminador de adhesivos para quitar los restos.<\/p>\n","protected":false},"excerpt":{"rendered":"<h3>Pegatinas de hasta 30 cm, opcionalmente con un pr\u00e1ctico dispensador<\/h3>\n<p>Descubra nuestras pegatinas en rollo, perfectas para cualquier aplicaci\u00f3n, desde promociones temporales hasta rotulaciones de larga duraci\u00f3n. Con diversos materiales y opciones de acabado, podr\u00e1 crear sin esfuerzo pegatinas que cumplan con todos sus deseos. D\u00e9 a sus proyectos un aspecto profesional e impacte con nuestras pegatinas en rollo de alta calidad. Se pueden pedir desde solo 1 rollo.<\/p>\n","protected":false},"featured_media":15744,"template":"","meta":{"_et_pb_use_builder":"","_et_pb_old_content":"","_et_gb_content_width":""},"product_brand":[],"product_cat":[315,643,634],"product_tag":[],"class_list":{"0":"post-15742","1":"product","2":"type-product","3":"status-publish","4":"has-post-thumbnail","6":"product_cat-pegatinas-e-impresion","7":"product_cat-pegatinas-en-rollo","8":"product_cat-pequenas-pegatinas","10":"first","11":"instock","12":"taxable","13":"shipping-taxable","14":"purchasable","15":"product-type-simple"},"yoast_head":"<!-- This site is optimized with the Yoast SEO plugin v27.3 - https:\/\/yoast.com\/product\/yoast-seo-wordpress\/ -->\n<title>Pegatinas en rollo - Pegatinas personalizadas duraderas de alta calidad<\/title>\n<meta name=\"description\" content=\"Pida sus pegatinas en rollo a partir de 1 rol con diversos materiales y laminados. Entrega r\u00e1pida, perfectas para promoci\u00f3n y branding.\" \/>\n<meta name=\"robots\" content=\"index, follow, max-snippet:-1, max-image-preview:large, max-video-preview:-1\" \/>\n<link rel=\"canonical\" href=\"https:\/\/www.amstelprinting.nl\/es\/tienda\/pegatinas-e-impresion\/pequenas-pegatinas\/pegatinas-en-rollo\/\" \/>\n<meta property=\"og:locale\" content=\"es_ES\" \/>\n<meta property=\"og:type\" content=\"article\" \/>\n<meta property=\"og:title\" content=\"Pegatinas en rollo - Pegatinas personalizadas duraderas de alta calidad\" \/>\n<meta property=\"og:description\" content=\"Pida sus pegatinas en rollo a partir de 1 rol con diversos materiales y laminados. Entrega r\u00e1pida, perfectas para promoci\u00f3n y branding.\" \/>\n<meta property=\"og:url\" content=\"https:\/\/www.amstelprinting.nl\/es\/tienda\/pegatinas-e-impresion\/pequenas-pegatinas\/pegatinas-en-rollo\/\" \/>\n<meta property=\"og:site_name\" content=\"Amstel Printing\" \/>\n<meta property=\"article:modified_time\" content=\"2026-02-18T11:48:53+00:00\" \/>\n<meta property=\"og:image\" content=\"https:\/\/www.amstelprinting.nl\/wp-content\/uploads\/Stickers-op-rol.jpg\" \/>\n\t<meta property=\"og:image:width\" content=\"700\" \/>\n\t<meta property=\"og:image:height\" content=\"700\" \/>\n\t<meta property=\"og:image:type\" content=\"image\/jpeg\" \/>\n<meta name=\"twitter:card\" content=\"summary_large_image\" \/>\n<meta name=\"twitter:label1\" content=\"Tiempo de lectura\" \/>\n\t<meta name=\"twitter:data1\" content=\"4 minutos\" \/>\n<script type=\"application\/ld+json\" class=\"yoast-schema-graph\">{\"@context\":\"https:\\\/\\\/schema.org\",\"@graph\":[{\"@type\":\"WebPage\",\"@id\":\"https:\\\/\\\/www.amstelprinting.nl\\\/es\\\/tienda\\\/pegatinas-e-impresion\\\/pequenas-pegatinas\\\/pegatinas-en-rollo\\\/\",\"url\":\"https:\\\/\\\/www.amstelprinting.nl\\\/es\\\/tienda\\\/pegatinas-e-impresion\\\/pequenas-pegatinas\\\/pegatinas-en-rollo\\\/\",\"name\":\"Pegatinas en rollo - Pegatinas personalizadas duraderas de alta calidad\",\"isPartOf\":{\"@id\":\"https:\\\/\\\/www.amstelprinting.nl\\\/es\\\/#website\"},\"primaryImageOfPage\":{\"@id\":\"https:\\\/\\\/www.amstelprinting.nl\\\/es\\\/tienda\\\/pegatinas-e-impresion\\\/pequenas-pegatinas\\\/pegatinas-en-rollo\\\/#primaryimage\"},\"image\":{\"@id\":\"https:\\\/\\\/www.amstelprinting.nl\\\/es\\\/tienda\\\/pegatinas-e-impresion\\\/pequenas-pegatinas\\\/pegatinas-en-rollo\\\/#primaryimage\"},\"thumbnailUrl\":\"https:\\\/\\\/www.amstelprinting.nl\\\/wp-content\\\/uploads\\\/Stickers-op-rol.jpg\",\"datePublished\":\"2025-01-23T19:44:01+00:00\",\"dateModified\":\"2026-02-18T11:48:53+00:00\",\"description\":\"Pida sus pegatinas en rollo a partir de 1 rol con diversos materiales y laminados. Entrega r\u00e1pida, perfectas para promoci\u00f3n y branding.\",\"breadcrumb\":{\"@id\":\"https:\\\/\\\/www.amstelprinting.nl\\\/es\\\/tienda\\\/pegatinas-e-impresion\\\/pequenas-pegatinas\\\/pegatinas-en-rollo\\\/#breadcrumb\"},\"inLanguage\":\"es\",\"potentialAction\":[{\"@type\":\"ReadAction\",\"target\":[\"https:\\\/\\\/www.amstelprinting.nl\\\/es\\\/tienda\\\/pegatinas-e-impresion\\\/pequenas-pegatinas\\\/pegatinas-en-rollo\\\/\"]}]},{\"@type\":\"ImageObject\",\"inLanguage\":\"es\",\"@id\":\"https:\\\/\\\/www.amstelprinting.nl\\\/es\\\/tienda\\\/pegatinas-e-impresion\\\/pequenas-pegatinas\\\/pegatinas-en-rollo\\\/#primaryimage\",\"url\":\"https:\\\/\\\/www.amstelprinting.nl\\\/wp-content\\\/uploads\\\/Stickers-op-rol.jpg\",\"contentUrl\":\"https:\\\/\\\/www.amstelprinting.nl\\\/wp-content\\\/uploads\\\/Stickers-op-rol.jpg\",\"width\":700,\"height\":700},{\"@type\":\"BreadcrumbList\",\"@id\":\"https:\\\/\\\/www.amstelprinting.nl\\\/es\\\/tienda\\\/pegatinas-e-impresion\\\/pequenas-pegatinas\\\/pegatinas-en-rollo\\\/#breadcrumb\",\"itemListElement\":[{\"@type\":\"ListItem\",\"position\":1,\"name\":\"\",\"item\":\"https:\\\/\\\/www.amstelprinting.nl\\\/es\\\/\"},{\"@type\":\"ListItem\",\"position\":2,\"name\":\"Amstel Printing\",\"item\":\"https:\\\/\\\/www.amstelprinting.nl\\\/es\\\/comercio\\\/\"},{\"@type\":\"ListItem\",\"position\":3,\"name\":\"Pegatinas e impresi\u00f3n\",\"item\":\"https:\\\/\\\/www.amstelprinting.nl\\\/es\\\/categor\u00eda\\\/pegatinas-e-impresion\\\/\"},{\"@type\":\"ListItem\",\"position\":4,\"name\":\"Peque\u00f1as pegatinas\",\"item\":\"https:\\\/\\\/www.amstelprinting.nl\\\/es\\\/categor\u00eda\\\/pegatinas-e-impresion\\\/pequenas-pegatinas\\\/\"},{\"@type\":\"ListItem\",\"position\":5,\"name\":\"Pegatinas en rollo\"}]},{\"@type\":\"WebSite\",\"@id\":\"https:\\\/\\\/www.amstelprinting.nl\\\/es\\\/#website\",\"url\":\"https:\\\/\\\/www.amstelprinting.nl\\\/es\\\/\",\"name\":\"Amstel Printing\",\"description\":\"Creating Exposure\",\"publisher\":{\"@id\":\"https:\\\/\\\/www.amstelprinting.nl\\\/es\\\/#organization\"},\"potentialAction\":[{\"@type\":\"SearchAction\",\"target\":{\"@type\":\"EntryPoint\",\"urlTemplate\":\"https:\\\/\\\/www.amstelprinting.nl\\\/es\\\/?s={search_term_string}\"},\"query-input\":{\"@type\":\"PropertyValueSpecification\",\"valueRequired\":true,\"valueName\":\"search_term_string\"}}],\"inLanguage\":\"es\"},{\"@type\":\"Organization\",\"@id\":\"https:\\\/\\\/www.amstelprinting.nl\\\/es\\\/#organization\",\"name\":\"Amstel Printing\",\"url\":\"https:\\\/\\\/www.amstelprinting.nl\\\/es\\\/\",\"logo\":{\"@type\":\"ImageObject\",\"inLanguage\":\"es\",\"@id\":\"https:\\\/\\\/www.amstelprinting.nl\\\/es\\\/#\\\/schema\\\/logo\\\/image\\\/\",\"url\":\"https:\\\/\\\/www.amstelprinting.nl\\\/wp-content\\\/uploads\\\/amstel_printing_logo_clean.png\",\"contentUrl\":\"https:\\\/\\\/www.amstelprinting.nl\\\/wp-content\\\/uploads\\\/amstel_printing_logo_clean.png\",\"width\":324,\"height\":73,\"caption\":\"Amstel Printing\"},\"image\":{\"@id\":\"https:\\\/\\\/www.amstelprinting.nl\\\/es\\\/#\\\/schema\\\/logo\\\/image\\\/\"}}]}<\/script>\n<!-- \/ Yoast SEO plugin. -->","yoast_head_json":{"title":"Pegatinas en rollo - Pegatinas personalizadas duraderas de alta calidad","description":"Pida sus pegatinas en rollo a partir de 1 rol con diversos materiales y laminados. Entrega r\u00e1pida, perfectas para promoci\u00f3n y branding.","robots":{"index":"index","follow":"follow","max-snippet":"max-snippet:-1","max-image-preview":"max-image-preview:large","max-video-preview":"max-video-preview:-1"},"canonical":"https:\/\/www.amstelprinting.nl\/es\/tienda\/pegatinas-e-impresion\/pequenas-pegatinas\/pegatinas-en-rollo\/","og_locale":"es_ES","og_type":"article","og_title":"Pegatinas en rollo - Pegatinas personalizadas duraderas de alta calidad","og_description":"Pida sus pegatinas en rollo a partir de 1 rol con diversos materiales y laminados. Entrega r\u00e1pida, perfectas para promoci\u00f3n y branding.","og_url":"https:\/\/www.amstelprinting.nl\/es\/tienda\/pegatinas-e-impresion\/pequenas-pegatinas\/pegatinas-en-rollo\/","og_site_name":"Amstel Printing","article_modified_time":"2026-02-18T11:48:53+00:00","og_image":[{"width":700,"height":700,"url":"https:\/\/www.amstelprinting.nl\/wp-content\/uploads\/Stickers-op-rol.jpg","type":"image\/jpeg"}],"twitter_card":"summary_large_image","twitter_misc":{"Tiempo de lectura":"4 minutos"},"schema":{"@context":"https:\/\/schema.org","@graph":[{"@type":"WebPage","@id":"https:\/\/www.amstelprinting.nl\/es\/tienda\/pegatinas-e-impresion\/pequenas-pegatinas\/pegatinas-en-rollo\/","url":"https:\/\/www.amstelprinting.nl\/es\/tienda\/pegatinas-e-impresion\/pequenas-pegatinas\/pegatinas-en-rollo\/","name":"Pegatinas en rollo - Pegatinas personalizadas duraderas de alta calidad","isPartOf":{"@id":"https:\/\/www.amstelprinting.nl\/es\/#website"},"primaryImageOfPage":{"@id":"https:\/\/www.amstelprinting.nl\/es\/tienda\/pegatinas-e-impresion\/pequenas-pegatinas\/pegatinas-en-rollo\/#primaryimage"},"image":{"@id":"https:\/\/www.amstelprinting.nl\/es\/tienda\/pegatinas-e-impresion\/pequenas-pegatinas\/pegatinas-en-rollo\/#primaryimage"},"thumbnailUrl":"https:\/\/www.amstelprinting.nl\/wp-content\/uploads\/Stickers-op-rol.jpg","datePublished":"2025-01-23T19:44:01+00:00","dateModified":"2026-02-18T11:48:53+00:00","description":"Pida sus pegatinas en rollo a partir de 1 rol con diversos materiales y laminados. Entrega r\u00e1pida, perfectas para promoci\u00f3n y branding.","breadcrumb":{"@id":"https:\/\/www.amstelprinting.nl\/es\/tienda\/pegatinas-e-impresion\/pequenas-pegatinas\/pegatinas-en-rollo\/#breadcrumb"},"inLanguage":"es","potentialAction":[{"@type":"ReadAction","target":["https:\/\/www.amstelprinting.nl\/es\/tienda\/pegatinas-e-impresion\/pequenas-pegatinas\/pegatinas-en-rollo\/"]}]},{"@type":"ImageObject","inLanguage":"es","@id":"https:\/\/www.amstelprinting.nl\/es\/tienda\/pegatinas-e-impresion\/pequenas-pegatinas\/pegatinas-en-rollo\/#primaryimage","url":"https:\/\/www.amstelprinting.nl\/wp-content\/uploads\/Stickers-op-rol.jpg","contentUrl":"https:\/\/www.amstelprinting.nl\/wp-content\/uploads\/Stickers-op-rol.jpg","width":700,"height":700},{"@type":"BreadcrumbList","@id":"https:\/\/www.amstelprinting.nl\/es\/tienda\/pegatinas-e-impresion\/pequenas-pegatinas\/pegatinas-en-rollo\/#breadcrumb","itemListElement":[{"@type":"ListItem","position":1,"name":"","item":"https:\/\/www.amstelprinting.nl\/es\/"},{"@type":"ListItem","position":2,"name":"Amstel Printing","item":"https:\/\/www.amstelprinting.nl\/es\/comercio\/"},{"@type":"ListItem","position":3,"name":"Pegatinas e impresi\u00f3n","item":"https:\/\/www.amstelprinting.nl\/es\/categor\u00eda\/pegatinas-e-impresion\/"},{"@type":"ListItem","position":4,"name":"Peque\u00f1as pegatinas","item":"https:\/\/www.amstelprinting.nl\/es\/categor\u00eda\/pegatinas-e-impresion\/pequenas-pegatinas\/"},{"@type":"ListItem","position":5,"name":"Pegatinas en rollo"}]},{"@type":"WebSite","@id":"https:\/\/www.amstelprinting.nl\/es\/#website","url":"https:\/\/www.amstelprinting.nl\/es\/","name":"Amstel Printing","description":"Creating Exposure","publisher":{"@id":"https:\/\/www.amstelprinting.nl\/es\/#organization"},"potentialAction":[{"@type":"SearchAction","target":{"@type":"EntryPoint","urlTemplate":"https:\/\/www.amstelprinting.nl\/es\/?s={search_term_string}"},"query-input":{"@type":"PropertyValueSpecification","valueRequired":true,"valueName":"search_term_string"}}],"inLanguage":"es"},{"@type":"Organization","@id":"https:\/\/www.amstelprinting.nl\/es\/#organization","name":"Amstel Printing","url":"https:\/\/www.amstelprinting.nl\/es\/","logo":{"@type":"ImageObject","inLanguage":"es","@id":"https:\/\/www.amstelprinting.nl\/es\/#\/schema\/logo\/image\/","url":"https:\/\/www.amstelprinting.nl\/wp-content\/uploads\/amstel_printing_logo_clean.png","contentUrl":"https:\/\/www.amstelprinting.nl\/wp-content\/uploads\/amstel_printing_logo_clean.png","width":324,"height":73,"caption":"Amstel Printing"},"image":{"@id":"https:\/\/www.amstelprinting.nl\/es\/#\/schema\/logo\/image\/"}}]}},"_links":{"self":[{"href":"https:\/\/www.amstelprinting.nl\/es\/wp-json\/wp\/v2\/product\/15742","targetHints":{"allow":["GET"]}}],"collection":[{"href":"https:\/\/www.amstelprinting.nl\/es\/wp-json\/wp\/v2\/product"}],"about":[{"href":"https:\/\/www.amstelprinting.nl\/es\/wp-json\/wp\/v2\/types\/product"}],"wp:featuredmedia":[{"embeddable":true,"href":"https:\/\/www.amstelprinting.nl\/es\/wp-json\/wp\/v2\/media\/15744"}],"wp:attachment":[{"href":"https:\/\/www.amstelprinting.nl\/es\/wp-json\/wp\/v2\/media?parent=15742"}],"wp:term":[{"taxonomy":"product_brand","embeddable":true,"href":"https:\/\/www.amstelprinting.nl\/es\/wp-json\/wp\/v2\/product_brand?post=15742"},{"taxonomy":"product_cat","embeddable":true,"href":"https:\/\/www.amstelprinting.nl\/es\/wp-json\/wp\/v2\/product_cat?post=15742"},{"taxonomy":"product_tag","embeddable":true,"href":"https:\/\/www.amstelprinting.nl\/es\/wp-json\/wp\/v2\/product_tag?post=15742"}],"curies":[{"name":"wp","href":"https:\/\/api.w.org\/{rel}","templated":true}]}}