{"id":15772,"date":"2025-01-23T20:43:48","date_gmt":"2025-01-23T19:43:48","guid":{"rendered":"https:\/\/www.amstelprinting.nl\/winkel\/sin%20categor\u00eda\/etiketten\/"},"modified":"2026-02-18T12:48:54","modified_gmt":"2026-02-18T11:48:54","slug":"etiquetas","status":"publish","type":"product","link":"https:\/\/www.amstelprinting.nl\/es\/tienda\/pegatinas-e-impresion\/pequenas-pegatinas\/etiquetas\/","title":{"rendered":"Etiquetas"},"content":{"rendered":"<h3>Pedir etiquetas<\/h3>\n<p>Nuestras etiquetas ofrecen una excelente calidad gracias a la resoluci\u00f3n ultra alta de la impresora Durst Tau 330. Est\u00e1n disponibles en grandes formatos de hasta 97 x 30 cm. Nuestras etiquetas pueden personalizarse seg\u00fan sus deseos gracias a la elecci\u00f3n de 6 materiales populares y 3 laminados. Las tintas UV garantizan una protecci\u00f3n duradera y una mayor vida \u00fatil de su impresi\u00f3n. Gracias al corte por l\u00e1ser, podemos suministrar etiquetas en cualquier forma deseada. Adem\u00e1s, no se cobran costes de puesta en marcha y puede realizar su pedido a partir de solo 1,5 m\u00b2.<\/p>\n<h3>\u00bfPor qu\u00e9 imprimir etiquetas?<\/h3>\n<ul>\n<li>Ultra alta resoluci\u00f3n gracias a la Durst Tau 330<\/li>\n<li>Disponibles en formatos grandes de hasta 97 x 30 cm<\/li>\n<li>Elecci\u00f3n entre 6 materiales populares y 3 laminados<\/li>\n<li>Las tintas UV proporcionan una mejor protecci\u00f3n y una vida \u00fatil m\u00e1s larga de su impresi\u00f3n<\/li>\n<li>Disponibles en cualquier forma deseada gracias al corte por l\u00e1ser<\/li>\n<li>Sin costes de puesta en marcha gracias al uso del corte por l\u00e1ser<\/li>\n<li>Pida desde solo 1,5 m\u00b2<\/li>\n<li>Elecci\u00f3n de espacios fijos de 3, 4, 5 o 6 mm<\/li>\n<li>Pida etiquetas troqueladas de forma econ\u00f3mica a trav\u00e9s de Etiquetas &#8211; troqueladas<\/li>\n<\/ul>\n<p>&nbsp;<\/p>\n<h3>CONSEJO: Ahorre con etiquetas troqueladas<\/h3>\n<p>Para una opci\u00f3n econ\u00f3mica, tambi\u00e9n puede <a href=\"https:\/\/www.amstelprinting.nl\/es\/tienda\/pegatinas-e-impresion\/pequenas-pegatinas\/etiquetas-troqueladas\/\">pedir etiquetas troqueladas<\/a>.<\/p>\n<h3>Materiales<\/h3>\n<p>El bobinado del rollo puede estar orientado hacia dentro o hacia fuera y puede girarse 0, 90, 180 o 270 grados. Ofrecemos una amplia gama de materiales para nuestras etiquetas.<\/p>\n<ul>\n<li><strong>L\u00e1mina blanca (PP) &#8211; Promocional<\/strong>: Esta l\u00e1mina sin PVC es ideal para aplicaciones temporales, tanto en interiores como en exteriores. Perfecta para pegatinas promocionales que duran poco tiempo pero que conservan un aspecto profesional.<\/li>\n<li><strong>L\u00e1mina blanca (PP) &#8211; Permanente<\/strong>: Para una soluci\u00f3n duradera, esta l\u00e1mina sin PVC es ideal tanto para aplicaciones en interiores como en exteriores. La capa de adhesivo permanente garantiza una adhesi\u00f3n prolongada.<\/li>\n<li><strong>L\u00e1mina blanca (PP) &#8211; Gran adherencia<\/strong>: Esta l\u00e1mina tiene una capa adhesiva extra fuerte, adecuada para condiciones exigentes, tanto en interiores como en exteriores, donde se requiere la m\u00e1xima adherencia.<\/li>\n<li><strong>Papel<\/strong>: Elija entre mate o brillo con una capa de adhesivo permanente. Nuestro papel autoadhesivo con certificaci\u00f3n FSC ofrece un aspecto elegante y es ideal para pegatinas que requieren una adhesi\u00f3n prolongada.<\/li>\n<li><strong>L\u00e1mina transparente &#8211; Permanente<\/strong>: Esta l\u00e1mina sin PVC es perfecta para pegatinas que deben mostrarse de forma sutil, adecuada tanto para aplicaciones en interiores como en exteriores.<\/li>\n<li><strong>L\u00e1mina de plata (PP) &#8211; Permanente<\/strong>: Esta l\u00e1mina plateada sin PVC ofrece un aspecto met\u00e1lico con una capa de adhesivo permanente. Ideal para un acabado lujoso, apta para aplicaciones en interiores y exteriores.<\/li>\n<li><strong>L\u00e1mina transparente sostenible<\/strong>: Fabricada a partir de pl\u00e1stico reciclado, esta l\u00e1mina ecol\u00f3gica ofrece una capa de adhesivo permanente. El material es f\u00e1cilmente reciclable, perfecto para pegatinas sostenibles.<\/li>\n<li><strong>L\u00e1mina transparente &#8211; Promocional<\/strong>: Esta l\u00e1mina sin PVC es ideal para aplicaciones temporales, tanto en interiores como en exteriores.<\/li>\n<\/ul>\n<p>&nbsp;<\/p>\n<h3>Acabado<\/h3>\n<p>En el caso de la l\u00e1mina transparente, puede elegir entre mostrar la imagen de forma normal o en espejo. Adem\u00e1s, tanto en este material como en la l\u00e1mina de plata, puede elegir entre una capa a todo color o una capa a todo color con una capa de blanco. Opcionalmente, para todos los materiales, puede elegir el laminado, en brillo, con protecci\u00f3n UV o mate, para proteger sus etiquetas. Elija entre 3 cm, 4 cm o 5 cm para determinar la distancia correcta entre las pegatinas en el rollo. Las pegatinas en rollo est\u00e1n disponibles en formas cuadradas\/rectangulares o formas libres para satisfacer sus necesidades espec\u00edficas de dise\u00f1o.<\/p>\n<h3>Accesorios<\/h3>\n<p>Para facilitar el uso y el almacenamiento, puede a\u00f1adir la Label Dispenser Box &#8211; S a su pedido. Esta caja dispensadora de etiquetas es para pegatinas de entre 1,5 y 5 cm de ancho, una altura de 10 cm con una longitud m\u00e1xima de rollo de 25 metros.<\/p>\n<p>Nota: Puede haber una peque\u00f1a desviaci\u00f3n de hasta 1,5 mm en el centro de su archivo. Minimice este efecto evitando colocar marcos innecesariamente finos alrededor de su archivo.<\/p>\n<p>D\u00e9 rienda suelta a su creatividad y descubra c\u00f3mo nuestras etiquetas en rollo pueden convertir sus ideas en un etiquetado llamativo y funcional.<\/p>\n<h3>Preguntas frecuentes<\/h3>\n<p><strong>\u00bfPuedo subir varios archivos con diferentes im\u00e1genes?<\/strong><br \/>\nLamentablemente, en este momento no es posible subir varios archivos por rollo. Solo puede suministrar un archivo por rollo.<\/p>\n<p><strong>\u00bfCu\u00e1l es el di\u00e1metro del n\u00facleo del rollo?<\/strong><br \/>\nTrabajamos de forma est\u00e1ndar con un di\u00e1metro de n\u00facleo de 7,6 cm.<\/p>\n<p><strong>\u00bfPuedo pediros pegatinas doradas?<\/strong><br \/>\nEn nuestra gama de especiales solo ofrecemos l\u00e1mina de color plateado. Al imprimir los valores de color C 20 &#8211; M 25 &#8211; Y 60 &#8211; K 25 sobre la l\u00e1mina de plata, su pegatina obtendr\u00e1 un aspecto dorado con el efecto brillante de la l\u00e1mina plateada.<\/p>\n<p><strong>\u00bfC\u00f3mo quito mi pegatina?<\/strong><br \/>\nLas pegatinas promocionales tienen una capa de adhesivo removible y normalmente se pueden quitar f\u00e1cilmente sin dejar restos de pegamento. Si aun as\u00ed quedan restos, puede eliminarlos f\u00e1cilmente con un limpiador multiusos o detergente lavavajillas. Las pegatinas con adhesi\u00f3n permanente tienen una mayor fuerza adhesiva y, por lo tanto, son m\u00e1s dif\u00edciles de quitar. Estas pegatinas suelen dejar restos de pegamento que puede eliminar con un producto espec\u00edfico para eliminar adhesivos.<\/p>\n","protected":false},"excerpt":{"rendered":"<h3>Etiquetas en rol. Con la impresi\u00f3n o el dise\u00f1o que desee.<\/h3>\n<p>Descubra nuestras etiquetas en rol; con un ancho m\u00e1ximo de impresi\u00f3n de 30 cm, ofrecemos versatilidad y calidad. Nuestras etiquetas est\u00e1n disponibles en diversos materiales y acabados.<\/p>\n","protected":false},"featured_media":15774,"template":"","meta":{"_et_pb_use_builder":"","_et_pb_old_content":"","_et_gb_content_width":""},"product_brand":[],"product_cat":[315,634,643],"product_tag":[],"class_list":{"0":"post-15772","1":"product","2":"type-product","3":"status-publish","4":"has-post-thumbnail","6":"product_cat-pegatinas-e-impresion","7":"product_cat-pequenas-pegatinas","8":"product_cat-pegatinas-en-rollo","10":"first","11":"instock","12":"taxable","13":"shipping-taxable","14":"purchasable","15":"product-type-simple"},"yoast_head":"<!-- This site is optimized with the Yoast SEO plugin v27.0 - https:\/\/yoast.com\/product\/yoast-seo-wordpress\/ -->\n<title>Etiquetas en Rol \u2013 Nitidez excepcional, durabilidad y entrega r\u00e1pida<\/title>\n<meta name=\"description\" content=\"Etiquetas en rol con detalles de gran nitidez, tintas UV duraderas y un acabado perfecto. Ideales para branding y promoci\u00f3n. Entrega en toda Europa.\" \/>\n<meta name=\"robots\" content=\"index, follow, max-snippet:-1, max-image-preview:large, max-video-preview:-1\" \/>\n<link rel=\"canonical\" href=\"https:\/\/www.amstelprinting.nl\/es\/tienda\/pegatinas-e-impresion\/pequenas-pegatinas\/etiquetas\/\" \/>\n<meta property=\"og:locale\" content=\"es_ES\" \/>\n<meta property=\"og:type\" content=\"article\" \/>\n<meta property=\"og:title\" content=\"Etiquetas en Rol \u2013 Nitidez excepcional, durabilidad y entrega r\u00e1pida\" \/>\n<meta property=\"og:description\" content=\"Etiquetas en rol con detalles de gran nitidez, tintas UV duraderas y un acabado perfecto. Ideales para branding y promoci\u00f3n. Entrega en toda Europa.\" \/>\n<meta property=\"og:url\" content=\"https:\/\/www.amstelprinting.nl\/es\/tienda\/pegatinas-e-impresion\/pequenas-pegatinas\/etiquetas\/\" \/>\n<meta property=\"og:site_name\" content=\"Amstel Printing\" \/>\n<meta property=\"article:modified_time\" content=\"2026-02-18T11:48:54+00:00\" \/>\n<meta property=\"og:image\" content=\"https:\/\/www.amstelprinting.nl\/wp-content\/uploads\/Etiketten.jpg\" \/>\n\t<meta property=\"og:image:width\" content=\"700\" \/>\n\t<meta property=\"og:image:height\" content=\"700\" \/>\n\t<meta property=\"og:image:type\" content=\"image\/jpeg\" \/>\n<meta name=\"twitter:card\" content=\"summary_large_image\" \/>\n<meta name=\"twitter:label1\" content=\"Tiempo de lectura\" \/>\n\t<meta name=\"twitter:data1\" content=\"4 minutos\" \/>\n<script type=\"application\/ld+json\" class=\"yoast-schema-graph\">{\"@context\":\"https:\/\/schema.org\",\"@graph\":[{\"@type\":\"WebPage\",\"@id\":\"https:\/\/www.amstelprinting.nl\/es\/tienda\/pegatinas-e-impresion\/pequenas-pegatinas\/etiquetas\/\",\"url\":\"https:\/\/www.amstelprinting.nl\/es\/tienda\/pegatinas-e-impresion\/pequenas-pegatinas\/etiquetas\/\",\"name\":\"Etiquetas en Rol \u2013 Nitidez excepcional, durabilidad y entrega r\u00e1pida\",\"isPartOf\":{\"@id\":\"https:\/\/www.amstelprinting.nl\/es\/#website\"},\"primaryImageOfPage\":{\"@id\":\"https:\/\/www.amstelprinting.nl\/es\/tienda\/pegatinas-e-impresion\/pequenas-pegatinas\/etiquetas\/#primaryimage\"},\"image\":{\"@id\":\"https:\/\/www.amstelprinting.nl\/es\/tienda\/pegatinas-e-impresion\/pequenas-pegatinas\/etiquetas\/#primaryimage\"},\"thumbnailUrl\":\"https:\/\/www.amstelprinting.nl\/wp-content\/uploads\/Etiketten.jpg\",\"datePublished\":\"2025-01-23T19:43:48+00:00\",\"dateModified\":\"2026-02-18T11:48:54+00:00\",\"description\":\"Etiquetas en rol con detalles de gran nitidez, tintas UV duraderas y un acabado perfecto. Ideales para branding y promoci\u00f3n. Entrega en toda Europa.\",\"breadcrumb\":{\"@id\":\"https:\/\/www.amstelprinting.nl\/es\/tienda\/pegatinas-e-impresion\/pequenas-pegatinas\/etiquetas\/#breadcrumb\"},\"inLanguage\":\"es\",\"potentialAction\":[{\"@type\":\"ReadAction\",\"target\":[\"https:\/\/www.amstelprinting.nl\/es\/tienda\/pegatinas-e-impresion\/pequenas-pegatinas\/etiquetas\/\"]}]},{\"@type\":\"ImageObject\",\"inLanguage\":\"es\",\"@id\":\"https:\/\/www.amstelprinting.nl\/es\/tienda\/pegatinas-e-impresion\/pequenas-pegatinas\/etiquetas\/#primaryimage\",\"url\":\"https:\/\/www.amstelprinting.nl\/wp-content\/uploads\/Etiketten.jpg\",\"contentUrl\":\"https:\/\/www.amstelprinting.nl\/wp-content\/uploads\/Etiketten.jpg\",\"width\":700,\"height\":700},{\"@type\":\"BreadcrumbList\",\"@id\":\"https:\/\/www.amstelprinting.nl\/es\/tienda\/pegatinas-e-impresion\/pequenas-pegatinas\/etiquetas\/#breadcrumb\",\"itemListElement\":[{\"@type\":\"ListItem\",\"position\":1,\"name\":\"\",\"item\":\"https:\/\/www.amstelprinting.nl\/es\/\"},{\"@type\":\"ListItem\",\"position\":2,\"name\":\"Amstel Printing\",\"item\":\"https:\/\/www.amstelprinting.nl\/es\/comercio\/\"},{\"@type\":\"ListItem\",\"position\":3,\"name\":\"Pegatinas e impresi\u00f3n\",\"item\":\"https:\/\/www.amstelprinting.nl\/es\/categor\u00eda\/pegatinas-e-impresion\/\"},{\"@type\":\"ListItem\",\"position\":4,\"name\":\"Peque\u00f1as pegatinas\",\"item\":\"https:\/\/www.amstelprinting.nl\/es\/categor\u00eda\/pegatinas-e-impresion\/pequenas-pegatinas\/\"},{\"@type\":\"ListItem\",\"position\":5,\"name\":\"Etiquetas\"}]},{\"@type\":\"WebSite\",\"@id\":\"https:\/\/www.amstelprinting.nl\/es\/#website\",\"url\":\"https:\/\/www.amstelprinting.nl\/es\/\",\"name\":\"Amstel Printing\",\"description\":\"Creating Exposure\",\"publisher\":{\"@id\":\"https:\/\/www.amstelprinting.nl\/es\/#organization\"},\"potentialAction\":[{\"@type\":\"SearchAction\",\"target\":{\"@type\":\"EntryPoint\",\"urlTemplate\":\"https:\/\/www.amstelprinting.nl\/es\/?s={search_term_string}\"},\"query-input\":{\"@type\":\"PropertyValueSpecification\",\"valueRequired\":true,\"valueName\":\"search_term_string\"}}],\"inLanguage\":\"es\"},{\"@type\":\"Organization\",\"@id\":\"https:\/\/www.amstelprinting.nl\/es\/#organization\",\"name\":\"Amstel Printing\",\"url\":\"https:\/\/www.amstelprinting.nl\/es\/\",\"logo\":{\"@type\":\"ImageObject\",\"inLanguage\":\"es\",\"@id\":\"https:\/\/www.amstelprinting.nl\/es\/#\/schema\/logo\/image\/\",\"url\":\"https:\/\/www.amstelprinting.nl\/wp-content\/uploads\/amstel_printing_logo_clean.png\",\"contentUrl\":\"https:\/\/www.amstelprinting.nl\/wp-content\/uploads\/amstel_printing_logo_clean.png\",\"width\":324,\"height\":73,\"caption\":\"Amstel Printing\"},\"image\":{\"@id\":\"https:\/\/www.amstelprinting.nl\/es\/#\/schema\/logo\/image\/\"}}]}<\/script>\n<!-- \/ Yoast SEO plugin. -->","yoast_head_json":{"title":"Etiquetas en Rol \u2013 Nitidez excepcional, durabilidad y entrega r\u00e1pida","description":"Etiquetas en rol con detalles de gran nitidez, tintas UV duraderas y un acabado perfecto. Ideales para branding y promoci\u00f3n. Entrega en toda Europa.","robots":{"index":"index","follow":"follow","max-snippet":"max-snippet:-1","max-image-preview":"max-image-preview:large","max-video-preview":"max-video-preview:-1"},"canonical":"https:\/\/www.amstelprinting.nl\/es\/tienda\/pegatinas-e-impresion\/pequenas-pegatinas\/etiquetas\/","og_locale":"es_ES","og_type":"article","og_title":"Etiquetas en Rol \u2013 Nitidez excepcional, durabilidad y entrega r\u00e1pida","og_description":"Etiquetas en rol con detalles de gran nitidez, tintas UV duraderas y un acabado perfecto. Ideales para branding y promoci\u00f3n. Entrega en toda Europa.","og_url":"https:\/\/www.amstelprinting.nl\/es\/tienda\/pegatinas-e-impresion\/pequenas-pegatinas\/etiquetas\/","og_site_name":"Amstel Printing","article_modified_time":"2026-02-18T11:48:54+00:00","og_image":[{"width":700,"height":700,"url":"https:\/\/www.amstelprinting.nl\/wp-content\/uploads\/Etiketten.jpg","type":"image\/jpeg"}],"twitter_card":"summary_large_image","twitter_misc":{"Tiempo de lectura":"4 minutos"},"schema":{"@context":"https:\/\/schema.org","@graph":[{"@type":"WebPage","@id":"https:\/\/www.amstelprinting.nl\/es\/tienda\/pegatinas-e-impresion\/pequenas-pegatinas\/etiquetas\/","url":"https:\/\/www.amstelprinting.nl\/es\/tienda\/pegatinas-e-impresion\/pequenas-pegatinas\/etiquetas\/","name":"Etiquetas en Rol \u2013 Nitidez excepcional, durabilidad y entrega r\u00e1pida","isPartOf":{"@id":"https:\/\/www.amstelprinting.nl\/es\/#website"},"primaryImageOfPage":{"@id":"https:\/\/www.amstelprinting.nl\/es\/tienda\/pegatinas-e-impresion\/pequenas-pegatinas\/etiquetas\/#primaryimage"},"image":{"@id":"https:\/\/www.amstelprinting.nl\/es\/tienda\/pegatinas-e-impresion\/pequenas-pegatinas\/etiquetas\/#primaryimage"},"thumbnailUrl":"https:\/\/www.amstelprinting.nl\/wp-content\/uploads\/Etiketten.jpg","datePublished":"2025-01-23T19:43:48+00:00","dateModified":"2026-02-18T11:48:54+00:00","description":"Etiquetas en rol con detalles de gran nitidez, tintas UV duraderas y un acabado perfecto. Ideales para branding y promoci\u00f3n. Entrega en toda Europa.","breadcrumb":{"@id":"https:\/\/www.amstelprinting.nl\/es\/tienda\/pegatinas-e-impresion\/pequenas-pegatinas\/etiquetas\/#breadcrumb"},"inLanguage":"es","potentialAction":[{"@type":"ReadAction","target":["https:\/\/www.amstelprinting.nl\/es\/tienda\/pegatinas-e-impresion\/pequenas-pegatinas\/etiquetas\/"]}]},{"@type":"ImageObject","inLanguage":"es","@id":"https:\/\/www.amstelprinting.nl\/es\/tienda\/pegatinas-e-impresion\/pequenas-pegatinas\/etiquetas\/#primaryimage","url":"https:\/\/www.amstelprinting.nl\/wp-content\/uploads\/Etiketten.jpg","contentUrl":"https:\/\/www.amstelprinting.nl\/wp-content\/uploads\/Etiketten.jpg","width":700,"height":700},{"@type":"BreadcrumbList","@id":"https:\/\/www.amstelprinting.nl\/es\/tienda\/pegatinas-e-impresion\/pequenas-pegatinas\/etiquetas\/#breadcrumb","itemListElement":[{"@type":"ListItem","position":1,"name":"","item":"https:\/\/www.amstelprinting.nl\/es\/"},{"@type":"ListItem","position":2,"name":"Amstel Printing","item":"https:\/\/www.amstelprinting.nl\/es\/comercio\/"},{"@type":"ListItem","position":3,"name":"Pegatinas e impresi\u00f3n","item":"https:\/\/www.amstelprinting.nl\/es\/categor\u00eda\/pegatinas-e-impresion\/"},{"@type":"ListItem","position":4,"name":"Peque\u00f1as pegatinas","item":"https:\/\/www.amstelprinting.nl\/es\/categor\u00eda\/pegatinas-e-impresion\/pequenas-pegatinas\/"},{"@type":"ListItem","position":5,"name":"Etiquetas"}]},{"@type":"WebSite","@id":"https:\/\/www.amstelprinting.nl\/es\/#website","url":"https:\/\/www.amstelprinting.nl\/es\/","name":"Amstel Printing","description":"Creating Exposure","publisher":{"@id":"https:\/\/www.amstelprinting.nl\/es\/#organization"},"potentialAction":[{"@type":"SearchAction","target":{"@type":"EntryPoint","urlTemplate":"https:\/\/www.amstelprinting.nl\/es\/?s={search_term_string}"},"query-input":{"@type":"PropertyValueSpecification","valueRequired":true,"valueName":"search_term_string"}}],"inLanguage":"es"},{"@type":"Organization","@id":"https:\/\/www.amstelprinting.nl\/es\/#organization","name":"Amstel Printing","url":"https:\/\/www.amstelprinting.nl\/es\/","logo":{"@type":"ImageObject","inLanguage":"es","@id":"https:\/\/www.amstelprinting.nl\/es\/#\/schema\/logo\/image\/","url":"https:\/\/www.amstelprinting.nl\/wp-content\/uploads\/amstel_printing_logo_clean.png","contentUrl":"https:\/\/www.amstelprinting.nl\/wp-content\/uploads\/amstel_printing_logo_clean.png","width":324,"height":73,"caption":"Amstel Printing"},"image":{"@id":"https:\/\/www.amstelprinting.nl\/es\/#\/schema\/logo\/image\/"}}]}},"_links":{"self":[{"href":"https:\/\/www.amstelprinting.nl\/es\/wp-json\/wp\/v2\/product\/15772","targetHints":{"allow":["GET"]}}],"collection":[{"href":"https:\/\/www.amstelprinting.nl\/es\/wp-json\/wp\/v2\/product"}],"about":[{"href":"https:\/\/www.amstelprinting.nl\/es\/wp-json\/wp\/v2\/types\/product"}],"wp:featuredmedia":[{"embeddable":true,"href":"https:\/\/www.amstelprinting.nl\/es\/wp-json\/wp\/v2\/media\/15774"}],"wp:attachment":[{"href":"https:\/\/www.amstelprinting.nl\/es\/wp-json\/wp\/v2\/media?parent=15772"}],"wp:term":[{"taxonomy":"product_brand","embeddable":true,"href":"https:\/\/www.amstelprinting.nl\/es\/wp-json\/wp\/v2\/product_brand?post=15772"},{"taxonomy":"product_cat","embeddable":true,"href":"https:\/\/www.amstelprinting.nl\/es\/wp-json\/wp\/v2\/product_cat?post=15772"},{"taxonomy":"product_tag","embeddable":true,"href":"https:\/\/www.amstelprinting.nl\/es\/wp-json\/wp\/v2\/product_tag?post=15772"}],"curies":[{"name":"wp","href":"https:\/\/api.w.org\/{rel}","templated":true}]}}