{"id":15787,"date":"2025-01-23T20:43:38","date_gmt":"2025-01-23T19:43:38","guid":{"rendered":"https:\/\/www.amstelprinting.nl\/winkel\/sin%20categor\u00eda\/stickervellen\/"},"modified":"2026-02-18T12:48:55","modified_gmt":"2026-02-18T11:48:55","slug":"hojas-de-pegatinas","status":"publish","type":"product","link":"https:\/\/www.amstelprinting.nl\/es\/tienda\/pegatinas-e-impresion\/pequenas-pegatinas\/hojas-de-pegatinas\/","title":{"rendered":"Hojas de pegatinas"},"content":{"rendered":"<h3>Tipo de hoja de pegatinas<\/h3>\n<ul>\n<li><strong>Hoja de formato fijo<\/strong>: Ideal si desea repetir un solo dise\u00f1o en una hoja. Su dise\u00f1o se colocar\u00e1 de forma \u00f3ptima en una hoja est\u00e1ndar de 30 x 26 cm, para que aproveche al m\u00e1ximo el espacio y su dise\u00f1o se muestre de forma eficiente.<\/li>\n<li><strong>Hoja de formato variable<\/strong>: Si desea m\u00e1s control sobre las dimensiones de su hoja de pegatinas, elija nuestro formato variable. Puede ajustar su dise\u00f1o hasta un m\u00e1ximo de 25 x 25 cm. Este tipo de hoja se suministra con un papel protector ligeramente m\u00e1s grueso para evitar curvaturas y le ofrece la flexibilidad de dise\u00f1ar el archivo completamente a su gusto.<\/li>\n<\/ul>\n<p>&nbsp;<\/p>\n<h3>Materiales<\/h3>\n<p>Nuestras hojas de pegatinas est\u00e1n disponibles en diferentes materiales:<\/p>\n<ul>\n<li><strong>Ultra Destructible<\/strong>: Esta l\u00e1mina blanca con capa de adhesivo permanente se rompe en trozos peque\u00f1os si se intenta retirar. Ideal para etiquetas de seguridad y aplicaciones donde no se desea la retirada.<\/li>\n<li><strong>L\u00e1mina blanca (PP) &#8211; Promocional<\/strong>: Una l\u00e1mina blanca sin PVC que es excelente para aplicaciones temporales en interiores y exteriores. Perfecto para fines promocionales donde se busca una apariencia temporal pero profesional.<\/li>\n<li><strong>L\u00e1mina blanca (PP) &#8211; Permanente<\/strong>: Esta l\u00e1mina blanca sin PVC ofrece una adhesi\u00f3n duradera tanto para aplicaciones en interiores como en exteriores. Ideal para etiquetas que deben durar mucho tiempo.<\/li>\n<li><strong>L\u00e1mina blanca (PP) &#8211; Alta adherencia<\/strong>: Con una capa de adhesivo extra fuerte, esta l\u00e1mina est\u00e1 dise\u00f1ada para situaciones donde se requiere la m\u00e1xima adherencia. Adecuada para condiciones exigentes, tanto en interiores como en exteriores.<\/li>\n<li><strong>Papel<\/strong>: Disponible en mate o brillo con una capa de adhesivo permanente. Este papel autoadhesivo con certificaci\u00f3n FSC ofrece una apariencia elegante y es ideal para aplicaciones duraderas.<\/li>\n<li><strong>L\u00e1mina transparente &#8211; Permanente<\/strong>: Esta l\u00e1mina transparente sin PVC es perfecta para una visualizaci\u00f3n sutil y puede usarse tanto en interiores como en exteriores sin comprometer la apariencia de su superficie.<\/li>\n<\/ul>\n<p>&nbsp;<\/p>\n<h3>Acabado<\/h3>\n<p>Para la l\u00e1mina transparente, puede elegir entre una capa de color (full color) o color con una capa de blanco para mayor claridad. Proteja sus pegatinas con un laminado opcional en brillo, resistente a los rayos UV o mate, disponible tanto para la l\u00e1mina blanca como para la transparente. Adem\u00e1s, las pegatinas est\u00e1n disponibles en formas cuadradas\/rectangulares o redondas.<\/p>\n<p>Nuestras hojas de pegatinas est\u00e1n dise\u00f1adas para ofrecerle la m\u00e1xima flexibilidad y calidad, independientemente de las necesidades de su proyecto. \u00a1Empiece hoy mismo y experimente c\u00f3mo nuestras hojas de pegatinas a medida llevan sus ideas de dise\u00f1o al siguiente nivel!<\/p>\n<p>Atenci\u00f3n: Es posible que su producto presente una peque\u00f1a desviaci\u00f3n de hasta un m\u00e1ximo de 1,5 mm respecto al centro del archivo. Puede minimizar este efecto no colocando marcos innecesariamente finos alrededor de su archivo.<\/p>\n<h3>Preguntas frecuentes<\/h3>\n<p><strong>\u00bfCu\u00e1l es la diferencia entre hojas de pegatinas y pegatinas en pliego?<\/strong><br \/>\nLas pegatinas en pliego se suministran de forma est\u00e1ndar en hojas de 30 x 26 cm. Con las hojas de pegatinas, usted tiene la flexibilidad de determinar el tama\u00f1o de su hoja usted mismo.<\/p>\n","protected":false},"excerpt":{"rendered":"<h3>Pida f\u00e1cilmente hojas de pegatinas en el formato deseado<\/h3>\n<p>D\u00e9 vida a sus ideas con nuestras vers\u00e1tiles hojas de pegatinas. Con una amplia selecci\u00f3n de materiales y opciones de acabado, puede personalizar sus pegatinas para cualquier aplicaci\u00f3n, desde promociones temporales hasta etiquetado duradero. \u00a1Descubra c\u00f3mo nuestras hojas de pegatinas pueden potenciar sus dise\u00f1os y deje que su creatividad brille!<\/p>\n","protected":false},"featured_media":15789,"template":"","meta":{"_et_pb_use_builder":"","_et_pb_old_content":"","_et_gb_content_width":""},"product_brand":[],"product_cat":[650,315,634],"product_tag":[],"class_list":{"0":"post-15787","1":"product","2":"type-product","3":"status-publish","4":"has-post-thumbnail","6":"product_cat-hojas-de-pegatinas","7":"product_cat-pegatinas-e-impresion","8":"product_cat-pequenas-pegatinas","10":"first","11":"instock","12":"taxable","13":"shipping-taxable","14":"purchasable","15":"product-type-simple"},"yoast_head":"<!-- This site is optimized with the Yoast SEO plugin v27.3 - https:\/\/yoast.com\/product\/yoast-seo-wordpress\/ -->\n<title>Hojas de pegatinas a medida \u2013 Duraderas y vers\u00e1tiles<\/title>\n<meta name=\"description\" content=\"Pida hojas de pegatinas de alta calidad a medida en diversos materiales y formatos, perfectas para promoci\u00f3n, etiquetas de productos y seguridad.\" \/>\n<meta name=\"robots\" content=\"index, follow, max-snippet:-1, max-image-preview:large, max-video-preview:-1\" \/>\n<link rel=\"canonical\" href=\"https:\/\/www.amstelprinting.nl\/es\/tienda\/pegatinas-e-impresion\/pequenas-pegatinas\/hojas-de-pegatinas\/\" \/>\n<meta property=\"og:locale\" content=\"es_ES\" \/>\n<meta property=\"og:type\" content=\"article\" \/>\n<meta property=\"og:title\" content=\"Hojas de pegatinas a medida \u2013 Duraderas y vers\u00e1tiles\" \/>\n<meta property=\"og:description\" content=\"Pida hojas de pegatinas de alta calidad a medida en diversos materiales y formatos, perfectas para promoci\u00f3n, etiquetas de productos y seguridad.\" \/>\n<meta property=\"og:url\" content=\"https:\/\/www.amstelprinting.nl\/es\/tienda\/pegatinas-e-impresion\/pequenas-pegatinas\/hojas-de-pegatinas\/\" \/>\n<meta property=\"og:site_name\" content=\"Amstel Printing\" \/>\n<meta property=\"article:modified_time\" content=\"2026-02-18T11:48:55+00:00\" \/>\n<meta property=\"og:image\" content=\"https:\/\/www.amstelprinting.nl\/wp-content\/uploads\/Stickervellen.jpg\" \/>\n\t<meta property=\"og:image:width\" content=\"700\" \/>\n\t<meta property=\"og:image:height\" content=\"700\" \/>\n\t<meta property=\"og:image:type\" content=\"image\/jpeg\" \/>\n<meta name=\"twitter:card\" content=\"summary_large_image\" \/>\n<meta name=\"twitter:label1\" content=\"Tiempo de lectura\" \/>\n\t<meta name=\"twitter:data1\" content=\"3 minutos\" \/>\n<script type=\"application\/ld+json\" class=\"yoast-schema-graph\">{\"@context\":\"https:\\\/\\\/schema.org\",\"@graph\":[{\"@type\":\"WebPage\",\"@id\":\"https:\\\/\\\/www.amstelprinting.nl\\\/es\\\/tienda\\\/pegatinas-e-impresion\\\/pequenas-pegatinas\\\/hojas-de-pegatinas\\\/\",\"url\":\"https:\\\/\\\/www.amstelprinting.nl\\\/es\\\/tienda\\\/pegatinas-e-impresion\\\/pequenas-pegatinas\\\/hojas-de-pegatinas\\\/\",\"name\":\"Hojas de pegatinas a medida \u2013 Duraderas y vers\u00e1tiles\",\"isPartOf\":{\"@id\":\"https:\\\/\\\/www.amstelprinting.nl\\\/es\\\/#website\"},\"primaryImageOfPage\":{\"@id\":\"https:\\\/\\\/www.amstelprinting.nl\\\/es\\\/tienda\\\/pegatinas-e-impresion\\\/pequenas-pegatinas\\\/hojas-de-pegatinas\\\/#primaryimage\"},\"image\":{\"@id\":\"https:\\\/\\\/www.amstelprinting.nl\\\/es\\\/tienda\\\/pegatinas-e-impresion\\\/pequenas-pegatinas\\\/hojas-de-pegatinas\\\/#primaryimage\"},\"thumbnailUrl\":\"https:\\\/\\\/www.amstelprinting.nl\\\/wp-content\\\/uploads\\\/Stickervellen.jpg\",\"datePublished\":\"2025-01-23T19:43:38+00:00\",\"dateModified\":\"2026-02-18T11:48:55+00:00\",\"description\":\"Pida hojas de pegatinas de alta calidad a medida en diversos materiales y formatos, perfectas para promoci\u00f3n, etiquetas de productos y seguridad.\",\"breadcrumb\":{\"@id\":\"https:\\\/\\\/www.amstelprinting.nl\\\/es\\\/tienda\\\/pegatinas-e-impresion\\\/pequenas-pegatinas\\\/hojas-de-pegatinas\\\/#breadcrumb\"},\"inLanguage\":\"es\",\"potentialAction\":[{\"@type\":\"ReadAction\",\"target\":[\"https:\\\/\\\/www.amstelprinting.nl\\\/es\\\/tienda\\\/pegatinas-e-impresion\\\/pequenas-pegatinas\\\/hojas-de-pegatinas\\\/\"]}]},{\"@type\":\"ImageObject\",\"inLanguage\":\"es\",\"@id\":\"https:\\\/\\\/www.amstelprinting.nl\\\/es\\\/tienda\\\/pegatinas-e-impresion\\\/pequenas-pegatinas\\\/hojas-de-pegatinas\\\/#primaryimage\",\"url\":\"https:\\\/\\\/www.amstelprinting.nl\\\/wp-content\\\/uploads\\\/Stickervellen.jpg\",\"contentUrl\":\"https:\\\/\\\/www.amstelprinting.nl\\\/wp-content\\\/uploads\\\/Stickervellen.jpg\",\"width\":700,\"height\":700},{\"@type\":\"BreadcrumbList\",\"@id\":\"https:\\\/\\\/www.amstelprinting.nl\\\/es\\\/tienda\\\/pegatinas-e-impresion\\\/pequenas-pegatinas\\\/hojas-de-pegatinas\\\/#breadcrumb\",\"itemListElement\":[{\"@type\":\"ListItem\",\"position\":1,\"name\":\"\",\"item\":\"https:\\\/\\\/www.amstelprinting.nl\\\/es\\\/\"},{\"@type\":\"ListItem\",\"position\":2,\"name\":\"Amstel Printing\",\"item\":\"https:\\\/\\\/www.amstelprinting.nl\\\/es\\\/comercio\\\/\"},{\"@type\":\"ListItem\",\"position\":3,\"name\":\"Pegatinas e impresi\u00f3n\",\"item\":\"https:\\\/\\\/www.amstelprinting.nl\\\/es\\\/categor\u00eda\\\/pegatinas-e-impresion\\\/\"},{\"@type\":\"ListItem\",\"position\":4,\"name\":\"Peque\u00f1as pegatinas\",\"item\":\"https:\\\/\\\/www.amstelprinting.nl\\\/es\\\/categor\u00eda\\\/pegatinas-e-impresion\\\/pequenas-pegatinas\\\/\"},{\"@type\":\"ListItem\",\"position\":5,\"name\":\"Hojas de pegatinas\"}]},{\"@type\":\"WebSite\",\"@id\":\"https:\\\/\\\/www.amstelprinting.nl\\\/es\\\/#website\",\"url\":\"https:\\\/\\\/www.amstelprinting.nl\\\/es\\\/\",\"name\":\"Amstel Printing\",\"description\":\"Creating Exposure\",\"publisher\":{\"@id\":\"https:\\\/\\\/www.amstelprinting.nl\\\/es\\\/#organization\"},\"potentialAction\":[{\"@type\":\"SearchAction\",\"target\":{\"@type\":\"EntryPoint\",\"urlTemplate\":\"https:\\\/\\\/www.amstelprinting.nl\\\/es\\\/?s={search_term_string}\"},\"query-input\":{\"@type\":\"PropertyValueSpecification\",\"valueRequired\":true,\"valueName\":\"search_term_string\"}}],\"inLanguage\":\"es\"},{\"@type\":\"Organization\",\"@id\":\"https:\\\/\\\/www.amstelprinting.nl\\\/es\\\/#organization\",\"name\":\"Amstel Printing\",\"url\":\"https:\\\/\\\/www.amstelprinting.nl\\\/es\\\/\",\"logo\":{\"@type\":\"ImageObject\",\"inLanguage\":\"es\",\"@id\":\"https:\\\/\\\/www.amstelprinting.nl\\\/es\\\/#\\\/schema\\\/logo\\\/image\\\/\",\"url\":\"https:\\\/\\\/www.amstelprinting.nl\\\/wp-content\\\/uploads\\\/amstel_printing_logo_clean.png\",\"contentUrl\":\"https:\\\/\\\/www.amstelprinting.nl\\\/wp-content\\\/uploads\\\/amstel_printing_logo_clean.png\",\"width\":324,\"height\":73,\"caption\":\"Amstel Printing\"},\"image\":{\"@id\":\"https:\\\/\\\/www.amstelprinting.nl\\\/es\\\/#\\\/schema\\\/logo\\\/image\\\/\"}}]}<\/script>\n<!-- \/ Yoast SEO plugin. -->","yoast_head_json":{"title":"Hojas de pegatinas a medida \u2013 Duraderas y vers\u00e1tiles","description":"Pida hojas de pegatinas de alta calidad a medida en diversos materiales y formatos, perfectas para promoci\u00f3n, etiquetas de productos y seguridad.","robots":{"index":"index","follow":"follow","max-snippet":"max-snippet:-1","max-image-preview":"max-image-preview:large","max-video-preview":"max-video-preview:-1"},"canonical":"https:\/\/www.amstelprinting.nl\/es\/tienda\/pegatinas-e-impresion\/pequenas-pegatinas\/hojas-de-pegatinas\/","og_locale":"es_ES","og_type":"article","og_title":"Hojas de pegatinas a medida \u2013 Duraderas y vers\u00e1tiles","og_description":"Pida hojas de pegatinas de alta calidad a medida en diversos materiales y formatos, perfectas para promoci\u00f3n, etiquetas de productos y seguridad.","og_url":"https:\/\/www.amstelprinting.nl\/es\/tienda\/pegatinas-e-impresion\/pequenas-pegatinas\/hojas-de-pegatinas\/","og_site_name":"Amstel Printing","article_modified_time":"2026-02-18T11:48:55+00:00","og_image":[{"width":700,"height":700,"url":"https:\/\/www.amstelprinting.nl\/wp-content\/uploads\/Stickervellen.jpg","type":"image\/jpeg"}],"twitter_card":"summary_large_image","twitter_misc":{"Tiempo de lectura":"3 minutos"},"schema":{"@context":"https:\/\/schema.org","@graph":[{"@type":"WebPage","@id":"https:\/\/www.amstelprinting.nl\/es\/tienda\/pegatinas-e-impresion\/pequenas-pegatinas\/hojas-de-pegatinas\/","url":"https:\/\/www.amstelprinting.nl\/es\/tienda\/pegatinas-e-impresion\/pequenas-pegatinas\/hojas-de-pegatinas\/","name":"Hojas de pegatinas a medida \u2013 Duraderas y vers\u00e1tiles","isPartOf":{"@id":"https:\/\/www.amstelprinting.nl\/es\/#website"},"primaryImageOfPage":{"@id":"https:\/\/www.amstelprinting.nl\/es\/tienda\/pegatinas-e-impresion\/pequenas-pegatinas\/hojas-de-pegatinas\/#primaryimage"},"image":{"@id":"https:\/\/www.amstelprinting.nl\/es\/tienda\/pegatinas-e-impresion\/pequenas-pegatinas\/hojas-de-pegatinas\/#primaryimage"},"thumbnailUrl":"https:\/\/www.amstelprinting.nl\/wp-content\/uploads\/Stickervellen.jpg","datePublished":"2025-01-23T19:43:38+00:00","dateModified":"2026-02-18T11:48:55+00:00","description":"Pida hojas de pegatinas de alta calidad a medida en diversos materiales y formatos, perfectas para promoci\u00f3n, etiquetas de productos y seguridad.","breadcrumb":{"@id":"https:\/\/www.amstelprinting.nl\/es\/tienda\/pegatinas-e-impresion\/pequenas-pegatinas\/hojas-de-pegatinas\/#breadcrumb"},"inLanguage":"es","potentialAction":[{"@type":"ReadAction","target":["https:\/\/www.amstelprinting.nl\/es\/tienda\/pegatinas-e-impresion\/pequenas-pegatinas\/hojas-de-pegatinas\/"]}]},{"@type":"ImageObject","inLanguage":"es","@id":"https:\/\/www.amstelprinting.nl\/es\/tienda\/pegatinas-e-impresion\/pequenas-pegatinas\/hojas-de-pegatinas\/#primaryimage","url":"https:\/\/www.amstelprinting.nl\/wp-content\/uploads\/Stickervellen.jpg","contentUrl":"https:\/\/www.amstelprinting.nl\/wp-content\/uploads\/Stickervellen.jpg","width":700,"height":700},{"@type":"BreadcrumbList","@id":"https:\/\/www.amstelprinting.nl\/es\/tienda\/pegatinas-e-impresion\/pequenas-pegatinas\/hojas-de-pegatinas\/#breadcrumb","itemListElement":[{"@type":"ListItem","position":1,"name":"","item":"https:\/\/www.amstelprinting.nl\/es\/"},{"@type":"ListItem","position":2,"name":"Amstel Printing","item":"https:\/\/www.amstelprinting.nl\/es\/comercio\/"},{"@type":"ListItem","position":3,"name":"Pegatinas e impresi\u00f3n","item":"https:\/\/www.amstelprinting.nl\/es\/categor\u00eda\/pegatinas-e-impresion\/"},{"@type":"ListItem","position":4,"name":"Peque\u00f1as pegatinas","item":"https:\/\/www.amstelprinting.nl\/es\/categor\u00eda\/pegatinas-e-impresion\/pequenas-pegatinas\/"},{"@type":"ListItem","position":5,"name":"Hojas de pegatinas"}]},{"@type":"WebSite","@id":"https:\/\/www.amstelprinting.nl\/es\/#website","url":"https:\/\/www.amstelprinting.nl\/es\/","name":"Amstel Printing","description":"Creating Exposure","publisher":{"@id":"https:\/\/www.amstelprinting.nl\/es\/#organization"},"potentialAction":[{"@type":"SearchAction","target":{"@type":"EntryPoint","urlTemplate":"https:\/\/www.amstelprinting.nl\/es\/?s={search_term_string}"},"query-input":{"@type":"PropertyValueSpecification","valueRequired":true,"valueName":"search_term_string"}}],"inLanguage":"es"},{"@type":"Organization","@id":"https:\/\/www.amstelprinting.nl\/es\/#organization","name":"Amstel Printing","url":"https:\/\/www.amstelprinting.nl\/es\/","logo":{"@type":"ImageObject","inLanguage":"es","@id":"https:\/\/www.amstelprinting.nl\/es\/#\/schema\/logo\/image\/","url":"https:\/\/www.amstelprinting.nl\/wp-content\/uploads\/amstel_printing_logo_clean.png","contentUrl":"https:\/\/www.amstelprinting.nl\/wp-content\/uploads\/amstel_printing_logo_clean.png","width":324,"height":73,"caption":"Amstel Printing"},"image":{"@id":"https:\/\/www.amstelprinting.nl\/es\/#\/schema\/logo\/image\/"}}]}},"_links":{"self":[{"href":"https:\/\/www.amstelprinting.nl\/es\/wp-json\/wp\/v2\/product\/15787","targetHints":{"allow":["GET"]}}],"collection":[{"href":"https:\/\/www.amstelprinting.nl\/es\/wp-json\/wp\/v2\/product"}],"about":[{"href":"https:\/\/www.amstelprinting.nl\/es\/wp-json\/wp\/v2\/types\/product"}],"wp:featuredmedia":[{"embeddable":true,"href":"https:\/\/www.amstelprinting.nl\/es\/wp-json\/wp\/v2\/media\/15789"}],"wp:attachment":[{"href":"https:\/\/www.amstelprinting.nl\/es\/wp-json\/wp\/v2\/media?parent=15787"}],"wp:term":[{"taxonomy":"product_brand","embeddable":true,"href":"https:\/\/www.amstelprinting.nl\/es\/wp-json\/wp\/v2\/product_brand?post=15787"},{"taxonomy":"product_cat","embeddable":true,"href":"https:\/\/www.amstelprinting.nl\/es\/wp-json\/wp\/v2\/product_cat?post=15787"},{"taxonomy":"product_tag","embeddable":true,"href":"https:\/\/www.amstelprinting.nl\/es\/wp-json\/wp\/v2\/product_tag?post=15787"}],"curies":[{"name":"wp","href":"https:\/\/api.w.org\/{rel}","templated":true}]}}