{"id":15802,"date":"2025-01-23T20:40:58","date_gmt":"2025-01-23T19:40:58","guid":{"rendered":"https:\/\/www.amstelprinting.nl\/winkel\/sin%20categor\u00eda\/stickers\/"},"modified":"2026-02-18T12:48:55","modified_gmt":"2026-02-18T11:48:55","slug":"pegatinas","status":"publish","type":"product","link":"https:\/\/www.amstelprinting.nl\/es\/tienda\/pegatinas-e-impresion\/pequenas-pegatinas\/pegatinas\/","title":{"rendered":"Pegatinas"},"content":{"rendered":"<h3>Pedir pegatinas &#8211; \u00bfc\u00f3mo funciona?<\/h3>\n<p>Si desea un dise\u00f1o limpio y sin costuras, elija pegatinas sin borde de despegue; estas se entregan cortadas individualmente y son ideales para aplicaciones donde se requiere una apariencia profesional. Para una aplicaci\u00f3n m\u00e1s sencilla y un acabado extra profesional, puede elegir pegatinas con un borde de despegue de 2 mm alrededor; este borde facilita retirar las pegatinas de la hoja. Adem\u00e1s, puede beneficiarse de una colocaci\u00f3n eficiente con pegatinas en hoja. Su dise\u00f1o se coloca tantas veces como sea posible en una hoja de 26,5 x 33,3 cm, lo que garantiza la m\u00e1xima facilidad de uso y un empleo econ\u00f3mico del material.<\/p>\n<h3>\u00bfPor qu\u00e9 imprimir pegatinas?<\/h3>\n<ul>\n<li>Disponible en formatos de hasta 30 x 25 cm<\/li>\n<li>F\u00e1cil de retirar gracias a la opci\u00f3n de borde de despegue<\/li>\n<li>Sin costes de puesta en marcha mediante corte por l\u00e1ser<\/li>\n<li>Elecci\u00f3n entre 6 materiales populares y 3 laminados<\/li>\n<li>Disponible en cualquier forma deseada mediante corte por l\u00e1ser<\/li>\n<li>Ultra alta resoluci\u00f3n gracias a la impresora Durst Tau 330<\/li>\n<li>Tintas UV: para una mejor protecci\u00f3n y una vida \u00fatil m\u00e1s larga<\/li>\n<\/ul>\n<p>&nbsp;<\/p>\n<h3>Materiales<\/h3>\n<p>Ofrecemos una amplia gama de materiales:<\/p>\n<ul>\n<li><strong>Ultra Destructible<\/strong>: Esta l\u00e1mina blanca con capa adhesiva permanente se rompe en trozos peque\u00f1os al intentar retirarla, lo que la hace ideal para etiquetas de seguridad y aplicaciones donde no se desea su eliminaci\u00f3n.<\/li>\n<li><strong>L\u00e1mina blanca (PP) &#8211; Promocional<\/strong>: Una l\u00e1mina blanca, sin PVC, perfecta para aplicaciones temporales en interiores y exteriores. Ideal para pegatinas promocionales que deben tener un aspecto profesional pero que solo se utilizan temporalmente.<\/li>\n<li><strong>L\u00e1mina blanca (PP) &#8211; Permanente<\/strong>: Esta l\u00e1mina blanca, sin PVC, ofrece una adhesi\u00f3n duradera y es adecuada tanto para aplicaciones en interiores como en exteriores. Perfecta para etiquetas que requieren una larga vida \u00fatil.<\/li>\n<li><strong>L\u00e1mina blanca (PP) &#8211; Adhesi\u00f3n fuerte<\/strong>: Con una capa adhesiva extra fuerte, esta l\u00e1mina est\u00e1 dise\u00f1ada para situaciones donde es necesaria una adhesi\u00f3n m\u00e1xima, incluso en condiciones exigentes en interiores y exteriores.<\/li>\n<li><strong>Papel<\/strong>: Disponible en mate o brillo con una capa adhesiva permanente, este papel con certificaci\u00f3n FSC ofrece un aspecto elegante para aplicaciones duraderas.<\/li>\n<li><strong>L\u00e1mina transparente &#8211; Permanente<\/strong>: Esta l\u00e1mina transparente y sin PVC es ideal para una presentaci\u00f3n sutil y puede utilizarse tanto en interiores como en exteriores sin comprometer la apariencia de la superficie.<\/li>\n<\/ul>\n<p>&nbsp;<\/p>\n<h3>Acabado<\/h3>\n<p>Para la l\u00e1mina transparente, puede elegir una capa a todo color o a todo color con una capa extra de blanco para mejorar la claridad. Opcionalmente, puede proteger sus pegatinas con un laminado en brillo, resistente a los rayos UV o mate, disponible tanto para l\u00e1minas blancas como transparentes. Nuestras pegatinas est\u00e1n disponibles en formas cuadradas\/rectangulares o redondas, y pueden adaptarse a sus deseos de dise\u00f1o espec\u00edficos.<\/p>\n<p>Atenci\u00f3n: Es posible que su producto presente una peque\u00f1a desviaci\u00f3n de hasta un m\u00e1ximo de 1,5 mm respecto al centro del archivo. Puede minimizar este efecto no colocando marcos innecesariamente finos alrededor de su archivo.<\/p>\n<h3>Preguntas frecuentes sobre la impresi\u00f3n de pegatinas<\/h3>\n<p><strong>\u00bfQu\u00e9 superficies son adecuadas para aplicar estas pegatinas?<\/strong><br \/>\nEstas pegatinas se adhieren mejor a superficies planas y lisas.<\/p>\n<p><strong>\u00bfCu\u00e1l es la vida \u00fatil esperada de las pegatinas?<\/strong><br \/>\nLas pegatinas est\u00e1n dise\u00f1adas para durar aproximadamente un a\u00f1o.<\/p>\n","protected":false},"excerpt":{"rendered":"<h3>Impresi\u00f3n de pegatinas &#8211; Hasta 30 x 25 cm. Se entregan sueltas o en hojas.<\/h3>\n<p>Transforme sus ideas con nuestras vers\u00e1tiles pegatinas. Disponibles en formas cuadradas, rectangulares o libres. Elija entre 6 materiales populares y 3 laminados (para protecci\u00f3n adicional). Sin costes de puesta en marcha y disponible desde solo 1 unidad.<\/p>\n","protected":false},"featured_media":15804,"template":"","meta":{"_et_pb_use_builder":"","_et_pb_old_content":"","_et_gb_content_width":""},"product_brand":[],"product_cat":[315,634],"product_tag":[],"class_list":{"0":"post-15802","1":"product","2":"type-product","3":"status-publish","4":"has-post-thumbnail","6":"product_cat-pegatinas-e-impresion","7":"product_cat-pequenas-pegatinas","9":"first","10":"instock","11":"taxable","12":"shipping-taxable","13":"purchasable","14":"product-type-simple"},"yoast_head":"<!-- This site is optimized with the Yoast SEO plugin v27.3 - https:\/\/yoast.com\/product\/yoast-seo-wordpress\/ -->\n<title>Impresi\u00f3n de pegatinas personalizadas - Alta calidad y sin costes de puesta en marcha<\/title>\n<meta name=\"description\" content=\"Descubra nuestra amplia gama de pegatinas. Su impresi\u00f3n n\u00edtida en una pegatina en el formato o forma que desee. Sin costes de puesta en marcha. \u00a1Desde solo 1 unidad!\" \/>\n<meta name=\"robots\" content=\"index, follow, max-snippet:-1, max-image-preview:large, max-video-preview:-1\" \/>\n<link rel=\"canonical\" href=\"https:\/\/www.amstelprinting.nl\/es\/tienda\/pegatinas-e-impresion\/pequenas-pegatinas\/pegatinas\/\" \/>\n<meta property=\"og:locale\" content=\"es_ES\" \/>\n<meta property=\"og:type\" content=\"article\" \/>\n<meta property=\"og:title\" content=\"Impresi\u00f3n de pegatinas personalizadas - Alta calidad y sin costes de puesta en marcha\" \/>\n<meta property=\"og:description\" content=\"Descubra nuestra amplia gama de pegatinas. Su impresi\u00f3n n\u00edtida en una pegatina en el formato o forma que desee. Sin costes de puesta en marcha. \u00a1Desde solo 1 unidad!\" \/>\n<meta property=\"og:url\" content=\"https:\/\/www.amstelprinting.nl\/es\/tienda\/pegatinas-e-impresion\/pequenas-pegatinas\/pegatinas\/\" \/>\n<meta property=\"og:site_name\" content=\"Amstel Printing\" \/>\n<meta property=\"article:modified_time\" content=\"2026-02-18T11:48:55+00:00\" \/>\n<meta property=\"og:image\" content=\"https:\/\/www.amstelprinting.nl\/wp-content\/uploads\/Stickers.jpg\" \/>\n\t<meta property=\"og:image:width\" content=\"700\" \/>\n\t<meta property=\"og:image:height\" content=\"700\" \/>\n\t<meta property=\"og:image:type\" content=\"image\/jpeg\" \/>\n<meta name=\"twitter:card\" content=\"summary_large_image\" \/>\n<meta name=\"twitter:label1\" content=\"Tiempo de lectura\" \/>\n\t<meta name=\"twitter:data1\" content=\"3 minutos\" \/>\n<script type=\"application\/ld+json\" class=\"yoast-schema-graph\">{\"@context\":\"https:\\\/\\\/schema.org\",\"@graph\":[{\"@type\":\"WebPage\",\"@id\":\"https:\\\/\\\/www.amstelprinting.nl\\\/es\\\/tienda\\\/pegatinas-e-impresion\\\/pequenas-pegatinas\\\/pegatinas\\\/\",\"url\":\"https:\\\/\\\/www.amstelprinting.nl\\\/es\\\/tienda\\\/pegatinas-e-impresion\\\/pequenas-pegatinas\\\/pegatinas\\\/\",\"name\":\"Impresi\u00f3n de pegatinas personalizadas - Alta calidad y sin costes de puesta en marcha\",\"isPartOf\":{\"@id\":\"https:\\\/\\\/www.amstelprinting.nl\\\/es\\\/#website\"},\"primaryImageOfPage\":{\"@id\":\"https:\\\/\\\/www.amstelprinting.nl\\\/es\\\/tienda\\\/pegatinas-e-impresion\\\/pequenas-pegatinas\\\/pegatinas\\\/#primaryimage\"},\"image\":{\"@id\":\"https:\\\/\\\/www.amstelprinting.nl\\\/es\\\/tienda\\\/pegatinas-e-impresion\\\/pequenas-pegatinas\\\/pegatinas\\\/#primaryimage\"},\"thumbnailUrl\":\"https:\\\/\\\/www.amstelprinting.nl\\\/wp-content\\\/uploads\\\/Stickers.jpg\",\"datePublished\":\"2025-01-23T19:40:58+00:00\",\"dateModified\":\"2026-02-18T11:48:55+00:00\",\"description\":\"Descubra nuestra amplia gama de pegatinas. Su impresi\u00f3n n\u00edtida en una pegatina en el formato o forma que desee. Sin costes de puesta en marcha. \u00a1Desde solo 1 unidad!\",\"breadcrumb\":{\"@id\":\"https:\\\/\\\/www.amstelprinting.nl\\\/es\\\/tienda\\\/pegatinas-e-impresion\\\/pequenas-pegatinas\\\/pegatinas\\\/#breadcrumb\"},\"inLanguage\":\"es\",\"potentialAction\":[{\"@type\":\"ReadAction\",\"target\":[\"https:\\\/\\\/www.amstelprinting.nl\\\/es\\\/tienda\\\/pegatinas-e-impresion\\\/pequenas-pegatinas\\\/pegatinas\\\/\"]}]},{\"@type\":\"ImageObject\",\"inLanguage\":\"es\",\"@id\":\"https:\\\/\\\/www.amstelprinting.nl\\\/es\\\/tienda\\\/pegatinas-e-impresion\\\/pequenas-pegatinas\\\/pegatinas\\\/#primaryimage\",\"url\":\"https:\\\/\\\/www.amstelprinting.nl\\\/wp-content\\\/uploads\\\/Stickers.jpg\",\"contentUrl\":\"https:\\\/\\\/www.amstelprinting.nl\\\/wp-content\\\/uploads\\\/Stickers.jpg\",\"width\":700,\"height\":700},{\"@type\":\"BreadcrumbList\",\"@id\":\"https:\\\/\\\/www.amstelprinting.nl\\\/es\\\/tienda\\\/pegatinas-e-impresion\\\/pequenas-pegatinas\\\/pegatinas\\\/#breadcrumb\",\"itemListElement\":[{\"@type\":\"ListItem\",\"position\":1,\"name\":\"\",\"item\":\"https:\\\/\\\/www.amstelprinting.nl\\\/es\\\/\"},{\"@type\":\"ListItem\",\"position\":2,\"name\":\"Amstel Printing\",\"item\":\"https:\\\/\\\/www.amstelprinting.nl\\\/es\\\/comercio\\\/\"},{\"@type\":\"ListItem\",\"position\":3,\"name\":\"Pegatinas e impresi\u00f3n\",\"item\":\"https:\\\/\\\/www.amstelprinting.nl\\\/es\\\/categor\u00eda\\\/pegatinas-e-impresion\\\/\"},{\"@type\":\"ListItem\",\"position\":4,\"name\":\"Peque\u00f1as pegatinas\",\"item\":\"https:\\\/\\\/www.amstelprinting.nl\\\/es\\\/categor\u00eda\\\/pegatinas-e-impresion\\\/pequenas-pegatinas\\\/\"},{\"@type\":\"ListItem\",\"position\":5,\"name\":\"Pegatinas\"}]},{\"@type\":\"WebSite\",\"@id\":\"https:\\\/\\\/www.amstelprinting.nl\\\/es\\\/#website\",\"url\":\"https:\\\/\\\/www.amstelprinting.nl\\\/es\\\/\",\"name\":\"Amstel Printing\",\"description\":\"Creating Exposure\",\"publisher\":{\"@id\":\"https:\\\/\\\/www.amstelprinting.nl\\\/es\\\/#organization\"},\"potentialAction\":[{\"@type\":\"SearchAction\",\"target\":{\"@type\":\"EntryPoint\",\"urlTemplate\":\"https:\\\/\\\/www.amstelprinting.nl\\\/es\\\/?s={search_term_string}\"},\"query-input\":{\"@type\":\"PropertyValueSpecification\",\"valueRequired\":true,\"valueName\":\"search_term_string\"}}],\"inLanguage\":\"es\"},{\"@type\":\"Organization\",\"@id\":\"https:\\\/\\\/www.amstelprinting.nl\\\/es\\\/#organization\",\"name\":\"Amstel Printing\",\"url\":\"https:\\\/\\\/www.amstelprinting.nl\\\/es\\\/\",\"logo\":{\"@type\":\"ImageObject\",\"inLanguage\":\"es\",\"@id\":\"https:\\\/\\\/www.amstelprinting.nl\\\/es\\\/#\\\/schema\\\/logo\\\/image\\\/\",\"url\":\"https:\\\/\\\/www.amstelprinting.nl\\\/wp-content\\\/uploads\\\/amstel_printing_logo_clean.png\",\"contentUrl\":\"https:\\\/\\\/www.amstelprinting.nl\\\/wp-content\\\/uploads\\\/amstel_printing_logo_clean.png\",\"width\":324,\"height\":73,\"caption\":\"Amstel Printing\"},\"image\":{\"@id\":\"https:\\\/\\\/www.amstelprinting.nl\\\/es\\\/#\\\/schema\\\/logo\\\/image\\\/\"}}]}<\/script>\n<!-- \/ Yoast SEO plugin. -->","yoast_head_json":{"title":"Impresi\u00f3n de pegatinas personalizadas - Alta calidad y sin costes de puesta en marcha","description":"Descubra nuestra amplia gama de pegatinas. Su impresi\u00f3n n\u00edtida en una pegatina en el formato o forma que desee. Sin costes de puesta en marcha. \u00a1Desde solo 1 unidad!","robots":{"index":"index","follow":"follow","max-snippet":"max-snippet:-1","max-image-preview":"max-image-preview:large","max-video-preview":"max-video-preview:-1"},"canonical":"https:\/\/www.amstelprinting.nl\/es\/tienda\/pegatinas-e-impresion\/pequenas-pegatinas\/pegatinas\/","og_locale":"es_ES","og_type":"article","og_title":"Impresi\u00f3n de pegatinas personalizadas - Alta calidad y sin costes de puesta en marcha","og_description":"Descubra nuestra amplia gama de pegatinas. Su impresi\u00f3n n\u00edtida en una pegatina en el formato o forma que desee. Sin costes de puesta en marcha. \u00a1Desde solo 1 unidad!","og_url":"https:\/\/www.amstelprinting.nl\/es\/tienda\/pegatinas-e-impresion\/pequenas-pegatinas\/pegatinas\/","og_site_name":"Amstel Printing","article_modified_time":"2026-02-18T11:48:55+00:00","og_image":[{"width":700,"height":700,"url":"https:\/\/www.amstelprinting.nl\/wp-content\/uploads\/Stickers.jpg","type":"image\/jpeg"}],"twitter_card":"summary_large_image","twitter_misc":{"Tiempo de lectura":"3 minutos"},"schema":{"@context":"https:\/\/schema.org","@graph":[{"@type":"WebPage","@id":"https:\/\/www.amstelprinting.nl\/es\/tienda\/pegatinas-e-impresion\/pequenas-pegatinas\/pegatinas\/","url":"https:\/\/www.amstelprinting.nl\/es\/tienda\/pegatinas-e-impresion\/pequenas-pegatinas\/pegatinas\/","name":"Impresi\u00f3n de pegatinas personalizadas - Alta calidad y sin costes de puesta en marcha","isPartOf":{"@id":"https:\/\/www.amstelprinting.nl\/es\/#website"},"primaryImageOfPage":{"@id":"https:\/\/www.amstelprinting.nl\/es\/tienda\/pegatinas-e-impresion\/pequenas-pegatinas\/pegatinas\/#primaryimage"},"image":{"@id":"https:\/\/www.amstelprinting.nl\/es\/tienda\/pegatinas-e-impresion\/pequenas-pegatinas\/pegatinas\/#primaryimage"},"thumbnailUrl":"https:\/\/www.amstelprinting.nl\/wp-content\/uploads\/Stickers.jpg","datePublished":"2025-01-23T19:40:58+00:00","dateModified":"2026-02-18T11:48:55+00:00","description":"Descubra nuestra amplia gama de pegatinas. Su impresi\u00f3n n\u00edtida en una pegatina en el formato o forma que desee. Sin costes de puesta en marcha. \u00a1Desde solo 1 unidad!","breadcrumb":{"@id":"https:\/\/www.amstelprinting.nl\/es\/tienda\/pegatinas-e-impresion\/pequenas-pegatinas\/pegatinas\/#breadcrumb"},"inLanguage":"es","potentialAction":[{"@type":"ReadAction","target":["https:\/\/www.amstelprinting.nl\/es\/tienda\/pegatinas-e-impresion\/pequenas-pegatinas\/pegatinas\/"]}]},{"@type":"ImageObject","inLanguage":"es","@id":"https:\/\/www.amstelprinting.nl\/es\/tienda\/pegatinas-e-impresion\/pequenas-pegatinas\/pegatinas\/#primaryimage","url":"https:\/\/www.amstelprinting.nl\/wp-content\/uploads\/Stickers.jpg","contentUrl":"https:\/\/www.amstelprinting.nl\/wp-content\/uploads\/Stickers.jpg","width":700,"height":700},{"@type":"BreadcrumbList","@id":"https:\/\/www.amstelprinting.nl\/es\/tienda\/pegatinas-e-impresion\/pequenas-pegatinas\/pegatinas\/#breadcrumb","itemListElement":[{"@type":"ListItem","position":1,"name":"","item":"https:\/\/www.amstelprinting.nl\/es\/"},{"@type":"ListItem","position":2,"name":"Amstel Printing","item":"https:\/\/www.amstelprinting.nl\/es\/comercio\/"},{"@type":"ListItem","position":3,"name":"Pegatinas e impresi\u00f3n","item":"https:\/\/www.amstelprinting.nl\/es\/categor\u00eda\/pegatinas-e-impresion\/"},{"@type":"ListItem","position":4,"name":"Peque\u00f1as pegatinas","item":"https:\/\/www.amstelprinting.nl\/es\/categor\u00eda\/pegatinas-e-impresion\/pequenas-pegatinas\/"},{"@type":"ListItem","position":5,"name":"Pegatinas"}]},{"@type":"WebSite","@id":"https:\/\/www.amstelprinting.nl\/es\/#website","url":"https:\/\/www.amstelprinting.nl\/es\/","name":"Amstel Printing","description":"Creating Exposure","publisher":{"@id":"https:\/\/www.amstelprinting.nl\/es\/#organization"},"potentialAction":[{"@type":"SearchAction","target":{"@type":"EntryPoint","urlTemplate":"https:\/\/www.amstelprinting.nl\/es\/?s={search_term_string}"},"query-input":{"@type":"PropertyValueSpecification","valueRequired":true,"valueName":"search_term_string"}}],"inLanguage":"es"},{"@type":"Organization","@id":"https:\/\/www.amstelprinting.nl\/es\/#organization","name":"Amstel Printing","url":"https:\/\/www.amstelprinting.nl\/es\/","logo":{"@type":"ImageObject","inLanguage":"es","@id":"https:\/\/www.amstelprinting.nl\/es\/#\/schema\/logo\/image\/","url":"https:\/\/www.amstelprinting.nl\/wp-content\/uploads\/amstel_printing_logo_clean.png","contentUrl":"https:\/\/www.amstelprinting.nl\/wp-content\/uploads\/amstel_printing_logo_clean.png","width":324,"height":73,"caption":"Amstel Printing"},"image":{"@id":"https:\/\/www.amstelprinting.nl\/es\/#\/schema\/logo\/image\/"}}]}},"_links":{"self":[{"href":"https:\/\/www.amstelprinting.nl\/es\/wp-json\/wp\/v2\/product\/15802","targetHints":{"allow":["GET"]}}],"collection":[{"href":"https:\/\/www.amstelprinting.nl\/es\/wp-json\/wp\/v2\/product"}],"about":[{"href":"https:\/\/www.amstelprinting.nl\/es\/wp-json\/wp\/v2\/types\/product"}],"wp:featuredmedia":[{"embeddable":true,"href":"https:\/\/www.amstelprinting.nl\/es\/wp-json\/wp\/v2\/media\/15804"}],"wp:attachment":[{"href":"https:\/\/www.amstelprinting.nl\/es\/wp-json\/wp\/v2\/media?parent=15802"}],"wp:term":[{"taxonomy":"product_brand","embeddable":true,"href":"https:\/\/www.amstelprinting.nl\/es\/wp-json\/wp\/v2\/product_brand?post=15802"},{"taxonomy":"product_cat","embeddable":true,"href":"https:\/\/www.amstelprinting.nl\/es\/wp-json\/wp\/v2\/product_cat?post=15802"},{"taxonomy":"product_tag","embeddable":true,"href":"https:\/\/www.amstelprinting.nl\/es\/wp-json\/wp\/v2\/product_tag?post=15802"}],"curies":[{"name":"wp","href":"https:\/\/api.w.org\/{rel}","templated":true}]}}