{"id":15813,"date":"2025-01-23T20:38:21","date_gmt":"2025-01-23T19:38:21","guid":{"rendered":"https:\/\/www.amstelprinting.nl\/winkel\/sin%20categor\u00eda\/reclamebord\/"},"modified":"2026-02-18T12:48:56","modified_gmt":"2026-02-18T11:48:56","slug":"cartel-publicitario","status":"publish","type":"product","link":"https:\/\/www.amstelprinting.nl\/es\/tienda\/publicidad-exterior\/vallas-publicitarias\/cartel-publicitario\/","title":{"rendered":"Cartel publicitario"},"content":{"rendered":"<p>Los carteles publicitarios atraen la atenci\u00f3n hacia su mensaje en el formato m\u00e1ximo. En Amstel Printing encontrar\u00e1 un tipo de cartel publicitario adecuado para cada aplicaci\u00f3n.<\/p>\n<h2>Material del panel<\/h2>\n<p>Elija uno de los cinco tipos diferentes de materiales. A continuaci\u00f3n explicamos brevemente las propiedades de cada tipo de material.<\/p>\n<p><strong>Forex<\/strong><br \/>\nForex es un panel ligero de PVC espumado, ideal para uso en interiores.<\/p>\n<p><strong>Dibond\u00ae<\/strong><br \/>\nDibond\u00ae es uno de los tipos de paneles m\u00e1s vendidos. El cartel publicitario Dibond tiene un n\u00facleo de aluminio y una capa superior blanca. Es estable dimensionalmente, adecuado para uso en interiores y exteriores.<\/p>\n<p><strong>Easyprint<\/strong><br \/>\nEasyprint es un material de placa ligero y resistente hecho de polipropileno.<\/p>\n<p><strong>HPL<\/strong><br \/>\n\u00bfNecesita un cartel publicitario resistente para aplicaciones pesadas? Entonces elija un cartel publicitario hecho de HPL. El fuerte panel HPL con n\u00facleo marr\u00f3n y capa superior blanca es adecuado para uso en interiores y exteriores.<\/p>\n<p><strong>Plancha alveolar<\/strong><br \/>\nPlancha alveolar de pl\u00e1stico para uso en interiores y exteriores. La composici\u00f3n flexible de este material lo hace sumamente adecuado para plegar el cartel publicitario.<\/p>\n<p><strong>Akylite<\/strong><br \/>\nAkylite es conocido por sus propiedades ligeras y resistentes. Un cartel publicitario de Akylite es un panel (con n\u00facleo de nido de abeja) que adem\u00e1s est\u00e1 libre de PVC. Adecuado para uso en interiores y exteriores.<\/p>\n<p><strong>Sign Again\u00ae<\/strong><br \/>\n\u00bfBusca una variante sostenible? Entonces elija material circular hecho de lonas usadas y recortes. Adecuado para interiores y exteriores, resistente a los impactos y flexible.<\/p>\n<h3>Impresi\u00f3n a una o dos caras<\/h3>\n<p>Al realizar el pedido de su cartel publicitario, puede elegir en el configurador la impresi\u00f3n a una o dos caras. Ideal cuando desea mostrar la impresi\u00f3n en el cartel publicitario por ambos lados. Tenga en cuenta que no todos los tipos de material de placa (como se describi\u00f3 anteriormente) est\u00e1n disponibles para carteles publicitarios impresos por ambos lados.<\/p>\n<h3>Preguntas frecuentes<\/h3>\n<p><strong>\u00bfPor qu\u00e9 elegir un recubrimiento?<\/strong><br \/>\nEl recubrimiento opcional garantiza una vida \u00fatil m\u00e1xima. Gracias al recubrimiento, la intensidad del color no solo aumenta, sino que la impresi\u00f3n tambi\u00e9n es m\u00e1s resistente a diversos factores ambientales.<\/p>\n<p><strong>\u00bfQu\u00e9 tipos de recubrimientos est\u00e1n disponibles?<\/strong><br \/>\nAmstel Printing suministra carteles publicitarios con un recubrimiento mate o brillante.<\/p>\n<p><strong>\u00bfQu\u00e9 efecto tiene el tipo de recubrimiento en la impresi\u00f3n?<\/strong><br \/>\nCon un recubrimiento mate, la apariencia de la impresi\u00f3n es un poco m\u00e1s apagada, pero el texto es m\u00e1s legible. El efecto de un recubrimiento brillante es que puede brillar ligeramente. Por otro lado, los colores son m\u00e1s claros y potentes que con un recubrimiento mate.<\/p>\n<p><strong>\u00bfCu\u00e1l es la diferencia de apariencia entre un recubrimiento brillante y uno mate?<\/strong><br \/>\nCon un recubrimiento brillante obtendr\u00e1 colores claros y potentes, pero la superficie tiene un peque\u00f1o reflejo. Un recubrimiento mate da una imagen un poco m\u00e1s apagada, pero los textos son, por el contrario, m\u00e1s legibles.<\/p>\n","protected":false},"excerpt":{"rendered":"<h3>Adecuado tanto para interiores como para exteriores<\/h3>\n<p>Atraiga la atenci\u00f3n hacia su nombre comercial o informaci\u00f3n con este cartel publicitario. Adecuado para interiores y exteriores. Disponible en varios formatos y acabados. Configure su cartel publicitario a su gusto a continuaci\u00f3n.<\/p>\n","protected":false},"featured_media":15814,"template":"","meta":{"_et_pb_use_builder":"","_et_pb_old_content":"","_et_gb_content_width":""},"product_brand":[],"product_cat":[450,468],"product_tag":[],"class_list":{"0":"post-15813","1":"product","2":"type-product","3":"status-publish","4":"has-post-thumbnail","6":"product_cat-publicidad-exterior","7":"product_cat-vallas-publicitarias","9":"first","10":"instock","11":"taxable","12":"shipping-taxable","13":"purchasable","14":"product-type-simple"},"yoast_head":"<!-- This site is optimized with the Yoast SEO plugin v27.3 - https:\/\/yoast.com\/product\/yoast-seo-wordpress\/ -->\n<title>Imprimir carteles publicitarios | Amstel Printing<\/title>\n<meta name=\"description\" content=\"\u00bfDesea recibir ma\u00f1ana su cartel publicitario impreso? Haga su pedido antes de las 21:30 h. \u00a1Tambi\u00e9n es posible la impresi\u00f3n a doble cara de este cartel publicitario! \u00a1Dise\u00f1e y calcule aqu\u00ed su cartel publicitario!\" \/>\n<meta name=\"robots\" content=\"index, follow, max-snippet:-1, max-image-preview:large, max-video-preview:-1\" \/>\n<link rel=\"canonical\" href=\"https:\/\/www.amstelprinting.nl\/es\/tienda\/publicidad-exterior\/vallas-publicitarias\/cartel-publicitario\/\" \/>\n<meta property=\"og:locale\" content=\"es_ES\" \/>\n<meta property=\"og:type\" content=\"article\" \/>\n<meta property=\"og:title\" content=\"Imprimir carteles publicitarios | Amstel Printing\" \/>\n<meta property=\"og:description\" content=\"\u00bfDesea recibir ma\u00f1ana su cartel publicitario impreso? Haga su pedido antes de las 21:30 h. \u00a1Tambi\u00e9n es posible la impresi\u00f3n a doble cara de este cartel publicitario! \u00a1Dise\u00f1e y calcule aqu\u00ed su cartel publicitario!\" \/>\n<meta property=\"og:url\" content=\"https:\/\/www.amstelprinting.nl\/es\/tienda\/publicidad-exterior\/vallas-publicitarias\/cartel-publicitario\/\" \/>\n<meta property=\"og:site_name\" content=\"Amstel Printing\" \/>\n<meta property=\"article:modified_time\" content=\"2026-02-18T11:48:56+00:00\" \/>\n<meta property=\"og:image\" content=\"https:\/\/www.amstelprinting.nl\/wp-content\/uploads\/reclamebord-bedrukken-2.png\" \/>\n\t<meta property=\"og:image:width\" content=\"900\" \/>\n\t<meta property=\"og:image:height\" content=\"900\" \/>\n\t<meta property=\"og:image:type\" content=\"image\/png\" \/>\n<meta name=\"twitter:card\" content=\"summary_large_image\" \/>\n<meta name=\"twitter:label1\" content=\"Tiempo de lectura\" \/>\n\t<meta name=\"twitter:data1\" content=\"2 minutos\" \/>\n<script type=\"application\/ld+json\" class=\"yoast-schema-graph\">{\"@context\":\"https:\\\/\\\/schema.org\",\"@graph\":[{\"@type\":\"WebPage\",\"@id\":\"https:\\\/\\\/www.amstelprinting.nl\\\/es\\\/tienda\\\/publicidad-exterior\\\/vallas-publicitarias\\\/cartel-publicitario\\\/\",\"url\":\"https:\\\/\\\/www.amstelprinting.nl\\\/es\\\/tienda\\\/publicidad-exterior\\\/vallas-publicitarias\\\/cartel-publicitario\\\/\",\"name\":\"Imprimir carteles publicitarios | Amstel Printing\",\"isPartOf\":{\"@id\":\"https:\\\/\\\/www.amstelprinting.nl\\\/es\\\/#website\"},\"primaryImageOfPage\":{\"@id\":\"https:\\\/\\\/www.amstelprinting.nl\\\/es\\\/tienda\\\/publicidad-exterior\\\/vallas-publicitarias\\\/cartel-publicitario\\\/#primaryimage\"},\"image\":{\"@id\":\"https:\\\/\\\/www.amstelprinting.nl\\\/es\\\/tienda\\\/publicidad-exterior\\\/vallas-publicitarias\\\/cartel-publicitario\\\/#primaryimage\"},\"thumbnailUrl\":\"https:\\\/\\\/www.amstelprinting.nl\\\/wp-content\\\/uploads\\\/reclamebord-bedrukken-2.png\",\"datePublished\":\"2025-01-23T19:38:21+00:00\",\"dateModified\":\"2026-02-18T11:48:56+00:00\",\"description\":\"\u00bfDesea recibir ma\u00f1ana su cartel publicitario impreso? Haga su pedido antes de las 21:30 h. \u00a1Tambi\u00e9n es posible la impresi\u00f3n a doble cara de este cartel publicitario! \u00a1Dise\u00f1e y calcule aqu\u00ed su cartel publicitario!\",\"breadcrumb\":{\"@id\":\"https:\\\/\\\/www.amstelprinting.nl\\\/es\\\/tienda\\\/publicidad-exterior\\\/vallas-publicitarias\\\/cartel-publicitario\\\/#breadcrumb\"},\"inLanguage\":\"es\",\"potentialAction\":[{\"@type\":\"ReadAction\",\"target\":[\"https:\\\/\\\/www.amstelprinting.nl\\\/es\\\/tienda\\\/publicidad-exterior\\\/vallas-publicitarias\\\/cartel-publicitario\\\/\"]}]},{\"@type\":\"ImageObject\",\"inLanguage\":\"es\",\"@id\":\"https:\\\/\\\/www.amstelprinting.nl\\\/es\\\/tienda\\\/publicidad-exterior\\\/vallas-publicitarias\\\/cartel-publicitario\\\/#primaryimage\",\"url\":\"https:\\\/\\\/www.amstelprinting.nl\\\/wp-content\\\/uploads\\\/reclamebord-bedrukken-2.png\",\"contentUrl\":\"https:\\\/\\\/www.amstelprinting.nl\\\/wp-content\\\/uploads\\\/reclamebord-bedrukken-2.png\",\"width\":900,\"height\":900},{\"@type\":\"BreadcrumbList\",\"@id\":\"https:\\\/\\\/www.amstelprinting.nl\\\/es\\\/tienda\\\/publicidad-exterior\\\/vallas-publicitarias\\\/cartel-publicitario\\\/#breadcrumb\",\"itemListElement\":[{\"@type\":\"ListItem\",\"position\":1,\"name\":\"\",\"item\":\"https:\\\/\\\/www.amstelprinting.nl\\\/es\\\/\"},{\"@type\":\"ListItem\",\"position\":2,\"name\":\"Amstel Printing\",\"item\":\"https:\\\/\\\/www.amstelprinting.nl\\\/es\\\/comercio\\\/\"},{\"@type\":\"ListItem\",\"position\":3,\"name\":\"Publicidad exterior\",\"item\":\"https:\\\/\\\/www.amstelprinting.nl\\\/es\\\/categor\u00eda\\\/publicidad-exterior\\\/\"},{\"@type\":\"ListItem\",\"position\":4,\"name\":\"vallas publicitarias\",\"item\":\"https:\\\/\\\/www.amstelprinting.nl\\\/es\\\/categor\u00eda\\\/publicidad-exterior\\\/vallas-publicitarias\\\/\"},{\"@type\":\"ListItem\",\"position\":5,\"name\":\"Cartel publicitario\"}]},{\"@type\":\"WebSite\",\"@id\":\"https:\\\/\\\/www.amstelprinting.nl\\\/es\\\/#website\",\"url\":\"https:\\\/\\\/www.amstelprinting.nl\\\/es\\\/\",\"name\":\"Amstel Printing\",\"description\":\"Creating Exposure\",\"publisher\":{\"@id\":\"https:\\\/\\\/www.amstelprinting.nl\\\/es\\\/#organization\"},\"potentialAction\":[{\"@type\":\"SearchAction\",\"target\":{\"@type\":\"EntryPoint\",\"urlTemplate\":\"https:\\\/\\\/www.amstelprinting.nl\\\/es\\\/?s={search_term_string}\"},\"query-input\":{\"@type\":\"PropertyValueSpecification\",\"valueRequired\":true,\"valueName\":\"search_term_string\"}}],\"inLanguage\":\"es\"},{\"@type\":\"Organization\",\"@id\":\"https:\\\/\\\/www.amstelprinting.nl\\\/es\\\/#organization\",\"name\":\"Amstel Printing\",\"url\":\"https:\\\/\\\/www.amstelprinting.nl\\\/es\\\/\",\"logo\":{\"@type\":\"ImageObject\",\"inLanguage\":\"es\",\"@id\":\"https:\\\/\\\/www.amstelprinting.nl\\\/es\\\/#\\\/schema\\\/logo\\\/image\\\/\",\"url\":\"https:\\\/\\\/www.amstelprinting.nl\\\/wp-content\\\/uploads\\\/amstel_printing_logo_clean.png\",\"contentUrl\":\"https:\\\/\\\/www.amstelprinting.nl\\\/wp-content\\\/uploads\\\/amstel_printing_logo_clean.png\",\"width\":324,\"height\":73,\"caption\":\"Amstel Printing\"},\"image\":{\"@id\":\"https:\\\/\\\/www.amstelprinting.nl\\\/es\\\/#\\\/schema\\\/logo\\\/image\\\/\"}}]}<\/script>\n<!-- \/ Yoast SEO plugin. -->","yoast_head_json":{"title":"Imprimir carteles publicitarios | Amstel Printing","description":"\u00bfDesea recibir ma\u00f1ana su cartel publicitario impreso? Haga su pedido antes de las 21:30 h. \u00a1Tambi\u00e9n es posible la impresi\u00f3n a doble cara de este cartel publicitario! \u00a1Dise\u00f1e y calcule aqu\u00ed su cartel publicitario!","robots":{"index":"index","follow":"follow","max-snippet":"max-snippet:-1","max-image-preview":"max-image-preview:large","max-video-preview":"max-video-preview:-1"},"canonical":"https:\/\/www.amstelprinting.nl\/es\/tienda\/publicidad-exterior\/vallas-publicitarias\/cartel-publicitario\/","og_locale":"es_ES","og_type":"article","og_title":"Imprimir carteles publicitarios | Amstel Printing","og_description":"\u00bfDesea recibir ma\u00f1ana su cartel publicitario impreso? Haga su pedido antes de las 21:30 h. \u00a1Tambi\u00e9n es posible la impresi\u00f3n a doble cara de este cartel publicitario! \u00a1Dise\u00f1e y calcule aqu\u00ed su cartel publicitario!","og_url":"https:\/\/www.amstelprinting.nl\/es\/tienda\/publicidad-exterior\/vallas-publicitarias\/cartel-publicitario\/","og_site_name":"Amstel Printing","article_modified_time":"2026-02-18T11:48:56+00:00","og_image":[{"width":900,"height":900,"url":"https:\/\/www.amstelprinting.nl\/wp-content\/uploads\/reclamebord-bedrukken-2.png","type":"image\/png"}],"twitter_card":"summary_large_image","twitter_misc":{"Tiempo de lectura":"2 minutos"},"schema":{"@context":"https:\/\/schema.org","@graph":[{"@type":"WebPage","@id":"https:\/\/www.amstelprinting.nl\/es\/tienda\/publicidad-exterior\/vallas-publicitarias\/cartel-publicitario\/","url":"https:\/\/www.amstelprinting.nl\/es\/tienda\/publicidad-exterior\/vallas-publicitarias\/cartel-publicitario\/","name":"Imprimir carteles publicitarios | Amstel Printing","isPartOf":{"@id":"https:\/\/www.amstelprinting.nl\/es\/#website"},"primaryImageOfPage":{"@id":"https:\/\/www.amstelprinting.nl\/es\/tienda\/publicidad-exterior\/vallas-publicitarias\/cartel-publicitario\/#primaryimage"},"image":{"@id":"https:\/\/www.amstelprinting.nl\/es\/tienda\/publicidad-exterior\/vallas-publicitarias\/cartel-publicitario\/#primaryimage"},"thumbnailUrl":"https:\/\/www.amstelprinting.nl\/wp-content\/uploads\/reclamebord-bedrukken-2.png","datePublished":"2025-01-23T19:38:21+00:00","dateModified":"2026-02-18T11:48:56+00:00","description":"\u00bfDesea recibir ma\u00f1ana su cartel publicitario impreso? Haga su pedido antes de las 21:30 h. \u00a1Tambi\u00e9n es posible la impresi\u00f3n a doble cara de este cartel publicitario! \u00a1Dise\u00f1e y calcule aqu\u00ed su cartel publicitario!","breadcrumb":{"@id":"https:\/\/www.amstelprinting.nl\/es\/tienda\/publicidad-exterior\/vallas-publicitarias\/cartel-publicitario\/#breadcrumb"},"inLanguage":"es","potentialAction":[{"@type":"ReadAction","target":["https:\/\/www.amstelprinting.nl\/es\/tienda\/publicidad-exterior\/vallas-publicitarias\/cartel-publicitario\/"]}]},{"@type":"ImageObject","inLanguage":"es","@id":"https:\/\/www.amstelprinting.nl\/es\/tienda\/publicidad-exterior\/vallas-publicitarias\/cartel-publicitario\/#primaryimage","url":"https:\/\/www.amstelprinting.nl\/wp-content\/uploads\/reclamebord-bedrukken-2.png","contentUrl":"https:\/\/www.amstelprinting.nl\/wp-content\/uploads\/reclamebord-bedrukken-2.png","width":900,"height":900},{"@type":"BreadcrumbList","@id":"https:\/\/www.amstelprinting.nl\/es\/tienda\/publicidad-exterior\/vallas-publicitarias\/cartel-publicitario\/#breadcrumb","itemListElement":[{"@type":"ListItem","position":1,"name":"","item":"https:\/\/www.amstelprinting.nl\/es\/"},{"@type":"ListItem","position":2,"name":"Amstel Printing","item":"https:\/\/www.amstelprinting.nl\/es\/comercio\/"},{"@type":"ListItem","position":3,"name":"Publicidad exterior","item":"https:\/\/www.amstelprinting.nl\/es\/categor\u00eda\/publicidad-exterior\/"},{"@type":"ListItem","position":4,"name":"vallas publicitarias","item":"https:\/\/www.amstelprinting.nl\/es\/categor\u00eda\/publicidad-exterior\/vallas-publicitarias\/"},{"@type":"ListItem","position":5,"name":"Cartel publicitario"}]},{"@type":"WebSite","@id":"https:\/\/www.amstelprinting.nl\/es\/#website","url":"https:\/\/www.amstelprinting.nl\/es\/","name":"Amstel Printing","description":"Creating Exposure","publisher":{"@id":"https:\/\/www.amstelprinting.nl\/es\/#organization"},"potentialAction":[{"@type":"SearchAction","target":{"@type":"EntryPoint","urlTemplate":"https:\/\/www.amstelprinting.nl\/es\/?s={search_term_string}"},"query-input":{"@type":"PropertyValueSpecification","valueRequired":true,"valueName":"search_term_string"}}],"inLanguage":"es"},{"@type":"Organization","@id":"https:\/\/www.amstelprinting.nl\/es\/#organization","name":"Amstel Printing","url":"https:\/\/www.amstelprinting.nl\/es\/","logo":{"@type":"ImageObject","inLanguage":"es","@id":"https:\/\/www.amstelprinting.nl\/es\/#\/schema\/logo\/image\/","url":"https:\/\/www.amstelprinting.nl\/wp-content\/uploads\/amstel_printing_logo_clean.png","contentUrl":"https:\/\/www.amstelprinting.nl\/wp-content\/uploads\/amstel_printing_logo_clean.png","width":324,"height":73,"caption":"Amstel Printing"},"image":{"@id":"https:\/\/www.amstelprinting.nl\/es\/#\/schema\/logo\/image\/"}}]}},"_links":{"self":[{"href":"https:\/\/www.amstelprinting.nl\/es\/wp-json\/wp\/v2\/product\/15813","targetHints":{"allow":["GET"]}}],"collection":[{"href":"https:\/\/www.amstelprinting.nl\/es\/wp-json\/wp\/v2\/product"}],"about":[{"href":"https:\/\/www.amstelprinting.nl\/es\/wp-json\/wp\/v2\/types\/product"}],"wp:featuredmedia":[{"embeddable":true,"href":"https:\/\/www.amstelprinting.nl\/es\/wp-json\/wp\/v2\/media\/15814"}],"wp:attachment":[{"href":"https:\/\/www.amstelprinting.nl\/es\/wp-json\/wp\/v2\/media?parent=15813"}],"wp:term":[{"taxonomy":"product_brand","embeddable":true,"href":"https:\/\/www.amstelprinting.nl\/es\/wp-json\/wp\/v2\/product_brand?post=15813"},{"taxonomy":"product_cat","embeddable":true,"href":"https:\/\/www.amstelprinting.nl\/es\/wp-json\/wp\/v2\/product_cat?post=15813"},{"taxonomy":"product_tag","embeddable":true,"href":"https:\/\/www.amstelprinting.nl\/es\/wp-json\/wp\/v2\/product_tag?post=15813"}],"curies":[{"name":"wp","href":"https:\/\/api.w.org\/{rel}","templated":true}]}}