{"id":15878,"date":"2025-01-21T20:06:51","date_gmt":"2025-01-21T19:06:51","guid":{"rendered":"https:\/\/www.amstelprinting.nl\/winkel\/sin%20categor\u00eda\/reclamebord-met-beschermlak\/"},"modified":"2026-02-18T12:48:57","modified_gmt":"2026-02-18T11:48:57","slug":"cartel-publicitario-con-laca-protectora","status":"publish","type":"product","link":"https:\/\/www.amstelprinting.nl\/es\/tienda\/publicidad-exterior\/vallas-publicitarias\/cartel-publicitario-con-laca-protectora\/","title":{"rendered":"Cartel publicitario con laca protectora"},"content":{"rendered":"<h3>Impresi\u00f3n de carteles publicitarios<\/h3>\n<p>Los carteles publicitarios tienen muchas aplicaciones y se utilizan a menudo (impresos con el logotipo o mensaje de la empresa) como medio de promoci\u00f3n para edificios comerciales, eventos, fachadas de tiendas, oficinas, pero tambi\u00e9n para su uso en carreteras, obras de construcci\u00f3n y espacios p\u00fablicos.<\/p>\n<h3>Material y calidad<\/h3>\n<p>El cartel publicitario est\u00e1 disponible en tres tipos diferentes de materiales Dibond\u00ae. Dibond\u00ae es un panel s\u00e1ndwich de primera calidad con n\u00facleo negro que es adecuado tanto para uso en interiores como en exteriores. A continuaci\u00f3n explicamos brevemente las propiedades por cada tipo de placa Dibond\u00ae.<\/p>\n<p><strong>Dibond\u00ae Digital (3 mm)<\/strong><br \/>\nNuestra opci\u00f3n est\u00e1ndar, ideal para impresiones digitales de alta calidad. Este material de 3 mm de grosor combina robustez con una estructura ligera, apto tanto para uso interior como exterior.<\/p>\n<p><strong>Dibond\u00ae Econ\u00f3mico (6 mm)<\/strong><br \/>\nLa opci\u00f3n econ\u00f3mica con un grosor de 6 mm, ofrece una robustez adicional sin sacrificar la calidad. Ideal para carteles publicitarios de mayor tama\u00f1o que necesitan soporte adicional.<\/p>\n<p><strong>Dibond\u00ae Premium (3 mm)<\/strong><br \/>\nEsta variante de alta calidad (premium) ofrece el mismo grosor que la variante digital, pero gracias a un acabado premium es extra duradera, adecuada para las aplicaciones m\u00e1s exigentes.<\/p>\n<h3>Dimensiones<\/h3>\n<p>Nuestros carteles publicitarios pueden pedirse en varias dimensiones est\u00e1ndar. Si su cartel publicitario impreso debe cumplir con una dimensi\u00f3n espec\u00edfica, por supuesto tambi\u00e9n es posible. En ese caso, indique la dimensi\u00f3n deseada en el primer paso del configurador de productos.<\/p>\n<h3>Laca protectora<\/h3>\n<p>Todos los carteles publicitarios de esta p\u00e1gina de producto cuentan con una capa de laca protectora que no solo prolonga la vida \u00fatil, sino que tambi\u00e9n mantiene los colores brillantes por m\u00e1s tiempo. Adem\u00e1s, la laca protectora ofrece protecci\u00f3n contra ara\u00f1azos y agentes atmosf\u00e9ricos. \u00bfBusca una alternativa m\u00e1s econ\u00f3mica sin laca protectora? Consulte aqu\u00ed nuestro <strong>cartel publicitario est\u00e1ndar<\/strong>.<\/p>\n<h3>Preguntas frecuentes<\/h3>\n<p><strong>\u00bfPor qu\u00e9 elegir un recubrimiento?<\/strong><br \/>\nGracias al recubrimiento opcional, se garantiza una vida \u00fatil m\u00e1xima. Debido al recubrimiento, la intensidad del color no solo aumenta, sino que la impresi\u00f3n tambi\u00e9n es resistente a diversos factores ambientales durante m\u00e1s tiempo.<\/p>\n<p><strong>\u00bfQu\u00e9 tipos de recubrimientos est\u00e1n disponibles?<\/strong><br \/>\nAmstel Printing suministra carteles publicitarios con un recubrimiento mate o brillante.<\/p>\n<p><strong>\u00bfQu\u00e9 efecto tiene el tipo de recubrimiento en la impresi\u00f3n?<\/strong><br \/>\nCon un recubrimiento mate, el aspecto de la impresi\u00f3n es un poco m\u00e1s apagado, pero el texto es m\u00e1s f\u00e1cil de leer. El efecto de un recubrimiento brillante es que puede reflejar la luz. Por otro lado, los colores son m\u00e1s brillantes y potentes que con un recubrimiento mate.<\/p>\n<p><strong>\u00bfCu\u00e1l es la diferencia de aspecto entre un recubrimiento brillante y uno mate?<\/strong><br \/>\nCon un recubrimiento brillante, obtendr\u00e1 colores vivos y potentes, pero con un brillo m\u00ednimo. Un recubrimiento mate proporciona una imagen un poco m\u00e1s apagada, pero los textos resultan m\u00e1s f\u00e1ciles de leer.<\/p>\n","protected":false},"excerpt":{"rendered":"<h3>Equipado con un recubrimiento protector<\/h3>\n<p>Promocione su empresa o evento con nuestros carteles publicitarios de alta calidad, acabados con laca protectora para una mayor durabilidad. Nuestros carteles publicitarios tambi\u00e9n se pueden imprimir por ambas caras. Elija a continuaci\u00f3n en el configurador la calidad y el acabado que m\u00e1s le convengan.<\/p>\n","protected":false},"featured_media":15879,"template":"","meta":{"_et_pb_use_builder":"","_et_pb_old_content":"","_et_gb_content_width":""},"product_brand":[],"product_cat":[450,468],"product_tag":[],"class_list":{"0":"post-15878","1":"product","2":"type-product","3":"status-publish","4":"has-post-thumbnail","6":"product_cat-publicidad-exterior","7":"product_cat-vallas-publicitarias","9":"first","10":"instock","11":"taxable","12":"shipping-taxable","13":"purchasable","14":"product-type-simple"},"yoast_head":"<!-- This site is optimized with the Yoast SEO plugin v27.3 - https:\/\/yoast.com\/product\/yoast-seo-wordpress\/ -->\n<title>Dise\u00f1e su propio cartel publicitario con laca protectora | Amstel Printing<\/title>\n<meta name=\"description\" content=\"\u00bfDesea que su impresi\u00f3n se mantenga bonita por m\u00e1s tiempo? Elija el cartel publicitario con laca protectora. Imprima este cartel con una imagen n\u00edtida seg\u00fan sus deseos. \u00a1Haga su pedido aqu\u00ed!\" \/>\n<meta name=\"robots\" content=\"index, follow, max-snippet:-1, max-image-preview:large, max-video-preview:-1\" \/>\n<link rel=\"canonical\" href=\"https:\/\/www.amstelprinting.nl\/es\/tienda\/publicidad-exterior\/vallas-publicitarias\/cartel-publicitario-con-laca-protectora\/\" \/>\n<meta property=\"og:locale\" content=\"es_ES\" \/>\n<meta property=\"og:type\" content=\"article\" \/>\n<meta property=\"og:title\" content=\"Dise\u00f1e su propio cartel publicitario con laca protectora | Amstel Printing\" \/>\n<meta property=\"og:description\" content=\"\u00bfDesea que su impresi\u00f3n se mantenga bonita por m\u00e1s tiempo? Elija el cartel publicitario con laca protectora. Imprima este cartel con una imagen n\u00edtida seg\u00fan sus deseos. \u00a1Haga su pedido aqu\u00ed!\" \/>\n<meta property=\"og:url\" content=\"https:\/\/www.amstelprinting.nl\/es\/tienda\/publicidad-exterior\/vallas-publicitarias\/cartel-publicitario-con-laca-protectora\/\" \/>\n<meta property=\"og:site_name\" content=\"Amstel Printing\" \/>\n<meta property=\"article:modified_time\" content=\"2026-02-18T11:48:57+00:00\" \/>\n<meta property=\"og:image\" content=\"https:\/\/www.amstelprinting.nl\/wp-content\/uploads\/reclamebord-bedrukken-optimized.jpg\" \/>\n\t<meta property=\"og:image:width\" content=\"900\" \/>\n\t<meta property=\"og:image:height\" content=\"900\" \/>\n\t<meta property=\"og:image:type\" content=\"image\/jpeg\" \/>\n<meta name=\"twitter:card\" content=\"summary_large_image\" \/>\n<meta name=\"twitter:label1\" content=\"Tiempo de lectura\" \/>\n\t<meta name=\"twitter:data1\" content=\"3 minutos\" \/>\n<script type=\"application\/ld+json\" class=\"yoast-schema-graph\">{\"@context\":\"https:\\\/\\\/schema.org\",\"@graph\":[{\"@type\":\"WebPage\",\"@id\":\"https:\\\/\\\/www.amstelprinting.nl\\\/es\\\/tienda\\\/publicidad-exterior\\\/vallas-publicitarias\\\/cartel-publicitario-con-laca-protectora\\\/\",\"url\":\"https:\\\/\\\/www.amstelprinting.nl\\\/es\\\/tienda\\\/publicidad-exterior\\\/vallas-publicitarias\\\/cartel-publicitario-con-laca-protectora\\\/\",\"name\":\"Dise\u00f1e su propio cartel publicitario con laca protectora | Amstel Printing\",\"isPartOf\":{\"@id\":\"https:\\\/\\\/www.amstelprinting.nl\\\/es\\\/#website\"},\"primaryImageOfPage\":{\"@id\":\"https:\\\/\\\/www.amstelprinting.nl\\\/es\\\/tienda\\\/publicidad-exterior\\\/vallas-publicitarias\\\/cartel-publicitario-con-laca-protectora\\\/#primaryimage\"},\"image\":{\"@id\":\"https:\\\/\\\/www.amstelprinting.nl\\\/es\\\/tienda\\\/publicidad-exterior\\\/vallas-publicitarias\\\/cartel-publicitario-con-laca-protectora\\\/#primaryimage\"},\"thumbnailUrl\":\"https:\\\/\\\/www.amstelprinting.nl\\\/wp-content\\\/uploads\\\/reclamebord-bedrukken-optimized.jpg\",\"datePublished\":\"2025-01-21T19:06:51+00:00\",\"dateModified\":\"2026-02-18T11:48:57+00:00\",\"description\":\"\u00bfDesea que su impresi\u00f3n se mantenga bonita por m\u00e1s tiempo? Elija el cartel publicitario con laca protectora. Imprima este cartel con una imagen n\u00edtida seg\u00fan sus deseos. \u00a1Haga su pedido aqu\u00ed!\",\"breadcrumb\":{\"@id\":\"https:\\\/\\\/www.amstelprinting.nl\\\/es\\\/tienda\\\/publicidad-exterior\\\/vallas-publicitarias\\\/cartel-publicitario-con-laca-protectora\\\/#breadcrumb\"},\"inLanguage\":\"es\",\"potentialAction\":[{\"@type\":\"ReadAction\",\"target\":[\"https:\\\/\\\/www.amstelprinting.nl\\\/es\\\/tienda\\\/publicidad-exterior\\\/vallas-publicitarias\\\/cartel-publicitario-con-laca-protectora\\\/\"]}]},{\"@type\":\"ImageObject\",\"inLanguage\":\"es\",\"@id\":\"https:\\\/\\\/www.amstelprinting.nl\\\/es\\\/tienda\\\/publicidad-exterior\\\/vallas-publicitarias\\\/cartel-publicitario-con-laca-protectora\\\/#primaryimage\",\"url\":\"https:\\\/\\\/www.amstelprinting.nl\\\/wp-content\\\/uploads\\\/reclamebord-bedrukken-optimized.jpg\",\"contentUrl\":\"https:\\\/\\\/www.amstelprinting.nl\\\/wp-content\\\/uploads\\\/reclamebord-bedrukken-optimized.jpg\",\"width\":900,\"height\":900,\"caption\":\"reclamebord-bedrukken.png\"},{\"@type\":\"BreadcrumbList\",\"@id\":\"https:\\\/\\\/www.amstelprinting.nl\\\/es\\\/tienda\\\/publicidad-exterior\\\/vallas-publicitarias\\\/cartel-publicitario-con-laca-protectora\\\/#breadcrumb\",\"itemListElement\":[{\"@type\":\"ListItem\",\"position\":1,\"name\":\"\",\"item\":\"https:\\\/\\\/www.amstelprinting.nl\\\/es\\\/\"},{\"@type\":\"ListItem\",\"position\":2,\"name\":\"Amstel Printing\",\"item\":\"https:\\\/\\\/www.amstelprinting.nl\\\/es\\\/comercio\\\/\"},{\"@type\":\"ListItem\",\"position\":3,\"name\":\"Publicidad exterior\",\"item\":\"https:\\\/\\\/www.amstelprinting.nl\\\/es\\\/categor\u00eda\\\/publicidad-exterior\\\/\"},{\"@type\":\"ListItem\",\"position\":4,\"name\":\"vallas publicitarias\",\"item\":\"https:\\\/\\\/www.amstelprinting.nl\\\/es\\\/categor\u00eda\\\/publicidad-exterior\\\/vallas-publicitarias\\\/\"},{\"@type\":\"ListItem\",\"position\":5,\"name\":\"Cartel publicitario con laca protectora\"}]},{\"@type\":\"WebSite\",\"@id\":\"https:\\\/\\\/www.amstelprinting.nl\\\/es\\\/#website\",\"url\":\"https:\\\/\\\/www.amstelprinting.nl\\\/es\\\/\",\"name\":\"Amstel Printing\",\"description\":\"Creating Exposure\",\"publisher\":{\"@id\":\"https:\\\/\\\/www.amstelprinting.nl\\\/es\\\/#organization\"},\"potentialAction\":[{\"@type\":\"SearchAction\",\"target\":{\"@type\":\"EntryPoint\",\"urlTemplate\":\"https:\\\/\\\/www.amstelprinting.nl\\\/es\\\/?s={search_term_string}\"},\"query-input\":{\"@type\":\"PropertyValueSpecification\",\"valueRequired\":true,\"valueName\":\"search_term_string\"}}],\"inLanguage\":\"es\"},{\"@type\":\"Organization\",\"@id\":\"https:\\\/\\\/www.amstelprinting.nl\\\/es\\\/#organization\",\"name\":\"Amstel Printing\",\"url\":\"https:\\\/\\\/www.amstelprinting.nl\\\/es\\\/\",\"logo\":{\"@type\":\"ImageObject\",\"inLanguage\":\"es\",\"@id\":\"https:\\\/\\\/www.amstelprinting.nl\\\/es\\\/#\\\/schema\\\/logo\\\/image\\\/\",\"url\":\"https:\\\/\\\/www.amstelprinting.nl\\\/wp-content\\\/uploads\\\/amstel_printing_logo_clean.png\",\"contentUrl\":\"https:\\\/\\\/www.amstelprinting.nl\\\/wp-content\\\/uploads\\\/amstel_printing_logo_clean.png\",\"width\":324,\"height\":73,\"caption\":\"Amstel Printing\"},\"image\":{\"@id\":\"https:\\\/\\\/www.amstelprinting.nl\\\/es\\\/#\\\/schema\\\/logo\\\/image\\\/\"}}]}<\/script>\n<!-- \/ Yoast SEO plugin. -->","yoast_head_json":{"title":"Dise\u00f1e su propio cartel publicitario con laca protectora | Amstel Printing","description":"\u00bfDesea que su impresi\u00f3n se mantenga bonita por m\u00e1s tiempo? Elija el cartel publicitario con laca protectora. Imprima este cartel con una imagen n\u00edtida seg\u00fan sus deseos. \u00a1Haga su pedido aqu\u00ed!","robots":{"index":"index","follow":"follow","max-snippet":"max-snippet:-1","max-image-preview":"max-image-preview:large","max-video-preview":"max-video-preview:-1"},"canonical":"https:\/\/www.amstelprinting.nl\/es\/tienda\/publicidad-exterior\/vallas-publicitarias\/cartel-publicitario-con-laca-protectora\/","og_locale":"es_ES","og_type":"article","og_title":"Dise\u00f1e su propio cartel publicitario con laca protectora | Amstel Printing","og_description":"\u00bfDesea que su impresi\u00f3n se mantenga bonita por m\u00e1s tiempo? Elija el cartel publicitario con laca protectora. Imprima este cartel con una imagen n\u00edtida seg\u00fan sus deseos. \u00a1Haga su pedido aqu\u00ed!","og_url":"https:\/\/www.amstelprinting.nl\/es\/tienda\/publicidad-exterior\/vallas-publicitarias\/cartel-publicitario-con-laca-protectora\/","og_site_name":"Amstel Printing","article_modified_time":"2026-02-18T11:48:57+00:00","og_image":[{"width":900,"height":900,"url":"https:\/\/www.amstelprinting.nl\/wp-content\/uploads\/reclamebord-bedrukken-optimized.jpg","type":"image\/jpeg"}],"twitter_card":"summary_large_image","twitter_misc":{"Tiempo de lectura":"3 minutos"},"schema":{"@context":"https:\/\/schema.org","@graph":[{"@type":"WebPage","@id":"https:\/\/www.amstelprinting.nl\/es\/tienda\/publicidad-exterior\/vallas-publicitarias\/cartel-publicitario-con-laca-protectora\/","url":"https:\/\/www.amstelprinting.nl\/es\/tienda\/publicidad-exterior\/vallas-publicitarias\/cartel-publicitario-con-laca-protectora\/","name":"Dise\u00f1e su propio cartel publicitario con laca protectora | Amstel Printing","isPartOf":{"@id":"https:\/\/www.amstelprinting.nl\/es\/#website"},"primaryImageOfPage":{"@id":"https:\/\/www.amstelprinting.nl\/es\/tienda\/publicidad-exterior\/vallas-publicitarias\/cartel-publicitario-con-laca-protectora\/#primaryimage"},"image":{"@id":"https:\/\/www.amstelprinting.nl\/es\/tienda\/publicidad-exterior\/vallas-publicitarias\/cartel-publicitario-con-laca-protectora\/#primaryimage"},"thumbnailUrl":"https:\/\/www.amstelprinting.nl\/wp-content\/uploads\/reclamebord-bedrukken-optimized.jpg","datePublished":"2025-01-21T19:06:51+00:00","dateModified":"2026-02-18T11:48:57+00:00","description":"\u00bfDesea que su impresi\u00f3n se mantenga bonita por m\u00e1s tiempo? Elija el cartel publicitario con laca protectora. Imprima este cartel con una imagen n\u00edtida seg\u00fan sus deseos. \u00a1Haga su pedido aqu\u00ed!","breadcrumb":{"@id":"https:\/\/www.amstelprinting.nl\/es\/tienda\/publicidad-exterior\/vallas-publicitarias\/cartel-publicitario-con-laca-protectora\/#breadcrumb"},"inLanguage":"es","potentialAction":[{"@type":"ReadAction","target":["https:\/\/www.amstelprinting.nl\/es\/tienda\/publicidad-exterior\/vallas-publicitarias\/cartel-publicitario-con-laca-protectora\/"]}]},{"@type":"ImageObject","inLanguage":"es","@id":"https:\/\/www.amstelprinting.nl\/es\/tienda\/publicidad-exterior\/vallas-publicitarias\/cartel-publicitario-con-laca-protectora\/#primaryimage","url":"https:\/\/www.amstelprinting.nl\/wp-content\/uploads\/reclamebord-bedrukken-optimized.jpg","contentUrl":"https:\/\/www.amstelprinting.nl\/wp-content\/uploads\/reclamebord-bedrukken-optimized.jpg","width":900,"height":900,"caption":"reclamebord-bedrukken.png"},{"@type":"BreadcrumbList","@id":"https:\/\/www.amstelprinting.nl\/es\/tienda\/publicidad-exterior\/vallas-publicitarias\/cartel-publicitario-con-laca-protectora\/#breadcrumb","itemListElement":[{"@type":"ListItem","position":1,"name":"","item":"https:\/\/www.amstelprinting.nl\/es\/"},{"@type":"ListItem","position":2,"name":"Amstel Printing","item":"https:\/\/www.amstelprinting.nl\/es\/comercio\/"},{"@type":"ListItem","position":3,"name":"Publicidad exterior","item":"https:\/\/www.amstelprinting.nl\/es\/categor\u00eda\/publicidad-exterior\/"},{"@type":"ListItem","position":4,"name":"vallas publicitarias","item":"https:\/\/www.amstelprinting.nl\/es\/categor\u00eda\/publicidad-exterior\/vallas-publicitarias\/"},{"@type":"ListItem","position":5,"name":"Cartel publicitario con laca protectora"}]},{"@type":"WebSite","@id":"https:\/\/www.amstelprinting.nl\/es\/#website","url":"https:\/\/www.amstelprinting.nl\/es\/","name":"Amstel Printing","description":"Creating Exposure","publisher":{"@id":"https:\/\/www.amstelprinting.nl\/es\/#organization"},"potentialAction":[{"@type":"SearchAction","target":{"@type":"EntryPoint","urlTemplate":"https:\/\/www.amstelprinting.nl\/es\/?s={search_term_string}"},"query-input":{"@type":"PropertyValueSpecification","valueRequired":true,"valueName":"search_term_string"}}],"inLanguage":"es"},{"@type":"Organization","@id":"https:\/\/www.amstelprinting.nl\/es\/#organization","name":"Amstel Printing","url":"https:\/\/www.amstelprinting.nl\/es\/","logo":{"@type":"ImageObject","inLanguage":"es","@id":"https:\/\/www.amstelprinting.nl\/es\/#\/schema\/logo\/image\/","url":"https:\/\/www.amstelprinting.nl\/wp-content\/uploads\/amstel_printing_logo_clean.png","contentUrl":"https:\/\/www.amstelprinting.nl\/wp-content\/uploads\/amstel_printing_logo_clean.png","width":324,"height":73,"caption":"Amstel Printing"},"image":{"@id":"https:\/\/www.amstelprinting.nl\/es\/#\/schema\/logo\/image\/"}}]}},"_links":{"self":[{"href":"https:\/\/www.amstelprinting.nl\/es\/wp-json\/wp\/v2\/product\/15878","targetHints":{"allow":["GET"]}}],"collection":[{"href":"https:\/\/www.amstelprinting.nl\/es\/wp-json\/wp\/v2\/product"}],"about":[{"href":"https:\/\/www.amstelprinting.nl\/es\/wp-json\/wp\/v2\/types\/product"}],"wp:featuredmedia":[{"embeddable":true,"href":"https:\/\/www.amstelprinting.nl\/es\/wp-json\/wp\/v2\/media\/15879"}],"wp:attachment":[{"href":"https:\/\/www.amstelprinting.nl\/es\/wp-json\/wp\/v2\/media?parent=15878"}],"wp:term":[{"taxonomy":"product_brand","embeddable":true,"href":"https:\/\/www.amstelprinting.nl\/es\/wp-json\/wp\/v2\/product_brand?post=15878"},{"taxonomy":"product_cat","embeddable":true,"href":"https:\/\/www.amstelprinting.nl\/es\/wp-json\/wp\/v2\/product_cat?post=15878"},{"taxonomy":"product_tag","embeddable":true,"href":"https:\/\/www.amstelprinting.nl\/es\/wp-json\/wp\/v2\/product_tag?post=15878"}],"curies":[{"name":"wp","href":"https:\/\/api.w.org\/{rel}","templated":true}]}}