{"id":15892,"date":"2025-01-21T19:57:31","date_gmt":"2025-01-21T18:57:31","guid":{"rendered":"https:\/\/www.amstelprinting.nl\/winkel\/sin%20categor\u00eda\/bewegwijzering\/"},"modified":"2026-02-18T12:48:57","modified_gmt":"2026-02-18T11:48:57","slug":"senalizacion","status":"publish","type":"product","link":"https:\/\/www.amstelprinting.nl\/es\/tienda\/publicidad-exterior\/construccion-y-propiedad\/senalizacion\/","title":{"rendered":"Se\u00f1alizaci\u00f3n"},"content":{"rendered":"<h3><strong>Pedir se\u00f1alizaci\u00f3n<\/strong><\/h3>\n<p>\u00bfBusca una se\u00f1alizaci\u00f3n profesional y elegante? Nuestro panel de se\u00f1alizaci\u00f3n consiste en un cartel publicitario de panel Dibond impreso firmemente encajado en un robusto marco de aluminio.<\/p>\n<h3>Material<\/h3>\n<p><strong>Panel<\/strong> &#8211; El panel de se\u00f1alizaci\u00f3n est\u00e1 fabricado con material Dibond\u00ae premium de 3 mm de grosor. Dibond es un material compuesto fuerte y ligero que consta de dos capas de aluminio con un n\u00facleo de polietileno. Esto garantiza un acabado duradero y profesional.<\/p>\n<p><strong>Marco de aluminio<\/strong> &#8211; El panel Dibond est\u00e1 firmemente encajado en un robusto marco de aluminio (7 mm de di\u00e1metro) que no solo proporciona una solidez adicional, sino que tambi\u00e9n le otorga un aspecto moderno y elegante. El marco es resistente a la corrosi\u00f3n y, por tanto, apto para todas las condiciones clim\u00e1ticas.<\/p>\n<h2>Uso en exteriores<\/h2>\n<p>Tanto el panel Dibond como el marco de aluminio son resistentes a todo tipo de influencias meteorol\u00f3gicas (lluvia, viento y radiaci\u00f3n UV). De este modo, su se\u00f1alizaci\u00f3n seguir\u00e1 luciendo impecable durante a\u00f1os.<\/p>\n<h3>Formatos<\/h3>\n<p>La se\u00f1alizaci\u00f3n se puede pedir como un conjunto en los siguientes formatos est\u00e1ndar:<\/p>\n<ul>\n<li>100 x 100<\/li>\n<li>150 x 75<\/li>\n<li>120 x 80<\/li>\n<li>75 x 150<\/li>\n<li>80 x 120<\/li>\n<\/ul>\n<p>&nbsp;<\/p>\n<h3>Impresi\u00f3n<\/h3>\n<p>El panel Dibond se puede imprimir tanto por una cara como por las dos (a todo color en toda la superficie). \u00bfHa cambiado el nombre de su empresa? No hay problema, puede volver a pedirnos el panel Dibond por separado.<\/p>\n<h3>Instalaci\u00f3n<\/h3>\n<p>La se\u00f1alizaci\u00f3n se entrega como un kit de montaje, por lo que podr\u00e1 realizar la instalaci\u00f3n usted mismo f\u00e1cilmente. El marco de aluminio se ancla al suelo mediante una bolsa de hormig\u00f3n r\u00e1pido (no incluida).<\/p>\n","protected":false},"excerpt":{"rendered":"<h3>Se\u00f1alizaci\u00f3n con panel Dibond en un magn\u00edfico y s\u00f3lido marco de aluminio.<\/h3>\n<p>\u00bfBusca una se\u00f1alizaci\u00f3n profesional y elegante? Nuestro panel de se\u00f1alizaci\u00f3n consiste en un cartel publicitario de panel Dibond impreso firmemente encajado en un robusto marco de aluminio. Configure su cartel de se\u00f1alizaci\u00f3n impreso a continuaci\u00f3n.<\/p>\n","protected":false},"featured_media":15894,"template":"","meta":{"_et_pb_use_builder":"","_et_pb_old_content":"","_et_gb_content_width":""},"product_brand":[],"product_cat":[455,450,468],"product_tag":[],"class_list":{"0":"post-15892","1":"product","2":"type-product","3":"status-publish","4":"has-post-thumbnail","6":"product_cat-construccion-y-propiedad","7":"product_cat-publicidad-exterior","8":"product_cat-vallas-publicitarias","10":"first","11":"instock","12":"taxable","13":"shipping-taxable","14":"purchasable","15":"product-type-simple"},"yoast_head":"<!-- This site is optimized with the Yoast SEO plugin v27.3 - https:\/\/yoast.com\/product\/yoast-seo-wordpress\/ -->\n<title>Se\u00f1alizaci\u00f3n profesional. Con impresi\u00f3n personalizada<\/title>\n<meta name=\"description\" content=\"Pida su se\u00f1alizaci\u00f3n f\u00e1cilmente. El panel de se\u00f1alizaci\u00f3n consiste en un cartel publicitario impreso en un robusto marco de aluminio. \u00a1Configure y calcule!\" \/>\n<meta name=\"robots\" content=\"index, follow, max-snippet:-1, max-image-preview:large, max-video-preview:-1\" \/>\n<link rel=\"canonical\" href=\"https:\/\/www.amstelprinting.nl\/es\/tienda\/publicidad-exterior\/construccion-y-propiedad\/senalizacion\/\" \/>\n<meta property=\"og:locale\" content=\"es_ES\" \/>\n<meta property=\"og:type\" content=\"article\" \/>\n<meta property=\"og:title\" content=\"Se\u00f1alizaci\u00f3n profesional. Con impresi\u00f3n personalizada\" \/>\n<meta property=\"og:description\" content=\"Pida su se\u00f1alizaci\u00f3n f\u00e1cilmente. El panel de se\u00f1alizaci\u00f3n consiste en un cartel publicitario impreso en un robusto marco de aluminio. \u00a1Configure y calcule!\" \/>\n<meta property=\"og:url\" content=\"https:\/\/www.amstelprinting.nl\/es\/tienda\/publicidad-exterior\/construccion-y-propiedad\/senalizacion\/\" \/>\n<meta property=\"og:site_name\" content=\"Amstel Printing\" \/>\n<meta property=\"article:modified_time\" content=\"2026-02-18T11:48:57+00:00\" \/>\n<meta property=\"og:image\" content=\"https:\/\/www.amstelprinting.nl\/wp-content\/uploads\/Bewegwijzering-bedrukken-optimized.jpg\" \/>\n\t<meta property=\"og:image:width\" content=\"700\" \/>\n\t<meta property=\"og:image:height\" content=\"700\" \/>\n\t<meta property=\"og:image:type\" content=\"image\/jpeg\" \/>\n<meta name=\"twitter:card\" content=\"summary_large_image\" \/>\n<meta name=\"twitter:label1\" content=\"Tiempo de lectura\" \/>\n\t<meta name=\"twitter:data1\" content=\"1 minuto\" \/>\n<script type=\"application\/ld+json\" class=\"yoast-schema-graph\">{\"@context\":\"https:\\\/\\\/schema.org\",\"@graph\":[{\"@type\":\"WebPage\",\"@id\":\"https:\\\/\\\/www.amstelprinting.nl\\\/es\\\/tienda\\\/publicidad-exterior\\\/construccion-y-propiedad\\\/senalizacion\\\/\",\"url\":\"https:\\\/\\\/www.amstelprinting.nl\\\/es\\\/tienda\\\/publicidad-exterior\\\/construccion-y-propiedad\\\/senalizacion\\\/\",\"name\":\"Se\u00f1alizaci\u00f3n profesional. Con impresi\u00f3n personalizada\",\"isPartOf\":{\"@id\":\"https:\\\/\\\/www.amstelprinting.nl\\\/es\\\/#website\"},\"primaryImageOfPage\":{\"@id\":\"https:\\\/\\\/www.amstelprinting.nl\\\/es\\\/tienda\\\/publicidad-exterior\\\/construccion-y-propiedad\\\/senalizacion\\\/#primaryimage\"},\"image\":{\"@id\":\"https:\\\/\\\/www.amstelprinting.nl\\\/es\\\/tienda\\\/publicidad-exterior\\\/construccion-y-propiedad\\\/senalizacion\\\/#primaryimage\"},\"thumbnailUrl\":\"https:\\\/\\\/www.amstelprinting.nl\\\/wp-content\\\/uploads\\\/Bewegwijzering-bedrukken-optimized.jpg\",\"datePublished\":\"2025-01-21T18:57:31+00:00\",\"dateModified\":\"2026-02-18T11:48:57+00:00\",\"description\":\"Pida su se\u00f1alizaci\u00f3n f\u00e1cilmente. El panel de se\u00f1alizaci\u00f3n consiste en un cartel publicitario impreso en un robusto marco de aluminio. \u00a1Configure y calcule!\",\"breadcrumb\":{\"@id\":\"https:\\\/\\\/www.amstelprinting.nl\\\/es\\\/tienda\\\/publicidad-exterior\\\/construccion-y-propiedad\\\/senalizacion\\\/#breadcrumb\"},\"inLanguage\":\"es\",\"potentialAction\":[{\"@type\":\"ReadAction\",\"target\":[\"https:\\\/\\\/www.amstelprinting.nl\\\/es\\\/tienda\\\/publicidad-exterior\\\/construccion-y-propiedad\\\/senalizacion\\\/\"]}]},{\"@type\":\"ImageObject\",\"inLanguage\":\"es\",\"@id\":\"https:\\\/\\\/www.amstelprinting.nl\\\/es\\\/tienda\\\/publicidad-exterior\\\/construccion-y-propiedad\\\/senalizacion\\\/#primaryimage\",\"url\":\"https:\\\/\\\/www.amstelprinting.nl\\\/wp-content\\\/uploads\\\/Bewegwijzering-bedrukken-optimized.jpg\",\"contentUrl\":\"https:\\\/\\\/www.amstelprinting.nl\\\/wp-content\\\/uploads\\\/Bewegwijzering-bedrukken-optimized.jpg\",\"width\":700,\"height\":700,\"caption\":\"Bewegwijzering-bedrukken.png\"},{\"@type\":\"BreadcrumbList\",\"@id\":\"https:\\\/\\\/www.amstelprinting.nl\\\/es\\\/tienda\\\/publicidad-exterior\\\/construccion-y-propiedad\\\/senalizacion\\\/#breadcrumb\",\"itemListElement\":[{\"@type\":\"ListItem\",\"position\":1,\"name\":\"\",\"item\":\"https:\\\/\\\/www.amstelprinting.nl\\\/es\\\/\"},{\"@type\":\"ListItem\",\"position\":2,\"name\":\"Amstel Printing\",\"item\":\"https:\\\/\\\/www.amstelprinting.nl\\\/es\\\/comercio\\\/\"},{\"@type\":\"ListItem\",\"position\":3,\"name\":\"Publicidad exterior\",\"item\":\"https:\\\/\\\/www.amstelprinting.nl\\\/es\\\/categor\u00eda\\\/publicidad-exterior\\\/\"},{\"@type\":\"ListItem\",\"position\":4,\"name\":\"Construcci\u00f3n y propiedad\",\"item\":\"https:\\\/\\\/www.amstelprinting.nl\\\/es\\\/categor\u00eda\\\/publicidad-exterior\\\/construccion-y-propiedad\\\/\"},{\"@type\":\"ListItem\",\"position\":5,\"name\":\"Se\u00f1alizaci\u00f3n\"}]},{\"@type\":\"WebSite\",\"@id\":\"https:\\\/\\\/www.amstelprinting.nl\\\/es\\\/#website\",\"url\":\"https:\\\/\\\/www.amstelprinting.nl\\\/es\\\/\",\"name\":\"Amstel Printing\",\"description\":\"Creating Exposure\",\"publisher\":{\"@id\":\"https:\\\/\\\/www.amstelprinting.nl\\\/es\\\/#organization\"},\"potentialAction\":[{\"@type\":\"SearchAction\",\"target\":{\"@type\":\"EntryPoint\",\"urlTemplate\":\"https:\\\/\\\/www.amstelprinting.nl\\\/es\\\/?s={search_term_string}\"},\"query-input\":{\"@type\":\"PropertyValueSpecification\",\"valueRequired\":true,\"valueName\":\"search_term_string\"}}],\"inLanguage\":\"es\"},{\"@type\":\"Organization\",\"@id\":\"https:\\\/\\\/www.amstelprinting.nl\\\/es\\\/#organization\",\"name\":\"Amstel Printing\",\"url\":\"https:\\\/\\\/www.amstelprinting.nl\\\/es\\\/\",\"logo\":{\"@type\":\"ImageObject\",\"inLanguage\":\"es\",\"@id\":\"https:\\\/\\\/www.amstelprinting.nl\\\/es\\\/#\\\/schema\\\/logo\\\/image\\\/\",\"url\":\"https:\\\/\\\/www.amstelprinting.nl\\\/wp-content\\\/uploads\\\/amstel_printing_logo_clean.png\",\"contentUrl\":\"https:\\\/\\\/www.amstelprinting.nl\\\/wp-content\\\/uploads\\\/amstel_printing_logo_clean.png\",\"width\":324,\"height\":73,\"caption\":\"Amstel Printing\"},\"image\":{\"@id\":\"https:\\\/\\\/www.amstelprinting.nl\\\/es\\\/#\\\/schema\\\/logo\\\/image\\\/\"}}]}<\/script>\n<!-- \/ Yoast SEO plugin. -->","yoast_head_json":{"title":"Se\u00f1alizaci\u00f3n profesional. Con impresi\u00f3n personalizada","description":"Pida su se\u00f1alizaci\u00f3n f\u00e1cilmente. El panel de se\u00f1alizaci\u00f3n consiste en un cartel publicitario impreso en un robusto marco de aluminio. \u00a1Configure y calcule!","robots":{"index":"index","follow":"follow","max-snippet":"max-snippet:-1","max-image-preview":"max-image-preview:large","max-video-preview":"max-video-preview:-1"},"canonical":"https:\/\/www.amstelprinting.nl\/es\/tienda\/publicidad-exterior\/construccion-y-propiedad\/senalizacion\/","og_locale":"es_ES","og_type":"article","og_title":"Se\u00f1alizaci\u00f3n profesional. Con impresi\u00f3n personalizada","og_description":"Pida su se\u00f1alizaci\u00f3n f\u00e1cilmente. El panel de se\u00f1alizaci\u00f3n consiste en un cartel publicitario impreso en un robusto marco de aluminio. \u00a1Configure y calcule!","og_url":"https:\/\/www.amstelprinting.nl\/es\/tienda\/publicidad-exterior\/construccion-y-propiedad\/senalizacion\/","og_site_name":"Amstel Printing","article_modified_time":"2026-02-18T11:48:57+00:00","og_image":[{"width":700,"height":700,"url":"https:\/\/www.amstelprinting.nl\/wp-content\/uploads\/Bewegwijzering-bedrukken-optimized.jpg","type":"image\/jpeg"}],"twitter_card":"summary_large_image","twitter_misc":{"Tiempo de lectura":"1 minuto"},"schema":{"@context":"https:\/\/schema.org","@graph":[{"@type":"WebPage","@id":"https:\/\/www.amstelprinting.nl\/es\/tienda\/publicidad-exterior\/construccion-y-propiedad\/senalizacion\/","url":"https:\/\/www.amstelprinting.nl\/es\/tienda\/publicidad-exterior\/construccion-y-propiedad\/senalizacion\/","name":"Se\u00f1alizaci\u00f3n profesional. Con impresi\u00f3n personalizada","isPartOf":{"@id":"https:\/\/www.amstelprinting.nl\/es\/#website"},"primaryImageOfPage":{"@id":"https:\/\/www.amstelprinting.nl\/es\/tienda\/publicidad-exterior\/construccion-y-propiedad\/senalizacion\/#primaryimage"},"image":{"@id":"https:\/\/www.amstelprinting.nl\/es\/tienda\/publicidad-exterior\/construccion-y-propiedad\/senalizacion\/#primaryimage"},"thumbnailUrl":"https:\/\/www.amstelprinting.nl\/wp-content\/uploads\/Bewegwijzering-bedrukken-optimized.jpg","datePublished":"2025-01-21T18:57:31+00:00","dateModified":"2026-02-18T11:48:57+00:00","description":"Pida su se\u00f1alizaci\u00f3n f\u00e1cilmente. El panel de se\u00f1alizaci\u00f3n consiste en un cartel publicitario impreso en un robusto marco de aluminio. \u00a1Configure y calcule!","breadcrumb":{"@id":"https:\/\/www.amstelprinting.nl\/es\/tienda\/publicidad-exterior\/construccion-y-propiedad\/senalizacion\/#breadcrumb"},"inLanguage":"es","potentialAction":[{"@type":"ReadAction","target":["https:\/\/www.amstelprinting.nl\/es\/tienda\/publicidad-exterior\/construccion-y-propiedad\/senalizacion\/"]}]},{"@type":"ImageObject","inLanguage":"es","@id":"https:\/\/www.amstelprinting.nl\/es\/tienda\/publicidad-exterior\/construccion-y-propiedad\/senalizacion\/#primaryimage","url":"https:\/\/www.amstelprinting.nl\/wp-content\/uploads\/Bewegwijzering-bedrukken-optimized.jpg","contentUrl":"https:\/\/www.amstelprinting.nl\/wp-content\/uploads\/Bewegwijzering-bedrukken-optimized.jpg","width":700,"height":700,"caption":"Bewegwijzering-bedrukken.png"},{"@type":"BreadcrumbList","@id":"https:\/\/www.amstelprinting.nl\/es\/tienda\/publicidad-exterior\/construccion-y-propiedad\/senalizacion\/#breadcrumb","itemListElement":[{"@type":"ListItem","position":1,"name":"","item":"https:\/\/www.amstelprinting.nl\/es\/"},{"@type":"ListItem","position":2,"name":"Amstel Printing","item":"https:\/\/www.amstelprinting.nl\/es\/comercio\/"},{"@type":"ListItem","position":3,"name":"Publicidad exterior","item":"https:\/\/www.amstelprinting.nl\/es\/categor\u00eda\/publicidad-exterior\/"},{"@type":"ListItem","position":4,"name":"Construcci\u00f3n y propiedad","item":"https:\/\/www.amstelprinting.nl\/es\/categor\u00eda\/publicidad-exterior\/construccion-y-propiedad\/"},{"@type":"ListItem","position":5,"name":"Se\u00f1alizaci\u00f3n"}]},{"@type":"WebSite","@id":"https:\/\/www.amstelprinting.nl\/es\/#website","url":"https:\/\/www.amstelprinting.nl\/es\/","name":"Amstel Printing","description":"Creating Exposure","publisher":{"@id":"https:\/\/www.amstelprinting.nl\/es\/#organization"},"potentialAction":[{"@type":"SearchAction","target":{"@type":"EntryPoint","urlTemplate":"https:\/\/www.amstelprinting.nl\/es\/?s={search_term_string}"},"query-input":{"@type":"PropertyValueSpecification","valueRequired":true,"valueName":"search_term_string"}}],"inLanguage":"es"},{"@type":"Organization","@id":"https:\/\/www.amstelprinting.nl\/es\/#organization","name":"Amstel Printing","url":"https:\/\/www.amstelprinting.nl\/es\/","logo":{"@type":"ImageObject","inLanguage":"es","@id":"https:\/\/www.amstelprinting.nl\/es\/#\/schema\/logo\/image\/","url":"https:\/\/www.amstelprinting.nl\/wp-content\/uploads\/amstel_printing_logo_clean.png","contentUrl":"https:\/\/www.amstelprinting.nl\/wp-content\/uploads\/amstel_printing_logo_clean.png","width":324,"height":73,"caption":"Amstel Printing"},"image":{"@id":"https:\/\/www.amstelprinting.nl\/es\/#\/schema\/logo\/image\/"}}]}},"_links":{"self":[{"href":"https:\/\/www.amstelprinting.nl\/es\/wp-json\/wp\/v2\/product\/15892","targetHints":{"allow":["GET"]}}],"collection":[{"href":"https:\/\/www.amstelprinting.nl\/es\/wp-json\/wp\/v2\/product"}],"about":[{"href":"https:\/\/www.amstelprinting.nl\/es\/wp-json\/wp\/v2\/types\/product"}],"wp:featuredmedia":[{"embeddable":true,"href":"https:\/\/www.amstelprinting.nl\/es\/wp-json\/wp\/v2\/media\/15894"}],"wp:attachment":[{"href":"https:\/\/www.amstelprinting.nl\/es\/wp-json\/wp\/v2\/media?parent=15892"}],"wp:term":[{"taxonomy":"product_brand","embeddable":true,"href":"https:\/\/www.amstelprinting.nl\/es\/wp-json\/wp\/v2\/product_brand?post=15892"},{"taxonomy":"product_cat","embeddable":true,"href":"https:\/\/www.amstelprinting.nl\/es\/wp-json\/wp\/v2\/product_cat?post=15892"},{"taxonomy":"product_tag","embeddable":true,"href":"https:\/\/www.amstelprinting.nl\/es\/wp-json\/wp\/v2\/product_tag?post=15892"}],"curies":[{"name":"wp","href":"https:\/\/api.w.org\/{rel}","templated":true}]}}