{"id":15903,"date":"2025-01-21T19:53:22","date_gmt":"2025-01-21T18:53:22","guid":{"rendered":"https:\/\/www.amstelprinting.nl\/winkel\/sin%20categor\u00eda\/makelaarsbordsticker\/"},"modified":"2026-02-18T12:48:58","modified_gmt":"2026-02-18T11:48:58","slug":"sticker-para-cartel-de-inmobiliaria","status":"publish","type":"product","link":"https:\/\/www.amstelprinting.nl\/es\/tienda\/publicidad-exterior\/construccion-y-propiedad\/sticker-para-cartel-de-inmobiliaria\/","title":{"rendered":"Sticker para cartel de inmobiliaria"},"content":{"rendered":"<h2>Pedir stickers para carteles de inmobiliaria: \u00bfc\u00f3mo funciona?<\/h2>\n<p>Nuestros stickers para carteles de inmobiliaria est\u00e1n fabricados con l\u00e1mina de mon\u00f3mero autoadhesiva y resistente al agua. Est\u00e1n disponibles en cuatro idiomas para viviendas en venta y alquiler, con entre cuatro y seis stickers por idioma, todos dise\u00f1ados para atraer la atenci\u00f3n sobre el cartel de la inmobiliaria. Estos stickers son el medio perfecto para que los agentes inmobiliarios destaquen a\u00fan m\u00e1s.<\/p>\n<h2>Cuatro variantes diferentes<\/h2>\n<p>Ya sea para interiores o exteriores, un sticker para cartel de inmobiliaria se puede utilizar en cualquier lugar y comunica eficazmente con textos como &#8216;En venta&#8217;, &#8216;Vendido&#8217;, &#8216;En alquiler&#8217; y &#8216;Alquilado&#8217;. Estos stickers tienen un tama\u00f1o de 10 x 40 cm, un acabado mate con una ligera estructura y est\u00e1n impresos con impresi\u00f3n l\u00e1tex.<\/p>\n<h2>Dise\u00f1os est\u00e1ndar de stickers de inmobiliaria;<\/h2>\n<ul>\n<li>Jornada de puertas abiertas<\/li>\n<li>Alquilado<\/li>\n<li>Vendido<\/li>\n<li>En venta \/ En alquiler<\/li>\n<li>A Vendre<\/li>\n<li>Rented out<\/li>\n<\/ul>\n<p>&nbsp;<\/p>\n<h2>Reutilizable<\/h2>\n<p>El vinilo autoadhesivo tiene una capa de adhesivo removible, para que la capa subyacente no se da\u00f1e y no queden restos de pegamento. Esto permite que el cartel de la inmobiliaria se pueda utilizar una y otra vez.<\/p>\n","protected":false},"excerpt":{"rendered":"<h3>Stickers de inmobiliaria: stickers de alquilado y vendido<\/h3>\n<p>\u00bfVa a poner pronto una casa en venta o en alquiler? Utilice el sticker para cartel de inmobiliaria. Nuestros stickers para carteles de inmobiliaria est\u00e1n fabricados con l\u00e1mina de mon\u00f3mero autoadhesiva e impermeable y ya se pueden pedir desde 1 unidad.<\/p>\n<p>Ya hemos preparado el dise\u00f1o para usted, pudiendo elegir entre nada menos que cuatro idiomas diferentes, tanto para viviendas en venta como en alquiler. Dependiendo del idioma, hay disponibles de cuatro a seis stickers.<\/p>\n<p>El sticker para el cartel de inmobiliaria atrae una atenci\u00f3n extra de los transe\u00fantes. \u00a1Una forma econ\u00f3mica y eficaz de destacar!<\/p>\n","protected":false},"featured_media":15904,"template":"","meta":{"_et_pb_use_builder":"","_et_pb_old_content":"","_et_gb_content_width":""},"product_brand":[],"product_cat":[455,450,468],"product_tag":[],"class_list":{"0":"post-15903","1":"product","2":"type-product","3":"status-publish","4":"has-post-thumbnail","6":"product_cat-construccion-y-propiedad","7":"product_cat-publicidad-exterior","8":"product_cat-vallas-publicitarias","10":"first","11":"instock","12":"taxable","13":"shipping-taxable","14":"purchasable","15":"product-type-simple"},"yoast_head":"<!-- This site is optimized with the Yoast SEO plugin v27.3 - https:\/\/yoast.com\/product\/yoast-seo-wordpress\/ -->\n<title>Sticker para cartel de inmobiliaria Impresi\u00f3n | En venta, Vendido, En alquiler, etc.<\/title>\n<meta name=\"description\" content=\"\u00bfPedir stickers para carteles de inmobiliaria? Elija un dise\u00f1o est\u00e1ndar como En venta, Alquilado, Vendido, etc. \u00a1El sticker de inmobiliaria es resistente al agua y se puede pedir desde 1 unidad!\" \/>\n<meta name=\"robots\" content=\"index, follow, max-snippet:-1, max-image-preview:large, max-video-preview:-1\" \/>\n<link rel=\"canonical\" href=\"https:\/\/www.amstelprinting.nl\/es\/tienda\/publicidad-exterior\/construccion-y-propiedad\/sticker-para-cartel-de-inmobiliaria\/\" \/>\n<meta property=\"og:locale\" content=\"es_ES\" \/>\n<meta property=\"og:type\" content=\"article\" \/>\n<meta property=\"og:title\" content=\"Sticker para cartel de inmobiliaria Impresi\u00f3n | En venta, Vendido, En alquiler, etc.\" \/>\n<meta property=\"og:description\" content=\"\u00bfPedir stickers para carteles de inmobiliaria? Elija un dise\u00f1o est\u00e1ndar como En venta, Alquilado, Vendido, etc. \u00a1El sticker de inmobiliaria es resistente al agua y se puede pedir desde 1 unidad!\" \/>\n<meta property=\"og:url\" content=\"https:\/\/www.amstelprinting.nl\/es\/tienda\/publicidad-exterior\/construccion-y-propiedad\/sticker-para-cartel-de-inmobiliaria\/\" \/>\n<meta property=\"og:site_name\" content=\"Amstel Printing\" \/>\n<meta property=\"article:modified_time\" content=\"2026-02-18T11:48:58+00:00\" \/>\n<meta property=\"og:image\" content=\"https:\/\/www.amstelprinting.nl\/wp-content\/uploads\/Makelaarsbordsticker2-optimized.jpg\" \/>\n\t<meta property=\"og:image:width\" content=\"700\" \/>\n\t<meta property=\"og:image:height\" content=\"700\" \/>\n\t<meta property=\"og:image:type\" content=\"image\/jpeg\" \/>\n<meta name=\"twitter:card\" content=\"summary_large_image\" \/>\n<meta name=\"twitter:label1\" content=\"Tiempo de lectura\" \/>\n\t<meta name=\"twitter:data1\" content=\"1 minuto\" \/>\n<script type=\"application\/ld+json\" class=\"yoast-schema-graph\">{\"@context\":\"https:\\\/\\\/schema.org\",\"@graph\":[{\"@type\":\"WebPage\",\"@id\":\"https:\\\/\\\/www.amstelprinting.nl\\\/es\\\/tienda\\\/publicidad-exterior\\\/construccion-y-propiedad\\\/sticker-para-cartel-de-inmobiliaria\\\/\",\"url\":\"https:\\\/\\\/www.amstelprinting.nl\\\/es\\\/tienda\\\/publicidad-exterior\\\/construccion-y-propiedad\\\/sticker-para-cartel-de-inmobiliaria\\\/\",\"name\":\"Sticker para cartel de inmobiliaria Impresi\u00f3n | En venta, Vendido, En alquiler, etc.\",\"isPartOf\":{\"@id\":\"https:\\\/\\\/www.amstelprinting.nl\\\/es\\\/#website\"},\"primaryImageOfPage\":{\"@id\":\"https:\\\/\\\/www.amstelprinting.nl\\\/es\\\/tienda\\\/publicidad-exterior\\\/construccion-y-propiedad\\\/sticker-para-cartel-de-inmobiliaria\\\/#primaryimage\"},\"image\":{\"@id\":\"https:\\\/\\\/www.amstelprinting.nl\\\/es\\\/tienda\\\/publicidad-exterior\\\/construccion-y-propiedad\\\/sticker-para-cartel-de-inmobiliaria\\\/#primaryimage\"},\"thumbnailUrl\":\"https:\\\/\\\/www.amstelprinting.nl\\\/wp-content\\\/uploads\\\/Makelaarsbordsticker2-optimized.jpg\",\"datePublished\":\"2025-01-21T18:53:22+00:00\",\"dateModified\":\"2026-02-18T11:48:58+00:00\",\"description\":\"\u00bfPedir stickers para carteles de inmobiliaria? Elija un dise\u00f1o est\u00e1ndar como En venta, Alquilado, Vendido, etc. \u00a1El sticker de inmobiliaria es resistente al agua y se puede pedir desde 1 unidad!\",\"breadcrumb\":{\"@id\":\"https:\\\/\\\/www.amstelprinting.nl\\\/es\\\/tienda\\\/publicidad-exterior\\\/construccion-y-propiedad\\\/sticker-para-cartel-de-inmobiliaria\\\/#breadcrumb\"},\"inLanguage\":\"es\",\"potentialAction\":[{\"@type\":\"ReadAction\",\"target\":[\"https:\\\/\\\/www.amstelprinting.nl\\\/es\\\/tienda\\\/publicidad-exterior\\\/construccion-y-propiedad\\\/sticker-para-cartel-de-inmobiliaria\\\/\"]}]},{\"@type\":\"ImageObject\",\"inLanguage\":\"es\",\"@id\":\"https:\\\/\\\/www.amstelprinting.nl\\\/es\\\/tienda\\\/publicidad-exterior\\\/construccion-y-propiedad\\\/sticker-para-cartel-de-inmobiliaria\\\/#primaryimage\",\"url\":\"https:\\\/\\\/www.amstelprinting.nl\\\/wp-content\\\/uploads\\\/Makelaarsbordsticker2-optimized.jpg\",\"contentUrl\":\"https:\\\/\\\/www.amstelprinting.nl\\\/wp-content\\\/uploads\\\/Makelaarsbordsticker2-optimized.jpg\",\"width\":700,\"height\":700,\"caption\":\"Makelaarsbordsticker2.jpg\"},{\"@type\":\"BreadcrumbList\",\"@id\":\"https:\\\/\\\/www.amstelprinting.nl\\\/es\\\/tienda\\\/publicidad-exterior\\\/construccion-y-propiedad\\\/sticker-para-cartel-de-inmobiliaria\\\/#breadcrumb\",\"itemListElement\":[{\"@type\":\"ListItem\",\"position\":1,\"name\":\"\",\"item\":\"https:\\\/\\\/www.amstelprinting.nl\\\/es\\\/\"},{\"@type\":\"ListItem\",\"position\":2,\"name\":\"Amstel Printing\",\"item\":\"https:\\\/\\\/www.amstelprinting.nl\\\/es\\\/comercio\\\/\"},{\"@type\":\"ListItem\",\"position\":3,\"name\":\"Publicidad exterior\",\"item\":\"https:\\\/\\\/www.amstelprinting.nl\\\/es\\\/categor\u00eda\\\/publicidad-exterior\\\/\"},{\"@type\":\"ListItem\",\"position\":4,\"name\":\"Construcci\u00f3n y propiedad\",\"item\":\"https:\\\/\\\/www.amstelprinting.nl\\\/es\\\/categor\u00eda\\\/publicidad-exterior\\\/construccion-y-propiedad\\\/\"},{\"@type\":\"ListItem\",\"position\":5,\"name\":\"Sticker para cartel de inmobiliaria\"}]},{\"@type\":\"WebSite\",\"@id\":\"https:\\\/\\\/www.amstelprinting.nl\\\/es\\\/#website\",\"url\":\"https:\\\/\\\/www.amstelprinting.nl\\\/es\\\/\",\"name\":\"Amstel Printing\",\"description\":\"Creating Exposure\",\"publisher\":{\"@id\":\"https:\\\/\\\/www.amstelprinting.nl\\\/es\\\/#organization\"},\"potentialAction\":[{\"@type\":\"SearchAction\",\"target\":{\"@type\":\"EntryPoint\",\"urlTemplate\":\"https:\\\/\\\/www.amstelprinting.nl\\\/es\\\/?s={search_term_string}\"},\"query-input\":{\"@type\":\"PropertyValueSpecification\",\"valueRequired\":true,\"valueName\":\"search_term_string\"}}],\"inLanguage\":\"es\"},{\"@type\":\"Organization\",\"@id\":\"https:\\\/\\\/www.amstelprinting.nl\\\/es\\\/#organization\",\"name\":\"Amstel Printing\",\"url\":\"https:\\\/\\\/www.amstelprinting.nl\\\/es\\\/\",\"logo\":{\"@type\":\"ImageObject\",\"inLanguage\":\"es\",\"@id\":\"https:\\\/\\\/www.amstelprinting.nl\\\/es\\\/#\\\/schema\\\/logo\\\/image\\\/\",\"url\":\"https:\\\/\\\/www.amstelprinting.nl\\\/wp-content\\\/uploads\\\/amstel_printing_logo_clean.png\",\"contentUrl\":\"https:\\\/\\\/www.amstelprinting.nl\\\/wp-content\\\/uploads\\\/amstel_printing_logo_clean.png\",\"width\":324,\"height\":73,\"caption\":\"Amstel Printing\"},\"image\":{\"@id\":\"https:\\\/\\\/www.amstelprinting.nl\\\/es\\\/#\\\/schema\\\/logo\\\/image\\\/\"}}]}<\/script>\n<!-- \/ Yoast SEO plugin. -->","yoast_head_json":{"title":"Sticker para cartel de inmobiliaria Impresi\u00f3n | En venta, Vendido, En alquiler, etc.","description":"\u00bfPedir stickers para carteles de inmobiliaria? Elija un dise\u00f1o est\u00e1ndar como En venta, Alquilado, Vendido, etc. \u00a1El sticker de inmobiliaria es resistente al agua y se puede pedir desde 1 unidad!","robots":{"index":"index","follow":"follow","max-snippet":"max-snippet:-1","max-image-preview":"max-image-preview:large","max-video-preview":"max-video-preview:-1"},"canonical":"https:\/\/www.amstelprinting.nl\/es\/tienda\/publicidad-exterior\/construccion-y-propiedad\/sticker-para-cartel-de-inmobiliaria\/","og_locale":"es_ES","og_type":"article","og_title":"Sticker para cartel de inmobiliaria Impresi\u00f3n | En venta, Vendido, En alquiler, etc.","og_description":"\u00bfPedir stickers para carteles de inmobiliaria? Elija un dise\u00f1o est\u00e1ndar como En venta, Alquilado, Vendido, etc. \u00a1El sticker de inmobiliaria es resistente al agua y se puede pedir desde 1 unidad!","og_url":"https:\/\/www.amstelprinting.nl\/es\/tienda\/publicidad-exterior\/construccion-y-propiedad\/sticker-para-cartel-de-inmobiliaria\/","og_site_name":"Amstel Printing","article_modified_time":"2026-02-18T11:48:58+00:00","og_image":[{"width":700,"height":700,"url":"https:\/\/www.amstelprinting.nl\/wp-content\/uploads\/Makelaarsbordsticker2-optimized.jpg","type":"image\/jpeg"}],"twitter_card":"summary_large_image","twitter_misc":{"Tiempo de lectura":"1 minuto"},"schema":{"@context":"https:\/\/schema.org","@graph":[{"@type":"WebPage","@id":"https:\/\/www.amstelprinting.nl\/es\/tienda\/publicidad-exterior\/construccion-y-propiedad\/sticker-para-cartel-de-inmobiliaria\/","url":"https:\/\/www.amstelprinting.nl\/es\/tienda\/publicidad-exterior\/construccion-y-propiedad\/sticker-para-cartel-de-inmobiliaria\/","name":"Sticker para cartel de inmobiliaria Impresi\u00f3n | En venta, Vendido, En alquiler, etc.","isPartOf":{"@id":"https:\/\/www.amstelprinting.nl\/es\/#website"},"primaryImageOfPage":{"@id":"https:\/\/www.amstelprinting.nl\/es\/tienda\/publicidad-exterior\/construccion-y-propiedad\/sticker-para-cartel-de-inmobiliaria\/#primaryimage"},"image":{"@id":"https:\/\/www.amstelprinting.nl\/es\/tienda\/publicidad-exterior\/construccion-y-propiedad\/sticker-para-cartel-de-inmobiliaria\/#primaryimage"},"thumbnailUrl":"https:\/\/www.amstelprinting.nl\/wp-content\/uploads\/Makelaarsbordsticker2-optimized.jpg","datePublished":"2025-01-21T18:53:22+00:00","dateModified":"2026-02-18T11:48:58+00:00","description":"\u00bfPedir stickers para carteles de inmobiliaria? Elija un dise\u00f1o est\u00e1ndar como En venta, Alquilado, Vendido, etc. \u00a1El sticker de inmobiliaria es resistente al agua y se puede pedir desde 1 unidad!","breadcrumb":{"@id":"https:\/\/www.amstelprinting.nl\/es\/tienda\/publicidad-exterior\/construccion-y-propiedad\/sticker-para-cartel-de-inmobiliaria\/#breadcrumb"},"inLanguage":"es","potentialAction":[{"@type":"ReadAction","target":["https:\/\/www.amstelprinting.nl\/es\/tienda\/publicidad-exterior\/construccion-y-propiedad\/sticker-para-cartel-de-inmobiliaria\/"]}]},{"@type":"ImageObject","inLanguage":"es","@id":"https:\/\/www.amstelprinting.nl\/es\/tienda\/publicidad-exterior\/construccion-y-propiedad\/sticker-para-cartel-de-inmobiliaria\/#primaryimage","url":"https:\/\/www.amstelprinting.nl\/wp-content\/uploads\/Makelaarsbordsticker2-optimized.jpg","contentUrl":"https:\/\/www.amstelprinting.nl\/wp-content\/uploads\/Makelaarsbordsticker2-optimized.jpg","width":700,"height":700,"caption":"Makelaarsbordsticker2.jpg"},{"@type":"BreadcrumbList","@id":"https:\/\/www.amstelprinting.nl\/es\/tienda\/publicidad-exterior\/construccion-y-propiedad\/sticker-para-cartel-de-inmobiliaria\/#breadcrumb","itemListElement":[{"@type":"ListItem","position":1,"name":"","item":"https:\/\/www.amstelprinting.nl\/es\/"},{"@type":"ListItem","position":2,"name":"Amstel Printing","item":"https:\/\/www.amstelprinting.nl\/es\/comercio\/"},{"@type":"ListItem","position":3,"name":"Publicidad exterior","item":"https:\/\/www.amstelprinting.nl\/es\/categor\u00eda\/publicidad-exterior\/"},{"@type":"ListItem","position":4,"name":"Construcci\u00f3n y propiedad","item":"https:\/\/www.amstelprinting.nl\/es\/categor\u00eda\/publicidad-exterior\/construccion-y-propiedad\/"},{"@type":"ListItem","position":5,"name":"Sticker para cartel de inmobiliaria"}]},{"@type":"WebSite","@id":"https:\/\/www.amstelprinting.nl\/es\/#website","url":"https:\/\/www.amstelprinting.nl\/es\/","name":"Amstel Printing","description":"Creating Exposure","publisher":{"@id":"https:\/\/www.amstelprinting.nl\/es\/#organization"},"potentialAction":[{"@type":"SearchAction","target":{"@type":"EntryPoint","urlTemplate":"https:\/\/www.amstelprinting.nl\/es\/?s={search_term_string}"},"query-input":{"@type":"PropertyValueSpecification","valueRequired":true,"valueName":"search_term_string"}}],"inLanguage":"es"},{"@type":"Organization","@id":"https:\/\/www.amstelprinting.nl\/es\/#organization","name":"Amstel Printing","url":"https:\/\/www.amstelprinting.nl\/es\/","logo":{"@type":"ImageObject","inLanguage":"es","@id":"https:\/\/www.amstelprinting.nl\/es\/#\/schema\/logo\/image\/","url":"https:\/\/www.amstelprinting.nl\/wp-content\/uploads\/amstel_printing_logo_clean.png","contentUrl":"https:\/\/www.amstelprinting.nl\/wp-content\/uploads\/amstel_printing_logo_clean.png","width":324,"height":73,"caption":"Amstel Printing"},"image":{"@id":"https:\/\/www.amstelprinting.nl\/es\/#\/schema\/logo\/image\/"}}]}},"_links":{"self":[{"href":"https:\/\/www.amstelprinting.nl\/es\/wp-json\/wp\/v2\/product\/15903","targetHints":{"allow":["GET"]}}],"collection":[{"href":"https:\/\/www.amstelprinting.nl\/es\/wp-json\/wp\/v2\/product"}],"about":[{"href":"https:\/\/www.amstelprinting.nl\/es\/wp-json\/wp\/v2\/types\/product"}],"wp:featuredmedia":[{"embeddable":true,"href":"https:\/\/www.amstelprinting.nl\/es\/wp-json\/wp\/v2\/media\/15904"}],"wp:attachment":[{"href":"https:\/\/www.amstelprinting.nl\/es\/wp-json\/wp\/v2\/media?parent=15903"}],"wp:term":[{"taxonomy":"product_brand","embeddable":true,"href":"https:\/\/www.amstelprinting.nl\/es\/wp-json\/wp\/v2\/product_brand?post=15903"},{"taxonomy":"product_cat","embeddable":true,"href":"https:\/\/www.amstelprinting.nl\/es\/wp-json\/wp\/v2\/product_cat?post=15903"},{"taxonomy":"product_tag","embeddable":true,"href":"https:\/\/www.amstelprinting.nl\/es\/wp-json\/wp\/v2\/product_tag?post=15903"}],"curies":[{"name":"wp","href":"https:\/\/api.w.org\/{rel}","templated":true}]}}