{"id":15913,"date":"2025-01-21T19:46:17","date_gmt":"2025-01-21T18:46:17","guid":{"rendered":"https:\/\/www.amstelprinting.nl\/winkel\/sin%20categor\u00eda\/sportveldbord\/"},"modified":"2026-02-18T12:48:58","modified_gmt":"2026-02-18T11:48:58","slug":"valla-publicitaria-deportiva","status":"publish","type":"product","link":"https:\/\/www.amstelprinting.nl\/es\/tienda\/publicidad-exterior\/vallas-publicitarias\/valla-publicitaria-deportiva\/","title":{"rendered":"Valla publicitaria deportiva"},"content":{"rendered":"<h2>Impresi\u00f3n de vallas publicitarias deportivas<\/h2>\n<p>Las vallas publicitarias deportivas tambi\u00e9n se denominan paneles de presentaci\u00f3n, paneles exteriores o paneles de f\u00fatbol. Una valla publicitaria deportiva impresa es un medio promocional muy popular y sumamente eficaz. En Amstel Printing puede configurar y pedir su valla publicitaria deportiva impresa de forma muy econ\u00f3mica y sencilla.<\/p>\n<h2><\/h2>\n<h2>Material<\/h2>\n<p>Nuestras vallas publicitarias deportivas est\u00e1n disponibles en dos calidades diferentes;<\/p>\n<p><strong>Dibond<\/strong><\/p>\n<ul>\n<li>Material: aluminio y polietileno<\/li>\n<li>Panel s\u00e1ndwich relativamente ligero<\/li>\n<li>Resistente a los ara\u00f1azos y a la intemperie<\/li>\n<li>Apto para uso en interiores y exteriores<\/li>\n<li>Solo impresi\u00f3n a una cara<\/li>\n<\/ul>\n<p>&nbsp;<\/p>\n<p><strong>HPL<\/strong><\/p>\n<ul>\n<li>Material: capa superior de resina sint\u00e9tica con un n\u00facleo de capas de papel comprimido<\/li>\n<li>Calidad m\u00e1s pesada (8,5 kg\/m2 &#8211; 25% m\u00e1s pesado que el Dibond)<\/li>\n<li>Resistente a los ara\u00f1azos y a la intemperie<\/li>\n<li>Apto para uso en interiores y exteriores<\/li>\n<li>Impresi\u00f3n tanto a una cara como a doble cara<\/li>\n<\/ul>\n<p>&nbsp;<\/p>\n<h2>Acabado<\/h2>\n<div>Elija el acabado que desee. Dependiendo del material elegido (Dibond o HPL), se pueden elegir diferentes acabados.<\/div>\n<p><strong>Dibond<\/strong><\/p>\n<ul>\n<li>sin recubrimiento<\/li>\n<li>recubrimiento protector mate<\/li>\n<li>recubrimiento protector brillo<\/li>\n<\/ul>\n<p><strong>HPL<\/strong><br \/>\nUna valla deportiva de HPL se puede acabar con una l\u00e1mina brillante o mate. Nota: En el caso del HPL, la placa puede deformarse si solo se aplica una l\u00e1mina en un lado.<\/p>\n<h2><\/h2>\n<h2>Fijaci\u00f3n de la valla publicitaria deportiva<\/h2>\n<p>Para la fijaci\u00f3n de la valla publicitaria deportiva, puede optar por que se realicen orificios de perforaci\u00f3n en la misma. El di\u00e1metro m\u00ednimo de perforaci\u00f3n es de 5 mm. Si desea orificios m\u00e1s grandes, puede indic\u00e1rnoslo en la configuraci\u00f3n. No es necesario que indique los orificios en el archivo, nosotros lo haremos por usted.<\/p>\n","protected":false},"excerpt":{"rendered":"<div>\n<p>Deje una impresi\u00f3n deportiva y promocione su empresa con una valla publicitaria deportiva impresa. Ideal para la promoci\u00f3n a lo largo de campos de hockey o f\u00fatbol.<\/p>\n<p>&nbsp;<\/p>\n<\/div>\n","protected":false},"featured_media":15914,"template":"","meta":{"_et_pb_use_builder":"","_et_pb_old_content":"","_et_gb_content_width":""},"product_brand":[],"product_cat":[450,468],"product_tag":[],"class_list":{"0":"post-15913","1":"product","2":"type-product","3":"status-publish","4":"has-post-thumbnail","6":"product_cat-publicidad-exterior","7":"product_cat-vallas-publicitarias","9":"first","10":"instock","11":"taxable","12":"shipping-taxable","13":"purchasable","14":"product-type-simple"},"yoast_head":"<!-- This site is optimized with the Yoast SEO plugin v27.3 - https:\/\/yoast.com\/product\/yoast-seo-wordpress\/ -->\n<title>Valla publicitaria deportiva Dise\u00f1o e Impresi\u00f3n | Amstel Printing - \u00a1Barato y r\u00e1pido!<\/title>\n<meta name=\"description\" content=\"Vallas publicitarias deportivas: una magn\u00edfica valla publicitaria para el campo de deportes. Calcule directamente el precio de una valla publicitaria deportiva con la impresi\u00f3n que desee. \u00a1Empiece a dise\u00f1ar aqu\u00ed!\" \/>\n<meta name=\"robots\" content=\"index, follow, max-snippet:-1, max-image-preview:large, max-video-preview:-1\" \/>\n<link rel=\"canonical\" href=\"https:\/\/www.amstelprinting.nl\/es\/tienda\/publicidad-exterior\/vallas-publicitarias\/valla-publicitaria-deportiva\/\" \/>\n<meta property=\"og:locale\" content=\"es_ES\" \/>\n<meta property=\"og:type\" content=\"article\" \/>\n<meta property=\"og:title\" content=\"Valla publicitaria deportiva Dise\u00f1o e Impresi\u00f3n | Amstel Printing - \u00a1Barato y r\u00e1pido!\" \/>\n<meta property=\"og:description\" content=\"Vallas publicitarias deportivas: una magn\u00edfica valla publicitaria para el campo de deportes. Calcule directamente el precio de una valla publicitaria deportiva con la impresi\u00f3n que desee. \u00a1Empiece a dise\u00f1ar aqu\u00ed!\" \/>\n<meta property=\"og:url\" content=\"https:\/\/www.amstelprinting.nl\/es\/tienda\/publicidad-exterior\/vallas-publicitarias\/valla-publicitaria-deportiva\/\" \/>\n<meta property=\"og:site_name\" content=\"Amstel Printing\" \/>\n<meta property=\"article:modified_time\" content=\"2026-02-18T11:48:58+00:00\" \/>\n<meta property=\"og:image\" content=\"https:\/\/www.amstelprinting.nl\/wp-content\/uploads\/Sportveldbord-optimized.jpg\" \/>\n\t<meta property=\"og:image:width\" content=\"700\" \/>\n\t<meta property=\"og:image:height\" content=\"700\" \/>\n\t<meta property=\"og:image:type\" content=\"image\/jpeg\" \/>\n<meta name=\"twitter:card\" content=\"summary_large_image\" \/>\n<meta name=\"twitter:label1\" content=\"Tiempo de lectura\" \/>\n\t<meta name=\"twitter:data1\" content=\"1 minuto\" \/>\n<script type=\"application\/ld+json\" class=\"yoast-schema-graph\">{\"@context\":\"https:\\\/\\\/schema.org\",\"@graph\":[{\"@type\":\"WebPage\",\"@id\":\"https:\\\/\\\/www.amstelprinting.nl\\\/es\\\/tienda\\\/publicidad-exterior\\\/vallas-publicitarias\\\/valla-publicitaria-deportiva\\\/\",\"url\":\"https:\\\/\\\/www.amstelprinting.nl\\\/es\\\/tienda\\\/publicidad-exterior\\\/vallas-publicitarias\\\/valla-publicitaria-deportiva\\\/\",\"name\":\"Valla publicitaria deportiva Dise\u00f1o e Impresi\u00f3n | Amstel Printing - \u00a1Barato y r\u00e1pido!\",\"isPartOf\":{\"@id\":\"https:\\\/\\\/www.amstelprinting.nl\\\/es\\\/#website\"},\"primaryImageOfPage\":{\"@id\":\"https:\\\/\\\/www.amstelprinting.nl\\\/es\\\/tienda\\\/publicidad-exterior\\\/vallas-publicitarias\\\/valla-publicitaria-deportiva\\\/#primaryimage\"},\"image\":{\"@id\":\"https:\\\/\\\/www.amstelprinting.nl\\\/es\\\/tienda\\\/publicidad-exterior\\\/vallas-publicitarias\\\/valla-publicitaria-deportiva\\\/#primaryimage\"},\"thumbnailUrl\":\"https:\\\/\\\/www.amstelprinting.nl\\\/wp-content\\\/uploads\\\/Sportveldbord-optimized.jpg\",\"datePublished\":\"2025-01-21T18:46:17+00:00\",\"dateModified\":\"2026-02-18T11:48:58+00:00\",\"description\":\"Vallas publicitarias deportivas: una magn\u00edfica valla publicitaria para el campo de deportes. Calcule directamente el precio de una valla publicitaria deportiva con la impresi\u00f3n que desee. \u00a1Empiece a dise\u00f1ar aqu\u00ed!\",\"breadcrumb\":{\"@id\":\"https:\\\/\\\/www.amstelprinting.nl\\\/es\\\/tienda\\\/publicidad-exterior\\\/vallas-publicitarias\\\/valla-publicitaria-deportiva\\\/#breadcrumb\"},\"inLanguage\":\"es\",\"potentialAction\":[{\"@type\":\"ReadAction\",\"target\":[\"https:\\\/\\\/www.amstelprinting.nl\\\/es\\\/tienda\\\/publicidad-exterior\\\/vallas-publicitarias\\\/valla-publicitaria-deportiva\\\/\"]}]},{\"@type\":\"ImageObject\",\"inLanguage\":\"es\",\"@id\":\"https:\\\/\\\/www.amstelprinting.nl\\\/es\\\/tienda\\\/publicidad-exterior\\\/vallas-publicitarias\\\/valla-publicitaria-deportiva\\\/#primaryimage\",\"url\":\"https:\\\/\\\/www.amstelprinting.nl\\\/wp-content\\\/uploads\\\/Sportveldbord-optimized.jpg\",\"contentUrl\":\"https:\\\/\\\/www.amstelprinting.nl\\\/wp-content\\\/uploads\\\/Sportveldbord-optimized.jpg\",\"width\":700,\"height\":700,\"caption\":\"Sportveldbord.png\"},{\"@type\":\"BreadcrumbList\",\"@id\":\"https:\\\/\\\/www.amstelprinting.nl\\\/es\\\/tienda\\\/publicidad-exterior\\\/vallas-publicitarias\\\/valla-publicitaria-deportiva\\\/#breadcrumb\",\"itemListElement\":[{\"@type\":\"ListItem\",\"position\":1,\"name\":\"\",\"item\":\"https:\\\/\\\/www.amstelprinting.nl\\\/es\\\/\"},{\"@type\":\"ListItem\",\"position\":2,\"name\":\"Amstel Printing\",\"item\":\"https:\\\/\\\/www.amstelprinting.nl\\\/es\\\/comercio\\\/\"},{\"@type\":\"ListItem\",\"position\":3,\"name\":\"Publicidad exterior\",\"item\":\"https:\\\/\\\/www.amstelprinting.nl\\\/es\\\/categor\u00eda\\\/publicidad-exterior\\\/\"},{\"@type\":\"ListItem\",\"position\":4,\"name\":\"vallas publicitarias\",\"item\":\"https:\\\/\\\/www.amstelprinting.nl\\\/es\\\/categor\u00eda\\\/publicidad-exterior\\\/vallas-publicitarias\\\/\"},{\"@type\":\"ListItem\",\"position\":5,\"name\":\"Valla publicitaria deportiva\"}]},{\"@type\":\"WebSite\",\"@id\":\"https:\\\/\\\/www.amstelprinting.nl\\\/es\\\/#website\",\"url\":\"https:\\\/\\\/www.amstelprinting.nl\\\/es\\\/\",\"name\":\"Amstel Printing\",\"description\":\"Creating Exposure\",\"publisher\":{\"@id\":\"https:\\\/\\\/www.amstelprinting.nl\\\/es\\\/#organization\"},\"potentialAction\":[{\"@type\":\"SearchAction\",\"target\":{\"@type\":\"EntryPoint\",\"urlTemplate\":\"https:\\\/\\\/www.amstelprinting.nl\\\/es\\\/?s={search_term_string}\"},\"query-input\":{\"@type\":\"PropertyValueSpecification\",\"valueRequired\":true,\"valueName\":\"search_term_string\"}}],\"inLanguage\":\"es\"},{\"@type\":\"Organization\",\"@id\":\"https:\\\/\\\/www.amstelprinting.nl\\\/es\\\/#organization\",\"name\":\"Amstel Printing\",\"url\":\"https:\\\/\\\/www.amstelprinting.nl\\\/es\\\/\",\"logo\":{\"@type\":\"ImageObject\",\"inLanguage\":\"es\",\"@id\":\"https:\\\/\\\/www.amstelprinting.nl\\\/es\\\/#\\\/schema\\\/logo\\\/image\\\/\",\"url\":\"https:\\\/\\\/www.amstelprinting.nl\\\/wp-content\\\/uploads\\\/amstel_printing_logo_clean.png\",\"contentUrl\":\"https:\\\/\\\/www.amstelprinting.nl\\\/wp-content\\\/uploads\\\/amstel_printing_logo_clean.png\",\"width\":324,\"height\":73,\"caption\":\"Amstel Printing\"},\"image\":{\"@id\":\"https:\\\/\\\/www.amstelprinting.nl\\\/es\\\/#\\\/schema\\\/logo\\\/image\\\/\"}}]}<\/script>\n<!-- \/ Yoast SEO plugin. -->","yoast_head_json":{"title":"Valla publicitaria deportiva Dise\u00f1o e Impresi\u00f3n | Amstel Printing - \u00a1Barato y r\u00e1pido!","description":"Vallas publicitarias deportivas: una magn\u00edfica valla publicitaria para el campo de deportes. Calcule directamente el precio de una valla publicitaria deportiva con la impresi\u00f3n que desee. \u00a1Empiece a dise\u00f1ar aqu\u00ed!","robots":{"index":"index","follow":"follow","max-snippet":"max-snippet:-1","max-image-preview":"max-image-preview:large","max-video-preview":"max-video-preview:-1"},"canonical":"https:\/\/www.amstelprinting.nl\/es\/tienda\/publicidad-exterior\/vallas-publicitarias\/valla-publicitaria-deportiva\/","og_locale":"es_ES","og_type":"article","og_title":"Valla publicitaria deportiva Dise\u00f1o e Impresi\u00f3n | Amstel Printing - \u00a1Barato y r\u00e1pido!","og_description":"Vallas publicitarias deportivas: una magn\u00edfica valla publicitaria para el campo de deportes. Calcule directamente el precio de una valla publicitaria deportiva con la impresi\u00f3n que desee. \u00a1Empiece a dise\u00f1ar aqu\u00ed!","og_url":"https:\/\/www.amstelprinting.nl\/es\/tienda\/publicidad-exterior\/vallas-publicitarias\/valla-publicitaria-deportiva\/","og_site_name":"Amstel Printing","article_modified_time":"2026-02-18T11:48:58+00:00","og_image":[{"width":700,"height":700,"url":"https:\/\/www.amstelprinting.nl\/wp-content\/uploads\/Sportveldbord-optimized.jpg","type":"image\/jpeg"}],"twitter_card":"summary_large_image","twitter_misc":{"Tiempo de lectura":"1 minuto"},"schema":{"@context":"https:\/\/schema.org","@graph":[{"@type":"WebPage","@id":"https:\/\/www.amstelprinting.nl\/es\/tienda\/publicidad-exterior\/vallas-publicitarias\/valla-publicitaria-deportiva\/","url":"https:\/\/www.amstelprinting.nl\/es\/tienda\/publicidad-exterior\/vallas-publicitarias\/valla-publicitaria-deportiva\/","name":"Valla publicitaria deportiva Dise\u00f1o e Impresi\u00f3n | Amstel Printing - \u00a1Barato y r\u00e1pido!","isPartOf":{"@id":"https:\/\/www.amstelprinting.nl\/es\/#website"},"primaryImageOfPage":{"@id":"https:\/\/www.amstelprinting.nl\/es\/tienda\/publicidad-exterior\/vallas-publicitarias\/valla-publicitaria-deportiva\/#primaryimage"},"image":{"@id":"https:\/\/www.amstelprinting.nl\/es\/tienda\/publicidad-exterior\/vallas-publicitarias\/valla-publicitaria-deportiva\/#primaryimage"},"thumbnailUrl":"https:\/\/www.amstelprinting.nl\/wp-content\/uploads\/Sportveldbord-optimized.jpg","datePublished":"2025-01-21T18:46:17+00:00","dateModified":"2026-02-18T11:48:58+00:00","description":"Vallas publicitarias deportivas: una magn\u00edfica valla publicitaria para el campo de deportes. Calcule directamente el precio de una valla publicitaria deportiva con la impresi\u00f3n que desee. \u00a1Empiece a dise\u00f1ar aqu\u00ed!","breadcrumb":{"@id":"https:\/\/www.amstelprinting.nl\/es\/tienda\/publicidad-exterior\/vallas-publicitarias\/valla-publicitaria-deportiva\/#breadcrumb"},"inLanguage":"es","potentialAction":[{"@type":"ReadAction","target":["https:\/\/www.amstelprinting.nl\/es\/tienda\/publicidad-exterior\/vallas-publicitarias\/valla-publicitaria-deportiva\/"]}]},{"@type":"ImageObject","inLanguage":"es","@id":"https:\/\/www.amstelprinting.nl\/es\/tienda\/publicidad-exterior\/vallas-publicitarias\/valla-publicitaria-deportiva\/#primaryimage","url":"https:\/\/www.amstelprinting.nl\/wp-content\/uploads\/Sportveldbord-optimized.jpg","contentUrl":"https:\/\/www.amstelprinting.nl\/wp-content\/uploads\/Sportveldbord-optimized.jpg","width":700,"height":700,"caption":"Sportveldbord.png"},{"@type":"BreadcrumbList","@id":"https:\/\/www.amstelprinting.nl\/es\/tienda\/publicidad-exterior\/vallas-publicitarias\/valla-publicitaria-deportiva\/#breadcrumb","itemListElement":[{"@type":"ListItem","position":1,"name":"","item":"https:\/\/www.amstelprinting.nl\/es\/"},{"@type":"ListItem","position":2,"name":"Amstel Printing","item":"https:\/\/www.amstelprinting.nl\/es\/comercio\/"},{"@type":"ListItem","position":3,"name":"Publicidad exterior","item":"https:\/\/www.amstelprinting.nl\/es\/categor\u00eda\/publicidad-exterior\/"},{"@type":"ListItem","position":4,"name":"vallas publicitarias","item":"https:\/\/www.amstelprinting.nl\/es\/categor\u00eda\/publicidad-exterior\/vallas-publicitarias\/"},{"@type":"ListItem","position":5,"name":"Valla publicitaria deportiva"}]},{"@type":"WebSite","@id":"https:\/\/www.amstelprinting.nl\/es\/#website","url":"https:\/\/www.amstelprinting.nl\/es\/","name":"Amstel Printing","description":"Creating Exposure","publisher":{"@id":"https:\/\/www.amstelprinting.nl\/es\/#organization"},"potentialAction":[{"@type":"SearchAction","target":{"@type":"EntryPoint","urlTemplate":"https:\/\/www.amstelprinting.nl\/es\/?s={search_term_string}"},"query-input":{"@type":"PropertyValueSpecification","valueRequired":true,"valueName":"search_term_string"}}],"inLanguage":"es"},{"@type":"Organization","@id":"https:\/\/www.amstelprinting.nl\/es\/#organization","name":"Amstel Printing","url":"https:\/\/www.amstelprinting.nl\/es\/","logo":{"@type":"ImageObject","inLanguage":"es","@id":"https:\/\/www.amstelprinting.nl\/es\/#\/schema\/logo\/image\/","url":"https:\/\/www.amstelprinting.nl\/wp-content\/uploads\/amstel_printing_logo_clean.png","contentUrl":"https:\/\/www.amstelprinting.nl\/wp-content\/uploads\/amstel_printing_logo_clean.png","width":324,"height":73,"caption":"Amstel Printing"},"image":{"@id":"https:\/\/www.amstelprinting.nl\/es\/#\/schema\/logo\/image\/"}}]}},"_links":{"self":[{"href":"https:\/\/www.amstelprinting.nl\/es\/wp-json\/wp\/v2\/product\/15913","targetHints":{"allow":["GET"]}}],"collection":[{"href":"https:\/\/www.amstelprinting.nl\/es\/wp-json\/wp\/v2\/product"}],"about":[{"href":"https:\/\/www.amstelprinting.nl\/es\/wp-json\/wp\/v2\/types\/product"}],"wp:featuredmedia":[{"embeddable":true,"href":"https:\/\/www.amstelprinting.nl\/es\/wp-json\/wp\/v2\/media\/15914"}],"wp:attachment":[{"href":"https:\/\/www.amstelprinting.nl\/es\/wp-json\/wp\/v2\/media?parent=15913"}],"wp:term":[{"taxonomy":"product_brand","embeddable":true,"href":"https:\/\/www.amstelprinting.nl\/es\/wp-json\/wp\/v2\/product_brand?post=15913"},{"taxonomy":"product_cat","embeddable":true,"href":"https:\/\/www.amstelprinting.nl\/es\/wp-json\/wp\/v2\/product_cat?post=15913"},{"taxonomy":"product_tag","embeddable":true,"href":"https:\/\/www.amstelprinting.nl\/es\/wp-json\/wp\/v2\/product_tag?post=15913"}],"curies":[{"name":"wp","href":"https:\/\/api.w.org\/{rel}","templated":true}]}}