{"id":9398,"date":"2025-08-01T14:08:01","date_gmt":"2025-08-01T12:08:01","guid":{"rendered":"https:\/\/www.amstelprinting.nl\/winkel\/sin%20categor\u00eda\/dranghekdoek\/"},"modified":"2026-02-18T12:45:10","modified_gmt":"2026-02-18T11:45:10","slug":"lona-para-valla","status":"publish","type":"product","link":"https:\/\/www.amstelprinting.nl\/es\/tienda\/publicidad-exterior\/construccion-y-propiedad\/lona-para-valla\/","title":{"rendered":"Lona para valla"},"content":{"rendered":"<h3>Pedir lona para valla<\/h3>\n<p>\u00a1Transforme la valla vac\u00eda en una magn\u00edfica columna publicitaria de gran formato! Elija una impresi\u00f3n a una o doble cara. Nuestras lonas para vallas son muy econ\u00f3micas gracias a los formatos est\u00e1ndar (aptos para la mayor\u00eda de las vallas de contenci\u00f3n). Las lonas para vallas son el medio promocional perfecto para vallas en conciertos, festivales y numerosos eventos. Con una impresi\u00f3n n\u00edtida, informar\u00e1 a los visitantes de forma elegante y profesional.<\/p>\n<h3>Materiales<\/h3>\n<p>Elija entre tres materiales de alta calidad:<\/p>\n<ul>\n<li><strong>Banner 510<\/strong>: lona de PVC con acabado brillante, apta para uso tanto en interiores como en exteriores.<\/li>\n<li><strong>ProPES Outdoor<\/strong>: lona textil de poli\u00e9ster ligero con un revestimiento repelente al agua, ideal para uso prolongado en exteriores.<\/li>\n<li><strong>ProPES FR<\/strong>: lona textil de poli\u00e9ster con un revestimiento ign\u00edfugo para una m\u00e1xima seguridad en diversas condiciones. Nota: Las lonas ProPES (tanto las variantes Outdoor como FR) son plegables y ligeras, lo que simplifica considerablemente el transporte y el montaje.<\/li>\n<\/ul>\n<p>&nbsp;<\/p>\n<h3>Impresi\u00f3n a una o doble cara<\/h3>\n<p>Nuestras lonas para vallas est\u00e1n disponibles en variantes a una y a doble cara. La opci\u00f3n a una sola cara cuenta con ojales cada 30 cm para una fijaci\u00f3n sencilla. Con la lona a doble cara, su mensaje ser\u00e1 visible por ambos lados de la valla al colocar los ojales solo en los lados izquierdo y derecho. Gracias a los recortes en ambos lados, la valla sigue siendo f\u00e1cil de mover.<\/p>\n<h3>Accesorios<\/h3>\n<p>Complete su lona para valla con accesorios como bridas (tiewraps) blancas o negras y tensores con ganchos.<br \/>\nElija calidad, flexibilidad e impacto con nuestras lonas para vallas, dise\u00f1adas para que su mensaje destaque en cualquier ocasi\u00f3n.<\/p>\n<h3>Preguntas frecuentes sobre la impresi\u00f3n de lonas para vallas<\/h3>\n<p><strong>\u00bfC\u00f3mo debo entregar mis archivos?<\/strong><br \/>\nEn la secci\u00f3n &#8216;descargas&#8217; de esta p\u00e1gina encontrar\u00e1 varias plantillas para el dise\u00f1o de su archivo.<\/p>\n<p><strong>\u00bfSe puede pedir la lona para valla en un tama\u00f1o diferente?<\/strong><br \/>\nSi necesita un tama\u00f1o diferente, puede solicitarlo a trav\u00e9s de las p\u00e1ginas de materiales mesh o banner 510, donde podr\u00e1 elegir cualquier tama\u00f1o y acabado deseado.<\/p>\n","protected":false},"excerpt":{"rendered":"<p>\u00a1Dirija a su p\u00fablico objetivo en la direcci\u00f3n correcta y capte su atenci\u00f3n! Descubra nuestras vers\u00e1tiles lonas para vallas. Dise\u00f1adas para delimitar ubicaciones de forma profesional. Elija entre diferentes tama\u00f1os, desde peque\u00f1o con un ancho de 230 cm a 235 cm, o mediano con un ancho de 250 cm, para que su lona encaje perfectamente en su valla. \u00a1Entrega en tan solo 1 d\u00eda h\u00e1bil!<\/p>\n","protected":false},"featured_media":9399,"template":"","meta":{"_et_pb_use_builder":"","_et_pb_old_content":"","_et_gb_content_width":""},"product_brand":[],"product_cat":[455,431,409,475,450],"product_tag":[],"class_list":{"0":"post-9398","1":"product","2":"type-product","3":"status-publish","4":"has-post-thumbnail","6":"product_cat-construccion-y-propiedad","7":"product_cat-feria-y-evento","8":"product_cat-panos-de-fiesta","9":"product_cat-pancartas","10":"product_cat-publicidad-exterior","12":"first","13":"instock","14":"taxable","15":"shipping-taxable","16":"purchasable","17":"product-type-simple"},"yoast_head":"<!-- This site is optimized with the Yoast SEO plugin v27.3 - https:\/\/yoast.com\/product\/yoast-seo-wordpress\/ -->\n<title>Lona para vallas para control de multitudes en eventos y festivales.<\/title>\n<meta name=\"description\" content=\"Pida su lona para vallas de Amstel Printing para una delimitaci\u00f3n profesional en eventos, festivales y ferias. \u00a1Promocione sus productos y servicios de manera efectiva!\" \/>\n<meta name=\"robots\" content=\"index, follow, max-snippet:-1, max-image-preview:large, max-video-preview:-1\" \/>\n<link rel=\"canonical\" href=\"https:\/\/www.amstelprinting.nl\/es\/tienda\/publicidad-exterior\/construccion-y-propiedad\/lona-para-valla\/\" \/>\n<meta property=\"og:locale\" content=\"es_ES\" \/>\n<meta property=\"og:type\" content=\"article\" \/>\n<meta property=\"og:title\" content=\"Lona para vallas para control de multitudes en eventos y festivales.\" \/>\n<meta property=\"og:description\" content=\"Pida su lona para vallas de Amstel Printing para una delimitaci\u00f3n profesional en eventos, festivales y ferias. \u00a1Promocione sus productos y servicios de manera efectiva!\" \/>\n<meta property=\"og:url\" content=\"https:\/\/www.amstelprinting.nl\/es\/tienda\/publicidad-exterior\/construccion-y-propiedad\/lona-para-valla\/\" \/>\n<meta property=\"og:site_name\" content=\"Amstel Printing\" \/>\n<meta property=\"article:modified_time\" content=\"2026-02-18T11:45:10+00:00\" \/>\n<meta property=\"og:image\" content=\"https:\/\/www.amstelprinting.nl\/wp-content\/uploads\/dranghekdoek-bedrukken.png\" \/>\n\t<meta property=\"og:image:width\" content=\"900\" \/>\n\t<meta property=\"og:image:height\" content=\"900\" \/>\n\t<meta property=\"og:image:type\" content=\"image\/png\" \/>\n<meta name=\"twitter:card\" content=\"summary_large_image\" \/>\n<meta name=\"twitter:label1\" content=\"Tiempo de lectura\" \/>\n\t<meta name=\"twitter:data1\" content=\"2 minutos\" \/>\n<script type=\"application\/ld+json\" class=\"yoast-schema-graph\">{\"@context\":\"https:\\\/\\\/schema.org\",\"@graph\":[{\"@type\":\"WebPage\",\"@id\":\"https:\\\/\\\/www.amstelprinting.nl\\\/es\\\/tienda\\\/publicidad-exterior\\\/construccion-y-propiedad\\\/lona-para-valla\\\/\",\"url\":\"https:\\\/\\\/www.amstelprinting.nl\\\/es\\\/tienda\\\/publicidad-exterior\\\/construccion-y-propiedad\\\/lona-para-valla\\\/\",\"name\":\"Lona para vallas para control de multitudes en eventos y festivales.\",\"isPartOf\":{\"@id\":\"https:\\\/\\\/www.amstelprinting.nl\\\/es\\\/#website\"},\"primaryImageOfPage\":{\"@id\":\"https:\\\/\\\/www.amstelprinting.nl\\\/es\\\/tienda\\\/publicidad-exterior\\\/construccion-y-propiedad\\\/lona-para-valla\\\/#primaryimage\"},\"image\":{\"@id\":\"https:\\\/\\\/www.amstelprinting.nl\\\/es\\\/tienda\\\/publicidad-exterior\\\/construccion-y-propiedad\\\/lona-para-valla\\\/#primaryimage\"},\"thumbnailUrl\":\"https:\\\/\\\/www.amstelprinting.nl\\\/wp-content\\\/uploads\\\/dranghekdoek-bedrukken.png\",\"datePublished\":\"2025-08-01T12:08:01+00:00\",\"dateModified\":\"2026-02-18T11:45:10+00:00\",\"description\":\"Pida su lona para vallas de Amstel Printing para una delimitaci\u00f3n profesional en eventos, festivales y ferias. \u00a1Promocione sus productos y servicios de manera efectiva!\",\"breadcrumb\":{\"@id\":\"https:\\\/\\\/www.amstelprinting.nl\\\/es\\\/tienda\\\/publicidad-exterior\\\/construccion-y-propiedad\\\/lona-para-valla\\\/#breadcrumb\"},\"inLanguage\":\"es\",\"potentialAction\":[{\"@type\":\"ReadAction\",\"target\":[\"https:\\\/\\\/www.amstelprinting.nl\\\/es\\\/tienda\\\/publicidad-exterior\\\/construccion-y-propiedad\\\/lona-para-valla\\\/\"]}]},{\"@type\":\"ImageObject\",\"inLanguage\":\"es\",\"@id\":\"https:\\\/\\\/www.amstelprinting.nl\\\/es\\\/tienda\\\/publicidad-exterior\\\/construccion-y-propiedad\\\/lona-para-valla\\\/#primaryimage\",\"url\":\"https:\\\/\\\/www.amstelprinting.nl\\\/wp-content\\\/uploads\\\/dranghekdoek-bedrukken.png\",\"contentUrl\":\"https:\\\/\\\/www.amstelprinting.nl\\\/wp-content\\\/uploads\\\/dranghekdoek-bedrukken.png\",\"width\":900,\"height\":900},{\"@type\":\"BreadcrumbList\",\"@id\":\"https:\\\/\\\/www.amstelprinting.nl\\\/es\\\/tienda\\\/publicidad-exterior\\\/construccion-y-propiedad\\\/lona-para-valla\\\/#breadcrumb\",\"itemListElement\":[{\"@type\":\"ListItem\",\"position\":1,\"name\":\"\",\"item\":\"https:\\\/\\\/www.amstelprinting.nl\\\/es\\\/\"},{\"@type\":\"ListItem\",\"position\":2,\"name\":\"Amstel Printing\",\"item\":\"https:\\\/\\\/www.amstelprinting.nl\\\/es\\\/comercio\\\/\"},{\"@type\":\"ListItem\",\"position\":3,\"name\":\"Publicidad exterior\",\"item\":\"https:\\\/\\\/www.amstelprinting.nl\\\/es\\\/categor\u00eda\\\/publicidad-exterior\\\/\"},{\"@type\":\"ListItem\",\"position\":4,\"name\":\"Lona para valla\"}]},{\"@type\":\"WebSite\",\"@id\":\"https:\\\/\\\/www.amstelprinting.nl\\\/es\\\/#website\",\"url\":\"https:\\\/\\\/www.amstelprinting.nl\\\/es\\\/\",\"name\":\"Amstel Printing\",\"description\":\"Creating Exposure\",\"publisher\":{\"@id\":\"https:\\\/\\\/www.amstelprinting.nl\\\/es\\\/#organization\"},\"potentialAction\":[{\"@type\":\"SearchAction\",\"target\":{\"@type\":\"EntryPoint\",\"urlTemplate\":\"https:\\\/\\\/www.amstelprinting.nl\\\/es\\\/?s={search_term_string}\"},\"query-input\":{\"@type\":\"PropertyValueSpecification\",\"valueRequired\":true,\"valueName\":\"search_term_string\"}}],\"inLanguage\":\"es\"},{\"@type\":\"Organization\",\"@id\":\"https:\\\/\\\/www.amstelprinting.nl\\\/es\\\/#organization\",\"name\":\"Amstel Printing\",\"url\":\"https:\\\/\\\/www.amstelprinting.nl\\\/es\\\/\",\"logo\":{\"@type\":\"ImageObject\",\"inLanguage\":\"es\",\"@id\":\"https:\\\/\\\/www.amstelprinting.nl\\\/es\\\/#\\\/schema\\\/logo\\\/image\\\/\",\"url\":\"https:\\\/\\\/www.amstelprinting.nl\\\/wp-content\\\/uploads\\\/amstel_printing_logo_clean.png\",\"contentUrl\":\"https:\\\/\\\/www.amstelprinting.nl\\\/wp-content\\\/uploads\\\/amstel_printing_logo_clean.png\",\"width\":324,\"height\":73,\"caption\":\"Amstel Printing\"},\"image\":{\"@id\":\"https:\\\/\\\/www.amstelprinting.nl\\\/es\\\/#\\\/schema\\\/logo\\\/image\\\/\"}}]}<\/script>\n<!-- \/ Yoast SEO plugin. -->","yoast_head_json":{"title":"Lona para vallas para control de multitudes en eventos y festivales.","description":"Pida su lona para vallas de Amstel Printing para una delimitaci\u00f3n profesional en eventos, festivales y ferias. \u00a1Promocione sus productos y servicios de manera efectiva!","robots":{"index":"index","follow":"follow","max-snippet":"max-snippet:-1","max-image-preview":"max-image-preview:large","max-video-preview":"max-video-preview:-1"},"canonical":"https:\/\/www.amstelprinting.nl\/es\/tienda\/publicidad-exterior\/construccion-y-propiedad\/lona-para-valla\/","og_locale":"es_ES","og_type":"article","og_title":"Lona para vallas para control de multitudes en eventos y festivales.","og_description":"Pida su lona para vallas de Amstel Printing para una delimitaci\u00f3n profesional en eventos, festivales y ferias. \u00a1Promocione sus productos y servicios de manera efectiva!","og_url":"https:\/\/www.amstelprinting.nl\/es\/tienda\/publicidad-exterior\/construccion-y-propiedad\/lona-para-valla\/","og_site_name":"Amstel Printing","article_modified_time":"2026-02-18T11:45:10+00:00","og_image":[{"width":900,"height":900,"url":"https:\/\/www.amstelprinting.nl\/wp-content\/uploads\/dranghekdoek-bedrukken.png","type":"image\/png"}],"twitter_card":"summary_large_image","twitter_misc":{"Tiempo de lectura":"2 minutos"},"schema":{"@context":"https:\/\/schema.org","@graph":[{"@type":"WebPage","@id":"https:\/\/www.amstelprinting.nl\/es\/tienda\/publicidad-exterior\/construccion-y-propiedad\/lona-para-valla\/","url":"https:\/\/www.amstelprinting.nl\/es\/tienda\/publicidad-exterior\/construccion-y-propiedad\/lona-para-valla\/","name":"Lona para vallas para control de multitudes en eventos y festivales.","isPartOf":{"@id":"https:\/\/www.amstelprinting.nl\/es\/#website"},"primaryImageOfPage":{"@id":"https:\/\/www.amstelprinting.nl\/es\/tienda\/publicidad-exterior\/construccion-y-propiedad\/lona-para-valla\/#primaryimage"},"image":{"@id":"https:\/\/www.amstelprinting.nl\/es\/tienda\/publicidad-exterior\/construccion-y-propiedad\/lona-para-valla\/#primaryimage"},"thumbnailUrl":"https:\/\/www.amstelprinting.nl\/wp-content\/uploads\/dranghekdoek-bedrukken.png","datePublished":"2025-08-01T12:08:01+00:00","dateModified":"2026-02-18T11:45:10+00:00","description":"Pida su lona para vallas de Amstel Printing para una delimitaci\u00f3n profesional en eventos, festivales y ferias. \u00a1Promocione sus productos y servicios de manera efectiva!","breadcrumb":{"@id":"https:\/\/www.amstelprinting.nl\/es\/tienda\/publicidad-exterior\/construccion-y-propiedad\/lona-para-valla\/#breadcrumb"},"inLanguage":"es","potentialAction":[{"@type":"ReadAction","target":["https:\/\/www.amstelprinting.nl\/es\/tienda\/publicidad-exterior\/construccion-y-propiedad\/lona-para-valla\/"]}]},{"@type":"ImageObject","inLanguage":"es","@id":"https:\/\/www.amstelprinting.nl\/es\/tienda\/publicidad-exterior\/construccion-y-propiedad\/lona-para-valla\/#primaryimage","url":"https:\/\/www.amstelprinting.nl\/wp-content\/uploads\/dranghekdoek-bedrukken.png","contentUrl":"https:\/\/www.amstelprinting.nl\/wp-content\/uploads\/dranghekdoek-bedrukken.png","width":900,"height":900},{"@type":"BreadcrumbList","@id":"https:\/\/www.amstelprinting.nl\/es\/tienda\/publicidad-exterior\/construccion-y-propiedad\/lona-para-valla\/#breadcrumb","itemListElement":[{"@type":"ListItem","position":1,"name":"","item":"https:\/\/www.amstelprinting.nl\/es\/"},{"@type":"ListItem","position":2,"name":"Amstel Printing","item":"https:\/\/www.amstelprinting.nl\/es\/comercio\/"},{"@type":"ListItem","position":3,"name":"Publicidad exterior","item":"https:\/\/www.amstelprinting.nl\/es\/categor\u00eda\/publicidad-exterior\/"},{"@type":"ListItem","position":4,"name":"Lona para valla"}]},{"@type":"WebSite","@id":"https:\/\/www.amstelprinting.nl\/es\/#website","url":"https:\/\/www.amstelprinting.nl\/es\/","name":"Amstel Printing","description":"Creating Exposure","publisher":{"@id":"https:\/\/www.amstelprinting.nl\/es\/#organization"},"potentialAction":[{"@type":"SearchAction","target":{"@type":"EntryPoint","urlTemplate":"https:\/\/www.amstelprinting.nl\/es\/?s={search_term_string}"},"query-input":{"@type":"PropertyValueSpecification","valueRequired":true,"valueName":"search_term_string"}}],"inLanguage":"es"},{"@type":"Organization","@id":"https:\/\/www.amstelprinting.nl\/es\/#organization","name":"Amstel Printing","url":"https:\/\/www.amstelprinting.nl\/es\/","logo":{"@type":"ImageObject","inLanguage":"es","@id":"https:\/\/www.amstelprinting.nl\/es\/#\/schema\/logo\/image\/","url":"https:\/\/www.amstelprinting.nl\/wp-content\/uploads\/amstel_printing_logo_clean.png","contentUrl":"https:\/\/www.amstelprinting.nl\/wp-content\/uploads\/amstel_printing_logo_clean.png","width":324,"height":73,"caption":"Amstel Printing"},"image":{"@id":"https:\/\/www.amstelprinting.nl\/es\/#\/schema\/logo\/image\/"}}]}},"_links":{"self":[{"href":"https:\/\/www.amstelprinting.nl\/es\/wp-json\/wp\/v2\/product\/9398","targetHints":{"allow":["GET"]}}],"collection":[{"href":"https:\/\/www.amstelprinting.nl\/es\/wp-json\/wp\/v2\/product"}],"about":[{"href":"https:\/\/www.amstelprinting.nl\/es\/wp-json\/wp\/v2\/types\/product"}],"wp:featuredmedia":[{"embeddable":true,"href":"https:\/\/www.amstelprinting.nl\/es\/wp-json\/wp\/v2\/media\/9399"}],"wp:attachment":[{"href":"https:\/\/www.amstelprinting.nl\/es\/wp-json\/wp\/v2\/media?parent=9398"}],"wp:term":[{"taxonomy":"product_brand","embeddable":true,"href":"https:\/\/www.amstelprinting.nl\/es\/wp-json\/wp\/v2\/product_brand?post=9398"},{"taxonomy":"product_cat","embeddable":true,"href":"https:\/\/www.amstelprinting.nl\/es\/wp-json\/wp\/v2\/product_cat?post=9398"},{"taxonomy":"product_tag","embeddable":true,"href":"https:\/\/www.amstelprinting.nl\/es\/wp-json\/wp\/v2\/product_tag?post=9398"}],"curies":[{"name":"wp","href":"https:\/\/api.w.org\/{rel}","templated":true}]}}