{"id":9423,"date":"2025-07-15T12:53:44","date_gmt":"2025-07-15T10:53:44","guid":{"rendered":"https:\/\/www.amstelprinting.nl\/winkel\/sin%20categor\u00eda\/handdoek-en-strandlaken\/"},"modified":"2026-02-18T12:45:11","modified_gmt":"2026-02-18T11:45:11","slug":"toalla-y-toalla-de-playa","status":"publish","type":"product","link":"https:\/\/www.amstelprinting.nl\/es\/tienda\/interior\/exterior\/toalla-y-toalla-de-playa\/","title":{"rendered":"Toalla y toalla de playa"},"content":{"rendered":"<h2>Impresi\u00f3n de toallas de playa<\/h2>\n<ul>\n<li>Ligera y compacta, f\u00e1cil de transportar<\/li>\n<li>Material de secado r\u00e1pido de poli\u00e9ster de microfibra de alta calidad<\/li>\n<li>Disponible en dos formatos populares<\/li>\n<li>F\u00e1cil de lavar a 30 grados, manteniendo la calidad de impresi\u00f3n<\/li>\n<li>Se puede pedir desde 1 unidad \u2013 perfecta como regalo de empresa personalizado<\/li>\n<\/ul>\n<h2><\/h2>\n<h2>Pr\u00e1ctica y duradera<\/h2>\n<p>Estas toallas y toallas de playa est\u00e1n fabricadas con microfibra suave, que no solo es c\u00f3moda al tacto, sino que tambi\u00e9n se seca r\u00e1pidamente. Gracias a su tama\u00f1o compacto, las podr\u00e1 llevar sin esfuerzo en su bolso, ideal para viajes o vacaciones. La impresi\u00f3n permanece n\u00edtida y colorida gracias a una t\u00e9cnica de sublimaci\u00f3n duradera que mantiene su calidad incluso despu\u00e9s de muchos lavados.<\/p>\n<h2>Vers\u00e1til en su uso<\/h2>\n<p>Ya sea como obsequio promocional, para un club deportivo, un centro de bienestar o como regalo de empresa de lujo, estas toallas de microfibra combinan funcionalidad con una marca llamativa. As\u00ed, su marca siempre ser\u00e1 bien visible, dondequiera que est\u00e9 su cliente.<\/p>\n<p>\u00bfBusca un art\u00edculo promocional llamativo que sea pr\u00e1ctico y duradero? \u00a1Solicite hoy mismo una muestra o pida directamente su toalla de microfibra personalizada!<\/p>\n","protected":false},"excerpt":{"rendered":"<h2>Toalla de microfibra \u2013 suave, de secado r\u00e1pido y totalmente \u00fanica<\/h2>\n<p>\u00bfBusca una toalla pr\u00e1ctica y llamativa para promocionar su marca? Nuestras suaves toallas de microfibra con una impresi\u00f3n \u00fanica a todo color son la elecci\u00f3n ideal para acciones promocionales, pero tambi\u00e9n perfectas para el uso diario en el ba\u00f1o, la sauna, la piscina o en la playa.<\/p>\n","protected":false},"featured_media":9424,"template":"","meta":{"_et_pb_use_builder":"","_et_pb_old_content":"","_et_gb_content_width":""},"product_brand":[],"product_cat":[565,423,556,394,528],"product_tag":[],"class_list":{"0":"post-9423","1":"product","2":"type-product","3":"status-publish","4":"has-post-thumbnail","6":"product_cat-casa-y-amp-industria-de-la-restauracion","7":"product_cat-decoracion","8":"product_cat-exterior","9":"product_cat-hospitalidad","10":"product_cat-terraza-jardin","12":"first","13":"instock","14":"taxable","15":"shipping-taxable","16":"purchasable","17":"product-type-simple"},"yoast_head":"<!-- This site is optimized with the Yoast SEO plugin v27.3 - https:\/\/yoast.com\/product\/yoast-seo-wordpress\/ -->\n<title>Toalla y toalla de playa | Amstel Printing<\/title>\n<meta name=\"robots\" content=\"index, follow, max-snippet:-1, max-image-preview:large, max-video-preview:-1\" \/>\n<link rel=\"canonical\" href=\"https:\/\/www.amstelprinting.nl\/es\/tienda\/interior\/exterior\/toalla-y-toalla-de-playa\/\" \/>\n<meta property=\"og:locale\" content=\"es_ES\" \/>\n<meta property=\"og:type\" content=\"article\" \/>\n<meta property=\"og:title\" content=\"Toalla y toalla de playa | Amstel Printing\" \/>\n<meta property=\"og:description\" content=\"Toalla de microfibra \u2013 suave, de secado r\u00e1pido y totalmente \u00fanica \u00bfBusca una toalla pr\u00e1ctica y llamativa para promocionar su marca? Nuestras suaves toallas de microfibra con una impresi\u00f3n \u00fanica a todo color son la elecci\u00f3n ideal para acciones promocionales, pero tambi\u00e9n perfectas para el uso diario en el ba\u00f1o, la sauna, la piscina o en la playa.\" \/>\n<meta property=\"og:url\" content=\"https:\/\/www.amstelprinting.nl\/es\/tienda\/interior\/exterior\/toalla-y-toalla-de-playa\/\" \/>\n<meta property=\"og:site_name\" content=\"Amstel Printing\" \/>\n<meta property=\"article:modified_time\" content=\"2026-02-18T11:45:11+00:00\" \/>\n<meta property=\"og:image\" content=\"https:\/\/www.amstelprinting.nl\/wp-content\/uploads\/Handdoek-en-strandlaken4.jpg\" \/>\n\t<meta property=\"og:image:width\" content=\"700\" \/>\n\t<meta property=\"og:image:height\" content=\"700\" \/>\n\t<meta property=\"og:image:type\" content=\"image\/jpeg\" \/>\n<meta name=\"twitter:card\" content=\"summary_large_image\" \/>\n<meta name=\"twitter:label1\" content=\"Tiempo de lectura\" \/>\n\t<meta name=\"twitter:data1\" content=\"1 minuto\" \/>\n<script type=\"application\/ld+json\" class=\"yoast-schema-graph\">{\"@context\":\"https:\\\/\\\/schema.org\",\"@graph\":[{\"@type\":\"WebPage\",\"@id\":\"https:\\\/\\\/www.amstelprinting.nl\\\/es\\\/tienda\\\/interior\\\/exterior\\\/toalla-y-toalla-de-playa\\\/\",\"url\":\"https:\\\/\\\/www.amstelprinting.nl\\\/es\\\/tienda\\\/interior\\\/exterior\\\/toalla-y-toalla-de-playa\\\/\",\"name\":\"Toalla y toalla de playa | Amstel Printing\",\"isPartOf\":{\"@id\":\"https:\\\/\\\/www.amstelprinting.nl\\\/es\\\/#website\"},\"primaryImageOfPage\":{\"@id\":\"https:\\\/\\\/www.amstelprinting.nl\\\/es\\\/tienda\\\/interior\\\/exterior\\\/toalla-y-toalla-de-playa\\\/#primaryimage\"},\"image\":{\"@id\":\"https:\\\/\\\/www.amstelprinting.nl\\\/es\\\/tienda\\\/interior\\\/exterior\\\/toalla-y-toalla-de-playa\\\/#primaryimage\"},\"thumbnailUrl\":\"https:\\\/\\\/www.amstelprinting.nl\\\/wp-content\\\/uploads\\\/Handdoek-en-strandlaken4.jpg\",\"datePublished\":\"2025-07-15T10:53:44+00:00\",\"dateModified\":\"2026-02-18T11:45:11+00:00\",\"breadcrumb\":{\"@id\":\"https:\\\/\\\/www.amstelprinting.nl\\\/es\\\/tienda\\\/interior\\\/exterior\\\/toalla-y-toalla-de-playa\\\/#breadcrumb\"},\"inLanguage\":\"es\",\"potentialAction\":[{\"@type\":\"ReadAction\",\"target\":[\"https:\\\/\\\/www.amstelprinting.nl\\\/es\\\/tienda\\\/interior\\\/exterior\\\/toalla-y-toalla-de-playa\\\/\"]}]},{\"@type\":\"ImageObject\",\"inLanguage\":\"es\",\"@id\":\"https:\\\/\\\/www.amstelprinting.nl\\\/es\\\/tienda\\\/interior\\\/exterior\\\/toalla-y-toalla-de-playa\\\/#primaryimage\",\"url\":\"https:\\\/\\\/www.amstelprinting.nl\\\/wp-content\\\/uploads\\\/Handdoek-en-strandlaken4.jpg\",\"contentUrl\":\"https:\\\/\\\/www.amstelprinting.nl\\\/wp-content\\\/uploads\\\/Handdoek-en-strandlaken4.jpg\",\"width\":700,\"height\":700},{\"@type\":\"BreadcrumbList\",\"@id\":\"https:\\\/\\\/www.amstelprinting.nl\\\/es\\\/tienda\\\/interior\\\/exterior\\\/toalla-y-toalla-de-playa\\\/#breadcrumb\",\"itemListElement\":[{\"@type\":\"ListItem\",\"position\":1,\"name\":\"\",\"item\":\"https:\\\/\\\/www.amstelprinting.nl\\\/es\\\/\"},{\"@type\":\"ListItem\",\"position\":2,\"name\":\"Amstel Printing\",\"item\":\"https:\\\/\\\/www.amstelprinting.nl\\\/es\\\/comercio\\\/\"},{\"@type\":\"ListItem\",\"position\":3,\"name\":\"Interior\",\"item\":\"https:\\\/\\\/www.amstelprinting.nl\\\/es\\\/categor\u00eda\\\/interior\\\/\"},{\"@type\":\"ListItem\",\"position\":4,\"name\":\"Casa y amp; industria de la restauraci\u00f3n\",\"item\":\"https:\\\/\\\/www.amstelprinting.nl\\\/es\\\/categor\u00eda\\\/interior\\\/casa-y-amp-industria-de-la-restauracion\\\/\"},{\"@type\":\"ListItem\",\"position\":5,\"name\":\"Toalla y toalla de playa\"}]},{\"@type\":\"WebSite\",\"@id\":\"https:\\\/\\\/www.amstelprinting.nl\\\/es\\\/#website\",\"url\":\"https:\\\/\\\/www.amstelprinting.nl\\\/es\\\/\",\"name\":\"Amstel Printing\",\"description\":\"Creating Exposure\",\"publisher\":{\"@id\":\"https:\\\/\\\/www.amstelprinting.nl\\\/es\\\/#organization\"},\"potentialAction\":[{\"@type\":\"SearchAction\",\"target\":{\"@type\":\"EntryPoint\",\"urlTemplate\":\"https:\\\/\\\/www.amstelprinting.nl\\\/es\\\/?s={search_term_string}\"},\"query-input\":{\"@type\":\"PropertyValueSpecification\",\"valueRequired\":true,\"valueName\":\"search_term_string\"}}],\"inLanguage\":\"es\"},{\"@type\":\"Organization\",\"@id\":\"https:\\\/\\\/www.amstelprinting.nl\\\/es\\\/#organization\",\"name\":\"Amstel Printing\",\"url\":\"https:\\\/\\\/www.amstelprinting.nl\\\/es\\\/\",\"logo\":{\"@type\":\"ImageObject\",\"inLanguage\":\"es\",\"@id\":\"https:\\\/\\\/www.amstelprinting.nl\\\/es\\\/#\\\/schema\\\/logo\\\/image\\\/\",\"url\":\"https:\\\/\\\/www.amstelprinting.nl\\\/wp-content\\\/uploads\\\/amstel_printing_logo_clean.png\",\"contentUrl\":\"https:\\\/\\\/www.amstelprinting.nl\\\/wp-content\\\/uploads\\\/amstel_printing_logo_clean.png\",\"width\":324,\"height\":73,\"caption\":\"Amstel Printing\"},\"image\":{\"@id\":\"https:\\\/\\\/www.amstelprinting.nl\\\/es\\\/#\\\/schema\\\/logo\\\/image\\\/\"}}]}<\/script>\n<!-- \/ Yoast SEO plugin. -->","yoast_head_json":{"title":"Toalla y toalla de playa | Amstel Printing","robots":{"index":"index","follow":"follow","max-snippet":"max-snippet:-1","max-image-preview":"max-image-preview:large","max-video-preview":"max-video-preview:-1"},"canonical":"https:\/\/www.amstelprinting.nl\/es\/tienda\/interior\/exterior\/toalla-y-toalla-de-playa\/","og_locale":"es_ES","og_type":"article","og_title":"Toalla y toalla de playa | Amstel Printing","og_description":"Toalla de microfibra \u2013 suave, de secado r\u00e1pido y totalmente \u00fanica \u00bfBusca una toalla pr\u00e1ctica y llamativa para promocionar su marca? Nuestras suaves toallas de microfibra con una impresi\u00f3n \u00fanica a todo color son la elecci\u00f3n ideal para acciones promocionales, pero tambi\u00e9n perfectas para el uso diario en el ba\u00f1o, la sauna, la piscina o en la playa.","og_url":"https:\/\/www.amstelprinting.nl\/es\/tienda\/interior\/exterior\/toalla-y-toalla-de-playa\/","og_site_name":"Amstel Printing","article_modified_time":"2026-02-18T11:45:11+00:00","og_image":[{"width":700,"height":700,"url":"https:\/\/www.amstelprinting.nl\/wp-content\/uploads\/Handdoek-en-strandlaken4.jpg","type":"image\/jpeg"}],"twitter_card":"summary_large_image","twitter_misc":{"Tiempo de lectura":"1 minuto"},"schema":{"@context":"https:\/\/schema.org","@graph":[{"@type":"WebPage","@id":"https:\/\/www.amstelprinting.nl\/es\/tienda\/interior\/exterior\/toalla-y-toalla-de-playa\/","url":"https:\/\/www.amstelprinting.nl\/es\/tienda\/interior\/exterior\/toalla-y-toalla-de-playa\/","name":"Toalla y toalla de playa | Amstel Printing","isPartOf":{"@id":"https:\/\/www.amstelprinting.nl\/es\/#website"},"primaryImageOfPage":{"@id":"https:\/\/www.amstelprinting.nl\/es\/tienda\/interior\/exterior\/toalla-y-toalla-de-playa\/#primaryimage"},"image":{"@id":"https:\/\/www.amstelprinting.nl\/es\/tienda\/interior\/exterior\/toalla-y-toalla-de-playa\/#primaryimage"},"thumbnailUrl":"https:\/\/www.amstelprinting.nl\/wp-content\/uploads\/Handdoek-en-strandlaken4.jpg","datePublished":"2025-07-15T10:53:44+00:00","dateModified":"2026-02-18T11:45:11+00:00","breadcrumb":{"@id":"https:\/\/www.amstelprinting.nl\/es\/tienda\/interior\/exterior\/toalla-y-toalla-de-playa\/#breadcrumb"},"inLanguage":"es","potentialAction":[{"@type":"ReadAction","target":["https:\/\/www.amstelprinting.nl\/es\/tienda\/interior\/exterior\/toalla-y-toalla-de-playa\/"]}]},{"@type":"ImageObject","inLanguage":"es","@id":"https:\/\/www.amstelprinting.nl\/es\/tienda\/interior\/exterior\/toalla-y-toalla-de-playa\/#primaryimage","url":"https:\/\/www.amstelprinting.nl\/wp-content\/uploads\/Handdoek-en-strandlaken4.jpg","contentUrl":"https:\/\/www.amstelprinting.nl\/wp-content\/uploads\/Handdoek-en-strandlaken4.jpg","width":700,"height":700},{"@type":"BreadcrumbList","@id":"https:\/\/www.amstelprinting.nl\/es\/tienda\/interior\/exterior\/toalla-y-toalla-de-playa\/#breadcrumb","itemListElement":[{"@type":"ListItem","position":1,"name":"","item":"https:\/\/www.amstelprinting.nl\/es\/"},{"@type":"ListItem","position":2,"name":"Amstel Printing","item":"https:\/\/www.amstelprinting.nl\/es\/comercio\/"},{"@type":"ListItem","position":3,"name":"Interior","item":"https:\/\/www.amstelprinting.nl\/es\/categor\u00eda\/interior\/"},{"@type":"ListItem","position":4,"name":"Casa y amp; industria de la restauraci\u00f3n","item":"https:\/\/www.amstelprinting.nl\/es\/categor\u00eda\/interior\/casa-y-amp-industria-de-la-restauracion\/"},{"@type":"ListItem","position":5,"name":"Toalla y toalla de playa"}]},{"@type":"WebSite","@id":"https:\/\/www.amstelprinting.nl\/es\/#website","url":"https:\/\/www.amstelprinting.nl\/es\/","name":"Amstel Printing","description":"Creating Exposure","publisher":{"@id":"https:\/\/www.amstelprinting.nl\/es\/#organization"},"potentialAction":[{"@type":"SearchAction","target":{"@type":"EntryPoint","urlTemplate":"https:\/\/www.amstelprinting.nl\/es\/?s={search_term_string}"},"query-input":{"@type":"PropertyValueSpecification","valueRequired":true,"valueName":"search_term_string"}}],"inLanguage":"es"},{"@type":"Organization","@id":"https:\/\/www.amstelprinting.nl\/es\/#organization","name":"Amstel Printing","url":"https:\/\/www.amstelprinting.nl\/es\/","logo":{"@type":"ImageObject","inLanguage":"es","@id":"https:\/\/www.amstelprinting.nl\/es\/#\/schema\/logo\/image\/","url":"https:\/\/www.amstelprinting.nl\/wp-content\/uploads\/amstel_printing_logo_clean.png","contentUrl":"https:\/\/www.amstelprinting.nl\/wp-content\/uploads\/amstel_printing_logo_clean.png","width":324,"height":73,"caption":"Amstel Printing"},"image":{"@id":"https:\/\/www.amstelprinting.nl\/es\/#\/schema\/logo\/image\/"}}]}},"_links":{"self":[{"href":"https:\/\/www.amstelprinting.nl\/es\/wp-json\/wp\/v2\/product\/9423","targetHints":{"allow":["GET"]}}],"collection":[{"href":"https:\/\/www.amstelprinting.nl\/es\/wp-json\/wp\/v2\/product"}],"about":[{"href":"https:\/\/www.amstelprinting.nl\/es\/wp-json\/wp\/v2\/types\/product"}],"wp:featuredmedia":[{"embeddable":true,"href":"https:\/\/www.amstelprinting.nl\/es\/wp-json\/wp\/v2\/media\/9424"}],"wp:attachment":[{"href":"https:\/\/www.amstelprinting.nl\/es\/wp-json\/wp\/v2\/media?parent=9423"}],"wp:term":[{"taxonomy":"product_brand","embeddable":true,"href":"https:\/\/www.amstelprinting.nl\/es\/wp-json\/wp\/v2\/product_brand?post=9423"},{"taxonomy":"product_cat","embeddable":true,"href":"https:\/\/www.amstelprinting.nl\/es\/wp-json\/wp\/v2\/product_cat?post=9423"},{"taxonomy":"product_tag","embeddable":true,"href":"https:\/\/www.amstelprinting.nl\/es\/wp-json\/wp\/v2\/product_tag?post=9423"}],"curies":[{"name":"wp","href":"https:\/\/api.w.org\/{rel}","templated":true}]}}