{"id":9437,"date":"2025-07-15T12:53:35","date_gmt":"2025-07-15T10:53:35","guid":{"rendered":"https:\/\/www.amstelprinting.nl\/winkel\/sin%20categor\u00eda\/beursbalie-kidney\/"},"modified":"2026-02-18T12:45:11","modified_gmt":"2026-02-18T11:45:11","slug":"mostrador-de-feria-kidney","status":"publish","type":"product","link":"https:\/\/www.amstelprinting.nl\/es\/tienda\/feria-y-evento\/muros-de-exposicion\/mostrador-de-feria-kidney\/","title":{"rendered":"Mostrador de feria Kidney"},"content":{"rendered":"<h2>Las ventajas del Mostrador de feria Kidney<\/h2>\n<ul>\n<li>Tablero superior e inferior robusto de MDF laminado de 16 mm<\/li>\n<li>Cuerpo enrollable para un transporte sencillo y un montaje r\u00e1pido<\/li>\n<li>Montaje r\u00e1pido y sin herramientas gracias al sistema de velcro<\/li>\n<li>Dise\u00f1o ligero para llevarlo sin esfuerzo<\/li>\n<li>Paneles de impresi\u00f3n intercambiables para una apariencia flexible<\/li>\n<li>Se entrega en una bolsa de transporte acolchada para una protecci\u00f3n \u00f3ptima<\/li>\n<\/ul>\n<p>&nbsp;<\/p>\n<h2>Facilidad de uso y dise\u00f1o combinados<\/h2>\n<p>El mostrador en forma de ri\u00f1\u00f3n cuenta con una estructura de l\u00e1minas robusta que puede montar y desmontar en pocos minutos. El ingenioso sistema de velcro garantiza que no necesite herramientas, por lo que estar\u00e1 listo r\u00e1pidamente para su presentaci\u00f3n. Al finalizar, simplemente enrolle el mostrador y ll\u00e9velo de forma compacta.<\/p>\n<h2>Opciones de impresi\u00f3n que se adaptan a sus deseos<\/h2>\n<p>Usted mismo elige el material de impresi\u00f3n que mejor se adapte a su aplicaci\u00f3n:<\/p>\n<ul>\n<li><strong>PVC flexible<\/strong> (0,4 mm de grosor): ligero, blanco mate y f\u00e1cil de cambiar, ideal para un uso frecuente<\/li>\n<li><strong>Blackback Soft<\/strong>: plegable, inodoro y dotado de una capa blockout contra el paso de la luz<\/li>\n<\/ul>\n<p>&nbsp;<\/p>\n<p>Ambas opciones son ign\u00edfugas y aptas para su uso en espacios p\u00fablicos. Sus impresiones se entregan en un tubo resistente, lo que garantiza que se mantengan siempre en perfecto estado.<\/p>\n<p>Consejo: Si elige PVC flexible, recibir\u00e1 velcro autoadhesivo para fijarlo usted mismo en la parte posterior de la impresi\u00f3n.<\/p>\n<h2>Complem\u00e9ntelo con accesorios<\/h2>\n<p>\u00bfDesea completar su mostrador de feria? Elija entonces un pr\u00e1ctico portafolletos en formato A4 o A5, perfecto para ofrecer flyers y folletos de forma organizada.<\/p>\n<h2>Aplicaciones<\/h2>\n<p>El Mostrador de feria Kidney es ideal para:<\/p>\n<ul>\n<li>Ferias y presentaciones profesionales<\/li>\n<li>Promociones en tiendas y lanzamientos de productos<\/li>\n<\/ul>\n<p>&nbsp;<\/p>\n<h2>Eventos y jornadas de puertas abiertas<\/h2>\n<p>Con el mostrador de feria Kidney, obtendr\u00e1 una soluci\u00f3n compacta, ligera y representativa para presentarse de forma r\u00e1pida y profesional. P\u00f3ngase en contacto con nosotros para recibir asesoramiento o un presupuesto.<\/p>\n","protected":false},"excerpt":{"rendered":"<h2>Mostrador de feria Kidney: compacto, ligero y profesional<\/h2>\n<p>\u00bfBusca un mostrador de feria compacto y f\u00e1cil de transportar que cause impresi\u00f3n? El mostrador de feria Kidney le ofrece una soluci\u00f3n elegante y robusta para presentaciones, promociones y eventos. Gracias a su dise\u00f1o bien pensado y materiales duraderos, tendr\u00e1 garantizada una apariencia profesional en cualquier recinto ferial.<\/p>\n","protected":false},"featured_media":9439,"template":"","meta":{"_et_pb_use_builder":"","_et_pb_old_content":"","_et_gb_content_width":""},"product_brand":[],"product_cat":[423,431,440,414,382,379],"product_tag":[],"class_list":{"0":"post-9437","1":"product","2":"type-product","3":"status-publish","4":"has-post-thumbnail","6":"product_cat-decoracion","7":"product_cat-feria-y-evento","8":"product_cat-minorista","9":"product_cat-muros-de-exposicion","10":"product_cat-presentacion","11":"product_cat-publicidad-interior","13":"first","14":"instock","15":"taxable","16":"shipping-taxable","17":"purchasable","18":"product-type-simple"},"yoast_head":"<!-- This site is optimized with the Yoast SEO plugin v27.3 - https:\/\/yoast.com\/product\/yoast-seo-wordpress\/ -->\n<title>Mostrador de feria Kidney | Amstel Printing<\/title>\n<meta name=\"robots\" content=\"index, follow, max-snippet:-1, max-image-preview:large, max-video-preview:-1\" \/>\n<link rel=\"canonical\" href=\"https:\/\/www.amstelprinting.nl\/es\/tienda\/feria-y-evento\/muros-de-exposicion\/mostrador-de-feria-kidney\/\" \/>\n<meta property=\"og:locale\" content=\"es_ES\" \/>\n<meta property=\"og:type\" content=\"article\" \/>\n<meta property=\"og:title\" content=\"Mostrador de feria Kidney | Amstel Printing\" \/>\n<meta property=\"og:description\" content=\"Mostrador de feria Kidney: compacto, ligero y profesional \u00bfBusca un mostrador de feria compacto y f\u00e1cil de transportar que cause impresi\u00f3n? El mostrador de feria Kidney le ofrece una soluci\u00f3n elegante y robusta para presentaciones, promociones y eventos. Gracias a su dise\u00f1o bien pensado y materiales duraderos, tendr\u00e1 garantizada una apariencia profesional en cualquier recinto ferial.\" \/>\n<meta property=\"og:url\" content=\"https:\/\/www.amstelprinting.nl\/es\/tienda\/feria-y-evento\/muros-de-exposicion\/mostrador-de-feria-kidney\/\" \/>\n<meta property=\"og:site_name\" content=\"Amstel Printing\" \/>\n<meta property=\"article:modified_time\" content=\"2026-02-18T11:45:11+00:00\" \/>\n<meta property=\"og:image\" content=\"https:\/\/www.amstelprinting.nl\/wp-content\/uploads\/Beursbalie-Kidney.jpg\" \/>\n\t<meta property=\"og:image:width\" content=\"700\" \/>\n\t<meta property=\"og:image:height\" content=\"700\" \/>\n\t<meta property=\"og:image:type\" content=\"image\/jpeg\" \/>\n<meta name=\"twitter:card\" content=\"summary_large_image\" \/>\n<meta name=\"twitter:label1\" content=\"Tiempo de lectura\" \/>\n\t<meta name=\"twitter:data1\" content=\"2 minutos\" \/>\n<script type=\"application\/ld+json\" class=\"yoast-schema-graph\">{\"@context\":\"https:\\\/\\\/schema.org\",\"@graph\":[{\"@type\":\"WebPage\",\"@id\":\"https:\\\/\\\/www.amstelprinting.nl\\\/es\\\/tienda\\\/feria-y-evento\\\/muros-de-exposicion\\\/mostrador-de-feria-kidney\\\/\",\"url\":\"https:\\\/\\\/www.amstelprinting.nl\\\/es\\\/tienda\\\/feria-y-evento\\\/muros-de-exposicion\\\/mostrador-de-feria-kidney\\\/\",\"name\":\"Mostrador de feria Kidney | Amstel Printing\",\"isPartOf\":{\"@id\":\"https:\\\/\\\/www.amstelprinting.nl\\\/es\\\/#website\"},\"primaryImageOfPage\":{\"@id\":\"https:\\\/\\\/www.amstelprinting.nl\\\/es\\\/tienda\\\/feria-y-evento\\\/muros-de-exposicion\\\/mostrador-de-feria-kidney\\\/#primaryimage\"},\"image\":{\"@id\":\"https:\\\/\\\/www.amstelprinting.nl\\\/es\\\/tienda\\\/feria-y-evento\\\/muros-de-exposicion\\\/mostrador-de-feria-kidney\\\/#primaryimage\"},\"thumbnailUrl\":\"https:\\\/\\\/www.amstelprinting.nl\\\/wp-content\\\/uploads\\\/Beursbalie-Kidney.jpg\",\"datePublished\":\"2025-07-15T10:53:35+00:00\",\"dateModified\":\"2026-02-18T11:45:11+00:00\",\"breadcrumb\":{\"@id\":\"https:\\\/\\\/www.amstelprinting.nl\\\/es\\\/tienda\\\/feria-y-evento\\\/muros-de-exposicion\\\/mostrador-de-feria-kidney\\\/#breadcrumb\"},\"inLanguage\":\"es\",\"potentialAction\":[{\"@type\":\"ReadAction\",\"target\":[\"https:\\\/\\\/www.amstelprinting.nl\\\/es\\\/tienda\\\/feria-y-evento\\\/muros-de-exposicion\\\/mostrador-de-feria-kidney\\\/\"]}]},{\"@type\":\"ImageObject\",\"inLanguage\":\"es\",\"@id\":\"https:\\\/\\\/www.amstelprinting.nl\\\/es\\\/tienda\\\/feria-y-evento\\\/muros-de-exposicion\\\/mostrador-de-feria-kidney\\\/#primaryimage\",\"url\":\"https:\\\/\\\/www.amstelprinting.nl\\\/wp-content\\\/uploads\\\/Beursbalie-Kidney.jpg\",\"contentUrl\":\"https:\\\/\\\/www.amstelprinting.nl\\\/wp-content\\\/uploads\\\/Beursbalie-Kidney.jpg\",\"width\":700,\"height\":700},{\"@type\":\"BreadcrumbList\",\"@id\":\"https:\\\/\\\/www.amstelprinting.nl\\\/es\\\/tienda\\\/feria-y-evento\\\/muros-de-exposicion\\\/mostrador-de-feria-kidney\\\/#breadcrumb\",\"itemListElement\":[{\"@type\":\"ListItem\",\"position\":1,\"name\":\"\",\"item\":\"https:\\\/\\\/www.amstelprinting.nl\\\/es\\\/\"},{\"@type\":\"ListItem\",\"position\":2,\"name\":\"Amstel Printing\",\"item\":\"https:\\\/\\\/www.amstelprinting.nl\\\/es\\\/comercio\\\/\"},{\"@type\":\"ListItem\",\"position\":3,\"name\":\"Feria y evento\",\"item\":\"https:\\\/\\\/www.amstelprinting.nl\\\/es\\\/categor\u00eda\\\/feria-y-evento\\\/\"},{\"@type\":\"ListItem\",\"position\":4,\"name\":\"Mostrador de feria Kidney\"}]},{\"@type\":\"WebSite\",\"@id\":\"https:\\\/\\\/www.amstelprinting.nl\\\/es\\\/#website\",\"url\":\"https:\\\/\\\/www.amstelprinting.nl\\\/es\\\/\",\"name\":\"Amstel Printing\",\"description\":\"Creating Exposure\",\"publisher\":{\"@id\":\"https:\\\/\\\/www.amstelprinting.nl\\\/es\\\/#organization\"},\"potentialAction\":[{\"@type\":\"SearchAction\",\"target\":{\"@type\":\"EntryPoint\",\"urlTemplate\":\"https:\\\/\\\/www.amstelprinting.nl\\\/es\\\/?s={search_term_string}\"},\"query-input\":{\"@type\":\"PropertyValueSpecification\",\"valueRequired\":true,\"valueName\":\"search_term_string\"}}],\"inLanguage\":\"es\"},{\"@type\":\"Organization\",\"@id\":\"https:\\\/\\\/www.amstelprinting.nl\\\/es\\\/#organization\",\"name\":\"Amstel Printing\",\"url\":\"https:\\\/\\\/www.amstelprinting.nl\\\/es\\\/\",\"logo\":{\"@type\":\"ImageObject\",\"inLanguage\":\"es\",\"@id\":\"https:\\\/\\\/www.amstelprinting.nl\\\/es\\\/#\\\/schema\\\/logo\\\/image\\\/\",\"url\":\"https:\\\/\\\/www.amstelprinting.nl\\\/wp-content\\\/uploads\\\/amstel_printing_logo_clean.png\",\"contentUrl\":\"https:\\\/\\\/www.amstelprinting.nl\\\/wp-content\\\/uploads\\\/amstel_printing_logo_clean.png\",\"width\":324,\"height\":73,\"caption\":\"Amstel Printing\"},\"image\":{\"@id\":\"https:\\\/\\\/www.amstelprinting.nl\\\/es\\\/#\\\/schema\\\/logo\\\/image\\\/\"}}]}<\/script>\n<!-- \/ Yoast SEO plugin. -->","yoast_head_json":{"title":"Mostrador de feria Kidney | Amstel Printing","robots":{"index":"index","follow":"follow","max-snippet":"max-snippet:-1","max-image-preview":"max-image-preview:large","max-video-preview":"max-video-preview:-1"},"canonical":"https:\/\/www.amstelprinting.nl\/es\/tienda\/feria-y-evento\/muros-de-exposicion\/mostrador-de-feria-kidney\/","og_locale":"es_ES","og_type":"article","og_title":"Mostrador de feria Kidney | Amstel Printing","og_description":"Mostrador de feria Kidney: compacto, ligero y profesional \u00bfBusca un mostrador de feria compacto y f\u00e1cil de transportar que cause impresi\u00f3n? El mostrador de feria Kidney le ofrece una soluci\u00f3n elegante y robusta para presentaciones, promociones y eventos. Gracias a su dise\u00f1o bien pensado y materiales duraderos, tendr\u00e1 garantizada una apariencia profesional en cualquier recinto ferial.","og_url":"https:\/\/www.amstelprinting.nl\/es\/tienda\/feria-y-evento\/muros-de-exposicion\/mostrador-de-feria-kidney\/","og_site_name":"Amstel Printing","article_modified_time":"2026-02-18T11:45:11+00:00","og_image":[{"width":700,"height":700,"url":"https:\/\/www.amstelprinting.nl\/wp-content\/uploads\/Beursbalie-Kidney.jpg","type":"image\/jpeg"}],"twitter_card":"summary_large_image","twitter_misc":{"Tiempo de lectura":"2 minutos"},"schema":{"@context":"https:\/\/schema.org","@graph":[{"@type":"WebPage","@id":"https:\/\/www.amstelprinting.nl\/es\/tienda\/feria-y-evento\/muros-de-exposicion\/mostrador-de-feria-kidney\/","url":"https:\/\/www.amstelprinting.nl\/es\/tienda\/feria-y-evento\/muros-de-exposicion\/mostrador-de-feria-kidney\/","name":"Mostrador de feria Kidney | Amstel Printing","isPartOf":{"@id":"https:\/\/www.amstelprinting.nl\/es\/#website"},"primaryImageOfPage":{"@id":"https:\/\/www.amstelprinting.nl\/es\/tienda\/feria-y-evento\/muros-de-exposicion\/mostrador-de-feria-kidney\/#primaryimage"},"image":{"@id":"https:\/\/www.amstelprinting.nl\/es\/tienda\/feria-y-evento\/muros-de-exposicion\/mostrador-de-feria-kidney\/#primaryimage"},"thumbnailUrl":"https:\/\/www.amstelprinting.nl\/wp-content\/uploads\/Beursbalie-Kidney.jpg","datePublished":"2025-07-15T10:53:35+00:00","dateModified":"2026-02-18T11:45:11+00:00","breadcrumb":{"@id":"https:\/\/www.amstelprinting.nl\/es\/tienda\/feria-y-evento\/muros-de-exposicion\/mostrador-de-feria-kidney\/#breadcrumb"},"inLanguage":"es","potentialAction":[{"@type":"ReadAction","target":["https:\/\/www.amstelprinting.nl\/es\/tienda\/feria-y-evento\/muros-de-exposicion\/mostrador-de-feria-kidney\/"]}]},{"@type":"ImageObject","inLanguage":"es","@id":"https:\/\/www.amstelprinting.nl\/es\/tienda\/feria-y-evento\/muros-de-exposicion\/mostrador-de-feria-kidney\/#primaryimage","url":"https:\/\/www.amstelprinting.nl\/wp-content\/uploads\/Beursbalie-Kidney.jpg","contentUrl":"https:\/\/www.amstelprinting.nl\/wp-content\/uploads\/Beursbalie-Kidney.jpg","width":700,"height":700},{"@type":"BreadcrumbList","@id":"https:\/\/www.amstelprinting.nl\/es\/tienda\/feria-y-evento\/muros-de-exposicion\/mostrador-de-feria-kidney\/#breadcrumb","itemListElement":[{"@type":"ListItem","position":1,"name":"","item":"https:\/\/www.amstelprinting.nl\/es\/"},{"@type":"ListItem","position":2,"name":"Amstel Printing","item":"https:\/\/www.amstelprinting.nl\/es\/comercio\/"},{"@type":"ListItem","position":3,"name":"Feria y evento","item":"https:\/\/www.amstelprinting.nl\/es\/categor\u00eda\/feria-y-evento\/"},{"@type":"ListItem","position":4,"name":"Mostrador de feria Kidney"}]},{"@type":"WebSite","@id":"https:\/\/www.amstelprinting.nl\/es\/#website","url":"https:\/\/www.amstelprinting.nl\/es\/","name":"Amstel Printing","description":"Creating Exposure","publisher":{"@id":"https:\/\/www.amstelprinting.nl\/es\/#organization"},"potentialAction":[{"@type":"SearchAction","target":{"@type":"EntryPoint","urlTemplate":"https:\/\/www.amstelprinting.nl\/es\/?s={search_term_string}"},"query-input":{"@type":"PropertyValueSpecification","valueRequired":true,"valueName":"search_term_string"}}],"inLanguage":"es"},{"@type":"Organization","@id":"https:\/\/www.amstelprinting.nl\/es\/#organization","name":"Amstel Printing","url":"https:\/\/www.amstelprinting.nl\/es\/","logo":{"@type":"ImageObject","inLanguage":"es","@id":"https:\/\/www.amstelprinting.nl\/es\/#\/schema\/logo\/image\/","url":"https:\/\/www.amstelprinting.nl\/wp-content\/uploads\/amstel_printing_logo_clean.png","contentUrl":"https:\/\/www.amstelprinting.nl\/wp-content\/uploads\/amstel_printing_logo_clean.png","width":324,"height":73,"caption":"Amstel Printing"},"image":{"@id":"https:\/\/www.amstelprinting.nl\/es\/#\/schema\/logo\/image\/"}}]}},"_links":{"self":[{"href":"https:\/\/www.amstelprinting.nl\/es\/wp-json\/wp\/v2\/product\/9437","targetHints":{"allow":["GET"]}}],"collection":[{"href":"https:\/\/www.amstelprinting.nl\/es\/wp-json\/wp\/v2\/product"}],"about":[{"href":"https:\/\/www.amstelprinting.nl\/es\/wp-json\/wp\/v2\/types\/product"}],"wp:featuredmedia":[{"embeddable":true,"href":"https:\/\/www.amstelprinting.nl\/es\/wp-json\/wp\/v2\/media\/9439"}],"wp:attachment":[{"href":"https:\/\/www.amstelprinting.nl\/es\/wp-json\/wp\/v2\/media?parent=9437"}],"wp:term":[{"taxonomy":"product_brand","embeddable":true,"href":"https:\/\/www.amstelprinting.nl\/es\/wp-json\/wp\/v2\/product_brand?post=9437"},{"taxonomy":"product_cat","embeddable":true,"href":"https:\/\/www.amstelprinting.nl\/es\/wp-json\/wp\/v2\/product_cat?post=9437"},{"taxonomy":"product_tag","embeddable":true,"href":"https:\/\/www.amstelprinting.nl\/es\/wp-json\/wp\/v2\/product_tag?post=9437"}],"curies":[{"name":"wp","href":"https:\/\/api.w.org\/{rel}","templated":true}]}}