{"id":9482,"date":"2025-07-15T12:53:16","date_gmt":"2025-07-15T10:53:16","guid":{"rendered":"https:\/\/www.amstelprinting.nl\/winkel\/sin%20categor\u00eda\/dibond-xl\/"},"modified":"2026-02-10T13:07:28","modified_gmt":"2026-02-10T12:07:28","slug":"dibond-xl","status":"publish","type":"product","link":"https:\/\/www.amstelprinting.nl\/es\/tienda\/materiales\/lamina\/dibond-xl\/","title":{"rendered":"Dibond XL"},"content":{"rendered":"<h2>Las ventajas de Dibond XL<\/h2>\n<ul>\n<li>Tama\u00f1o extragrande: hasta 400 \u00d7 196 cm en una sola pieza<\/li>\n<li>Ligero de peso, pero extremadamente fuerte gracias a su construcci\u00f3n en s\u00e1ndwich<\/li>\n<li>Duradero y resistente a la intemperie: adecuado para uso en exteriores<\/li>\n<li>Ign\u00edfugo, por lo que se puede utilizar en espacios p\u00fablicos<\/li>\n<li>La capa superior protectora evita da\u00f1os por ara\u00f1azos e impactos<\/li>\n<\/ul>\n<p>&nbsp;<\/p>\n<h2>\u00bfQu\u00e9 hace que Dibond XL sea especial?<\/h2>\n<p>Dibond XL consta de dos finas capas de aluminio con un n\u00facleo de pl\u00e1stico, lo que otorga al material una combinaci\u00f3n \u00fanica de robustez y flexibilidad. Solo tiene 3 mm de grosor, pero ofrece suficiente resistencia estructural para grandes aplicaciones, y todo ello sin ser pesado.<\/p>\n<p>Gran ventaja: la superficie de impresi\u00f3n es totalmente fluida, sin juntas. Esto proporciona un aspecto limpio y profesional, sin interrupciones ni costuras molestas.<\/p>\n<h2>Durabilidad &amp; calidad<\/h2>\n<p>Dibond XL es resistente a las condiciones clim\u00e1ticas cambiantes y tiene un bajo coeficiente de expansi\u00f3n. Esto significa: sin deformaciones ante cambios de temperatura o humedad. Perfecto para aplicaciones exteriores de larga duraci\u00f3n.<br \/>\nAtenci\u00f3n: debido a la composici\u00f3n del material, el panel es dif\u00edcil de reciclar. Sin embargo, dura mucho tiempo y requiere poco mantenimiento.<\/p>\n<h2>Aplicaciones m\u00e1s comunes<\/h2>\n<ul>\n<li>Publicidad en fachadas y carteles exteriores<\/li>\n<li>Anuncios de construcci\u00f3n<\/li>\n<li>Paredes de ferias y presentaciones<\/li>\n<li>Se\u00f1alizaci\u00f3n y visuales XL<\/li>\n<\/ul>\n<h2><\/h2>\n<h2>Consejos pr\u00e1cticos de montaje<\/h2>\n<p>En formatos de este tama\u00f1o, el montaje es un punto importante a tener en cuenta. Recomendamos:<\/p>\n<ul>\n<li>Trabajar con varias personas al colgarlo<\/li>\n<li>Hacer los agujeros de perforaci\u00f3n un poco m\u00e1s anchos para permitir el juego ante cambios de temperatura<\/li>\n<li>Utilizar al menos dos placas de suspensi\u00f3n para anchuras a partir de 80 cm<\/li>\n<li>\u00bfListo para destacar a lo grande con Dibond XL?<\/li>\n<\/ul>\n<p>&nbsp;<\/p>\n<p>Elija m\u00e1xima visibilidad, m\u00ednimas juntas y calidad duradera. Solicite un presupuesto directamente o haga su pedido f\u00e1cilmente en l\u00ednea.<\/p>\n<p>\u00bfDesea combinarlo con otros elementos de se\u00f1alizaci\u00f3n o necesita asesoramiento sobre soluciones de montaje in situ? Estaremos encantados de ayudarle.<\/p>\n","protected":false},"excerpt":{"rendered":"<h2>Dibond XL \u2013 Material de paneles de gran formato con apariencia profesional<\/h2>\n<p>\u00bfBusca un panel resistente y ligero para impresiones de gran formato sin juntas visibles? Dibond XL es la soluci\u00f3n definitiva para aplicaciones donde el tama\u00f1o, la durabilidad y la calidad de impresi\u00f3n son fundamentales. Ideal para carteles de fachadas, proyectos de construcci\u00f3n, publicidad exterior o presentaciones en gran formato.<\/p>\n","protected":false},"featured_media":9484,"template":"","meta":{"_et_pb_use_builder":"","_et_pb_old_content":"","_et_gb_content_width":""},"product_brand":[],"product_cat":[455,556,431,545,595,613,414,409,561,460,450,468],"product_tag":[],"class_list":{"0":"post-9482","1":"product","2":"type-product","3":"status-publish","4":"has-post-thumbnail","6":"product_cat-construccion-y-propiedad","7":"product_cat-exterior","8":"product_cat-feria-y-evento","9":"product_cat-interior","10":"product_cat-lamina","11":"product_cat-materiales","12":"product_cat-muros-de-exposicion","13":"product_cat-panos-de-fiesta","14":"product_cat-productos-fotograficos","15":"product_cat-publicidad-en-fachada","16":"product_cat-publicidad-exterior","17":"product_cat-vallas-publicitarias","19":"first","20":"instock","21":"taxable","22":"shipping-taxable","23":"purchasable","24":"product-type-simple"},"yoast_head":"<!-- This site is optimized with the Yoast SEO plugin v27.3 - https:\/\/yoast.com\/product\/yoast-seo-wordpress\/ -->\n<title>Dibond XL | Amstel Printing<\/title>\n<meta name=\"robots\" content=\"index, follow, max-snippet:-1, max-image-preview:large, max-video-preview:-1\" \/>\n<link rel=\"canonical\" href=\"https:\/\/www.amstelprinting.nl\/es\/tienda\/materiales\/lamina\/dibond-xl\/\" \/>\n<meta property=\"og:locale\" content=\"es_ES\" \/>\n<meta property=\"og:type\" content=\"article\" \/>\n<meta property=\"og:title\" content=\"Dibond XL | Amstel Printing\" \/>\n<meta property=\"og:description\" content=\"Dibond XL \u2013 Material de paneles de gran formato con apariencia profesional \u00bfBusca un panel resistente y ligero para impresiones de gran formato sin juntas visibles? Dibond XL es la soluci\u00f3n definitiva para aplicaciones donde el tama\u00f1o, la durabilidad y la calidad de impresi\u00f3n son fundamentales. Ideal para carteles de fachadas, proyectos de construcci\u00f3n, publicidad exterior o presentaciones en gran formato.\" \/>\n<meta property=\"og:url\" content=\"https:\/\/www.amstelprinting.nl\/es\/tienda\/materiales\/lamina\/dibond-xl\/\" \/>\n<meta property=\"og:site_name\" content=\"Amstel Printing\" \/>\n<meta property=\"article:modified_time\" content=\"2026-02-10T12:07:28+00:00\" \/>\n<meta property=\"og:image\" content=\"https:\/\/www.amstelprinting.nl\/wp-content\/uploads\/Dibond-XL.jpg\" \/>\n\t<meta property=\"og:image:width\" content=\"700\" \/>\n\t<meta property=\"og:image:height\" content=\"700\" \/>\n\t<meta property=\"og:image:type\" content=\"image\/jpeg\" \/>\n<meta name=\"twitter:card\" content=\"summary_large_image\" \/>\n<meta name=\"twitter:label1\" content=\"Tiempo de lectura\" \/>\n\t<meta name=\"twitter:data1\" content=\"2 minutos\" \/>\n<script type=\"application\/ld+json\" class=\"yoast-schema-graph\">{\"@context\":\"https:\\\/\\\/schema.org\",\"@graph\":[{\"@type\":\"WebPage\",\"@id\":\"https:\\\/\\\/www.amstelprinting.nl\\\/es\\\/tienda\\\/materiales\\\/lamina\\\/dibond-xl\\\/\",\"url\":\"https:\\\/\\\/www.amstelprinting.nl\\\/es\\\/tienda\\\/materiales\\\/lamina\\\/dibond-xl\\\/\",\"name\":\"Dibond XL | Amstel Printing\",\"isPartOf\":{\"@id\":\"https:\\\/\\\/www.amstelprinting.nl\\\/es\\\/#website\"},\"primaryImageOfPage\":{\"@id\":\"https:\\\/\\\/www.amstelprinting.nl\\\/es\\\/tienda\\\/materiales\\\/lamina\\\/dibond-xl\\\/#primaryimage\"},\"image\":{\"@id\":\"https:\\\/\\\/www.amstelprinting.nl\\\/es\\\/tienda\\\/materiales\\\/lamina\\\/dibond-xl\\\/#primaryimage\"},\"thumbnailUrl\":\"https:\\\/\\\/www.amstelprinting.nl\\\/wp-content\\\/uploads\\\/Dibond-XL.jpg\",\"datePublished\":\"2025-07-15T10:53:16+00:00\",\"dateModified\":\"2026-02-10T12:07:28+00:00\",\"breadcrumb\":{\"@id\":\"https:\\\/\\\/www.amstelprinting.nl\\\/es\\\/tienda\\\/materiales\\\/lamina\\\/dibond-xl\\\/#breadcrumb\"},\"inLanguage\":\"es\",\"potentialAction\":[{\"@type\":\"ReadAction\",\"target\":[\"https:\\\/\\\/www.amstelprinting.nl\\\/es\\\/tienda\\\/materiales\\\/lamina\\\/dibond-xl\\\/\"]}]},{\"@type\":\"ImageObject\",\"inLanguage\":\"es\",\"@id\":\"https:\\\/\\\/www.amstelprinting.nl\\\/es\\\/tienda\\\/materiales\\\/lamina\\\/dibond-xl\\\/#primaryimage\",\"url\":\"https:\\\/\\\/www.amstelprinting.nl\\\/wp-content\\\/uploads\\\/Dibond-XL.jpg\",\"contentUrl\":\"https:\\\/\\\/www.amstelprinting.nl\\\/wp-content\\\/uploads\\\/Dibond-XL.jpg\",\"width\":700,\"height\":700},{\"@type\":\"BreadcrumbList\",\"@id\":\"https:\\\/\\\/www.amstelprinting.nl\\\/es\\\/tienda\\\/materiales\\\/lamina\\\/dibond-xl\\\/#breadcrumb\",\"itemListElement\":[{\"@type\":\"ListItem\",\"position\":1,\"name\":\"\",\"item\":\"https:\\\/\\\/www.amstelprinting.nl\\\/es\\\/\"},{\"@type\":\"ListItem\",\"position\":2,\"name\":\"Amstel Printing\",\"item\":\"https:\\\/\\\/www.amstelprinting.nl\\\/es\\\/comercio\\\/\"},{\"@type\":\"ListItem\",\"position\":3,\"name\":\"Publicidad exterior\",\"item\":\"https:\\\/\\\/www.amstelprinting.nl\\\/es\\\/categor\u00eda\\\/publicidad-exterior\\\/\"},{\"@type\":\"ListItem\",\"position\":4,\"name\":\"Dibond XL\"}]},{\"@type\":\"WebSite\",\"@id\":\"https:\\\/\\\/www.amstelprinting.nl\\\/es\\\/#website\",\"url\":\"https:\\\/\\\/www.amstelprinting.nl\\\/es\\\/\",\"name\":\"Amstel Printing\",\"description\":\"Creating Exposure\",\"publisher\":{\"@id\":\"https:\\\/\\\/www.amstelprinting.nl\\\/es\\\/#organization\"},\"potentialAction\":[{\"@type\":\"SearchAction\",\"target\":{\"@type\":\"EntryPoint\",\"urlTemplate\":\"https:\\\/\\\/www.amstelprinting.nl\\\/es\\\/?s={search_term_string}\"},\"query-input\":{\"@type\":\"PropertyValueSpecification\",\"valueRequired\":true,\"valueName\":\"search_term_string\"}}],\"inLanguage\":\"es\"},{\"@type\":\"Organization\",\"@id\":\"https:\\\/\\\/www.amstelprinting.nl\\\/es\\\/#organization\",\"name\":\"Amstel Printing\",\"url\":\"https:\\\/\\\/www.amstelprinting.nl\\\/es\\\/\",\"logo\":{\"@type\":\"ImageObject\",\"inLanguage\":\"es\",\"@id\":\"https:\\\/\\\/www.amstelprinting.nl\\\/es\\\/#\\\/schema\\\/logo\\\/image\\\/\",\"url\":\"https:\\\/\\\/www.amstelprinting.nl\\\/wp-content\\\/uploads\\\/amstel_printing_logo_clean.png\",\"contentUrl\":\"https:\\\/\\\/www.amstelprinting.nl\\\/wp-content\\\/uploads\\\/amstel_printing_logo_clean.png\",\"width\":324,\"height\":73,\"caption\":\"Amstel Printing\"},\"image\":{\"@id\":\"https:\\\/\\\/www.amstelprinting.nl\\\/es\\\/#\\\/schema\\\/logo\\\/image\\\/\"}}]}<\/script>\n<!-- \/ Yoast SEO plugin. -->","yoast_head_json":{"title":"Dibond XL | Amstel Printing","robots":{"index":"index","follow":"follow","max-snippet":"max-snippet:-1","max-image-preview":"max-image-preview:large","max-video-preview":"max-video-preview:-1"},"canonical":"https:\/\/www.amstelprinting.nl\/es\/tienda\/materiales\/lamina\/dibond-xl\/","og_locale":"es_ES","og_type":"article","og_title":"Dibond XL | Amstel Printing","og_description":"Dibond XL \u2013 Material de paneles de gran formato con apariencia profesional \u00bfBusca un panel resistente y ligero para impresiones de gran formato sin juntas visibles? Dibond XL es la soluci\u00f3n definitiva para aplicaciones donde el tama\u00f1o, la durabilidad y la calidad de impresi\u00f3n son fundamentales. Ideal para carteles de fachadas, proyectos de construcci\u00f3n, publicidad exterior o presentaciones en gran formato.","og_url":"https:\/\/www.amstelprinting.nl\/es\/tienda\/materiales\/lamina\/dibond-xl\/","og_site_name":"Amstel Printing","article_modified_time":"2026-02-10T12:07:28+00:00","og_image":[{"width":700,"height":700,"url":"https:\/\/www.amstelprinting.nl\/wp-content\/uploads\/Dibond-XL.jpg","type":"image\/jpeg"}],"twitter_card":"summary_large_image","twitter_misc":{"Tiempo de lectura":"2 minutos"},"schema":{"@context":"https:\/\/schema.org","@graph":[{"@type":"WebPage","@id":"https:\/\/www.amstelprinting.nl\/es\/tienda\/materiales\/lamina\/dibond-xl\/","url":"https:\/\/www.amstelprinting.nl\/es\/tienda\/materiales\/lamina\/dibond-xl\/","name":"Dibond XL | Amstel Printing","isPartOf":{"@id":"https:\/\/www.amstelprinting.nl\/es\/#website"},"primaryImageOfPage":{"@id":"https:\/\/www.amstelprinting.nl\/es\/tienda\/materiales\/lamina\/dibond-xl\/#primaryimage"},"image":{"@id":"https:\/\/www.amstelprinting.nl\/es\/tienda\/materiales\/lamina\/dibond-xl\/#primaryimage"},"thumbnailUrl":"https:\/\/www.amstelprinting.nl\/wp-content\/uploads\/Dibond-XL.jpg","datePublished":"2025-07-15T10:53:16+00:00","dateModified":"2026-02-10T12:07:28+00:00","breadcrumb":{"@id":"https:\/\/www.amstelprinting.nl\/es\/tienda\/materiales\/lamina\/dibond-xl\/#breadcrumb"},"inLanguage":"es","potentialAction":[{"@type":"ReadAction","target":["https:\/\/www.amstelprinting.nl\/es\/tienda\/materiales\/lamina\/dibond-xl\/"]}]},{"@type":"ImageObject","inLanguage":"es","@id":"https:\/\/www.amstelprinting.nl\/es\/tienda\/materiales\/lamina\/dibond-xl\/#primaryimage","url":"https:\/\/www.amstelprinting.nl\/wp-content\/uploads\/Dibond-XL.jpg","contentUrl":"https:\/\/www.amstelprinting.nl\/wp-content\/uploads\/Dibond-XL.jpg","width":700,"height":700},{"@type":"BreadcrumbList","@id":"https:\/\/www.amstelprinting.nl\/es\/tienda\/materiales\/lamina\/dibond-xl\/#breadcrumb","itemListElement":[{"@type":"ListItem","position":1,"name":"","item":"https:\/\/www.amstelprinting.nl\/es\/"},{"@type":"ListItem","position":2,"name":"Amstel Printing","item":"https:\/\/www.amstelprinting.nl\/es\/comercio\/"},{"@type":"ListItem","position":3,"name":"Publicidad exterior","item":"https:\/\/www.amstelprinting.nl\/es\/categor\u00eda\/publicidad-exterior\/"},{"@type":"ListItem","position":4,"name":"Dibond XL"}]},{"@type":"WebSite","@id":"https:\/\/www.amstelprinting.nl\/es\/#website","url":"https:\/\/www.amstelprinting.nl\/es\/","name":"Amstel Printing","description":"Creating Exposure","publisher":{"@id":"https:\/\/www.amstelprinting.nl\/es\/#organization"},"potentialAction":[{"@type":"SearchAction","target":{"@type":"EntryPoint","urlTemplate":"https:\/\/www.amstelprinting.nl\/es\/?s={search_term_string}"},"query-input":{"@type":"PropertyValueSpecification","valueRequired":true,"valueName":"search_term_string"}}],"inLanguage":"es"},{"@type":"Organization","@id":"https:\/\/www.amstelprinting.nl\/es\/#organization","name":"Amstel Printing","url":"https:\/\/www.amstelprinting.nl\/es\/","logo":{"@type":"ImageObject","inLanguage":"es","@id":"https:\/\/www.amstelprinting.nl\/es\/#\/schema\/logo\/image\/","url":"https:\/\/www.amstelprinting.nl\/wp-content\/uploads\/amstel_printing_logo_clean.png","contentUrl":"https:\/\/www.amstelprinting.nl\/wp-content\/uploads\/amstel_printing_logo_clean.png","width":324,"height":73,"caption":"Amstel Printing"},"image":{"@id":"https:\/\/www.amstelprinting.nl\/es\/#\/schema\/logo\/image\/"}}]}},"_links":{"self":[{"href":"https:\/\/www.amstelprinting.nl\/es\/wp-json\/wp\/v2\/product\/9482","targetHints":{"allow":["GET"]}}],"collection":[{"href":"https:\/\/www.amstelprinting.nl\/es\/wp-json\/wp\/v2\/product"}],"about":[{"href":"https:\/\/www.amstelprinting.nl\/es\/wp-json\/wp\/v2\/types\/product"}],"wp:featuredmedia":[{"embeddable":true,"href":"https:\/\/www.amstelprinting.nl\/es\/wp-json\/wp\/v2\/media\/9484"}],"wp:attachment":[{"href":"https:\/\/www.amstelprinting.nl\/es\/wp-json\/wp\/v2\/media?parent=9482"}],"wp:term":[{"taxonomy":"product_brand","embeddable":true,"href":"https:\/\/www.amstelprinting.nl\/es\/wp-json\/wp\/v2\/product_brand?post=9482"},{"taxonomy":"product_cat","embeddable":true,"href":"https:\/\/www.amstelprinting.nl\/es\/wp-json\/wp\/v2\/product_cat?post=9482"},{"taxonomy":"product_tag","embeddable":true,"href":"https:\/\/www.amstelprinting.nl\/es\/wp-json\/wp\/v2\/product_tag?post=9482"}],"curies":[{"name":"wp","href":"https:\/\/api.w.org\/{rel}","templated":true}]}}