{"id":9497,"date":"2025-07-15T12:52:49","date_gmt":"2025-07-15T10:52:49","guid":{"rendered":"https:\/\/www.amstelprinting.nl\/winkel\/sin%20categor\u00eda\/sign-again-2\/"},"modified":"2026-02-18T12:45:14","modified_gmt":"2026-02-18T11:45:14","slug":"sign-again","status":"publish","type":"product","link":"https:\/\/www.amstelprinting.nl\/es\/tienda\/interior\/exterior\/sign-again\/","title":{"rendered":"Sign Again\u00ae"},"content":{"rendered":"<h2>Las ventajas de Sign Again de un vistazo<\/h2>\n<ul>\n<li>Hecho de material de lona 100% reciclado (Banner 510)<\/li>\n<li>Robusto, resistente a los impactos y ligeramente flexible<\/li>\n<li>Ign\u00edfugo (B1) \u2013 apto para espacios p\u00fablicos<\/li>\n<li>Disponible tanto sin tratar como con recubrimiento blanco<\/li>\n<li>Reutilizable y totalmente reciclable<\/li>\n<\/ul>\n<p>&nbsp;<\/p>\n<h2>Circular y vers\u00e1til<\/h2>\n<p>Sign Again ofrece una soluci\u00f3n circular dentro del sector de la comunicaci\u00f3n visual. Gracias a su resistencia, resistencia a los ara\u00f1azos y flexibilidad, es ideal para aplicaciones como:<\/p>\n<ul>\n<li>Paredes para ferias y expositores<\/li>\n<li>Se\u00f1alizaci\u00f3n<\/li>\n<li>Decoraci\u00f3n de festivales<\/li>\n<li>Aplicaciones de interior (como azulejos de pared o decoraci\u00f3n de suelos)<\/li>\n<li>Debido a que el material tambi\u00e9n est\u00e1 disponible en formatos m\u00e1s grandes, tambi\u00e9n ahorrar\u00e1 tiempo durante el montaje.<\/li>\n<\/ul>\n<p>&nbsp;<\/p>\n<h2>Especificaciones t\u00e9cnicas<\/h2>\n<ul>\n<li>Grosor: 2 mm o 4 mm<\/li>\n<li>Tama\u00f1o m\u00e1ximo de impresi\u00f3n: 136 \u00d7 116 cm por placa<\/li>\n<li>Impresi\u00f3n: a una cara, con o sin recubrimiento<\/li>\n<li>Elecci\u00f3n entre un aspecto reciclado natural o una superficie recubierta de color blanco puro<\/li>\n<li>El recubrimiento proporciona una impresi\u00f3n m\u00e1s uniforme, mientras que el car\u00e1cter del material reciclado se mantiene en gran medida.<\/li>\n<li>Producci\u00f3n sostenible sin compromisos<\/li>\n<\/ul>\n<p>&nbsp;<\/p>\n<h2>Explicaci\u00f3n de Sign Again\u00ae<\/h2>\n<p>Muchos materiales del sector de la impresi\u00f3n acaban en el vertedero despu\u00e9s de su uso. Sign Again evita esto reprocesando el material sobrante en material de placa de alta calidad. De este modo, ayuda activamente a reducir el uso de materias primas y las emisiones de CO\u2082.<br \/>\nGracias al enfoque circular, la impresi\u00f3n sigue siendo accesible, fiable y responsable, ahora y en el futuro.<\/p>\n<h2>Consejo pr\u00e1ctico<\/h2>\n<p>En pedidos con agujeros perforados, ocasionalmente puede quedar material sobrante en el agujero. Puede eliminarlo f\u00e1cilmente con una ligera presi\u00f3n.<\/p>\n<h2>\u00bfEst\u00e1 preparado para una soluci\u00f3n de impresi\u00f3n preparada para el futuro?<\/h2>\n<p>Elija Sign Again: circular, resistente y profesional. Solicite un presupuesto o pida directamente online.<\/p>\n","protected":false},"excerpt":{"rendered":"<h2>Sign Again \u2013 Material de placa circular hecho de residuos de impresi\u00f3n reciclados<\/h2>\n<p>\u00bfBusca un material de placa sostenible con un aspecto profesional? Sign Again es el primer material de placa de impresi\u00f3n totalmente reciclado creado a partir de flujos de residuos como pancartas usadas y restos de corte. Una soluci\u00f3n inteligente y respetuosa con el medio ambiente para todas sus aplicaciones en interiores y exteriores.<\/p>\n","protected":false},"featured_media":9499,"template":"","meta":{"_et_pb_use_builder":"","_et_pb_old_content":"","_et_gb_content_width":""},"product_brand":[],"product_cat":[455,626,571,556,431,394,545,440,630,382,460,442,450,468],"product_tag":[],"class_list":{"0":"post-9497","1":"product","2":"type-product","3":"status-publish","4":"has-post-thumbnail","6":"product_cat-construccion-y-propiedad","7":"product_cat-decoracion-de-pared","8":"product_cat-decoracion-del-suelo","9":"product_cat-exterior","10":"product_cat-feria-y-evento","11":"product_cat-hospitalidad","12":"product_cat-interior","13":"product_cat-minorista","14":"product_cat-oficina","15":"product_cat-presentacion","16":"product_cat-publicidad-en-fachada","17":"product_cat-publicidad-en-la-pared","18":"product_cat-publicidad-exterior","19":"product_cat-vallas-publicitarias","21":"first","22":"instock","23":"taxable","24":"shipping-taxable","25":"purchasable","26":"product-type-simple"},"yoast_head":"<!-- This site is optimized with the Yoast SEO plugin v27.3 - https:\/\/yoast.com\/product\/yoast-seo-wordpress\/ -->\n<title>Sign Again\u00ae | Amstel Printing<\/title>\n<meta name=\"robots\" content=\"index, follow, max-snippet:-1, max-image-preview:large, max-video-preview:-1\" \/>\n<link rel=\"canonical\" href=\"https:\/\/www.amstelprinting.nl\/es\/tienda\/interior\/exterior\/sign-again\/\" \/>\n<meta property=\"og:locale\" content=\"es_ES\" \/>\n<meta property=\"og:type\" content=\"article\" \/>\n<meta property=\"og:title\" content=\"Sign Again\u00ae | Amstel Printing\" \/>\n<meta property=\"og:description\" content=\"Sign Again \u2013 Material de placa circular hecho de residuos de impresi\u00f3n reciclados \u00bfBusca un material de placa sostenible con un aspecto profesional? Sign Again es el primer material de placa de impresi\u00f3n totalmente reciclado creado a partir de flujos de residuos como pancartas usadas y restos de corte. Una soluci\u00f3n inteligente y respetuosa con el medio ambiente para todas sus aplicaciones en interiores y exteriores.\" \/>\n<meta property=\"og:url\" content=\"https:\/\/www.amstelprinting.nl\/es\/tienda\/interior\/exterior\/sign-again\/\" \/>\n<meta property=\"og:site_name\" content=\"Amstel Printing\" \/>\n<meta property=\"article:modified_time\" content=\"2026-02-18T11:45:14+00:00\" \/>\n<meta property=\"og:image\" content=\"https:\/\/www.amstelprinting.nl\/wp-content\/uploads\/Sign-Again.jpg\" \/>\n\t<meta property=\"og:image:width\" content=\"700\" \/>\n\t<meta property=\"og:image:height\" content=\"700\" \/>\n\t<meta property=\"og:image:type\" content=\"image\/jpeg\" \/>\n<meta name=\"twitter:card\" content=\"summary_large_image\" \/>\n<meta name=\"twitter:label1\" content=\"Tiempo de lectura\" \/>\n\t<meta name=\"twitter:data1\" content=\"2 minutos\" \/>\n<script type=\"application\/ld+json\" class=\"yoast-schema-graph\">{\"@context\":\"https:\\\/\\\/schema.org\",\"@graph\":[{\"@type\":\"WebPage\",\"@id\":\"https:\\\/\\\/www.amstelprinting.nl\\\/es\\\/tienda\\\/interior\\\/exterior\\\/sign-again\\\/\",\"url\":\"https:\\\/\\\/www.amstelprinting.nl\\\/es\\\/tienda\\\/interior\\\/exterior\\\/sign-again\\\/\",\"name\":\"Sign Again\u00ae | Amstel Printing\",\"isPartOf\":{\"@id\":\"https:\\\/\\\/www.amstelprinting.nl\\\/es\\\/#website\"},\"primaryImageOfPage\":{\"@id\":\"https:\\\/\\\/www.amstelprinting.nl\\\/es\\\/tienda\\\/interior\\\/exterior\\\/sign-again\\\/#primaryimage\"},\"image\":{\"@id\":\"https:\\\/\\\/www.amstelprinting.nl\\\/es\\\/tienda\\\/interior\\\/exterior\\\/sign-again\\\/#primaryimage\"},\"thumbnailUrl\":\"https:\\\/\\\/www.amstelprinting.nl\\\/wp-content\\\/uploads\\\/Sign-Again.jpg\",\"datePublished\":\"2025-07-15T10:52:49+00:00\",\"dateModified\":\"2026-02-18T11:45:14+00:00\",\"breadcrumb\":{\"@id\":\"https:\\\/\\\/www.amstelprinting.nl\\\/es\\\/tienda\\\/interior\\\/exterior\\\/sign-again\\\/#breadcrumb\"},\"inLanguage\":\"es\",\"potentialAction\":[{\"@type\":\"ReadAction\",\"target\":[\"https:\\\/\\\/www.amstelprinting.nl\\\/es\\\/tienda\\\/interior\\\/exterior\\\/sign-again\\\/\"]}]},{\"@type\":\"ImageObject\",\"inLanguage\":\"es\",\"@id\":\"https:\\\/\\\/www.amstelprinting.nl\\\/es\\\/tienda\\\/interior\\\/exterior\\\/sign-again\\\/#primaryimage\",\"url\":\"https:\\\/\\\/www.amstelprinting.nl\\\/wp-content\\\/uploads\\\/Sign-Again.jpg\",\"contentUrl\":\"https:\\\/\\\/www.amstelprinting.nl\\\/wp-content\\\/uploads\\\/Sign-Again.jpg\",\"width\":700,\"height\":700},{\"@type\":\"BreadcrumbList\",\"@id\":\"https:\\\/\\\/www.amstelprinting.nl\\\/es\\\/tienda\\\/interior\\\/exterior\\\/sign-again\\\/#breadcrumb\",\"itemListElement\":[{\"@type\":\"ListItem\",\"position\":1,\"name\":\"\",\"item\":\"https:\\\/\\\/www.amstelprinting.nl\\\/es\\\/\"},{\"@type\":\"ListItem\",\"position\":2,\"name\":\"Amstel Printing\",\"item\":\"https:\\\/\\\/www.amstelprinting.nl\\\/es\\\/comercio\\\/\"},{\"@type\":\"ListItem\",\"position\":3,\"name\":\"Interior\",\"item\":\"https:\\\/\\\/www.amstelprinting.nl\\\/es\\\/categor\u00eda\\\/interior\\\/\"},{\"@type\":\"ListItem\",\"position\":4,\"name\":\"Sign Again\u00ae\"}]},{\"@type\":\"WebSite\",\"@id\":\"https:\\\/\\\/www.amstelprinting.nl\\\/es\\\/#website\",\"url\":\"https:\\\/\\\/www.amstelprinting.nl\\\/es\\\/\",\"name\":\"Amstel Printing\",\"description\":\"Creating Exposure\",\"publisher\":{\"@id\":\"https:\\\/\\\/www.amstelprinting.nl\\\/es\\\/#organization\"},\"potentialAction\":[{\"@type\":\"SearchAction\",\"target\":{\"@type\":\"EntryPoint\",\"urlTemplate\":\"https:\\\/\\\/www.amstelprinting.nl\\\/es\\\/?s={search_term_string}\"},\"query-input\":{\"@type\":\"PropertyValueSpecification\",\"valueRequired\":true,\"valueName\":\"search_term_string\"}}],\"inLanguage\":\"es\"},{\"@type\":\"Organization\",\"@id\":\"https:\\\/\\\/www.amstelprinting.nl\\\/es\\\/#organization\",\"name\":\"Amstel Printing\",\"url\":\"https:\\\/\\\/www.amstelprinting.nl\\\/es\\\/\",\"logo\":{\"@type\":\"ImageObject\",\"inLanguage\":\"es\",\"@id\":\"https:\\\/\\\/www.amstelprinting.nl\\\/es\\\/#\\\/schema\\\/logo\\\/image\\\/\",\"url\":\"https:\\\/\\\/www.amstelprinting.nl\\\/wp-content\\\/uploads\\\/amstel_printing_logo_clean.png\",\"contentUrl\":\"https:\\\/\\\/www.amstelprinting.nl\\\/wp-content\\\/uploads\\\/amstel_printing_logo_clean.png\",\"width\":324,\"height\":73,\"caption\":\"Amstel Printing\"},\"image\":{\"@id\":\"https:\\\/\\\/www.amstelprinting.nl\\\/es\\\/#\\\/schema\\\/logo\\\/image\\\/\"}}]}<\/script>\n<!-- \/ Yoast SEO plugin. -->","yoast_head_json":{"title":"Sign Again\u00ae | Amstel Printing","robots":{"index":"index","follow":"follow","max-snippet":"max-snippet:-1","max-image-preview":"max-image-preview:large","max-video-preview":"max-video-preview:-1"},"canonical":"https:\/\/www.amstelprinting.nl\/es\/tienda\/interior\/exterior\/sign-again\/","og_locale":"es_ES","og_type":"article","og_title":"Sign Again\u00ae | Amstel Printing","og_description":"Sign Again \u2013 Material de placa circular hecho de residuos de impresi\u00f3n reciclados \u00bfBusca un material de placa sostenible con un aspecto profesional? Sign Again es el primer material de placa de impresi\u00f3n totalmente reciclado creado a partir de flujos de residuos como pancartas usadas y restos de corte. Una soluci\u00f3n inteligente y respetuosa con el medio ambiente para todas sus aplicaciones en interiores y exteriores.","og_url":"https:\/\/www.amstelprinting.nl\/es\/tienda\/interior\/exterior\/sign-again\/","og_site_name":"Amstel Printing","article_modified_time":"2026-02-18T11:45:14+00:00","og_image":[{"width":700,"height":700,"url":"https:\/\/www.amstelprinting.nl\/wp-content\/uploads\/Sign-Again.jpg","type":"image\/jpeg"}],"twitter_card":"summary_large_image","twitter_misc":{"Tiempo de lectura":"2 minutos"},"schema":{"@context":"https:\/\/schema.org","@graph":[{"@type":"WebPage","@id":"https:\/\/www.amstelprinting.nl\/es\/tienda\/interior\/exterior\/sign-again\/","url":"https:\/\/www.amstelprinting.nl\/es\/tienda\/interior\/exterior\/sign-again\/","name":"Sign Again\u00ae | Amstel Printing","isPartOf":{"@id":"https:\/\/www.amstelprinting.nl\/es\/#website"},"primaryImageOfPage":{"@id":"https:\/\/www.amstelprinting.nl\/es\/tienda\/interior\/exterior\/sign-again\/#primaryimage"},"image":{"@id":"https:\/\/www.amstelprinting.nl\/es\/tienda\/interior\/exterior\/sign-again\/#primaryimage"},"thumbnailUrl":"https:\/\/www.amstelprinting.nl\/wp-content\/uploads\/Sign-Again.jpg","datePublished":"2025-07-15T10:52:49+00:00","dateModified":"2026-02-18T11:45:14+00:00","breadcrumb":{"@id":"https:\/\/www.amstelprinting.nl\/es\/tienda\/interior\/exterior\/sign-again\/#breadcrumb"},"inLanguage":"es","potentialAction":[{"@type":"ReadAction","target":["https:\/\/www.amstelprinting.nl\/es\/tienda\/interior\/exterior\/sign-again\/"]}]},{"@type":"ImageObject","inLanguage":"es","@id":"https:\/\/www.amstelprinting.nl\/es\/tienda\/interior\/exterior\/sign-again\/#primaryimage","url":"https:\/\/www.amstelprinting.nl\/wp-content\/uploads\/Sign-Again.jpg","contentUrl":"https:\/\/www.amstelprinting.nl\/wp-content\/uploads\/Sign-Again.jpg","width":700,"height":700},{"@type":"BreadcrumbList","@id":"https:\/\/www.amstelprinting.nl\/es\/tienda\/interior\/exterior\/sign-again\/#breadcrumb","itemListElement":[{"@type":"ListItem","position":1,"name":"","item":"https:\/\/www.amstelprinting.nl\/es\/"},{"@type":"ListItem","position":2,"name":"Amstel Printing","item":"https:\/\/www.amstelprinting.nl\/es\/comercio\/"},{"@type":"ListItem","position":3,"name":"Interior","item":"https:\/\/www.amstelprinting.nl\/es\/categor\u00eda\/interior\/"},{"@type":"ListItem","position":4,"name":"Sign Again\u00ae"}]},{"@type":"WebSite","@id":"https:\/\/www.amstelprinting.nl\/es\/#website","url":"https:\/\/www.amstelprinting.nl\/es\/","name":"Amstel Printing","description":"Creating Exposure","publisher":{"@id":"https:\/\/www.amstelprinting.nl\/es\/#organization"},"potentialAction":[{"@type":"SearchAction","target":{"@type":"EntryPoint","urlTemplate":"https:\/\/www.amstelprinting.nl\/es\/?s={search_term_string}"},"query-input":{"@type":"PropertyValueSpecification","valueRequired":true,"valueName":"search_term_string"}}],"inLanguage":"es"},{"@type":"Organization","@id":"https:\/\/www.amstelprinting.nl\/es\/#organization","name":"Amstel Printing","url":"https:\/\/www.amstelprinting.nl\/es\/","logo":{"@type":"ImageObject","inLanguage":"es","@id":"https:\/\/www.amstelprinting.nl\/es\/#\/schema\/logo\/image\/","url":"https:\/\/www.amstelprinting.nl\/wp-content\/uploads\/amstel_printing_logo_clean.png","contentUrl":"https:\/\/www.amstelprinting.nl\/wp-content\/uploads\/amstel_printing_logo_clean.png","width":324,"height":73,"caption":"Amstel Printing"},"image":{"@id":"https:\/\/www.amstelprinting.nl\/es\/#\/schema\/logo\/image\/"}}]}},"_links":{"self":[{"href":"https:\/\/www.amstelprinting.nl\/es\/wp-json\/wp\/v2\/product\/9497","targetHints":{"allow":["GET"]}}],"collection":[{"href":"https:\/\/www.amstelprinting.nl\/es\/wp-json\/wp\/v2\/product"}],"about":[{"href":"https:\/\/www.amstelprinting.nl\/es\/wp-json\/wp\/v2\/types\/product"}],"wp:featuredmedia":[{"embeddable":true,"href":"https:\/\/www.amstelprinting.nl\/es\/wp-json\/wp\/v2\/media\/9499"}],"wp:attachment":[{"href":"https:\/\/www.amstelprinting.nl\/es\/wp-json\/wp\/v2\/media?parent=9497"}],"wp:term":[{"taxonomy":"product_brand","embeddable":true,"href":"https:\/\/www.amstelprinting.nl\/es\/wp-json\/wp\/v2\/product_brand?post=9497"},{"taxonomy":"product_cat","embeddable":true,"href":"https:\/\/www.amstelprinting.nl\/es\/wp-json\/wp\/v2\/product_cat?post=9497"},{"taxonomy":"product_tag","embeddable":true,"href":"https:\/\/www.amstelprinting.nl\/es\/wp-json\/wp\/v2\/product_tag?post=9497"}],"curies":[{"name":"wp","href":"https:\/\/api.w.org\/{rel}","templated":true}]}}