{"id":9508,"date":"2025-07-15T12:52:32","date_gmt":"2025-07-15T10:52:32","guid":{"rendered":"https:\/\/www.amstelprinting.nl\/winkel\/sin%20categor\u00eda\/dode-hoek-sticker\/"},"modified":"2026-02-18T12:45:14","modified_gmt":"2026-02-18T11:45:14","slug":"pegatina-de-angulo-muerto","status":"publish","type":"product","link":"https:\/\/www.amstelprinting.nl\/es\/tienda\/pegatinas-e-impresion\/pegatinas-grandes\/pegatina-de-angulo-muerto\/","title":{"rendered":"Pegatina de \u00e1ngulo muerto"},"content":{"rendered":"<h2><strong>Por qu\u00e9 imprimir pegatinas de \u00e1ngulo muerto<\/strong><\/h2>\n<ul>\n<li>Elecci\u00f3n entre versi\u00f3n autoadhesiva o magn\u00e9tica<\/li>\n<li>Fabricado con materiales duraderos y resistentes a la intemperie<\/li>\n<li>Dimensiones e impresi\u00f3n fijas seg\u00fan la normativa francesa<\/li>\n<li>F\u00e1cil de colocar y retirar en caso de cambiar de zona de conducci\u00f3n<\/li>\n<\/ul>\n<p>&nbsp;<\/p>\n<h2>Obligaci\u00f3n legal en Francia<\/h2>\n<p>\u00bfConduce su veh\u00edculo regularmente en Francia? Entonces est\u00e1 legalmente obligado a colocar una pegatina de \u00e1ngulo muerto en tres lugares: en la parte trasera y en ambos laterales del veh\u00edculo. La pegatina debe colocarse correctamente a una altura de entre 90 y 150 cm desde el suelo y en los laterales aproximadamente a 1 metro por detr\u00e1s de la parte delantera del veh\u00edculo.<\/p>\n<h2>Dos variantes: siempre adecuadas<\/h2>\n<ol>\n<li>Autoadhesiva: apta para casi cualquier superficie<\/li>\n<li>Magn\u00e9tica: ideal para superficies met\u00e1licas y reutilizable<\/li>\n<\/ol>\n<p>Ambas variantes son resistentes a la lluvia, el viento, los rayos UV y la suciedad, para que tenga garantizada una advertencia claramente visible a largo plazo.<\/p>\n<h2>Detalles del producto<\/h2>\n<ul>\n<li>Dimensiones: 17 \u00d7 25 cm<\/li>\n<li>Impresi\u00f3n: texto fijo \u201cAttention \u2013 Angles Morts\u201d<\/li>\n<\/ul>\n<p>Apto para camiones, autobuses, autocares, veh\u00edculos de construcci\u00f3n y otros veh\u00edculos &gt;3.500 kg<\/p>\n<h2>Realizar el pedido es sencillo<\/h2>\n<ul>\n<li>Elija la versi\u00f3n deseada<\/li>\n<li>Indique el n\u00famero de pegatinas; recomendaci\u00f3n: 3 por veh\u00edculo<\/li>\n<li>Reciba su pedido r\u00e1pidamente y empaquetado de forma profesional<\/li>\n<\/ul>\n<p>\u00bfConduce un veh\u00edculo de m\u00e1s de 3.500 kilos en Francia? Aseg\u00farese de cumplir con las normas. Pida hoy mismo sus pegatinas de \u00e1ngulo muerto y evite sorpresas desagradables en el camino.<\/p>\n<p>\u00bfNecesita ayuda para combinar estas pegatinas con otros marcajes de veh\u00edculos o se\u00f1alizaci\u00f3n obligatoria? Estaremos encantados de asesorarle.<\/p>\n","protected":false},"excerpt":{"rendered":"<p><strong>Pegatina de \u00e1ngulo muerto para camiones y veh\u00edculos comerciales: segura y legalmente conforme<\/strong><br \/>\nProteja a otros usuarios de la carretera y evite multas con pegatinas de \u00e1ngulo muerto que cumplen con la normativa francesa. Para veh\u00edculos de m\u00e1s de 3.500 kg, en Francia es obligatorio advertir visiblemente sobre los \u00e1ngulos muertos. Nuestras pegatinas est\u00e1n especialmente dise\u00f1adas para esta aplicaci\u00f3n y contribuyen a un tr\u00e1fico seguro.<\/p>\n","protected":false},"featured_media":9509,"template":"","meta":{"_et_pb_use_builder":"","_et_pb_old_content":"","_et_gb_content_width":""},"product_brand":[],"product_cat":[315,576,634],"product_tag":[],"class_list":{"0":"post-9508","1":"product","2":"type-product","3":"status-publish","4":"has-post-thumbnail","6":"product_cat-pegatinas-e-impresion","7":"product_cat-pegatinas-grandes","8":"product_cat-pequenas-pegatinas","10":"first","11":"instock","12":"taxable","13":"shipping-taxable","14":"purchasable","15":"product-type-simple"},"yoast_head":"<!-- This site is optimized with the Yoast SEO plugin v27.3 - https:\/\/yoast.com\/product\/yoast-seo-wordpress\/ -->\n<title>Pegatina de \u00e1ngulo muerto | Amstel Printing<\/title>\n<meta name=\"robots\" content=\"index, follow, max-snippet:-1, max-image-preview:large, max-video-preview:-1\" \/>\n<link rel=\"canonical\" href=\"https:\/\/www.amstelprinting.nl\/es\/tienda\/pegatinas-e-impresion\/pegatinas-grandes\/pegatina-de-angulo-muerto\/\" \/>\n<meta property=\"og:locale\" content=\"es_ES\" \/>\n<meta property=\"og:type\" content=\"article\" \/>\n<meta property=\"og:title\" content=\"Pegatina de \u00e1ngulo muerto | Amstel Printing\" \/>\n<meta property=\"og:description\" content=\"Pegatina de \u00e1ngulo muerto para camiones y veh\u00edculos comerciales: segura y legalmente conforme Proteja a otros usuarios de la carretera y evite multas con pegatinas de \u00e1ngulo muerto que cumplen con la normativa francesa. Para veh\u00edculos de m\u00e1s de 3.500 kg, en Francia es obligatorio advertir visiblemente sobre los \u00e1ngulos muertos. Nuestras pegatinas est\u00e1n especialmente dise\u00f1adas para esta aplicaci\u00f3n y contribuyen a un tr\u00e1fico seguro.\" \/>\n<meta property=\"og:url\" content=\"https:\/\/www.amstelprinting.nl\/es\/tienda\/pegatinas-e-impresion\/pegatinas-grandes\/pegatina-de-angulo-muerto\/\" \/>\n<meta property=\"og:site_name\" content=\"Amstel Printing\" \/>\n<meta property=\"article:modified_time\" content=\"2026-02-18T11:45:14+00:00\" \/>\n<meta property=\"og:image\" content=\"https:\/\/www.amstelprinting.nl\/wp-content\/uploads\/Dode-hoek-sticker.png\" \/>\n\t<meta property=\"og:image:width\" content=\"700\" \/>\n\t<meta property=\"og:image:height\" content=\"700\" \/>\n\t<meta property=\"og:image:type\" content=\"image\/png\" \/>\n<meta name=\"twitter:card\" content=\"summary_large_image\" \/>\n<meta name=\"twitter:label1\" content=\"Tiempo de lectura\" \/>\n\t<meta name=\"twitter:data1\" content=\"1 minuto\" \/>\n<script type=\"application\/ld+json\" class=\"yoast-schema-graph\">{\"@context\":\"https:\\\/\\\/schema.org\",\"@graph\":[{\"@type\":\"WebPage\",\"@id\":\"https:\\\/\\\/www.amstelprinting.nl\\\/es\\\/tienda\\\/pegatinas-e-impresion\\\/pegatinas-grandes\\\/pegatina-de-angulo-muerto\\\/\",\"url\":\"https:\\\/\\\/www.amstelprinting.nl\\\/es\\\/tienda\\\/pegatinas-e-impresion\\\/pegatinas-grandes\\\/pegatina-de-angulo-muerto\\\/\",\"name\":\"Pegatina de \u00e1ngulo muerto | Amstel Printing\",\"isPartOf\":{\"@id\":\"https:\\\/\\\/www.amstelprinting.nl\\\/es\\\/#website\"},\"primaryImageOfPage\":{\"@id\":\"https:\\\/\\\/www.amstelprinting.nl\\\/es\\\/tienda\\\/pegatinas-e-impresion\\\/pegatinas-grandes\\\/pegatina-de-angulo-muerto\\\/#primaryimage\"},\"image\":{\"@id\":\"https:\\\/\\\/www.amstelprinting.nl\\\/es\\\/tienda\\\/pegatinas-e-impresion\\\/pegatinas-grandes\\\/pegatina-de-angulo-muerto\\\/#primaryimage\"},\"thumbnailUrl\":\"https:\\\/\\\/www.amstelprinting.nl\\\/wp-content\\\/uploads\\\/Dode-hoek-sticker.png\",\"datePublished\":\"2025-07-15T10:52:32+00:00\",\"dateModified\":\"2026-02-18T11:45:14+00:00\",\"breadcrumb\":{\"@id\":\"https:\\\/\\\/www.amstelprinting.nl\\\/es\\\/tienda\\\/pegatinas-e-impresion\\\/pegatinas-grandes\\\/pegatina-de-angulo-muerto\\\/#breadcrumb\"},\"inLanguage\":\"es\",\"potentialAction\":[{\"@type\":\"ReadAction\",\"target\":[\"https:\\\/\\\/www.amstelprinting.nl\\\/es\\\/tienda\\\/pegatinas-e-impresion\\\/pegatinas-grandes\\\/pegatina-de-angulo-muerto\\\/\"]}]},{\"@type\":\"ImageObject\",\"inLanguage\":\"es\",\"@id\":\"https:\\\/\\\/www.amstelprinting.nl\\\/es\\\/tienda\\\/pegatinas-e-impresion\\\/pegatinas-grandes\\\/pegatina-de-angulo-muerto\\\/#primaryimage\",\"url\":\"https:\\\/\\\/www.amstelprinting.nl\\\/wp-content\\\/uploads\\\/Dode-hoek-sticker.png\",\"contentUrl\":\"https:\\\/\\\/www.amstelprinting.nl\\\/wp-content\\\/uploads\\\/Dode-hoek-sticker.png\",\"width\":700,\"height\":700},{\"@type\":\"BreadcrumbList\",\"@id\":\"https:\\\/\\\/www.amstelprinting.nl\\\/es\\\/tienda\\\/pegatinas-e-impresion\\\/pegatinas-grandes\\\/pegatina-de-angulo-muerto\\\/#breadcrumb\",\"itemListElement\":[{\"@type\":\"ListItem\",\"position\":1,\"name\":\"\",\"item\":\"https:\\\/\\\/www.amstelprinting.nl\\\/es\\\/\"},{\"@type\":\"ListItem\",\"position\":2,\"name\":\"Amstel Printing\",\"item\":\"https:\\\/\\\/www.amstelprinting.nl\\\/es\\\/comercio\\\/\"},{\"@type\":\"ListItem\",\"position\":3,\"name\":\"Pegatinas e impresi\u00f3n\",\"item\":\"https:\\\/\\\/www.amstelprinting.nl\\\/es\\\/categor\u00eda\\\/pegatinas-e-impresion\\\/\"},{\"@type\":\"ListItem\",\"position\":4,\"name\":\"Pegatina de \u00e1ngulo muerto\"}]},{\"@type\":\"WebSite\",\"@id\":\"https:\\\/\\\/www.amstelprinting.nl\\\/es\\\/#website\",\"url\":\"https:\\\/\\\/www.amstelprinting.nl\\\/es\\\/\",\"name\":\"Amstel Printing\",\"description\":\"Creating Exposure\",\"publisher\":{\"@id\":\"https:\\\/\\\/www.amstelprinting.nl\\\/es\\\/#organization\"},\"potentialAction\":[{\"@type\":\"SearchAction\",\"target\":{\"@type\":\"EntryPoint\",\"urlTemplate\":\"https:\\\/\\\/www.amstelprinting.nl\\\/es\\\/?s={search_term_string}\"},\"query-input\":{\"@type\":\"PropertyValueSpecification\",\"valueRequired\":true,\"valueName\":\"search_term_string\"}}],\"inLanguage\":\"es\"},{\"@type\":\"Organization\",\"@id\":\"https:\\\/\\\/www.amstelprinting.nl\\\/es\\\/#organization\",\"name\":\"Amstel Printing\",\"url\":\"https:\\\/\\\/www.amstelprinting.nl\\\/es\\\/\",\"logo\":{\"@type\":\"ImageObject\",\"inLanguage\":\"es\",\"@id\":\"https:\\\/\\\/www.amstelprinting.nl\\\/es\\\/#\\\/schema\\\/logo\\\/image\\\/\",\"url\":\"https:\\\/\\\/www.amstelprinting.nl\\\/wp-content\\\/uploads\\\/amstel_printing_logo_clean.png\",\"contentUrl\":\"https:\\\/\\\/www.amstelprinting.nl\\\/wp-content\\\/uploads\\\/amstel_printing_logo_clean.png\",\"width\":324,\"height\":73,\"caption\":\"Amstel Printing\"},\"image\":{\"@id\":\"https:\\\/\\\/www.amstelprinting.nl\\\/es\\\/#\\\/schema\\\/logo\\\/image\\\/\"}}]}<\/script>\n<!-- \/ Yoast SEO plugin. -->","yoast_head_json":{"title":"Pegatina de \u00e1ngulo muerto | Amstel Printing","robots":{"index":"index","follow":"follow","max-snippet":"max-snippet:-1","max-image-preview":"max-image-preview:large","max-video-preview":"max-video-preview:-1"},"canonical":"https:\/\/www.amstelprinting.nl\/es\/tienda\/pegatinas-e-impresion\/pegatinas-grandes\/pegatina-de-angulo-muerto\/","og_locale":"es_ES","og_type":"article","og_title":"Pegatina de \u00e1ngulo muerto | Amstel Printing","og_description":"Pegatina de \u00e1ngulo muerto para camiones y veh\u00edculos comerciales: segura y legalmente conforme Proteja a otros usuarios de la carretera y evite multas con pegatinas de \u00e1ngulo muerto que cumplen con la normativa francesa. Para veh\u00edculos de m\u00e1s de 3.500 kg, en Francia es obligatorio advertir visiblemente sobre los \u00e1ngulos muertos. Nuestras pegatinas est\u00e1n especialmente dise\u00f1adas para esta aplicaci\u00f3n y contribuyen a un tr\u00e1fico seguro.","og_url":"https:\/\/www.amstelprinting.nl\/es\/tienda\/pegatinas-e-impresion\/pegatinas-grandes\/pegatina-de-angulo-muerto\/","og_site_name":"Amstel Printing","article_modified_time":"2026-02-18T11:45:14+00:00","og_image":[{"width":700,"height":700,"url":"https:\/\/www.amstelprinting.nl\/wp-content\/uploads\/Dode-hoek-sticker.png","type":"image\/png"}],"twitter_card":"summary_large_image","twitter_misc":{"Tiempo de lectura":"1 minuto"},"schema":{"@context":"https:\/\/schema.org","@graph":[{"@type":"WebPage","@id":"https:\/\/www.amstelprinting.nl\/es\/tienda\/pegatinas-e-impresion\/pegatinas-grandes\/pegatina-de-angulo-muerto\/","url":"https:\/\/www.amstelprinting.nl\/es\/tienda\/pegatinas-e-impresion\/pegatinas-grandes\/pegatina-de-angulo-muerto\/","name":"Pegatina de \u00e1ngulo muerto | Amstel Printing","isPartOf":{"@id":"https:\/\/www.amstelprinting.nl\/es\/#website"},"primaryImageOfPage":{"@id":"https:\/\/www.amstelprinting.nl\/es\/tienda\/pegatinas-e-impresion\/pegatinas-grandes\/pegatina-de-angulo-muerto\/#primaryimage"},"image":{"@id":"https:\/\/www.amstelprinting.nl\/es\/tienda\/pegatinas-e-impresion\/pegatinas-grandes\/pegatina-de-angulo-muerto\/#primaryimage"},"thumbnailUrl":"https:\/\/www.amstelprinting.nl\/wp-content\/uploads\/Dode-hoek-sticker.png","datePublished":"2025-07-15T10:52:32+00:00","dateModified":"2026-02-18T11:45:14+00:00","breadcrumb":{"@id":"https:\/\/www.amstelprinting.nl\/es\/tienda\/pegatinas-e-impresion\/pegatinas-grandes\/pegatina-de-angulo-muerto\/#breadcrumb"},"inLanguage":"es","potentialAction":[{"@type":"ReadAction","target":["https:\/\/www.amstelprinting.nl\/es\/tienda\/pegatinas-e-impresion\/pegatinas-grandes\/pegatina-de-angulo-muerto\/"]}]},{"@type":"ImageObject","inLanguage":"es","@id":"https:\/\/www.amstelprinting.nl\/es\/tienda\/pegatinas-e-impresion\/pegatinas-grandes\/pegatina-de-angulo-muerto\/#primaryimage","url":"https:\/\/www.amstelprinting.nl\/wp-content\/uploads\/Dode-hoek-sticker.png","contentUrl":"https:\/\/www.amstelprinting.nl\/wp-content\/uploads\/Dode-hoek-sticker.png","width":700,"height":700},{"@type":"BreadcrumbList","@id":"https:\/\/www.amstelprinting.nl\/es\/tienda\/pegatinas-e-impresion\/pegatinas-grandes\/pegatina-de-angulo-muerto\/#breadcrumb","itemListElement":[{"@type":"ListItem","position":1,"name":"","item":"https:\/\/www.amstelprinting.nl\/es\/"},{"@type":"ListItem","position":2,"name":"Amstel Printing","item":"https:\/\/www.amstelprinting.nl\/es\/comercio\/"},{"@type":"ListItem","position":3,"name":"Pegatinas e impresi\u00f3n","item":"https:\/\/www.amstelprinting.nl\/es\/categor\u00eda\/pegatinas-e-impresion\/"},{"@type":"ListItem","position":4,"name":"Pegatina de \u00e1ngulo muerto"}]},{"@type":"WebSite","@id":"https:\/\/www.amstelprinting.nl\/es\/#website","url":"https:\/\/www.amstelprinting.nl\/es\/","name":"Amstel Printing","description":"Creating Exposure","publisher":{"@id":"https:\/\/www.amstelprinting.nl\/es\/#organization"},"potentialAction":[{"@type":"SearchAction","target":{"@type":"EntryPoint","urlTemplate":"https:\/\/www.amstelprinting.nl\/es\/?s={search_term_string}"},"query-input":{"@type":"PropertyValueSpecification","valueRequired":true,"valueName":"search_term_string"}}],"inLanguage":"es"},{"@type":"Organization","@id":"https:\/\/www.amstelprinting.nl\/es\/#organization","name":"Amstel Printing","url":"https:\/\/www.amstelprinting.nl\/es\/","logo":{"@type":"ImageObject","inLanguage":"es","@id":"https:\/\/www.amstelprinting.nl\/es\/#\/schema\/logo\/image\/","url":"https:\/\/www.amstelprinting.nl\/wp-content\/uploads\/amstel_printing_logo_clean.png","contentUrl":"https:\/\/www.amstelprinting.nl\/wp-content\/uploads\/amstel_printing_logo_clean.png","width":324,"height":73,"caption":"Amstel Printing"},"image":{"@id":"https:\/\/www.amstelprinting.nl\/es\/#\/schema\/logo\/image\/"}}]}},"_links":{"self":[{"href":"https:\/\/www.amstelprinting.nl\/es\/wp-json\/wp\/v2\/product\/9508","targetHints":{"allow":["GET"]}}],"collection":[{"href":"https:\/\/www.amstelprinting.nl\/es\/wp-json\/wp\/v2\/product"}],"about":[{"href":"https:\/\/www.amstelprinting.nl\/es\/wp-json\/wp\/v2\/types\/product"}],"wp:featuredmedia":[{"embeddable":true,"href":"https:\/\/www.amstelprinting.nl\/es\/wp-json\/wp\/v2\/media\/9509"}],"wp:attachment":[{"href":"https:\/\/www.amstelprinting.nl\/es\/wp-json\/wp\/v2\/media?parent=9508"}],"wp:term":[{"taxonomy":"product_brand","embeddable":true,"href":"https:\/\/www.amstelprinting.nl\/es\/wp-json\/wp\/v2\/product_brand?post=9508"},{"taxonomy":"product_cat","embeddable":true,"href":"https:\/\/www.amstelprinting.nl\/es\/wp-json\/wp\/v2\/product_cat?post=9508"},{"taxonomy":"product_tag","embeddable":true,"href":"https:\/\/www.amstelprinting.nl\/es\/wp-json\/wp\/v2\/product_tag?post=9508"}],"curies":[{"name":"wp","href":"https:\/\/api.w.org\/{rel}","templated":true}]}}