{"id":9523,"date":"2025-07-15T12:51:59","date_gmt":"2025-07-15T10:51:59","guid":{"rendered":"https:\/\/www.amstelprinting.nl\/winkel\/sin%20categor\u00eda\/ijskrabber\/"},"modified":"2026-02-18T12:45:15","modified_gmt":"2026-02-18T11:45:15","slug":"raspador-de-hielo","status":"publish","type":"product","link":"https:\/\/www.amstelprinting.nl\/es\/tienda\/feria-y-evento\/decoracion\/raspador-de-hielo\/","title":{"rendered":"Raspador de hielo"},"content":{"rendered":"<h2>Medio promocional sostenible y elegante<\/h2>\n<p>El raspador de hielo est\u00e1 fabricado en poliestireno: un pl\u00e1stico resistente y ligero con una superficie lisa. Este material es 100% reciclable y ofrece una excelente calidad de impresi\u00f3n. Perfecto para campa\u00f1as de temporada, regalos de empresa o promociones de invierno.<\/p>\n<h2>Totalmente personalizable a su gusto<\/h2>\n<p>Tanto si desea imprimir un logotipo elegante, un dise\u00f1o colorido o una ilustraci\u00f3n invernal, nuestros raspadores de hielo son f\u00e1ciles de personalizar. Elija impresi\u00f3n a una o dos caras y dele al raspador de hielo exactamente el aspecto que se adapte a su marca.<br \/>\n\u00bfQuiere empezar r\u00e1pidamente? Ponemos a su disposici\u00f3n plantillas de dise\u00f1o gratuitas en la pesta\u00f1a Descargas. Con ellas, podr\u00e1 subir un archivo listo para imprimir en pocos minutos.<\/p>\n<h2>Pedir raspadores de hielo en pocos pasos<\/h2>\n<ul>\n<li>Elija la cantidad deseada \u2013 disponible a partir de <strong>una unidad<\/strong><\/li>\n<li>Suba <strong>su dise\u00f1o<\/strong> o utilice nuestras plantillas<\/li>\n<li>Nosotros nos encargamos de un <strong>acabado de alta calidad<\/strong> y una <strong>entrega r\u00e1pida<\/strong><\/li>\n<\/ul>\n<p><strong>\u00bfListo para dar a sus clientes, empleados o colaboradores una c\u00e1lida bienvenida al invierno?<\/strong><\/p>\n<p>Solicite un presupuesto sin compromiso o haga su pedido directamente, y haga que su marca brille incluso en los d\u00edas m\u00e1s fr\u00edos del a\u00f1o.<\/p>\n","protected":false},"excerpt":{"rendered":"<p><strong>Raspadores de hielo personalizados: indispensables en las ma\u00f1anas fr\u00edas<\/strong><br \/>\n\u00bfParabrisas helados? Con un raspador de hielo personalizado, podr\u00e1 eliminar la nieve y el hielo en un abrir y cerrar de ojos. Totalmente en su propia identidad corporativa. Este ayudante de invierno compacto y robusto no solo es funcional, sino tambi\u00e9n una poderosa herramienta promocional durante los meses de invierno. Pida hoy mismo raspadores de hielo impresos con su logotipo, dise\u00f1o o mensaje.<\/p>\n","protected":false},"featured_media":9524,"template":"","meta":{"_et_pb_use_builder":"","_et_pb_old_content":"","_et_gb_content_width":""},"product_brand":[],"product_cat":[423,431,580,315],"product_tag":[],"class_list":{"0":"post-9523","1":"product","2":"type-product","3":"status-publish","4":"has-post-thumbnail","6":"product_cat-decoracion","7":"product_cat-feria-y-evento","8":"product_cat-impresion","9":"product_cat-pegatinas-e-impresion","11":"first","12":"instock","13":"taxable","14":"shipping-taxable","15":"purchasable","16":"product-type-simple"},"yoast_head":"<!-- This site is optimized with the Yoast SEO plugin v27.3 - https:\/\/yoast.com\/product\/yoast-seo-wordpress\/ -->\n<title>Raspador de hielo | Amstel Printing<\/title>\n<meta name=\"robots\" content=\"index, follow, max-snippet:-1, max-image-preview:large, max-video-preview:-1\" \/>\n<link rel=\"canonical\" href=\"https:\/\/www.amstelprinting.nl\/es\/tienda\/feria-y-evento\/decoracion\/raspador-de-hielo\/\" \/>\n<meta property=\"og:locale\" content=\"es_ES\" \/>\n<meta property=\"og:type\" content=\"article\" \/>\n<meta property=\"og:title\" content=\"Raspador de hielo | Amstel Printing\" \/>\n<meta property=\"og:description\" content=\"Raspadores de hielo personalizados: indispensables en las ma\u00f1anas fr\u00edas \u00bfParabrisas helados? Con un raspador de hielo personalizado, podr\u00e1 eliminar la nieve y el hielo en un abrir y cerrar de ojos. Totalmente en su propia identidad corporativa. Este ayudante de invierno compacto y robusto no solo es funcional, sino tambi\u00e9n una poderosa herramienta promocional durante los meses de invierno. Pida hoy mismo raspadores de hielo impresos con su logotipo, dise\u00f1o o mensaje.\" \/>\n<meta property=\"og:url\" content=\"https:\/\/www.amstelprinting.nl\/es\/tienda\/feria-y-evento\/decoracion\/raspador-de-hielo\/\" \/>\n<meta property=\"og:site_name\" content=\"Amstel Printing\" \/>\n<meta property=\"article:modified_time\" content=\"2026-02-18T11:45:15+00:00\" \/>\n<meta property=\"og:image\" content=\"https:\/\/www.amstelprinting.nl\/wp-content\/uploads\/IJskrabber.jpg\" \/>\n\t<meta property=\"og:image:width\" content=\"700\" \/>\n\t<meta property=\"og:image:height\" content=\"700\" \/>\n\t<meta property=\"og:image:type\" content=\"image\/jpeg\" \/>\n<meta name=\"twitter:card\" content=\"summary_large_image\" \/>\n<meta name=\"twitter:label1\" content=\"Tiempo de lectura\" \/>\n\t<meta name=\"twitter:data1\" content=\"1 minuto\" \/>\n<script type=\"application\/ld+json\" class=\"yoast-schema-graph\">{\"@context\":\"https:\\\/\\\/schema.org\",\"@graph\":[{\"@type\":\"WebPage\",\"@id\":\"https:\\\/\\\/www.amstelprinting.nl\\\/es\\\/tienda\\\/feria-y-evento\\\/decoracion\\\/raspador-de-hielo\\\/\",\"url\":\"https:\\\/\\\/www.amstelprinting.nl\\\/es\\\/tienda\\\/feria-y-evento\\\/decoracion\\\/raspador-de-hielo\\\/\",\"name\":\"Raspador de hielo | Amstel Printing\",\"isPartOf\":{\"@id\":\"https:\\\/\\\/www.amstelprinting.nl\\\/es\\\/#website\"},\"primaryImageOfPage\":{\"@id\":\"https:\\\/\\\/www.amstelprinting.nl\\\/es\\\/tienda\\\/feria-y-evento\\\/decoracion\\\/raspador-de-hielo\\\/#primaryimage\"},\"image\":{\"@id\":\"https:\\\/\\\/www.amstelprinting.nl\\\/es\\\/tienda\\\/feria-y-evento\\\/decoracion\\\/raspador-de-hielo\\\/#primaryimage\"},\"thumbnailUrl\":\"https:\\\/\\\/www.amstelprinting.nl\\\/wp-content\\\/uploads\\\/IJskrabber.jpg\",\"datePublished\":\"2025-07-15T10:51:59+00:00\",\"dateModified\":\"2026-02-18T11:45:15+00:00\",\"breadcrumb\":{\"@id\":\"https:\\\/\\\/www.amstelprinting.nl\\\/es\\\/tienda\\\/feria-y-evento\\\/decoracion\\\/raspador-de-hielo\\\/#breadcrumb\"},\"inLanguage\":\"es\",\"potentialAction\":[{\"@type\":\"ReadAction\",\"target\":[\"https:\\\/\\\/www.amstelprinting.nl\\\/es\\\/tienda\\\/feria-y-evento\\\/decoracion\\\/raspador-de-hielo\\\/\"]}]},{\"@type\":\"ImageObject\",\"inLanguage\":\"es\",\"@id\":\"https:\\\/\\\/www.amstelprinting.nl\\\/es\\\/tienda\\\/feria-y-evento\\\/decoracion\\\/raspador-de-hielo\\\/#primaryimage\",\"url\":\"https:\\\/\\\/www.amstelprinting.nl\\\/wp-content\\\/uploads\\\/IJskrabber.jpg\",\"contentUrl\":\"https:\\\/\\\/www.amstelprinting.nl\\\/wp-content\\\/uploads\\\/IJskrabber.jpg\",\"width\":700,\"height\":700},{\"@type\":\"BreadcrumbList\",\"@id\":\"https:\\\/\\\/www.amstelprinting.nl\\\/es\\\/tienda\\\/feria-y-evento\\\/decoracion\\\/raspador-de-hielo\\\/#breadcrumb\",\"itemListElement\":[{\"@type\":\"ListItem\",\"position\":1,\"name\":\"\",\"item\":\"https:\\\/\\\/www.amstelprinting.nl\\\/es\\\/\"},{\"@type\":\"ListItem\",\"position\":2,\"name\":\"Amstel Printing\",\"item\":\"https:\\\/\\\/www.amstelprinting.nl\\\/es\\\/comercio\\\/\"},{\"@type\":\"ListItem\",\"position\":3,\"name\":\"Feria y evento\",\"item\":\"https:\\\/\\\/www.amstelprinting.nl\\\/es\\\/categor\u00eda\\\/feria-y-evento\\\/\"},{\"@type\":\"ListItem\",\"position\":4,\"name\":\"Raspador de hielo\"}]},{\"@type\":\"WebSite\",\"@id\":\"https:\\\/\\\/www.amstelprinting.nl\\\/es\\\/#website\",\"url\":\"https:\\\/\\\/www.amstelprinting.nl\\\/es\\\/\",\"name\":\"Amstel Printing\",\"description\":\"Creating Exposure\",\"publisher\":{\"@id\":\"https:\\\/\\\/www.amstelprinting.nl\\\/es\\\/#organization\"},\"potentialAction\":[{\"@type\":\"SearchAction\",\"target\":{\"@type\":\"EntryPoint\",\"urlTemplate\":\"https:\\\/\\\/www.amstelprinting.nl\\\/es\\\/?s={search_term_string}\"},\"query-input\":{\"@type\":\"PropertyValueSpecification\",\"valueRequired\":true,\"valueName\":\"search_term_string\"}}],\"inLanguage\":\"es\"},{\"@type\":\"Organization\",\"@id\":\"https:\\\/\\\/www.amstelprinting.nl\\\/es\\\/#organization\",\"name\":\"Amstel Printing\",\"url\":\"https:\\\/\\\/www.amstelprinting.nl\\\/es\\\/\",\"logo\":{\"@type\":\"ImageObject\",\"inLanguage\":\"es\",\"@id\":\"https:\\\/\\\/www.amstelprinting.nl\\\/es\\\/#\\\/schema\\\/logo\\\/image\\\/\",\"url\":\"https:\\\/\\\/www.amstelprinting.nl\\\/wp-content\\\/uploads\\\/amstel_printing_logo_clean.png\",\"contentUrl\":\"https:\\\/\\\/www.amstelprinting.nl\\\/wp-content\\\/uploads\\\/amstel_printing_logo_clean.png\",\"width\":324,\"height\":73,\"caption\":\"Amstel Printing\"},\"image\":{\"@id\":\"https:\\\/\\\/www.amstelprinting.nl\\\/es\\\/#\\\/schema\\\/logo\\\/image\\\/\"}}]}<\/script>\n<!-- \/ Yoast SEO plugin. -->","yoast_head_json":{"title":"Raspador de hielo | Amstel Printing","robots":{"index":"index","follow":"follow","max-snippet":"max-snippet:-1","max-image-preview":"max-image-preview:large","max-video-preview":"max-video-preview:-1"},"canonical":"https:\/\/www.amstelprinting.nl\/es\/tienda\/feria-y-evento\/decoracion\/raspador-de-hielo\/","og_locale":"es_ES","og_type":"article","og_title":"Raspador de hielo | Amstel Printing","og_description":"Raspadores de hielo personalizados: indispensables en las ma\u00f1anas fr\u00edas \u00bfParabrisas helados? Con un raspador de hielo personalizado, podr\u00e1 eliminar la nieve y el hielo en un abrir y cerrar de ojos. Totalmente en su propia identidad corporativa. Este ayudante de invierno compacto y robusto no solo es funcional, sino tambi\u00e9n una poderosa herramienta promocional durante los meses de invierno. Pida hoy mismo raspadores de hielo impresos con su logotipo, dise\u00f1o o mensaje.","og_url":"https:\/\/www.amstelprinting.nl\/es\/tienda\/feria-y-evento\/decoracion\/raspador-de-hielo\/","og_site_name":"Amstel Printing","article_modified_time":"2026-02-18T11:45:15+00:00","og_image":[{"width":700,"height":700,"url":"https:\/\/www.amstelprinting.nl\/wp-content\/uploads\/IJskrabber.jpg","type":"image\/jpeg"}],"twitter_card":"summary_large_image","twitter_misc":{"Tiempo de lectura":"1 minuto"},"schema":{"@context":"https:\/\/schema.org","@graph":[{"@type":"WebPage","@id":"https:\/\/www.amstelprinting.nl\/es\/tienda\/feria-y-evento\/decoracion\/raspador-de-hielo\/","url":"https:\/\/www.amstelprinting.nl\/es\/tienda\/feria-y-evento\/decoracion\/raspador-de-hielo\/","name":"Raspador de hielo | Amstel Printing","isPartOf":{"@id":"https:\/\/www.amstelprinting.nl\/es\/#website"},"primaryImageOfPage":{"@id":"https:\/\/www.amstelprinting.nl\/es\/tienda\/feria-y-evento\/decoracion\/raspador-de-hielo\/#primaryimage"},"image":{"@id":"https:\/\/www.amstelprinting.nl\/es\/tienda\/feria-y-evento\/decoracion\/raspador-de-hielo\/#primaryimage"},"thumbnailUrl":"https:\/\/www.amstelprinting.nl\/wp-content\/uploads\/IJskrabber.jpg","datePublished":"2025-07-15T10:51:59+00:00","dateModified":"2026-02-18T11:45:15+00:00","breadcrumb":{"@id":"https:\/\/www.amstelprinting.nl\/es\/tienda\/feria-y-evento\/decoracion\/raspador-de-hielo\/#breadcrumb"},"inLanguage":"es","potentialAction":[{"@type":"ReadAction","target":["https:\/\/www.amstelprinting.nl\/es\/tienda\/feria-y-evento\/decoracion\/raspador-de-hielo\/"]}]},{"@type":"ImageObject","inLanguage":"es","@id":"https:\/\/www.amstelprinting.nl\/es\/tienda\/feria-y-evento\/decoracion\/raspador-de-hielo\/#primaryimage","url":"https:\/\/www.amstelprinting.nl\/wp-content\/uploads\/IJskrabber.jpg","contentUrl":"https:\/\/www.amstelprinting.nl\/wp-content\/uploads\/IJskrabber.jpg","width":700,"height":700},{"@type":"BreadcrumbList","@id":"https:\/\/www.amstelprinting.nl\/es\/tienda\/feria-y-evento\/decoracion\/raspador-de-hielo\/#breadcrumb","itemListElement":[{"@type":"ListItem","position":1,"name":"","item":"https:\/\/www.amstelprinting.nl\/es\/"},{"@type":"ListItem","position":2,"name":"Amstel Printing","item":"https:\/\/www.amstelprinting.nl\/es\/comercio\/"},{"@type":"ListItem","position":3,"name":"Feria y evento","item":"https:\/\/www.amstelprinting.nl\/es\/categor\u00eda\/feria-y-evento\/"},{"@type":"ListItem","position":4,"name":"Raspador de hielo"}]},{"@type":"WebSite","@id":"https:\/\/www.amstelprinting.nl\/es\/#website","url":"https:\/\/www.amstelprinting.nl\/es\/","name":"Amstel Printing","description":"Creating Exposure","publisher":{"@id":"https:\/\/www.amstelprinting.nl\/es\/#organization"},"potentialAction":[{"@type":"SearchAction","target":{"@type":"EntryPoint","urlTemplate":"https:\/\/www.amstelprinting.nl\/es\/?s={search_term_string}"},"query-input":{"@type":"PropertyValueSpecification","valueRequired":true,"valueName":"search_term_string"}}],"inLanguage":"es"},{"@type":"Organization","@id":"https:\/\/www.amstelprinting.nl\/es\/#organization","name":"Amstel Printing","url":"https:\/\/www.amstelprinting.nl\/es\/","logo":{"@type":"ImageObject","inLanguage":"es","@id":"https:\/\/www.amstelprinting.nl\/es\/#\/schema\/logo\/image\/","url":"https:\/\/www.amstelprinting.nl\/wp-content\/uploads\/amstel_printing_logo_clean.png","contentUrl":"https:\/\/www.amstelprinting.nl\/wp-content\/uploads\/amstel_printing_logo_clean.png","width":324,"height":73,"caption":"Amstel Printing"},"image":{"@id":"https:\/\/www.amstelprinting.nl\/es\/#\/schema\/logo\/image\/"}}]}},"_links":{"self":[{"href":"https:\/\/www.amstelprinting.nl\/es\/wp-json\/wp\/v2\/product\/9523","targetHints":{"allow":["GET"]}}],"collection":[{"href":"https:\/\/www.amstelprinting.nl\/es\/wp-json\/wp\/v2\/product"}],"about":[{"href":"https:\/\/www.amstelprinting.nl\/es\/wp-json\/wp\/v2\/types\/product"}],"wp:featuredmedia":[{"embeddable":true,"href":"https:\/\/www.amstelprinting.nl\/es\/wp-json\/wp\/v2\/media\/9524"}],"wp:attachment":[{"href":"https:\/\/www.amstelprinting.nl\/es\/wp-json\/wp\/v2\/media?parent=9523"}],"wp:term":[{"taxonomy":"product_brand","embeddable":true,"href":"https:\/\/www.amstelprinting.nl\/es\/wp-json\/wp\/v2\/product_brand?post=9523"},{"taxonomy":"product_cat","embeddable":true,"href":"https:\/\/www.amstelprinting.nl\/es\/wp-json\/wp\/v2\/product_cat?post=9523"},{"taxonomy":"product_tag","embeddable":true,"href":"https:\/\/www.amstelprinting.nl\/es\/wp-json\/wp\/v2\/product_tag?post=9523"}],"curies":[{"name":"wp","href":"https:\/\/api.w.org\/{rel}","templated":true}]}}