{"id":9537,"date":"2025-07-15T12:51:09","date_gmt":"2025-07-15T10:51:09","guid":{"rendered":"https:\/\/www.amstelprinting.nl\/winkel\/sin%20categor\u00eda\/keuringsstickers\/"},"modified":"2026-02-18T12:45:16","modified_gmt":"2026-02-18T11:45:16","slug":"pegatinas-de-inspeccion","status":"publish","type":"product","link":"https:\/\/www.amstelprinting.nl\/es\/tienda\/pegatinas-e-impresion\/pequenas-pegatinas\/pegatinas-de-inspeccion\/","title":{"rendered":"Pegatinas de inspecci\u00f3n"},"content":{"rendered":"<h2>Entrega r\u00e1pida y servicio claro<\/h2>\n<p>\u00bfRealiza su pedido en un d\u00eda laborable antes de las 21:30? Entonces recibir\u00e1 las pegatinas en un plazo de 4 d\u00edas laborables.<\/p>\n<p>&nbsp;<\/p>\n<h2>Calidad superior<\/h2>\n<ul>\n<li>Impreso en l\u00e1mina blanca autoadhesiva \u2013 disponible en di\u00e1metros de 2, 3 o 4 cm.<\/li>\n<li>Equipado con un laminado brillante o laminado UV para proteger contra ara\u00f1azos, suciedad y luz solar.<\/li>\n<li>Sus pegatinas se entregan en hojas de 30 \u00d7 26 cm \u2013 pr\u00e1cticas de usar y f\u00e1ciles de almacenar.<\/li>\n<\/ul>\n<p>&nbsp;<\/p>\n<h2>Impresi\u00f3n de pegatinas de inspecci\u00f3n: las ventajas<\/h2>\n<ul>\n<li>Impresi\u00f3n clara &#8211; Texto bien legible y c\u00edrculos de fecha n\u00edtidos.<\/li>\n<li>Entrega pr\u00e1ctica &#8211; Pegatinas en hoja: r\u00e1pidas y eficientes de usar.<\/li>\n<li>Plantillas listas para usar &#8211; Comience de inmediato con nuestras plantillas gratuitas.<\/li>\n<\/ul>\n<p>&nbsp;<\/p>\n<h2>Dise\u00f1e usted mismo o use una plantilla<\/h2>\n<ul>\n<li>Puede proporcionar su propio dise\u00f1o o utilizar nuestras plantillas gratuitas.<\/li>\n<li>Atenci\u00f3n: Mantenga un sangrado de al menos 1,5 mm para evitar desplazamientos al cortar.<\/li>\n<\/ul>\n","protected":false},"excerpt":{"rendered":"<p><strong>Pegatinas de inspecci\u00f3n con impresi\u00f3n n\u00edtida<\/strong><br \/>\nEquipado con alta resoluci\u00f3n para una legibilidad \u00f3ptima.<\/p>\n<p><strong>Entregado de forma manejable en hojas claras<\/strong><br \/>\nPr\u00e1ctico de usar, f\u00e1cil de procesar.<\/p>\n<p><strong>Le ayudamos con plantillas listas para usar<\/strong><br \/>\nIncluyendo s\u00edmbolos oficiales y elementos de inspecci\u00f3n \u2013 aplicables directamente a su dise\u00f1o.<\/p>\n<p><strong>Siempre informado sobre el estado de inspecci\u00f3n de su equipo<\/strong><br \/>\nCon nuestras pegatinas de inspecci\u00f3n, muestra de inmediato que sus m\u00e1quinas, herramientas o instalaciones han sido revisadas y son seguras de usar. Ya sea un extintor, una caja de herramientas, un ascensor o equipo m\u00e9dico: con una pegatina de inspecci\u00f3n clara, cumple con los requisitos y proyecta profesionalidad.<\/p>\n","protected":false},"featured_media":9539,"template":"","meta":{"_et_pb_use_builder":"","_et_pb_old_content":"","_et_gb_content_width":""},"product_brand":[],"product_cat":[650,315,634],"product_tag":[],"class_list":{"0":"post-9537","1":"product","2":"type-product","3":"status-publish","4":"has-post-thumbnail","6":"product_cat-hojas-de-pegatinas","7":"product_cat-pegatinas-e-impresion","8":"product_cat-pequenas-pegatinas","10":"first","11":"instock","12":"taxable","13":"shipping-taxable","14":"purchasable","15":"product-type-simple"},"yoast_head":"<!-- This site is optimized with the Yoast SEO plugin v27.3 - https:\/\/yoast.com\/product\/yoast-seo-wordpress\/ -->\n<title>Pegatinas de inspecci\u00f3n | Amstel Printing<\/title>\n<meta name=\"robots\" content=\"index, follow, max-snippet:-1, max-image-preview:large, max-video-preview:-1\" \/>\n<link rel=\"canonical\" href=\"https:\/\/www.amstelprinting.nl\/es\/tienda\/pegatinas-e-impresion\/pequenas-pegatinas\/pegatinas-de-inspeccion\/\" \/>\n<meta property=\"og:locale\" content=\"es_ES\" \/>\n<meta property=\"og:type\" content=\"article\" \/>\n<meta property=\"og:title\" content=\"Pegatinas de inspecci\u00f3n | Amstel Printing\" \/>\n<meta property=\"og:description\" content=\"Pegatinas de inspecci\u00f3n con impresi\u00f3n n\u00edtida Equipado con alta resoluci\u00f3n para una legibilidad \u00f3ptima. Entregado de forma manejable en hojas claras Pr\u00e1ctico de usar, f\u00e1cil de procesar. Le ayudamos con plantillas listas para usar Incluyendo s\u00edmbolos oficiales y elementos de inspecci\u00f3n \u2013 aplicables directamente a su dise\u00f1o. Siempre informado sobre el estado de inspecci\u00f3n de su equipo Con nuestras pegatinas de inspecci\u00f3n, muestra de inmediato que sus m\u00e1quinas, herramientas o instalaciones han sido revisadas y son seguras de usar. Ya sea un extintor, una caja de herramientas, un ascensor o equipo m\u00e9dico: con una pegatina de inspecci\u00f3n clara, cumple con los requisitos y proyecta profesionalidad.\" \/>\n<meta property=\"og:url\" content=\"https:\/\/www.amstelprinting.nl\/es\/tienda\/pegatinas-e-impresion\/pequenas-pegatinas\/pegatinas-de-inspeccion\/\" \/>\n<meta property=\"og:site_name\" content=\"Amstel Printing\" \/>\n<meta property=\"article:modified_time\" content=\"2026-02-18T11:45:16+00:00\" \/>\n<meta property=\"og:image\" content=\"https:\/\/www.amstelprinting.nl\/wp-content\/uploads\/Keuringsstickers.png\" \/>\n\t<meta property=\"og:image:width\" content=\"650\" \/>\n\t<meta property=\"og:image:height\" content=\"650\" \/>\n\t<meta property=\"og:image:type\" content=\"image\/png\" \/>\n<meta name=\"twitter:card\" content=\"summary_large_image\" \/>\n<meta name=\"twitter:label1\" content=\"Tiempo de lectura\" \/>\n\t<meta name=\"twitter:data1\" content=\"1 minuto\" \/>\n<script type=\"application\/ld+json\" class=\"yoast-schema-graph\">{\"@context\":\"https:\\\/\\\/schema.org\",\"@graph\":[{\"@type\":\"WebPage\",\"@id\":\"https:\\\/\\\/www.amstelprinting.nl\\\/es\\\/tienda\\\/pegatinas-e-impresion\\\/pequenas-pegatinas\\\/pegatinas-de-inspeccion\\\/\",\"url\":\"https:\\\/\\\/www.amstelprinting.nl\\\/es\\\/tienda\\\/pegatinas-e-impresion\\\/pequenas-pegatinas\\\/pegatinas-de-inspeccion\\\/\",\"name\":\"Pegatinas de inspecci\u00f3n | Amstel Printing\",\"isPartOf\":{\"@id\":\"https:\\\/\\\/www.amstelprinting.nl\\\/es\\\/#website\"},\"primaryImageOfPage\":{\"@id\":\"https:\\\/\\\/www.amstelprinting.nl\\\/es\\\/tienda\\\/pegatinas-e-impresion\\\/pequenas-pegatinas\\\/pegatinas-de-inspeccion\\\/#primaryimage\"},\"image\":{\"@id\":\"https:\\\/\\\/www.amstelprinting.nl\\\/es\\\/tienda\\\/pegatinas-e-impresion\\\/pequenas-pegatinas\\\/pegatinas-de-inspeccion\\\/#primaryimage\"},\"thumbnailUrl\":\"https:\\\/\\\/www.amstelprinting.nl\\\/wp-content\\\/uploads\\\/Keuringsstickers.png\",\"datePublished\":\"2025-07-15T10:51:09+00:00\",\"dateModified\":\"2026-02-18T11:45:16+00:00\",\"breadcrumb\":{\"@id\":\"https:\\\/\\\/www.amstelprinting.nl\\\/es\\\/tienda\\\/pegatinas-e-impresion\\\/pequenas-pegatinas\\\/pegatinas-de-inspeccion\\\/#breadcrumb\"},\"inLanguage\":\"es\",\"potentialAction\":[{\"@type\":\"ReadAction\",\"target\":[\"https:\\\/\\\/www.amstelprinting.nl\\\/es\\\/tienda\\\/pegatinas-e-impresion\\\/pequenas-pegatinas\\\/pegatinas-de-inspeccion\\\/\"]}]},{\"@type\":\"ImageObject\",\"inLanguage\":\"es\",\"@id\":\"https:\\\/\\\/www.amstelprinting.nl\\\/es\\\/tienda\\\/pegatinas-e-impresion\\\/pequenas-pegatinas\\\/pegatinas-de-inspeccion\\\/#primaryimage\",\"url\":\"https:\\\/\\\/www.amstelprinting.nl\\\/wp-content\\\/uploads\\\/Keuringsstickers.png\",\"contentUrl\":\"https:\\\/\\\/www.amstelprinting.nl\\\/wp-content\\\/uploads\\\/Keuringsstickers.png\",\"width\":650,\"height\":650},{\"@type\":\"BreadcrumbList\",\"@id\":\"https:\\\/\\\/www.amstelprinting.nl\\\/es\\\/tienda\\\/pegatinas-e-impresion\\\/pequenas-pegatinas\\\/pegatinas-de-inspeccion\\\/#breadcrumb\",\"itemListElement\":[{\"@type\":\"ListItem\",\"position\":1,\"name\":\"\",\"item\":\"https:\\\/\\\/www.amstelprinting.nl\\\/es\\\/\"},{\"@type\":\"ListItem\",\"position\":2,\"name\":\"Amstel Printing\",\"item\":\"https:\\\/\\\/www.amstelprinting.nl\\\/es\\\/comercio\\\/\"},{\"@type\":\"ListItem\",\"position\":3,\"name\":\"Pegatinas e impresi\u00f3n\",\"item\":\"https:\\\/\\\/www.amstelprinting.nl\\\/es\\\/categor\u00eda\\\/pegatinas-e-impresion\\\/\"},{\"@type\":\"ListItem\",\"position\":4,\"name\":\"Pegatinas de inspecci\u00f3n\"}]},{\"@type\":\"WebSite\",\"@id\":\"https:\\\/\\\/www.amstelprinting.nl\\\/es\\\/#website\",\"url\":\"https:\\\/\\\/www.amstelprinting.nl\\\/es\\\/\",\"name\":\"Amstel Printing\",\"description\":\"Creating Exposure\",\"publisher\":{\"@id\":\"https:\\\/\\\/www.amstelprinting.nl\\\/es\\\/#organization\"},\"potentialAction\":[{\"@type\":\"SearchAction\",\"target\":{\"@type\":\"EntryPoint\",\"urlTemplate\":\"https:\\\/\\\/www.amstelprinting.nl\\\/es\\\/?s={search_term_string}\"},\"query-input\":{\"@type\":\"PropertyValueSpecification\",\"valueRequired\":true,\"valueName\":\"search_term_string\"}}],\"inLanguage\":\"es\"},{\"@type\":\"Organization\",\"@id\":\"https:\\\/\\\/www.amstelprinting.nl\\\/es\\\/#organization\",\"name\":\"Amstel Printing\",\"url\":\"https:\\\/\\\/www.amstelprinting.nl\\\/es\\\/\",\"logo\":{\"@type\":\"ImageObject\",\"inLanguage\":\"es\",\"@id\":\"https:\\\/\\\/www.amstelprinting.nl\\\/es\\\/#\\\/schema\\\/logo\\\/image\\\/\",\"url\":\"https:\\\/\\\/www.amstelprinting.nl\\\/wp-content\\\/uploads\\\/amstel_printing_logo_clean.png\",\"contentUrl\":\"https:\\\/\\\/www.amstelprinting.nl\\\/wp-content\\\/uploads\\\/amstel_printing_logo_clean.png\",\"width\":324,\"height\":73,\"caption\":\"Amstel Printing\"},\"image\":{\"@id\":\"https:\\\/\\\/www.amstelprinting.nl\\\/es\\\/#\\\/schema\\\/logo\\\/image\\\/\"}}]}<\/script>\n<!-- \/ Yoast SEO plugin. -->","yoast_head_json":{"title":"Pegatinas de inspecci\u00f3n | Amstel Printing","robots":{"index":"index","follow":"follow","max-snippet":"max-snippet:-1","max-image-preview":"max-image-preview:large","max-video-preview":"max-video-preview:-1"},"canonical":"https:\/\/www.amstelprinting.nl\/es\/tienda\/pegatinas-e-impresion\/pequenas-pegatinas\/pegatinas-de-inspeccion\/","og_locale":"es_ES","og_type":"article","og_title":"Pegatinas de inspecci\u00f3n | Amstel Printing","og_description":"Pegatinas de inspecci\u00f3n con impresi\u00f3n n\u00edtida Equipado con alta resoluci\u00f3n para una legibilidad \u00f3ptima. Entregado de forma manejable en hojas claras Pr\u00e1ctico de usar, f\u00e1cil de procesar. Le ayudamos con plantillas listas para usar Incluyendo s\u00edmbolos oficiales y elementos de inspecci\u00f3n \u2013 aplicables directamente a su dise\u00f1o. Siempre informado sobre el estado de inspecci\u00f3n de su equipo Con nuestras pegatinas de inspecci\u00f3n, muestra de inmediato que sus m\u00e1quinas, herramientas o instalaciones han sido revisadas y son seguras de usar. Ya sea un extintor, una caja de herramientas, un ascensor o equipo m\u00e9dico: con una pegatina de inspecci\u00f3n clara, cumple con los requisitos y proyecta profesionalidad.","og_url":"https:\/\/www.amstelprinting.nl\/es\/tienda\/pegatinas-e-impresion\/pequenas-pegatinas\/pegatinas-de-inspeccion\/","og_site_name":"Amstel Printing","article_modified_time":"2026-02-18T11:45:16+00:00","og_image":[{"width":650,"height":650,"url":"https:\/\/www.amstelprinting.nl\/wp-content\/uploads\/Keuringsstickers.png","type":"image\/png"}],"twitter_card":"summary_large_image","twitter_misc":{"Tiempo de lectura":"1 minuto"},"schema":{"@context":"https:\/\/schema.org","@graph":[{"@type":"WebPage","@id":"https:\/\/www.amstelprinting.nl\/es\/tienda\/pegatinas-e-impresion\/pequenas-pegatinas\/pegatinas-de-inspeccion\/","url":"https:\/\/www.amstelprinting.nl\/es\/tienda\/pegatinas-e-impresion\/pequenas-pegatinas\/pegatinas-de-inspeccion\/","name":"Pegatinas de inspecci\u00f3n | Amstel Printing","isPartOf":{"@id":"https:\/\/www.amstelprinting.nl\/es\/#website"},"primaryImageOfPage":{"@id":"https:\/\/www.amstelprinting.nl\/es\/tienda\/pegatinas-e-impresion\/pequenas-pegatinas\/pegatinas-de-inspeccion\/#primaryimage"},"image":{"@id":"https:\/\/www.amstelprinting.nl\/es\/tienda\/pegatinas-e-impresion\/pequenas-pegatinas\/pegatinas-de-inspeccion\/#primaryimage"},"thumbnailUrl":"https:\/\/www.amstelprinting.nl\/wp-content\/uploads\/Keuringsstickers.png","datePublished":"2025-07-15T10:51:09+00:00","dateModified":"2026-02-18T11:45:16+00:00","breadcrumb":{"@id":"https:\/\/www.amstelprinting.nl\/es\/tienda\/pegatinas-e-impresion\/pequenas-pegatinas\/pegatinas-de-inspeccion\/#breadcrumb"},"inLanguage":"es","potentialAction":[{"@type":"ReadAction","target":["https:\/\/www.amstelprinting.nl\/es\/tienda\/pegatinas-e-impresion\/pequenas-pegatinas\/pegatinas-de-inspeccion\/"]}]},{"@type":"ImageObject","inLanguage":"es","@id":"https:\/\/www.amstelprinting.nl\/es\/tienda\/pegatinas-e-impresion\/pequenas-pegatinas\/pegatinas-de-inspeccion\/#primaryimage","url":"https:\/\/www.amstelprinting.nl\/wp-content\/uploads\/Keuringsstickers.png","contentUrl":"https:\/\/www.amstelprinting.nl\/wp-content\/uploads\/Keuringsstickers.png","width":650,"height":650},{"@type":"BreadcrumbList","@id":"https:\/\/www.amstelprinting.nl\/es\/tienda\/pegatinas-e-impresion\/pequenas-pegatinas\/pegatinas-de-inspeccion\/#breadcrumb","itemListElement":[{"@type":"ListItem","position":1,"name":"","item":"https:\/\/www.amstelprinting.nl\/es\/"},{"@type":"ListItem","position":2,"name":"Amstel Printing","item":"https:\/\/www.amstelprinting.nl\/es\/comercio\/"},{"@type":"ListItem","position":3,"name":"Pegatinas e impresi\u00f3n","item":"https:\/\/www.amstelprinting.nl\/es\/categor\u00eda\/pegatinas-e-impresion\/"},{"@type":"ListItem","position":4,"name":"Pegatinas de inspecci\u00f3n"}]},{"@type":"WebSite","@id":"https:\/\/www.amstelprinting.nl\/es\/#website","url":"https:\/\/www.amstelprinting.nl\/es\/","name":"Amstel Printing","description":"Creating Exposure","publisher":{"@id":"https:\/\/www.amstelprinting.nl\/es\/#organization"},"potentialAction":[{"@type":"SearchAction","target":{"@type":"EntryPoint","urlTemplate":"https:\/\/www.amstelprinting.nl\/es\/?s={search_term_string}"},"query-input":{"@type":"PropertyValueSpecification","valueRequired":true,"valueName":"search_term_string"}}],"inLanguage":"es"},{"@type":"Organization","@id":"https:\/\/www.amstelprinting.nl\/es\/#organization","name":"Amstel Printing","url":"https:\/\/www.amstelprinting.nl\/es\/","logo":{"@type":"ImageObject","inLanguage":"es","@id":"https:\/\/www.amstelprinting.nl\/es\/#\/schema\/logo\/image\/","url":"https:\/\/www.amstelprinting.nl\/wp-content\/uploads\/amstel_printing_logo_clean.png","contentUrl":"https:\/\/www.amstelprinting.nl\/wp-content\/uploads\/amstel_printing_logo_clean.png","width":324,"height":73,"caption":"Amstel Printing"},"image":{"@id":"https:\/\/www.amstelprinting.nl\/es\/#\/schema\/logo\/image\/"}}]}},"_links":{"self":[{"href":"https:\/\/www.amstelprinting.nl\/es\/wp-json\/wp\/v2\/product\/9537","targetHints":{"allow":["GET"]}}],"collection":[{"href":"https:\/\/www.amstelprinting.nl\/es\/wp-json\/wp\/v2\/product"}],"about":[{"href":"https:\/\/www.amstelprinting.nl\/es\/wp-json\/wp\/v2\/types\/product"}],"wp:featuredmedia":[{"embeddable":true,"href":"https:\/\/www.amstelprinting.nl\/es\/wp-json\/wp\/v2\/media\/9539"}],"wp:attachment":[{"href":"https:\/\/www.amstelprinting.nl\/es\/wp-json\/wp\/v2\/media?parent=9537"}],"wp:term":[{"taxonomy":"product_brand","embeddable":true,"href":"https:\/\/www.amstelprinting.nl\/es\/wp-json\/wp\/v2\/product_brand?post=9537"},{"taxonomy":"product_cat","embeddable":true,"href":"https:\/\/www.amstelprinting.nl\/es\/wp-json\/wp\/v2\/product_cat?post=9537"},{"taxonomy":"product_tag","embeddable":true,"href":"https:\/\/www.amstelprinting.nl\/es\/wp-json\/wp\/v2\/product_tag?post=9537"}],"curies":[{"name":"wp","href":"https:\/\/api.w.org\/{rel}","templated":true}]}}