{"id":25825,"date":"2023-04-16T08:10:07","date_gmt":"2023-04-16T06:10:07","guid":{"rendered":"https:\/\/www.amstelprinting.nl\/liste-de-souhaits\/"},"modified":"2026-02-10T14:05:42","modified_gmt":"2026-02-10T13:05:42","slug":"liste-de-souhaits","status":"publish","type":"page","link":"https:\/\/www.amstelprinting.nl\/fr\/liste-de-souhaits\/","title":{"rendered":"Liste de souhaits"},"content":{"rendered":"<p>[et_pb_section fb_built=\u00a0\u00bb1&Prime; admin_label=\u00a0\u00bbsection\u00a0\u00bb _builder_version=\u00a0\u00bb4.16&Prime; global_colors_info=\u00a0\u00bb{}\u00a0\u00bb][et_pb_row admin_label=\u00a0\u00bbLigne\u00a0\u00bb _builder_version=\u00a0\u00bb4.27.4&Prime; background_size=\u00a0\u00bbinitial\u00a0\u00bb background_position=\u00a0\u00bbtop_left\u00a0\u00bb background_repeat=\u00a0\u00bbrepeat\u00a0\u00bb custom_padding=\u00a0\u00bb125px||0px||false|false\u00a0\u00bb custom_padding_tablet=\u00a0\u00bb100px||0px||false|false\u00a0\u00bb custom_padding_phone=\u00a0\u00bb75px||0px||false|false\u00a0\u00bb global_colors_info=\u00a0\u00bb{}\u00a0\u00bb][et_pb_column type=\u00a0\u00bb4_4&Prime; _builder_version=\u00a0\u00bb4.16&Prime; custom_padding=\u00a0\u00bb|||\u00a0\u00bb global_colors_info=\u00a0\u00bb{}\u00a0\u00bb custom_padding__hover=\u00a0\u00bb|||\u00a0\u00bb][et_pb_text admin_label=\u00a0\u00bbText\u00a0\u00bb _builder_version=\u00a0\u00bb4.16&Prime; background_size=\u00a0\u00bbinitial\u00a0\u00bb background_position=\u00a0\u00bbtop_left\u00a0\u00bb background_repeat=\u00a0\u00bbrepeat\u00a0\u00bb global_colors_info=\u00a0\u00bb{}\u00a0\u00bb]<\/p>\n<div class=\"theme-container\">\n\t\t<div class=\"theme-row\">\n\t\t<div class=\"theme-col theme-col-12\">\n\t\t\t<div class=\"breadcrumb\">\n\t\t\t<nav class=\"woocommerce-breadcrumb\" aria-label=\"Breadcrumb\">Accueil<\/nav>\t\t\t<\/div>\n\t\t<\/div>\n\t<\/div>\n\t<\/div>\n\n<div class=\"theme-container\">\n\t<div class=\"theme-row\">\n\t\t<div class=\"theme-col theme-col-12\">\n\t\t\t\n\t\t\t<form id=\"yith-wcwl-form\" action=\"https:\/\/www.amstelprinting.nl\/fr\/liste-de-souhaits\/\" method=\"post\"\n\t\t\t\tclass=\"woocommerce yith-wcwl-form wishlist-fragment\"\n\t\t\t\tdata-fragment-options=\"{&quot;per_page&quot;:5,&quot;current_page&quot;:1,&quot;pagination&quot;:&quot;no&quot;,&quot;wishlist_id&quot;:false,&quot;action_params&quot;:false,&quot;no_interactions&quot;:false,&quot;layout&quot;:&quot;&quot;,&quot;wishlist&quot;:false,&quot;is_default&quot;:true,&quot;is_custom_list&quot;:false,&quot;wishlist_token&quot;:&quot;&quot;,&quot;is_private&quot;:false,&quot;count&quot;:0,&quot;page_title&quot;:&quot;Ma liste de souhaits&quot;,&quot;default_wishlsit_title&quot;:&quot;Ma liste de souhaits&quot;,&quot;page_links&quot;:false,&quot;is_user_logged_in&quot;:false,&quot;is_user_owner&quot;:true,&quot;can_user_edit_title&quot;:false,&quot;show_price&quot;:true,&quot;show_dateadded&quot;:false,&quot;show_stock_status&quot;:true,&quot;show_add_to_cart&quot;:true,&quot;show_remove_product&quot;:true,&quot;add_to_cart_text&quot;:&quot;Toevoegen aan winkelwagen&quot;,&quot;show_ask_estimate_button&quot;:false,&quot;ask_estimate_url&quot;:&quot;&quot;,&quot;price_excl_tax&quot;:true,&quot;show_cb&quot;:false,&quot;show_quantity&quot;:false,&quot;show_variation&quot;:false,&quot;show_price_variations&quot;:false,&quot;show_update&quot;:false,&quot;enable_drag_n_drop&quot;:false,&quot;enable_add_all_to_cart&quot;:false,&quot;move_to_another_wishlist&quot;:false,&quot;repeat_remove_button&quot;:false,&quot;show_last_column&quot;:true,&quot;heading_icon&quot;:&quot;&lt;i class=\\&quot;fa heart-outline\\&quot;&gt;&lt;\\\/i&gt;&quot;,&quot;share_enabled&quot;:false,&quot;template_part&quot;:&quot;view&quot;,&quot;additional_info&quot;:false,&quot;available_multi_wishlist&quot;:false,&quot;form_action&quot;:&quot;https:\\\/\\\/www.amstelprinting.nl\\\/fr\\\/liste-de-souhaits\\\/&quot;,&quot;item&quot;:&quot;wishlist&quot;}\">\n\n\t\t\t\t<!-- TITLE -->\n\t\t\t\t\t\t\t\t\t<div class=\"wishlist-title-container\">\n\t\t\t\t\t\t<div\n\t\t\t\t\t\t\tclass=\"wishlist-title \">\n\t\t\t\t\t\t\t<h2>Ma liste de souhaits<\/h2>\t\t\t\t\t\t\t\t\t\t\t\t\t<\/div>\n\t\t\t\t\t\t\t\t\t\t\t<\/div>\n\t\t\t\t\t\n\t\t\t\t<!-- WISHLIST TABLE -->\n\t\t\t\t\n\t\t\t\t\t<div class=\"wishlist-empty-page\">\n\t\t\t\t\t\t<i class=\"far fa-heart icon\"><\/i>\n\t\t\t\t\t\t<p class=\"wishlist-empty\">\n\t\t\t\t\t\t\tAucun produit ajout\u00e9 \u00e0 la liste de souhaits<\/p>\n\t\t\t\t\t\t<p class=\"return-to-shop\">\n\t\t\t\t\t\t\t<a class=\"button wc-backward btn-v-dark btn-go-shop theme-button theme-button-primary\"\n\t\t\t\t\t\t\t\thref=\"https:\/\/www.amstelprinting.nl\/fr\/boutique\/\">\n\t\t\t\t\t\t\t\tRetourner \u00e0 la boutique\t\t\t\t\t\t\t<\/a>\n\t\t\t\t\t\t<\/p>\n\t\t\t\t\t<\/div>\n\t\t\t\t\t\n\t\t\t\t<div class=\"yith_wcwl_wishlist_footer\">\n\t\n\n\t\n\n\t\n\t<\/div>\n\n<input type=\"hidden\" id=\"yith_wcwl_edit_wishlist\" name=\"yith_wcwl_edit_wishlist\" value=\"ed55f4ee2c\" \/><input type=\"hidden\" name=\"_wp_http_referer\" value=\"\/fr\/wp-json\/wp\/v2\/pages\/25825\" \/><input type=\"hidden\" value=\"\" name=\"wishlist_id\" id=\"wishlist_id\">\n\n\n<\/form>\n\n\n\n\n\t\t\t\t\t\t<\/div>\n\t<\/div>\n<\/div>\n<p>[\/et_pb_text][\/et_pb_column][\/et_pb_row][\/et_pb_section]<\/p>\n","protected":false},"excerpt":{"rendered":"<p>Accueil Ma liste de souhaits Aucun produit ajout\u00e9 \u00e0&#8230;<\/p>\n","protected":false},"author":1,"featured_media":0,"parent":0,"menu_order":0,"comment_status":"closed","ping_status":"closed","template":"","meta":{"_et_pb_use_builder":"on","_et_pb_old_content":"","_et_gb_content_width":"","footnotes":""},"categories":[],"class_list":["post-25825","page","type-page","status-publish","hentry"],"yoast_head":"<!-- This site is optimized with the Yoast SEO plugin v27.3 - https:\/\/yoast.com\/product\/yoast-seo-wordpress\/ -->\n<title>Votre liste de souhaits | G\u00e9rez vos produits pr\u00e9f\u00e9r\u00e9s<\/title>\n<meta name=\"description\" content=\"Enregistrez et g\u00e9rez vos produits promotionnels et imprim\u00e9s pr\u00e9f\u00e9r\u00e9s dans votre liste de souhaits personnelle chez Amstel Printing pour les commander \u00e0 nouveau facilement.\" \/>\n<meta name=\"robots\" content=\"index, follow, max-snippet:-1, max-image-preview:large, max-video-preview:-1\" \/>\n<link rel=\"canonical\" href=\"https:\/\/www.amstelprinting.nl\/fr\/liste-de-souhaits\/\" \/>\n<meta property=\"og:locale\" content=\"fr_FR\" \/>\n<meta property=\"og:type\" content=\"article\" \/>\n<meta property=\"og:title\" content=\"Votre liste de souhaits | G\u00e9rez vos produits pr\u00e9f\u00e9r\u00e9s\" \/>\n<meta property=\"og:description\" content=\"Enregistrez et g\u00e9rez vos produits promotionnels et imprim\u00e9s pr\u00e9f\u00e9r\u00e9s dans votre liste de souhaits personnelle chez Amstel Printing pour les commander \u00e0 nouveau facilement.\" \/>\n<meta property=\"og:url\" content=\"https:\/\/www.amstelprinting.nl\/fr\/liste-de-souhaits\/\" \/>\n<meta property=\"og:site_name\" content=\"Amstel Printing\" \/>\n<meta property=\"article:modified_time\" content=\"2026-02-10T13:05:42+00:00\" \/>\n<meta property=\"og:image\" content=\"https:\/\/www.amstelprinting.nl\/wp-content\/uploads\/amstel_printing_logo_clean.png\" \/>\n\t<meta property=\"og:image:width\" content=\"324\" \/>\n\t<meta property=\"og:image:height\" content=\"73\" \/>\n\t<meta property=\"og:image:type\" content=\"image\/png\" \/>\n<meta name=\"twitter:card\" content=\"summary_large_image\" \/>\n<meta name=\"twitter:label1\" content=\"Dur\u00e9e de lecture estim\u00e9e\" \/>\n\t<meta name=\"twitter:data1\" content=\"1 minute\" \/>\n<script type=\"application\/ld+json\" class=\"yoast-schema-graph\">{\"@context\":\"https:\\\/\\\/schema.org\",\"@graph\":[{\"@type\":\"WebPage\",\"@id\":\"https:\\\/\\\/www.amstelprinting.nl\\\/fr\\\/liste-de-souhaits\\\/\",\"url\":\"https:\\\/\\\/www.amstelprinting.nl\\\/fr\\\/liste-de-souhaits\\\/\",\"name\":\"Votre liste de souhaits | G\u00e9rez vos produits pr\u00e9f\u00e9r\u00e9s\",\"isPartOf\":{\"@id\":\"https:\\\/\\\/www.amstelprinting.nl\\\/fr\\\/#website\"},\"datePublished\":\"2023-04-16T06:10:07+00:00\",\"dateModified\":\"2026-02-10T13:05:42+00:00\",\"description\":\"Enregistrez et g\u00e9rez vos produits promotionnels et imprim\u00e9s pr\u00e9f\u00e9r\u00e9s dans votre liste de souhaits personnelle chez Amstel Printing pour les commander \u00e0 nouveau facilement.\",\"breadcrumb\":{\"@id\":\"https:\\\/\\\/www.amstelprinting.nl\\\/fr\\\/liste-de-souhaits\\\/#breadcrumb\"},\"inLanguage\":\"fr-FR\",\"potentialAction\":[{\"@type\":\"ReadAction\",\"target\":[\"https:\\\/\\\/www.amstelprinting.nl\\\/fr\\\/liste-de-souhaits\\\/\"]}]},{\"@type\":\"BreadcrumbList\",\"@id\":\"https:\\\/\\\/www.amstelprinting.nl\\\/fr\\\/liste-de-souhaits\\\/#breadcrumb\",\"itemListElement\":[{\"@type\":\"ListItem\",\"position\":1,\"name\":\"\",\"item\":\"https:\\\/\\\/www.amstelprinting.nl\\\/fr\\\/\"},{\"@type\":\"ListItem\",\"position\":2,\"name\":\"Liste de souhaits\"}]},{\"@type\":\"WebSite\",\"@id\":\"https:\\\/\\\/www.amstelprinting.nl\\\/fr\\\/#website\",\"url\":\"https:\\\/\\\/www.amstelprinting.nl\\\/fr\\\/\",\"name\":\"Amstel Printing\",\"description\":\"Creating Exposure\",\"publisher\":{\"@id\":\"https:\\\/\\\/www.amstelprinting.nl\\\/fr\\\/#organization\"},\"potentialAction\":[{\"@type\":\"SearchAction\",\"target\":{\"@type\":\"EntryPoint\",\"urlTemplate\":\"https:\\\/\\\/www.amstelprinting.nl\\\/fr\\\/?s={search_term_string}\"},\"query-input\":{\"@type\":\"PropertyValueSpecification\",\"valueRequired\":true,\"valueName\":\"search_term_string\"}}],\"inLanguage\":\"fr-FR\"},{\"@type\":\"Organization\",\"@id\":\"https:\\\/\\\/www.amstelprinting.nl\\\/fr\\\/#organization\",\"name\":\"Amstel Printing\",\"url\":\"https:\\\/\\\/www.amstelprinting.nl\\\/fr\\\/\",\"logo\":{\"@type\":\"ImageObject\",\"inLanguage\":\"fr-FR\",\"@id\":\"https:\\\/\\\/www.amstelprinting.nl\\\/fr\\\/#\\\/schema\\\/logo\\\/image\\\/\",\"url\":\"https:\\\/\\\/www.amstelprinting.nl\\\/wp-content\\\/uploads\\\/amstel_printing_logo_clean.png\",\"contentUrl\":\"https:\\\/\\\/www.amstelprinting.nl\\\/wp-content\\\/uploads\\\/amstel_printing_logo_clean.png\",\"width\":324,\"height\":73,\"caption\":\"Amstel Printing\"},\"image\":{\"@id\":\"https:\\\/\\\/www.amstelprinting.nl\\\/fr\\\/#\\\/schema\\\/logo\\\/image\\\/\"}}]}<\/script>\n<!-- \/ Yoast SEO plugin. -->","yoast_head_json":{"title":"Votre liste de souhaits | G\u00e9rez vos produits pr\u00e9f\u00e9r\u00e9s","description":"Enregistrez et g\u00e9rez vos produits promotionnels et imprim\u00e9s pr\u00e9f\u00e9r\u00e9s dans votre liste de souhaits personnelle chez Amstel Printing pour les commander \u00e0 nouveau facilement.","robots":{"index":"index","follow":"follow","max-snippet":"max-snippet:-1","max-image-preview":"max-image-preview:large","max-video-preview":"max-video-preview:-1"},"canonical":"https:\/\/www.amstelprinting.nl\/fr\/liste-de-souhaits\/","og_locale":"fr_FR","og_type":"article","og_title":"Votre liste de souhaits | G\u00e9rez vos produits pr\u00e9f\u00e9r\u00e9s","og_description":"Enregistrez et g\u00e9rez vos produits promotionnels et imprim\u00e9s pr\u00e9f\u00e9r\u00e9s dans votre liste de souhaits personnelle chez Amstel Printing pour les commander \u00e0 nouveau facilement.","og_url":"https:\/\/www.amstelprinting.nl\/fr\/liste-de-souhaits\/","og_site_name":"Amstel Printing","article_modified_time":"2026-02-10T13:05:42+00:00","og_image":[{"width":324,"height":73,"url":"https:\/\/www.amstelprinting.nl\/wp-content\/uploads\/amstel_printing_logo_clean.png","type":"image\/png"}],"twitter_card":"summary_large_image","twitter_misc":{"Dur\u00e9e de lecture estim\u00e9e":"1 minute"},"schema":{"@context":"https:\/\/schema.org","@graph":[{"@type":"WebPage","@id":"https:\/\/www.amstelprinting.nl\/fr\/liste-de-souhaits\/","url":"https:\/\/www.amstelprinting.nl\/fr\/liste-de-souhaits\/","name":"Votre liste de souhaits | G\u00e9rez vos produits pr\u00e9f\u00e9r\u00e9s","isPartOf":{"@id":"https:\/\/www.amstelprinting.nl\/fr\/#website"},"datePublished":"2023-04-16T06:10:07+00:00","dateModified":"2026-02-10T13:05:42+00:00","description":"Enregistrez et g\u00e9rez vos produits promotionnels et imprim\u00e9s pr\u00e9f\u00e9r\u00e9s dans votre liste de souhaits personnelle chez Amstel Printing pour les commander \u00e0 nouveau facilement.","breadcrumb":{"@id":"https:\/\/www.amstelprinting.nl\/fr\/liste-de-souhaits\/#breadcrumb"},"inLanguage":"fr-FR","potentialAction":[{"@type":"ReadAction","target":["https:\/\/www.amstelprinting.nl\/fr\/liste-de-souhaits\/"]}]},{"@type":"BreadcrumbList","@id":"https:\/\/www.amstelprinting.nl\/fr\/liste-de-souhaits\/#breadcrumb","itemListElement":[{"@type":"ListItem","position":1,"name":"","item":"https:\/\/www.amstelprinting.nl\/fr\/"},{"@type":"ListItem","position":2,"name":"Liste de souhaits"}]},{"@type":"WebSite","@id":"https:\/\/www.amstelprinting.nl\/fr\/#website","url":"https:\/\/www.amstelprinting.nl\/fr\/","name":"Amstel Printing","description":"Creating Exposure","publisher":{"@id":"https:\/\/www.amstelprinting.nl\/fr\/#organization"},"potentialAction":[{"@type":"SearchAction","target":{"@type":"EntryPoint","urlTemplate":"https:\/\/www.amstelprinting.nl\/fr\/?s={search_term_string}"},"query-input":{"@type":"PropertyValueSpecification","valueRequired":true,"valueName":"search_term_string"}}],"inLanguage":"fr-FR"},{"@type":"Organization","@id":"https:\/\/www.amstelprinting.nl\/fr\/#organization","name":"Amstel Printing","url":"https:\/\/www.amstelprinting.nl\/fr\/","logo":{"@type":"ImageObject","inLanguage":"fr-FR","@id":"https:\/\/www.amstelprinting.nl\/fr\/#\/schema\/logo\/image\/","url":"https:\/\/www.amstelprinting.nl\/wp-content\/uploads\/amstel_printing_logo_clean.png","contentUrl":"https:\/\/www.amstelprinting.nl\/wp-content\/uploads\/amstel_printing_logo_clean.png","width":324,"height":73,"caption":"Amstel Printing"},"image":{"@id":"https:\/\/www.amstelprinting.nl\/fr\/#\/schema\/logo\/image\/"}}]}},"_links":{"self":[{"href":"https:\/\/www.amstelprinting.nl\/fr\/wp-json\/wp\/v2\/pages\/25825","targetHints":{"allow":["GET"]}}],"collection":[{"href":"https:\/\/www.amstelprinting.nl\/fr\/wp-json\/wp\/v2\/pages"}],"about":[{"href":"https:\/\/www.amstelprinting.nl\/fr\/wp-json\/wp\/v2\/types\/page"}],"author":[{"embeddable":true,"href":"https:\/\/www.amstelprinting.nl\/fr\/wp-json\/wp\/v2\/users\/1"}],"replies":[{"embeddable":true,"href":"https:\/\/www.amstelprinting.nl\/fr\/wp-json\/wp\/v2\/comments?post=25825"}],"version-history":[{"count":0,"href":"https:\/\/www.amstelprinting.nl\/fr\/wp-json\/wp\/v2\/pages\/25825\/revisions"}],"wp:attachment":[{"href":"https:\/\/www.amstelprinting.nl\/fr\/wp-json\/wp\/v2\/media?parent=25825"}],"wp:term":[{"taxonomy":"category","embeddable":true,"href":"https:\/\/www.amstelprinting.nl\/fr\/wp-json\/wp\/v2\/categories?post=25825"}],"curies":[{"name":"wp","href":"https:\/\/api.w.org\/{rel}","templated":true}]}}