{"id":27436,"date":"2023-03-17T18:03:47","date_gmt":"2023-03-17T17:03:47","guid":{"rendered":"https:\/\/www.amstelprinting.nl\/politique-de-cookies\/"},"modified":"2026-03-03T22:48:37","modified_gmt":"2026-03-03T21:48:37","slug":"politique-de-cookies","status":"publish","type":"page","link":"https:\/\/www.amstelprinting.nl\/fr\/politique-de-cookies\/","title":{"rendered":"Politique de Cookies"},"content":{"rendered":"<p>[et_pb_section fb_built=\u00a0\u00bb1&Prime; _builder_version=\u00a0\u00bb4.16&Prime; global_colors_info=\u00a0\u00bb{}\u00a0\u00bb][et_pb_row _builder_version=\u00a0\u00bb4.16&Prime; background_size=\u00a0\u00bbinitial\u00a0\u00bb background_position=\u00a0\u00bbtop_left\u00a0\u00bb background_repeat=\u00a0\u00bbrepeat\u00a0\u00bb global_colors_info=\u00a0\u00bb{}\u00a0\u00bb][et_pb_column type=\u00a0\u00bb4_4&Prime; _builder_version=\u00a0\u00bb4.16&Prime; custom_padding=\u00a0\u00bb|||\u00a0\u00bb global_colors_info=\u00a0\u00bb{}\u00a0\u00bb custom_padding__hover=\u00a0\u00bb|||\u00a0\u00bb][et_pb_text _builder_version=\u00a0\u00bb4.27.5&Prime; background_size=\u00a0\u00bbinitial\u00a0\u00bb background_position=\u00a0\u00bbtop_left\u00a0\u00bb background_repeat=\u00a0\u00bbrepeat\u00a0\u00bb hover_enabled=\u00a0\u00bb0&Prime; global_colors_info=\u00a0\u00bb{}\u00a0\u00bb sticky_enabled=\u00a0\u00bb0&Prime;]<\/p>\n<h2>Politique de Cookies<\/h2>\n<p>\nAmstel Printing utilise diff\u00e9rents types de cookies (petits fichiers texte stock\u00e9s sur votre appareil) et des technologies similaires, qui collectent des donn\u00e9es n\u00e9cessaires \u00e0 la fourniture de nos services.\n<\/p>\n<p>\nLes cookies nous permettent, entre autres, de sauvegarder vos pr\u00e9f\u00e9rences et param\u00e8tres, de pr\u00e9venir la fraude, d\u2019afficher des formulaires de contact, d\u2019int\u00e9grer les r\u00e9seaux sociaux et d\u2019analyser les performances de notre site web et de nos services en ligne.\n<\/p>\n<p>\nPour le placement de cookies fonctionnels et l\u2019utilisation limit\u00e9e de cookies analytiques \u2014 n\u00e9cessaires, par exemple, pour le fonctionnement d\u2019un service \u2014 Amstel Printing n\u2019a pas besoin de votre consentement pr\u00e9alable en tant que visiteur.<br \/>\nLes cookies fonctionnels incluent des fichiers qui suivent le contenu d\u2019un panier d\u2019achat num\u00e9rique.<br \/>\nLes cookies analytiques sont utilis\u00e9s, entre autres, pour suivre le nombre de visiteurs et am\u00e9liorer le site. Ces cookies ont peu ou pas d\u2019impact sur la vie priv\u00e9e du visiteur.\n<\/p>\n<p>\nTous les autres cookies, tels que les cookies de suivi, ne sont utilis\u00e9s que si vous avez donn\u00e9 votre consentement pr\u00e9alable \u00e0 Amstel Printing.\n<\/p>\n<p>\nEn cliquant sur le bouton \u00ab\u00a0Continuer !\u00a0\u00bb, vous indiquez que vous acceptez l\u2019utilisation de cookies et le traitement des donn\u00e9es (personnelles) collect\u00e9es et trait\u00e9es \u00e0 l\u2019aide de cookies.\n<\/p>\n<p>\nLes pop-ups permettent de demander le consentement des visiteurs \u00e0 l\u2019avance. C\u2019est le cas, par exemple, lorsque les donn\u00e9es statistiques sont \u00e9galement utilis\u00e9es pour cr\u00e9er des profils de visiteurs.\n<\/p>\n<p>\nLes cookies (et autres techniques similaires comme JavaScript) permettent, par exemple, de rester connect\u00e9 \u00e0 un site web ou de m\u00e9moriser les param\u00e8tres de localisation et de langue (cookies fonctionnels).\n<\/p>\n<p>\nLes propri\u00e9taires de sites web peuvent \u00e9galement utiliser des cookies pour savoir combien de fois leurs sites \u2014 et quelles pages \u2014 sont consult\u00e9s par les visiteurs (statistiques).<br \/>\nLes cookies sont utilis\u00e9s pour des fonctionnalit\u00e9s telles que le bouton Like des r\u00e9seaux sociaux.\n<\/p>\n<p>\nLes cookies permettent \u00e9galement de suivre votre utilisation de plusieurs sites web (cookies de suivi).<br \/>\nL\u2019utilisation des cookies concernant les informations collect\u00e9es par Amstel Printing est soumise \u00e0 notre politique de confidentialit\u00e9 et de cookies.\n<\/p>\n<p>\nPour plus d\u2019informations sur le traitement des donn\u00e9es (personnelles), veuillez consulter notre <a href=\"https:\/\/www.amstelprinting.nl\/fr\/declaration-de-confidentialite\/\">Politique de Confidentialit\u00e9<\/a>.\n<\/p>\n<p>[\/et_pb_text][\/et_pb_column][\/et_pb_row][\/et_pb_section]<\/p>\n","protected":false},"excerpt":{"rendered":"<p>Politique de Cookies Amstel Printing utilise&#8230;<\/p>\n","protected":false},"author":1,"featured_media":0,"parent":0,"menu_order":0,"comment_status":"closed","ping_status":"closed","template":"","meta":{"_et_pb_use_builder":"on","_et_pb_old_content":"","_et_gb_content_width":"","footnotes":""},"categories":[],"class_list":["post-27436","page","type-page","status-publish","hentry"],"yoast_head":"<!-- This site is optimized with the Yoast SEO plugin v27.3 - https:\/\/yoast.com\/product\/yoast-seo-wordpress\/ -->\n<title>Politique de Cookies | Amstel Printing<\/title>\n<meta name=\"robots\" content=\"index, follow, max-snippet:-1, max-image-preview:large, max-video-preview:-1\" \/>\n<link rel=\"canonical\" href=\"https:\/\/www.amstelprinting.nl\/fr\/politique-de-cookies\/\" \/>\n<meta property=\"og:locale\" content=\"fr_FR\" \/>\n<meta property=\"og:type\" content=\"article\" \/>\n<meta property=\"og:title\" content=\"Politique de Cookies | Amstel Printing\" \/>\n<meta property=\"og:description\" content=\"Politique de Cookies Amstel Printing utilise...\" \/>\n<meta property=\"og:url\" content=\"https:\/\/www.amstelprinting.nl\/fr\/politique-de-cookies\/\" \/>\n<meta property=\"og:site_name\" content=\"Amstel Printing\" \/>\n<meta property=\"article:modified_time\" content=\"2026-03-03T21:48:37+00:00\" \/>\n<meta property=\"og:image\" content=\"https:\/\/www.amstelprinting.nl\/wp-content\/uploads\/amstel_printing_logo_clean.png\" \/>\n\t<meta property=\"og:image:width\" content=\"324\" \/>\n\t<meta property=\"og:image:height\" content=\"73\" \/>\n\t<meta property=\"og:image:type\" content=\"image\/png\" \/>\n<meta name=\"twitter:card\" content=\"summary_large_image\" \/>\n<meta name=\"twitter:label1\" content=\"Dur\u00e9e de lecture estim\u00e9e\" \/>\n\t<meta name=\"twitter:data1\" content=\"2 minutes\" \/>\n<script type=\"application\/ld+json\" class=\"yoast-schema-graph\">{\"@context\":\"https:\\\/\\\/schema.org\",\"@graph\":[{\"@type\":\"WebPage\",\"@id\":\"https:\\\/\\\/www.amstelprinting.nl\\\/fr\\\/politique-de-cookies\\\/\",\"url\":\"https:\\\/\\\/www.amstelprinting.nl\\\/fr\\\/politique-de-cookies\\\/\",\"name\":\"Politique de Cookies | Amstel Printing\",\"isPartOf\":{\"@id\":\"https:\\\/\\\/www.amstelprinting.nl\\\/fr\\\/#website\"},\"datePublished\":\"2023-03-17T17:03:47+00:00\",\"dateModified\":\"2026-03-03T21:48:37+00:00\",\"breadcrumb\":{\"@id\":\"https:\\\/\\\/www.amstelprinting.nl\\\/fr\\\/politique-de-cookies\\\/#breadcrumb\"},\"inLanguage\":\"fr-FR\",\"potentialAction\":[{\"@type\":\"ReadAction\",\"target\":[\"https:\\\/\\\/www.amstelprinting.nl\\\/fr\\\/politique-de-cookies\\\/\"]}]},{\"@type\":\"BreadcrumbList\",\"@id\":\"https:\\\/\\\/www.amstelprinting.nl\\\/fr\\\/politique-de-cookies\\\/#breadcrumb\",\"itemListElement\":[{\"@type\":\"ListItem\",\"position\":1,\"name\":\"\",\"item\":\"https:\\\/\\\/www.amstelprinting.nl\\\/fr\\\/\"},{\"@type\":\"ListItem\",\"position\":2,\"name\":\"Politique de Cookies\"}]},{\"@type\":\"WebSite\",\"@id\":\"https:\\\/\\\/www.amstelprinting.nl\\\/fr\\\/#website\",\"url\":\"https:\\\/\\\/www.amstelprinting.nl\\\/fr\\\/\",\"name\":\"Amstel Printing\",\"description\":\"Creating Exposure\",\"publisher\":{\"@id\":\"https:\\\/\\\/www.amstelprinting.nl\\\/fr\\\/#organization\"},\"potentialAction\":[{\"@type\":\"SearchAction\",\"target\":{\"@type\":\"EntryPoint\",\"urlTemplate\":\"https:\\\/\\\/www.amstelprinting.nl\\\/fr\\\/?s={search_term_string}\"},\"query-input\":{\"@type\":\"PropertyValueSpecification\",\"valueRequired\":true,\"valueName\":\"search_term_string\"}}],\"inLanguage\":\"fr-FR\"},{\"@type\":\"Organization\",\"@id\":\"https:\\\/\\\/www.amstelprinting.nl\\\/fr\\\/#organization\",\"name\":\"Amstel Printing\",\"url\":\"https:\\\/\\\/www.amstelprinting.nl\\\/fr\\\/\",\"logo\":{\"@type\":\"ImageObject\",\"inLanguage\":\"fr-FR\",\"@id\":\"https:\\\/\\\/www.amstelprinting.nl\\\/fr\\\/#\\\/schema\\\/logo\\\/image\\\/\",\"url\":\"https:\\\/\\\/www.amstelprinting.nl\\\/wp-content\\\/uploads\\\/amstel_printing_logo_clean.png\",\"contentUrl\":\"https:\\\/\\\/www.amstelprinting.nl\\\/wp-content\\\/uploads\\\/amstel_printing_logo_clean.png\",\"width\":324,\"height\":73,\"caption\":\"Amstel Printing\"},\"image\":{\"@id\":\"https:\\\/\\\/www.amstelprinting.nl\\\/fr\\\/#\\\/schema\\\/logo\\\/image\\\/\"}}]}<\/script>\n<!-- \/ Yoast SEO plugin. -->","yoast_head_json":{"title":"Politique de Cookies | Amstel Printing","robots":{"index":"index","follow":"follow","max-snippet":"max-snippet:-1","max-image-preview":"max-image-preview:large","max-video-preview":"max-video-preview:-1"},"canonical":"https:\/\/www.amstelprinting.nl\/fr\/politique-de-cookies\/","og_locale":"fr_FR","og_type":"article","og_title":"Politique de Cookies | Amstel Printing","og_description":"Politique de Cookies Amstel Printing utilise...","og_url":"https:\/\/www.amstelprinting.nl\/fr\/politique-de-cookies\/","og_site_name":"Amstel Printing","article_modified_time":"2026-03-03T21:48:37+00:00","og_image":[{"width":324,"height":73,"url":"https:\/\/www.amstelprinting.nl\/wp-content\/uploads\/amstel_printing_logo_clean.png","type":"image\/png"}],"twitter_card":"summary_large_image","twitter_misc":{"Dur\u00e9e de lecture estim\u00e9e":"2 minutes"},"schema":{"@context":"https:\/\/schema.org","@graph":[{"@type":"WebPage","@id":"https:\/\/www.amstelprinting.nl\/fr\/politique-de-cookies\/","url":"https:\/\/www.amstelprinting.nl\/fr\/politique-de-cookies\/","name":"Politique de Cookies | Amstel Printing","isPartOf":{"@id":"https:\/\/www.amstelprinting.nl\/fr\/#website"},"datePublished":"2023-03-17T17:03:47+00:00","dateModified":"2026-03-03T21:48:37+00:00","breadcrumb":{"@id":"https:\/\/www.amstelprinting.nl\/fr\/politique-de-cookies\/#breadcrumb"},"inLanguage":"fr-FR","potentialAction":[{"@type":"ReadAction","target":["https:\/\/www.amstelprinting.nl\/fr\/politique-de-cookies\/"]}]},{"@type":"BreadcrumbList","@id":"https:\/\/www.amstelprinting.nl\/fr\/politique-de-cookies\/#breadcrumb","itemListElement":[{"@type":"ListItem","position":1,"name":"","item":"https:\/\/www.amstelprinting.nl\/fr\/"},{"@type":"ListItem","position":2,"name":"Politique de Cookies"}]},{"@type":"WebSite","@id":"https:\/\/www.amstelprinting.nl\/fr\/#website","url":"https:\/\/www.amstelprinting.nl\/fr\/","name":"Amstel Printing","description":"Creating Exposure","publisher":{"@id":"https:\/\/www.amstelprinting.nl\/fr\/#organization"},"potentialAction":[{"@type":"SearchAction","target":{"@type":"EntryPoint","urlTemplate":"https:\/\/www.amstelprinting.nl\/fr\/?s={search_term_string}"},"query-input":{"@type":"PropertyValueSpecification","valueRequired":true,"valueName":"search_term_string"}}],"inLanguage":"fr-FR"},{"@type":"Organization","@id":"https:\/\/www.amstelprinting.nl\/fr\/#organization","name":"Amstel Printing","url":"https:\/\/www.amstelprinting.nl\/fr\/","logo":{"@type":"ImageObject","inLanguage":"fr-FR","@id":"https:\/\/www.amstelprinting.nl\/fr\/#\/schema\/logo\/image\/","url":"https:\/\/www.amstelprinting.nl\/wp-content\/uploads\/amstel_printing_logo_clean.png","contentUrl":"https:\/\/www.amstelprinting.nl\/wp-content\/uploads\/amstel_printing_logo_clean.png","width":324,"height":73,"caption":"Amstel Printing"},"image":{"@id":"https:\/\/www.amstelprinting.nl\/fr\/#\/schema\/logo\/image\/"}}]}},"_links":{"self":[{"href":"https:\/\/www.amstelprinting.nl\/fr\/wp-json\/wp\/v2\/pages\/27436","targetHints":{"allow":["GET"]}}],"collection":[{"href":"https:\/\/www.amstelprinting.nl\/fr\/wp-json\/wp\/v2\/pages"}],"about":[{"href":"https:\/\/www.amstelprinting.nl\/fr\/wp-json\/wp\/v2\/types\/page"}],"author":[{"embeddable":true,"href":"https:\/\/www.amstelprinting.nl\/fr\/wp-json\/wp\/v2\/users\/1"}],"replies":[{"embeddable":true,"href":"https:\/\/www.amstelprinting.nl\/fr\/wp-json\/wp\/v2\/comments?post=27436"}],"version-history":[{"count":2,"href":"https:\/\/www.amstelprinting.nl\/fr\/wp-json\/wp\/v2\/pages\/27436\/revisions"}],"predecessor-version":[{"id":27438,"href":"https:\/\/www.amstelprinting.nl\/fr\/wp-json\/wp\/v2\/pages\/27436\/revisions\/27438"}],"wp:attachment":[{"href":"https:\/\/www.amstelprinting.nl\/fr\/wp-json\/wp\/v2\/media?parent=27436"}],"wp:term":[{"taxonomy":"category","embeddable":true,"href":"https:\/\/www.amstelprinting.nl\/fr\/wp-json\/wp\/v2\/categories?post=27436"}],"curies":[{"name":"wp","href":"https:\/\/api.w.org\/{rel}","templated":true}]}}