{"id":27457,"date":"2023-03-17T18:03:47","date_gmt":"2023-03-17T17:03:47","guid":{"rendered":"https:\/\/www.amstelprinting.nl\/clause-de-non-responsabilite\/"},"modified":"2026-03-05T10:41:06","modified_gmt":"2026-03-05T09:41:06","slug":"clause-de-non-responsabilite","status":"publish","type":"page","link":"https:\/\/www.amstelprinting.nl\/fr\/clause-de-non-responsabilite\/","title":{"rendered":"Clause de non-responsabilit\u00e9"},"content":{"rendered":"<p>[et_pb_section fb_built=\u00a0\u00bb1&Prime; _builder_version=\u00a0\u00bb4.16&Prime; global_colors_info=\u00a0\u00bb{}\u00a0\u00bb][et_pb_row _builder_version=\u00a0\u00bb4.16&Prime; background_size=\u00a0\u00bbinitial\u00a0\u00bb background_position=\u00a0\u00bbtop_left\u00a0\u00bb background_repeat=\u00a0\u00bbrepeat\u00a0\u00bb global_colors_info=\u00a0\u00bb{}\u00a0\u00bb][et_pb_column type=\u00a0\u00bb4_4&Prime; _builder_version=\u00a0\u00bb4.16&Prime; custom_padding=\u00a0\u00bb|||\u00a0\u00bb global_colors_info=\u00a0\u00bb{}\u00a0\u00bb custom_padding__hover=\u00a0\u00bb|||\u00a0\u00bb][et_pb_text _builder_version=\u00a0\u00bb4.27.5&Prime; background_size=\u00a0\u00bbinitial\u00a0\u00bb background_position=\u00a0\u00bbtop_left\u00a0\u00bb background_repeat=\u00a0\u00bbrepeat\u00a0\u00bb hover_enabled=\u00a0\u00bb0&Prime; global_colors_info=\u00a0\u00bb{}\u00a0\u00bb sticky_enabled=\u00a0\u00bb0&Prime;]<\/p>\n<h2 data-start=\"224\" data-end=\"260\">Clause de non-responsabilit\u00e9 pour Amstel Printing<\/h2>\n<p data-start=\"262\" data-end=\"477\">Sur cette page, vous trouverez la clause de non-responsabilit\u00e9 de <strong data-start=\"303\" data-end=\"324\">amstelprinting.com, amstelprinting.nl, amstelprinting.de, amstelprinting.fr<\/strong>, <strong>amstelprinting.it<\/strong> et <strong>amstelprinting.es<\/strong> telle que fournie par <strong data-start=\"357\" data-end=\"376\">Amstel Printing<\/strong>.<\/p>\n<p>Dans cette clause de non-responsabilit\u00e9, nous indiquons sous quelles r\u00e9serves nous proposons les informations figurant sur notre site web.<\/p>\n<h3 data-start=\"479\" data-end=\"505\">Propri\u00e9t\u00e9 intellectuelle<\/h3>\n<p data-start=\"506\" data-end=\"665\">Tous les droits de propri\u00e9t\u00e9 intellectuelle relatifs \u00e0 ce site web et aux informations qui y sont publi\u00e9es appartiennent \u00e0 Amstel Printing, sauf indication contraire.<\/p>\n<p data-start=\"667\" data-end=\"951\">L\u2019utilisation des informations pr\u00e9sentes sur ce site web est autoris\u00e9e gratuitement, \u00e0 condition de ne pas copier, distribuer ou utiliser ces informations de toute autre mani\u00e8re abusive. La r\u00e9utilisation des informations figurant sur ce site web n\u2019est autoris\u00e9e que dans la mesure permise par la l\u00e9gislation imp\u00e9rative.<\/p>\n<p data-start=\"953\" data-end=\"1158\">Sans l\u2019autorisation \u00e9crite pr\u00e9alable d\u2019Amstel Printing, il est interdit de copier, distribuer ou utiliser de toute autre mani\u00e8re les textes, images ou autres mat\u00e9riaux pr\u00e9sents sur ce site web.<\/p>\n<h3 data-start=\"1160\" data-end=\"1190\">Absence de garantie d\u2019exactitude<\/h3>\n<p data-start=\"1191\" data-end=\"1453\">Nous nous effor\u00e7ons de pr\u00e9senter les informations sur notre site web de la mani\u00e8re la plus compl\u00e8te, correcte et actuelle possible.<br \/>En ce qui concerne les prix et les informations figurant sur ce site web, nous nous effor\u00e7ons d\u2019en fournir une repr\u00e9sentation aussi fid\u00e8le que possible \u00e0 la r\u00e9alit\u00e9 et aux prix pr\u00e9vus.<\/p>\n<p data-start=\"1455\" data-end=\"1631\">Les erreurs ou fautes \u00e9videntes, telles que les erreurs de programmation ou typographiques, ne constituent jamais un motif pour revendiquer ou supposer un accord avec Amstel Printing.<\/p>\n<p data-start=\"1633\" data-end=\"1797\">Malgr\u00e9 nos efforts, il est possible que certaines informations figurant sur ce site web soient incompl\u00e8tes ou incorrectes. Amstel Printing ne peut accepter aucune responsabilit\u00e9 \u00e0 cet \u00e9gard.<\/p>\n<p data-start=\"1799\" data-end=\"2088\">Les informations et\/ou produits pr\u00e9sent\u00e9s sur ce site web sont fournis sans aucune forme de garantie et sans pr\u00e9tention quant \u00e0 leur exactitude ou leur exhaustivit\u00e9. Nous nous r\u00e9servons le droit de modifier, supprimer ou republier le contenu du site web sans pr\u00e9avis.<\/p>\n<p data-start=\"2090\" data-end=\"2206\">Amstel Printing d\u00e9cline toute responsabilit\u00e9 quant au contenu des sites web vers lesquels des liens hypertextes renvoient.<\/p>\n<h3 data-start=\"2208\" data-end=\"2223\">Modifications<\/h3>\n<p data-start=\"2224\" data-end=\"2374\">Amstel Printing se r\u00e9serve le droit de modifier la pr\u00e9sente clause de non-responsabilit\u00e9. La version la plus r\u00e9cente de la clause de non-responsabilit\u00e9 est toujours disponible sur cette page.<\/p>\n<p>[\/et_pb_text][\/et_pb_column][\/et_pb_row][\/et_pb_section]<\/p>\n","protected":false},"excerpt":{"rendered":"<p>Clause de non-responsabilit\u00e9 pour Amstel Printing Sur&#8230;<\/p>\n","protected":false},"author":1,"featured_media":0,"parent":0,"menu_order":0,"comment_status":"closed","ping_status":"closed","template":"","meta":{"_et_pb_use_builder":"on","_et_pb_old_content":"","_et_gb_content_width":"","footnotes":""},"categories":[],"class_list":["post-27457","page","type-page","status-publish","hentry"],"yoast_head":"<!-- This site is optimized with the Yoast SEO plugin v27.3 - https:\/\/yoast.com\/product\/yoast-seo-wordpress\/ -->\n<title>Clause de non-responsabilit\u00e9 | Amstel Printing<\/title>\n<meta name=\"robots\" content=\"index, follow, max-snippet:-1, max-image-preview:large, max-video-preview:-1\" \/>\n<link rel=\"canonical\" href=\"https:\/\/www.amstelprinting.nl\/fr\/clause-de-non-responsabilite\/\" \/>\n<meta property=\"og:locale\" content=\"fr_FR\" \/>\n<meta property=\"og:type\" content=\"article\" \/>\n<meta property=\"og:title\" content=\"Clause de non-responsabilit\u00e9 | Amstel Printing\" \/>\n<meta property=\"og:description\" content=\"Clause de non-responsabilit\u00e9 pour Amstel Printing Sur...\" \/>\n<meta property=\"og:url\" content=\"https:\/\/www.amstelprinting.nl\/fr\/clause-de-non-responsabilite\/\" \/>\n<meta property=\"og:site_name\" content=\"Amstel Printing\" \/>\n<meta property=\"article:modified_time\" content=\"2026-03-05T09:41:06+00:00\" \/>\n<meta property=\"og:image\" content=\"https:\/\/www.amstelprinting.nl\/wp-content\/uploads\/amstel_printing_logo_clean.png\" \/>\n\t<meta property=\"og:image:width\" content=\"324\" \/>\n\t<meta property=\"og:image:height\" content=\"73\" \/>\n\t<meta property=\"og:image:type\" content=\"image\/png\" \/>\n<meta name=\"twitter:card\" content=\"summary_large_image\" \/>\n<meta name=\"twitter:label1\" content=\"Dur\u00e9e de lecture estim\u00e9e\" \/>\n\t<meta name=\"twitter:data1\" content=\"2 minutes\" \/>\n<script type=\"application\/ld+json\" class=\"yoast-schema-graph\">{\"@context\":\"https:\\\/\\\/schema.org\",\"@graph\":[{\"@type\":\"WebPage\",\"@id\":\"https:\\\/\\\/www.amstelprinting.nl\\\/fr\\\/clause-de-non-responsabilite\\\/\",\"url\":\"https:\\\/\\\/www.amstelprinting.nl\\\/fr\\\/clause-de-non-responsabilite\\\/\",\"name\":\"Clause de non-responsabilit\u00e9 | Amstel Printing\",\"isPartOf\":{\"@id\":\"https:\\\/\\\/www.amstelprinting.nl\\\/fr\\\/#website\"},\"datePublished\":\"2023-03-17T17:03:47+00:00\",\"dateModified\":\"2026-03-05T09:41:06+00:00\",\"breadcrumb\":{\"@id\":\"https:\\\/\\\/www.amstelprinting.nl\\\/fr\\\/clause-de-non-responsabilite\\\/#breadcrumb\"},\"inLanguage\":\"fr-FR\",\"potentialAction\":[{\"@type\":\"ReadAction\",\"target\":[\"https:\\\/\\\/www.amstelprinting.nl\\\/fr\\\/clause-de-non-responsabilite\\\/\"]}]},{\"@type\":\"BreadcrumbList\",\"@id\":\"https:\\\/\\\/www.amstelprinting.nl\\\/fr\\\/clause-de-non-responsabilite\\\/#breadcrumb\",\"itemListElement\":[{\"@type\":\"ListItem\",\"position\":1,\"name\":\"\",\"item\":\"https:\\\/\\\/www.amstelprinting.nl\\\/fr\\\/\"},{\"@type\":\"ListItem\",\"position\":2,\"name\":\"Clause de non-responsabilit\u00e9\"}]},{\"@type\":\"WebSite\",\"@id\":\"https:\\\/\\\/www.amstelprinting.nl\\\/fr\\\/#website\",\"url\":\"https:\\\/\\\/www.amstelprinting.nl\\\/fr\\\/\",\"name\":\"Amstel Printing\",\"description\":\"Creating Exposure\",\"publisher\":{\"@id\":\"https:\\\/\\\/www.amstelprinting.nl\\\/fr\\\/#organization\"},\"potentialAction\":[{\"@type\":\"SearchAction\",\"target\":{\"@type\":\"EntryPoint\",\"urlTemplate\":\"https:\\\/\\\/www.amstelprinting.nl\\\/fr\\\/?s={search_term_string}\"},\"query-input\":{\"@type\":\"PropertyValueSpecification\",\"valueRequired\":true,\"valueName\":\"search_term_string\"}}],\"inLanguage\":\"fr-FR\"},{\"@type\":\"Organization\",\"@id\":\"https:\\\/\\\/www.amstelprinting.nl\\\/fr\\\/#organization\",\"name\":\"Amstel Printing\",\"url\":\"https:\\\/\\\/www.amstelprinting.nl\\\/fr\\\/\",\"logo\":{\"@type\":\"ImageObject\",\"inLanguage\":\"fr-FR\",\"@id\":\"https:\\\/\\\/www.amstelprinting.nl\\\/fr\\\/#\\\/schema\\\/logo\\\/image\\\/\",\"url\":\"https:\\\/\\\/www.amstelprinting.nl\\\/wp-content\\\/uploads\\\/amstel_printing_logo_clean.png\",\"contentUrl\":\"https:\\\/\\\/www.amstelprinting.nl\\\/wp-content\\\/uploads\\\/amstel_printing_logo_clean.png\",\"width\":324,\"height\":73,\"caption\":\"Amstel Printing\"},\"image\":{\"@id\":\"https:\\\/\\\/www.amstelprinting.nl\\\/fr\\\/#\\\/schema\\\/logo\\\/image\\\/\"}}]}<\/script>\n<!-- \/ Yoast SEO plugin. -->","yoast_head_json":{"title":"Clause de non-responsabilit\u00e9 | Amstel Printing","robots":{"index":"index","follow":"follow","max-snippet":"max-snippet:-1","max-image-preview":"max-image-preview:large","max-video-preview":"max-video-preview:-1"},"canonical":"https:\/\/www.amstelprinting.nl\/fr\/clause-de-non-responsabilite\/","og_locale":"fr_FR","og_type":"article","og_title":"Clause de non-responsabilit\u00e9 | Amstel Printing","og_description":"Clause de non-responsabilit\u00e9 pour Amstel Printing Sur...","og_url":"https:\/\/www.amstelprinting.nl\/fr\/clause-de-non-responsabilite\/","og_site_name":"Amstel Printing","article_modified_time":"2026-03-05T09:41:06+00:00","og_image":[{"width":324,"height":73,"url":"https:\/\/www.amstelprinting.nl\/wp-content\/uploads\/amstel_printing_logo_clean.png","type":"image\/png"}],"twitter_card":"summary_large_image","twitter_misc":{"Dur\u00e9e de lecture estim\u00e9e":"2 minutes"},"schema":{"@context":"https:\/\/schema.org","@graph":[{"@type":"WebPage","@id":"https:\/\/www.amstelprinting.nl\/fr\/clause-de-non-responsabilite\/","url":"https:\/\/www.amstelprinting.nl\/fr\/clause-de-non-responsabilite\/","name":"Clause de non-responsabilit\u00e9 | Amstel Printing","isPartOf":{"@id":"https:\/\/www.amstelprinting.nl\/fr\/#website"},"datePublished":"2023-03-17T17:03:47+00:00","dateModified":"2026-03-05T09:41:06+00:00","breadcrumb":{"@id":"https:\/\/www.amstelprinting.nl\/fr\/clause-de-non-responsabilite\/#breadcrumb"},"inLanguage":"fr-FR","potentialAction":[{"@type":"ReadAction","target":["https:\/\/www.amstelprinting.nl\/fr\/clause-de-non-responsabilite\/"]}]},{"@type":"BreadcrumbList","@id":"https:\/\/www.amstelprinting.nl\/fr\/clause-de-non-responsabilite\/#breadcrumb","itemListElement":[{"@type":"ListItem","position":1,"name":"","item":"https:\/\/www.amstelprinting.nl\/fr\/"},{"@type":"ListItem","position":2,"name":"Clause de non-responsabilit\u00e9"}]},{"@type":"WebSite","@id":"https:\/\/www.amstelprinting.nl\/fr\/#website","url":"https:\/\/www.amstelprinting.nl\/fr\/","name":"Amstel Printing","description":"Creating Exposure","publisher":{"@id":"https:\/\/www.amstelprinting.nl\/fr\/#organization"},"potentialAction":[{"@type":"SearchAction","target":{"@type":"EntryPoint","urlTemplate":"https:\/\/www.amstelprinting.nl\/fr\/?s={search_term_string}"},"query-input":{"@type":"PropertyValueSpecification","valueRequired":true,"valueName":"search_term_string"}}],"inLanguage":"fr-FR"},{"@type":"Organization","@id":"https:\/\/www.amstelprinting.nl\/fr\/#organization","name":"Amstel Printing","url":"https:\/\/www.amstelprinting.nl\/fr\/","logo":{"@type":"ImageObject","inLanguage":"fr-FR","@id":"https:\/\/www.amstelprinting.nl\/fr\/#\/schema\/logo\/image\/","url":"https:\/\/www.amstelprinting.nl\/wp-content\/uploads\/amstel_printing_logo_clean.png","contentUrl":"https:\/\/www.amstelprinting.nl\/wp-content\/uploads\/amstel_printing_logo_clean.png","width":324,"height":73,"caption":"Amstel Printing"},"image":{"@id":"https:\/\/www.amstelprinting.nl\/fr\/#\/schema\/logo\/image\/"}}]}},"_links":{"self":[{"href":"https:\/\/www.amstelprinting.nl\/fr\/wp-json\/wp\/v2\/pages\/27457","targetHints":{"allow":["GET"]}}],"collection":[{"href":"https:\/\/www.amstelprinting.nl\/fr\/wp-json\/wp\/v2\/pages"}],"about":[{"href":"https:\/\/www.amstelprinting.nl\/fr\/wp-json\/wp\/v2\/types\/page"}],"author":[{"embeddable":true,"href":"https:\/\/www.amstelprinting.nl\/fr\/wp-json\/wp\/v2\/users\/1"}],"replies":[{"embeddable":true,"href":"https:\/\/www.amstelprinting.nl\/fr\/wp-json\/wp\/v2\/comments?post=27457"}],"version-history":[{"count":3,"href":"https:\/\/www.amstelprinting.nl\/fr\/wp-json\/wp\/v2\/pages\/27457\/revisions"}],"predecessor-version":[{"id":27490,"href":"https:\/\/www.amstelprinting.nl\/fr\/wp-json\/wp\/v2\/pages\/27457\/revisions\/27490"}],"wp:attachment":[{"href":"https:\/\/www.amstelprinting.nl\/fr\/wp-json\/wp\/v2\/media?parent=27457"}],"wp:term":[{"taxonomy":"category","embeddable":true,"href":"https:\/\/www.amstelprinting.nl\/fr\/wp-json\/wp\/v2\/categories?post=27457"}],"curies":[{"name":"wp","href":"https:\/\/api.w.org\/{rel}","templated":true}]}}