{"id":27506,"date":"2023-03-17T18:03:47","date_gmt":"2023-03-17T17:03:47","guid":{"rendered":"https:\/\/www.amstelprinting.nl\/plan-du-site-damstel-printing\/"},"modified":"2026-03-05T11:33:38","modified_gmt":"2026-03-05T10:33:38","slug":"plan-du-site-damstel-printing","status":"publish","type":"page","link":"https:\/\/www.amstelprinting.nl\/fr\/plan-du-site-damstel-printing\/","title":{"rendered":"Plan du site d\u2019Amstel Printing"},"content":{"rendered":"<p>[et_pb_section fb_built=\u00a0\u00bb1&Prime; _builder_version=\u00a0\u00bb4.16&Prime; global_colors_info=\u00a0\u00bb{}\u00a0\u00bb][et_pb_row _builder_version=\u00a0\u00bb4.16&Prime; background_size=\u00a0\u00bbinitial\u00a0\u00bb background_position=\u00a0\u00bbtop_left\u00a0\u00bb background_repeat=\u00a0\u00bbrepeat\u00a0\u00bb global_colors_info=\u00a0\u00bb{}\u00a0\u00bb][et_pb_column type=\u00a0\u00bb4_4&Prime; _builder_version=\u00a0\u00bb4.16&Prime; custom_padding=\u00a0\u00bb|||\u00a0\u00bb global_colors_info=\u00a0\u00bb{}\u00a0\u00bb custom_padding__hover=\u00a0\u00bb|||\u00a0\u00bb][et_pb_text _builder_version=\u00a0\u00bb4.27.5&Prime; background_size=\u00a0\u00bbinitial\u00a0\u00bb background_position=\u00a0\u00bbtop_left\u00a0\u00bb background_repeat=\u00a0\u00bbrepeat\u00a0\u00bb hover_enabled=\u00a0\u00bb0&Prime; global_colors_info=\u00a0\u00bb{}\u00a0\u00bb sticky_enabled=\u00a0\u00bb0&Prime;]<\/p>\n<h1 data-start=\"36\" data-end=\"479\">Plan du site d\u2019Amstel Printing<\/h1>\n<p data-start=\"36\" data-end=\"479\">Bienvenue sur le plan du site d\u2019Amstel Printing. Sur cette page, vous trouverez un aper\u00e7u des principales sections de amstelprinting.nl, telles que nos services d\u2019impression, nos pages d\u2019information et nos possibilit\u00e9s de contact. Gr\u00e2ce \u00e0 ce plan du site, vous pouvez naviguer rapidement vers la page appropri\u00e9e, par exemple si vous souhaitez en savoir plus sur les travaux d\u2019impression, les solutions d\u2019impression ou notre m\u00e9thode de travail.<\/p>\n<p data-start=\"481\" data-end=\"809\" data-is-last-node=\"\" data-is-only-node=\"\">Vous recherchez directement une page sp\u00e9cifique ? Utilisez les cat\u00e9gories ci-dessous pour acc\u00e9der rapidement \u00e0 la bonne section. Si vous ne trouvez pas ce que vous cherchez ou si vous avez une question concernant vos impressions, n\u2019h\u00e9sitez pas \u00e0 nous contacter \u2014 nous serons ravis de r\u00e9fl\u00e9chir avec vous \u00e0 la meilleure solution.<\/p>\n<p data-start=\"481\" data-end=\"809\" data-is-last-node=\"\" data-is-only-node=\"\">\n\t\t<h2>Pages<\/h2>\n\t\t<ul class=\"sitemap-list\">\n\t\t\t<li class=\"page_item page-item-24529\"><a href=\"https:\/\/www.amstelprinting.nl\/fr\/a-propos-de-nous\/\">\u00c0 propos de nous<\/a><\/li>\n<li class=\"page_item page-item-8612\"><a href=\"https:\/\/www.amstelprinting.nl\/fr\/boutique\/\">Amstel Printing<\/a><\/li>\n<li class=\"page_item page-item-23986 current_page_parent\"><a href=\"https:\/\/www.amstelprinting.nl\/fr\/base-de-connaissances\/\">Base de connaissances<\/a><\/li>\n<li class=\"page_item page-item-27457\"><a href=\"https:\/\/www.amstelprinting.nl\/fr\/clause-de-non-responsabilite\/\">Clause de non-responsabilit\u00e9<\/a><\/li>\n<li class=\"page_item page-item-24393\"><a href=\"https:\/\/www.amstelprinting.nl\/fr\/contact\/\">Contact<\/a><\/li>\n<li class=\"page_item page-item-25944\"><a href=\"https:\/\/www.amstelprinting.nl\/fr\/declaration-de-confidentialite\/\">D\u00e9claration de confidentialit\u00e9<\/a><\/li>\n<li class=\"page_item page-item-24109\"><a href=\"https:\/\/www.amstelprinting.nl\/fr\/gestion-dentrepot-execution-des-commandes\/\">Gestion d&rsquo;entrep\u00f4t &#038; Ex\u00e9cution des commandes<\/a><\/li>\n<li class=\"page_item page-item-25825\"><a href=\"https:\/\/www.amstelprinting.nl\/fr\/liste-de-souhaits\/\">Liste de souhaits<\/a><\/li>\n<li class=\"page_item page-item-27531\"><a href=\"https:\/\/www.amstelprinting.nl\/fr\/modes-de-paiement\/\">Modes de paiement<\/a><\/li>\n<li class=\"page_item page-item-8615\"><a href=\"https:\/\/www.amstelprinting.nl\/fr\/mon-compte\/\">Mon compte<\/a><\/li>\n<li class=\"page_item page-item-8614\"><a href=\"https:\/\/www.amstelprinting.nl\/fr\/validation-de-la-commande\/\">Paiement<\/a><\/li>\n<li class=\"page_item page-item-8613\"><a href=\"https:\/\/www.amstelprinting.nl\/fr\/panier\/\">Panier<\/a><\/li>\n<li class=\"page_item page-item-16138\"><a href=\"https:\/\/www.amstelprinting.nl\/fr\/\">Partenaire en imprim\u00e9s en Marketing et Achats &#8211; Amstel Printing<\/a><\/li>\n<li class=\"page_item page-item-27506\"><a href=\"https:\/\/www.amstelprinting.nl\/fr\/plan-du-site-damstel-printing\/\">Plan du site d\u2019Amstel Printing<\/a><\/li>\n<li class=\"page_item page-item-27550\"><a href=\"https:\/\/www.amstelprinting.nl\/fr\/politique-dexpedition\/\">Politique d&rsquo;exp\u00e9dition<\/a><\/li>\n<li class=\"page_item page-item-27436\"><a href=\"https:\/\/www.amstelprinting.nl\/fr\/politique-de-cookies\/\">Politique de Cookies<\/a><\/li>\n<li class=\"page_item page-item-27646\"><a href=\"https:\/\/www.amstelprinting.nl\/fr\/politique-de-retour\/\">Politique de retour<\/a><\/li>\n<li class=\"page_item page-item-24319\"><a href=\"https:\/\/www.amstelprinting.nl\/fr\/service-client\/\">Service client<\/a><\/li>\n<li class=\"page_item page-item-24182\"><a href=\"https:\/\/www.amstelprinting.nl\/fr\/solutions-integrations-procurement\/\">Solutions &#038; Int\u00e9grations de Procurement<\/a><\/li>\n\t\t<\/ul>\n\t\t<\/p>\n<p>[\/et_pb_text][\/et_pb_column][\/et_pb_row][\/et_pb_section]<\/p>\n","protected":false},"excerpt":{"rendered":"<p>Plan du site d\u2019Amstel Printing Bienvenue sur le plan&#8230;<\/p>\n","protected":false},"author":1,"featured_media":0,"parent":0,"menu_order":0,"comment_status":"closed","ping_status":"closed","template":"","meta":{"_et_pb_use_builder":"on","_et_pb_old_content":"","_et_gb_content_width":"","footnotes":""},"categories":[],"class_list":["post-27506","page","type-page","status-publish","hentry"],"yoast_head":"<!-- This site is optimized with the Yoast SEO plugin v27.3 - https:\/\/yoast.com\/product\/yoast-seo-wordpress\/ -->\n<title>Plan du site d\u2019Amstel Printing | Amstel Printing<\/title>\n<meta name=\"robots\" content=\"index, follow, max-snippet:-1, max-image-preview:large, max-video-preview:-1\" \/>\n<link rel=\"canonical\" href=\"https:\/\/www.amstelprinting.nl\/fr\/plan-du-site-damstel-printing\/\" \/>\n<meta property=\"og:locale\" content=\"fr_FR\" \/>\n<meta property=\"og:type\" content=\"article\" \/>\n<meta property=\"og:title\" content=\"Plan du site d\u2019Amstel Printing | Amstel Printing\" \/>\n<meta property=\"og:description\" content=\"Plan du site d\u2019Amstel Printing Bienvenue sur le plan...\" \/>\n<meta property=\"og:url\" content=\"https:\/\/www.amstelprinting.nl\/fr\/plan-du-site-damstel-printing\/\" \/>\n<meta property=\"og:site_name\" content=\"Amstel Printing\" \/>\n<meta property=\"article:modified_time\" content=\"2026-03-05T10:33:38+00:00\" \/>\n<meta property=\"og:image\" content=\"https:\/\/www.amstelprinting.nl\/wp-content\/uploads\/amstel_printing_logo_clean.png\" \/>\n\t<meta property=\"og:image:width\" content=\"324\" \/>\n\t<meta property=\"og:image:height\" content=\"73\" \/>\n\t<meta property=\"og:image:type\" content=\"image\/png\" \/>\n<meta name=\"twitter:card\" content=\"summary_large_image\" \/>\n<meta name=\"twitter:label1\" content=\"Dur\u00e9e de lecture estim\u00e9e\" \/>\n\t<meta name=\"twitter:data1\" content=\"1 minute\" \/>\n<script type=\"application\/ld+json\" class=\"yoast-schema-graph\">{\"@context\":\"https:\\\/\\\/schema.org\",\"@graph\":[{\"@type\":\"WebPage\",\"@id\":\"https:\\\/\\\/www.amstelprinting.nl\\\/fr\\\/plan-du-site-damstel-printing\\\/\",\"url\":\"https:\\\/\\\/www.amstelprinting.nl\\\/fr\\\/plan-du-site-damstel-printing\\\/\",\"name\":\"Plan du site d\u2019Amstel Printing | Amstel Printing\",\"isPartOf\":{\"@id\":\"https:\\\/\\\/www.amstelprinting.nl\\\/fr\\\/#website\"},\"datePublished\":\"2023-03-17T17:03:47+00:00\",\"dateModified\":\"2026-03-05T10:33:38+00:00\",\"breadcrumb\":{\"@id\":\"https:\\\/\\\/www.amstelprinting.nl\\\/fr\\\/plan-du-site-damstel-printing\\\/#breadcrumb\"},\"inLanguage\":\"fr-FR\",\"potentialAction\":[{\"@type\":\"ReadAction\",\"target\":[\"https:\\\/\\\/www.amstelprinting.nl\\\/fr\\\/plan-du-site-damstel-printing\\\/\"]}]},{\"@type\":\"BreadcrumbList\",\"@id\":\"https:\\\/\\\/www.amstelprinting.nl\\\/fr\\\/plan-du-site-damstel-printing\\\/#breadcrumb\",\"itemListElement\":[{\"@type\":\"ListItem\",\"position\":1,\"name\":\"\",\"item\":\"https:\\\/\\\/www.amstelprinting.nl\\\/fr\\\/\"},{\"@type\":\"ListItem\",\"position\":2,\"name\":\"Plan du site d\u2019Amstel Printing\"}]},{\"@type\":\"WebSite\",\"@id\":\"https:\\\/\\\/www.amstelprinting.nl\\\/fr\\\/#website\",\"url\":\"https:\\\/\\\/www.amstelprinting.nl\\\/fr\\\/\",\"name\":\"Amstel Printing\",\"description\":\"Creating Exposure\",\"publisher\":{\"@id\":\"https:\\\/\\\/www.amstelprinting.nl\\\/fr\\\/#organization\"},\"potentialAction\":[{\"@type\":\"SearchAction\",\"target\":{\"@type\":\"EntryPoint\",\"urlTemplate\":\"https:\\\/\\\/www.amstelprinting.nl\\\/fr\\\/?s={search_term_string}\"},\"query-input\":{\"@type\":\"PropertyValueSpecification\",\"valueRequired\":true,\"valueName\":\"search_term_string\"}}],\"inLanguage\":\"fr-FR\"},{\"@type\":\"Organization\",\"@id\":\"https:\\\/\\\/www.amstelprinting.nl\\\/fr\\\/#organization\",\"name\":\"Amstel Printing\",\"url\":\"https:\\\/\\\/www.amstelprinting.nl\\\/fr\\\/\",\"logo\":{\"@type\":\"ImageObject\",\"inLanguage\":\"fr-FR\",\"@id\":\"https:\\\/\\\/www.amstelprinting.nl\\\/fr\\\/#\\\/schema\\\/logo\\\/image\\\/\",\"url\":\"https:\\\/\\\/www.amstelprinting.nl\\\/wp-content\\\/uploads\\\/amstel_printing_logo_clean.png\",\"contentUrl\":\"https:\\\/\\\/www.amstelprinting.nl\\\/wp-content\\\/uploads\\\/amstel_printing_logo_clean.png\",\"width\":324,\"height\":73,\"caption\":\"Amstel Printing\"},\"image\":{\"@id\":\"https:\\\/\\\/www.amstelprinting.nl\\\/fr\\\/#\\\/schema\\\/logo\\\/image\\\/\"}}]}<\/script>\n<!-- \/ Yoast SEO plugin. -->","yoast_head_json":{"title":"Plan du site d\u2019Amstel Printing | Amstel Printing","robots":{"index":"index","follow":"follow","max-snippet":"max-snippet:-1","max-image-preview":"max-image-preview:large","max-video-preview":"max-video-preview:-1"},"canonical":"https:\/\/www.amstelprinting.nl\/fr\/plan-du-site-damstel-printing\/","og_locale":"fr_FR","og_type":"article","og_title":"Plan du site d\u2019Amstel Printing | Amstel Printing","og_description":"Plan du site d\u2019Amstel Printing Bienvenue sur le plan...","og_url":"https:\/\/www.amstelprinting.nl\/fr\/plan-du-site-damstel-printing\/","og_site_name":"Amstel Printing","article_modified_time":"2026-03-05T10:33:38+00:00","og_image":[{"width":324,"height":73,"url":"https:\/\/www.amstelprinting.nl\/wp-content\/uploads\/amstel_printing_logo_clean.png","type":"image\/png"}],"twitter_card":"summary_large_image","twitter_misc":{"Dur\u00e9e de lecture estim\u00e9e":"1 minute"},"schema":{"@context":"https:\/\/schema.org","@graph":[{"@type":"WebPage","@id":"https:\/\/www.amstelprinting.nl\/fr\/plan-du-site-damstel-printing\/","url":"https:\/\/www.amstelprinting.nl\/fr\/plan-du-site-damstel-printing\/","name":"Plan du site d\u2019Amstel Printing | Amstel Printing","isPartOf":{"@id":"https:\/\/www.amstelprinting.nl\/fr\/#website"},"datePublished":"2023-03-17T17:03:47+00:00","dateModified":"2026-03-05T10:33:38+00:00","breadcrumb":{"@id":"https:\/\/www.amstelprinting.nl\/fr\/plan-du-site-damstel-printing\/#breadcrumb"},"inLanguage":"fr-FR","potentialAction":[{"@type":"ReadAction","target":["https:\/\/www.amstelprinting.nl\/fr\/plan-du-site-damstel-printing\/"]}]},{"@type":"BreadcrumbList","@id":"https:\/\/www.amstelprinting.nl\/fr\/plan-du-site-damstel-printing\/#breadcrumb","itemListElement":[{"@type":"ListItem","position":1,"name":"","item":"https:\/\/www.amstelprinting.nl\/fr\/"},{"@type":"ListItem","position":2,"name":"Plan du site d\u2019Amstel Printing"}]},{"@type":"WebSite","@id":"https:\/\/www.amstelprinting.nl\/fr\/#website","url":"https:\/\/www.amstelprinting.nl\/fr\/","name":"Amstel Printing","description":"Creating Exposure","publisher":{"@id":"https:\/\/www.amstelprinting.nl\/fr\/#organization"},"potentialAction":[{"@type":"SearchAction","target":{"@type":"EntryPoint","urlTemplate":"https:\/\/www.amstelprinting.nl\/fr\/?s={search_term_string}"},"query-input":{"@type":"PropertyValueSpecification","valueRequired":true,"valueName":"search_term_string"}}],"inLanguage":"fr-FR"},{"@type":"Organization","@id":"https:\/\/www.amstelprinting.nl\/fr\/#organization","name":"Amstel Printing","url":"https:\/\/www.amstelprinting.nl\/fr\/","logo":{"@type":"ImageObject","inLanguage":"fr-FR","@id":"https:\/\/www.amstelprinting.nl\/fr\/#\/schema\/logo\/image\/","url":"https:\/\/www.amstelprinting.nl\/wp-content\/uploads\/amstel_printing_logo_clean.png","contentUrl":"https:\/\/www.amstelprinting.nl\/wp-content\/uploads\/amstel_printing_logo_clean.png","width":324,"height":73,"caption":"Amstel Printing"},"image":{"@id":"https:\/\/www.amstelprinting.nl\/fr\/#\/schema\/logo\/image\/"}}]}},"_links":{"self":[{"href":"https:\/\/www.amstelprinting.nl\/fr\/wp-json\/wp\/v2\/pages\/27506","targetHints":{"allow":["GET"]}}],"collection":[{"href":"https:\/\/www.amstelprinting.nl\/fr\/wp-json\/wp\/v2\/pages"}],"about":[{"href":"https:\/\/www.amstelprinting.nl\/fr\/wp-json\/wp\/v2\/types\/page"}],"author":[{"embeddable":true,"href":"https:\/\/www.amstelprinting.nl\/fr\/wp-json\/wp\/v2\/users\/1"}],"replies":[{"embeddable":true,"href":"https:\/\/www.amstelprinting.nl\/fr\/wp-json\/wp\/v2\/comments?post=27506"}],"version-history":[{"count":3,"href":"https:\/\/www.amstelprinting.nl\/fr\/wp-json\/wp\/v2\/pages\/27506\/revisions"}],"predecessor-version":[{"id":27511,"href":"https:\/\/www.amstelprinting.nl\/fr\/wp-json\/wp\/v2\/pages\/27506\/revisions\/27511"}],"wp:attachment":[{"href":"https:\/\/www.amstelprinting.nl\/fr\/wp-json\/wp\/v2\/media?parent=27506"}],"wp:term":[{"taxonomy":"category","embeddable":true,"href":"https:\/\/www.amstelprinting.nl\/fr\/wp-json\/wp\/v2\/categories?post=27506"}],"curies":[{"name":"wp","href":"https:\/\/api.w.org\/{rel}","templated":true}]}}