{"id":27531,"date":"2026-03-09T12:13:30","date_gmt":"2026-03-09T11:13:30","guid":{"rendered":"https:\/\/www.amstelprinting.nl\/?page_id=27531"},"modified":"2026-03-09T14:02:08","modified_gmt":"2026-03-09T13:02:08","slug":"modes-de-paiement","status":"publish","type":"page","link":"https:\/\/www.amstelprinting.nl\/fr\/modes-de-paiement\/","title":{"rendered":"Modes de paiement"},"content":{"rendered":"<p>[et_pb_section fb_built=\u00a0\u00bb1&Prime; _builder_version=\u00a0\u00bb4.16&Prime; global_colors_info=\u00a0\u00bb{}\u00a0\u00bb][et_pb_row _builder_version=\u00a0\u00bb4.16&Prime; background_size=\u00a0\u00bbinitial\u00a0\u00bb background_position=\u00a0\u00bbtop_left\u00a0\u00bb background_repeat=\u00a0\u00bbrepeat\u00a0\u00bb global_colors_info=\u00a0\u00bb{}\u00a0\u00bb][et_pb_column type=\u00a0\u00bb4_4&Prime; _builder_version=\u00a0\u00bb4.16&Prime; custom_padding=\u00a0\u00bb|||\u00a0\u00bb global_colors_info=\u00a0\u00bb{}\u00a0\u00bb custom_padding__hover=\u00a0\u00bb|||\u00a0\u00bb][et_pb_text _builder_version=\u00a0\u00bb4.27.5&Prime; background_size=\u00a0\u00bbinitial\u00a0\u00bb background_position=\u00a0\u00bbtop_left\u00a0\u00bb background_repeat=\u00a0\u00bbrepeat\u00a0\u00bb hover_enabled=\u00a0\u00bb0&Prime; global_colors_info=\u00a0\u00bb{}\u00a0\u00bb sticky_enabled=\u00a0\u00bb0&Prime;]<\/p>\n<h1>Modes de paiement<\/h1>\n<p>Chez <strong>Amstel Printing<\/strong>, vous pouvez payer en ligne de mani\u00e8re s\u00e9curis\u00e9e, rapide et simple gr\u00e2ce \u00e0 diff\u00e9rentes m\u00e9thodes de paiement nationales et internationales. Que vous souhaitiez <strong>faire imprimer des drapeaux, commander des beachflags ou faire imprimer des banni\u00e8res<\/strong>, vous pouvez toujours choisir une option de paiement fiable.<\/p>\n<p>Tous les paiements sont trait\u00e9s via une connexion SSL s\u00e9curis\u00e9e et un prestataire de paiement certifi\u00e9. Ainsi, vos donn\u00e9es de paiement sont trait\u00e9es en toute s\u00e9curit\u00e9 et prot\u00e9g\u00e9es contre toute utilisation abusive.<\/p>\n<h2>Paiement en ligne s\u00e9curis\u00e9<\/h2>\n<p>Lorsque vous passez une commande chez Amstel Printing, le paiement est trait\u00e9 via un environnement de paiement s\u00e9curis\u00e9. Cela signifie que :<\/p>\n<ul>\n<li>toutes les donn\u00e9es sont transmises de mani\u00e8re chiffr\u00e9e via une s\u00e9curit\u00e9 SSL<\/li>\n<li>les paiements sont effectu\u00e9s via un prestataire de paiement certifi\u00e9<\/li>\n<li>Amstel Printing ne stocke pas les donn\u00e9es de paiement compl\u00e8tes<\/li>\n<\/ul>\n<p>Vous pouvez ainsi commander en toute confiance <strong>des drapeaux, beachflags, banni\u00e8res et autres produits imprim\u00e9s<\/strong> en ligne.<\/p>\n<h2>M\u00e9thodes de paiement disponibles<\/h2>\n<h3>Pay by Bank<\/h3>\n<p>Avec Pay by Bank, vous pouvez payer directement via l\u2019environnement bancaire en ligne de votre propre banque. Le paiement est trait\u00e9 imm\u00e9diatement, ce qui permet de lancer rapidement la production de votre commande.<\/p>\n<h3>Carte de cr\u00e9dit<\/h3>\n<p>Nous acceptons les paiements par diff\u00e9rentes cartes de cr\u00e9dit, telles que Visa et Mastercard. Les paiements par carte de cr\u00e9dit sont trait\u00e9s via un environnement de paiement s\u00e9curis\u00e9 et offrent souvent une protection suppl\u00e9mentaire des achats.<\/p>\n<h3>PayPal<\/h3>\n<p>Avec PayPal, vous pouvez payer facilement via votre compte PayPal. PayPal offre une protection suppl\u00e9mentaire pour les acheteurs et un traitement rapide des paiements.<\/p>\n<h3>Bancontact<\/h3>\n<p>Les clients en Belgique peuvent payer en toute s\u00e9curit\u00e9 via Bancontact. Cette m\u00e9thode de paiement est trait\u00e9e directement via l\u2019environnement bancaire de confiance.<\/p>\n<h3>Bouton de paiement KBC\/CBC<\/h3>\n<p>Les clients de KBC et CBC peuvent facilement payer en ligne via le bouton de paiement KBC\/CBC.<\/p>\n<h3>Belfius Pay Button<\/h3>\n<p>Avec le Belfius Pay Button, les clients de Belfius Bank peuvent payer en ligne en toute s\u00e9curit\u00e9 via leur propre environnement bancaire.<\/p>\n<h3>EPS<\/h3>\n<p>EPS (Electronic Payment Standard) est une m\u00e9thode de paiement populaire en Autriche et permet de payer directement via votre banque.<\/p>\n<h3>Bancomat Pay<\/h3>\n<p>Bancomat Pay est largement utilis\u00e9 en Italie et permet d\u2019effectuer des paiements en ligne via un compte bancaire li\u00e9.<\/p>\n<h3>Satispay<\/h3>\n<p>Satispay est une m\u00e9thode de paiement mobile qui permet d\u2019effectuer des paiements en ligne rapidement et facilement.<\/p>\n<h3>Virement bancaire direct<\/h3>\n<p>Vous pouvez \u00e9galement choisir un virement bancaire direct. Apr\u00e8s avoir pass\u00e9 votre commande, vous recevrez les informations de paiement. Veuillez tenir compte d\u2019un d\u00e9lai de traitement de 1 \u00e0 3 jours ouvrables.<\/p>\n<h2>Quand une commande est-elle trait\u00e9e ?<\/h2>\n<p>La production de votre commande commence d\u00e8s que :<\/p>\n<ul>\n<li>le paiement a \u00e9t\u00e9 re\u00e7u avec succ\u00e8s<\/li>\n<li>les \u00e9ventuels fichiers d\u2019impression ont \u00e9t\u00e9 v\u00e9rifi\u00e9s et approuv\u00e9s<\/li>\n<\/ul>\n<p>Cela s\u2019applique \u00e0 tous les produits personnalis\u00e9s tels que <strong>les drapeaux imprim\u00e9s, les beachflags, les banni\u00e8res et autres produits promotionnels imprim\u00e9s<\/strong>.<\/p>\n<p>[\/et_pb_text][\/et_pb_column][\/et_pb_row][\/et_pb_section]<\/p>\n","protected":false},"excerpt":{"rendered":"<p>Modes de paiement Chez Amstel Printing, vous pouvez&#8230;<\/p>\n","protected":false},"author":4,"featured_media":0,"parent":0,"menu_order":0,"comment_status":"closed","ping_status":"closed","template":"","meta":{"_et_pb_use_builder":"on","_et_pb_old_content":"","_et_gb_content_width":"","footnotes":""},"categories":[],"class_list":["post-27531","page","type-page","status-publish","hentry"],"yoast_head":"<!-- This site is optimized with the Yoast SEO plugin v27.3 - https:\/\/yoast.com\/product\/yoast-seo-wordpress\/ -->\n<title>Modes de paiement | Amstel Printing<\/title>\n<meta name=\"robots\" content=\"index, follow, max-snippet:-1, max-image-preview:large, max-video-preview:-1\" \/>\n<link rel=\"canonical\" href=\"https:\/\/www.amstelprinting.nl\/fr\/modes-de-paiement\/\" \/>\n<meta property=\"og:locale\" content=\"fr_FR\" \/>\n<meta property=\"og:type\" content=\"article\" \/>\n<meta property=\"og:title\" content=\"Modes de paiement | Amstel Printing\" \/>\n<meta property=\"og:description\" content=\"Modes de paiement Chez Amstel Printing, vous pouvez...\" \/>\n<meta property=\"og:url\" content=\"https:\/\/www.amstelprinting.nl\/fr\/modes-de-paiement\/\" \/>\n<meta property=\"og:site_name\" content=\"Amstel Printing\" \/>\n<meta property=\"article:modified_time\" content=\"2026-03-09T13:02:08+00:00\" \/>\n<meta property=\"og:image\" content=\"https:\/\/www.amstelprinting.nl\/wp-content\/uploads\/amstel_printing_logo_clean.png\" \/>\n\t<meta property=\"og:image:width\" content=\"324\" \/>\n\t<meta property=\"og:image:height\" content=\"73\" \/>\n\t<meta property=\"og:image:type\" content=\"image\/png\" \/>\n<meta name=\"twitter:card\" content=\"summary_large_image\" \/>\n<meta name=\"twitter:label1\" content=\"Dur\u00e9e de lecture estim\u00e9e\" \/>\n\t<meta name=\"twitter:data1\" content=\"3 minutes\" \/>\n<script type=\"application\/ld+json\" class=\"yoast-schema-graph\">{\"@context\":\"https:\\\/\\\/schema.org\",\"@graph\":[{\"@type\":\"WebPage\",\"@id\":\"https:\\\/\\\/www.amstelprinting.nl\\\/fr\\\/modes-de-paiement\\\/\",\"url\":\"https:\\\/\\\/www.amstelprinting.nl\\\/fr\\\/modes-de-paiement\\\/\",\"name\":\"Modes de paiement | Amstel Printing\",\"isPartOf\":{\"@id\":\"https:\\\/\\\/www.amstelprinting.nl\\\/fr\\\/#website\"},\"datePublished\":\"2026-03-09T11:13:30+00:00\",\"dateModified\":\"2026-03-09T13:02:08+00:00\",\"breadcrumb\":{\"@id\":\"https:\\\/\\\/www.amstelprinting.nl\\\/fr\\\/modes-de-paiement\\\/#breadcrumb\"},\"inLanguage\":\"fr-FR\",\"potentialAction\":[{\"@type\":\"ReadAction\",\"target\":[\"https:\\\/\\\/www.amstelprinting.nl\\\/fr\\\/modes-de-paiement\\\/\"]}]},{\"@type\":\"BreadcrumbList\",\"@id\":\"https:\\\/\\\/www.amstelprinting.nl\\\/fr\\\/modes-de-paiement\\\/#breadcrumb\",\"itemListElement\":[{\"@type\":\"ListItem\",\"position\":1,\"name\":\"\",\"item\":\"https:\\\/\\\/www.amstelprinting.nl\\\/fr\\\/\"},{\"@type\":\"ListItem\",\"position\":2,\"name\":\"Modes de paiement\"}]},{\"@type\":\"WebSite\",\"@id\":\"https:\\\/\\\/www.amstelprinting.nl\\\/fr\\\/#website\",\"url\":\"https:\\\/\\\/www.amstelprinting.nl\\\/fr\\\/\",\"name\":\"Amstel Printing\",\"description\":\"Creating Exposure\",\"publisher\":{\"@id\":\"https:\\\/\\\/www.amstelprinting.nl\\\/fr\\\/#organization\"},\"potentialAction\":[{\"@type\":\"SearchAction\",\"target\":{\"@type\":\"EntryPoint\",\"urlTemplate\":\"https:\\\/\\\/www.amstelprinting.nl\\\/fr\\\/?s={search_term_string}\"},\"query-input\":{\"@type\":\"PropertyValueSpecification\",\"valueRequired\":true,\"valueName\":\"search_term_string\"}}],\"inLanguage\":\"fr-FR\"},{\"@type\":\"Organization\",\"@id\":\"https:\\\/\\\/www.amstelprinting.nl\\\/fr\\\/#organization\",\"name\":\"Amstel Printing\",\"url\":\"https:\\\/\\\/www.amstelprinting.nl\\\/fr\\\/\",\"logo\":{\"@type\":\"ImageObject\",\"inLanguage\":\"fr-FR\",\"@id\":\"https:\\\/\\\/www.amstelprinting.nl\\\/fr\\\/#\\\/schema\\\/logo\\\/image\\\/\",\"url\":\"https:\\\/\\\/www.amstelprinting.nl\\\/wp-content\\\/uploads\\\/amstel_printing_logo_clean.png\",\"contentUrl\":\"https:\\\/\\\/www.amstelprinting.nl\\\/wp-content\\\/uploads\\\/amstel_printing_logo_clean.png\",\"width\":324,\"height\":73,\"caption\":\"Amstel Printing\"},\"image\":{\"@id\":\"https:\\\/\\\/www.amstelprinting.nl\\\/fr\\\/#\\\/schema\\\/logo\\\/image\\\/\"}}]}<\/script>\n<!-- \/ Yoast SEO plugin. -->","yoast_head_json":{"title":"Modes de paiement | Amstel Printing","robots":{"index":"index","follow":"follow","max-snippet":"max-snippet:-1","max-image-preview":"max-image-preview:large","max-video-preview":"max-video-preview:-1"},"canonical":"https:\/\/www.amstelprinting.nl\/fr\/modes-de-paiement\/","og_locale":"fr_FR","og_type":"article","og_title":"Modes de paiement | Amstel Printing","og_description":"Modes de paiement Chez Amstel Printing, vous pouvez...","og_url":"https:\/\/www.amstelprinting.nl\/fr\/modes-de-paiement\/","og_site_name":"Amstel Printing","article_modified_time":"2026-03-09T13:02:08+00:00","og_image":[{"width":324,"height":73,"url":"https:\/\/www.amstelprinting.nl\/wp-content\/uploads\/amstel_printing_logo_clean.png","type":"image\/png"}],"twitter_card":"summary_large_image","twitter_misc":{"Dur\u00e9e de lecture estim\u00e9e":"3 minutes"},"schema":{"@context":"https:\/\/schema.org","@graph":[{"@type":"WebPage","@id":"https:\/\/www.amstelprinting.nl\/fr\/modes-de-paiement\/","url":"https:\/\/www.amstelprinting.nl\/fr\/modes-de-paiement\/","name":"Modes de paiement | Amstel Printing","isPartOf":{"@id":"https:\/\/www.amstelprinting.nl\/fr\/#website"},"datePublished":"2026-03-09T11:13:30+00:00","dateModified":"2026-03-09T13:02:08+00:00","breadcrumb":{"@id":"https:\/\/www.amstelprinting.nl\/fr\/modes-de-paiement\/#breadcrumb"},"inLanguage":"fr-FR","potentialAction":[{"@type":"ReadAction","target":["https:\/\/www.amstelprinting.nl\/fr\/modes-de-paiement\/"]}]},{"@type":"BreadcrumbList","@id":"https:\/\/www.amstelprinting.nl\/fr\/modes-de-paiement\/#breadcrumb","itemListElement":[{"@type":"ListItem","position":1,"name":"","item":"https:\/\/www.amstelprinting.nl\/fr\/"},{"@type":"ListItem","position":2,"name":"Modes de paiement"}]},{"@type":"WebSite","@id":"https:\/\/www.amstelprinting.nl\/fr\/#website","url":"https:\/\/www.amstelprinting.nl\/fr\/","name":"Amstel Printing","description":"Creating Exposure","publisher":{"@id":"https:\/\/www.amstelprinting.nl\/fr\/#organization"},"potentialAction":[{"@type":"SearchAction","target":{"@type":"EntryPoint","urlTemplate":"https:\/\/www.amstelprinting.nl\/fr\/?s={search_term_string}"},"query-input":{"@type":"PropertyValueSpecification","valueRequired":true,"valueName":"search_term_string"}}],"inLanguage":"fr-FR"},{"@type":"Organization","@id":"https:\/\/www.amstelprinting.nl\/fr\/#organization","name":"Amstel Printing","url":"https:\/\/www.amstelprinting.nl\/fr\/","logo":{"@type":"ImageObject","inLanguage":"fr-FR","@id":"https:\/\/www.amstelprinting.nl\/fr\/#\/schema\/logo\/image\/","url":"https:\/\/www.amstelprinting.nl\/wp-content\/uploads\/amstel_printing_logo_clean.png","contentUrl":"https:\/\/www.amstelprinting.nl\/wp-content\/uploads\/amstel_printing_logo_clean.png","width":324,"height":73,"caption":"Amstel Printing"},"image":{"@id":"https:\/\/www.amstelprinting.nl\/fr\/#\/schema\/logo\/image\/"}}]}},"_links":{"self":[{"href":"https:\/\/www.amstelprinting.nl\/fr\/wp-json\/wp\/v2\/pages\/27531","targetHints":{"allow":["GET"]}}],"collection":[{"href":"https:\/\/www.amstelprinting.nl\/fr\/wp-json\/wp\/v2\/pages"}],"about":[{"href":"https:\/\/www.amstelprinting.nl\/fr\/wp-json\/wp\/v2\/types\/page"}],"author":[{"embeddable":true,"href":"https:\/\/www.amstelprinting.nl\/fr\/wp-json\/wp\/v2\/users\/4"}],"replies":[{"embeddable":true,"href":"https:\/\/www.amstelprinting.nl\/fr\/wp-json\/wp\/v2\/comments?post=27531"}],"version-history":[{"count":3,"href":"https:\/\/www.amstelprinting.nl\/fr\/wp-json\/wp\/v2\/pages\/27531\/revisions"}],"predecessor-version":[{"id":27603,"href":"https:\/\/www.amstelprinting.nl\/fr\/wp-json\/wp\/v2\/pages\/27531\/revisions\/27603"}],"wp:attachment":[{"href":"https:\/\/www.amstelprinting.nl\/fr\/wp-json\/wp\/v2\/media?parent=27531"}],"wp:term":[{"taxonomy":"category","embeddable":true,"href":"https:\/\/www.amstelprinting.nl\/fr\/wp-json\/wp\/v2\/categories?post=27531"}],"curies":[{"name":"wp","href":"https:\/\/api.w.org\/{rel}","templated":true}]}}