{"id":13532,"date":"2025-02-03T13:44:01","date_gmt":"2025-02-03T12:44:01","guid":{"rendered":"https:\/\/www.amstelprinting.nl\/winkel\/non%20class\u00e9\/vloerbeschermer\/"},"modified":"2026-02-18T12:50:33","modified_gmt":"2026-02-18T11:50:33","slug":"protege-sol","status":"publish","type":"product","link":"https:\/\/www.amstelprinting.nl\/fr\/boutique\/interieur-2\/decoration-de-sol\/protege-sol\/","title":{"rendered":"Prot\u00e8ge-sol"},"content":{"rendered":"<h3>Caract\u00e9ristiques<\/h3>\n<ul>\n<li>Mat\u00e9riau 100 % recycl\u00e9 et recyclable<\/li>\n<li>Choix entre un aspect brillant ou mat<\/li>\n<li>Couche sup\u00e9rieure antid\u00e9rapante pour plus de s\u00e9curit\u00e9 et de stabilit\u00e9<\/li>\n<li>Hydrofuge, rendant le prot\u00e8ge-sol facile \u00e0 nettoyer<\/li>\n<li>Facile \u00e0 d\u00e9placer et \u00e0 r\u00e9utiliser<\/li>\n<li>Ignifuge, adapt\u00e9 \u00e0 une utilisation dans les espaces publics<\/li>\n<li>Disponible dans n&rsquo;importe quelle forme souhait\u00e9e<\/li>\n<li>Durable et polyvalent<\/li>\n<\/ul>\n<p>&nbsp;<\/p>\n<h3>Prot\u00e8ge-sols : un choix durable pour le sol et l&rsquo;environnement<\/h3>\n<p>Notre prot\u00e8ge-sol offre non seulement une protection, mais constitue \u00e9galement un choix respectueux de l&rsquo;environnement. Le mat\u00e9riau Sign Again (le tout premier mat\u00e9riau en plaque 100 % recycl\u00e9) en fait une solution innovante et durable. La couche sup\u00e9rieure dure avec antid\u00e9rapant assure une surface s\u00fbre et stable, tandis que la propri\u00e9t\u00e9 hydrofuge vous permet de nettoyer facilement le prot\u00e8ge-sol.<\/p>\n<h3>Rev\u00eatement blanc standard<\/h3>\n<p>Le prot\u00e8ge-sol est livr\u00e9 en standard avec un rev\u00eatement blanc qui donne \u00e0 votre impression un aspect net et uniforme. Veuillez noter que, comme il s&rsquo;agit d&rsquo;un mat\u00e9riau recycl\u00e9, de l\u00e9g\u00e8res traces du processus de recyclage peuvent \u00eatre visibles, ce qui souligne l&rsquo;aspect unique du produit. Que ce soit pour la maison, le bureau ou un espace public, ce prot\u00e8ge-sol offre un choix pratique et responsable pour la protection des sols.<\/p>\n","protected":false},"excerpt":{"rendered":"<h3>Garde les sols beaux et sans rayures.<\/h3>\n<p>Notre prot\u00e8ge-sol est la solution id\u00e9ale pour prot\u00e9ger votre sol. Fabriqu\u00e9 \u00e0 partir de mat\u00e9riau Sign Again 100 % recycl\u00e9 et recyclable. Cette protection de sol est dot\u00e9e d&rsquo;une couche sup\u00e9rieure antid\u00e9rapante. Gr\u00e2ce \u00e0 sa propri\u00e9t\u00e9 hydrofuge, vous nettoyez rapidement le prot\u00e8ge-sol. Disponible en diff\u00e9rentes formes. Peut \u00eatre command\u00e9 avec une finition brillante ou mate.<\/p>\n","protected":false},"featured_media":13533,"template":"","meta":{"_et_pb_use_builder":"","_et_pb_old_content":"","_et_gb_content_width":""},"product_brand":[],"product_cat":[567,542,380,437],"product_tag":[],"class_list":{"0":"post-13532","1":"product","2":"type-product","3":"status-publish","4":"has-post-thumbnail","6":"product_cat-decoration-de-sol","7":"product_cat-interieur-2","8":"product_cat-publicite-interieure","9":"product_cat-vente-au-detail","11":"first","12":"instock","13":"taxable","14":"shipping-taxable","15":"purchasable","16":"product-type-simple"},"yoast_head":"<!-- This site is optimized with the Yoast SEO plugin v27.3 - https:\/\/yoast.com\/product\/yoast-seo-wordpress\/ -->\n<title>Prot\u00e8ge-sol | Amstel Printing<\/title>\n<meta name=\"description\" content=\"Prot\u00e9gez votre sol avec notre prot\u00e8ge-sol durable compos\u00e9 \u00e0 100 % de mat\u00e9riaux recycl\u00e9s. Choix entre une finition brillante ou mate, avec une couche sup\u00e9rieure antid\u00e9rapante pour la s\u00e9curit\u00e9. Hydrofuge, facile \u00e0 nettoyer, ignifuge et adapt\u00e9 aux espaces publics. Disponible dans n&#039;importe quelle forme souhait\u00e9e.\" \/>\n<meta name=\"robots\" content=\"index, follow, max-snippet:-1, max-image-preview:large, max-video-preview:-1\" \/>\n<link rel=\"canonical\" href=\"https:\/\/www.amstelprinting.nl\/fr\/boutique\/interieur-2\/decoration-de-sol\/protege-sol\/\" \/>\n<meta property=\"og:locale\" content=\"fr_FR\" \/>\n<meta property=\"og:type\" content=\"article\" \/>\n<meta property=\"og:title\" content=\"Prot\u00e8ge-sol | Amstel Printing\" \/>\n<meta property=\"og:description\" content=\"Prot\u00e9gez votre sol avec notre prot\u00e8ge-sol durable compos\u00e9 \u00e0 100 % de mat\u00e9riaux recycl\u00e9s. Choix entre une finition brillante ou mate, avec une couche sup\u00e9rieure antid\u00e9rapante pour la s\u00e9curit\u00e9. Hydrofuge, facile \u00e0 nettoyer, ignifuge et adapt\u00e9 aux espaces publics. Disponible dans n&#039;importe quelle forme souhait\u00e9e.\" \/>\n<meta property=\"og:url\" content=\"https:\/\/www.amstelprinting.nl\/fr\/boutique\/interieur-2\/decoration-de-sol\/protege-sol\/\" \/>\n<meta property=\"og:site_name\" content=\"Amstel Printing\" \/>\n<meta property=\"article:modified_time\" content=\"2026-02-18T11:50:33+00:00\" \/>\n<meta property=\"og:image\" content=\"https:\/\/www.amstelprinting.nl\/wp-content\/uploads\/vloerbeschermer-bedrukken.jpg\" \/>\n\t<meta property=\"og:image:width\" content=\"700\" \/>\n\t<meta property=\"og:image:height\" content=\"467\" \/>\n\t<meta property=\"og:image:type\" content=\"image\/jpeg\" \/>\n<meta name=\"twitter:card\" content=\"summary_large_image\" \/>\n<meta name=\"twitter:label1\" content=\"Dur\u00e9e de lecture estim\u00e9e\" \/>\n\t<meta name=\"twitter:data1\" content=\"1 minute\" \/>\n<script type=\"application\/ld+json\" class=\"yoast-schema-graph\">{\"@context\":\"https:\\\/\\\/schema.org\",\"@graph\":[{\"@type\":\"WebPage\",\"@id\":\"https:\\\/\\\/www.amstelprinting.nl\\\/fr\\\/boutique\\\/interieur-2\\\/decoration-de-sol\\\/protege-sol\\\/\",\"url\":\"https:\\\/\\\/www.amstelprinting.nl\\\/fr\\\/boutique\\\/interieur-2\\\/decoration-de-sol\\\/protege-sol\\\/\",\"name\":\"Prot\u00e8ge-sol | Amstel Printing\",\"isPartOf\":{\"@id\":\"https:\\\/\\\/www.amstelprinting.nl\\\/fr\\\/#website\"},\"primaryImageOfPage\":{\"@id\":\"https:\\\/\\\/www.amstelprinting.nl\\\/fr\\\/boutique\\\/interieur-2\\\/decoration-de-sol\\\/protege-sol\\\/#primaryimage\"},\"image\":{\"@id\":\"https:\\\/\\\/www.amstelprinting.nl\\\/fr\\\/boutique\\\/interieur-2\\\/decoration-de-sol\\\/protege-sol\\\/#primaryimage\"},\"thumbnailUrl\":\"https:\\\/\\\/www.amstelprinting.nl\\\/wp-content\\\/uploads\\\/vloerbeschermer-bedrukken.jpg\",\"datePublished\":\"2025-02-03T12:44:01+00:00\",\"dateModified\":\"2026-02-18T11:50:33+00:00\",\"description\":\"Prot\u00e9gez votre sol avec notre prot\u00e8ge-sol durable compos\u00e9 \u00e0 100 % de mat\u00e9riaux recycl\u00e9s. Choix entre une finition brillante ou mate, avec une couche sup\u00e9rieure antid\u00e9rapante pour la s\u00e9curit\u00e9. Hydrofuge, facile \u00e0 nettoyer, ignifuge et adapt\u00e9 aux espaces publics. Disponible dans n'importe quelle forme souhait\u00e9e.\",\"breadcrumb\":{\"@id\":\"https:\\\/\\\/www.amstelprinting.nl\\\/fr\\\/boutique\\\/interieur-2\\\/decoration-de-sol\\\/protege-sol\\\/#breadcrumb\"},\"inLanguage\":\"fr-FR\",\"potentialAction\":[{\"@type\":\"ReadAction\",\"target\":[\"https:\\\/\\\/www.amstelprinting.nl\\\/fr\\\/boutique\\\/interieur-2\\\/decoration-de-sol\\\/protege-sol\\\/\"]}]},{\"@type\":\"ImageObject\",\"inLanguage\":\"fr-FR\",\"@id\":\"https:\\\/\\\/www.amstelprinting.nl\\\/fr\\\/boutique\\\/interieur-2\\\/decoration-de-sol\\\/protege-sol\\\/#primaryimage\",\"url\":\"https:\\\/\\\/www.amstelprinting.nl\\\/wp-content\\\/uploads\\\/vloerbeschermer-bedrukken.jpg\",\"contentUrl\":\"https:\\\/\\\/www.amstelprinting.nl\\\/wp-content\\\/uploads\\\/vloerbeschermer-bedrukken.jpg\",\"width\":700,\"height\":467},{\"@type\":\"BreadcrumbList\",\"@id\":\"https:\\\/\\\/www.amstelprinting.nl\\\/fr\\\/boutique\\\/interieur-2\\\/decoration-de-sol\\\/protege-sol\\\/#breadcrumb\",\"itemListElement\":[{\"@type\":\"ListItem\",\"position\":1,\"name\":\"\",\"item\":\"https:\\\/\\\/www.amstelprinting.nl\\\/fr\\\/\"},{\"@type\":\"ListItem\",\"position\":2,\"name\":\"Amstel Printing\",\"item\":\"https:\\\/\\\/www.amstelprinting.nl\\\/fr\\\/boutique\\\/\"},{\"@type\":\"ListItem\",\"position\":3,\"name\":\"Int\u00e9rieur\",\"item\":\"https:\\\/\\\/www.amstelprinting.nl\\\/fr\\\/categorie\\\/interieur-2\\\/\"},{\"@type\":\"ListItem\",\"position\":4,\"name\":\"D\u00e9coration de sol\",\"item\":\"https:\\\/\\\/www.amstelprinting.nl\\\/fr\\\/categorie\\\/interieur-2\\\/decoration-de-sol\\\/\"},{\"@type\":\"ListItem\",\"position\":5,\"name\":\"Prot\u00e8ge-sol\"}]},{\"@type\":\"WebSite\",\"@id\":\"https:\\\/\\\/www.amstelprinting.nl\\\/fr\\\/#website\",\"url\":\"https:\\\/\\\/www.amstelprinting.nl\\\/fr\\\/\",\"name\":\"Amstel Printing\",\"description\":\"Creating Exposure\",\"publisher\":{\"@id\":\"https:\\\/\\\/www.amstelprinting.nl\\\/fr\\\/#organization\"},\"potentialAction\":[{\"@type\":\"SearchAction\",\"target\":{\"@type\":\"EntryPoint\",\"urlTemplate\":\"https:\\\/\\\/www.amstelprinting.nl\\\/fr\\\/?s={search_term_string}\"},\"query-input\":{\"@type\":\"PropertyValueSpecification\",\"valueRequired\":true,\"valueName\":\"search_term_string\"}}],\"inLanguage\":\"fr-FR\"},{\"@type\":\"Organization\",\"@id\":\"https:\\\/\\\/www.amstelprinting.nl\\\/fr\\\/#organization\",\"name\":\"Amstel Printing\",\"url\":\"https:\\\/\\\/www.amstelprinting.nl\\\/fr\\\/\",\"logo\":{\"@type\":\"ImageObject\",\"inLanguage\":\"fr-FR\",\"@id\":\"https:\\\/\\\/www.amstelprinting.nl\\\/fr\\\/#\\\/schema\\\/logo\\\/image\\\/\",\"url\":\"https:\\\/\\\/www.amstelprinting.nl\\\/wp-content\\\/uploads\\\/amstel_printing_logo_clean.png\",\"contentUrl\":\"https:\\\/\\\/www.amstelprinting.nl\\\/wp-content\\\/uploads\\\/amstel_printing_logo_clean.png\",\"width\":324,\"height\":73,\"caption\":\"Amstel Printing\"},\"image\":{\"@id\":\"https:\\\/\\\/www.amstelprinting.nl\\\/fr\\\/#\\\/schema\\\/logo\\\/image\\\/\"}}]}<\/script>\n<!-- \/ Yoast SEO plugin. -->","yoast_head_json":{"title":"Prot\u00e8ge-sol | Amstel Printing","description":"Prot\u00e9gez votre sol avec notre prot\u00e8ge-sol durable compos\u00e9 \u00e0 100 % de mat\u00e9riaux recycl\u00e9s. Choix entre une finition brillante ou mate, avec une couche sup\u00e9rieure antid\u00e9rapante pour la s\u00e9curit\u00e9. Hydrofuge, facile \u00e0 nettoyer, ignifuge et adapt\u00e9 aux espaces publics. Disponible dans n'importe quelle forme souhait\u00e9e.","robots":{"index":"index","follow":"follow","max-snippet":"max-snippet:-1","max-image-preview":"max-image-preview:large","max-video-preview":"max-video-preview:-1"},"canonical":"https:\/\/www.amstelprinting.nl\/fr\/boutique\/interieur-2\/decoration-de-sol\/protege-sol\/","og_locale":"fr_FR","og_type":"article","og_title":"Prot\u00e8ge-sol | Amstel Printing","og_description":"Prot\u00e9gez votre sol avec notre prot\u00e8ge-sol durable compos\u00e9 \u00e0 100 % de mat\u00e9riaux recycl\u00e9s. Choix entre une finition brillante ou mate, avec une couche sup\u00e9rieure antid\u00e9rapante pour la s\u00e9curit\u00e9. Hydrofuge, facile \u00e0 nettoyer, ignifuge et adapt\u00e9 aux espaces publics. Disponible dans n'importe quelle forme souhait\u00e9e.","og_url":"https:\/\/www.amstelprinting.nl\/fr\/boutique\/interieur-2\/decoration-de-sol\/protege-sol\/","og_site_name":"Amstel Printing","article_modified_time":"2026-02-18T11:50:33+00:00","og_image":[{"width":700,"height":467,"url":"https:\/\/www.amstelprinting.nl\/wp-content\/uploads\/vloerbeschermer-bedrukken.jpg","type":"image\/jpeg"}],"twitter_card":"summary_large_image","twitter_misc":{"Dur\u00e9e de lecture estim\u00e9e":"1 minute"},"schema":{"@context":"https:\/\/schema.org","@graph":[{"@type":"WebPage","@id":"https:\/\/www.amstelprinting.nl\/fr\/boutique\/interieur-2\/decoration-de-sol\/protege-sol\/","url":"https:\/\/www.amstelprinting.nl\/fr\/boutique\/interieur-2\/decoration-de-sol\/protege-sol\/","name":"Prot\u00e8ge-sol | Amstel Printing","isPartOf":{"@id":"https:\/\/www.amstelprinting.nl\/fr\/#website"},"primaryImageOfPage":{"@id":"https:\/\/www.amstelprinting.nl\/fr\/boutique\/interieur-2\/decoration-de-sol\/protege-sol\/#primaryimage"},"image":{"@id":"https:\/\/www.amstelprinting.nl\/fr\/boutique\/interieur-2\/decoration-de-sol\/protege-sol\/#primaryimage"},"thumbnailUrl":"https:\/\/www.amstelprinting.nl\/wp-content\/uploads\/vloerbeschermer-bedrukken.jpg","datePublished":"2025-02-03T12:44:01+00:00","dateModified":"2026-02-18T11:50:33+00:00","description":"Prot\u00e9gez votre sol avec notre prot\u00e8ge-sol durable compos\u00e9 \u00e0 100 % de mat\u00e9riaux recycl\u00e9s. Choix entre une finition brillante ou mate, avec une couche sup\u00e9rieure antid\u00e9rapante pour la s\u00e9curit\u00e9. Hydrofuge, facile \u00e0 nettoyer, ignifuge et adapt\u00e9 aux espaces publics. Disponible dans n'importe quelle forme souhait\u00e9e.","breadcrumb":{"@id":"https:\/\/www.amstelprinting.nl\/fr\/boutique\/interieur-2\/decoration-de-sol\/protege-sol\/#breadcrumb"},"inLanguage":"fr-FR","potentialAction":[{"@type":"ReadAction","target":["https:\/\/www.amstelprinting.nl\/fr\/boutique\/interieur-2\/decoration-de-sol\/protege-sol\/"]}]},{"@type":"ImageObject","inLanguage":"fr-FR","@id":"https:\/\/www.amstelprinting.nl\/fr\/boutique\/interieur-2\/decoration-de-sol\/protege-sol\/#primaryimage","url":"https:\/\/www.amstelprinting.nl\/wp-content\/uploads\/vloerbeschermer-bedrukken.jpg","contentUrl":"https:\/\/www.amstelprinting.nl\/wp-content\/uploads\/vloerbeschermer-bedrukken.jpg","width":700,"height":467},{"@type":"BreadcrumbList","@id":"https:\/\/www.amstelprinting.nl\/fr\/boutique\/interieur-2\/decoration-de-sol\/protege-sol\/#breadcrumb","itemListElement":[{"@type":"ListItem","position":1,"name":"","item":"https:\/\/www.amstelprinting.nl\/fr\/"},{"@type":"ListItem","position":2,"name":"Amstel Printing","item":"https:\/\/www.amstelprinting.nl\/fr\/boutique\/"},{"@type":"ListItem","position":3,"name":"Int\u00e9rieur","item":"https:\/\/www.amstelprinting.nl\/fr\/categorie\/interieur-2\/"},{"@type":"ListItem","position":4,"name":"D\u00e9coration de sol","item":"https:\/\/www.amstelprinting.nl\/fr\/categorie\/interieur-2\/decoration-de-sol\/"},{"@type":"ListItem","position":5,"name":"Prot\u00e8ge-sol"}]},{"@type":"WebSite","@id":"https:\/\/www.amstelprinting.nl\/fr\/#website","url":"https:\/\/www.amstelprinting.nl\/fr\/","name":"Amstel Printing","description":"Creating Exposure","publisher":{"@id":"https:\/\/www.amstelprinting.nl\/fr\/#organization"},"potentialAction":[{"@type":"SearchAction","target":{"@type":"EntryPoint","urlTemplate":"https:\/\/www.amstelprinting.nl\/fr\/?s={search_term_string}"},"query-input":{"@type":"PropertyValueSpecification","valueRequired":true,"valueName":"search_term_string"}}],"inLanguage":"fr-FR"},{"@type":"Organization","@id":"https:\/\/www.amstelprinting.nl\/fr\/#organization","name":"Amstel Printing","url":"https:\/\/www.amstelprinting.nl\/fr\/","logo":{"@type":"ImageObject","inLanguage":"fr-FR","@id":"https:\/\/www.amstelprinting.nl\/fr\/#\/schema\/logo\/image\/","url":"https:\/\/www.amstelprinting.nl\/wp-content\/uploads\/amstel_printing_logo_clean.png","contentUrl":"https:\/\/www.amstelprinting.nl\/wp-content\/uploads\/amstel_printing_logo_clean.png","width":324,"height":73,"caption":"Amstel Printing"},"image":{"@id":"https:\/\/www.amstelprinting.nl\/fr\/#\/schema\/logo\/image\/"}}]}},"_links":{"self":[{"href":"https:\/\/www.amstelprinting.nl\/fr\/wp-json\/wp\/v2\/product\/13532","targetHints":{"allow":["GET"]}}],"collection":[{"href":"https:\/\/www.amstelprinting.nl\/fr\/wp-json\/wp\/v2\/product"}],"about":[{"href":"https:\/\/www.amstelprinting.nl\/fr\/wp-json\/wp\/v2\/types\/product"}],"wp:featuredmedia":[{"embeddable":true,"href":"https:\/\/www.amstelprinting.nl\/fr\/wp-json\/wp\/v2\/media\/13533"}],"wp:attachment":[{"href":"https:\/\/www.amstelprinting.nl\/fr\/wp-json\/wp\/v2\/media?parent=13532"}],"wp:term":[{"taxonomy":"product_brand","embeddable":true,"href":"https:\/\/www.amstelprinting.nl\/fr\/wp-json\/wp\/v2\/product_brand?post=13532"},{"taxonomy":"product_cat","embeddable":true,"href":"https:\/\/www.amstelprinting.nl\/fr\/wp-json\/wp\/v2\/product_cat?post=13532"},{"taxonomy":"product_tag","embeddable":true,"href":"https:\/\/www.amstelprinting.nl\/fr\/wp-json\/wp\/v2\/product_tag?post=13532"}],"curies":[{"name":"wp","href":"https:\/\/api.w.org\/{rel}","templated":true}]}}