{"id":13542,"date":"2025-02-03T13:35:59","date_gmt":"2025-02-03T12:35:59","guid":{"rendered":"https:\/\/www.amstelprinting.nl\/winkel\/non%20class\u00e9\/vrijstaand-textielframe\/"},"modified":"2026-02-18T12:50:34","modified_gmt":"2026-02-18T11:50:34","slug":"cadre-textile-autoportant-2","status":"publish","type":"product","link":"https:\/\/www.amstelprinting.nl\/fr\/boutique\/salon-et-evenement\/murs-dexposition\/cadre-textile-autoportant-2\/","title":{"rendered":"Cadre textile autoportant"},"content":{"rendered":"<h3>Commander un cadre textile autoportant<\/h3>\n<p>Donnez vie \u00e0 votre message avec le cadre textile autoportant. La solution id\u00e9ale pour toute pr\u00e9sentation ou \u00e9v\u00e9nement. Ce cadre en aluminium \u00e9l\u00e9gant et multifonctionnel vous offre la possibilit\u00e9 de pr\u00e9senter votre marque de mani\u00e8re professionnelle. Avec une gamme de mat\u00e9riaux de haute qualit\u00e9 et d&rsquo;options sur mesure (couleur et \u00e9paisseur du cadre), vous pouvez composer le cadre textile autoportant enti\u00e8rement selon vos souhaits. Un autre design \u00e0 l&rsquo;avenir ? Dans ce cas, vous pouvez simplement commander une impression s\u00e9par\u00e9e.<\/p>\n<h3>Avantages<\/h3>\n<ul>\n<li>Choix entre un cadre en aluminium argent\u00e9, blanc ou noir<\/li>\n<li>R\u00e9sultat sans couture et tendu (fixation par jonc)<\/li>\n<li>Disponible en sept mat\u00e9riaux de toile<\/li>\n<li>Propre design ou motif existant<\/li>\n<li>\u00c9quip\u00e9 d&rsquo;une impression recto-verso (2 toiles)<\/li>\n<li>Accessoires correspondants inclus<\/li>\n<li>Facile \u00e0 monter (et \u00e0 d\u00e9monter)<\/li>\n<\/ul>\n<p>&nbsp;<\/p>\n<h3>Formats et mat\u00e9riaux<\/h3>\n<p>Choisissez parmi diff\u00e9rentes couleurs pour le cadre : aluminium argent\u00e9, blanc ou noir. De plus, les cadres sont enti\u00e8rement fabriqu\u00e9s sur mesure, vous permettant de d\u00e9terminer vous-m\u00eame le format. Vous avez le choix entre une \u00e9paisseur de cadre de 44 mm ou 80 mm, pour une solidit\u00e9 accrue. Nos cadres textiles sont disponibles avec diff\u00e9rents mat\u00e9riaux de toile de haute qualit\u00e9, chacun ayant des propri\u00e9t\u00e9s uniques :<\/p>\n<ul>\n<li><strong>Dekostof<\/strong> : Cette toile de polyester souple a une structure fine et un aspect puissant, parfait pour un look professionnel.<\/li>\n<li><strong>Dekostof Blockout<\/strong> : Polyester bloquant la lumi\u00e8re avec un dos noir et un certificat B1, id\u00e9al pour les applications o\u00f9 le contr\u00f4le de la lumi\u00e8re est important.<\/li>\n<li><strong>Structex<\/strong> : Ce tissu structur\u00e9 en polyester de haute qualit\u00e9 a un aspect coton, offrant une allure luxueuse.<\/li>\n<li><strong>Velours<\/strong> : Polyester de haute qualit\u00e9 \u00e0 poils ras qui procure un aspect doux comme du velours, parfait pour une pr\u00e9sentation \u00e9l\u00e9gante.<\/li>\n<li><strong>Blackback Soft<\/strong> : Toile polyester block-out avec un dos noir et un certificat B1, id\u00e9ale pour une utilisation dans divers environnements.<\/li>\n<li><strong>Blackback XL<\/strong> : Cette toile est parfaite pour les applications grand format et offre les m\u00eames avantages que le Blackback Soft, avec un dos noir et un certificat B1.<\/li>\n<li><strong>Decotex UV<\/strong> : Cette toile de polyester souple est parfaite pour le grand format et offre un aspect puissant, id\u00e9ale pour une utilisation en ext\u00e9rieur.<\/li>\n<\/ul>\n<p>&nbsp;<\/p>\n<h3>Impression recto ou recto-verso<\/h3>\n<p>Nos cadres textiles peuvent \u00eatre imprim\u00e9s aussi bien en recto qu&rsquo;en recto-verso, vous offrant ainsi une visibilit\u00e9 maximale. Vous pouvez opter pour votre propre design qui correspond parfaitement \u00e0 votre marque, ou utiliser un motif existant.<\/p>\n<h3>Accessoires<\/h3>\n<p>Compl\u00e9tez votre cadre textile autoportant avec un outil e-lock pratique, qui assure un montage et un d\u00e9montage faciles de la toile.<\/p>\n<p>Avec notre cadre textile autoportant, vous obtenez une solution polyvalente et \u00e9l\u00e9gante qui \u00e9l\u00e8ve votre pr\u00e9sentation \u00e0 un niveau sup\u00e9rieur. Que vous choisissiez un design unique ou un motif existant, ce cadre garantit que votre message se d\u00e9marque et impressionne. Gr\u00e2ce aux mat\u00e9riaux de haute qualit\u00e9 et aux options sur mesure, vous pouvez l&rsquo;adapter parfaitement \u00e0 vos besoins.<\/p>\n","protected":false},"excerpt":{"rendered":"<h3>Paroi de pr\u00e9sentation compl\u00e8te pour un salon ou un \u00e9v\u00e9nement<\/h3>\n<p>Un magnifique cadre textile (autoportant) qui peut \u00eatre enti\u00e8rement personnalis\u00e9. Ainsi, vous pouvez commander le cadre en trois couleurs diff\u00e9rentes (blanc, noir ou argent). Votre design est imprim\u00e9 avec une nettet\u00e9 exceptionnelle et est \u00e9galement visible des deux c\u00f4t\u00e9s du cadre. Vous choisissez \u00e9galement le format vous-m\u00eame ! Composez ci-dessous votre cadre textile autoportant en quelques \u00e9tapes.<\/p>\n","protected":false},"featured_media":13543,"template":"","meta":{"_et_pb_use_builder":"","_et_pb_old_content":"","_et_gb_content_width":""},"product_brand":[],"product_cat":[413,428],"product_tag":[],"class_list":{"0":"post-13542","1":"product","2":"type-product","3":"status-publish","4":"has-post-thumbnail","6":"product_cat-murs-dexposition","7":"product_cat-salon-et-evenement","9":"first","10":"instock","11":"featured","12":"taxable","13":"shipping-taxable","14":"purchasable","15":"product-type-simple"},"yoast_head":"<!-- This site is optimized with the Yoast SEO plugin v27.3 - https:\/\/yoast.com\/product\/yoast-seo-wordpress\/ -->\n<title>Cadre textile autoportant - Paroi de pr\u00e9sentation flexible sur mesure<\/title>\n<meta name=\"description\" content=\"Une pr\u00e9sentation puissante avec notre cadre textile autoportant enti\u00e8rement personnalisable. Diverses couleurs et mat\u00e9riaux de haute qualit\u00e9, \u00e9galement pour des impressions recto-verso.\" \/>\n<meta name=\"robots\" content=\"index, follow, max-snippet:-1, max-image-preview:large, max-video-preview:-1\" \/>\n<link rel=\"canonical\" href=\"https:\/\/www.amstelprinting.nl\/fr\/boutique\/salon-et-evenement\/murs-dexposition\/cadre-textile-autoportant-2\/\" \/>\n<meta property=\"og:locale\" content=\"fr_FR\" \/>\n<meta property=\"og:type\" content=\"article\" \/>\n<meta property=\"og:title\" content=\"Cadre textile autoportant - Paroi de pr\u00e9sentation flexible sur mesure\" \/>\n<meta property=\"og:description\" content=\"Une pr\u00e9sentation puissante avec notre cadre textile autoportant enti\u00e8rement personnalisable. Diverses couleurs et mat\u00e9riaux de haute qualit\u00e9, \u00e9galement pour des impressions recto-verso.\" \/>\n<meta property=\"og:url\" content=\"https:\/\/www.amstelprinting.nl\/fr\/boutique\/salon-et-evenement\/murs-dexposition\/cadre-textile-autoportant-2\/\" \/>\n<meta property=\"og:site_name\" content=\"Amstel Printing\" \/>\n<meta property=\"article:modified_time\" content=\"2026-02-18T11:50:34+00:00\" \/>\n<meta property=\"og:image\" content=\"https:\/\/www.amstelprinting.nl\/wp-content\/uploads\/vrijstaand-textielframe-bedrukken2.png\" \/>\n\t<meta property=\"og:image:width\" content=\"900\" \/>\n\t<meta property=\"og:image:height\" content=\"900\" \/>\n\t<meta property=\"og:image:type\" content=\"image\/png\" \/>\n<meta name=\"twitter:card\" content=\"summary_large_image\" \/>\n<meta name=\"twitter:label1\" content=\"Dur\u00e9e de lecture estim\u00e9e\" \/>\n\t<meta name=\"twitter:data1\" content=\"3 minutes\" \/>\n<script type=\"application\/ld+json\" class=\"yoast-schema-graph\">{\"@context\":\"https:\\\/\\\/schema.org\",\"@graph\":[{\"@type\":\"WebPage\",\"@id\":\"https:\\\/\\\/www.amstelprinting.nl\\\/fr\\\/boutique\\\/salon-et-evenement\\\/murs-dexposition\\\/cadre-textile-autoportant-2\\\/\",\"url\":\"https:\\\/\\\/www.amstelprinting.nl\\\/fr\\\/boutique\\\/salon-et-evenement\\\/murs-dexposition\\\/cadre-textile-autoportant-2\\\/\",\"name\":\"Cadre textile autoportant - Paroi de pr\u00e9sentation flexible sur mesure\",\"isPartOf\":{\"@id\":\"https:\\\/\\\/www.amstelprinting.nl\\\/fr\\\/#website\"},\"primaryImageOfPage\":{\"@id\":\"https:\\\/\\\/www.amstelprinting.nl\\\/fr\\\/boutique\\\/salon-et-evenement\\\/murs-dexposition\\\/cadre-textile-autoportant-2\\\/#primaryimage\"},\"image\":{\"@id\":\"https:\\\/\\\/www.amstelprinting.nl\\\/fr\\\/boutique\\\/salon-et-evenement\\\/murs-dexposition\\\/cadre-textile-autoportant-2\\\/#primaryimage\"},\"thumbnailUrl\":\"https:\\\/\\\/www.amstelprinting.nl\\\/wp-content\\\/uploads\\\/vrijstaand-textielframe-bedrukken2.png\",\"datePublished\":\"2025-02-03T12:35:59+00:00\",\"dateModified\":\"2026-02-18T11:50:34+00:00\",\"description\":\"Une pr\u00e9sentation puissante avec notre cadre textile autoportant enti\u00e8rement personnalisable. Diverses couleurs et mat\u00e9riaux de haute qualit\u00e9, \u00e9galement pour des impressions recto-verso.\",\"breadcrumb\":{\"@id\":\"https:\\\/\\\/www.amstelprinting.nl\\\/fr\\\/boutique\\\/salon-et-evenement\\\/murs-dexposition\\\/cadre-textile-autoportant-2\\\/#breadcrumb\"},\"inLanguage\":\"fr-FR\",\"potentialAction\":[{\"@type\":\"ReadAction\",\"target\":[\"https:\\\/\\\/www.amstelprinting.nl\\\/fr\\\/boutique\\\/salon-et-evenement\\\/murs-dexposition\\\/cadre-textile-autoportant-2\\\/\"]}]},{\"@type\":\"ImageObject\",\"inLanguage\":\"fr-FR\",\"@id\":\"https:\\\/\\\/www.amstelprinting.nl\\\/fr\\\/boutique\\\/salon-et-evenement\\\/murs-dexposition\\\/cadre-textile-autoportant-2\\\/#primaryimage\",\"url\":\"https:\\\/\\\/www.amstelprinting.nl\\\/wp-content\\\/uploads\\\/vrijstaand-textielframe-bedrukken2.png\",\"contentUrl\":\"https:\\\/\\\/www.amstelprinting.nl\\\/wp-content\\\/uploads\\\/vrijstaand-textielframe-bedrukken2.png\",\"width\":900,\"height\":900},{\"@type\":\"BreadcrumbList\",\"@id\":\"https:\\\/\\\/www.amstelprinting.nl\\\/fr\\\/boutique\\\/salon-et-evenement\\\/murs-dexposition\\\/cadre-textile-autoportant-2\\\/#breadcrumb\",\"itemListElement\":[{\"@type\":\"ListItem\",\"position\":1,\"name\":\"\",\"item\":\"https:\\\/\\\/www.amstelprinting.nl\\\/fr\\\/\"},{\"@type\":\"ListItem\",\"position\":2,\"name\":\"Amstel Printing\",\"item\":\"https:\\\/\\\/www.amstelprinting.nl\\\/fr\\\/boutique\\\/\"},{\"@type\":\"ListItem\",\"position\":3,\"name\":\"Salon et \u00e9v\u00e9nement\",\"item\":\"https:\\\/\\\/www.amstelprinting.nl\\\/fr\\\/categorie\\\/salon-et-evenement\\\/\"},{\"@type\":\"ListItem\",\"position\":4,\"name\":\"Murs d'exposition\",\"item\":\"https:\\\/\\\/www.amstelprinting.nl\\\/fr\\\/categorie\\\/salon-et-evenement\\\/murs-dexposition\\\/\"},{\"@type\":\"ListItem\",\"position\":5,\"name\":\"Cadre textile autoportant\"}]},{\"@type\":\"WebSite\",\"@id\":\"https:\\\/\\\/www.amstelprinting.nl\\\/fr\\\/#website\",\"url\":\"https:\\\/\\\/www.amstelprinting.nl\\\/fr\\\/\",\"name\":\"Amstel Printing\",\"description\":\"Creating Exposure\",\"publisher\":{\"@id\":\"https:\\\/\\\/www.amstelprinting.nl\\\/fr\\\/#organization\"},\"potentialAction\":[{\"@type\":\"SearchAction\",\"target\":{\"@type\":\"EntryPoint\",\"urlTemplate\":\"https:\\\/\\\/www.amstelprinting.nl\\\/fr\\\/?s={search_term_string}\"},\"query-input\":{\"@type\":\"PropertyValueSpecification\",\"valueRequired\":true,\"valueName\":\"search_term_string\"}}],\"inLanguage\":\"fr-FR\"},{\"@type\":\"Organization\",\"@id\":\"https:\\\/\\\/www.amstelprinting.nl\\\/fr\\\/#organization\",\"name\":\"Amstel Printing\",\"url\":\"https:\\\/\\\/www.amstelprinting.nl\\\/fr\\\/\",\"logo\":{\"@type\":\"ImageObject\",\"inLanguage\":\"fr-FR\",\"@id\":\"https:\\\/\\\/www.amstelprinting.nl\\\/fr\\\/#\\\/schema\\\/logo\\\/image\\\/\",\"url\":\"https:\\\/\\\/www.amstelprinting.nl\\\/wp-content\\\/uploads\\\/amstel_printing_logo_clean.png\",\"contentUrl\":\"https:\\\/\\\/www.amstelprinting.nl\\\/wp-content\\\/uploads\\\/amstel_printing_logo_clean.png\",\"width\":324,\"height\":73,\"caption\":\"Amstel Printing\"},\"image\":{\"@id\":\"https:\\\/\\\/www.amstelprinting.nl\\\/fr\\\/#\\\/schema\\\/logo\\\/image\\\/\"}}]}<\/script>\n<!-- \/ Yoast SEO plugin. -->","yoast_head_json":{"title":"Cadre textile autoportant - Paroi de pr\u00e9sentation flexible sur mesure","description":"Une pr\u00e9sentation puissante avec notre cadre textile autoportant enti\u00e8rement personnalisable. Diverses couleurs et mat\u00e9riaux de haute qualit\u00e9, \u00e9galement pour des impressions recto-verso.","robots":{"index":"index","follow":"follow","max-snippet":"max-snippet:-1","max-image-preview":"max-image-preview:large","max-video-preview":"max-video-preview:-1"},"canonical":"https:\/\/www.amstelprinting.nl\/fr\/boutique\/salon-et-evenement\/murs-dexposition\/cadre-textile-autoportant-2\/","og_locale":"fr_FR","og_type":"article","og_title":"Cadre textile autoportant - Paroi de pr\u00e9sentation flexible sur mesure","og_description":"Une pr\u00e9sentation puissante avec notre cadre textile autoportant enti\u00e8rement personnalisable. Diverses couleurs et mat\u00e9riaux de haute qualit\u00e9, \u00e9galement pour des impressions recto-verso.","og_url":"https:\/\/www.amstelprinting.nl\/fr\/boutique\/salon-et-evenement\/murs-dexposition\/cadre-textile-autoportant-2\/","og_site_name":"Amstel Printing","article_modified_time":"2026-02-18T11:50:34+00:00","og_image":[{"width":900,"height":900,"url":"https:\/\/www.amstelprinting.nl\/wp-content\/uploads\/vrijstaand-textielframe-bedrukken2.png","type":"image\/png"}],"twitter_card":"summary_large_image","twitter_misc":{"Dur\u00e9e de lecture estim\u00e9e":"3 minutes"},"schema":{"@context":"https:\/\/schema.org","@graph":[{"@type":"WebPage","@id":"https:\/\/www.amstelprinting.nl\/fr\/boutique\/salon-et-evenement\/murs-dexposition\/cadre-textile-autoportant-2\/","url":"https:\/\/www.amstelprinting.nl\/fr\/boutique\/salon-et-evenement\/murs-dexposition\/cadre-textile-autoportant-2\/","name":"Cadre textile autoportant - Paroi de pr\u00e9sentation flexible sur mesure","isPartOf":{"@id":"https:\/\/www.amstelprinting.nl\/fr\/#website"},"primaryImageOfPage":{"@id":"https:\/\/www.amstelprinting.nl\/fr\/boutique\/salon-et-evenement\/murs-dexposition\/cadre-textile-autoportant-2\/#primaryimage"},"image":{"@id":"https:\/\/www.amstelprinting.nl\/fr\/boutique\/salon-et-evenement\/murs-dexposition\/cadre-textile-autoportant-2\/#primaryimage"},"thumbnailUrl":"https:\/\/www.amstelprinting.nl\/wp-content\/uploads\/vrijstaand-textielframe-bedrukken2.png","datePublished":"2025-02-03T12:35:59+00:00","dateModified":"2026-02-18T11:50:34+00:00","description":"Une pr\u00e9sentation puissante avec notre cadre textile autoportant enti\u00e8rement personnalisable. Diverses couleurs et mat\u00e9riaux de haute qualit\u00e9, \u00e9galement pour des impressions recto-verso.","breadcrumb":{"@id":"https:\/\/www.amstelprinting.nl\/fr\/boutique\/salon-et-evenement\/murs-dexposition\/cadre-textile-autoportant-2\/#breadcrumb"},"inLanguage":"fr-FR","potentialAction":[{"@type":"ReadAction","target":["https:\/\/www.amstelprinting.nl\/fr\/boutique\/salon-et-evenement\/murs-dexposition\/cadre-textile-autoportant-2\/"]}]},{"@type":"ImageObject","inLanguage":"fr-FR","@id":"https:\/\/www.amstelprinting.nl\/fr\/boutique\/salon-et-evenement\/murs-dexposition\/cadre-textile-autoportant-2\/#primaryimage","url":"https:\/\/www.amstelprinting.nl\/wp-content\/uploads\/vrijstaand-textielframe-bedrukken2.png","contentUrl":"https:\/\/www.amstelprinting.nl\/wp-content\/uploads\/vrijstaand-textielframe-bedrukken2.png","width":900,"height":900},{"@type":"BreadcrumbList","@id":"https:\/\/www.amstelprinting.nl\/fr\/boutique\/salon-et-evenement\/murs-dexposition\/cadre-textile-autoportant-2\/#breadcrumb","itemListElement":[{"@type":"ListItem","position":1,"name":"","item":"https:\/\/www.amstelprinting.nl\/fr\/"},{"@type":"ListItem","position":2,"name":"Amstel Printing","item":"https:\/\/www.amstelprinting.nl\/fr\/boutique\/"},{"@type":"ListItem","position":3,"name":"Salon et \u00e9v\u00e9nement","item":"https:\/\/www.amstelprinting.nl\/fr\/categorie\/salon-et-evenement\/"},{"@type":"ListItem","position":4,"name":"Murs d'exposition","item":"https:\/\/www.amstelprinting.nl\/fr\/categorie\/salon-et-evenement\/murs-dexposition\/"},{"@type":"ListItem","position":5,"name":"Cadre textile autoportant"}]},{"@type":"WebSite","@id":"https:\/\/www.amstelprinting.nl\/fr\/#website","url":"https:\/\/www.amstelprinting.nl\/fr\/","name":"Amstel Printing","description":"Creating Exposure","publisher":{"@id":"https:\/\/www.amstelprinting.nl\/fr\/#organization"},"potentialAction":[{"@type":"SearchAction","target":{"@type":"EntryPoint","urlTemplate":"https:\/\/www.amstelprinting.nl\/fr\/?s={search_term_string}"},"query-input":{"@type":"PropertyValueSpecification","valueRequired":true,"valueName":"search_term_string"}}],"inLanguage":"fr-FR"},{"@type":"Organization","@id":"https:\/\/www.amstelprinting.nl\/fr\/#organization","name":"Amstel Printing","url":"https:\/\/www.amstelprinting.nl\/fr\/","logo":{"@type":"ImageObject","inLanguage":"fr-FR","@id":"https:\/\/www.amstelprinting.nl\/fr\/#\/schema\/logo\/image\/","url":"https:\/\/www.amstelprinting.nl\/wp-content\/uploads\/amstel_printing_logo_clean.png","contentUrl":"https:\/\/www.amstelprinting.nl\/wp-content\/uploads\/amstel_printing_logo_clean.png","width":324,"height":73,"caption":"Amstel Printing"},"image":{"@id":"https:\/\/www.amstelprinting.nl\/fr\/#\/schema\/logo\/image\/"}}]}},"_links":{"self":[{"href":"https:\/\/www.amstelprinting.nl\/fr\/wp-json\/wp\/v2\/product\/13542","targetHints":{"allow":["GET"]}}],"collection":[{"href":"https:\/\/www.amstelprinting.nl\/fr\/wp-json\/wp\/v2\/product"}],"about":[{"href":"https:\/\/www.amstelprinting.nl\/fr\/wp-json\/wp\/v2\/types\/product"}],"wp:featuredmedia":[{"embeddable":true,"href":"https:\/\/www.amstelprinting.nl\/fr\/wp-json\/wp\/v2\/media\/13543"}],"wp:attachment":[{"href":"https:\/\/www.amstelprinting.nl\/fr\/wp-json\/wp\/v2\/media?parent=13542"}],"wp:term":[{"taxonomy":"product_brand","embeddable":true,"href":"https:\/\/www.amstelprinting.nl\/fr\/wp-json\/wp\/v2\/product_brand?post=13542"},{"taxonomy":"product_cat","embeddable":true,"href":"https:\/\/www.amstelprinting.nl\/fr\/wp-json\/wp\/v2\/product_cat?post=13542"},{"taxonomy":"product_tag","embeddable":true,"href":"https:\/\/www.amstelprinting.nl\/fr\/wp-json\/wp\/v2\/product_tag?post=13542"}],"curies":[{"name":"wp","href":"https:\/\/api.w.org\/{rel}","templated":true}]}}