{"id":13552,"date":"2025-02-03T13:35:37","date_gmt":"2025-02-03T12:35:37","guid":{"rendered":"https:\/\/www.amstelprinting.nl\/winkel\/non%20class\u00e9\/rechte-pop-up-wand\/"},"modified":"2026-02-18T12:50:35","modified_gmt":"2026-02-18T11:50:35","slug":"mur-dexposition-pop-up-droit","status":"publish","type":"product","link":"https:\/\/www.amstelprinting.nl\/fr\/boutique\/salon-et-evenement\/murs-dexposition\/mur-dexposition-pop-up-droit\/","title":{"rendered":"Mur d&rsquo;exposition pop-up droit"},"content":{"rendered":"<h3>Impression de mur d&rsquo;exposition<\/h3>\n<p>Faites briller votre marque ou votre message lors de chaque salon avec notre mur pop-up droit. Con\u00e7u pour un impact maximal et une grande facilit\u00e9 d&rsquo;utilisation. Gr\u00e2ce \u00e0 sa conception intuitive, notre mur pop-up est facile \u00e0 monter et \u00e0 d\u00e9monter. Choisissez entre un kit complet comprenant la toile et la structure, ou commandez une toile seule. Cr\u00e9ez votre propre design ou choisissez parmi l&rsquo;un des motifs existants.<\/p>\n<h3>Avantages de commander un mur d&rsquo;exposition<\/h3>\n<ul>\n<li>Livr\u00e9 complet avec sac de transport \u00e0 roulettes<\/li>\n<li>Votre design est imprim\u00e9 avec une nettet\u00e9 exceptionnelle<\/li>\n<li>Choix entre deux formats et deux mat\u00e9riaux<\/li>\n<li>Produit sous 1 jour ouvr\u00e9<\/li>\n<\/ul>\n<p>&nbsp;<\/p>\n<h3>Impression sur le devant et les c\u00f4t\u00e9s<\/h3>\n<p>Attention : l&rsquo;arri\u00e8re du mur d&rsquo;exposition reste non imprim\u00e9.<\/p>\n<h3>Formats des murs d&rsquo;exposition<\/h3>\n<p>Vous avez le choix entre deux formats : Medium (M) et Large (L). La taille M a une impression totale de 294 cm x 225 cm, dont la taille visible est de 224 cm x 30 cm x 225 cm. La taille L a une impression totale de 367 cm x 225 cm, avec une taille visible de 297 cm x 30 cm x 225 cm.<\/p>\n<h3>Mat\u00e9riaux<\/h3>\n<p>Notre mur d&rsquo;exposition pop-up droit est disponible en deux types de mat\u00e9riaux : Dekostof et Blackback Soft. Dekostof est une toile en polyester souple avec une structure fine et des couleurs vives. Dans une pi\u00e8ce (tr\u00e8s) \u00e9clair\u00e9e, il peut arriver que le cadre soit visible \u00e0 travers la toile. Le Blackback Soft offre alors une solution. Il s&rsquo;agit d&rsquo;une toile occultante en polyester avec un dos noir. Il est inodore, pliable et poss\u00e8de en outre un certificat B1 de s\u00e9curit\u00e9 incendie. Finissez votre mur pop-up droit avec du fil blanc ou noir.<\/p>\n<h3>Accessoires pour le mur d&rsquo;exposition<\/h3>\n<p>Le mur pop-up droit est livr\u00e9 avec un sac de transport \u00e0 roulettes pratique (voir photos). Cela vous permet de ranger soigneusement l&rsquo;ensemble du mur d&rsquo;exposition (toile comprise) et de le transporter vers votre prochain \u00e9v\u00e9nement ou salon. De plus, divers accessoires sont disponibles, notamment un \u00e9clairage LED pour une visibilit\u00e9 optimale.<\/p>\n<p>Optez pour la qualit\u00e9 et la facilit\u00e9 d&rsquo;utilisation. Commandez d\u00e8s aujourd&rsquo;hui votre mur pop-up droit et faites de votre prochain salon ou \u00e9v\u00e9nement un succ\u00e8s. Commencez imm\u00e9diatement \u00e0 cr\u00e9er votre propre design gr\u00e2ce \u00e0 nos mod\u00e8les conviviaux, disponibles dans la section t\u00e9l\u00e9chargements.<\/p>\n","protected":false},"excerpt":{"rendered":"<h3>Indispensable pour un salon r\u00e9ussi<\/h3>\n<p>Mur pop-up droit : Ce mur d&rsquo;exposition a un aspect \u00e9l\u00e9gant et moderne et convient parfaitement aux configurations droites. Choisissez le mat\u00e9riau Dekostof ou Blackback Soft (pour \u00e9viter la transparence). Le rangement se fait dans le sac \u00e0 roulettes inclus. Attention : le visuel couvre l&rsquo;avant et les c\u00f4t\u00e9s gauche et droit. Le verso reste non imprim\u00e9 (!).<\/p>\n","protected":false},"featured_media":25263,"template":"","meta":{"_et_pb_use_builder":"","_et_pb_old_content":"","_et_gb_content_width":""},"product_brand":[],"product_cat":[413,428],"product_tag":[],"class_list":{"0":"post-13552","1":"product","2":"type-product","3":"status-publish","4":"has-post-thumbnail","6":"product_cat-murs-dexposition","7":"product_cat-salon-et-evenement","9":"first","10":"instock","11":"featured","12":"taxable","13":"shipping-taxable","14":"purchasable","15":"product-type-simple"},"yoast_head":"<!-- This site is optimized with the Yoast SEO plugin v27.3 - https:\/\/yoast.com\/product\/yoast-seo-wordpress\/ -->\n<title>Mur d&#039;exposition pop-up droit professionnel - Stands d&#039;exposition rapides et nets<\/title>\n<meta name=\"description\" content=\"Commandez votre mur pop-up droit avec une impression en couleur ultra-nette et une livraison rapide sous 1 jour ouvr\u00e9. Impressionnez \u00e0 chaque \u00e9v\u00e9nement.\" \/>\n<meta name=\"robots\" content=\"index, follow, max-snippet:-1, max-image-preview:large, max-video-preview:-1\" \/>\n<link rel=\"canonical\" href=\"https:\/\/www.amstelprinting.nl\/fr\/boutique\/salon-et-evenement\/murs-dexposition\/mur-dexposition-pop-up-droit\/\" \/>\n<meta property=\"og:locale\" content=\"fr_FR\" \/>\n<meta property=\"og:type\" content=\"article\" \/>\n<meta property=\"og:title\" content=\"Mur d&#039;exposition pop-up droit professionnel - Stands d&#039;exposition rapides et nets\" \/>\n<meta property=\"og:description\" content=\"Commandez votre mur pop-up droit avec une impression en couleur ultra-nette et une livraison rapide sous 1 jour ouvr\u00e9. Impressionnez \u00e0 chaque \u00e9v\u00e9nement.\" \/>\n<meta property=\"og:url\" content=\"https:\/\/www.amstelprinting.nl\/fr\/boutique\/salon-et-evenement\/murs-dexposition\/mur-dexposition-pop-up-droit\/\" \/>\n<meta property=\"og:site_name\" content=\"Amstel Printing\" \/>\n<meta property=\"article:modified_time\" content=\"2026-02-18T11:50:35+00:00\" \/>\n<meta property=\"og:image\" content=\"https:\/\/www.amstelprinting.nl\/wp-content\/uploads\/rechte-pop-up-wand-bedrukken.webp\" \/>\n\t<meta property=\"og:image:width\" content=\"900\" \/>\n\t<meta property=\"og:image:height\" content=\"900\" \/>\n\t<meta property=\"og:image:type\" content=\"image\/webp\" \/>\n<meta name=\"twitter:card\" content=\"summary_large_image\" \/>\n<meta name=\"twitter:label1\" content=\"Dur\u00e9e de lecture estim\u00e9e\" \/>\n\t<meta name=\"twitter:data1\" content=\"2 minutes\" \/>\n<script type=\"application\/ld+json\" class=\"yoast-schema-graph\">{\"@context\":\"https:\\\/\\\/schema.org\",\"@graph\":[{\"@type\":\"WebPage\",\"@id\":\"https:\\\/\\\/www.amstelprinting.nl\\\/fr\\\/boutique\\\/salon-et-evenement\\\/murs-dexposition\\\/mur-dexposition-pop-up-droit\\\/\",\"url\":\"https:\\\/\\\/www.amstelprinting.nl\\\/fr\\\/boutique\\\/salon-et-evenement\\\/murs-dexposition\\\/mur-dexposition-pop-up-droit\\\/\",\"name\":\"Mur d'exposition pop-up droit professionnel - Stands d'exposition rapides et nets\",\"isPartOf\":{\"@id\":\"https:\\\/\\\/www.amstelprinting.nl\\\/fr\\\/#website\"},\"primaryImageOfPage\":{\"@id\":\"https:\\\/\\\/www.amstelprinting.nl\\\/fr\\\/boutique\\\/salon-et-evenement\\\/murs-dexposition\\\/mur-dexposition-pop-up-droit\\\/#primaryimage\"},\"image\":{\"@id\":\"https:\\\/\\\/www.amstelprinting.nl\\\/fr\\\/boutique\\\/salon-et-evenement\\\/murs-dexposition\\\/mur-dexposition-pop-up-droit\\\/#primaryimage\"},\"thumbnailUrl\":\"https:\\\/\\\/www.amstelprinting.nl\\\/wp-content\\\/uploads\\\/rechte-pop-up-wand-bedrukken.webp\",\"datePublished\":\"2025-02-03T12:35:37+00:00\",\"dateModified\":\"2026-02-18T11:50:35+00:00\",\"description\":\"Commandez votre mur pop-up droit avec une impression en couleur ultra-nette et une livraison rapide sous 1 jour ouvr\u00e9. Impressionnez \u00e0 chaque \u00e9v\u00e9nement.\",\"breadcrumb\":{\"@id\":\"https:\\\/\\\/www.amstelprinting.nl\\\/fr\\\/boutique\\\/salon-et-evenement\\\/murs-dexposition\\\/mur-dexposition-pop-up-droit\\\/#breadcrumb\"},\"inLanguage\":\"fr-FR\",\"potentialAction\":[{\"@type\":\"ReadAction\",\"target\":[\"https:\\\/\\\/www.amstelprinting.nl\\\/fr\\\/boutique\\\/salon-et-evenement\\\/murs-dexposition\\\/mur-dexposition-pop-up-droit\\\/\"]}]},{\"@type\":\"ImageObject\",\"inLanguage\":\"fr-FR\",\"@id\":\"https:\\\/\\\/www.amstelprinting.nl\\\/fr\\\/boutique\\\/salon-et-evenement\\\/murs-dexposition\\\/mur-dexposition-pop-up-droit\\\/#primaryimage\",\"url\":\"https:\\\/\\\/www.amstelprinting.nl\\\/wp-content\\\/uploads\\\/rechte-pop-up-wand-bedrukken.webp\",\"contentUrl\":\"https:\\\/\\\/www.amstelprinting.nl\\\/wp-content\\\/uploads\\\/rechte-pop-up-wand-bedrukken.webp\",\"width\":900,\"height\":900},{\"@type\":\"BreadcrumbList\",\"@id\":\"https:\\\/\\\/www.amstelprinting.nl\\\/fr\\\/boutique\\\/salon-et-evenement\\\/murs-dexposition\\\/mur-dexposition-pop-up-droit\\\/#breadcrumb\",\"itemListElement\":[{\"@type\":\"ListItem\",\"position\":1,\"name\":\"\",\"item\":\"https:\\\/\\\/www.amstelprinting.nl\\\/fr\\\/\"},{\"@type\":\"ListItem\",\"position\":2,\"name\":\"Amstel Printing\",\"item\":\"https:\\\/\\\/www.amstelprinting.nl\\\/fr\\\/boutique\\\/\"},{\"@type\":\"ListItem\",\"position\":3,\"name\":\"Salon et \u00e9v\u00e9nement\",\"item\":\"https:\\\/\\\/www.amstelprinting.nl\\\/fr\\\/categorie\\\/salon-et-evenement\\\/\"},{\"@type\":\"ListItem\",\"position\":4,\"name\":\"Murs d'exposition\",\"item\":\"https:\\\/\\\/www.amstelprinting.nl\\\/fr\\\/categorie\\\/salon-et-evenement\\\/murs-dexposition\\\/\"},{\"@type\":\"ListItem\",\"position\":5,\"name\":\"Mur d&rsquo;exposition pop-up droit\"}]},{\"@type\":\"WebSite\",\"@id\":\"https:\\\/\\\/www.amstelprinting.nl\\\/fr\\\/#website\",\"url\":\"https:\\\/\\\/www.amstelprinting.nl\\\/fr\\\/\",\"name\":\"Amstel Printing\",\"description\":\"Creating Exposure\",\"publisher\":{\"@id\":\"https:\\\/\\\/www.amstelprinting.nl\\\/fr\\\/#organization\"},\"potentialAction\":[{\"@type\":\"SearchAction\",\"target\":{\"@type\":\"EntryPoint\",\"urlTemplate\":\"https:\\\/\\\/www.amstelprinting.nl\\\/fr\\\/?s={search_term_string}\"},\"query-input\":{\"@type\":\"PropertyValueSpecification\",\"valueRequired\":true,\"valueName\":\"search_term_string\"}}],\"inLanguage\":\"fr-FR\"},{\"@type\":\"Organization\",\"@id\":\"https:\\\/\\\/www.amstelprinting.nl\\\/fr\\\/#organization\",\"name\":\"Amstel Printing\",\"url\":\"https:\\\/\\\/www.amstelprinting.nl\\\/fr\\\/\",\"logo\":{\"@type\":\"ImageObject\",\"inLanguage\":\"fr-FR\",\"@id\":\"https:\\\/\\\/www.amstelprinting.nl\\\/fr\\\/#\\\/schema\\\/logo\\\/image\\\/\",\"url\":\"https:\\\/\\\/www.amstelprinting.nl\\\/wp-content\\\/uploads\\\/amstel_printing_logo_clean.png\",\"contentUrl\":\"https:\\\/\\\/www.amstelprinting.nl\\\/wp-content\\\/uploads\\\/amstel_printing_logo_clean.png\",\"width\":324,\"height\":73,\"caption\":\"Amstel Printing\"},\"image\":{\"@id\":\"https:\\\/\\\/www.amstelprinting.nl\\\/fr\\\/#\\\/schema\\\/logo\\\/image\\\/\"}}]}<\/script>\n<!-- \/ Yoast SEO plugin. -->","yoast_head_json":{"title":"Mur d'exposition pop-up droit professionnel - Stands d'exposition rapides et nets","description":"Commandez votre mur pop-up droit avec une impression en couleur ultra-nette et une livraison rapide sous 1 jour ouvr\u00e9. Impressionnez \u00e0 chaque \u00e9v\u00e9nement.","robots":{"index":"index","follow":"follow","max-snippet":"max-snippet:-1","max-image-preview":"max-image-preview:large","max-video-preview":"max-video-preview:-1"},"canonical":"https:\/\/www.amstelprinting.nl\/fr\/boutique\/salon-et-evenement\/murs-dexposition\/mur-dexposition-pop-up-droit\/","og_locale":"fr_FR","og_type":"article","og_title":"Mur d'exposition pop-up droit professionnel - Stands d'exposition rapides et nets","og_description":"Commandez votre mur pop-up droit avec une impression en couleur ultra-nette et une livraison rapide sous 1 jour ouvr\u00e9. Impressionnez \u00e0 chaque \u00e9v\u00e9nement.","og_url":"https:\/\/www.amstelprinting.nl\/fr\/boutique\/salon-et-evenement\/murs-dexposition\/mur-dexposition-pop-up-droit\/","og_site_name":"Amstel Printing","article_modified_time":"2026-02-18T11:50:35+00:00","og_image":[{"width":900,"height":900,"url":"https:\/\/www.amstelprinting.nl\/wp-content\/uploads\/rechte-pop-up-wand-bedrukken.webp","type":"image\/webp"}],"twitter_card":"summary_large_image","twitter_misc":{"Dur\u00e9e de lecture estim\u00e9e":"2 minutes"},"schema":{"@context":"https:\/\/schema.org","@graph":[{"@type":"WebPage","@id":"https:\/\/www.amstelprinting.nl\/fr\/boutique\/salon-et-evenement\/murs-dexposition\/mur-dexposition-pop-up-droit\/","url":"https:\/\/www.amstelprinting.nl\/fr\/boutique\/salon-et-evenement\/murs-dexposition\/mur-dexposition-pop-up-droit\/","name":"Mur d'exposition pop-up droit professionnel - Stands d'exposition rapides et nets","isPartOf":{"@id":"https:\/\/www.amstelprinting.nl\/fr\/#website"},"primaryImageOfPage":{"@id":"https:\/\/www.amstelprinting.nl\/fr\/boutique\/salon-et-evenement\/murs-dexposition\/mur-dexposition-pop-up-droit\/#primaryimage"},"image":{"@id":"https:\/\/www.amstelprinting.nl\/fr\/boutique\/salon-et-evenement\/murs-dexposition\/mur-dexposition-pop-up-droit\/#primaryimage"},"thumbnailUrl":"https:\/\/www.amstelprinting.nl\/wp-content\/uploads\/rechte-pop-up-wand-bedrukken.webp","datePublished":"2025-02-03T12:35:37+00:00","dateModified":"2026-02-18T11:50:35+00:00","description":"Commandez votre mur pop-up droit avec une impression en couleur ultra-nette et une livraison rapide sous 1 jour ouvr\u00e9. Impressionnez \u00e0 chaque \u00e9v\u00e9nement.","breadcrumb":{"@id":"https:\/\/www.amstelprinting.nl\/fr\/boutique\/salon-et-evenement\/murs-dexposition\/mur-dexposition-pop-up-droit\/#breadcrumb"},"inLanguage":"fr-FR","potentialAction":[{"@type":"ReadAction","target":["https:\/\/www.amstelprinting.nl\/fr\/boutique\/salon-et-evenement\/murs-dexposition\/mur-dexposition-pop-up-droit\/"]}]},{"@type":"ImageObject","inLanguage":"fr-FR","@id":"https:\/\/www.amstelprinting.nl\/fr\/boutique\/salon-et-evenement\/murs-dexposition\/mur-dexposition-pop-up-droit\/#primaryimage","url":"https:\/\/www.amstelprinting.nl\/wp-content\/uploads\/rechte-pop-up-wand-bedrukken.webp","contentUrl":"https:\/\/www.amstelprinting.nl\/wp-content\/uploads\/rechte-pop-up-wand-bedrukken.webp","width":900,"height":900},{"@type":"BreadcrumbList","@id":"https:\/\/www.amstelprinting.nl\/fr\/boutique\/salon-et-evenement\/murs-dexposition\/mur-dexposition-pop-up-droit\/#breadcrumb","itemListElement":[{"@type":"ListItem","position":1,"name":"","item":"https:\/\/www.amstelprinting.nl\/fr\/"},{"@type":"ListItem","position":2,"name":"Amstel Printing","item":"https:\/\/www.amstelprinting.nl\/fr\/boutique\/"},{"@type":"ListItem","position":3,"name":"Salon et \u00e9v\u00e9nement","item":"https:\/\/www.amstelprinting.nl\/fr\/categorie\/salon-et-evenement\/"},{"@type":"ListItem","position":4,"name":"Murs d'exposition","item":"https:\/\/www.amstelprinting.nl\/fr\/categorie\/salon-et-evenement\/murs-dexposition\/"},{"@type":"ListItem","position":5,"name":"Mur d&rsquo;exposition pop-up droit"}]},{"@type":"WebSite","@id":"https:\/\/www.amstelprinting.nl\/fr\/#website","url":"https:\/\/www.amstelprinting.nl\/fr\/","name":"Amstel Printing","description":"Creating Exposure","publisher":{"@id":"https:\/\/www.amstelprinting.nl\/fr\/#organization"},"potentialAction":[{"@type":"SearchAction","target":{"@type":"EntryPoint","urlTemplate":"https:\/\/www.amstelprinting.nl\/fr\/?s={search_term_string}"},"query-input":{"@type":"PropertyValueSpecification","valueRequired":true,"valueName":"search_term_string"}}],"inLanguage":"fr-FR"},{"@type":"Organization","@id":"https:\/\/www.amstelprinting.nl\/fr\/#organization","name":"Amstel Printing","url":"https:\/\/www.amstelprinting.nl\/fr\/","logo":{"@type":"ImageObject","inLanguage":"fr-FR","@id":"https:\/\/www.amstelprinting.nl\/fr\/#\/schema\/logo\/image\/","url":"https:\/\/www.amstelprinting.nl\/wp-content\/uploads\/amstel_printing_logo_clean.png","contentUrl":"https:\/\/www.amstelprinting.nl\/wp-content\/uploads\/amstel_printing_logo_clean.png","width":324,"height":73,"caption":"Amstel Printing"},"image":{"@id":"https:\/\/www.amstelprinting.nl\/fr\/#\/schema\/logo\/image\/"}}]}},"_links":{"self":[{"href":"https:\/\/www.amstelprinting.nl\/fr\/wp-json\/wp\/v2\/product\/13552","targetHints":{"allow":["GET"]}}],"collection":[{"href":"https:\/\/www.amstelprinting.nl\/fr\/wp-json\/wp\/v2\/product"}],"about":[{"href":"https:\/\/www.amstelprinting.nl\/fr\/wp-json\/wp\/v2\/types\/product"}],"wp:featuredmedia":[{"embeddable":true,"href":"https:\/\/www.amstelprinting.nl\/fr\/wp-json\/wp\/v2\/media\/25263"}],"wp:attachment":[{"href":"https:\/\/www.amstelprinting.nl\/fr\/wp-json\/wp\/v2\/media?parent=13552"}],"wp:term":[{"taxonomy":"product_brand","embeddable":true,"href":"https:\/\/www.amstelprinting.nl\/fr\/wp-json\/wp\/v2\/product_brand?post=13552"},{"taxonomy":"product_cat","embeddable":true,"href":"https:\/\/www.amstelprinting.nl\/fr\/wp-json\/wp\/v2\/product_cat?post=13552"},{"taxonomy":"product_tag","embeddable":true,"href":"https:\/\/www.amstelprinting.nl\/fr\/wp-json\/wp\/v2\/product_tag?post=13552"}],"curies":[{"name":"wp","href":"https:\/\/api.w.org\/{rel}","templated":true}]}}