{"id":13562,"date":"2025-02-02T12:36:34","date_gmt":"2025-02-02T11:36:34","guid":{"rendered":"https:\/\/www.amstelprinting.nl\/winkel\/non%20class\u00e9\/outdoor-roll-up-banner\/"},"modified":"2026-02-18T12:50:35","modified_gmt":"2026-02-18T11:50:35","slug":"roll-up-banner-exterieur","status":"publish","type":"product","link":"https:\/\/www.amstelprinting.nl\/fr\/boutique\/salon-et-evenement\/enroulez-les-bannieres\/roll-up-banner-exterieur\/","title":{"rendered":"Roll-up banner ext\u00e9rieur"},"content":{"rendered":"<h3>Roll-up banner ext\u00e9rieur recto-verso<\/h3>\n<p>Ce roll-up banner est parfait pour les actions, les salons ou les \u00e9v\u00e9nements en plein air. Gr\u00e2ce aux impressions recto-verso d&rsquo;une nettet\u00e9 exceptionnelle, deux impressions diff\u00e9rentes peuvent \u00eatre affich\u00e9es simultan\u00e9ment. Id\u00e9al pour les situations o\u00f9 les gens circulent autour de la banni\u00e8re.<\/p>\n<h3>Composition<\/h3>\n<p>Le roll-up banner ext\u00e9rieur se compose de deux toiles qui se fixent facilement au m\u00e2t \u00e0 l&rsquo;aide d&rsquo;une bande adh\u00e9sive. Le produit est disponible en kit complet, impression seule ou cassette seule.<\/p>\n<h3>Installation du roll-up banner ext\u00e9rieur<\/h3>\n<p>La cassette a un poids plus \u00e9lev\u00e9 et est \u00e9quip\u00e9e de pieds plus longs et d&rsquo;encoches, ce qui permet de la fixer solidement au sol \u00e0 l&rsquo;aide des sardines fournies. Ainsi, la banni\u00e8re reste stable et le message de votre client reste toujours bien visible. L&rsquo;installation consiste simplement \u00e0 la poser et \u00e0 tirer les deux banni\u00e8res de la cassette vers le haut. Vous n&rsquo;avez donc besoin d&rsquo;aucun outil.<\/p>\n<h3>Mat\u00e9riaux du roll-up banner ext\u00e9rieur<\/h3>\n<p>Vous pouvez choisir entre deux mat\u00e9riaux de haute qualit\u00e9 : Banner 510 ou Banner Noir-blanc, tous deux disponibles en largeurs de 85 cm ou 100 cm. Le roll-up banner ext\u00e9rieur est livr\u00e9 avec un sac de transport pratique, pour un rangement et un transport faciles et compacts.<\/p>\n<h3>Diff\u00e9rence entre Banner 510 et Banner Noir-blanc<\/h3>\n<p><strong>Banner 510<\/strong> &#8211; L&rsquo;option la plus command\u00e9e pour le roll-up banner ext\u00e9rieur. Toile PVC avec un aspect brillant pour l&rsquo;int\u00e9rieur et l&rsquo;ext\u00e9rieur. Qualit\u00e9 100 % europ\u00e9enne et certifi\u00e9 B1 (mat\u00e9riau ignifuge).<\/p>\n<p><strong>Banner Noir-blanc<\/strong> &#8211; Toile PVC blockout avec un dos noir. Le dos noir donne un effet occultant (bloque la lumi\u00e8re). La banni\u00e8re Noir-blanc est \u00e9galement adapt\u00e9e \u00e0 une utilisation en int\u00e9rieur comme en ext\u00e9rieur, tout comme la Banner 510. Elle est \u00e9galement dot\u00e9e d&rsquo;un certificat B1 (mat\u00e9riau ignifuge).<\/p>\n<p>Plus d&rsquo;informations sur l&rsquo;utilisation en ext\u00e9rieur des roll-up banners, consultez notre <a href=\"https:\/\/www.amstelprinting.nl\/fr\/base-de-connaissances\/\">guide sur le bon choix de banni\u00e8re pour une utilisation int\u00e9rieure ou ext\u00e9rieure. <\/a><\/p>\n<p>Plus d&rsquo;informations sur l&rsquo;utilisation des <a href=\"https:\/\/www.amstelprinting.nl\/fr\/base-de-connaissances\/outdoor-vs-indoor-roll-up-banner-keuze-evenement\/\">roll-up banners dans diff\u00e9rentes conditions m\u00e9t\u00e9orologiques dans cet article<\/a>.<\/p>\n","protected":false},"excerpt":{"rendered":"<h3>Roll-up Banner pour usage ext\u00e9rieur. Impression recto-verso.<\/h3>\n<p>Syst\u00e8me de roll-up banner ext\u00e9rieur, adapt\u00e9 (comme son nom l&rsquo;indique) \u00e0 une utilisation en ext\u00e9rieur. Il s&rsquo;agit d&rsquo;une cassette plus lourde \u00e9quip\u00e9e de pieds plus longs. Vous pouvez \u00e9galement ancrer ce roll-up banner ext\u00e9rieur dans le sol (pour plus de stabilit\u00e9) \u00e0 l&rsquo;aide des sardines fournies. Le roll-up banner ext\u00e9rieur est livr\u00e9 avec un sac de transport pour un transport compact et un rangement \u00e0 l&rsquo;abri de la poussi\u00e8re.<\/p>\n","protected":false},"featured_media":13563,"template":"","meta":{"_et_pb_use_builder":"","_et_pb_old_content":"","_et_gb_content_width":""},"product_brand":[],"product_cat":[402,387,380,428],"product_tag":[],"class_list":{"0":"post-13562","1":"product","2":"type-product","3":"status-publish","4":"has-post-thumbnail","6":"product_cat-enroulez-les-bannieres","7":"product_cat-presentation","8":"product_cat-publicite-interieure","9":"product_cat-salon-et-evenement","11":"first","12":"instock","13":"taxable","14":"shipping-taxable","15":"purchasable","16":"product-type-simple"},"yoast_head":"<!-- This site is optimized with the Yoast SEO plugin v27.3 - https:\/\/yoast.com\/product\/yoast-seo-wordpress\/ -->\n<title>Roll-up banner ext\u00e9rieur robuste - Recto-verso et r\u00e9sistant au vent<\/title>\n<meta name=\"description\" content=\"Commandez maintenant et recevez votre roll-up banner ext\u00e9rieur demain. Impression recto-verso, extra lourd et stable. Id\u00e9al pour les \u00e9v\u00e9nements et promotions en ext\u00e9rieur.\" \/>\n<meta name=\"robots\" content=\"index, follow, max-snippet:-1, max-image-preview:large, max-video-preview:-1\" \/>\n<link rel=\"canonical\" href=\"https:\/\/www.amstelprinting.nl\/fr\/boutique\/salon-et-evenement\/enroulez-les-bannieres\/roll-up-banner-exterieur\/\" \/>\n<meta property=\"og:locale\" content=\"fr_FR\" \/>\n<meta property=\"og:type\" content=\"article\" \/>\n<meta property=\"og:title\" content=\"Roll-up banner ext\u00e9rieur robuste - Recto-verso et r\u00e9sistant au vent\" \/>\n<meta property=\"og:description\" content=\"Commandez maintenant et recevez votre roll-up banner ext\u00e9rieur demain. Impression recto-verso, extra lourd et stable. Id\u00e9al pour les \u00e9v\u00e9nements et promotions en ext\u00e9rieur.\" \/>\n<meta property=\"og:url\" content=\"https:\/\/www.amstelprinting.nl\/fr\/boutique\/salon-et-evenement\/enroulez-les-bannieres\/roll-up-banner-exterieur\/\" \/>\n<meta property=\"og:site_name\" content=\"Amstel Printing\" \/>\n<meta property=\"article:modified_time\" content=\"2026-02-18T11:50:35+00:00\" \/>\n<meta property=\"og:image\" content=\"https:\/\/www.amstelprinting.nl\/wp-content\/uploads\/outdoor-roll-up-banner-bedrukken.png\" \/>\n\t<meta property=\"og:image:width\" content=\"700\" \/>\n\t<meta property=\"og:image:height\" content=\"700\" \/>\n\t<meta property=\"og:image:type\" content=\"image\/png\" \/>\n<meta name=\"twitter:card\" content=\"summary_large_image\" \/>\n<meta name=\"twitter:label1\" content=\"Dur\u00e9e de lecture estim\u00e9e\" \/>\n\t<meta name=\"twitter:data1\" content=\"2 minutes\" \/>\n<script type=\"application\/ld+json\" class=\"yoast-schema-graph\">{\"@context\":\"https:\\\/\\\/schema.org\",\"@graph\":[{\"@type\":\"WebPage\",\"@id\":\"https:\\\/\\\/www.amstelprinting.nl\\\/fr\\\/boutique\\\/salon-et-evenement\\\/enroulez-les-bannieres\\\/roll-up-banner-exterieur\\\/\",\"url\":\"https:\\\/\\\/www.amstelprinting.nl\\\/fr\\\/boutique\\\/salon-et-evenement\\\/enroulez-les-bannieres\\\/roll-up-banner-exterieur\\\/\",\"name\":\"Roll-up banner ext\u00e9rieur robuste - Recto-verso et r\u00e9sistant au vent\",\"isPartOf\":{\"@id\":\"https:\\\/\\\/www.amstelprinting.nl\\\/fr\\\/#website\"},\"primaryImageOfPage\":{\"@id\":\"https:\\\/\\\/www.amstelprinting.nl\\\/fr\\\/boutique\\\/salon-et-evenement\\\/enroulez-les-bannieres\\\/roll-up-banner-exterieur\\\/#primaryimage\"},\"image\":{\"@id\":\"https:\\\/\\\/www.amstelprinting.nl\\\/fr\\\/boutique\\\/salon-et-evenement\\\/enroulez-les-bannieres\\\/roll-up-banner-exterieur\\\/#primaryimage\"},\"thumbnailUrl\":\"https:\\\/\\\/www.amstelprinting.nl\\\/wp-content\\\/uploads\\\/outdoor-roll-up-banner-bedrukken.png\",\"datePublished\":\"2025-02-02T11:36:34+00:00\",\"dateModified\":\"2026-02-18T11:50:35+00:00\",\"description\":\"Commandez maintenant et recevez votre roll-up banner ext\u00e9rieur demain. Impression recto-verso, extra lourd et stable. Id\u00e9al pour les \u00e9v\u00e9nements et promotions en ext\u00e9rieur.\",\"breadcrumb\":{\"@id\":\"https:\\\/\\\/www.amstelprinting.nl\\\/fr\\\/boutique\\\/salon-et-evenement\\\/enroulez-les-bannieres\\\/roll-up-banner-exterieur\\\/#breadcrumb\"},\"inLanguage\":\"fr-FR\",\"potentialAction\":[{\"@type\":\"ReadAction\",\"target\":[\"https:\\\/\\\/www.amstelprinting.nl\\\/fr\\\/boutique\\\/salon-et-evenement\\\/enroulez-les-bannieres\\\/roll-up-banner-exterieur\\\/\"]}]},{\"@type\":\"ImageObject\",\"inLanguage\":\"fr-FR\",\"@id\":\"https:\\\/\\\/www.amstelprinting.nl\\\/fr\\\/boutique\\\/salon-et-evenement\\\/enroulez-les-bannieres\\\/roll-up-banner-exterieur\\\/#primaryimage\",\"url\":\"https:\\\/\\\/www.amstelprinting.nl\\\/wp-content\\\/uploads\\\/outdoor-roll-up-banner-bedrukken.png\",\"contentUrl\":\"https:\\\/\\\/www.amstelprinting.nl\\\/wp-content\\\/uploads\\\/outdoor-roll-up-banner-bedrukken.png\",\"width\":700,\"height\":700},{\"@type\":\"BreadcrumbList\",\"@id\":\"https:\\\/\\\/www.amstelprinting.nl\\\/fr\\\/boutique\\\/salon-et-evenement\\\/enroulez-les-bannieres\\\/roll-up-banner-exterieur\\\/#breadcrumb\",\"itemListElement\":[{\"@type\":\"ListItem\",\"position\":1,\"name\":\"\",\"item\":\"https:\\\/\\\/www.amstelprinting.nl\\\/fr\\\/\"},{\"@type\":\"ListItem\",\"position\":2,\"name\":\"Amstel Printing\",\"item\":\"https:\\\/\\\/www.amstelprinting.nl\\\/fr\\\/boutique\\\/\"},{\"@type\":\"ListItem\",\"position\":3,\"name\":\"Salon et \u00e9v\u00e9nement\",\"item\":\"https:\\\/\\\/www.amstelprinting.nl\\\/fr\\\/categorie\\\/salon-et-evenement\\\/\"},{\"@type\":\"ListItem\",\"position\":4,\"name\":\"Enroulez les banni\u00e8res\",\"item\":\"https:\\\/\\\/www.amstelprinting.nl\\\/fr\\\/categorie\\\/salon-et-evenement\\\/enroulez-les-bannieres\\\/\"},{\"@type\":\"ListItem\",\"position\":5,\"name\":\"Roll-up banner ext\u00e9rieur\"}]},{\"@type\":\"WebSite\",\"@id\":\"https:\\\/\\\/www.amstelprinting.nl\\\/fr\\\/#website\",\"url\":\"https:\\\/\\\/www.amstelprinting.nl\\\/fr\\\/\",\"name\":\"Amstel Printing\",\"description\":\"Creating Exposure\",\"publisher\":{\"@id\":\"https:\\\/\\\/www.amstelprinting.nl\\\/fr\\\/#organization\"},\"potentialAction\":[{\"@type\":\"SearchAction\",\"target\":{\"@type\":\"EntryPoint\",\"urlTemplate\":\"https:\\\/\\\/www.amstelprinting.nl\\\/fr\\\/?s={search_term_string}\"},\"query-input\":{\"@type\":\"PropertyValueSpecification\",\"valueRequired\":true,\"valueName\":\"search_term_string\"}}],\"inLanguage\":\"fr-FR\"},{\"@type\":\"Organization\",\"@id\":\"https:\\\/\\\/www.amstelprinting.nl\\\/fr\\\/#organization\",\"name\":\"Amstel Printing\",\"url\":\"https:\\\/\\\/www.amstelprinting.nl\\\/fr\\\/\",\"logo\":{\"@type\":\"ImageObject\",\"inLanguage\":\"fr-FR\",\"@id\":\"https:\\\/\\\/www.amstelprinting.nl\\\/fr\\\/#\\\/schema\\\/logo\\\/image\\\/\",\"url\":\"https:\\\/\\\/www.amstelprinting.nl\\\/wp-content\\\/uploads\\\/amstel_printing_logo_clean.png\",\"contentUrl\":\"https:\\\/\\\/www.amstelprinting.nl\\\/wp-content\\\/uploads\\\/amstel_printing_logo_clean.png\",\"width\":324,\"height\":73,\"caption\":\"Amstel Printing\"},\"image\":{\"@id\":\"https:\\\/\\\/www.amstelprinting.nl\\\/fr\\\/#\\\/schema\\\/logo\\\/image\\\/\"}}]}<\/script>\n<!-- \/ Yoast SEO plugin. -->","yoast_head_json":{"title":"Roll-up banner ext\u00e9rieur robuste - Recto-verso et r\u00e9sistant au vent","description":"Commandez maintenant et recevez votre roll-up banner ext\u00e9rieur demain. Impression recto-verso, extra lourd et stable. Id\u00e9al pour les \u00e9v\u00e9nements et promotions en ext\u00e9rieur.","robots":{"index":"index","follow":"follow","max-snippet":"max-snippet:-1","max-image-preview":"max-image-preview:large","max-video-preview":"max-video-preview:-1"},"canonical":"https:\/\/www.amstelprinting.nl\/fr\/boutique\/salon-et-evenement\/enroulez-les-bannieres\/roll-up-banner-exterieur\/","og_locale":"fr_FR","og_type":"article","og_title":"Roll-up banner ext\u00e9rieur robuste - Recto-verso et r\u00e9sistant au vent","og_description":"Commandez maintenant et recevez votre roll-up banner ext\u00e9rieur demain. Impression recto-verso, extra lourd et stable. Id\u00e9al pour les \u00e9v\u00e9nements et promotions en ext\u00e9rieur.","og_url":"https:\/\/www.amstelprinting.nl\/fr\/boutique\/salon-et-evenement\/enroulez-les-bannieres\/roll-up-banner-exterieur\/","og_site_name":"Amstel Printing","article_modified_time":"2026-02-18T11:50:35+00:00","og_image":[{"width":700,"height":700,"url":"https:\/\/www.amstelprinting.nl\/wp-content\/uploads\/outdoor-roll-up-banner-bedrukken.png","type":"image\/png"}],"twitter_card":"summary_large_image","twitter_misc":{"Dur\u00e9e de lecture estim\u00e9e":"2 minutes"},"schema":{"@context":"https:\/\/schema.org","@graph":[{"@type":"WebPage","@id":"https:\/\/www.amstelprinting.nl\/fr\/boutique\/salon-et-evenement\/enroulez-les-bannieres\/roll-up-banner-exterieur\/","url":"https:\/\/www.amstelprinting.nl\/fr\/boutique\/salon-et-evenement\/enroulez-les-bannieres\/roll-up-banner-exterieur\/","name":"Roll-up banner ext\u00e9rieur robuste - Recto-verso et r\u00e9sistant au vent","isPartOf":{"@id":"https:\/\/www.amstelprinting.nl\/fr\/#website"},"primaryImageOfPage":{"@id":"https:\/\/www.amstelprinting.nl\/fr\/boutique\/salon-et-evenement\/enroulez-les-bannieres\/roll-up-banner-exterieur\/#primaryimage"},"image":{"@id":"https:\/\/www.amstelprinting.nl\/fr\/boutique\/salon-et-evenement\/enroulez-les-bannieres\/roll-up-banner-exterieur\/#primaryimage"},"thumbnailUrl":"https:\/\/www.amstelprinting.nl\/wp-content\/uploads\/outdoor-roll-up-banner-bedrukken.png","datePublished":"2025-02-02T11:36:34+00:00","dateModified":"2026-02-18T11:50:35+00:00","description":"Commandez maintenant et recevez votre roll-up banner ext\u00e9rieur demain. Impression recto-verso, extra lourd et stable. Id\u00e9al pour les \u00e9v\u00e9nements et promotions en ext\u00e9rieur.","breadcrumb":{"@id":"https:\/\/www.amstelprinting.nl\/fr\/boutique\/salon-et-evenement\/enroulez-les-bannieres\/roll-up-banner-exterieur\/#breadcrumb"},"inLanguage":"fr-FR","potentialAction":[{"@type":"ReadAction","target":["https:\/\/www.amstelprinting.nl\/fr\/boutique\/salon-et-evenement\/enroulez-les-bannieres\/roll-up-banner-exterieur\/"]}]},{"@type":"ImageObject","inLanguage":"fr-FR","@id":"https:\/\/www.amstelprinting.nl\/fr\/boutique\/salon-et-evenement\/enroulez-les-bannieres\/roll-up-banner-exterieur\/#primaryimage","url":"https:\/\/www.amstelprinting.nl\/wp-content\/uploads\/outdoor-roll-up-banner-bedrukken.png","contentUrl":"https:\/\/www.amstelprinting.nl\/wp-content\/uploads\/outdoor-roll-up-banner-bedrukken.png","width":700,"height":700},{"@type":"BreadcrumbList","@id":"https:\/\/www.amstelprinting.nl\/fr\/boutique\/salon-et-evenement\/enroulez-les-bannieres\/roll-up-banner-exterieur\/#breadcrumb","itemListElement":[{"@type":"ListItem","position":1,"name":"","item":"https:\/\/www.amstelprinting.nl\/fr\/"},{"@type":"ListItem","position":2,"name":"Amstel Printing","item":"https:\/\/www.amstelprinting.nl\/fr\/boutique\/"},{"@type":"ListItem","position":3,"name":"Salon et \u00e9v\u00e9nement","item":"https:\/\/www.amstelprinting.nl\/fr\/categorie\/salon-et-evenement\/"},{"@type":"ListItem","position":4,"name":"Enroulez les banni\u00e8res","item":"https:\/\/www.amstelprinting.nl\/fr\/categorie\/salon-et-evenement\/enroulez-les-bannieres\/"},{"@type":"ListItem","position":5,"name":"Roll-up banner ext\u00e9rieur"}]},{"@type":"WebSite","@id":"https:\/\/www.amstelprinting.nl\/fr\/#website","url":"https:\/\/www.amstelprinting.nl\/fr\/","name":"Amstel Printing","description":"Creating Exposure","publisher":{"@id":"https:\/\/www.amstelprinting.nl\/fr\/#organization"},"potentialAction":[{"@type":"SearchAction","target":{"@type":"EntryPoint","urlTemplate":"https:\/\/www.amstelprinting.nl\/fr\/?s={search_term_string}"},"query-input":{"@type":"PropertyValueSpecification","valueRequired":true,"valueName":"search_term_string"}}],"inLanguage":"fr-FR"},{"@type":"Organization","@id":"https:\/\/www.amstelprinting.nl\/fr\/#organization","name":"Amstel Printing","url":"https:\/\/www.amstelprinting.nl\/fr\/","logo":{"@type":"ImageObject","inLanguage":"fr-FR","@id":"https:\/\/www.amstelprinting.nl\/fr\/#\/schema\/logo\/image\/","url":"https:\/\/www.amstelprinting.nl\/wp-content\/uploads\/amstel_printing_logo_clean.png","contentUrl":"https:\/\/www.amstelprinting.nl\/wp-content\/uploads\/amstel_printing_logo_clean.png","width":324,"height":73,"caption":"Amstel Printing"},"image":{"@id":"https:\/\/www.amstelprinting.nl\/fr\/#\/schema\/logo\/image\/"}}]}},"_links":{"self":[{"href":"https:\/\/www.amstelprinting.nl\/fr\/wp-json\/wp\/v2\/product\/13562","targetHints":{"allow":["GET"]}}],"collection":[{"href":"https:\/\/www.amstelprinting.nl\/fr\/wp-json\/wp\/v2\/product"}],"about":[{"href":"https:\/\/www.amstelprinting.nl\/fr\/wp-json\/wp\/v2\/types\/product"}],"wp:featuredmedia":[{"embeddable":true,"href":"https:\/\/www.amstelprinting.nl\/fr\/wp-json\/wp\/v2\/media\/13563"}],"wp:attachment":[{"href":"https:\/\/www.amstelprinting.nl\/fr\/wp-json\/wp\/v2\/media?parent=13562"}],"wp:term":[{"taxonomy":"product_brand","embeddable":true,"href":"https:\/\/www.amstelprinting.nl\/fr\/wp-json\/wp\/v2\/product_brand?post=13562"},{"taxonomy":"product_cat","embeddable":true,"href":"https:\/\/www.amstelprinting.nl\/fr\/wp-json\/wp\/v2\/product_cat?post=13562"},{"taxonomy":"product_tag","embeddable":true,"href":"https:\/\/www.amstelprinting.nl\/fr\/wp-json\/wp\/v2\/product_tag?post=13562"}],"curies":[{"name":"wp","href":"https:\/\/api.w.org\/{rel}","templated":true}]}}