{"id":13573,"date":"2025-01-26T12:33:45","date_gmt":"2025-01-26T11:33:45","guid":{"rendered":"https:\/\/www.amstelprinting.nl\/winkel\/non%20class\u00e9\/stickers-op-vel\/"},"modified":"2026-02-18T12:50:36","modified_gmt":"2026-02-18T11:50:36","slug":"autocollants-sur-planche","status":"publish","type":"product","link":"https:\/\/www.amstelprinting.nl\/fr\/boutique\/autocollants-et-impression\/petits-autocollants\/autocollants-sur-planche\/","title":{"rendered":"Autocollants sur planche"},"content":{"rendered":"<h3>Pourquoi commander des autocollants sur planche ?<\/h3>\n<ul>\n<li>L&rsquo;autocollant est r\u00e9p\u00e9t\u00e9 sur une planche de 33,3 x 26,5 cm<\/li>\n<li>R\u00e9solution ultra-haute gr\u00e2ce \u00e0 la Durst Tau 330<\/li>\n<li>Choix entre 4 mat\u00e9riaux populaires et 2 adh\u00e9sifs<\/li>\n<li>Commandez \u00e0 partir de 1 pi\u00e8ce, sans frais de d\u00e9marrage gr\u00e2ce \u00e0 l&rsquo;impression num\u00e9rique<\/li>\n<li>Choisissez parmi 3 laminats pour une protection suppl\u00e9mentaire de votre impression<\/li>\n<\/ul>\n<p>&nbsp;<\/p>\n<h3>Mat\u00e9riaux<\/h3>\n<ul>\n<li><strong>Film blanc (PP) &#8211; Permanent<\/strong> : Ce film blanc sans PVC convient aux applications int\u00e9rieures et ext\u00e9rieures et offre une adh\u00e9rence durable.<\/li>\n<li><strong>Papier<\/strong> : Disponible en mat ou brillant avec une couche adh\u00e9sive permanente. Ce papier autocollant certifi\u00e9 FSC est id\u00e9al pour des applications durables.<\/li>\n<li><strong>Film transparent &#8211; Permanent<\/strong> : Un film transparent sans PVC adapt\u00e9 aux applications int\u00e9rieures et ext\u00e9rieures. Vous pouvez choisir une impression normale ou en miroir.<\/li>\n<\/ul>\n<p>&nbsp;<\/p>\n<h3>Finition<\/h3>\n<p>Pour le film transparent, vous pouvez choisir une couche de couleur (quadri) ou une couche de couleur avec une couche de blanc pour plus de clart\u00e9. Prot\u00e9gez vos autocollants avec un laminat optionnel brillant, anti-UV ou mat, disponible pour les films blancs et transparents. De plus, les autocollants sont disponibles en formes carr\u00e9es, rectangulaires ou rondes, et vous pouvez \u00e9galement choisir des contours personnalis\u00e9s ou plusieurs contours sur la m\u00eame planche.<\/p>\n<p>Let op : Il peut arriver que votre produit pr\u00e9sente un l\u00e9ger d\u00e9calage allant jusqu&rsquo;\u00e0 1,5 mm par rapport au centre du fichier. Vous pouvez minimiser cet effet en \u00e9vitant de placer des cadres inutilement fins autour de votre fichier.<\/p>\n<h3>Questions fr\u00e9quemment pos\u00e9es<\/h3>\n<p><strong>Quelle est la diff\u00e9rence entre les planches d&rsquo;autocollants et les autocollants sur planche ?<\/strong><br \/>\nLes autocollants sur planche sont livr\u00e9s par d\u00e9faut sur des planches de 30 x 26 cm. Pour les planches d&rsquo;autocollants, vous avez la flexibilit\u00e9 de d\u00e9terminer vous-m\u00eame le format de votre planche.<\/p>\n","protected":false},"excerpt":{"rendered":"<h3>Autocollants sur une planche de format fixe de 33,3 x 26,5 cm<\/h3>\n<p>Laissez libre cours \u00e0 votre cr\u00e9ativit\u00e9 avec nos autocollants sur planche. Gr\u00e2ce \u00e0 nos options flexibles, vous pouvez personnaliser vos autocollants en choisissant parmi divers mat\u00e9riaux et finitions. Nous d\u00e9terminons pour vous la disposition la plus avantageuse sur la planche, afin que vous tiriez toujours le meilleur parti de votre planche d&rsquo;autocollants. De plus, nous livrons vos autocollants sur planche d\u00e8s un exemplaire, ce qui est id\u00e9al pour les petits tirages et les \u00e9preuves.<\/p>\n","protected":false},"featured_media":13575,"template":"","meta":{"_et_pb_use_builder":"","_et_pb_old_content":"","_et_gb_content_width":""},"product_brand":[],"product_cat":[312,651,635],"product_tag":[],"class_list":{"0":"post-13573","1":"product","2":"type-product","3":"status-publish","4":"has-post-thumbnail","6":"product_cat-autocollants-et-impression","7":"product_cat-feuilles-dautocollants","8":"product_cat-petits-autocollants","10":"first","11":"instock","12":"taxable","13":"shipping-taxable","14":"purchasable","15":"product-type-simple"},"yoast_head":"<!-- This site is optimized with the Yoast SEO plugin v27.3 - https:\/\/yoast.com\/product\/yoast-seo-wordpress\/ -->\n<title>Commander des autocollants sur planche - Durable, pr\u00e9cis et \u00e0 partir de 1 pi\u00e8ce<\/title>\n<meta name=\"description\" content=\"Commandez des autocollants professionnels sur planche avec des impressions nettes et des formes flexibles. Id\u00e9al pour les petits tirages et les prototypes.\" \/>\n<meta name=\"robots\" content=\"index, follow, max-snippet:-1, max-image-preview:large, max-video-preview:-1\" \/>\n<link rel=\"canonical\" href=\"https:\/\/www.amstelprinting.nl\/fr\/boutique\/autocollants-et-impression\/petits-autocollants\/autocollants-sur-planche\/\" \/>\n<meta property=\"og:locale\" content=\"fr_FR\" \/>\n<meta property=\"og:type\" content=\"article\" \/>\n<meta property=\"og:title\" content=\"Commander des autocollants sur planche - Durable, pr\u00e9cis et \u00e0 partir de 1 pi\u00e8ce\" \/>\n<meta property=\"og:description\" content=\"Commandez des autocollants professionnels sur planche avec des impressions nettes et des formes flexibles. Id\u00e9al pour les petits tirages et les prototypes.\" \/>\n<meta property=\"og:url\" content=\"https:\/\/www.amstelprinting.nl\/fr\/boutique\/autocollants-et-impression\/petits-autocollants\/autocollants-sur-planche\/\" \/>\n<meta property=\"og:site_name\" content=\"Amstel Printing\" \/>\n<meta property=\"article:modified_time\" content=\"2026-02-18T11:50:36+00:00\" \/>\n<meta property=\"og:image\" content=\"https:\/\/www.amstelprinting.nl\/wp-content\/uploads\/Stickers-op-vel.jpg\" \/>\n\t<meta property=\"og:image:width\" content=\"700\" \/>\n\t<meta property=\"og:image:height\" content=\"700\" \/>\n\t<meta property=\"og:image:type\" content=\"image\/jpeg\" \/>\n<meta name=\"twitter:card\" content=\"summary_large_image\" \/>\n<meta name=\"twitter:label1\" content=\"Dur\u00e9e de lecture estim\u00e9e\" \/>\n\t<meta name=\"twitter:data1\" content=\"2 minutes\" \/>\n<script type=\"application\/ld+json\" class=\"yoast-schema-graph\">{\"@context\":\"https:\\\/\\\/schema.org\",\"@graph\":[{\"@type\":\"WebPage\",\"@id\":\"https:\\\/\\\/www.amstelprinting.nl\\\/fr\\\/boutique\\\/autocollants-et-impression\\\/petits-autocollants\\\/autocollants-sur-planche\\\/\",\"url\":\"https:\\\/\\\/www.amstelprinting.nl\\\/fr\\\/boutique\\\/autocollants-et-impression\\\/petits-autocollants\\\/autocollants-sur-planche\\\/\",\"name\":\"Commander des autocollants sur planche - Durable, pr\u00e9cis et \u00e0 partir de 1 pi\u00e8ce\",\"isPartOf\":{\"@id\":\"https:\\\/\\\/www.amstelprinting.nl\\\/fr\\\/#website\"},\"primaryImageOfPage\":{\"@id\":\"https:\\\/\\\/www.amstelprinting.nl\\\/fr\\\/boutique\\\/autocollants-et-impression\\\/petits-autocollants\\\/autocollants-sur-planche\\\/#primaryimage\"},\"image\":{\"@id\":\"https:\\\/\\\/www.amstelprinting.nl\\\/fr\\\/boutique\\\/autocollants-et-impression\\\/petits-autocollants\\\/autocollants-sur-planche\\\/#primaryimage\"},\"thumbnailUrl\":\"https:\\\/\\\/www.amstelprinting.nl\\\/wp-content\\\/uploads\\\/Stickers-op-vel.jpg\",\"datePublished\":\"2025-01-26T11:33:45+00:00\",\"dateModified\":\"2026-02-18T11:50:36+00:00\",\"description\":\"Commandez des autocollants professionnels sur planche avec des impressions nettes et des formes flexibles. Id\u00e9al pour les petits tirages et les prototypes.\",\"breadcrumb\":{\"@id\":\"https:\\\/\\\/www.amstelprinting.nl\\\/fr\\\/boutique\\\/autocollants-et-impression\\\/petits-autocollants\\\/autocollants-sur-planche\\\/#breadcrumb\"},\"inLanguage\":\"fr-FR\",\"potentialAction\":[{\"@type\":\"ReadAction\",\"target\":[\"https:\\\/\\\/www.amstelprinting.nl\\\/fr\\\/boutique\\\/autocollants-et-impression\\\/petits-autocollants\\\/autocollants-sur-planche\\\/\"]}]},{\"@type\":\"ImageObject\",\"inLanguage\":\"fr-FR\",\"@id\":\"https:\\\/\\\/www.amstelprinting.nl\\\/fr\\\/boutique\\\/autocollants-et-impression\\\/petits-autocollants\\\/autocollants-sur-planche\\\/#primaryimage\",\"url\":\"https:\\\/\\\/www.amstelprinting.nl\\\/wp-content\\\/uploads\\\/Stickers-op-vel.jpg\",\"contentUrl\":\"https:\\\/\\\/www.amstelprinting.nl\\\/wp-content\\\/uploads\\\/Stickers-op-vel.jpg\",\"width\":700,\"height\":700},{\"@type\":\"BreadcrumbList\",\"@id\":\"https:\\\/\\\/www.amstelprinting.nl\\\/fr\\\/boutique\\\/autocollants-et-impression\\\/petits-autocollants\\\/autocollants-sur-planche\\\/#breadcrumb\",\"itemListElement\":[{\"@type\":\"ListItem\",\"position\":1,\"name\":\"\",\"item\":\"https:\\\/\\\/www.amstelprinting.nl\\\/fr\\\/\"},{\"@type\":\"ListItem\",\"position\":2,\"name\":\"Amstel Printing\",\"item\":\"https:\\\/\\\/www.amstelprinting.nl\\\/fr\\\/boutique\\\/\"},{\"@type\":\"ListItem\",\"position\":3,\"name\":\"Autocollants et impression\",\"item\":\"https:\\\/\\\/www.amstelprinting.nl\\\/fr\\\/categorie\\\/autocollants-et-impression\\\/\"},{\"@type\":\"ListItem\",\"position\":4,\"name\":\"Petits autocollants\",\"item\":\"https:\\\/\\\/www.amstelprinting.nl\\\/fr\\\/categorie\\\/autocollants-et-impression\\\/petits-autocollants\\\/\"},{\"@type\":\"ListItem\",\"position\":5,\"name\":\"Autocollants sur planche\"}]},{\"@type\":\"WebSite\",\"@id\":\"https:\\\/\\\/www.amstelprinting.nl\\\/fr\\\/#website\",\"url\":\"https:\\\/\\\/www.amstelprinting.nl\\\/fr\\\/\",\"name\":\"Amstel Printing\",\"description\":\"Creating Exposure\",\"publisher\":{\"@id\":\"https:\\\/\\\/www.amstelprinting.nl\\\/fr\\\/#organization\"},\"potentialAction\":[{\"@type\":\"SearchAction\",\"target\":{\"@type\":\"EntryPoint\",\"urlTemplate\":\"https:\\\/\\\/www.amstelprinting.nl\\\/fr\\\/?s={search_term_string}\"},\"query-input\":{\"@type\":\"PropertyValueSpecification\",\"valueRequired\":true,\"valueName\":\"search_term_string\"}}],\"inLanguage\":\"fr-FR\"},{\"@type\":\"Organization\",\"@id\":\"https:\\\/\\\/www.amstelprinting.nl\\\/fr\\\/#organization\",\"name\":\"Amstel Printing\",\"url\":\"https:\\\/\\\/www.amstelprinting.nl\\\/fr\\\/\",\"logo\":{\"@type\":\"ImageObject\",\"inLanguage\":\"fr-FR\",\"@id\":\"https:\\\/\\\/www.amstelprinting.nl\\\/fr\\\/#\\\/schema\\\/logo\\\/image\\\/\",\"url\":\"https:\\\/\\\/www.amstelprinting.nl\\\/wp-content\\\/uploads\\\/amstel_printing_logo_clean.png\",\"contentUrl\":\"https:\\\/\\\/www.amstelprinting.nl\\\/wp-content\\\/uploads\\\/amstel_printing_logo_clean.png\",\"width\":324,\"height\":73,\"caption\":\"Amstel Printing\"},\"image\":{\"@id\":\"https:\\\/\\\/www.amstelprinting.nl\\\/fr\\\/#\\\/schema\\\/logo\\\/image\\\/\"}}]}<\/script>\n<!-- \/ Yoast SEO plugin. -->","yoast_head_json":{"title":"Commander des autocollants sur planche - Durable, pr\u00e9cis et \u00e0 partir de 1 pi\u00e8ce","description":"Commandez des autocollants professionnels sur planche avec des impressions nettes et des formes flexibles. Id\u00e9al pour les petits tirages et les prototypes.","robots":{"index":"index","follow":"follow","max-snippet":"max-snippet:-1","max-image-preview":"max-image-preview:large","max-video-preview":"max-video-preview:-1"},"canonical":"https:\/\/www.amstelprinting.nl\/fr\/boutique\/autocollants-et-impression\/petits-autocollants\/autocollants-sur-planche\/","og_locale":"fr_FR","og_type":"article","og_title":"Commander des autocollants sur planche - Durable, pr\u00e9cis et \u00e0 partir de 1 pi\u00e8ce","og_description":"Commandez des autocollants professionnels sur planche avec des impressions nettes et des formes flexibles. Id\u00e9al pour les petits tirages et les prototypes.","og_url":"https:\/\/www.amstelprinting.nl\/fr\/boutique\/autocollants-et-impression\/petits-autocollants\/autocollants-sur-planche\/","og_site_name":"Amstel Printing","article_modified_time":"2026-02-18T11:50:36+00:00","og_image":[{"width":700,"height":700,"url":"https:\/\/www.amstelprinting.nl\/wp-content\/uploads\/Stickers-op-vel.jpg","type":"image\/jpeg"}],"twitter_card":"summary_large_image","twitter_misc":{"Dur\u00e9e de lecture estim\u00e9e":"2 minutes"},"schema":{"@context":"https:\/\/schema.org","@graph":[{"@type":"WebPage","@id":"https:\/\/www.amstelprinting.nl\/fr\/boutique\/autocollants-et-impression\/petits-autocollants\/autocollants-sur-planche\/","url":"https:\/\/www.amstelprinting.nl\/fr\/boutique\/autocollants-et-impression\/petits-autocollants\/autocollants-sur-planche\/","name":"Commander des autocollants sur planche - Durable, pr\u00e9cis et \u00e0 partir de 1 pi\u00e8ce","isPartOf":{"@id":"https:\/\/www.amstelprinting.nl\/fr\/#website"},"primaryImageOfPage":{"@id":"https:\/\/www.amstelprinting.nl\/fr\/boutique\/autocollants-et-impression\/petits-autocollants\/autocollants-sur-planche\/#primaryimage"},"image":{"@id":"https:\/\/www.amstelprinting.nl\/fr\/boutique\/autocollants-et-impression\/petits-autocollants\/autocollants-sur-planche\/#primaryimage"},"thumbnailUrl":"https:\/\/www.amstelprinting.nl\/wp-content\/uploads\/Stickers-op-vel.jpg","datePublished":"2025-01-26T11:33:45+00:00","dateModified":"2026-02-18T11:50:36+00:00","description":"Commandez des autocollants professionnels sur planche avec des impressions nettes et des formes flexibles. Id\u00e9al pour les petits tirages et les prototypes.","breadcrumb":{"@id":"https:\/\/www.amstelprinting.nl\/fr\/boutique\/autocollants-et-impression\/petits-autocollants\/autocollants-sur-planche\/#breadcrumb"},"inLanguage":"fr-FR","potentialAction":[{"@type":"ReadAction","target":["https:\/\/www.amstelprinting.nl\/fr\/boutique\/autocollants-et-impression\/petits-autocollants\/autocollants-sur-planche\/"]}]},{"@type":"ImageObject","inLanguage":"fr-FR","@id":"https:\/\/www.amstelprinting.nl\/fr\/boutique\/autocollants-et-impression\/petits-autocollants\/autocollants-sur-planche\/#primaryimage","url":"https:\/\/www.amstelprinting.nl\/wp-content\/uploads\/Stickers-op-vel.jpg","contentUrl":"https:\/\/www.amstelprinting.nl\/wp-content\/uploads\/Stickers-op-vel.jpg","width":700,"height":700},{"@type":"BreadcrumbList","@id":"https:\/\/www.amstelprinting.nl\/fr\/boutique\/autocollants-et-impression\/petits-autocollants\/autocollants-sur-planche\/#breadcrumb","itemListElement":[{"@type":"ListItem","position":1,"name":"","item":"https:\/\/www.amstelprinting.nl\/fr\/"},{"@type":"ListItem","position":2,"name":"Amstel Printing","item":"https:\/\/www.amstelprinting.nl\/fr\/boutique\/"},{"@type":"ListItem","position":3,"name":"Autocollants et impression","item":"https:\/\/www.amstelprinting.nl\/fr\/categorie\/autocollants-et-impression\/"},{"@type":"ListItem","position":4,"name":"Petits autocollants","item":"https:\/\/www.amstelprinting.nl\/fr\/categorie\/autocollants-et-impression\/petits-autocollants\/"},{"@type":"ListItem","position":5,"name":"Autocollants sur planche"}]},{"@type":"WebSite","@id":"https:\/\/www.amstelprinting.nl\/fr\/#website","url":"https:\/\/www.amstelprinting.nl\/fr\/","name":"Amstel Printing","description":"Creating Exposure","publisher":{"@id":"https:\/\/www.amstelprinting.nl\/fr\/#organization"},"potentialAction":[{"@type":"SearchAction","target":{"@type":"EntryPoint","urlTemplate":"https:\/\/www.amstelprinting.nl\/fr\/?s={search_term_string}"},"query-input":{"@type":"PropertyValueSpecification","valueRequired":true,"valueName":"search_term_string"}}],"inLanguage":"fr-FR"},{"@type":"Organization","@id":"https:\/\/www.amstelprinting.nl\/fr\/#organization","name":"Amstel Printing","url":"https:\/\/www.amstelprinting.nl\/fr\/","logo":{"@type":"ImageObject","inLanguage":"fr-FR","@id":"https:\/\/www.amstelprinting.nl\/fr\/#\/schema\/logo\/image\/","url":"https:\/\/www.amstelprinting.nl\/wp-content\/uploads\/amstel_printing_logo_clean.png","contentUrl":"https:\/\/www.amstelprinting.nl\/wp-content\/uploads\/amstel_printing_logo_clean.png","width":324,"height":73,"caption":"Amstel Printing"},"image":{"@id":"https:\/\/www.amstelprinting.nl\/fr\/#\/schema\/logo\/image\/"}}]}},"_links":{"self":[{"href":"https:\/\/www.amstelprinting.nl\/fr\/wp-json\/wp\/v2\/product\/13573","targetHints":{"allow":["GET"]}}],"collection":[{"href":"https:\/\/www.amstelprinting.nl\/fr\/wp-json\/wp\/v2\/product"}],"about":[{"href":"https:\/\/www.amstelprinting.nl\/fr\/wp-json\/wp\/v2\/types\/product"}],"wp:featuredmedia":[{"embeddable":true,"href":"https:\/\/www.amstelprinting.nl\/fr\/wp-json\/wp\/v2\/media\/13575"}],"wp:attachment":[{"href":"https:\/\/www.amstelprinting.nl\/fr\/wp-json\/wp\/v2\/media?parent=13573"}],"wp:term":[{"taxonomy":"product_brand","embeddable":true,"href":"https:\/\/www.amstelprinting.nl\/fr\/wp-json\/wp\/v2\/product_brand?post=13573"},{"taxonomy":"product_cat","embeddable":true,"href":"https:\/\/www.amstelprinting.nl\/fr\/wp-json\/wp\/v2\/product_cat?post=13573"},{"taxonomy":"product_tag","embeddable":true,"href":"https:\/\/www.amstelprinting.nl\/fr\/wp-json\/wp\/v2\/product_tag?post=13573"}],"curies":[{"name":"wp","href":"https:\/\/api.w.org\/{rel}","templated":true}]}}