{"id":13588,"date":"2025-01-24T14:03:33","date_gmt":"2025-01-24T13:03:33","guid":{"rendered":"https:\/\/www.amstelprinting.nl\/winkel\/non%20class\u00e9\/acousticpro-bureauscherm\/"},"modified":"2026-02-18T12:50:37","modified_gmt":"2026-02-18T11:50:37","slug":"ecran-de-bureau-acousticpro","status":"publish","type":"product","link":"https:\/\/www.amstelprinting.nl\/fr\/boutique\/interieur-2\/bureau\/ecran-de-bureau-acousticpro\/","title":{"rendered":"\u00c9cran de bureau AcousticPro\u00ae"},"content":{"rendered":"<h3>Pourquoi l&rsquo;\u00e9cran de bureau AcousticPro\u00ae ?<\/h3>\n<ul>\n<li>Diviseurs de bureau AcousticPro\u00ae personnalis\u00e9s des deux c\u00f4t\u00e9s<\/li>\n<li>Efficace pour l&rsquo;isolation et l&rsquo;absorption acoustique<\/li>\n<li>Livr\u00e9 avec un cadre enti\u00e8rement assembl\u00e9<\/li>\n<\/ul>\n<p>&nbsp;<\/p>\n<h3>\u00c9cran de bureau AcousticPro\u00ae<\/h3>\n<p>Les diviseurs de bureau AcousticPro\u00ae cr\u00e9ent l&rsquo;espace de travail id\u00e9al. Ces \u00e9crans de bureau acoustiques r\u00e9duisent la r\u00e9verb\u00e9ration dans les pi\u00e8ces, ce qui apporte une valeur ajout\u00e9e consid\u00e9rable, en particulier dans les bureaux en open space. L\u00e0 o\u00f9 le son rebondit normalement entre les postes de travail, les \u00e9crans de bureau att\u00e9nuent le bruit et favorisent ainsi la concentration et la productivit\u00e9 des employ\u00e9s.<\/p>\n<h3>Int\u00e9rieur personnalis\u00e9 et fonctionnel<\/h3>\n<p>Une acoustique agr\u00e9able joue un r\u00f4le important dans la productivit\u00e9 au bureau. Le son est att\u00e9nu\u00e9 dans l&rsquo;espace prot\u00e9g\u00e9, ce qui garantit un environnement de travail calme. Gr\u00e2ce \u00e0 la possibilit\u00e9 de personnaliser les \u00e9crans de bureau des deux c\u00f4t\u00e9s, les architectes d&rsquo;int\u00e9rieur peuvent laisser libre cours \u00e0 leur cr\u00e9ativit\u00e9 et cr\u00e9er une atmosph\u00e8re unique.<\/p>\n<h3>Absorption acoustique de haute qualit\u00e9<\/h3>\n<p>Le mat\u00e9riau acoustique est compos\u00e9 \u00e0 90 % de fibres de coton recycl\u00e9es, provenant principalement de jeans. Ces fibres longues absorbent efficacement les ondes sonores, r\u00e9duisant ainsi la r\u00e9verb\u00e9ration. Gr\u00e2ce \u00e0 sa structure et \u00e0 sa combinaison de mat\u00e9riaux, l&rsquo;\u00e9cran a une valeur \u03b1 de 0,7 dans la gamme de fr\u00e9quences vocales (500-1000 Hz).<\/p>\n<h3>Cadre enti\u00e8rement assembl\u00e9<\/h3>\n<p>La cloison de bureau AcousticPro\u00ae est livr\u00e9e avec un cadre en aluminium thermolaqu\u00e9 noir ou blanc, dot\u00e9 de protections d&rsquo;angle. Le rev\u00eatement assure une durabilit\u00e9 accrue. Les impressions sont coll\u00e9es de mani\u00e8re permanente et l&rsquo;ensemble est livr\u00e9 avec des pieds ou des pinces de bureau faciles \u00e0 monter. Les connecteurs pour l&rsquo;assemblage peuvent \u00eatre command\u00e9s s\u00e9par\u00e9ment.<\/p>\n<h3>Demander un \u00e9chantillon<\/h3>\n<p>Testez et d\u00e9couvrez le mat\u00e9riau par vous-m\u00eame ! Concevez vos propres \u00e9chantillons AcousticPro\u00ae avec un logo d&rsquo;entreprise ou utilisez nos mod\u00e8les pratiques. Votre \u00e9chantillon sera livr\u00e9 avec un cadre noir, id\u00e9al pour vos pr\u00e9sentations de vente.<\/p>\n","protected":false},"excerpt":{"rendered":"<h3>Diviseur de bureau : Pratique et insonorisant pour les postes de travail.<\/h3>\n<p>Les \u00e9crans de bureau AcousticPro\u00ae offrent une solution intelligente et \u00e9l\u00e9gante pour am\u00e9liorer l&rsquo;acoustique dans les bureaux en open space et autres espaces de travail. Ces diviseurs de bureau assurent l&rsquo;isolation et l&rsquo;absorption acoustique. Ainsi, le poste de travail devient plus calme et la productivit\u00e9 augmente. Fabriqu\u00e9 \u00e0 partir de 90 % de coton recycl\u00e9. Les \u00e9crans de bureau peuvent \u00eatre enti\u00e8rement personnalis\u00e9s. Choisissez une finition brillante ou mate. Ces magnifiques diviseurs de bureau sont livr\u00e9s enti\u00e8rement assembl\u00e9s (avec un cadre en aluminium thermolaqu\u00e9).<\/p>\n","protected":false},"featured_media":13590,"template":"","meta":{"_et_pb_use_builder":"","_et_pb_old_content":"","_et_gb_content_width":""},"product_brand":[],"product_cat":[629,542],"product_tag":[],"class_list":{"0":"post-13588","1":"product","2":"type-product","3":"status-publish","4":"has-post-thumbnail","6":"product_cat-bureau","7":"product_cat-interieur-2","9":"first","10":"instock","11":"taxable","12":"shipping-taxable","13":"purchasable","14":"product-type-simple"},"yoast_head":"<!-- This site is optimized with the Yoast SEO plugin v27.3 - https:\/\/yoast.com\/product\/yoast-seo-wordpress\/ -->\n<title>\u00c9cran de bureau AcousticPro\u00ae | Amstel Printing<\/title>\n<meta name=\"robots\" content=\"index, follow, max-snippet:-1, max-image-preview:large, max-video-preview:-1\" \/>\n<link rel=\"canonical\" href=\"https:\/\/www.amstelprinting.nl\/fr\/boutique\/interieur-2\/bureau\/ecran-de-bureau-acousticpro\/\" \/>\n<meta property=\"og:locale\" content=\"fr_FR\" \/>\n<meta property=\"og:type\" content=\"article\" \/>\n<meta property=\"og:title\" content=\"\u00c9cran de bureau AcousticPro\u00ae | Amstel Printing\" \/>\n<meta property=\"og:description\" content=\"Diviseur de bureau : Pratique et insonorisant pour les postes de travail. Les \u00e9crans de bureau AcousticPro\u00ae offrent une solution intelligente et \u00e9l\u00e9gante pour am\u00e9liorer l&#039;acoustique dans les bureaux en open space et autres espaces de travail. Ces diviseurs de bureau assurent l&#039;isolation et l&#039;absorption acoustique. Ainsi, le poste de travail devient plus calme et la productivit\u00e9 augmente. Fabriqu\u00e9 \u00e0 partir de 90 % de coton recycl\u00e9. Les \u00e9crans de bureau peuvent \u00eatre enti\u00e8rement personnalis\u00e9s. Choisissez une finition brillante ou mate. Ces magnifiques diviseurs de bureau sont livr\u00e9s enti\u00e8rement assembl\u00e9s (avec un cadre en aluminium thermolaqu\u00e9).\" \/>\n<meta property=\"og:url\" content=\"https:\/\/www.amstelprinting.nl\/fr\/boutique\/interieur-2\/bureau\/ecran-de-bureau-acousticpro\/\" \/>\n<meta property=\"og:site_name\" content=\"Amstel Printing\" \/>\n<meta property=\"article:modified_time\" content=\"2026-02-18T11:50:37+00:00\" \/>\n<meta property=\"og:image\" content=\"https:\/\/www.amstelprinting.nl\/wp-content\/uploads\/AcousticPro\u00ae-bureauscherm.jpg\" \/>\n\t<meta property=\"og:image:width\" content=\"700\" \/>\n\t<meta property=\"og:image:height\" content=\"700\" \/>\n\t<meta property=\"og:image:type\" content=\"image\/jpeg\" \/>\n<meta name=\"twitter:card\" content=\"summary_large_image\" \/>\n<meta name=\"twitter:label1\" content=\"Dur\u00e9e de lecture estim\u00e9e\" \/>\n\t<meta name=\"twitter:data1\" content=\"2 minutes\" \/>\n<script type=\"application\/ld+json\" class=\"yoast-schema-graph\">{\"@context\":\"https:\\\/\\\/schema.org\",\"@graph\":[{\"@type\":\"WebPage\",\"@id\":\"https:\\\/\\\/www.amstelprinting.nl\\\/fr\\\/boutique\\\/interieur-2\\\/bureau\\\/ecran-de-bureau-acousticpro\\\/\",\"url\":\"https:\\\/\\\/www.amstelprinting.nl\\\/fr\\\/boutique\\\/interieur-2\\\/bureau\\\/ecran-de-bureau-acousticpro\\\/\",\"name\":\"\u00c9cran de bureau AcousticPro\u00ae | Amstel Printing\",\"isPartOf\":{\"@id\":\"https:\\\/\\\/www.amstelprinting.nl\\\/fr\\\/#website\"},\"primaryImageOfPage\":{\"@id\":\"https:\\\/\\\/www.amstelprinting.nl\\\/fr\\\/boutique\\\/interieur-2\\\/bureau\\\/ecran-de-bureau-acousticpro\\\/#primaryimage\"},\"image\":{\"@id\":\"https:\\\/\\\/www.amstelprinting.nl\\\/fr\\\/boutique\\\/interieur-2\\\/bureau\\\/ecran-de-bureau-acousticpro\\\/#primaryimage\"},\"thumbnailUrl\":\"https:\\\/\\\/www.amstelprinting.nl\\\/wp-content\\\/uploads\\\/AcousticPro\u00ae-bureauscherm.jpg\",\"datePublished\":\"2025-01-24T13:03:33+00:00\",\"dateModified\":\"2026-02-18T11:50:37+00:00\",\"breadcrumb\":{\"@id\":\"https:\\\/\\\/www.amstelprinting.nl\\\/fr\\\/boutique\\\/interieur-2\\\/bureau\\\/ecran-de-bureau-acousticpro\\\/#breadcrumb\"},\"inLanguage\":\"fr-FR\",\"potentialAction\":[{\"@type\":\"ReadAction\",\"target\":[\"https:\\\/\\\/www.amstelprinting.nl\\\/fr\\\/boutique\\\/interieur-2\\\/bureau\\\/ecran-de-bureau-acousticpro\\\/\"]}]},{\"@type\":\"ImageObject\",\"inLanguage\":\"fr-FR\",\"@id\":\"https:\\\/\\\/www.amstelprinting.nl\\\/fr\\\/boutique\\\/interieur-2\\\/bureau\\\/ecran-de-bureau-acousticpro\\\/#primaryimage\",\"url\":\"https:\\\/\\\/www.amstelprinting.nl\\\/wp-content\\\/uploads\\\/AcousticPro\u00ae-bureauscherm.jpg\",\"contentUrl\":\"https:\\\/\\\/www.amstelprinting.nl\\\/wp-content\\\/uploads\\\/AcousticPro\u00ae-bureauscherm.jpg\",\"width\":700,\"height\":700},{\"@type\":\"BreadcrumbList\",\"@id\":\"https:\\\/\\\/www.amstelprinting.nl\\\/fr\\\/boutique\\\/interieur-2\\\/bureau\\\/ecran-de-bureau-acousticpro\\\/#breadcrumb\",\"itemListElement\":[{\"@type\":\"ListItem\",\"position\":1,\"name\":\"\",\"item\":\"https:\\\/\\\/www.amstelprinting.nl\\\/fr\\\/\"},{\"@type\":\"ListItem\",\"position\":2,\"name\":\"Amstel Printing\",\"item\":\"https:\\\/\\\/www.amstelprinting.nl\\\/fr\\\/boutique\\\/\"},{\"@type\":\"ListItem\",\"position\":3,\"name\":\"Int\u00e9rieur\",\"item\":\"https:\\\/\\\/www.amstelprinting.nl\\\/fr\\\/categorie\\\/interieur-2\\\/\"},{\"@type\":\"ListItem\",\"position\":4,\"name\":\"Bureau\",\"item\":\"https:\\\/\\\/www.amstelprinting.nl\\\/fr\\\/categorie\\\/interieur-2\\\/bureau\\\/\"},{\"@type\":\"ListItem\",\"position\":5,\"name\":\"\u00c9cran de bureau AcousticPro\u00ae\"}]},{\"@type\":\"WebSite\",\"@id\":\"https:\\\/\\\/www.amstelprinting.nl\\\/fr\\\/#website\",\"url\":\"https:\\\/\\\/www.amstelprinting.nl\\\/fr\\\/\",\"name\":\"Amstel Printing\",\"description\":\"Creating Exposure\",\"publisher\":{\"@id\":\"https:\\\/\\\/www.amstelprinting.nl\\\/fr\\\/#organization\"},\"potentialAction\":[{\"@type\":\"SearchAction\",\"target\":{\"@type\":\"EntryPoint\",\"urlTemplate\":\"https:\\\/\\\/www.amstelprinting.nl\\\/fr\\\/?s={search_term_string}\"},\"query-input\":{\"@type\":\"PropertyValueSpecification\",\"valueRequired\":true,\"valueName\":\"search_term_string\"}}],\"inLanguage\":\"fr-FR\"},{\"@type\":\"Organization\",\"@id\":\"https:\\\/\\\/www.amstelprinting.nl\\\/fr\\\/#organization\",\"name\":\"Amstel Printing\",\"url\":\"https:\\\/\\\/www.amstelprinting.nl\\\/fr\\\/\",\"logo\":{\"@type\":\"ImageObject\",\"inLanguage\":\"fr-FR\",\"@id\":\"https:\\\/\\\/www.amstelprinting.nl\\\/fr\\\/#\\\/schema\\\/logo\\\/image\\\/\",\"url\":\"https:\\\/\\\/www.amstelprinting.nl\\\/wp-content\\\/uploads\\\/amstel_printing_logo_clean.png\",\"contentUrl\":\"https:\\\/\\\/www.amstelprinting.nl\\\/wp-content\\\/uploads\\\/amstel_printing_logo_clean.png\",\"width\":324,\"height\":73,\"caption\":\"Amstel Printing\"},\"image\":{\"@id\":\"https:\\\/\\\/www.amstelprinting.nl\\\/fr\\\/#\\\/schema\\\/logo\\\/image\\\/\"}}]}<\/script>\n<!-- \/ Yoast SEO plugin. -->","yoast_head_json":{"title":"\u00c9cran de bureau AcousticPro\u00ae | Amstel Printing","robots":{"index":"index","follow":"follow","max-snippet":"max-snippet:-1","max-image-preview":"max-image-preview:large","max-video-preview":"max-video-preview:-1"},"canonical":"https:\/\/www.amstelprinting.nl\/fr\/boutique\/interieur-2\/bureau\/ecran-de-bureau-acousticpro\/","og_locale":"fr_FR","og_type":"article","og_title":"\u00c9cran de bureau AcousticPro\u00ae | Amstel Printing","og_description":"Diviseur de bureau : Pratique et insonorisant pour les postes de travail. Les \u00e9crans de bureau AcousticPro\u00ae offrent une solution intelligente et \u00e9l\u00e9gante pour am\u00e9liorer l'acoustique dans les bureaux en open space et autres espaces de travail. Ces diviseurs de bureau assurent l'isolation et l'absorption acoustique. Ainsi, le poste de travail devient plus calme et la productivit\u00e9 augmente. Fabriqu\u00e9 \u00e0 partir de 90 % de coton recycl\u00e9. Les \u00e9crans de bureau peuvent \u00eatre enti\u00e8rement personnalis\u00e9s. Choisissez une finition brillante ou mate. Ces magnifiques diviseurs de bureau sont livr\u00e9s enti\u00e8rement assembl\u00e9s (avec un cadre en aluminium thermolaqu\u00e9).","og_url":"https:\/\/www.amstelprinting.nl\/fr\/boutique\/interieur-2\/bureau\/ecran-de-bureau-acousticpro\/","og_site_name":"Amstel Printing","article_modified_time":"2026-02-18T11:50:37+00:00","og_image":[{"width":700,"height":700,"url":"https:\/\/www.amstelprinting.nl\/wp-content\/uploads\/AcousticPro\u00ae-bureauscherm.jpg","type":"image\/jpeg"}],"twitter_card":"summary_large_image","twitter_misc":{"Dur\u00e9e de lecture estim\u00e9e":"2 minutes"},"schema":{"@context":"https:\/\/schema.org","@graph":[{"@type":"WebPage","@id":"https:\/\/www.amstelprinting.nl\/fr\/boutique\/interieur-2\/bureau\/ecran-de-bureau-acousticpro\/","url":"https:\/\/www.amstelprinting.nl\/fr\/boutique\/interieur-2\/bureau\/ecran-de-bureau-acousticpro\/","name":"\u00c9cran de bureau AcousticPro\u00ae | Amstel Printing","isPartOf":{"@id":"https:\/\/www.amstelprinting.nl\/fr\/#website"},"primaryImageOfPage":{"@id":"https:\/\/www.amstelprinting.nl\/fr\/boutique\/interieur-2\/bureau\/ecran-de-bureau-acousticpro\/#primaryimage"},"image":{"@id":"https:\/\/www.amstelprinting.nl\/fr\/boutique\/interieur-2\/bureau\/ecran-de-bureau-acousticpro\/#primaryimage"},"thumbnailUrl":"https:\/\/www.amstelprinting.nl\/wp-content\/uploads\/AcousticPro\u00ae-bureauscherm.jpg","datePublished":"2025-01-24T13:03:33+00:00","dateModified":"2026-02-18T11:50:37+00:00","breadcrumb":{"@id":"https:\/\/www.amstelprinting.nl\/fr\/boutique\/interieur-2\/bureau\/ecran-de-bureau-acousticpro\/#breadcrumb"},"inLanguage":"fr-FR","potentialAction":[{"@type":"ReadAction","target":["https:\/\/www.amstelprinting.nl\/fr\/boutique\/interieur-2\/bureau\/ecran-de-bureau-acousticpro\/"]}]},{"@type":"ImageObject","inLanguage":"fr-FR","@id":"https:\/\/www.amstelprinting.nl\/fr\/boutique\/interieur-2\/bureau\/ecran-de-bureau-acousticpro\/#primaryimage","url":"https:\/\/www.amstelprinting.nl\/wp-content\/uploads\/AcousticPro\u00ae-bureauscherm.jpg","contentUrl":"https:\/\/www.amstelprinting.nl\/wp-content\/uploads\/AcousticPro\u00ae-bureauscherm.jpg","width":700,"height":700},{"@type":"BreadcrumbList","@id":"https:\/\/www.amstelprinting.nl\/fr\/boutique\/interieur-2\/bureau\/ecran-de-bureau-acousticpro\/#breadcrumb","itemListElement":[{"@type":"ListItem","position":1,"name":"","item":"https:\/\/www.amstelprinting.nl\/fr\/"},{"@type":"ListItem","position":2,"name":"Amstel Printing","item":"https:\/\/www.amstelprinting.nl\/fr\/boutique\/"},{"@type":"ListItem","position":3,"name":"Int\u00e9rieur","item":"https:\/\/www.amstelprinting.nl\/fr\/categorie\/interieur-2\/"},{"@type":"ListItem","position":4,"name":"Bureau","item":"https:\/\/www.amstelprinting.nl\/fr\/categorie\/interieur-2\/bureau\/"},{"@type":"ListItem","position":5,"name":"\u00c9cran de bureau AcousticPro\u00ae"}]},{"@type":"WebSite","@id":"https:\/\/www.amstelprinting.nl\/fr\/#website","url":"https:\/\/www.amstelprinting.nl\/fr\/","name":"Amstel Printing","description":"Creating Exposure","publisher":{"@id":"https:\/\/www.amstelprinting.nl\/fr\/#organization"},"potentialAction":[{"@type":"SearchAction","target":{"@type":"EntryPoint","urlTemplate":"https:\/\/www.amstelprinting.nl\/fr\/?s={search_term_string}"},"query-input":{"@type":"PropertyValueSpecification","valueRequired":true,"valueName":"search_term_string"}}],"inLanguage":"fr-FR"},{"@type":"Organization","@id":"https:\/\/www.amstelprinting.nl\/fr\/#organization","name":"Amstel Printing","url":"https:\/\/www.amstelprinting.nl\/fr\/","logo":{"@type":"ImageObject","inLanguage":"fr-FR","@id":"https:\/\/www.amstelprinting.nl\/fr\/#\/schema\/logo\/image\/","url":"https:\/\/www.amstelprinting.nl\/wp-content\/uploads\/amstel_printing_logo_clean.png","contentUrl":"https:\/\/www.amstelprinting.nl\/wp-content\/uploads\/amstel_printing_logo_clean.png","width":324,"height":73,"caption":"Amstel Printing"},"image":{"@id":"https:\/\/www.amstelprinting.nl\/fr\/#\/schema\/logo\/image\/"}}]}},"_links":{"self":[{"href":"https:\/\/www.amstelprinting.nl\/fr\/wp-json\/wp\/v2\/product\/13588","targetHints":{"allow":["GET"]}}],"collection":[{"href":"https:\/\/www.amstelprinting.nl\/fr\/wp-json\/wp\/v2\/product"}],"about":[{"href":"https:\/\/www.amstelprinting.nl\/fr\/wp-json\/wp\/v2\/types\/product"}],"wp:featuredmedia":[{"embeddable":true,"href":"https:\/\/www.amstelprinting.nl\/fr\/wp-json\/wp\/v2\/media\/13590"}],"wp:attachment":[{"href":"https:\/\/www.amstelprinting.nl\/fr\/wp-json\/wp\/v2\/media?parent=13588"}],"wp:term":[{"taxonomy":"product_brand","embeddable":true,"href":"https:\/\/www.amstelprinting.nl\/fr\/wp-json\/wp\/v2\/product_brand?post=13588"},{"taxonomy":"product_cat","embeddable":true,"href":"https:\/\/www.amstelprinting.nl\/fr\/wp-json\/wp\/v2\/product_cat?post=13588"},{"taxonomy":"product_tag","embeddable":true,"href":"https:\/\/www.amstelprinting.nl\/fr\/wp-json\/wp\/v2\/product_tag?post=13588"}],"curies":[{"name":"wp","href":"https:\/\/api.w.org\/{rel}","templated":true}]}}