{"id":13603,"date":"2025-01-24T14:02:31","date_gmt":"2025-01-24T13:02:31","guid":{"rendered":"https:\/\/www.amstelprinting.nl\/winkel\/non%20class\u00e9\/acousticpro-roomdivider\/"},"modified":"2026-02-18T12:50:38","modified_gmt":"2026-02-18T11:50:38","slug":"cloison-de-separation-acousticpro","status":"publish","type":"product","link":"https:\/\/www.amstelprinting.nl\/fr\/boutique\/interieur-2\/bureau\/cloison-de-separation-acousticpro\/","title":{"rendered":"Cloison de s\u00e9paration AcousticPro\u00ae"},"content":{"rendered":"<h3>Avantages<\/h3>\n<ul>\n<li>Cloisons de s\u00e9paration personnalis\u00e9es des deux c\u00f4t\u00e9s<\/li>\n<li>Disponibles en version sur pieds ou mobile<\/li>\n<li>D\u00e9terminez vous-m\u00eame le format<\/li>\n<li>Pour l&rsquo;isolation et l&rsquo;absorption acoustique<\/li>\n<li>Cadre enti\u00e8rement assembl\u00e9<\/li>\n<\/ul>\n<p>&nbsp;<\/p>\n<h3>Cloison de s\u00e9paration AcousticPro\u00ae<\/h3>\n<p>Les cloisons de s\u00e9paration AcousticPro\u00ae sont la solution id\u00e9ale pour cr\u00e9er un espace de travail ou de r\u00e9union calme et priv\u00e9. Un int\u00e9rieur \u00ab dur \u00bb peut provoquer une r\u00e9verb\u00e9ration ind\u00e9sirable, ce qui peut entra\u00eener de l&rsquo;irritation et de la fatigue. Avec les cloisons AcousticPro\u00ae, vous r\u00e9duisez les nuisances sonores et assurez plus d&rsquo;intimit\u00e9. De plus, vous pouvez personnaliser enti\u00e8rement ces cloisons des deux c\u00f4t\u00e9s, ce qui en fait non seulement un \u00e9l\u00e9ment fonctionnel, mais aussi un ajout \u00e9l\u00e9gant \u00e0 votre int\u00e9rieur.<\/p>\n<h3>Pour un int\u00e9rieur personnalis\u00e9 et fonctionnel<\/h3>\n<p>Une bonne acoustique contribue \u00e0 un environnement de travail agr\u00e9able et augmente la productivit\u00e9. Que vous souhaitiez diviser un espace dans un bureau ou isoler un poste de travail pour plus d&rsquo;intimit\u00e9, les cloisons de s\u00e9paration AcousticPro\u00ae offrent la solution parfaite. Dans les espaces publics tels que les restaurants, les mus\u00e9es ou les th\u00e9\u00e2tres, ces cloisons assurent \u00e9galement une meilleure acoustique, ce qui augmente le confort des visiteurs. Les bruits restent dans l&rsquo;espace prot\u00e9g\u00e9 et sont efficacement att\u00e9nu\u00e9s.<\/p>\n<h3>Sur pieds ou mobile, dans toutes les dimensions souhait\u00e9es<\/h3>\n<p>Choisissez des cloisons sur pieds ou mobiles, avec un format maximum de 125 x 230 cm. Les panneaux sur pieds sont connectables, vous permettant ainsi de diviser un espace plus vaste. Nous veillons \u00e0 ce que les cloisons s&rsquo;ajustent parfaitement les unes aux autres. Les pi\u00e8ces de raccordement (droites, en angle ou en forme de T) peuvent \u00eatre command\u00e9es s\u00e9par\u00e9ment en toute simplicit\u00e9.<\/p>\n<h3>Haute absorption acoustique<\/h3>\n<p>Nos cloisons de s\u00e9paration sont fabriqu\u00e9es \u00e0 partir d&rsquo;un mat\u00e9riau acoustique compos\u00e9 \u00e0 90 % de fibres de coton recycl\u00e9es provenant de jeans. Ces fibres longues absorbent les ondes sonores, ce qui r\u00e9duit consid\u00e9rablement la r\u00e9verb\u00e9ration. Gr\u00e2ce aux mat\u00e9riaux et \u00e0 la structure des cloisons, elles pr\u00e9sentent une valeur \u03b1 de 0,7 dans la plage de fr\u00e9quences de la parole (500-1000 Hz), ce qui garantit une excellente absorption acoustique.<\/p>\n","protected":false},"excerpt":{"rendered":"<h3>Cloison de s\u00e9paration &#8211; Intimit\u00e9 pour l&rsquo;espace de travail ou de vie.<\/h3>\n<p>Les cloisons de s\u00e9paration AcousticPro\u00ae offrent une solution innovante pour am\u00e9liorer l&rsquo;acoustique et cr\u00e9er de l&rsquo;intimit\u00e9 dans votre espace de travail ou de vie. Fabriqu\u00e9es \u00e0 partir de coton recycl\u00e9, ces cloisons offrent \u00e0 la fois une isolation acoustique et une finition \u00e9l\u00e9gante et personnalis\u00e9e des deux c\u00f4t\u00e9s. Disponibles en version sur pieds ou mobile et dans diverses dimensions. Parfaites aussi bien pour les bureaux que pour les espaces publics. Gr\u00e2ce \u00e0 leur haute absorption acoustique et \u00e0 la possibilit\u00e9 d&rsquo;am\u00e9nager les espaces sur mesure, ce produit contribue \u00e0 un environnement calme, productif et agr\u00e9able.<\/p>\n","protected":false},"featured_media":13605,"template":"","meta":{"_et_pb_use_builder":"","_et_pb_old_content":"","_et_gb_content_width":""},"product_brand":[],"product_cat":[629,542],"product_tag":[],"class_list":{"0":"post-13603","1":"product","2":"type-product","3":"status-publish","4":"has-post-thumbnail","6":"product_cat-bureau","7":"product_cat-interieur-2","9":"first","10":"instock","11":"taxable","12":"shipping-taxable","13":"purchasable","14":"product-type-simple"},"yoast_head":"<!-- This site is optimized with the Yoast SEO plugin v27.3 - https:\/\/yoast.com\/product\/yoast-seo-wordpress\/ -->\n<title>Cloison de s\u00e9paration AcousticPro\u00ae | Amstel Printing<\/title>\n<meta name=\"robots\" content=\"index, follow, max-snippet:-1, max-image-preview:large, max-video-preview:-1\" \/>\n<link rel=\"canonical\" href=\"https:\/\/www.amstelprinting.nl\/fr\/boutique\/interieur-2\/bureau\/cloison-de-separation-acousticpro\/\" \/>\n<meta property=\"og:locale\" content=\"fr_FR\" \/>\n<meta property=\"og:type\" content=\"article\" \/>\n<meta property=\"og:title\" content=\"Cloison de s\u00e9paration AcousticPro\u00ae | Amstel Printing\" \/>\n<meta property=\"og:description\" content=\"Cloison de s\u00e9paration - Intimit\u00e9 pour l&#039;espace de travail ou de vie. Les cloisons de s\u00e9paration AcousticPro\u00ae offrent une solution innovante pour am\u00e9liorer l&#039;acoustique et cr\u00e9er de l&#039;intimit\u00e9 dans votre espace de travail ou de vie. Fabriqu\u00e9es \u00e0 partir de coton recycl\u00e9, ces cloisons offrent \u00e0 la fois une isolation acoustique et une finition \u00e9l\u00e9gante et personnalis\u00e9e des deux c\u00f4t\u00e9s. Disponibles en version sur pieds ou mobile et dans diverses dimensions. Parfaites aussi bien pour les bureaux que pour les espaces publics. Gr\u00e2ce \u00e0 leur haute absorption acoustique et \u00e0 la possibilit\u00e9 d&#039;am\u00e9nager les espaces sur mesure, ce produit contribue \u00e0 un environnement calme, productif et agr\u00e9able.\" \/>\n<meta property=\"og:url\" content=\"https:\/\/www.amstelprinting.nl\/fr\/boutique\/interieur-2\/bureau\/cloison-de-separation-acousticpro\/\" \/>\n<meta property=\"og:site_name\" content=\"Amstel Printing\" \/>\n<meta property=\"article:modified_time\" content=\"2026-02-18T11:50:38+00:00\" \/>\n<meta property=\"og:image\" content=\"https:\/\/www.amstelprinting.nl\/wp-content\/uploads\/AcousticPro\u00ae-roomdivider8.jpg\" \/>\n\t<meta property=\"og:image:width\" content=\"700\" \/>\n\t<meta property=\"og:image:height\" content=\"700\" \/>\n\t<meta property=\"og:image:type\" content=\"image\/jpeg\" \/>\n<meta name=\"twitter:card\" content=\"summary_large_image\" \/>\n<meta name=\"twitter:label1\" content=\"Dur\u00e9e de lecture estim\u00e9e\" \/>\n\t<meta name=\"twitter:data1\" content=\"2 minutes\" \/>\n<script type=\"application\/ld+json\" class=\"yoast-schema-graph\">{\"@context\":\"https:\\\/\\\/schema.org\",\"@graph\":[{\"@type\":\"WebPage\",\"@id\":\"https:\\\/\\\/www.amstelprinting.nl\\\/fr\\\/boutique\\\/interieur-2\\\/bureau\\\/cloison-de-separation-acousticpro\\\/\",\"url\":\"https:\\\/\\\/www.amstelprinting.nl\\\/fr\\\/boutique\\\/interieur-2\\\/bureau\\\/cloison-de-separation-acousticpro\\\/\",\"name\":\"Cloison de s\u00e9paration AcousticPro\u00ae | Amstel Printing\",\"isPartOf\":{\"@id\":\"https:\\\/\\\/www.amstelprinting.nl\\\/fr\\\/#website\"},\"primaryImageOfPage\":{\"@id\":\"https:\\\/\\\/www.amstelprinting.nl\\\/fr\\\/boutique\\\/interieur-2\\\/bureau\\\/cloison-de-separation-acousticpro\\\/#primaryimage\"},\"image\":{\"@id\":\"https:\\\/\\\/www.amstelprinting.nl\\\/fr\\\/boutique\\\/interieur-2\\\/bureau\\\/cloison-de-separation-acousticpro\\\/#primaryimage\"},\"thumbnailUrl\":\"https:\\\/\\\/www.amstelprinting.nl\\\/wp-content\\\/uploads\\\/AcousticPro\u00ae-roomdivider8.jpg\",\"datePublished\":\"2025-01-24T13:02:31+00:00\",\"dateModified\":\"2026-02-18T11:50:38+00:00\",\"breadcrumb\":{\"@id\":\"https:\\\/\\\/www.amstelprinting.nl\\\/fr\\\/boutique\\\/interieur-2\\\/bureau\\\/cloison-de-separation-acousticpro\\\/#breadcrumb\"},\"inLanguage\":\"fr-FR\",\"potentialAction\":[{\"@type\":\"ReadAction\",\"target\":[\"https:\\\/\\\/www.amstelprinting.nl\\\/fr\\\/boutique\\\/interieur-2\\\/bureau\\\/cloison-de-separation-acousticpro\\\/\"]}]},{\"@type\":\"ImageObject\",\"inLanguage\":\"fr-FR\",\"@id\":\"https:\\\/\\\/www.amstelprinting.nl\\\/fr\\\/boutique\\\/interieur-2\\\/bureau\\\/cloison-de-separation-acousticpro\\\/#primaryimage\",\"url\":\"https:\\\/\\\/www.amstelprinting.nl\\\/wp-content\\\/uploads\\\/AcousticPro\u00ae-roomdivider8.jpg\",\"contentUrl\":\"https:\\\/\\\/www.amstelprinting.nl\\\/wp-content\\\/uploads\\\/AcousticPro\u00ae-roomdivider8.jpg\",\"width\":700,\"height\":700},{\"@type\":\"BreadcrumbList\",\"@id\":\"https:\\\/\\\/www.amstelprinting.nl\\\/fr\\\/boutique\\\/interieur-2\\\/bureau\\\/cloison-de-separation-acousticpro\\\/#breadcrumb\",\"itemListElement\":[{\"@type\":\"ListItem\",\"position\":1,\"name\":\"\",\"item\":\"https:\\\/\\\/www.amstelprinting.nl\\\/fr\\\/\"},{\"@type\":\"ListItem\",\"position\":2,\"name\":\"Amstel Printing\",\"item\":\"https:\\\/\\\/www.amstelprinting.nl\\\/fr\\\/boutique\\\/\"},{\"@type\":\"ListItem\",\"position\":3,\"name\":\"Int\u00e9rieur\",\"item\":\"https:\\\/\\\/www.amstelprinting.nl\\\/fr\\\/categorie\\\/interieur-2\\\/\"},{\"@type\":\"ListItem\",\"position\":4,\"name\":\"Bureau\",\"item\":\"https:\\\/\\\/www.amstelprinting.nl\\\/fr\\\/categorie\\\/interieur-2\\\/bureau\\\/\"},{\"@type\":\"ListItem\",\"position\":5,\"name\":\"Cloison de s\u00e9paration AcousticPro\u00ae\"}]},{\"@type\":\"WebSite\",\"@id\":\"https:\\\/\\\/www.amstelprinting.nl\\\/fr\\\/#website\",\"url\":\"https:\\\/\\\/www.amstelprinting.nl\\\/fr\\\/\",\"name\":\"Amstel Printing\",\"description\":\"Creating Exposure\",\"publisher\":{\"@id\":\"https:\\\/\\\/www.amstelprinting.nl\\\/fr\\\/#organization\"},\"potentialAction\":[{\"@type\":\"SearchAction\",\"target\":{\"@type\":\"EntryPoint\",\"urlTemplate\":\"https:\\\/\\\/www.amstelprinting.nl\\\/fr\\\/?s={search_term_string}\"},\"query-input\":{\"@type\":\"PropertyValueSpecification\",\"valueRequired\":true,\"valueName\":\"search_term_string\"}}],\"inLanguage\":\"fr-FR\"},{\"@type\":\"Organization\",\"@id\":\"https:\\\/\\\/www.amstelprinting.nl\\\/fr\\\/#organization\",\"name\":\"Amstel Printing\",\"url\":\"https:\\\/\\\/www.amstelprinting.nl\\\/fr\\\/\",\"logo\":{\"@type\":\"ImageObject\",\"inLanguage\":\"fr-FR\",\"@id\":\"https:\\\/\\\/www.amstelprinting.nl\\\/fr\\\/#\\\/schema\\\/logo\\\/image\\\/\",\"url\":\"https:\\\/\\\/www.amstelprinting.nl\\\/wp-content\\\/uploads\\\/amstel_printing_logo_clean.png\",\"contentUrl\":\"https:\\\/\\\/www.amstelprinting.nl\\\/wp-content\\\/uploads\\\/amstel_printing_logo_clean.png\",\"width\":324,\"height\":73,\"caption\":\"Amstel Printing\"},\"image\":{\"@id\":\"https:\\\/\\\/www.amstelprinting.nl\\\/fr\\\/#\\\/schema\\\/logo\\\/image\\\/\"}}]}<\/script>\n<!-- \/ Yoast SEO plugin. -->","yoast_head_json":{"title":"Cloison de s\u00e9paration AcousticPro\u00ae | Amstel Printing","robots":{"index":"index","follow":"follow","max-snippet":"max-snippet:-1","max-image-preview":"max-image-preview:large","max-video-preview":"max-video-preview:-1"},"canonical":"https:\/\/www.amstelprinting.nl\/fr\/boutique\/interieur-2\/bureau\/cloison-de-separation-acousticpro\/","og_locale":"fr_FR","og_type":"article","og_title":"Cloison de s\u00e9paration AcousticPro\u00ae | Amstel Printing","og_description":"Cloison de s\u00e9paration - Intimit\u00e9 pour l'espace de travail ou de vie. Les cloisons de s\u00e9paration AcousticPro\u00ae offrent une solution innovante pour am\u00e9liorer l'acoustique et cr\u00e9er de l'intimit\u00e9 dans votre espace de travail ou de vie. Fabriqu\u00e9es \u00e0 partir de coton recycl\u00e9, ces cloisons offrent \u00e0 la fois une isolation acoustique et une finition \u00e9l\u00e9gante et personnalis\u00e9e des deux c\u00f4t\u00e9s. Disponibles en version sur pieds ou mobile et dans diverses dimensions. Parfaites aussi bien pour les bureaux que pour les espaces publics. Gr\u00e2ce \u00e0 leur haute absorption acoustique et \u00e0 la possibilit\u00e9 d'am\u00e9nager les espaces sur mesure, ce produit contribue \u00e0 un environnement calme, productif et agr\u00e9able.","og_url":"https:\/\/www.amstelprinting.nl\/fr\/boutique\/interieur-2\/bureau\/cloison-de-separation-acousticpro\/","og_site_name":"Amstel Printing","article_modified_time":"2026-02-18T11:50:38+00:00","og_image":[{"width":700,"height":700,"url":"https:\/\/www.amstelprinting.nl\/wp-content\/uploads\/AcousticPro\u00ae-roomdivider8.jpg","type":"image\/jpeg"}],"twitter_card":"summary_large_image","twitter_misc":{"Dur\u00e9e de lecture estim\u00e9e":"2 minutes"},"schema":{"@context":"https:\/\/schema.org","@graph":[{"@type":"WebPage","@id":"https:\/\/www.amstelprinting.nl\/fr\/boutique\/interieur-2\/bureau\/cloison-de-separation-acousticpro\/","url":"https:\/\/www.amstelprinting.nl\/fr\/boutique\/interieur-2\/bureau\/cloison-de-separation-acousticpro\/","name":"Cloison de s\u00e9paration AcousticPro\u00ae | Amstel Printing","isPartOf":{"@id":"https:\/\/www.amstelprinting.nl\/fr\/#website"},"primaryImageOfPage":{"@id":"https:\/\/www.amstelprinting.nl\/fr\/boutique\/interieur-2\/bureau\/cloison-de-separation-acousticpro\/#primaryimage"},"image":{"@id":"https:\/\/www.amstelprinting.nl\/fr\/boutique\/interieur-2\/bureau\/cloison-de-separation-acousticpro\/#primaryimage"},"thumbnailUrl":"https:\/\/www.amstelprinting.nl\/wp-content\/uploads\/AcousticPro\u00ae-roomdivider8.jpg","datePublished":"2025-01-24T13:02:31+00:00","dateModified":"2026-02-18T11:50:38+00:00","breadcrumb":{"@id":"https:\/\/www.amstelprinting.nl\/fr\/boutique\/interieur-2\/bureau\/cloison-de-separation-acousticpro\/#breadcrumb"},"inLanguage":"fr-FR","potentialAction":[{"@type":"ReadAction","target":["https:\/\/www.amstelprinting.nl\/fr\/boutique\/interieur-2\/bureau\/cloison-de-separation-acousticpro\/"]}]},{"@type":"ImageObject","inLanguage":"fr-FR","@id":"https:\/\/www.amstelprinting.nl\/fr\/boutique\/interieur-2\/bureau\/cloison-de-separation-acousticpro\/#primaryimage","url":"https:\/\/www.amstelprinting.nl\/wp-content\/uploads\/AcousticPro\u00ae-roomdivider8.jpg","contentUrl":"https:\/\/www.amstelprinting.nl\/wp-content\/uploads\/AcousticPro\u00ae-roomdivider8.jpg","width":700,"height":700},{"@type":"BreadcrumbList","@id":"https:\/\/www.amstelprinting.nl\/fr\/boutique\/interieur-2\/bureau\/cloison-de-separation-acousticpro\/#breadcrumb","itemListElement":[{"@type":"ListItem","position":1,"name":"","item":"https:\/\/www.amstelprinting.nl\/fr\/"},{"@type":"ListItem","position":2,"name":"Amstel Printing","item":"https:\/\/www.amstelprinting.nl\/fr\/boutique\/"},{"@type":"ListItem","position":3,"name":"Int\u00e9rieur","item":"https:\/\/www.amstelprinting.nl\/fr\/categorie\/interieur-2\/"},{"@type":"ListItem","position":4,"name":"Bureau","item":"https:\/\/www.amstelprinting.nl\/fr\/categorie\/interieur-2\/bureau\/"},{"@type":"ListItem","position":5,"name":"Cloison de s\u00e9paration AcousticPro\u00ae"}]},{"@type":"WebSite","@id":"https:\/\/www.amstelprinting.nl\/fr\/#website","url":"https:\/\/www.amstelprinting.nl\/fr\/","name":"Amstel Printing","description":"Creating Exposure","publisher":{"@id":"https:\/\/www.amstelprinting.nl\/fr\/#organization"},"potentialAction":[{"@type":"SearchAction","target":{"@type":"EntryPoint","urlTemplate":"https:\/\/www.amstelprinting.nl\/fr\/?s={search_term_string}"},"query-input":{"@type":"PropertyValueSpecification","valueRequired":true,"valueName":"search_term_string"}}],"inLanguage":"fr-FR"},{"@type":"Organization","@id":"https:\/\/www.amstelprinting.nl\/fr\/#organization","name":"Amstel Printing","url":"https:\/\/www.amstelprinting.nl\/fr\/","logo":{"@type":"ImageObject","inLanguage":"fr-FR","@id":"https:\/\/www.amstelprinting.nl\/fr\/#\/schema\/logo\/image\/","url":"https:\/\/www.amstelprinting.nl\/wp-content\/uploads\/amstel_printing_logo_clean.png","contentUrl":"https:\/\/www.amstelprinting.nl\/wp-content\/uploads\/amstel_printing_logo_clean.png","width":324,"height":73,"caption":"Amstel Printing"},"image":{"@id":"https:\/\/www.amstelprinting.nl\/fr\/#\/schema\/logo\/image\/"}}]}},"_links":{"self":[{"href":"https:\/\/www.amstelprinting.nl\/fr\/wp-json\/wp\/v2\/product\/13603","targetHints":{"allow":["GET"]}}],"collection":[{"href":"https:\/\/www.amstelprinting.nl\/fr\/wp-json\/wp\/v2\/product"}],"about":[{"href":"https:\/\/www.amstelprinting.nl\/fr\/wp-json\/wp\/v2\/types\/product"}],"wp:featuredmedia":[{"embeddable":true,"href":"https:\/\/www.amstelprinting.nl\/fr\/wp-json\/wp\/v2\/media\/13605"}],"wp:attachment":[{"href":"https:\/\/www.amstelprinting.nl\/fr\/wp-json\/wp\/v2\/media?parent=13603"}],"wp:term":[{"taxonomy":"product_brand","embeddable":true,"href":"https:\/\/www.amstelprinting.nl\/fr\/wp-json\/wp\/v2\/product_brand?post=13603"},{"taxonomy":"product_cat","embeddable":true,"href":"https:\/\/www.amstelprinting.nl\/fr\/wp-json\/wp\/v2\/product_cat?post=13603"},{"taxonomy":"product_tag","embeddable":true,"href":"https:\/\/www.amstelprinting.nl\/fr\/wp-json\/wp\/v2\/product_tag?post=13603"}],"curies":[{"name":"wp","href":"https:\/\/api.w.org\/{rel}","templated":true}]}}